{"id":9908,"date":"2023-04-23T11:11:25","date_gmt":"2023-04-23T17:11:25","guid":{"rendered":"http:\/\/10.103.20.84\/?page_id=9908"},"modified":"2023-08-03T11:28:58","modified_gmt":"2023-08-03T17:28:58","slug":"inicio","status":"publish","type":"page","link":"https:\/\/web.oirsa.org\/en\/inicio","title":{"rendered":"Inicio"},"content":{"rendered":"<div class=\"wpb-content-wrapper\"><section class=\"wpb_row vc_row-fluid\"><div class=\"container\"><div class=\"row\"><div class=\"wpb_column vc_column_container vc_col-sm-12\"><div class=\"vc_column-inner \"  ><div class=\"wpb_wrapper\">\n\t\t\t\t<p class=\"rs-p-wp-fix\"><\/p>\n\t\t\t\t<sr7-module data-alias=\"home-1\" data-id=\"1\" id=\"SR7_1_1\" class=\"rs-ov-hidden\" data-version=\"6.7.52\">\n\t\t\t\t\t<sr7-adjuster><\/sr7-adjuster>\n\t\t\t\t\t<sr7-content>\n\t\t\t\t\t\t<sr7-slide id=\"SR7_1_1-28\" data-key=\"28\">\n\t\t\t\t\t\t\t<sr7-bg id=\"SR7_1_1-28-21\" class=\"sr7-layer\"><noscript><img data-recalc-dims=\"1\" decoding=\"async\" src=\"https:\/\/i0.wp.com\/web.oirsa.org\/wp-content\/uploads\/2025\/07\/sitio-GBG-copia.jpg?w=525&#038;ssl=1\" alt=\"\" title=\"sitio GBG copia\"><\/noscript><\/sr7-bg>\n\t\t\t\t\t\t\t<a id=\"SR7_1_1-28-2\" class=\"sr7-layer\" href=\"https:\/\/web.oirsa.org\/gbg\" target=\"_self\">M\u00e1s informaci\u00f3n<\/a>\n\t\t\t\t\t\t\t<sr7-txt id=\"SR7_1_1-28-20\" class=\"sr7-layer\">El gusano barrenador es una infestaci\u00f3n causada por las larvas de la mosca <strong><i>Cochliomyia hominivorax<\/i><\/strong>, que se alimentan del tejido vivo de animales de sangre caliente.<br \/>\n<br \/>\nEsta enfermedad representa una grave amenaza para la salud del ganado, animales salvajes y dom\u00e9sticos y en algunos casos, tambi\u00e9n puede afectar a los humanos.<\/sr7-txt>\n\t\t\t\t\t\t<\/sr7-slide>\n\t\t\t\t\t\t<sr7-slide id=\"SR7_1_1-27\" data-key=\"27\">\n\t\t\t\t\t\t\t<sr7-bg id=\"SR7_1_1-27-19\" class=\"sr7-layer\"><noscript><img data-recalc-dims=\"1\" decoding=\"async\" src=\"https:\/\/i0.wp.com\/web.oirsa.org\/wp-content\/uploads\/2025\/05\/DISV-web2-copia.jpg?w=525&#038;ssl=1\" alt=\"\" title=\"DISV\"><\/noscript><\/sr7-bg>\n\t\t\t\t\t\t\t<a id=\"SR7_1_1-27-8\" class=\"sr7-layer\" href=\"https:\/\/web.oirsa.org\/dia-internacional-de-la-sanidad-vegetal\" target=\"_self\">Clic aqu\u00ed <i class=\"fa-chevron-right\"><\/i><\/a>\n\t\t\t\t\t\t\t<a id=\"SR7_1_1-27-9\" class=\"sr7-layer\" href=\"https:\/\/bit.ly\/DiaSV2025\" target=\"_self\"> Clic aqu\u00ed <i class=\"fa-chevron-right\"><\/i><\/a>\n\t\t\t\t\t\t\t<sr7-txt id=\"SR7_1_1-27-11\" class=\"sr7-layer\">D\u00eda Internacional de la Sanidad Vegetal<br \/>\n<\/sr7-txt>\n\t\t\t\t\t\t\t<sr7-txt id=\"SR7_1_1-27-17\" class=\"sr7-layer\">Inscripci\u00f3n para Seminario Web<br \/>\n \"D\u00eda Internacional de la Sanidad Vegetal\"<br \/>\n<\/sr7-txt>\n\t\t\t\t\t\t<\/sr7-slide>\n\t\t\t\t\t\t<sr7-slide id=\"SR7_1_1-16\" data-key=\"16\">\n\t\t\t\t\t\t\t<sr7-bg id=\"SR7_1_1-16-2\" class=\"sr7-layer\"><noscript><img data-recalc-dims=\"1\" decoding=\"async\" src=\"https:\/\/i0.wp.com\/web.oirsa.org\/wp-content\/uploads\/2024\/11\/SA_111924.jpg?w=525&#038;ssl=1\" alt=\"\" title=\"SA_111924\"><\/noscript><\/sr7-bg>\n\t\t\t\t\t\t\t<a id=\"SR7_1_1-16-0\" class=\"sr7-layer\" href=\"https:\/\/youtu.be\/0qvO0qObbMo?si=ej_8tcCG1uZovq1C\" target=\"_blank\" rel=\"noopener\">Ver video \"OIRSA hacia el futuro\"<\/a>\n\t\t\t\t\t\t\t<sr7-txt id=\"SR7_1_1-16-1\" class=\"sr7-layer\"><\/sr7-txt>\n\t\t\t\t\t\t<\/sr7-slide>\n\t\t\t\t\t\t<sr7-slide id=\"SR7_1_1-1\" data-key=\"1\">\n\t\t\t\t\t\t\t<sr7-bg id=\"SR7_1_1-1-6\" class=\"sr7-layer\"><noscript><img data-recalc-dims=\"1\" decoding=\"async\" src=\"https:\/\/i0.wp.com\/web.oirsa.org\/wp-content\/uploads\/2023\/08\/Carrusel1.jpg?w=525\" alt=\"\" title=\"Carrusel1\"><\/noscript><\/sr7-bg>\n\t\t\t\t\t\t\t<sr7-txt id=\"SR7_1_1-1-1\" class=\"sr7-layer\"><\/sr7-txt>\n\t\t\t\t\t\t\t<sr7-txt id=\"SR7_1_1-1-3\" class=\"sr7-layer\">a sus pa\u00edses<\/sr7-txt>\n\t\t\t\t\t\t\t<sr7-txt id=\"SR7_1_1-1-4\" class=\"sr7-layer\">en el desarrollo de sus planes de salud animal, sanidad vegetal, \nservicios cuarentenarios e inocuidad de los alimentos; para contribuir al desarrollo econ\u00f3mico y social de la poblaci\u00f3n, mediante una producci\u00f3n agropecuaria sana, en armon\u00eda con el ambiente y facilitando el comercio internacional. <\/sr7-txt>\n\t\t\t\t\t\t\t<sr7-txt id=\"SR7_1_1-1-5\" class=\"sr7-layer\">El OIRSA apoya<\/sr7-txt>\n\t\t\t\t\t\t<\/sr7-slide>\n\t\t\t\t\t\t<sr7-slide id=\"SR7_1_1-2\" data-key=\"2\">\n\t\t\t\t\t\t\t<sr7-bg id=\"SR7_1_1-2-11\" class=\"sr7-layer\"><noscript><img data-recalc-dims=\"1\" decoding=\"async\" src=\"https:\/\/i0.wp.com\/web.oirsa.org\/wp-content\/uploads\/2023\/08\/carrusel2.jpg?w=525\" alt=\"\" title=\"carrusel2\"><\/noscript><\/sr7-bg>\n\t\t\t\t\t\t\t<sr7-txt id=\"SR7_1_1-2-4\" class=\"sr7-layer\">despu\u00e9s de efectuar los estudios t\u00e9cnicos necesarios, cu\u00e1les enfermedades y plagas de car\u00e1cter fitozoosanitario significan un peligro real o potencial de importancia econ\u00f3mica regional.<\/sr7-txt>\n\t\t\t\t\t\t\t<sr7-txt id=\"SR7_1_1-2-6\" class=\"sr7-layer\">determina<\/sr7-txt>\n\t\t\t\t\t\t\t<sr7-txt id=\"SR7_1_1-2-10\" class=\"sr7-layer\">El Organismo<\/sr7-txt>\n\t\t\t\t\t\t<\/sr7-slide>\n\t\t\t\t\t\t<sr7-slide id=\"SR7_1_1-17\" data-key=\"17\">\n\t\t\t\t\t\t<\/sr7-slide>\n\t\t\t\t\t<\/sr7-content>\n\t\t\t\t\t<image_lists style=\"display:none\">\n\t\t\t\t\t\t<img data-src=\"\/\/web.oirsa.org\/wp-content\/uploads\/2023\/08\/Carrusel1.jpg\" data-libid=\"11032\" data-lib=\"medialibrary\" title=\"Carrusel1\" width=\"0\" height=\"0\" data-dbsrc=\"Ly93ZWIub2lyc2Eub3JnL3dwLWNvbnRlbnQvdXBsb2Fkcy8yMDIzLzA4L0NhcnJ1c2VsMS5qcGc=\"\/>\n\t\t\t\t\t\t<img data-src=\"\/\/web.oirsa.org\/wp-content\/uploads\/2023\/08\/carrusel2.jpg\" data-libid=\"11033\" data-lib=\"medialibrary\" title=\"carrusel2\" width=\"0\" height=\"0\" data-dbsrc=\"Ly93ZWIub2lyc2Eub3JnL3dwLWNvbnRlbnQvdXBsb2Fkcy8yMDIzLzA4L2NhcnJ1c2VsMi5qcGc=\"\/>\n\t\t\t\t\t\t<img data-src=\"\/\/web.oirsa.org\/wp-content\/uploads\/2024\/05\/DISV-web-logo.png\" data-libid=\"14850\" data-lib=\"medialibrary\" title=\"DISV web logo\" width=\"0\" height=\"0\" data-dbsrc=\"Ly93ZWIub2lyc2Eub3JnL3dwLWNvbnRlbnQvdXBsb2Fkcy8yMDI0LzA1L0RJU1Ytd2ViLWxvZ28ucG5n\"\/>\n\t\t\t\t\t\t<img data-src=\"\/\/web.oirsa.org\/wp-content\/uploads\/2024\/05\/DISV-web-copia-2-scaled.jpg\" data-libid=\"14852\" data-lib=\"medialibrary\" title=\"DISV-web-copia-2\" width=\"0\" height=\"0\" data-dbsrc=\"Ly93ZWIub2lyc2Eub3JnL3dwLWNvbnRlbnQvdXBsb2Fkcy8yMDI0LzA1L0RJU1Ytd2ViLWNvcGlhLTItc2NhbGVkLmpwZw==\"\/>\n\t\t\t\t\t\t<img data-src=\"\/\/web.oirsa.org\/wp-content\/uploads\/2024\/11\/SA_111924.jpg\" data-libid=\"16712\" data-lib=\"medialibrary\" title=\"SA_111924\" width=\"0\" height=\"0\" data-dbsrc=\"Ly93ZWIub2lyc2Eub3JnL3dwLWNvbnRlbnQvdXBsb2Fkcy8yMDI0LzExL1NBXzExMTkyNC5qcGc=\"\/>\n\t\t\t\t\t\t<img data-src=\"\/\/web.oirsa.org\/wp-content\/uploads\/2025\/05\/12-de-mayo-imgen-cel-copia.jpg\" data-libid=\"17386\" data-lib=\"medialibrary\" title=\"12 de mayo imgen cel copia\" width=\"0\" height=\"0\" data-dbsrc=\"Ly93ZWIub2lyc2Eub3JnL3dwLWNvbnRlbnQvdXBsb2Fkcy8yMDI1LzA1LzEyLWRlLW1heW8taW1nZW4tY2VsLWNvcGlhLmpwZw==\"\/>\n\t\t\t\t\t\t<img data-src=\"\/\/web.oirsa.org\/wp-content\/uploads\/2025\/05\/DISV-web2-copia.jpg\" data-libid=\"17384\" data-lib=\"medialibrary\" title=\"DISV\" width=\"0\" height=\"0\" data-dbsrc=\"Ly93ZWIub2lyc2Eub3JnL3dwLWNvbnRlbnQvdXBsb2Fkcy8yMDI1LzA1L0RJU1Ytd2ViMi1jb3BpYS5qcGc=\"\/>\n\t\t\t\t\t\t<img data-src=\"\/\/web.oirsa.org\/wp-content\/uploads\/2025\/06\/sitio-GBG-cel-copia-4.jpg\" data-libid=\"17742\" data-lib=\"medialibrary\" title=\"sitio GBG cel copia\" width=\"0\" height=\"0\" data-dbsrc=\"Ly93ZWIub2lyc2Eub3JnL3dwLWNvbnRlbnQvdXBsb2Fkcy8yMDI1LzA2L3NpdGlvLUdCRy1jZWwtY29waWEtNC5qcGc=\"\/>\n\t\t\t\t\t\t<img data-src=\"\/\/web.oirsa.org\/wp-content\/uploads\/2025\/06\/sitio-GBG-tablet-copia-4.jpg\" data-libid=\"17744\" data-lib=\"medialibrary\" title=\"sitio GBG tablet copia\" width=\"0\" height=\"0\" data-dbsrc=\"Ly93ZWIub2lyc2Eub3JnL3dwLWNvbnRlbnQvdXBsb2Fkcy8yMDI1LzA2L3NpdGlvLUdCRy10YWJsZXQtY29waWEtNC5qcGc=\"\/>\n\t\t\t\t\t\t<img data-src=\"\/\/web.oirsa.org\/wp-content\/uploads\/2025\/07\/sitio-GBG-copia.jpg\" data-libid=\"17769\" data-lib=\"medialibrary\" title=\"sitio GBG copia\" width=\"0\" height=\"0\" data-dbsrc=\"Ly93ZWIub2lyc2Eub3JnL3dwLWNvbnRlbnQvdXBsb2Fkcy8yMDI1LzA3L3NpdGlvLUdCRy1jb3BpYS5qcGc=\"\/>\n\t\t\t\t\t<\/image_lists>\n\t\t\t\t<\/sr7-module>\n\t\t\t\t<script>\n\t\t\t\t\twindow.SR7 ??={};SR7.PMH ??={}; SR7.PMH[\"SR7_1_1\"] = {cn:100,state:false,fn: function() { if (window._tpt!==undefined && window._tpt.prepareModuleHeight !== undefined) {  _tpt.prepareModuleHeight({id:\"SR7_1_1\",el:[700,700,768,1080,720],type:'standard',shdw:'0',gh:[700,700,768,1080,720],gw:[1250,1250,1024,810,480],vpt:['-200px&#039;,&#039;-200px&#039;,&#039;-200px&#039;,&#039;-200px&#039;,&#039;-200px'],size:{fullWidth:false, fullHeight:false},mh:'0',onh:0,onw:0,bg:{color:'{\"orig\":\"transparent\",\"type\":\"solid\",\"string\":\"transparent\"}'},plType:'-1',plColor:'#FFFFFF'});   SR7.PMH[\"SR7_1_1\"].state=true;} else if(SR7.PMH[\"SR7_1_1\"].cn-->0)\tsetTimeout( SR7.PMH[\"SR7_1_1\"].fn,19);}};SR7.PMH[\"SR7_1_1\" ].fn();\n\t\t\t\t<\/script>\n<\/div><\/div><\/div><\/div><\/div><\/section>\n<\/div>","protected":false},"excerpt":{"rendered":"M\u00e1s informaci\u00f3n El gusano barrenador es una infestaci\u00f3n causada por las larvas de la mosca Cochliomyia hominivorax, que se alimentan [...]","protected":false},"author":213237738,"featured_media":0,"parent":0,"menu_order":0,"comment_status":"closed","ping_status":"closed","template":"","meta":{"_coblocks_attr":"","_coblocks_dimensions":"","_coblocks_responsive_height":"","_coblocks_accordion_ie_support":"","_crdt_document":"","footnotes":""},"class_list":["post-9908","page","type-page","status-publish","hentry"],"yoast_head":"<!-- This site is optimized with the Yoast SEO plugin v27.3 - https:\/\/yoast.com\/product\/yoast-seo-wordpress\/ -->\n<title>Inicio - OIRSA<\/title>\n<meta name=\"robots\" content=\"index, follow, max-snippet:-1, max-image-preview:large, max-video-preview:-1\" \/>\n<link rel=\"canonical\" href=\"https:\/\/web.oirsa.org\/en\/inicio\/\" \/>\n<meta property=\"og:locale\" content=\"en_US\" \/>\n<meta property=\"og:type\" content=\"article\" \/>\n<meta property=\"og:title\" content=\"Inicio - OIRSA\" \/>\n<meta property=\"og:url\" content=\"https:\/\/web.oirsa.org\/en\/inicio\/\" \/>\n<meta property=\"og:site_name\" content=\"OIRSA\" \/>\n<meta property=\"article:publisher\" content=\"https:\/\/www.facebook.com\/OIRSAoficial\" \/>\n<meta property=\"article:modified_time\" content=\"2023-08-03T17:28:58+00:00\" \/>\n<meta property=\"og:image\" content=\"https:\/\/i0.wp.com\/web.oirsa.org\/wp-content\/uploads\/2024\/01\/logo-OIRSA23.png?fit=2791%2C782&ssl=1\" \/>\n\t<meta property=\"og:image:width\" content=\"2791\" \/>\n\t<meta property=\"og:image:height\" content=\"782\" \/>\n\t<meta property=\"og:image:type\" content=\"image\/png\" \/>\n<meta name=\"twitter:card\" content=\"summary_large_image\" \/>\n<meta name=\"twitter:site\" content=\"@OIRSAoficial\" \/>\n<script type=\"application\/ld+json\" class=\"yoast-schema-graph\">{\"@context\":\"https:\\\/\\\/schema.org\",\"@graph\":[{\"@type\":\"WebPage\",\"@id\":\"https:\\\/\\\/web.oirsa.org\\\/inicio\",\"url\":\"https:\\\/\\\/web.oirsa.org\\\/inicio\",\"name\":\"Inicio - OIRSA\",\"isPartOf\":{\"@id\":\"https:\\\/\\\/web.oirsa.org\\\/#website\"},\"datePublished\":\"2023-04-23T17:11:25+00:00\",\"dateModified\":\"2023-08-03T17:28:58+00:00\",\"breadcrumb\":{\"@id\":\"https:\\\/\\\/web.oirsa.org\\\/inicio#breadcrumb\"},\"inLanguage\":\"en-US\",\"potentialAction\":[{\"@type\":\"ReadAction\",\"target\":[\"https:\\\/\\\/web.oirsa.org\\\/inicio\"]}]},{\"@type\":\"BreadcrumbList\",\"@id\":\"https:\\\/\\\/web.oirsa.org\\\/inicio#breadcrumb\",\"itemListElement\":[{\"@type\":\"ListItem\",\"position\":1,\"name\":\"Portada\",\"item\":\"https:\\\/\\\/web.oirsa.org\\\/\"},{\"@type\":\"ListItem\",\"position\":2,\"name\":\"Inicio\"}]},{\"@type\":\"WebSite\",\"@id\":\"https:\\\/\\\/web.oirsa.org\\\/#website\",\"url\":\"https:\\\/\\\/web.oirsa.org\\\/\",\"name\":\"OIRSA\",\"description\":\"Organismo Internacional Regional de Sanidad Agropecuaria\",\"publisher\":{\"@id\":\"https:\\\/\\\/web.oirsa.org\\\/#organization\"},\"potentialAction\":[{\"@type\":\"SearchAction\",\"target\":{\"@type\":\"EntryPoint\",\"urlTemplate\":\"https:\\\/\\\/web.oirsa.org\\\/?s={search_term_string}\"},\"query-input\":{\"@type\":\"PropertyValueSpecification\",\"valueRequired\":true,\"valueName\":\"search_term_string\"}}],\"inLanguage\":\"en-US\"},{\"@type\":\"Organization\",\"@id\":\"https:\\\/\\\/web.oirsa.org\\\/#organization\",\"name\":\"OIRSA\",\"url\":\"https:\\\/\\\/web.oirsa.org\\\/\",\"logo\":{\"@type\":\"ImageObject\",\"inLanguage\":\"en-US\",\"@id\":\"https:\\\/\\\/web.oirsa.org\\\/#\\\/schema\\\/logo\\\/image\\\/\",\"url\":\"https:\\\/\\\/web.oirsa.org\\\/wp-content\\\/uploads\\\/2024\\\/01\\\/cropped-LOGO-OIRSA-2023.png\",\"contentUrl\":\"https:\\\/\\\/web.oirsa.org\\\/wp-content\\\/uploads\\\/2024\\\/01\\\/cropped-LOGO-OIRSA-2023.png\",\"width\":512,\"height\":512,\"caption\":\"OIRSA\"},\"image\":{\"@id\":\"https:\\\/\\\/web.oirsa.org\\\/#\\\/schema\\\/logo\\\/image\\\/\"},\"sameAs\":[\"https:\\\/\\\/www.facebook.com\\\/OIRSAoficial\",\"https:\\\/\\\/x.com\\\/OIRSAoficial\"]}]}<\/script>\n<!-- \/ Yoast SEO plugin. -->","yoast_head_json":{"title":"Inicio - OIRSA","robots":{"index":"index","follow":"follow","max-snippet":"max-snippet:-1","max-image-preview":"max-image-preview:large","max-video-preview":"max-video-preview:-1"},"canonical":"https:\/\/web.oirsa.org\/en\/inicio\/","og_locale":"en_US","og_type":"article","og_title":"Inicio - OIRSA","og_url":"https:\/\/web.oirsa.org\/en\/inicio\/","og_site_name":"OIRSA","article_publisher":"https:\/\/www.facebook.com\/OIRSAoficial","article_modified_time":"2023-08-03T17:28:58+00:00","og_image":[{"width":2791,"height":782,"url":"https:\/\/i0.wp.com\/web.oirsa.org\/wp-content\/uploads\/2024\/01\/logo-OIRSA23.png?fit=2791%2C782&ssl=1","type":"image\/png"}],"twitter_card":"summary_large_image","twitter_site":"@OIRSAoficial","schema":{"@context":"https:\/\/schema.org","@graph":[{"@type":"WebPage","@id":"https:\/\/web.oirsa.org\/inicio","url":"https:\/\/web.oirsa.org\/inicio","name":"Inicio - OIRSA","isPartOf":{"@id":"https:\/\/web.oirsa.org\/#website"},"datePublished":"2023-04-23T17:11:25+00:00","dateModified":"2023-08-03T17:28:58+00:00","breadcrumb":{"@id":"https:\/\/web.oirsa.org\/inicio#breadcrumb"},"inLanguage":"en-US","potentialAction":[{"@type":"ReadAction","target":["https:\/\/web.oirsa.org\/inicio"]}]},{"@type":"BreadcrumbList","@id":"https:\/\/web.oirsa.org\/inicio#breadcrumb","itemListElement":[{"@type":"ListItem","position":1,"name":"Portada","item":"https:\/\/web.oirsa.org\/"},{"@type":"ListItem","position":2,"name":"Inicio"}]},{"@type":"WebSite","@id":"https:\/\/web.oirsa.org\/#website","url":"https:\/\/web.oirsa.org\/","name":"OIRSA","description":"Organismo Internacional Regional de Sanidad Agropecuaria","publisher":{"@id":"https:\/\/web.oirsa.org\/#organization"},"potentialAction":[{"@type":"SearchAction","target":{"@type":"EntryPoint","urlTemplate":"https:\/\/web.oirsa.org\/?s={search_term_string}"},"query-input":{"@type":"PropertyValueSpecification","valueRequired":true,"valueName":"search_term_string"}}],"inLanguage":"en-US"},{"@type":"Organization","@id":"https:\/\/web.oirsa.org\/#organization","name":"OIRSA","url":"https:\/\/web.oirsa.org\/","logo":{"@type":"ImageObject","inLanguage":"en-US","@id":"https:\/\/web.oirsa.org\/#\/schema\/logo\/image\/","url":"https:\/\/web.oirsa.org\/wp-content\/uploads\/2024\/01\/cropped-LOGO-OIRSA-2023.png","contentUrl":"https:\/\/web.oirsa.org\/wp-content\/uploads\/2024\/01\/cropped-LOGO-OIRSA-2023.png","width":512,"height":512,"caption":"OIRSA"},"image":{"@id":"https:\/\/web.oirsa.org\/#\/schema\/logo\/image\/"},"sameAs":["https:\/\/www.facebook.com\/OIRSAoficial","https:\/\/x.com\/OIRSAoficial"]}]}},"jetpack_sharing_enabled":true,"_links":{"self":[{"href":"https:\/\/web.oirsa.org\/en\/wp-json\/wp\/v2\/pages\/9908","targetHints":{"allow":["GET"]}}],"collection":[{"href":"https:\/\/web.oirsa.org\/en\/wp-json\/wp\/v2\/pages"}],"about":[{"href":"https:\/\/web.oirsa.org\/en\/wp-json\/wp\/v2\/types\/page"}],"author":[{"embeddable":true,"href":"https:\/\/web.oirsa.org\/en\/wp-json\/wp\/v2\/users\/213237738"}],"replies":[{"embeddable":true,"href":"https:\/\/web.oirsa.org\/en\/wp-json\/wp\/v2\/comments?post=9908"}],"version-history":[{"count":45,"href":"https:\/\/web.oirsa.org\/en\/wp-json\/wp\/v2\/pages\/9908\/revisions"}],"predecessor-version":[{"id":11117,"href":"https:\/\/web.oirsa.org\/en\/wp-json\/wp\/v2\/pages\/9908\/revisions\/11117"}],"wp:attachment":[{"href":"https:\/\/web.oirsa.org\/en\/wp-json\/wp\/v2\/media?parent=9908"}],"curies":[{"name":"wp","href":"https:\/\/api.w.org\/{rel}","templated":true}]}}