{"id":8209,"date":"2022-01-25T13:44:34","date_gmt":"2022-01-25T19:44:34","guid":{"rendered":"http:\/\/10.103.20.84\/?page_id=8209"},"modified":"2022-01-25T13:55:33","modified_gmt":"2022-01-25T19:55:33","slug":"ronaldo-antonio-bernal-guardado","status":"publish","type":"page","link":"https:\/\/web.oirsa.org\/en\/ronaldo-antonio-bernal-guardado","title":{"rendered":"Ronaldo Antonio Bernal Guardado"},"content":{"rendered":"<h2 class=\"has-text-align-center wp-block-heading\" id=\"ronaldo-antonio-bernal-guardado\">Ronaldo Antonio Bernal Guardado<\/h2>\n\n\n\n<div style=\"height:15px\" aria-hidden=\"true\" class=\"wp-block-spacer\"><\/div>\n\n\n\n<div class=\"wp-block-columns is-layout-flex wp-container-core-columns-is-layout-8f761849 wp-block-columns-is-layout-flex\">\n<div class=\"wp-block-column is-layout-flow wp-block-column-is-layout-flow\" style=\"flex-basis:33.33%\">\n<h2 class=\"wp-block-heading\" id=\"oficial-agrosanitario-de-la-representacion-en-el-salvador\">Oficial Agrosanitario de la Representaci\u00f3n en El Salvador <\/h2>\n\n\n\n<h2 class=\"wp-block-heading\" id=\"coordinador-del-programa-regional-de-sanidad-bovina\">Coordinador del Programa Regional de Sanidad Bovina<\/h2>\n\n\n\n<p class=\"wp-block-paragraph\">rbernal@oirsa.org <\/p>\n\n\n\n<figure class=\"wp-block-image size-full\"><img data-recalc-dims=\"1\" decoding=\"async\" src=\"https:\/\/i0.wp.com\/web.oirsa.org\/wp-content\/uploads\/2022\/01\/image-7.png?w=525&#038;ssl=1\" alt=\"\" class=\"wp-image-8216\"\/><\/figure>\n<\/div>\n\n\n\n<div class=\"wp-block-column is-layout-flow wp-block-column-is-layout-flow\" style=\"flex-basis:66.66%\">\n<p class=\"has-text-align-justify wp-block-paragraph\">Ronald Antonio Bernal Guardado es de origen salvadore\u00f1o, estudi\u00f3 Medicina Veterinaria y Zootecnia, en la Universidad Veracruzana de Veracruz, M\u00e9xico, gradu\u00e1ndose en 1984. Obtuvo un Diplomado en Desarrollo de Programas de Salud Animal en el Centro Panamericano de Fiebre Aftosa, Brasil, en 1986; la Maestr\u00eda Tecnol\u00f3gica en Medidas Sanitarias y Fitosanitarias en el Colegio de Posgraduados de M\u00e9xico, en el 2001, y en la Universidad de lowa\/llCAB\/OIRSA, el Curso On Line sobre Enfermedades Transfronterizas de los Animales, en el 2013.<\/p>\n\n\n\n<p class=\"has-text-align-justify wp-block-paragraph\"><br>El doctor Bernal Guardado inici\u00f3 su carrera profesional en 1985, coma M\u00e9dico Veterinario de Campa\u00f1as, en el Centro de Desarrollo Ganadero ICDC) del Ministerio de Agricultura y Ganader\u00eda (MAG); en 1986, fue nombrado Contraparte Nacional del Convenio Antiaftosa Bilateral, CDG, MAG; en 1989, se desempe\u00f1\u00f3 como Jefe de la Divisi\u00f3n de Salud Animal del Centro de Desarrollo Ganadero del MAG; en 1992, ocup\u00f3 nuevamente el cargo de Contraparte Nacional del Convenio Antiaftosa Bilateral, CDG, MAG; en 1 996, fue designado como Director de los Servicios Veterinarios de la Direcci\u00f3n General de Sanidad Vegetal y Animal, del MAG, y en 1999 ingresa al OIRSA ocupando el cargo de Oficial Agrosanitario de la Representaci\u00f3n en El Salvador.<\/p>\n\n\n\n<p class=\"has-text-align-justify wp-block-paragraph\"><br>El doctor Bernal ha participado en numerosos cursos, talleres, seminarios y reuniones nacionales e Internacionales en temas relacionados en las \u00e1reas de su responsabilidad. Ha recibido el reconocimiento de la asociaci\u00f3n de M\u00e9dicos Veterinarios de El Salvador al ser nominado como Veterinario del A\u00f1o en 1996.<\/p>\n<\/div>\n<\/div>","protected":false},"excerpt":{"rendered":"<p>Ronaldo Antonio Bernal Guardado Oficial Agrosanitario de la Representaci\u00f3n en El Salvador Coordinador del Programa Regional de Sanidad Bovina rbernal@oirsa.org [&hellip;]<\/p>\n","protected":false},"author":213237738,"featured_media":0,"parent":0,"menu_order":0,"comment_status":"closed","ping_status":"closed","template":"","meta":{"_coblocks_attr":"","_coblocks_dimensions":"","_coblocks_responsive_height":"","_coblocks_accordion_ie_support":"","_crdt_document":"","footnotes":""},"class_list":["post-8209","page","type-page","status-publish","hentry"],"yoast_head":"<!-- This site is optimized with the Yoast SEO plugin v27.4 - https:\/\/yoast.com\/product\/yoast-seo-wordpress\/ -->\n<title>Ronaldo Antonio Bernal Guardado - OIRSA<\/title>\n<meta name=\"robots\" content=\"index, follow, max-snippet:-1, max-image-preview:large, max-video-preview:-1\" \/>\n<link rel=\"canonical\" href=\"https:\/\/web.oirsa.org\/en\/ronaldo-antonio-bernal-guardado\/\" \/>\n<meta property=\"og:locale\" content=\"en_US\" \/>\n<meta property=\"og:type\" content=\"article\" \/>\n<meta property=\"og:title\" content=\"Ronaldo Antonio Bernal Guardado - OIRSA\" \/>\n<meta property=\"og:description\" content=\"Ronaldo Antonio Bernal Guardado Oficial Agrosanitario de la Representaci\u00f3n en El Salvador Coordinador del Programa Regional de Sanidad Bovina rbernal@oirsa.org [&hellip;]\" \/>\n<meta property=\"og:url\" content=\"https:\/\/web.oirsa.org\/en\/ronaldo-antonio-bernal-guardado\/\" \/>\n<meta property=\"og:site_name\" content=\"OIRSA\" \/>\n<meta property=\"article:publisher\" content=\"https:\/\/www.facebook.com\/OIRSAoficial\" \/>\n<meta property=\"article:modified_time\" content=\"2022-01-25T19:55:33+00:00\" \/>\n<meta property=\"og:image\" content=\"https:\/\/web.oirsa.org\/wp-content\/uploads\/2022\/01\/image-7.png\" \/>\n<meta name=\"twitter:card\" content=\"summary_large_image\" \/>\n<meta name=\"twitter:site\" content=\"@OIRSAoficial\" \/>\n<meta name=\"twitter:label1\" content=\"Est. reading time\" \/>\n\t<meta name=\"twitter:data1\" content=\"1 minute\" \/>\n<script type=\"application\/ld+json\" class=\"yoast-schema-graph\">{\"@context\":\"https:\\\/\\\/schema.org\",\"@graph\":[{\"@type\":\"WebPage\",\"@id\":\"https:\\\/\\\/web.oirsa.org\\\/ronaldo-antonio-bernal-guardado\",\"url\":\"https:\\\/\\\/web.oirsa.org\\\/ronaldo-antonio-bernal-guardado\",\"name\":\"Ronaldo Antonio Bernal Guardado - OIRSA\",\"isPartOf\":{\"@id\":\"https:\\\/\\\/web.oirsa.org\\\/#website\"},\"primaryImageOfPage\":{\"@id\":\"https:\\\/\\\/web.oirsa.org\\\/ronaldo-antonio-bernal-guardado#primaryimage\"},\"image\":{\"@id\":\"https:\\\/\\\/web.oirsa.org\\\/ronaldo-antonio-bernal-guardado#primaryimage\"},\"thumbnailUrl\":\"https:\\\/\\\/web.oirsa.org\\\/wp-content\\\/uploads\\\/2022\\\/01\\\/image-7.png\",\"datePublished\":\"2022-01-25T19:44:34+00:00\",\"dateModified\":\"2022-01-25T19:55:33+00:00\",\"breadcrumb\":{\"@id\":\"https:\\\/\\\/web.oirsa.org\\\/ronaldo-antonio-bernal-guardado#breadcrumb\"},\"inLanguage\":\"en-US\",\"potentialAction\":[{\"@type\":\"ReadAction\",\"target\":[\"https:\\\/\\\/web.oirsa.org\\\/ronaldo-antonio-bernal-guardado\"]}]},{\"@type\":\"ImageObject\",\"inLanguage\":\"en-US\",\"@id\":\"https:\\\/\\\/web.oirsa.org\\\/ronaldo-antonio-bernal-guardado#primaryimage\",\"url\":\"https:\\\/\\\/web.oirsa.org\\\/wp-content\\\/uploads\\\/2022\\\/01\\\/image-7.png\",\"contentUrl\":\"https:\\\/\\\/web.oirsa.org\\\/wp-content\\\/uploads\\\/2022\\\/01\\\/image-7.png\"},{\"@type\":\"BreadcrumbList\",\"@id\":\"https:\\\/\\\/web.oirsa.org\\\/ronaldo-antonio-bernal-guardado#breadcrumb\",\"itemListElement\":[{\"@type\":\"ListItem\",\"position\":1,\"name\":\"Portada\",\"item\":\"https:\\\/\\\/web.oirsa.org\\\/\"},{\"@type\":\"ListItem\",\"position\":2,\"name\":\"Ronaldo Antonio Bernal Guardado\"}]},{\"@type\":\"WebSite\",\"@id\":\"https:\\\/\\\/web.oirsa.org\\\/#website\",\"url\":\"https:\\\/\\\/web.oirsa.org\\\/\",\"name\":\"OIRSA\",\"description\":\"Organismo Internacional Regional de Sanidad Agropecuaria\",\"publisher\":{\"@id\":\"https:\\\/\\\/web.oirsa.org\\\/#organization\"},\"potentialAction\":[{\"@type\":\"SearchAction\",\"target\":{\"@type\":\"EntryPoint\",\"urlTemplate\":\"https:\\\/\\\/web.oirsa.org\\\/?s={search_term_string}\"},\"query-input\":{\"@type\":\"PropertyValueSpecification\",\"valueRequired\":true,\"valueName\":\"search_term_string\"}}],\"inLanguage\":\"en-US\"},{\"@type\":\"Organization\",\"@id\":\"https:\\\/\\\/web.oirsa.org\\\/#organization\",\"name\":\"OIRSA\",\"url\":\"https:\\\/\\\/web.oirsa.org\\\/\",\"logo\":{\"@type\":\"ImageObject\",\"inLanguage\":\"en-US\",\"@id\":\"https:\\\/\\\/web.oirsa.org\\\/#\\\/schema\\\/logo\\\/image\\\/\",\"url\":\"https:\\\/\\\/web.oirsa.org\\\/wp-content\\\/uploads\\\/2024\\\/01\\\/cropped-LOGO-OIRSA-2023.png\",\"contentUrl\":\"https:\\\/\\\/web.oirsa.org\\\/wp-content\\\/uploads\\\/2024\\\/01\\\/cropped-LOGO-OIRSA-2023.png\",\"width\":512,\"height\":512,\"caption\":\"OIRSA\"},\"image\":{\"@id\":\"https:\\\/\\\/web.oirsa.org\\\/#\\\/schema\\\/logo\\\/image\\\/\"},\"sameAs\":[\"https:\\\/\\\/www.facebook.com\\\/OIRSAoficial\",\"https:\\\/\\\/x.com\\\/OIRSAoficial\"]}]}<\/script>\n<!-- \/ Yoast SEO plugin. -->","yoast_head_json":{"title":"Ronaldo Antonio Bernal Guardado - OIRSA","robots":{"index":"index","follow":"follow","max-snippet":"max-snippet:-1","max-image-preview":"max-image-preview:large","max-video-preview":"max-video-preview:-1"},"canonical":"https:\/\/web.oirsa.org\/en\/ronaldo-antonio-bernal-guardado\/","og_locale":"en_US","og_type":"article","og_title":"Ronaldo Antonio Bernal Guardado - OIRSA","og_description":"Ronaldo Antonio Bernal Guardado Oficial Agrosanitario de la Representaci\u00f3n en El Salvador Coordinador del Programa Regional de Sanidad Bovina rbernal@oirsa.org [&hellip;]","og_url":"https:\/\/web.oirsa.org\/en\/ronaldo-antonio-bernal-guardado\/","og_site_name":"OIRSA","article_publisher":"https:\/\/www.facebook.com\/OIRSAoficial","article_modified_time":"2022-01-25T19:55:33+00:00","og_image":[{"url":"https:\/\/web.oirsa.org\/wp-content\/uploads\/2022\/01\/image-7.png","type":"","width":"","height":""}],"twitter_card":"summary_large_image","twitter_site":"@OIRSAoficial","twitter_misc":{"Est. reading time":"1 minute"},"schema":{"@context":"https:\/\/schema.org","@graph":[{"@type":"WebPage","@id":"https:\/\/web.oirsa.org\/ronaldo-antonio-bernal-guardado","url":"https:\/\/web.oirsa.org\/ronaldo-antonio-bernal-guardado","name":"Ronaldo Antonio Bernal Guardado - OIRSA","isPartOf":{"@id":"https:\/\/web.oirsa.org\/#website"},"primaryImageOfPage":{"@id":"https:\/\/web.oirsa.org\/ronaldo-antonio-bernal-guardado#primaryimage"},"image":{"@id":"https:\/\/web.oirsa.org\/ronaldo-antonio-bernal-guardado#primaryimage"},"thumbnailUrl":"https:\/\/web.oirsa.org\/wp-content\/uploads\/2022\/01\/image-7.png","datePublished":"2022-01-25T19:44:34+00:00","dateModified":"2022-01-25T19:55:33+00:00","breadcrumb":{"@id":"https:\/\/web.oirsa.org\/ronaldo-antonio-bernal-guardado#breadcrumb"},"inLanguage":"en-US","potentialAction":[{"@type":"ReadAction","target":["https:\/\/web.oirsa.org\/ronaldo-antonio-bernal-guardado"]}]},{"@type":"ImageObject","inLanguage":"en-US","@id":"https:\/\/web.oirsa.org\/ronaldo-antonio-bernal-guardado#primaryimage","url":"https:\/\/web.oirsa.org\/wp-content\/uploads\/2022\/01\/image-7.png","contentUrl":"https:\/\/web.oirsa.org\/wp-content\/uploads\/2022\/01\/image-7.png"},{"@type":"BreadcrumbList","@id":"https:\/\/web.oirsa.org\/ronaldo-antonio-bernal-guardado#breadcrumb","itemListElement":[{"@type":"ListItem","position":1,"name":"Portada","item":"https:\/\/web.oirsa.org\/"},{"@type":"ListItem","position":2,"name":"Ronaldo Antonio Bernal Guardado"}]},{"@type":"WebSite","@id":"https:\/\/web.oirsa.org\/#website","url":"https:\/\/web.oirsa.org\/","name":"OIRSA","description":"Organismo Internacional Regional de Sanidad Agropecuaria","publisher":{"@id":"https:\/\/web.oirsa.org\/#organization"},"potentialAction":[{"@type":"SearchAction","target":{"@type":"EntryPoint","urlTemplate":"https:\/\/web.oirsa.org\/?s={search_term_string}"},"query-input":{"@type":"PropertyValueSpecification","valueRequired":true,"valueName":"search_term_string"}}],"inLanguage":"en-US"},{"@type":"Organization","@id":"https:\/\/web.oirsa.org\/#organization","name":"OIRSA","url":"https:\/\/web.oirsa.org\/","logo":{"@type":"ImageObject","inLanguage":"en-US","@id":"https:\/\/web.oirsa.org\/#\/schema\/logo\/image\/","url":"https:\/\/web.oirsa.org\/wp-content\/uploads\/2024\/01\/cropped-LOGO-OIRSA-2023.png","contentUrl":"https:\/\/web.oirsa.org\/wp-content\/uploads\/2024\/01\/cropped-LOGO-OIRSA-2023.png","width":512,"height":512,"caption":"OIRSA"},"image":{"@id":"https:\/\/web.oirsa.org\/#\/schema\/logo\/image\/"},"sameAs":["https:\/\/www.facebook.com\/OIRSAoficial","https:\/\/x.com\/OIRSAoficial"]}]}},"jetpack_sharing_enabled":true,"_links":{"self":[{"href":"https:\/\/web.oirsa.org\/en\/wp-json\/wp\/v2\/pages\/8209","targetHints":{"allow":["GET"]}}],"collection":[{"href":"https:\/\/web.oirsa.org\/en\/wp-json\/wp\/v2\/pages"}],"about":[{"href":"https:\/\/web.oirsa.org\/en\/wp-json\/wp\/v2\/types\/page"}],"author":[{"embeddable":true,"href":"https:\/\/web.oirsa.org\/en\/wp-json\/wp\/v2\/users\/213237738"}],"replies":[{"embeddable":true,"href":"https:\/\/web.oirsa.org\/en\/wp-json\/wp\/v2\/comments?post=8209"}],"version-history":[{"count":6,"href":"https:\/\/web.oirsa.org\/en\/wp-json\/wp\/v2\/pages\/8209\/revisions"}],"predecessor-version":[{"id":8219,"href":"https:\/\/web.oirsa.org\/en\/wp-json\/wp\/v2\/pages\/8209\/revisions\/8219"}],"wp:attachment":[{"href":"https:\/\/web.oirsa.org\/en\/wp-json\/wp\/v2\/media?parent=8209"}],"curies":[{"name":"wp","href":"https:\/\/api.w.org\/{rel}","templated":true}]}}