{"id":8200,"date":"2022-01-25T13:34:38","date_gmt":"2022-01-25T19:34:38","guid":{"rendered":"http:\/\/10.103.20.84\/?page_id=8200"},"modified":"2022-01-25T13:41:32","modified_gmt":"2022-01-25T19:41:32","slug":"raul-guillermo-peralta-giron","status":"publish","type":"page","link":"https:\/\/web.oirsa.org\/en\/raul-guillermo-peralta-giron","title":{"rendered":"Ra\u00fal Guillermo Peralta Gir\u00f3n"},"content":{"rendered":"<h2 class=\"has-text-align-center wp-block-heading\" id=\"raul-guillermo-peralta-giron\">Ra\u00fal Guillermo Peralta Gir\u00f3n<\/h2>\n\n\n\n<div style=\"height:14px\" aria-hidden=\"true\" class=\"wp-block-spacer\"><\/div>\n\n\n\n<div class=\"wp-block-columns is-layout-flex wp-container-core-columns-is-layout-8f761849 wp-block-columns-is-layout-flex\">\n<div class=\"wp-block-column is-layout-flow wp-block-column-is-layout-flow\" style=\"flex-basis:33.33%\">\n<h2 class=\"wp-block-heading\" id=\"director-regional-de-inocuidad-de-los-alimentos\">Director Regional de Inocuidad de los Alimentos <\/h2>\n\n\n\n<figure class=\"wp-block-image size-full\"><img data-recalc-dims=\"1\" loading=\"lazy\" decoding=\"async\" width=\"150\" height=\"175\" src=\"https:\/\/i0.wp.com\/web.oirsa.org\/wp-content\/uploads\/2022\/01\/image-6.png?resize=150%2C175&#038;ssl=1\" alt=\"\" class=\"wp-image-8206\"\/><\/figure>\n<\/div>\n\n\n\n<div class=\"wp-block-column is-layout-flow wp-block-column-is-layout-flow\" style=\"flex-basis:66.66%\">\n<p class=\"has-text-align-justify wp-block-paragraph\">Ra\u00fal Guillermo Peralta Gir\u00f3n es licenciado en Ciencias Agr\u00edcolas de origen dominicano graduado de la Universidad Aut\u00f3noma de Santo Domingo (UASD), con una maestr\u00eda en gerencia de programas sanitarios en inocuidad de los alimentos de la Universidad para la Cooperaci\u00f3n Internacional (UCI) de Costa Rica. Adem\u00e1s de una especializaci\u00f3n en hortalizas de la Universidad Degli Studi di Pisa, Italia, entre otras titulaciones.<\/p>\n\n\n\n<p class=\"has-text-align-justify wp-block-paragraph\"><br>Antes de formar parte del OIRSA, Peralta fungi\u00f3 como director del Departamento de Inocuidad Agroalimentaria en el Ministerio de Agricultura de Rep\u00fablica Dominicana (2008-julio 2019). Anteriormente, fue encargado de la oficina de Planificaci\u00f3n del Instituto Agrario Dominicano (2005-2008), experto en nutrici\u00f3n y manejo de ganado lechero de la Direcci\u00f3n General de Ganader\u00eda (2001-2004), entre otros.<br><\/p>\n\n\n\n<p class=\"has-text-align-justify wp-block-paragraph\">Peralta Gir\u00f3n cuenta con experiencia docente como profesor del diplomado en la aplicaci\u00f3n del Acuerdo de Medidas Sanitarias y Fitosanitarias de la Organizaci\u00f3n Mundial del Comercio (OMC), profesor de biolog\u00eda y qu\u00edmica e instructor de la Fundaci\u00f3n Global Desarrollo y Democracia en cursos sobre al\u00e9rgenos en la industria alimentaria y fraude de alimentarios.<\/p>\n<\/div>\n<\/div>","protected":false},"excerpt":{"rendered":"<p>Ra\u00fal Guillermo Peralta Gir\u00f3n Director Regional de Inocuidad de los Alimentos Ra\u00fal Guillermo Peralta Gir\u00f3n es licenciado en Ciencias Agr\u00edcolas [&hellip;]<\/p>\n","protected":false},"author":213237738,"featured_media":0,"parent":0,"menu_order":0,"comment_status":"closed","ping_status":"closed","template":"","meta":{"_coblocks_attr":"","_coblocks_dimensions":"","_coblocks_responsive_height":"","_coblocks_accordion_ie_support":"","_crdt_document":"","footnotes":""},"class_list":["post-8200","page","type-page","status-publish","hentry"],"yoast_head":"<!-- This site is optimized with the Yoast SEO plugin v27.4 - https:\/\/yoast.com\/product\/yoast-seo-wordpress\/ -->\n<title>Ra\u00fal Guillermo Peralta Gir\u00f3n - OIRSA<\/title>\n<meta name=\"robots\" content=\"index, follow, max-snippet:-1, max-image-preview:large, max-video-preview:-1\" \/>\n<link rel=\"canonical\" href=\"https:\/\/web.oirsa.org\/en\/raul-guillermo-peralta-giron\/\" \/>\n<meta property=\"og:locale\" content=\"en_US\" \/>\n<meta property=\"og:type\" content=\"article\" \/>\n<meta property=\"og:title\" content=\"Ra\u00fal Guillermo Peralta Gir\u00f3n - OIRSA\" \/>\n<meta property=\"og:description\" content=\"Ra\u00fal Guillermo Peralta Gir\u00f3n Director Regional de Inocuidad de los Alimentos Ra\u00fal Guillermo Peralta Gir\u00f3n es licenciado en Ciencias Agr\u00edcolas [&hellip;]\" \/>\n<meta property=\"og:url\" content=\"https:\/\/web.oirsa.org\/en\/raul-guillermo-peralta-giron\/\" \/>\n<meta property=\"og:site_name\" content=\"OIRSA\" \/>\n<meta property=\"article:publisher\" content=\"https:\/\/www.facebook.com\/OIRSAoficial\" \/>\n<meta property=\"article:modified_time\" content=\"2022-01-25T19:41:32+00:00\" \/>\n<meta property=\"og:image\" content=\"https:\/\/web.oirsa.org\/wp-content\/uploads\/2022\/01\/image-6.png\" \/>\n<meta name=\"twitter:card\" content=\"summary_large_image\" \/>\n<meta name=\"twitter:site\" content=\"@OIRSAoficial\" \/>\n<meta name=\"twitter:label1\" content=\"Est. reading time\" \/>\n\t<meta name=\"twitter:data1\" content=\"1 minute\" \/>\n<script type=\"application\/ld+json\" class=\"yoast-schema-graph\">{\"@context\":\"https:\\\/\\\/schema.org\",\"@graph\":[{\"@type\":\"WebPage\",\"@id\":\"https:\\\/\\\/web.oirsa.org\\\/raul-guillermo-peralta-giron\",\"url\":\"https:\\\/\\\/web.oirsa.org\\\/raul-guillermo-peralta-giron\",\"name\":\"Ra\u00fal Guillermo Peralta Gir\u00f3n - OIRSA\",\"isPartOf\":{\"@id\":\"https:\\\/\\\/web.oirsa.org\\\/#website\"},\"primaryImageOfPage\":{\"@id\":\"https:\\\/\\\/web.oirsa.org\\\/raul-guillermo-peralta-giron#primaryimage\"},\"image\":{\"@id\":\"https:\\\/\\\/web.oirsa.org\\\/raul-guillermo-peralta-giron#primaryimage\"},\"thumbnailUrl\":\"https:\\\/\\\/web.oirsa.org\\\/wp-content\\\/uploads\\\/2022\\\/01\\\/image-6.png\",\"datePublished\":\"2022-01-25T19:34:38+00:00\",\"dateModified\":\"2022-01-25T19:41:32+00:00\",\"breadcrumb\":{\"@id\":\"https:\\\/\\\/web.oirsa.org\\\/raul-guillermo-peralta-giron#breadcrumb\"},\"inLanguage\":\"en-US\",\"potentialAction\":[{\"@type\":\"ReadAction\",\"target\":[\"https:\\\/\\\/web.oirsa.org\\\/raul-guillermo-peralta-giron\"]}]},{\"@type\":\"ImageObject\",\"inLanguage\":\"en-US\",\"@id\":\"https:\\\/\\\/web.oirsa.org\\\/raul-guillermo-peralta-giron#primaryimage\",\"url\":\"https:\\\/\\\/web.oirsa.org\\\/wp-content\\\/uploads\\\/2022\\\/01\\\/image-6.png\",\"contentUrl\":\"https:\\\/\\\/web.oirsa.org\\\/wp-content\\\/uploads\\\/2022\\\/01\\\/image-6.png\"},{\"@type\":\"BreadcrumbList\",\"@id\":\"https:\\\/\\\/web.oirsa.org\\\/raul-guillermo-peralta-giron#breadcrumb\",\"itemListElement\":[{\"@type\":\"ListItem\",\"position\":1,\"name\":\"Portada\",\"item\":\"https:\\\/\\\/web.oirsa.org\\\/\"},{\"@type\":\"ListItem\",\"position\":2,\"name\":\"Ra\u00fal Guillermo Peralta Gir\u00f3n\"}]},{\"@type\":\"WebSite\",\"@id\":\"https:\\\/\\\/web.oirsa.org\\\/#website\",\"url\":\"https:\\\/\\\/web.oirsa.org\\\/\",\"name\":\"OIRSA\",\"description\":\"Organismo Internacional Regional de Sanidad Agropecuaria\",\"publisher\":{\"@id\":\"https:\\\/\\\/web.oirsa.org\\\/#organization\"},\"potentialAction\":[{\"@type\":\"SearchAction\",\"target\":{\"@type\":\"EntryPoint\",\"urlTemplate\":\"https:\\\/\\\/web.oirsa.org\\\/?s={search_term_string}\"},\"query-input\":{\"@type\":\"PropertyValueSpecification\",\"valueRequired\":true,\"valueName\":\"search_term_string\"}}],\"inLanguage\":\"en-US\"},{\"@type\":\"Organization\",\"@id\":\"https:\\\/\\\/web.oirsa.org\\\/#organization\",\"name\":\"OIRSA\",\"url\":\"https:\\\/\\\/web.oirsa.org\\\/\",\"logo\":{\"@type\":\"ImageObject\",\"inLanguage\":\"en-US\",\"@id\":\"https:\\\/\\\/web.oirsa.org\\\/#\\\/schema\\\/logo\\\/image\\\/\",\"url\":\"https:\\\/\\\/web.oirsa.org\\\/wp-content\\\/uploads\\\/2024\\\/01\\\/cropped-LOGO-OIRSA-2023.png\",\"contentUrl\":\"https:\\\/\\\/web.oirsa.org\\\/wp-content\\\/uploads\\\/2024\\\/01\\\/cropped-LOGO-OIRSA-2023.png\",\"width\":512,\"height\":512,\"caption\":\"OIRSA\"},\"image\":{\"@id\":\"https:\\\/\\\/web.oirsa.org\\\/#\\\/schema\\\/logo\\\/image\\\/\"},\"sameAs\":[\"https:\\\/\\\/www.facebook.com\\\/OIRSAoficial\",\"https:\\\/\\\/x.com\\\/OIRSAoficial\"]}]}<\/script>\n<!-- \/ Yoast SEO plugin. -->","yoast_head_json":{"title":"Ra\u00fal Guillermo Peralta Gir\u00f3n - OIRSA","robots":{"index":"index","follow":"follow","max-snippet":"max-snippet:-1","max-image-preview":"max-image-preview:large","max-video-preview":"max-video-preview:-1"},"canonical":"https:\/\/web.oirsa.org\/en\/raul-guillermo-peralta-giron\/","og_locale":"en_US","og_type":"article","og_title":"Ra\u00fal Guillermo Peralta Gir\u00f3n - OIRSA","og_description":"Ra\u00fal Guillermo Peralta Gir\u00f3n Director Regional de Inocuidad de los Alimentos Ra\u00fal Guillermo Peralta Gir\u00f3n es licenciado en Ciencias Agr\u00edcolas [&hellip;]","og_url":"https:\/\/web.oirsa.org\/en\/raul-guillermo-peralta-giron\/","og_site_name":"OIRSA","article_publisher":"https:\/\/www.facebook.com\/OIRSAoficial","article_modified_time":"2022-01-25T19:41:32+00:00","og_image":[{"url":"https:\/\/web.oirsa.org\/wp-content\/uploads\/2022\/01\/image-6.png","type":"","width":"","height":""}],"twitter_card":"summary_large_image","twitter_site":"@OIRSAoficial","twitter_misc":{"Est. reading time":"1 minute"},"schema":{"@context":"https:\/\/schema.org","@graph":[{"@type":"WebPage","@id":"https:\/\/web.oirsa.org\/raul-guillermo-peralta-giron","url":"https:\/\/web.oirsa.org\/raul-guillermo-peralta-giron","name":"Ra\u00fal Guillermo Peralta Gir\u00f3n - OIRSA","isPartOf":{"@id":"https:\/\/web.oirsa.org\/#website"},"primaryImageOfPage":{"@id":"https:\/\/web.oirsa.org\/raul-guillermo-peralta-giron#primaryimage"},"image":{"@id":"https:\/\/web.oirsa.org\/raul-guillermo-peralta-giron#primaryimage"},"thumbnailUrl":"https:\/\/web.oirsa.org\/wp-content\/uploads\/2022\/01\/image-6.png","datePublished":"2022-01-25T19:34:38+00:00","dateModified":"2022-01-25T19:41:32+00:00","breadcrumb":{"@id":"https:\/\/web.oirsa.org\/raul-guillermo-peralta-giron#breadcrumb"},"inLanguage":"en-US","potentialAction":[{"@type":"ReadAction","target":["https:\/\/web.oirsa.org\/raul-guillermo-peralta-giron"]}]},{"@type":"ImageObject","inLanguage":"en-US","@id":"https:\/\/web.oirsa.org\/raul-guillermo-peralta-giron#primaryimage","url":"https:\/\/web.oirsa.org\/wp-content\/uploads\/2022\/01\/image-6.png","contentUrl":"https:\/\/web.oirsa.org\/wp-content\/uploads\/2022\/01\/image-6.png"},{"@type":"BreadcrumbList","@id":"https:\/\/web.oirsa.org\/raul-guillermo-peralta-giron#breadcrumb","itemListElement":[{"@type":"ListItem","position":1,"name":"Portada","item":"https:\/\/web.oirsa.org\/"},{"@type":"ListItem","position":2,"name":"Ra\u00fal Guillermo Peralta Gir\u00f3n"}]},{"@type":"WebSite","@id":"https:\/\/web.oirsa.org\/#website","url":"https:\/\/web.oirsa.org\/","name":"OIRSA","description":"Organismo Internacional Regional de Sanidad Agropecuaria","publisher":{"@id":"https:\/\/web.oirsa.org\/#organization"},"potentialAction":[{"@type":"SearchAction","target":{"@type":"EntryPoint","urlTemplate":"https:\/\/web.oirsa.org\/?s={search_term_string}"},"query-input":{"@type":"PropertyValueSpecification","valueRequired":true,"valueName":"search_term_string"}}],"inLanguage":"en-US"},{"@type":"Organization","@id":"https:\/\/web.oirsa.org\/#organization","name":"OIRSA","url":"https:\/\/web.oirsa.org\/","logo":{"@type":"ImageObject","inLanguage":"en-US","@id":"https:\/\/web.oirsa.org\/#\/schema\/logo\/image\/","url":"https:\/\/web.oirsa.org\/wp-content\/uploads\/2024\/01\/cropped-LOGO-OIRSA-2023.png","contentUrl":"https:\/\/web.oirsa.org\/wp-content\/uploads\/2024\/01\/cropped-LOGO-OIRSA-2023.png","width":512,"height":512,"caption":"OIRSA"},"image":{"@id":"https:\/\/web.oirsa.org\/#\/schema\/logo\/image\/"},"sameAs":["https:\/\/www.facebook.com\/OIRSAoficial","https:\/\/x.com\/OIRSAoficial"]}]}},"jetpack_sharing_enabled":true,"_links":{"self":[{"href":"https:\/\/web.oirsa.org\/en\/wp-json\/wp\/v2\/pages\/8200","targetHints":{"allow":["GET"]}}],"collection":[{"href":"https:\/\/web.oirsa.org\/en\/wp-json\/wp\/v2\/pages"}],"about":[{"href":"https:\/\/web.oirsa.org\/en\/wp-json\/wp\/v2\/types\/page"}],"author":[{"embeddable":true,"href":"https:\/\/web.oirsa.org\/en\/wp-json\/wp\/v2\/users\/213237738"}],"replies":[{"embeddable":true,"href":"https:\/\/web.oirsa.org\/en\/wp-json\/wp\/v2\/comments?post=8200"}],"version-history":[{"count":4,"href":"https:\/\/web.oirsa.org\/en\/wp-json\/wp\/v2\/pages\/8200\/revisions"}],"predecessor-version":[{"id":8208,"href":"https:\/\/web.oirsa.org\/en\/wp-json\/wp\/v2\/pages\/8200\/revisions\/8208"}],"wp:attachment":[{"href":"https:\/\/web.oirsa.org\/en\/wp-json\/wp\/v2\/media?parent=8200"}],"curies":[{"name":"wp","href":"https:\/\/api.w.org\/{rel}","templated":true}]}}