{"id":8179,"date":"2022-01-25T10:22:47","date_gmt":"2022-01-25T16:22:47","guid":{"rendered":"http:\/\/10.103.20.84\/?page_id=8179"},"modified":"2022-01-25T13:23:53","modified_gmt":"2022-01-25T19:23:53","slug":"marcela-eugenia-marchelli-de-peraza","status":"publish","type":"page","link":"https:\/\/web.oirsa.org\/en\/marcela-eugenia-marchelli-de-peraza","title":{"rendered":"Marcela Eugenia Marchelli de Peraza"},"content":{"rendered":"<h2 class=\"has-text-align-center wp-block-heading\" id=\"marcela-eugenia-marchelli-de-peraza\">Marcela Eugenia Marchelli de Peraza<\/h2>\n\n\n\n<div style=\"height:15px\" aria-hidden=\"true\" class=\"wp-block-spacer\"><\/div>\n\n\n\n<div class=\"wp-block-columns is-layout-flex wp-container-core-columns-is-layout-8f761849 wp-block-columns-is-layout-flex\">\n<div class=\"wp-block-column is-layout-flow wp-block-column-is-layout-flow\" style=\"flex-basis:33.33%\">\n<h2 class=\"wp-block-heading\" id=\"coordinadora-del-programa-regional-de-sanidad-apicola\">Coordinadora del Programa Regional de Sanidad Ap\u00edcola <\/h2>\n\n\n\n<p class=\"wp-block-paragraph\">mmarchelli@oirsa.org<\/p>\n\n\n\n<figure class=\"wp-block-image size-full\"><img data-recalc-dims=\"1\" loading=\"lazy\" decoding=\"async\" width=\"146\" height=\"174\" src=\"https:\/\/i0.wp.com\/web.oirsa.org\/wp-content\/uploads\/2022\/01\/image-4.png?resize=146%2C174&#038;ssl=1\" alt=\"\" class=\"wp-image-8185\"\/><\/figure>\n<\/div>\n\n\n\n<div class=\"wp-block-column is-layout-flow wp-block-column-is-layout-flow\" style=\"flex-basis:66.66%\">\n<p class=\"has-text-align-justify wp-block-paragraph\">La doctora Marcela Eugenia Marchelli de Peraza naci\u00f3 en San Salvador, El Salvador, estudio Medicina Veterinaria en la Universidad Salvadore\u00f1a \u00abAlberto Masferrer\u00bb (USAM), en El Salvador, gradu\u00e1ndose en 2007, posteriormente obtuvo un Diplomado en l\u00ednea en Epidemiolog\u00eda Veterinaria de la Universidad Nacional Aut\u00f3noma de M\u00e9xico, en el 2012.<\/p>\n\n\n\n<p class=\"has-text-align-justify wp-block-paragraph\"><br>La doctora Marchelli inici\u00f3 sus labores profesionales precisamente en el OIRSA en el a\u00f1o 2009, como Asistente T\u00e9cnica Regional de Salud Animal Oficial de la Secci\u00f3n de Vigilancia Epidemiol\u00f3gica, de la Direcci\u00f3n Nacional de Salud Animal, en el a\u00f1o 2010 fue F . Coordinadora del Programa Regional Ap\u00edcola. <\/p>\n\n\n\n<p class=\"has-text-align-justify wp-block-paragraph\">La doctora Marchelli posee capacidades y experiencia en materia de Capacitaci\u00f3n y en Elaboraci\u00f3n de Manuales T\u00e9cnicos. Ha participado en Cursos, Talleres, Seminarios y Reuniones, en temas especializados en el \u00e1rea de su responsabilidad.<\/p>\n\n\n\n<p class=\"has-text-align-justify wp-block-paragraph\"><br>Es miembro activo de la Asociaci\u00f3n iberoamericana de Epidemiolog\u00eda Veterinaria y Medicina Preventiva y de la Asociaci\u00f3n de M\u00e9dicos Veterinarios de El Salvador.<\/p>\n<\/div>\n<\/div>","protected":false},"excerpt":{"rendered":"<p>Marcela Eugenia Marchelli de Peraza Coordinadora del Programa Regional de Sanidad Ap\u00edcola mmarchelli@oirsa.org La doctora Marcela Eugenia Marchelli de Peraza [&hellip;]<\/p>\n","protected":false},"author":213237738,"featured_media":0,"parent":0,"menu_order":0,"comment_status":"closed","ping_status":"closed","template":"","meta":{"_coblocks_attr":"","_coblocks_dimensions":"","_coblocks_responsive_height":"","_coblocks_accordion_ie_support":"","_crdt_document":"","footnotes":""},"class_list":["post-8179","page","type-page","status-publish","hentry"],"yoast_head":"<!-- This site is optimized with the Yoast SEO plugin v27.4 - https:\/\/yoast.com\/product\/yoast-seo-wordpress\/ -->\n<title>Marcela Eugenia Marchelli de Peraza - OIRSA<\/title>\n<meta name=\"robots\" content=\"index, follow, max-snippet:-1, max-image-preview:large, max-video-preview:-1\" \/>\n<link rel=\"canonical\" href=\"https:\/\/web.oirsa.org\/en\/marcela-eugenia-marchelli-de-peraza\/\" \/>\n<meta property=\"og:locale\" content=\"en_US\" \/>\n<meta property=\"og:type\" content=\"article\" \/>\n<meta property=\"og:title\" content=\"Marcela Eugenia Marchelli de Peraza - OIRSA\" \/>\n<meta property=\"og:description\" content=\"Marcela Eugenia Marchelli de Peraza Coordinadora del Programa Regional de Sanidad Ap\u00edcola mmarchelli@oirsa.org La doctora Marcela Eugenia Marchelli de Peraza [&hellip;]\" \/>\n<meta property=\"og:url\" content=\"https:\/\/web.oirsa.org\/en\/marcela-eugenia-marchelli-de-peraza\/\" \/>\n<meta property=\"og:site_name\" content=\"OIRSA\" \/>\n<meta property=\"article:publisher\" content=\"https:\/\/www.facebook.com\/OIRSAoficial\" \/>\n<meta property=\"article:modified_time\" content=\"2022-01-25T19:23:53+00:00\" \/>\n<meta property=\"og:image\" content=\"https:\/\/web.oirsa.org\/wp-content\/uploads\/2022\/01\/image-4.png\" \/>\n<meta name=\"twitter:card\" content=\"summary_large_image\" \/>\n<meta name=\"twitter:site\" content=\"@OIRSAoficial\" \/>\n<meta name=\"twitter:label1\" content=\"Est. reading time\" \/>\n\t<meta name=\"twitter:data1\" content=\"1 minute\" \/>\n<script type=\"application\/ld+json\" class=\"yoast-schema-graph\">{\"@context\":\"https:\\\/\\\/schema.org\",\"@graph\":[{\"@type\":\"WebPage\",\"@id\":\"https:\\\/\\\/web.oirsa.org\\\/marcela-eugenia-marchelli-de-peraza\",\"url\":\"https:\\\/\\\/web.oirsa.org\\\/marcela-eugenia-marchelli-de-peraza\",\"name\":\"Marcela Eugenia Marchelli de Peraza - OIRSA\",\"isPartOf\":{\"@id\":\"https:\\\/\\\/web.oirsa.org\\\/#website\"},\"primaryImageOfPage\":{\"@id\":\"https:\\\/\\\/web.oirsa.org\\\/marcela-eugenia-marchelli-de-peraza#primaryimage\"},\"image\":{\"@id\":\"https:\\\/\\\/web.oirsa.org\\\/marcela-eugenia-marchelli-de-peraza#primaryimage\"},\"thumbnailUrl\":\"https:\\\/\\\/web.oirsa.org\\\/wp-content\\\/uploads\\\/2022\\\/01\\\/image-4.png\",\"datePublished\":\"2022-01-25T16:22:47+00:00\",\"dateModified\":\"2022-01-25T19:23:53+00:00\",\"breadcrumb\":{\"@id\":\"https:\\\/\\\/web.oirsa.org\\\/marcela-eugenia-marchelli-de-peraza#breadcrumb\"},\"inLanguage\":\"en-US\",\"potentialAction\":[{\"@type\":\"ReadAction\",\"target\":[\"https:\\\/\\\/web.oirsa.org\\\/marcela-eugenia-marchelli-de-peraza\"]}]},{\"@type\":\"ImageObject\",\"inLanguage\":\"en-US\",\"@id\":\"https:\\\/\\\/web.oirsa.org\\\/marcela-eugenia-marchelli-de-peraza#primaryimage\",\"url\":\"https:\\\/\\\/web.oirsa.org\\\/wp-content\\\/uploads\\\/2022\\\/01\\\/image-4.png\",\"contentUrl\":\"https:\\\/\\\/web.oirsa.org\\\/wp-content\\\/uploads\\\/2022\\\/01\\\/image-4.png\"},{\"@type\":\"BreadcrumbList\",\"@id\":\"https:\\\/\\\/web.oirsa.org\\\/marcela-eugenia-marchelli-de-peraza#breadcrumb\",\"itemListElement\":[{\"@type\":\"ListItem\",\"position\":1,\"name\":\"Portada\",\"item\":\"https:\\\/\\\/web.oirsa.org\\\/\"},{\"@type\":\"ListItem\",\"position\":2,\"name\":\"Marcela Eugenia Marchelli de Peraza\"}]},{\"@type\":\"WebSite\",\"@id\":\"https:\\\/\\\/web.oirsa.org\\\/#website\",\"url\":\"https:\\\/\\\/web.oirsa.org\\\/\",\"name\":\"OIRSA\",\"description\":\"Organismo Internacional Regional de Sanidad Agropecuaria\",\"publisher\":{\"@id\":\"https:\\\/\\\/web.oirsa.org\\\/#organization\"},\"potentialAction\":[{\"@type\":\"SearchAction\",\"target\":{\"@type\":\"EntryPoint\",\"urlTemplate\":\"https:\\\/\\\/web.oirsa.org\\\/?s={search_term_string}\"},\"query-input\":{\"@type\":\"PropertyValueSpecification\",\"valueRequired\":true,\"valueName\":\"search_term_string\"}}],\"inLanguage\":\"en-US\"},{\"@type\":\"Organization\",\"@id\":\"https:\\\/\\\/web.oirsa.org\\\/#organization\",\"name\":\"OIRSA\",\"url\":\"https:\\\/\\\/web.oirsa.org\\\/\",\"logo\":{\"@type\":\"ImageObject\",\"inLanguage\":\"en-US\",\"@id\":\"https:\\\/\\\/web.oirsa.org\\\/#\\\/schema\\\/logo\\\/image\\\/\",\"url\":\"https:\\\/\\\/web.oirsa.org\\\/wp-content\\\/uploads\\\/2024\\\/01\\\/cropped-LOGO-OIRSA-2023.png\",\"contentUrl\":\"https:\\\/\\\/web.oirsa.org\\\/wp-content\\\/uploads\\\/2024\\\/01\\\/cropped-LOGO-OIRSA-2023.png\",\"width\":512,\"height\":512,\"caption\":\"OIRSA\"},\"image\":{\"@id\":\"https:\\\/\\\/web.oirsa.org\\\/#\\\/schema\\\/logo\\\/image\\\/\"},\"sameAs\":[\"https:\\\/\\\/www.facebook.com\\\/OIRSAoficial\",\"https:\\\/\\\/x.com\\\/OIRSAoficial\"]}]}<\/script>\n<!-- \/ Yoast SEO plugin. -->","yoast_head_json":{"title":"Marcela Eugenia Marchelli de Peraza - OIRSA","robots":{"index":"index","follow":"follow","max-snippet":"max-snippet:-1","max-image-preview":"max-image-preview:large","max-video-preview":"max-video-preview:-1"},"canonical":"https:\/\/web.oirsa.org\/en\/marcela-eugenia-marchelli-de-peraza\/","og_locale":"en_US","og_type":"article","og_title":"Marcela Eugenia Marchelli de Peraza - OIRSA","og_description":"Marcela Eugenia Marchelli de Peraza Coordinadora del Programa Regional de Sanidad Ap\u00edcola mmarchelli@oirsa.org La doctora Marcela Eugenia Marchelli de Peraza [&hellip;]","og_url":"https:\/\/web.oirsa.org\/en\/marcela-eugenia-marchelli-de-peraza\/","og_site_name":"OIRSA","article_publisher":"https:\/\/www.facebook.com\/OIRSAoficial","article_modified_time":"2022-01-25T19:23:53+00:00","og_image":[{"url":"https:\/\/web.oirsa.org\/wp-content\/uploads\/2022\/01\/image-4.png","type":"","width":"","height":""}],"twitter_card":"summary_large_image","twitter_site":"@OIRSAoficial","twitter_misc":{"Est. reading time":"1 minute"},"schema":{"@context":"https:\/\/schema.org","@graph":[{"@type":"WebPage","@id":"https:\/\/web.oirsa.org\/marcela-eugenia-marchelli-de-peraza","url":"https:\/\/web.oirsa.org\/marcela-eugenia-marchelli-de-peraza","name":"Marcela Eugenia Marchelli de Peraza - OIRSA","isPartOf":{"@id":"https:\/\/web.oirsa.org\/#website"},"primaryImageOfPage":{"@id":"https:\/\/web.oirsa.org\/marcela-eugenia-marchelli-de-peraza#primaryimage"},"image":{"@id":"https:\/\/web.oirsa.org\/marcela-eugenia-marchelli-de-peraza#primaryimage"},"thumbnailUrl":"https:\/\/web.oirsa.org\/wp-content\/uploads\/2022\/01\/image-4.png","datePublished":"2022-01-25T16:22:47+00:00","dateModified":"2022-01-25T19:23:53+00:00","breadcrumb":{"@id":"https:\/\/web.oirsa.org\/marcela-eugenia-marchelli-de-peraza#breadcrumb"},"inLanguage":"en-US","potentialAction":[{"@type":"ReadAction","target":["https:\/\/web.oirsa.org\/marcela-eugenia-marchelli-de-peraza"]}]},{"@type":"ImageObject","inLanguage":"en-US","@id":"https:\/\/web.oirsa.org\/marcela-eugenia-marchelli-de-peraza#primaryimage","url":"https:\/\/web.oirsa.org\/wp-content\/uploads\/2022\/01\/image-4.png","contentUrl":"https:\/\/web.oirsa.org\/wp-content\/uploads\/2022\/01\/image-4.png"},{"@type":"BreadcrumbList","@id":"https:\/\/web.oirsa.org\/marcela-eugenia-marchelli-de-peraza#breadcrumb","itemListElement":[{"@type":"ListItem","position":1,"name":"Portada","item":"https:\/\/web.oirsa.org\/"},{"@type":"ListItem","position":2,"name":"Marcela Eugenia Marchelli de Peraza"}]},{"@type":"WebSite","@id":"https:\/\/web.oirsa.org\/#website","url":"https:\/\/web.oirsa.org\/","name":"OIRSA","description":"Organismo Internacional Regional de Sanidad Agropecuaria","publisher":{"@id":"https:\/\/web.oirsa.org\/#organization"},"potentialAction":[{"@type":"SearchAction","target":{"@type":"EntryPoint","urlTemplate":"https:\/\/web.oirsa.org\/?s={search_term_string}"},"query-input":{"@type":"PropertyValueSpecification","valueRequired":true,"valueName":"search_term_string"}}],"inLanguage":"en-US"},{"@type":"Organization","@id":"https:\/\/web.oirsa.org\/#organization","name":"OIRSA","url":"https:\/\/web.oirsa.org\/","logo":{"@type":"ImageObject","inLanguage":"en-US","@id":"https:\/\/web.oirsa.org\/#\/schema\/logo\/image\/","url":"https:\/\/web.oirsa.org\/wp-content\/uploads\/2024\/01\/cropped-LOGO-OIRSA-2023.png","contentUrl":"https:\/\/web.oirsa.org\/wp-content\/uploads\/2024\/01\/cropped-LOGO-OIRSA-2023.png","width":512,"height":512,"caption":"OIRSA"},"image":{"@id":"https:\/\/web.oirsa.org\/#\/schema\/logo\/image\/"},"sameAs":["https:\/\/www.facebook.com\/OIRSAoficial","https:\/\/x.com\/OIRSAoficial"]}]}},"jetpack_sharing_enabled":true,"_links":{"self":[{"href":"https:\/\/web.oirsa.org\/en\/wp-json\/wp\/v2\/pages\/8179","targetHints":{"allow":["GET"]}}],"collection":[{"href":"https:\/\/web.oirsa.org\/en\/wp-json\/wp\/v2\/pages"}],"about":[{"href":"https:\/\/web.oirsa.org\/en\/wp-json\/wp\/v2\/types\/page"}],"author":[{"embeddable":true,"href":"https:\/\/web.oirsa.org\/en\/wp-json\/wp\/v2\/users\/213237738"}],"replies":[{"embeddable":true,"href":"https:\/\/web.oirsa.org\/en\/wp-json\/wp\/v2\/comments?post=8179"}],"version-history":[{"count":4,"href":"https:\/\/web.oirsa.org\/en\/wp-json\/wp\/v2\/pages\/8179\/revisions"}],"predecessor-version":[{"id":8188,"href":"https:\/\/web.oirsa.org\/en\/wp-json\/wp\/v2\/pages\/8179\/revisions\/8188"}],"wp:attachment":[{"href":"https:\/\/web.oirsa.org\/en\/wp-json\/wp\/v2\/media?parent=8179"}],"curies":[{"name":"wp","href":"https:\/\/api.w.org\/{rel}","templated":true}]}}