{"id":8169,"date":"2022-01-25T10:15:00","date_gmt":"2022-01-25T16:15:00","guid":{"rendered":"http:\/\/10.103.20.84\/?page_id=8169"},"modified":"2022-09-08T15:16:28","modified_gmt":"2022-09-08T21:16:28","slug":"lissette-esmeralda-marroquin-guardado","status":"publish","type":"page","link":"https:\/\/web.oirsa.org\/en\/lissette-esmeralda-marroquin-guardado","title":{"rendered":"Lissette Esmeralda Marroqu\u00edn Guardado"},"content":{"rendered":"<h2 class=\"has-text-align-center wp-block-heading\" id=\"lissette-esmeralda-marroquin-guardado\">Lissette Esmeralda Marroqu\u00edn Guardado<\/h2>\n\n\n\n<div style=\"height:15px\" aria-hidden=\"true\" class=\"wp-block-spacer\"><\/div>\n\n\n\n<div class=\"wp-block-columns is-layout-flex wp-container-core-columns-is-layout-8f761849 wp-block-columns-is-layout-flex\">\n<div class=\"wp-block-column is-layout-flow wp-block-column-is-layout-flow\" style=\"flex-basis:33.33%\">\n<h2 class=\"wp-block-heading\" id=\"asistente-de-direccion-regional-de-inocuidad\">Asistente de Direcci\u00f3n Regional de Inocuidad <\/h2>\n\n\n\n<p class=\"wp-block-paragraph\">lmarroquin@oirsa.org<\/p>\n\n\n\n<figure class=\"wp-block-image size-large is-resized\"><img data-recalc-dims=\"1\" loading=\"lazy\" decoding=\"async\" src=\"https:\/\/i0.wp.com\/web.oirsa.org\/wp-content\/uploads\/2022\/03\/Liss4copia.jpg?resize=160%2C180&#038;ssl=1\" alt=\"\" class=\"wp-image-8376\" width=\"160\" height=\"180\" srcset=\"https:\/\/i0.wp.com\/web.oirsa.org\/wp-content\/uploads\/2022\/03\/Liss4copia.jpg?resize=907%2C1024&amp;ssl=1 907w, https:\/\/i0.wp.com\/web.oirsa.org\/wp-content\/uploads\/2022\/03\/Liss4copia.jpg?resize=266%2C300&amp;ssl=1 266w, https:\/\/i0.wp.com\/web.oirsa.org\/wp-content\/uploads\/2022\/03\/Liss4copia.jpg?resize=768%2C867&amp;ssl=1 768w, https:\/\/i0.wp.com\/web.oirsa.org\/wp-content\/uploads\/2022\/03\/Liss4copia.jpg?resize=1361%2C1536&amp;ssl=1 1361w, https:\/\/i0.wp.com\/web.oirsa.org\/wp-content\/uploads\/2022\/03\/Liss4copia.jpg?resize=1200%2C1354&amp;ssl=1 1200w, https:\/\/i0.wp.com\/web.oirsa.org\/wp-content\/uploads\/2022\/03\/Liss4copia.jpg?w=1486&amp;ssl=1 1486w, https:\/\/i0.wp.com\/web.oirsa.org\/wp-content\/uploads\/2022\/03\/Liss4copia.jpg?w=1050&amp;ssl=1 1050w\" sizes=\"auto, (max-width: 160px) 100vw, 160px\" \/><\/figure>\n<\/div>\n\n\n\n<div class=\"wp-block-column is-layout-flow wp-block-column-is-layout-flow\" style=\"flex-basis:66.66%\">\n<p class=\"has-text-align-justify wp-block-paragraph\">De origen salvadore\u00f1o, Lissette Marroqu\u00edn Cu\u00e9llar, se gradu\u00f3 de T\u00e9cnico en preparaci\u00f3n y servicio de alimentos en el Instituto T\u00e9cnico Centroamericano (ITCA) en 2005, continu\u00f3 gradu\u00e1ndose de Ingeniera en Alimentos de la Universidad Dr. Jos\u00e9 Mat\u00edas Delgado de El Salvador en 2009, en 2018 obtuvo Maestr\u00eda en Gerencia de Programas Sanitarios en Inocuidad de Alimentos de la Universidad de Cooperaci\u00f3n Internacional (UCI), Costa Rica. Tambi\u00e9n posee estudios en diversos temas de inocuidad de los alimentos de origen animal y vegetal, incluyendo entre algunos: an\u00e1lisis de riesgos en inocuidad de los alimentos, auditor\u00edas e inspecci\u00f3n en inocuidad de los alimentos, an\u00e1lisis de peligros y puntos cr\u00edticos de control (HACCP) por sus siglas en ingl\u00e9s, buenas pr\u00e1cticas en productos de origen natural y vegetal, legislaci\u00f3n alimentaria, Comercio internacional.<\/p>\n\n\n\n<p class=\"has-text-align-justify wp-block-paragraph\"><br>Inicio su carrera en Grupo Calleja S.A de C.V como Inspectora de calidad y Analista de laboratorio; en SUPAN S.A DE C.V- GRUPO LIDO se desempe\u00f1\u00f3 como Jefe de producci\u00f3n; se incorpor\u00f3 a MELHER S.A DE C.V como Facilitadora T\u00e9cnica de Producci\u00f3n y Desarrollo; seguidamente en LIVSMART AMERICAS S.A DE C.V fue Coordinadora de Investigaci\u00f3n y Desarrollo. En el \u00e1rea de consultor\u00eda, ha colaborado con PROINNOVA\/FUSADES\/BID-FOMIN (Banco Interamericano de Desarrollo\/Fondo Multilateral de Inversiones) Consultor\u00eda Promotor de Innovaci\u00f3n en la Industria de Alimentos y bebidas en PYMES; con PROINNOVA\/FUSADES\/USAID (Programa PDPYMES) colabor\u00f3 como Consultor T\u00e9cnico y de Seguimiento; y PDe origen salvadore\u00f1o, Lissette Marroqu\u00edn Cu\u00e9llar, se gradu\u00f3 de T\u00e9cnico en preparaci\u00f3n y servicio de alimentos en el Instituto T\u00e9cnico Centroamericano (ITCA) en 2005, continu\u00f3 gradu\u00e1ndose de Ingeniera en Alimentos de la Universidad Dr. Jos\u00e9 Mat\u00edas Delgado de El Salvador en 2009, en 2018 obtuvo Maestr\u00eda en Gerencia de Programas Sanitarios en Inocuidad de Alimentos de la Universidad de Cooperaci\u00f3n Internacional (UCI), Costa Rica. Tambi\u00e9n posee estudios en diversos temas de inocuidad de los alimentos de origen animal y vegetal, incluyendo entre algunos: an\u00e1lisis de riesgos en inocuidad de los alimentos, auditor\u00edas e inspecci\u00f3n en inocuidad de los alimentos, an\u00e1lisis de peligros y puntos cr\u00edticos de control (HACCP) por sus siglas en ingl\u00e9s, buenas pr\u00e1cticas en productos de origen natural y vegetal, legislaci\u00f3n alimentaria, comercio internacional.<\/p>\n<\/div>\n<\/div>","protected":false},"excerpt":{"rendered":"<p>Lissette Esmeralda Marroqu\u00edn Guardado Asistente de Direcci\u00f3n Regional de Inocuidad lmarroquin@oirsa.org De origen salvadore\u00f1o, Lissette Marroqu\u00edn Cu\u00e9llar, se gradu\u00f3 de [&hellip;]<\/p>\n","protected":false},"author":213237738,"featured_media":0,"parent":0,"menu_order":0,"comment_status":"closed","ping_status":"closed","template":"","meta":{"_coblocks_attr":"","_coblocks_dimensions":"","_coblocks_responsive_height":"","_coblocks_accordion_ie_support":"","_crdt_document":"","footnotes":""},"class_list":["post-8169","page","type-page","status-publish","hentry"],"yoast_head":"<!-- This site is optimized with the Yoast SEO plugin v27.4 - https:\/\/yoast.com\/product\/yoast-seo-wordpress\/ -->\n<title>Lissette Esmeralda Marroqu\u00edn Guardado - OIRSA<\/title>\n<meta name=\"robots\" content=\"index, follow, max-snippet:-1, max-image-preview:large, max-video-preview:-1\" \/>\n<link rel=\"canonical\" href=\"https:\/\/web.oirsa.org\/en\/lissette-esmeralda-marroquin-guardado\/\" \/>\n<meta property=\"og:locale\" content=\"en_US\" \/>\n<meta property=\"og:type\" content=\"article\" \/>\n<meta property=\"og:title\" content=\"Lissette Esmeralda Marroqu\u00edn Guardado - OIRSA\" \/>\n<meta property=\"og:description\" content=\"Lissette Esmeralda Marroqu\u00edn Guardado Asistente de Direcci\u00f3n Regional de Inocuidad lmarroquin@oirsa.org De origen salvadore\u00f1o, Lissette Marroqu\u00edn Cu\u00e9llar, se gradu\u00f3 de [&hellip;]\" \/>\n<meta property=\"og:url\" content=\"https:\/\/web.oirsa.org\/en\/lissette-esmeralda-marroquin-guardado\/\" \/>\n<meta property=\"og:site_name\" content=\"OIRSA\" \/>\n<meta property=\"article:publisher\" content=\"https:\/\/www.facebook.com\/OIRSAoficial\" \/>\n<meta property=\"article:modified_time\" content=\"2022-09-08T21:16:28+00:00\" \/>\n<meta property=\"og:image\" content=\"https:\/\/web.oirsa.org\/wp-content\/uploads\/2022\/03\/Liss4copia-907x1024.jpg\" \/>\n<meta name=\"twitter:card\" content=\"summary_large_image\" \/>\n<meta name=\"twitter:site\" content=\"@OIRSAoficial\" \/>\n<meta name=\"twitter:label1\" content=\"Est. reading time\" \/>\n\t<meta name=\"twitter:data1\" content=\"2 minutes\" \/>\n<script type=\"application\/ld+json\" class=\"yoast-schema-graph\">{\"@context\":\"https:\\\/\\\/schema.org\",\"@graph\":[{\"@type\":\"WebPage\",\"@id\":\"https:\\\/\\\/web.oirsa.org\\\/lissette-esmeralda-marroquin-guardado\",\"url\":\"https:\\\/\\\/web.oirsa.org\\\/lissette-esmeralda-marroquin-guardado\",\"name\":\"Lissette Esmeralda Marroqu\u00edn Guardado - OIRSA\",\"isPartOf\":{\"@id\":\"https:\\\/\\\/web.oirsa.org\\\/#website\"},\"primaryImageOfPage\":{\"@id\":\"https:\\\/\\\/web.oirsa.org\\\/lissette-esmeralda-marroquin-guardado#primaryimage\"},\"image\":{\"@id\":\"https:\\\/\\\/web.oirsa.org\\\/lissette-esmeralda-marroquin-guardado#primaryimage\"},\"thumbnailUrl\":\"https:\\\/\\\/web.oirsa.org\\\/wp-content\\\/uploads\\\/2022\\\/03\\\/Liss4copia-907x1024.jpg\",\"datePublished\":\"2022-01-25T16:15:00+00:00\",\"dateModified\":\"2022-09-08T21:16:28+00:00\",\"breadcrumb\":{\"@id\":\"https:\\\/\\\/web.oirsa.org\\\/lissette-esmeralda-marroquin-guardado#breadcrumb\"},\"inLanguage\":\"en-US\",\"potentialAction\":[{\"@type\":\"ReadAction\",\"target\":[\"https:\\\/\\\/web.oirsa.org\\\/lissette-esmeralda-marroquin-guardado\"]}]},{\"@type\":\"ImageObject\",\"inLanguage\":\"en-US\",\"@id\":\"https:\\\/\\\/web.oirsa.org\\\/lissette-esmeralda-marroquin-guardado#primaryimage\",\"url\":\"https:\\\/\\\/web.oirsa.org\\\/wp-content\\\/uploads\\\/2022\\\/03\\\/Liss4copia-907x1024.jpg\",\"contentUrl\":\"https:\\\/\\\/web.oirsa.org\\\/wp-content\\\/uploads\\\/2022\\\/03\\\/Liss4copia-907x1024.jpg\"},{\"@type\":\"BreadcrumbList\",\"@id\":\"https:\\\/\\\/web.oirsa.org\\\/lissette-esmeralda-marroquin-guardado#breadcrumb\",\"itemListElement\":[{\"@type\":\"ListItem\",\"position\":1,\"name\":\"Portada\",\"item\":\"https:\\\/\\\/web.oirsa.org\\\/\"},{\"@type\":\"ListItem\",\"position\":2,\"name\":\"Lissette Esmeralda Marroqu\u00edn Guardado\"}]},{\"@type\":\"WebSite\",\"@id\":\"https:\\\/\\\/web.oirsa.org\\\/#website\",\"url\":\"https:\\\/\\\/web.oirsa.org\\\/\",\"name\":\"OIRSA\",\"description\":\"Organismo Internacional Regional de Sanidad Agropecuaria\",\"publisher\":{\"@id\":\"https:\\\/\\\/web.oirsa.org\\\/#organization\"},\"potentialAction\":[{\"@type\":\"SearchAction\",\"target\":{\"@type\":\"EntryPoint\",\"urlTemplate\":\"https:\\\/\\\/web.oirsa.org\\\/?s={search_term_string}\"},\"query-input\":{\"@type\":\"PropertyValueSpecification\",\"valueRequired\":true,\"valueName\":\"search_term_string\"}}],\"inLanguage\":\"en-US\"},{\"@type\":\"Organization\",\"@id\":\"https:\\\/\\\/web.oirsa.org\\\/#organization\",\"name\":\"OIRSA\",\"url\":\"https:\\\/\\\/web.oirsa.org\\\/\",\"logo\":{\"@type\":\"ImageObject\",\"inLanguage\":\"en-US\",\"@id\":\"https:\\\/\\\/web.oirsa.org\\\/#\\\/schema\\\/logo\\\/image\\\/\",\"url\":\"https:\\\/\\\/web.oirsa.org\\\/wp-content\\\/uploads\\\/2024\\\/01\\\/cropped-LOGO-OIRSA-2023.png\",\"contentUrl\":\"https:\\\/\\\/web.oirsa.org\\\/wp-content\\\/uploads\\\/2024\\\/01\\\/cropped-LOGO-OIRSA-2023.png\",\"width\":512,\"height\":512,\"caption\":\"OIRSA\"},\"image\":{\"@id\":\"https:\\\/\\\/web.oirsa.org\\\/#\\\/schema\\\/logo\\\/image\\\/\"},\"sameAs\":[\"https:\\\/\\\/www.facebook.com\\\/OIRSAoficial\",\"https:\\\/\\\/x.com\\\/OIRSAoficial\"]}]}<\/script>\n<!-- \/ Yoast SEO plugin. -->","yoast_head_json":{"title":"Lissette Esmeralda Marroqu\u00edn Guardado - OIRSA","robots":{"index":"index","follow":"follow","max-snippet":"max-snippet:-1","max-image-preview":"max-image-preview:large","max-video-preview":"max-video-preview:-1"},"canonical":"https:\/\/web.oirsa.org\/en\/lissette-esmeralda-marroquin-guardado\/","og_locale":"en_US","og_type":"article","og_title":"Lissette Esmeralda Marroqu\u00edn Guardado - OIRSA","og_description":"Lissette Esmeralda Marroqu\u00edn Guardado Asistente de Direcci\u00f3n Regional de Inocuidad lmarroquin@oirsa.org De origen salvadore\u00f1o, Lissette Marroqu\u00edn Cu\u00e9llar, se gradu\u00f3 de [&hellip;]","og_url":"https:\/\/web.oirsa.org\/en\/lissette-esmeralda-marroquin-guardado\/","og_site_name":"OIRSA","article_publisher":"https:\/\/www.facebook.com\/OIRSAoficial","article_modified_time":"2022-09-08T21:16:28+00:00","og_image":[{"url":"https:\/\/web.oirsa.org\/wp-content\/uploads\/2022\/03\/Liss4copia-907x1024.jpg","type":"","width":"","height":""}],"twitter_card":"summary_large_image","twitter_site":"@OIRSAoficial","twitter_misc":{"Est. reading time":"2 minutes"},"schema":{"@context":"https:\/\/schema.org","@graph":[{"@type":"WebPage","@id":"https:\/\/web.oirsa.org\/lissette-esmeralda-marroquin-guardado","url":"https:\/\/web.oirsa.org\/lissette-esmeralda-marroquin-guardado","name":"Lissette Esmeralda Marroqu\u00edn Guardado - OIRSA","isPartOf":{"@id":"https:\/\/web.oirsa.org\/#website"},"primaryImageOfPage":{"@id":"https:\/\/web.oirsa.org\/lissette-esmeralda-marroquin-guardado#primaryimage"},"image":{"@id":"https:\/\/web.oirsa.org\/lissette-esmeralda-marroquin-guardado#primaryimage"},"thumbnailUrl":"https:\/\/web.oirsa.org\/wp-content\/uploads\/2022\/03\/Liss4copia-907x1024.jpg","datePublished":"2022-01-25T16:15:00+00:00","dateModified":"2022-09-08T21:16:28+00:00","breadcrumb":{"@id":"https:\/\/web.oirsa.org\/lissette-esmeralda-marroquin-guardado#breadcrumb"},"inLanguage":"en-US","potentialAction":[{"@type":"ReadAction","target":["https:\/\/web.oirsa.org\/lissette-esmeralda-marroquin-guardado"]}]},{"@type":"ImageObject","inLanguage":"en-US","@id":"https:\/\/web.oirsa.org\/lissette-esmeralda-marroquin-guardado#primaryimage","url":"https:\/\/web.oirsa.org\/wp-content\/uploads\/2022\/03\/Liss4copia-907x1024.jpg","contentUrl":"https:\/\/web.oirsa.org\/wp-content\/uploads\/2022\/03\/Liss4copia-907x1024.jpg"},{"@type":"BreadcrumbList","@id":"https:\/\/web.oirsa.org\/lissette-esmeralda-marroquin-guardado#breadcrumb","itemListElement":[{"@type":"ListItem","position":1,"name":"Portada","item":"https:\/\/web.oirsa.org\/"},{"@type":"ListItem","position":2,"name":"Lissette Esmeralda Marroqu\u00edn Guardado"}]},{"@type":"WebSite","@id":"https:\/\/web.oirsa.org\/#website","url":"https:\/\/web.oirsa.org\/","name":"OIRSA","description":"Organismo Internacional Regional de Sanidad Agropecuaria","publisher":{"@id":"https:\/\/web.oirsa.org\/#organization"},"potentialAction":[{"@type":"SearchAction","target":{"@type":"EntryPoint","urlTemplate":"https:\/\/web.oirsa.org\/?s={search_term_string}"},"query-input":{"@type":"PropertyValueSpecification","valueRequired":true,"valueName":"search_term_string"}}],"inLanguage":"en-US"},{"@type":"Organization","@id":"https:\/\/web.oirsa.org\/#organization","name":"OIRSA","url":"https:\/\/web.oirsa.org\/","logo":{"@type":"ImageObject","inLanguage":"en-US","@id":"https:\/\/web.oirsa.org\/#\/schema\/logo\/image\/","url":"https:\/\/web.oirsa.org\/wp-content\/uploads\/2024\/01\/cropped-LOGO-OIRSA-2023.png","contentUrl":"https:\/\/web.oirsa.org\/wp-content\/uploads\/2024\/01\/cropped-LOGO-OIRSA-2023.png","width":512,"height":512,"caption":"OIRSA"},"image":{"@id":"https:\/\/web.oirsa.org\/#\/schema\/logo\/image\/"},"sameAs":["https:\/\/www.facebook.com\/OIRSAoficial","https:\/\/x.com\/OIRSAoficial"]}]}},"jetpack_sharing_enabled":true,"_links":{"self":[{"href":"https:\/\/web.oirsa.org\/en\/wp-json\/wp\/v2\/pages\/8169","targetHints":{"allow":["GET"]}}],"collection":[{"href":"https:\/\/web.oirsa.org\/en\/wp-json\/wp\/v2\/pages"}],"about":[{"href":"https:\/\/web.oirsa.org\/en\/wp-json\/wp\/v2\/types\/page"}],"author":[{"embeddable":true,"href":"https:\/\/web.oirsa.org\/en\/wp-json\/wp\/v2\/users\/213237738"}],"replies":[{"embeddable":true,"href":"https:\/\/web.oirsa.org\/en\/wp-json\/wp\/v2\/comments?post=8169"}],"version-history":[{"count":7,"href":"https:\/\/web.oirsa.org\/en\/wp-json\/wp\/v2\/pages\/8169\/revisions"}],"predecessor-version":[{"id":8565,"href":"https:\/\/web.oirsa.org\/en\/wp-json\/wp\/v2\/pages\/8169\/revisions\/8565"}],"wp:attachment":[{"href":"https:\/\/web.oirsa.org\/en\/wp-json\/wp\/v2\/media?parent=8169"}],"curies":[{"name":"wp","href":"https:\/\/api.w.org\/{rel}","templated":true}]}}