{"id":8148,"date":"2022-01-25T09:55:06","date_gmt":"2022-01-25T15:55:06","guid":{"rendered":"http:\/\/10.103.20.84\/?page_id=8148"},"modified":"2024-12-13T13:42:15","modified_gmt":"2024-12-13T19:42:15","slug":"jose-ivan-hernandez","status":"publish","type":"page","link":"https:\/\/web.oirsa.org\/en\/jose-ivan-hernandez","title":{"rendered":"Jos\u00e9 Iv\u00e1n Hern\u00e1ndez"},"content":{"rendered":"<h2 class=\"wp-block-heading has-text-align-center\" id=\"jose-ivan-hernandez\">Jos\u00e9 Iv\u00e1n Hern\u00e1ndez<\/h2>\n\n\n\n<div style=\"height:15px\" aria-hidden=\"true\" class=\"wp-block-spacer\"><\/div>\n\n\n\n<div class=\"wp-block-columns is-layout-flex wp-container-core-columns-is-layout-8f761849 wp-block-columns-is-layout-flex\">\n<div class=\"wp-block-column is-layout-flow wp-block-column-is-layout-flow\" style=\"flex-basis:33.33%\">\n<h2 class=\"wp-block-heading\" id=\"asesor-tecnico-de-la-direccion-regional-de-servicios-cuarentenarios-del-oirsa\">Director Regional de Servicios Cuarentenarios del OIRSA<\/h2>\n\n\n\n<p class=\"wp-block-paragraph\">jhernandez@oirsa.org <\/p>\n\n\n\n<figure class=\"wp-block-image size-full\"><img data-recalc-dims=\"1\" loading=\"lazy\" decoding=\"async\" width=\"125\" height=\"168\" src=\"https:\/\/i0.wp.com\/web.oirsa.org\/wp-content\/uploads\/2022\/01\/image-1.png?resize=125%2C168&#038;ssl=1\" alt=\"\" class=\"wp-image-8157\"\/><\/figure>\n<\/div>\n\n\n\n<div class=\"wp-block-column is-layout-flow wp-block-column-is-layout-flow\" style=\"flex-basis:66.66%\">\n<p class=\"has-text-align-justify wp-block-paragraph\">Jos\u00e9 Iv\u00e1n Hern\u00e1ndez es un ingeniero agr\u00f3nomo de Honduras graduado de la Escuela Nacional de Agricultura (ENA) de Catacamas, departamento de Olancho. Hern\u00e1ndez cuenta con una amplia trayectoria en el OIRSA, donde comenz\u00f3 a laborar en 2000 como inspector de cuarentena en las aduanas hondure\u00f1as de El Guasaule, Agua Caliente, El Florido, La Fraternidad y el aeropuerto Ram\u00f3n Villeda Morales.<\/p>\n\n\n\n<p class=\"has-text-align-justify wp-block-paragraph\"><br>De 2004 a 2008 fungi\u00f3 como oficial de cuarentena (jefe de puesto) del Organismo en las aduanas de El Florido, Agua Caliente, El Poy y Puerto Cort\u00e9s. Posteriormente, fue promovido a supervisor de los proyectos del OIRSA (SEPA, SITC, Centrex) en la regi\u00f3n noroccidente, centro-sur y nor-atl\u00e1ntica de Honduras. <\/p>\n\n\n\n<p class=\"has-text-align-justify wp-block-paragraph\">Para 2015 se convirti\u00f3 en el coordinador nacional del Programa de \u00c1rea Libre de Mosca del Mediterr\u00e1neo en el pa\u00eds. Hern\u00e1ndez ha participado en importantes proyectos dentro del OIRSA como la instalaci\u00f3n e inicio de operaciones de cuatro arcos de aspersi\u00f3n en Rep\u00fablica Dominicana, o la instalaci\u00f3n de puestos de aspersi\u00f3n en las tres fronteras de Honduras con Guatemala por motivo de prevenci\u00f3n contra la Peste Porcina Cl\u00e1sica.<\/p>\n\n\n\n<p class=\"has-text-align-justify wp-block-paragraph\"><br>Asimismo, ha fungido como expositor en cursos de cuarentena en Rep\u00fablica Dominicana, Panam\u00e1, El Salvador, Nicaragua y Honduras; sobre temas de inspecciones fitosanitarias, procedimientos desarrollados en puertos, aeropuertos y aduanas terrestres, an\u00e1lisis de riesgo de plagas, entre otros.<\/p>\n<\/div>\n<\/div>","protected":false},"excerpt":{"rendered":"<p>Jos\u00e9 Iv\u00e1n Hern\u00e1ndez Director Regional de Servicios Cuarentenarios del OIRSA jhernandez@oirsa.org Jos\u00e9 Iv\u00e1n Hern\u00e1ndez es un ingeniero agr\u00f3nomo de Honduras [&hellip;]<\/p>\n","protected":false},"author":213237738,"featured_media":0,"parent":0,"menu_order":0,"comment_status":"closed","ping_status":"closed","template":"","meta":{"_coblocks_attr":"","_coblocks_dimensions":"","_coblocks_responsive_height":"","_coblocks_accordion_ie_support":"","_crdt_document":"","footnotes":""},"class_list":["post-8148","page","type-page","status-publish","hentry"],"yoast_head":"<!-- This site is optimized with the Yoast SEO plugin v27.3 - https:\/\/yoast.com\/product\/yoast-seo-wordpress\/ -->\n<title>Jos\u00e9 Iv\u00e1n Hern\u00e1ndez - OIRSA<\/title>\n<meta name=\"robots\" content=\"index, follow, max-snippet:-1, max-image-preview:large, max-video-preview:-1\" \/>\n<link rel=\"canonical\" href=\"https:\/\/web.oirsa.org\/en\/jose-ivan-hernandez\/\" \/>\n<meta property=\"og:locale\" content=\"en_US\" \/>\n<meta property=\"og:type\" content=\"article\" \/>\n<meta property=\"og:title\" content=\"Jos\u00e9 Iv\u00e1n Hern\u00e1ndez - OIRSA\" \/>\n<meta property=\"og:description\" content=\"Jos\u00e9 Iv\u00e1n Hern\u00e1ndez Director Regional de Servicios Cuarentenarios del OIRSA jhernandez@oirsa.org Jos\u00e9 Iv\u00e1n Hern\u00e1ndez es un ingeniero agr\u00f3nomo de Honduras [&hellip;]\" \/>\n<meta property=\"og:url\" content=\"https:\/\/web.oirsa.org\/en\/jose-ivan-hernandez\/\" \/>\n<meta property=\"og:site_name\" content=\"OIRSA\" \/>\n<meta property=\"article:publisher\" content=\"https:\/\/www.facebook.com\/OIRSAoficial\" \/>\n<meta property=\"article:modified_time\" content=\"2024-12-13T19:42:15+00:00\" \/>\n<meta property=\"og:image\" content=\"https:\/\/web.oirsa.org\/wp-content\/uploads\/2022\/01\/image-1.png\" \/>\n<meta name=\"twitter:card\" content=\"summary_large_image\" \/>\n<meta name=\"twitter:site\" content=\"@OIRSAoficial\" \/>\n<meta name=\"twitter:label1\" content=\"Est. reading time\" \/>\n\t<meta name=\"twitter:data1\" content=\"2 minutes\" \/>\n<script type=\"application\/ld+json\" class=\"yoast-schema-graph\">{\"@context\":\"https:\\\/\\\/schema.org\",\"@graph\":[{\"@type\":\"WebPage\",\"@id\":\"https:\\\/\\\/web.oirsa.org\\\/jose-ivan-hernandez\",\"url\":\"https:\\\/\\\/web.oirsa.org\\\/jose-ivan-hernandez\",\"name\":\"Jos\u00e9 Iv\u00e1n Hern\u00e1ndez - OIRSA\",\"isPartOf\":{\"@id\":\"https:\\\/\\\/web.oirsa.org\\\/#website\"},\"primaryImageOfPage\":{\"@id\":\"https:\\\/\\\/web.oirsa.org\\\/jose-ivan-hernandez#primaryimage\"},\"image\":{\"@id\":\"https:\\\/\\\/web.oirsa.org\\\/jose-ivan-hernandez#primaryimage\"},\"thumbnailUrl\":\"https:\\\/\\\/web.oirsa.org\\\/wp-content\\\/uploads\\\/2022\\\/01\\\/image-1.png\",\"datePublished\":\"2022-01-25T15:55:06+00:00\",\"dateModified\":\"2024-12-13T19:42:15+00:00\",\"breadcrumb\":{\"@id\":\"https:\\\/\\\/web.oirsa.org\\\/jose-ivan-hernandez#breadcrumb\"},\"inLanguage\":\"en-US\",\"potentialAction\":[{\"@type\":\"ReadAction\",\"target\":[\"https:\\\/\\\/web.oirsa.org\\\/jose-ivan-hernandez\"]}]},{\"@type\":\"ImageObject\",\"inLanguage\":\"en-US\",\"@id\":\"https:\\\/\\\/web.oirsa.org\\\/jose-ivan-hernandez#primaryimage\",\"url\":\"https:\\\/\\\/web.oirsa.org\\\/wp-content\\\/uploads\\\/2022\\\/01\\\/image-1.png\",\"contentUrl\":\"https:\\\/\\\/web.oirsa.org\\\/wp-content\\\/uploads\\\/2022\\\/01\\\/image-1.png\"},{\"@type\":\"BreadcrumbList\",\"@id\":\"https:\\\/\\\/web.oirsa.org\\\/jose-ivan-hernandez#breadcrumb\",\"itemListElement\":[{\"@type\":\"ListItem\",\"position\":1,\"name\":\"Portada\",\"item\":\"https:\\\/\\\/web.oirsa.org\\\/\"},{\"@type\":\"ListItem\",\"position\":2,\"name\":\"Jos\u00e9 Iv\u00e1n Hern\u00e1ndez\"}]},{\"@type\":\"WebSite\",\"@id\":\"https:\\\/\\\/web.oirsa.org\\\/#website\",\"url\":\"https:\\\/\\\/web.oirsa.org\\\/\",\"name\":\"OIRSA\",\"description\":\"Organismo Internacional Regional de Sanidad Agropecuaria\",\"publisher\":{\"@id\":\"https:\\\/\\\/web.oirsa.org\\\/#organization\"},\"potentialAction\":[{\"@type\":\"SearchAction\",\"target\":{\"@type\":\"EntryPoint\",\"urlTemplate\":\"https:\\\/\\\/web.oirsa.org\\\/?s={search_term_string}\"},\"query-input\":{\"@type\":\"PropertyValueSpecification\",\"valueRequired\":true,\"valueName\":\"search_term_string\"}}],\"inLanguage\":\"en-US\"},{\"@type\":\"Organization\",\"@id\":\"https:\\\/\\\/web.oirsa.org\\\/#organization\",\"name\":\"OIRSA\",\"url\":\"https:\\\/\\\/web.oirsa.org\\\/\",\"logo\":{\"@type\":\"ImageObject\",\"inLanguage\":\"en-US\",\"@id\":\"https:\\\/\\\/web.oirsa.org\\\/#\\\/schema\\\/logo\\\/image\\\/\",\"url\":\"https:\\\/\\\/web.oirsa.org\\\/wp-content\\\/uploads\\\/2024\\\/01\\\/cropped-LOGO-OIRSA-2023.png\",\"contentUrl\":\"https:\\\/\\\/web.oirsa.org\\\/wp-content\\\/uploads\\\/2024\\\/01\\\/cropped-LOGO-OIRSA-2023.png\",\"width\":512,\"height\":512,\"caption\":\"OIRSA\"},\"image\":{\"@id\":\"https:\\\/\\\/web.oirsa.org\\\/#\\\/schema\\\/logo\\\/image\\\/\"},\"sameAs\":[\"https:\\\/\\\/www.facebook.com\\\/OIRSAoficial\",\"https:\\\/\\\/x.com\\\/OIRSAoficial\"]}]}<\/script>\n<!-- \/ Yoast SEO plugin. -->","yoast_head_json":{"title":"Jos\u00e9 Iv\u00e1n Hern\u00e1ndez - OIRSA","robots":{"index":"index","follow":"follow","max-snippet":"max-snippet:-1","max-image-preview":"max-image-preview:large","max-video-preview":"max-video-preview:-1"},"canonical":"https:\/\/web.oirsa.org\/en\/jose-ivan-hernandez\/","og_locale":"en_US","og_type":"article","og_title":"Jos\u00e9 Iv\u00e1n Hern\u00e1ndez - OIRSA","og_description":"Jos\u00e9 Iv\u00e1n Hern\u00e1ndez Director Regional de Servicios Cuarentenarios del OIRSA jhernandez@oirsa.org Jos\u00e9 Iv\u00e1n Hern\u00e1ndez es un ingeniero agr\u00f3nomo de Honduras [&hellip;]","og_url":"https:\/\/web.oirsa.org\/en\/jose-ivan-hernandez\/","og_site_name":"OIRSA","article_publisher":"https:\/\/www.facebook.com\/OIRSAoficial","article_modified_time":"2024-12-13T19:42:15+00:00","og_image":[{"url":"https:\/\/web.oirsa.org\/wp-content\/uploads\/2022\/01\/image-1.png","type":"","width":"","height":""}],"twitter_card":"summary_large_image","twitter_site":"@OIRSAoficial","twitter_misc":{"Est. reading time":"2 minutes"},"schema":{"@context":"https:\/\/schema.org","@graph":[{"@type":"WebPage","@id":"https:\/\/web.oirsa.org\/jose-ivan-hernandez","url":"https:\/\/web.oirsa.org\/jose-ivan-hernandez","name":"Jos\u00e9 Iv\u00e1n Hern\u00e1ndez - OIRSA","isPartOf":{"@id":"https:\/\/web.oirsa.org\/#website"},"primaryImageOfPage":{"@id":"https:\/\/web.oirsa.org\/jose-ivan-hernandez#primaryimage"},"image":{"@id":"https:\/\/web.oirsa.org\/jose-ivan-hernandez#primaryimage"},"thumbnailUrl":"https:\/\/web.oirsa.org\/wp-content\/uploads\/2022\/01\/image-1.png","datePublished":"2022-01-25T15:55:06+00:00","dateModified":"2024-12-13T19:42:15+00:00","breadcrumb":{"@id":"https:\/\/web.oirsa.org\/jose-ivan-hernandez#breadcrumb"},"inLanguage":"en-US","potentialAction":[{"@type":"ReadAction","target":["https:\/\/web.oirsa.org\/jose-ivan-hernandez"]}]},{"@type":"ImageObject","inLanguage":"en-US","@id":"https:\/\/web.oirsa.org\/jose-ivan-hernandez#primaryimage","url":"https:\/\/web.oirsa.org\/wp-content\/uploads\/2022\/01\/image-1.png","contentUrl":"https:\/\/web.oirsa.org\/wp-content\/uploads\/2022\/01\/image-1.png"},{"@type":"BreadcrumbList","@id":"https:\/\/web.oirsa.org\/jose-ivan-hernandez#breadcrumb","itemListElement":[{"@type":"ListItem","position":1,"name":"Portada","item":"https:\/\/web.oirsa.org\/"},{"@type":"ListItem","position":2,"name":"Jos\u00e9 Iv\u00e1n Hern\u00e1ndez"}]},{"@type":"WebSite","@id":"https:\/\/web.oirsa.org\/#website","url":"https:\/\/web.oirsa.org\/","name":"OIRSA","description":"Organismo Internacional Regional de Sanidad Agropecuaria","publisher":{"@id":"https:\/\/web.oirsa.org\/#organization"},"potentialAction":[{"@type":"SearchAction","target":{"@type":"EntryPoint","urlTemplate":"https:\/\/web.oirsa.org\/?s={search_term_string}"},"query-input":{"@type":"PropertyValueSpecification","valueRequired":true,"valueName":"search_term_string"}}],"inLanguage":"en-US"},{"@type":"Organization","@id":"https:\/\/web.oirsa.org\/#organization","name":"OIRSA","url":"https:\/\/web.oirsa.org\/","logo":{"@type":"ImageObject","inLanguage":"en-US","@id":"https:\/\/web.oirsa.org\/#\/schema\/logo\/image\/","url":"https:\/\/web.oirsa.org\/wp-content\/uploads\/2024\/01\/cropped-LOGO-OIRSA-2023.png","contentUrl":"https:\/\/web.oirsa.org\/wp-content\/uploads\/2024\/01\/cropped-LOGO-OIRSA-2023.png","width":512,"height":512,"caption":"OIRSA"},"image":{"@id":"https:\/\/web.oirsa.org\/#\/schema\/logo\/image\/"},"sameAs":["https:\/\/www.facebook.com\/OIRSAoficial","https:\/\/x.com\/OIRSAoficial"]}]}},"jetpack_sharing_enabled":true,"_links":{"self":[{"href":"https:\/\/web.oirsa.org\/en\/wp-json\/wp\/v2\/pages\/8148","targetHints":{"allow":["GET"]}}],"collection":[{"href":"https:\/\/web.oirsa.org\/en\/wp-json\/wp\/v2\/pages"}],"about":[{"href":"https:\/\/web.oirsa.org\/en\/wp-json\/wp\/v2\/types\/page"}],"author":[{"embeddable":true,"href":"https:\/\/web.oirsa.org\/en\/wp-json\/wp\/v2\/users\/213237738"}],"replies":[{"embeddable":true,"href":"https:\/\/web.oirsa.org\/en\/wp-json\/wp\/v2\/comments?post=8148"}],"version-history":[{"count":5,"href":"https:\/\/web.oirsa.org\/en\/wp-json\/wp\/v2\/pages\/8148\/revisions"}],"predecessor-version":[{"id":16855,"href":"https:\/\/web.oirsa.org\/en\/wp-json\/wp\/v2\/pages\/8148\/revisions\/16855"}],"wp:attachment":[{"href":"https:\/\/web.oirsa.org\/en\/wp-json\/wp\/v2\/media?parent=8148"}],"curies":[{"name":"wp","href":"https:\/\/api.w.org\/{rel}","templated":true}]}}