{"id":8138,"date":"2022-01-25T09:39:58","date_gmt":"2022-01-25T15:39:58","guid":{"rendered":"http:\/\/10.103.20.84\/?page_id=8138"},"modified":"2022-01-25T09:47:41","modified_gmt":"2022-01-25T15:47:41","slug":"herber-ronaldo-morales-estevez","status":"publish","type":"page","link":"https:\/\/web.oirsa.org\/en\/herber-ronaldo-morales-estevez","title":{"rendered":"Herber Ronaldo Morales Est\u00e9vez"},"content":{"rendered":"<h2 class=\"has-text-align-center wp-block-heading\" id=\"herber-ronaldo-morales-estevez\">Herber Ronaldo Morales Est\u00e9vez<\/h2>\n\n\n\n<div style=\"height:15px\" aria-hidden=\"true\" class=\"wp-block-spacer\"><\/div>\n\n\n\n<div class=\"wp-block-columns is-layout-flex wp-container-core-columns-is-layout-8f761849 wp-block-columns-is-layout-flex\">\n<div class=\"wp-block-column is-layout-flow wp-block-column-is-layout-flow\" style=\"flex-basis:33.33%\">\n<h2 class=\"wp-block-heading\" id=\"coordinador-del-programa-regional-de-medicamentos-veterinarios\">Coordinador del Programa Regional de Medicamentos Veterinarios<\/h2>\n\n\n\n<p class=\"wp-block-paragraph\">hmorales@oirsa.org<\/p>\n\n\n\n<figure class=\"wp-block-image size-full\"><img data-recalc-dims=\"1\" loading=\"lazy\" decoding=\"async\" width=\"124\" height=\"138\" src=\"https:\/\/i0.wp.com\/web.oirsa.org\/wp-content\/uploads\/2022\/01\/image.png?resize=124%2C138&#038;ssl=1\" alt=\"\" class=\"wp-image-8145\"\/><\/figure>\n<\/div>\n\n\n\n<div class=\"wp-block-column is-layout-flow wp-block-column-is-layout-flow\" style=\"flex-basis:66.66%\">\n<p class=\"has-text-align-justify wp-block-paragraph\">Herber Ronaldo Morales Est\u00e9vez, de nacionalidad guatemalteca, estudi\u00f3 Medicina Veterinaria en la Universidad de San Carlos de Guatemala. gradu\u00e1ndose en 1994, posteriormente realiz\u00f3 estudios de posgrado en Gesti\u00f3n Fitozoosanitaria en la Universidad Rafael Land\u00edvar, en el a\u00f1o 2002, y en el 2004, obtuvo su Maestr\u00eda Tecnol\u00f3gica en Medidas Sanitarias y Fitosanitarias en el Colegio de Posgraduados de Chapingo, M\u00e9xico.<\/p>\n\n\n\n<p class=\"has-text-align-justify wp-block-paragraph\">El doctor Morales Est\u00e9vez ha ocupado diferentes cargos en su pa\u00eds. Inici\u00f3 sus labores profesionales en el a\u00f1o 1 994 como T\u00e9cnico Agropecuario en el Ministerio de Agricultura, Ganader\u00eda y Alimentaci\u00f3n (MAGA), en 1997 fue nombrado Coordinador de Campo de] Programa de Peste Porcina Cl\u00e1sica en e] MAGA, en el 200, fue designado Gerente de Ventas en la empresa de Productos Veterinarios GARECO, S.A. En el 2002, retorn\u00f3 al MAGA en la posici\u00f3n de Analista de la Unidad de Normas y Regulaciones, ese mismo a\u00f1o ocup\u00f3 el cargo de Supervisor de Vigilancia Zoosanitaria; en el a\u00f1o 2003, fue promovido a Sub-director de Sanidad Animal de la Unidad de Normas y Regulaciones del MAGA. En el a\u00f1o 201 0, ingres\u00f3 al OIRSA como Oficial de Salud Animal.<\/p>\n\n\n\n<p class=\"has-text-align-justify wp-block-paragraph\"><br>El doctor Morales posee capacidades y experiencia en materia de Medidas Sanitarias y Fitosanitarias, Capacitaci\u00f3n, elaboraci\u00f3n de Manuales de Procedimiento. Medicamentos Veterinarias, Enfermedades transfronterizas y Gesti\u00f3n de Riesgo. Ha participado en diversos cursos, talleres, seminarios y reuniones de car\u00e1cter Internacional, en temas especializados en el \u00e1rea de su responsabilidad.<\/p>\n<\/div>\n<\/div>","protected":false},"excerpt":{"rendered":"<p>Herber Ronaldo Morales Est\u00e9vez Coordinador del Programa Regional de Medicamentos Veterinarios hmorales@oirsa.org Herber Ronaldo Morales Est\u00e9vez, de nacionalidad guatemalteca, estudi\u00f3 [&hellip;]<\/p>\n","protected":false},"author":213237738,"featured_media":0,"parent":0,"menu_order":0,"comment_status":"closed","ping_status":"closed","template":"","meta":{"_coblocks_attr":"","_coblocks_dimensions":"","_coblocks_responsive_height":"","_coblocks_accordion_ie_support":"","_crdt_document":"","footnotes":""},"class_list":["post-8138","page","type-page","status-publish","hentry"],"yoast_head":"<!-- This site is optimized with the Yoast SEO plugin v27.4 - https:\/\/yoast.com\/product\/yoast-seo-wordpress\/ -->\n<title>Herber Ronaldo Morales Est\u00e9vez - OIRSA<\/title>\n<meta name=\"robots\" content=\"index, follow, max-snippet:-1, max-image-preview:large, max-video-preview:-1\" \/>\n<link rel=\"canonical\" href=\"https:\/\/web.oirsa.org\/en\/herber-ronaldo-morales-estevez\/\" \/>\n<meta property=\"og:locale\" content=\"en_US\" \/>\n<meta property=\"og:type\" content=\"article\" \/>\n<meta property=\"og:title\" content=\"Herber Ronaldo Morales Est\u00e9vez - OIRSA\" \/>\n<meta property=\"og:description\" content=\"Herber Ronaldo Morales Est\u00e9vez Coordinador del Programa Regional de Medicamentos Veterinarios hmorales@oirsa.org Herber Ronaldo Morales Est\u00e9vez, de nacionalidad guatemalteca, estudi\u00f3 [&hellip;]\" \/>\n<meta property=\"og:url\" content=\"https:\/\/web.oirsa.org\/en\/herber-ronaldo-morales-estevez\/\" \/>\n<meta property=\"og:site_name\" content=\"OIRSA\" \/>\n<meta property=\"article:publisher\" content=\"https:\/\/www.facebook.com\/OIRSAoficial\" \/>\n<meta property=\"article:modified_time\" content=\"2022-01-25T15:47:41+00:00\" \/>\n<meta property=\"og:image\" content=\"https:\/\/web.oirsa.org\/wp-content\/uploads\/2022\/01\/image.png\" \/>\n<meta name=\"twitter:card\" content=\"summary_large_image\" \/>\n<meta name=\"twitter:site\" content=\"@OIRSAoficial\" \/>\n<meta name=\"twitter:label1\" content=\"Est. reading time\" \/>\n\t<meta name=\"twitter:data1\" content=\"1 minute\" \/>\n<script type=\"application\/ld+json\" class=\"yoast-schema-graph\">{\"@context\":\"https:\\\/\\\/schema.org\",\"@graph\":[{\"@type\":\"WebPage\",\"@id\":\"https:\\\/\\\/web.oirsa.org\\\/herber-ronaldo-morales-estevez\",\"url\":\"https:\\\/\\\/web.oirsa.org\\\/herber-ronaldo-morales-estevez\",\"name\":\"Herber Ronaldo Morales Est\u00e9vez - OIRSA\",\"isPartOf\":{\"@id\":\"https:\\\/\\\/web.oirsa.org\\\/#website\"},\"primaryImageOfPage\":{\"@id\":\"https:\\\/\\\/web.oirsa.org\\\/herber-ronaldo-morales-estevez#primaryimage\"},\"image\":{\"@id\":\"https:\\\/\\\/web.oirsa.org\\\/herber-ronaldo-morales-estevez#primaryimage\"},\"thumbnailUrl\":\"https:\\\/\\\/web.oirsa.org\\\/wp-content\\\/uploads\\\/2022\\\/01\\\/image.png\",\"datePublished\":\"2022-01-25T15:39:58+00:00\",\"dateModified\":\"2022-01-25T15:47:41+00:00\",\"breadcrumb\":{\"@id\":\"https:\\\/\\\/web.oirsa.org\\\/herber-ronaldo-morales-estevez#breadcrumb\"},\"inLanguage\":\"en-US\",\"potentialAction\":[{\"@type\":\"ReadAction\",\"target\":[\"https:\\\/\\\/web.oirsa.org\\\/herber-ronaldo-morales-estevez\"]}]},{\"@type\":\"ImageObject\",\"inLanguage\":\"en-US\",\"@id\":\"https:\\\/\\\/web.oirsa.org\\\/herber-ronaldo-morales-estevez#primaryimage\",\"url\":\"https:\\\/\\\/web.oirsa.org\\\/wp-content\\\/uploads\\\/2022\\\/01\\\/image.png\",\"contentUrl\":\"https:\\\/\\\/web.oirsa.org\\\/wp-content\\\/uploads\\\/2022\\\/01\\\/image.png\"},{\"@type\":\"BreadcrumbList\",\"@id\":\"https:\\\/\\\/web.oirsa.org\\\/herber-ronaldo-morales-estevez#breadcrumb\",\"itemListElement\":[{\"@type\":\"ListItem\",\"position\":1,\"name\":\"Portada\",\"item\":\"https:\\\/\\\/web.oirsa.org\\\/\"},{\"@type\":\"ListItem\",\"position\":2,\"name\":\"Herber Ronaldo Morales Est\u00e9vez\"}]},{\"@type\":\"WebSite\",\"@id\":\"https:\\\/\\\/web.oirsa.org\\\/#website\",\"url\":\"https:\\\/\\\/web.oirsa.org\\\/\",\"name\":\"OIRSA\",\"description\":\"Organismo Internacional Regional de Sanidad Agropecuaria\",\"publisher\":{\"@id\":\"https:\\\/\\\/web.oirsa.org\\\/#organization\"},\"potentialAction\":[{\"@type\":\"SearchAction\",\"target\":{\"@type\":\"EntryPoint\",\"urlTemplate\":\"https:\\\/\\\/web.oirsa.org\\\/?s={search_term_string}\"},\"query-input\":{\"@type\":\"PropertyValueSpecification\",\"valueRequired\":true,\"valueName\":\"search_term_string\"}}],\"inLanguage\":\"en-US\"},{\"@type\":\"Organization\",\"@id\":\"https:\\\/\\\/web.oirsa.org\\\/#organization\",\"name\":\"OIRSA\",\"url\":\"https:\\\/\\\/web.oirsa.org\\\/\",\"logo\":{\"@type\":\"ImageObject\",\"inLanguage\":\"en-US\",\"@id\":\"https:\\\/\\\/web.oirsa.org\\\/#\\\/schema\\\/logo\\\/image\\\/\",\"url\":\"https:\\\/\\\/web.oirsa.org\\\/wp-content\\\/uploads\\\/2024\\\/01\\\/cropped-LOGO-OIRSA-2023.png\",\"contentUrl\":\"https:\\\/\\\/web.oirsa.org\\\/wp-content\\\/uploads\\\/2024\\\/01\\\/cropped-LOGO-OIRSA-2023.png\",\"width\":512,\"height\":512,\"caption\":\"OIRSA\"},\"image\":{\"@id\":\"https:\\\/\\\/web.oirsa.org\\\/#\\\/schema\\\/logo\\\/image\\\/\"},\"sameAs\":[\"https:\\\/\\\/www.facebook.com\\\/OIRSAoficial\",\"https:\\\/\\\/x.com\\\/OIRSAoficial\"]}]}<\/script>\n<!-- \/ Yoast SEO plugin. -->","yoast_head_json":{"title":"Herber Ronaldo Morales Est\u00e9vez - OIRSA","robots":{"index":"index","follow":"follow","max-snippet":"max-snippet:-1","max-image-preview":"max-image-preview:large","max-video-preview":"max-video-preview:-1"},"canonical":"https:\/\/web.oirsa.org\/en\/herber-ronaldo-morales-estevez\/","og_locale":"en_US","og_type":"article","og_title":"Herber Ronaldo Morales Est\u00e9vez - OIRSA","og_description":"Herber Ronaldo Morales Est\u00e9vez Coordinador del Programa Regional de Medicamentos Veterinarios hmorales@oirsa.org Herber Ronaldo Morales Est\u00e9vez, de nacionalidad guatemalteca, estudi\u00f3 [&hellip;]","og_url":"https:\/\/web.oirsa.org\/en\/herber-ronaldo-morales-estevez\/","og_site_name":"OIRSA","article_publisher":"https:\/\/www.facebook.com\/OIRSAoficial","article_modified_time":"2022-01-25T15:47:41+00:00","og_image":[{"url":"https:\/\/web.oirsa.org\/wp-content\/uploads\/2022\/01\/image.png","type":"","width":"","height":""}],"twitter_card":"summary_large_image","twitter_site":"@OIRSAoficial","twitter_misc":{"Est. reading time":"1 minute"},"schema":{"@context":"https:\/\/schema.org","@graph":[{"@type":"WebPage","@id":"https:\/\/web.oirsa.org\/herber-ronaldo-morales-estevez","url":"https:\/\/web.oirsa.org\/herber-ronaldo-morales-estevez","name":"Herber Ronaldo Morales Est\u00e9vez - OIRSA","isPartOf":{"@id":"https:\/\/web.oirsa.org\/#website"},"primaryImageOfPage":{"@id":"https:\/\/web.oirsa.org\/herber-ronaldo-morales-estevez#primaryimage"},"image":{"@id":"https:\/\/web.oirsa.org\/herber-ronaldo-morales-estevez#primaryimage"},"thumbnailUrl":"https:\/\/web.oirsa.org\/wp-content\/uploads\/2022\/01\/image.png","datePublished":"2022-01-25T15:39:58+00:00","dateModified":"2022-01-25T15:47:41+00:00","breadcrumb":{"@id":"https:\/\/web.oirsa.org\/herber-ronaldo-morales-estevez#breadcrumb"},"inLanguage":"en-US","potentialAction":[{"@type":"ReadAction","target":["https:\/\/web.oirsa.org\/herber-ronaldo-morales-estevez"]}]},{"@type":"ImageObject","inLanguage":"en-US","@id":"https:\/\/web.oirsa.org\/herber-ronaldo-morales-estevez#primaryimage","url":"https:\/\/web.oirsa.org\/wp-content\/uploads\/2022\/01\/image.png","contentUrl":"https:\/\/web.oirsa.org\/wp-content\/uploads\/2022\/01\/image.png"},{"@type":"BreadcrumbList","@id":"https:\/\/web.oirsa.org\/herber-ronaldo-morales-estevez#breadcrumb","itemListElement":[{"@type":"ListItem","position":1,"name":"Portada","item":"https:\/\/web.oirsa.org\/"},{"@type":"ListItem","position":2,"name":"Herber Ronaldo Morales Est\u00e9vez"}]},{"@type":"WebSite","@id":"https:\/\/web.oirsa.org\/#website","url":"https:\/\/web.oirsa.org\/","name":"OIRSA","description":"Organismo Internacional Regional de Sanidad Agropecuaria","publisher":{"@id":"https:\/\/web.oirsa.org\/#organization"},"potentialAction":[{"@type":"SearchAction","target":{"@type":"EntryPoint","urlTemplate":"https:\/\/web.oirsa.org\/?s={search_term_string}"},"query-input":{"@type":"PropertyValueSpecification","valueRequired":true,"valueName":"search_term_string"}}],"inLanguage":"en-US"},{"@type":"Organization","@id":"https:\/\/web.oirsa.org\/#organization","name":"OIRSA","url":"https:\/\/web.oirsa.org\/","logo":{"@type":"ImageObject","inLanguage":"en-US","@id":"https:\/\/web.oirsa.org\/#\/schema\/logo\/image\/","url":"https:\/\/web.oirsa.org\/wp-content\/uploads\/2024\/01\/cropped-LOGO-OIRSA-2023.png","contentUrl":"https:\/\/web.oirsa.org\/wp-content\/uploads\/2024\/01\/cropped-LOGO-OIRSA-2023.png","width":512,"height":512,"caption":"OIRSA"},"image":{"@id":"https:\/\/web.oirsa.org\/#\/schema\/logo\/image\/"},"sameAs":["https:\/\/www.facebook.com\/OIRSAoficial","https:\/\/x.com\/OIRSAoficial"]}]}},"jetpack_sharing_enabled":true,"_links":{"self":[{"href":"https:\/\/web.oirsa.org\/en\/wp-json\/wp\/v2\/pages\/8138","targetHints":{"allow":["GET"]}}],"collection":[{"href":"https:\/\/web.oirsa.org\/en\/wp-json\/wp\/v2\/pages"}],"about":[{"href":"https:\/\/web.oirsa.org\/en\/wp-json\/wp\/v2\/types\/page"}],"author":[{"embeddable":true,"href":"https:\/\/web.oirsa.org\/en\/wp-json\/wp\/v2\/users\/213237738"}],"replies":[{"embeddable":true,"href":"https:\/\/web.oirsa.org\/en\/wp-json\/wp\/v2\/comments?post=8138"}],"version-history":[{"count":5,"href":"https:\/\/web.oirsa.org\/en\/wp-json\/wp\/v2\/pages\/8138\/revisions"}],"predecessor-version":[{"id":8147,"href":"https:\/\/web.oirsa.org\/en\/wp-json\/wp\/v2\/pages\/8138\/revisions\/8147"}],"wp:attachment":[{"href":"https:\/\/web.oirsa.org\/en\/wp-json\/wp\/v2\/media?parent=8138"}],"curies":[{"name":"wp","href":"https:\/\/api.w.org\/{rel}","templated":true}]}}