{"id":8090,"date":"2022-01-24T21:43:44","date_gmt":"2022-01-25T03:43:44","guid":{"rendered":"http:\/\/10.103.20.84\/?page_id=8090"},"modified":"2022-01-25T08:42:10","modified_gmt":"2022-01-25T14:42:10","slug":"carlos-ramon-urias-morales","status":"publish","type":"page","link":"https:\/\/web.oirsa.org\/en\/carlos-ramon-urias-morales","title":{"rendered":"Carlos Ram\u00f3n Ur\u00edas Morales"},"content":{"rendered":"<h2 class=\"has-text-align-center wp-block-heading\" id=\"carlos-ramon-urias-morales\">Carlos Ram\u00f3n Ur\u00edas Morales<\/h2>\n\n\n\n<div style=\"height:15px\" aria-hidden=\"true\" class=\"wp-block-spacer\"><\/div>\n\n\n\n<div class=\"wp-block-columns is-layout-flex wp-container-core-columns-is-layout-8f761849 wp-block-columns-is-layout-flex\">\n<div class=\"wp-block-column is-layout-flow wp-block-column-is-layout-flow\" style=\"flex-basis:33.33%\">\n<h2 class=\"wp-block-heading\" id=\"director-regional-de-sanidad-vegetal\">Director Regional de Sanidad Vegetal<\/h2>\n\n\n\n<figure class=\"wp-block-image size-full\"><img data-recalc-dims=\"1\" loading=\"lazy\" decoding=\"async\" width=\"134\" height=\"188\" src=\"https:\/\/i0.wp.com\/web.oirsa.org\/wp-content\/uploads\/2022\/01\/carlos.jpeg?resize=134%2C188&#038;ssl=1\" alt=\"\" class=\"wp-image-8102\"\/><\/figure>\n<\/div>\n\n\n\n<div class=\"wp-block-column is-layout-flow wp-block-column-is-layout-flow\">\n<p class=\"has-text-align-justify wp-block-paragraph\">Carlos Ur\u00edas Morales, de nacionalidad mexicana, es Ingeniero Agr\u00f3nomo, con especialidad en Parasitolog\u00eda Agr\u00edcola y postgrado en Fitopatolog\u00eda, de la Universidad Aut\u00f3noma de Sinaloa, M\u00e9xico. Cuenta con m\u00e1s de 30 a\u00f1os de experiencia. desempe\u00f1\u00e1ndose como profesor-investigador, Director General de la Escuela Superior de Agricultura y Subcoordinador General de Investigaci\u00f3n y Postgrado de la Universidad  Aut\u00f3noma de Sinaloa. Asimismo, en asocias p\u00fablico -privado fungi\u00f3 como gerente t\u00e9cnico, coordinador de campa\u00f1as fitosanitarias y responsable del \u00e1rea de capacitaci\u00f3n y divulgaci\u00f3n del Comit\u00e9 Estatal de Sanidad Vegetal de Sinaloa y Coordinador Ejecutivo de la Fundaci\u00f3n Tecnol\u00f3gica de S\u00ednaloa. Responsable del programa de manejo integrado de plagas de hortalizas bajo el concepto de Elota Ecoregion. Autor y editor de diversas publicaciones relacionadas con la fitosanidad.<br><\/p>\n\n\n\n<p class=\"has-text-align-justify wp-block-paragraph\">En el OIRSA, se inici\u00f3 como consultor especialista en plagas y enfermedades de hortalizas y papa, y posteriormente. como coordinador de campa\u00f1as fitosanitarias, impulsando el sistema de alerta temprana de la raya del caf\u00e9, los sistemas de extensionismo fitosanitario e iniciador del proyecto continental para la prevenci\u00f3n de ingreso del FOC R4T, entre otros. En el 2012, fue nombrado Representante en Honduras. y a partir del 1\u00b0 de diciembre del 2014. est\u00e1 a cargo de la Direcci\u00f3n Regional de Sanidad Vegetal.<\/p>\n<\/div>\n<\/div>","protected":false},"excerpt":{"rendered":"<p>Carlos Ram\u00f3n Ur\u00edas Morales Director Regional de Sanidad Vegetal Carlos Ur\u00edas Morales, de nacionalidad mexicana, es Ingeniero Agr\u00f3nomo, con especialidad [&hellip;]<\/p>\n","protected":false},"author":213237738,"featured_media":0,"parent":0,"menu_order":0,"comment_status":"closed","ping_status":"closed","template":"","meta":{"_coblocks_attr":"","_coblocks_dimensions":"","_coblocks_responsive_height":"","_coblocks_accordion_ie_support":"","_crdt_document":"","footnotes":""},"class_list":["post-8090","page","type-page","status-publish","hentry"],"yoast_head":"<!-- This site is optimized with the Yoast SEO plugin v27.4 - https:\/\/yoast.com\/product\/yoast-seo-wordpress\/ -->\n<title>Carlos Ram\u00f3n Ur\u00edas Morales - OIRSA<\/title>\n<meta name=\"robots\" content=\"index, follow, max-snippet:-1, max-image-preview:large, max-video-preview:-1\" \/>\n<link rel=\"canonical\" href=\"https:\/\/web.oirsa.org\/en\/carlos-ramon-urias-morales\/\" \/>\n<meta property=\"og:locale\" content=\"en_US\" \/>\n<meta property=\"og:type\" content=\"article\" \/>\n<meta property=\"og:title\" content=\"Carlos Ram\u00f3n Ur\u00edas Morales - OIRSA\" \/>\n<meta property=\"og:description\" content=\"Carlos Ram\u00f3n Ur\u00edas Morales Director Regional de Sanidad Vegetal Carlos Ur\u00edas Morales, de nacionalidad mexicana, es Ingeniero Agr\u00f3nomo, con especialidad [&hellip;]\" \/>\n<meta property=\"og:url\" content=\"https:\/\/web.oirsa.org\/en\/carlos-ramon-urias-morales\/\" \/>\n<meta property=\"og:site_name\" content=\"OIRSA\" \/>\n<meta property=\"article:publisher\" content=\"https:\/\/www.facebook.com\/OIRSAoficial\" \/>\n<meta property=\"article:modified_time\" content=\"2022-01-25T14:42:10+00:00\" \/>\n<meta property=\"og:image\" content=\"https:\/\/web.oirsa.org\/wp-content\/uploads\/2022\/01\/carlos.jpeg\" \/>\n<meta name=\"twitter:card\" content=\"summary_large_image\" \/>\n<meta name=\"twitter:site\" content=\"@OIRSAoficial\" \/>\n<meta name=\"twitter:label1\" content=\"Est. reading time\" \/>\n\t<meta name=\"twitter:data1\" content=\"1 minute\" \/>\n<script type=\"application\/ld+json\" class=\"yoast-schema-graph\">{\"@context\":\"https:\\\/\\\/schema.org\",\"@graph\":[{\"@type\":\"WebPage\",\"@id\":\"https:\\\/\\\/web.oirsa.org\\\/carlos-ramon-urias-morales\",\"url\":\"https:\\\/\\\/web.oirsa.org\\\/carlos-ramon-urias-morales\",\"name\":\"Carlos Ram\u00f3n Ur\u00edas Morales - OIRSA\",\"isPartOf\":{\"@id\":\"https:\\\/\\\/web.oirsa.org\\\/#website\"},\"primaryImageOfPage\":{\"@id\":\"https:\\\/\\\/web.oirsa.org\\\/carlos-ramon-urias-morales#primaryimage\"},\"image\":{\"@id\":\"https:\\\/\\\/web.oirsa.org\\\/carlos-ramon-urias-morales#primaryimage\"},\"thumbnailUrl\":\"https:\\\/\\\/web.oirsa.org\\\/wp-content\\\/uploads\\\/2022\\\/01\\\/carlos.jpeg\",\"datePublished\":\"2022-01-25T03:43:44+00:00\",\"dateModified\":\"2022-01-25T14:42:10+00:00\",\"breadcrumb\":{\"@id\":\"https:\\\/\\\/web.oirsa.org\\\/carlos-ramon-urias-morales#breadcrumb\"},\"inLanguage\":\"en-US\",\"potentialAction\":[{\"@type\":\"ReadAction\",\"target\":[\"https:\\\/\\\/web.oirsa.org\\\/carlos-ramon-urias-morales\"]}]},{\"@type\":\"ImageObject\",\"inLanguage\":\"en-US\",\"@id\":\"https:\\\/\\\/web.oirsa.org\\\/carlos-ramon-urias-morales#primaryimage\",\"url\":\"https:\\\/\\\/web.oirsa.org\\\/wp-content\\\/uploads\\\/2022\\\/01\\\/carlos.jpeg\",\"contentUrl\":\"https:\\\/\\\/web.oirsa.org\\\/wp-content\\\/uploads\\\/2022\\\/01\\\/carlos.jpeg\"},{\"@type\":\"BreadcrumbList\",\"@id\":\"https:\\\/\\\/web.oirsa.org\\\/carlos-ramon-urias-morales#breadcrumb\",\"itemListElement\":[{\"@type\":\"ListItem\",\"position\":1,\"name\":\"Portada\",\"item\":\"https:\\\/\\\/web.oirsa.org\\\/\"},{\"@type\":\"ListItem\",\"position\":2,\"name\":\"Carlos Ram\u00f3n Ur\u00edas Morales\"}]},{\"@type\":\"WebSite\",\"@id\":\"https:\\\/\\\/web.oirsa.org\\\/#website\",\"url\":\"https:\\\/\\\/web.oirsa.org\\\/\",\"name\":\"OIRSA\",\"description\":\"Organismo Internacional Regional de Sanidad Agropecuaria\",\"publisher\":{\"@id\":\"https:\\\/\\\/web.oirsa.org\\\/#organization\"},\"potentialAction\":[{\"@type\":\"SearchAction\",\"target\":{\"@type\":\"EntryPoint\",\"urlTemplate\":\"https:\\\/\\\/web.oirsa.org\\\/?s={search_term_string}\"},\"query-input\":{\"@type\":\"PropertyValueSpecification\",\"valueRequired\":true,\"valueName\":\"search_term_string\"}}],\"inLanguage\":\"en-US\"},{\"@type\":\"Organization\",\"@id\":\"https:\\\/\\\/web.oirsa.org\\\/#organization\",\"name\":\"OIRSA\",\"url\":\"https:\\\/\\\/web.oirsa.org\\\/\",\"logo\":{\"@type\":\"ImageObject\",\"inLanguage\":\"en-US\",\"@id\":\"https:\\\/\\\/web.oirsa.org\\\/#\\\/schema\\\/logo\\\/image\\\/\",\"url\":\"https:\\\/\\\/web.oirsa.org\\\/wp-content\\\/uploads\\\/2024\\\/01\\\/cropped-LOGO-OIRSA-2023.png\",\"contentUrl\":\"https:\\\/\\\/web.oirsa.org\\\/wp-content\\\/uploads\\\/2024\\\/01\\\/cropped-LOGO-OIRSA-2023.png\",\"width\":512,\"height\":512,\"caption\":\"OIRSA\"},\"image\":{\"@id\":\"https:\\\/\\\/web.oirsa.org\\\/#\\\/schema\\\/logo\\\/image\\\/\"},\"sameAs\":[\"https:\\\/\\\/www.facebook.com\\\/OIRSAoficial\",\"https:\\\/\\\/x.com\\\/OIRSAoficial\"]}]}<\/script>\n<!-- \/ Yoast SEO plugin. -->","yoast_head_json":{"title":"Carlos Ram\u00f3n Ur\u00edas Morales - OIRSA","robots":{"index":"index","follow":"follow","max-snippet":"max-snippet:-1","max-image-preview":"max-image-preview:large","max-video-preview":"max-video-preview:-1"},"canonical":"https:\/\/web.oirsa.org\/en\/carlos-ramon-urias-morales\/","og_locale":"en_US","og_type":"article","og_title":"Carlos Ram\u00f3n Ur\u00edas Morales - OIRSA","og_description":"Carlos Ram\u00f3n Ur\u00edas Morales Director Regional de Sanidad Vegetal Carlos Ur\u00edas Morales, de nacionalidad mexicana, es Ingeniero Agr\u00f3nomo, con especialidad [&hellip;]","og_url":"https:\/\/web.oirsa.org\/en\/carlos-ramon-urias-morales\/","og_site_name":"OIRSA","article_publisher":"https:\/\/www.facebook.com\/OIRSAoficial","article_modified_time":"2022-01-25T14:42:10+00:00","og_image":[{"url":"https:\/\/web.oirsa.org\/wp-content\/uploads\/2022\/01\/carlos.jpeg","type":"","width":"","height":""}],"twitter_card":"summary_large_image","twitter_site":"@OIRSAoficial","twitter_misc":{"Est. reading time":"1 minute"},"schema":{"@context":"https:\/\/schema.org","@graph":[{"@type":"WebPage","@id":"https:\/\/web.oirsa.org\/carlos-ramon-urias-morales","url":"https:\/\/web.oirsa.org\/carlos-ramon-urias-morales","name":"Carlos Ram\u00f3n Ur\u00edas Morales - OIRSA","isPartOf":{"@id":"https:\/\/web.oirsa.org\/#website"},"primaryImageOfPage":{"@id":"https:\/\/web.oirsa.org\/carlos-ramon-urias-morales#primaryimage"},"image":{"@id":"https:\/\/web.oirsa.org\/carlos-ramon-urias-morales#primaryimage"},"thumbnailUrl":"https:\/\/web.oirsa.org\/wp-content\/uploads\/2022\/01\/carlos.jpeg","datePublished":"2022-01-25T03:43:44+00:00","dateModified":"2022-01-25T14:42:10+00:00","breadcrumb":{"@id":"https:\/\/web.oirsa.org\/carlos-ramon-urias-morales#breadcrumb"},"inLanguage":"en-US","potentialAction":[{"@type":"ReadAction","target":["https:\/\/web.oirsa.org\/carlos-ramon-urias-morales"]}]},{"@type":"ImageObject","inLanguage":"en-US","@id":"https:\/\/web.oirsa.org\/carlos-ramon-urias-morales#primaryimage","url":"https:\/\/web.oirsa.org\/wp-content\/uploads\/2022\/01\/carlos.jpeg","contentUrl":"https:\/\/web.oirsa.org\/wp-content\/uploads\/2022\/01\/carlos.jpeg"},{"@type":"BreadcrumbList","@id":"https:\/\/web.oirsa.org\/carlos-ramon-urias-morales#breadcrumb","itemListElement":[{"@type":"ListItem","position":1,"name":"Portada","item":"https:\/\/web.oirsa.org\/"},{"@type":"ListItem","position":2,"name":"Carlos Ram\u00f3n Ur\u00edas Morales"}]},{"@type":"WebSite","@id":"https:\/\/web.oirsa.org\/#website","url":"https:\/\/web.oirsa.org\/","name":"OIRSA","description":"Organismo Internacional Regional de Sanidad Agropecuaria","publisher":{"@id":"https:\/\/web.oirsa.org\/#organization"},"potentialAction":[{"@type":"SearchAction","target":{"@type":"EntryPoint","urlTemplate":"https:\/\/web.oirsa.org\/?s={search_term_string}"},"query-input":{"@type":"PropertyValueSpecification","valueRequired":true,"valueName":"search_term_string"}}],"inLanguage":"en-US"},{"@type":"Organization","@id":"https:\/\/web.oirsa.org\/#organization","name":"OIRSA","url":"https:\/\/web.oirsa.org\/","logo":{"@type":"ImageObject","inLanguage":"en-US","@id":"https:\/\/web.oirsa.org\/#\/schema\/logo\/image\/","url":"https:\/\/web.oirsa.org\/wp-content\/uploads\/2024\/01\/cropped-LOGO-OIRSA-2023.png","contentUrl":"https:\/\/web.oirsa.org\/wp-content\/uploads\/2024\/01\/cropped-LOGO-OIRSA-2023.png","width":512,"height":512,"caption":"OIRSA"},"image":{"@id":"https:\/\/web.oirsa.org\/#\/schema\/logo\/image\/"},"sameAs":["https:\/\/www.facebook.com\/OIRSAoficial","https:\/\/x.com\/OIRSAoficial"]}]}},"jetpack_sharing_enabled":true,"_links":{"self":[{"href":"https:\/\/web.oirsa.org\/en\/wp-json\/wp\/v2\/pages\/8090","targetHints":{"allow":["GET"]}}],"collection":[{"href":"https:\/\/web.oirsa.org\/en\/wp-json\/wp\/v2\/pages"}],"about":[{"href":"https:\/\/web.oirsa.org\/en\/wp-json\/wp\/v2\/types\/page"}],"author":[{"embeddable":true,"href":"https:\/\/web.oirsa.org\/en\/wp-json\/wp\/v2\/users\/213237738"}],"replies":[{"embeddable":true,"href":"https:\/\/web.oirsa.org\/en\/wp-json\/wp\/v2\/comments?post=8090"}],"version-history":[{"count":6,"href":"https:\/\/web.oirsa.org\/en\/wp-json\/wp\/v2\/pages\/8090\/revisions"}],"predecessor-version":[{"id":16852,"href":"https:\/\/web.oirsa.org\/en\/wp-json\/wp\/v2\/pages\/8090\/revisions\/16852"}],"wp:attachment":[{"href":"https:\/\/web.oirsa.org\/en\/wp-json\/wp\/v2\/media?parent=8090"}],"curies":[{"name":"wp","href":"https:\/\/api.w.org\/{rel}","templated":true}]}}