{"id":8084,"date":"2022-01-24T19:12:42","date_gmt":"2022-01-25T01:12:42","guid":{"rendered":"http:\/\/10.103.20.84\/?page_id=8084"},"modified":"2022-01-24T19:12:42","modified_gmt":"2022-01-25T01:12:42","slug":"marco-antonio-castro-garnier","status":"publish","type":"page","link":"https:\/\/web.oirsa.org\/en\/marco-antonio-castro-garnier","title":{"rendered":"Marco Antonio Castro Garnier"},"content":{"rendered":"<h2 class=\"has-text-align-center wp-block-heading\" id=\"marco-antonio-castro-garnier\">Marco Antonio Castro Garnier<\/h2>\n\n\n\n<div style=\"height:14px\" aria-hidden=\"true\" class=\"wp-block-spacer\"><\/div>\n\n\n\n<div class=\"wp-block-columns is-layout-flex wp-container-core-columns-is-layout-8f761849 wp-block-columns-is-layout-flex\">\n<div class=\"wp-block-column is-layout-flow wp-block-column-is-layout-flow\" style=\"flex-basis:33.33%\">\n<h2 class=\"wp-block-heading\" id=\"director-de-administracion-y-finanzas\">Director de Administraci\u00f3n y Finanzas<\/h2>\n\n\n\n<p class=\"wp-block-paragraph\"><\/p>\n\n\n\n<figure class=\"wp-block-image size-full\"><img data-recalc-dims=\"1\" loading=\"lazy\" decoding=\"async\" width=\"148\" height=\"176\" src=\"https:\/\/i0.wp.com\/web.oirsa.org\/wp-content\/uploads\/2022\/01\/WhatsApp-Image-2022-01-24-at-7.03.34-PM.jpeg?resize=148%2C176&#038;ssl=1\" alt=\"\" class=\"wp-image-8086\"\/><\/figure>\n<\/div>\n\n\n\n<div class=\"wp-block-column is-layout-flow wp-block-column-is-layout-flow\" style=\"flex-basis:66.66%\">\n<p class=\"has-text-align-justify wp-block-paragraph\">El licenciado Marco Antonio Castro Garnier es de nacionalidad costarricense y cuenta con amplia experiencia en finanzas, administraci\u00f3n, cadenas de suministros, auditor\u00eda interna y sistemas de informaci\u00f3n. Posee una maestr\u00eda en Administraci\u00f3n de Empresas, con \u00e9nfasis en Banca y Finanzas, del INCAE Business School, y un postgrado en Integraci\u00f3n Laboral y Tributaria en Centroam\u00e9rica por el Instituto Centroamericano para la Integraci\u00f3n (ICI) y la Universidad American College.<br><\/p>\n\n\n\n<p class=\"has-text-align-justify wp-block-paragraph\">Entre la experiencia personal del Lic. Castro se cuenta la direcci\u00f3n ejecutiva de su propia firma CASTROGARNIER, especializada en asesor\u00eda financiera y estrat\u00e9gica de Finanzas Corporativas y Banca de Inversi\u00f3n. Asimismo, catedr\u00e1tico de la UAM College de 2015 a 2018. Anteriormente fue director general de Administraci\u00f3n y Finanzas de Campus Walter Kissling y Campus Francisco de Sola del INCAE Business School de 2010 a 2012.<\/p>\n\n\n\n<p class=\"has-text-align-justify wp-block-paragraph\"><br>El licenciado Castro tambi\u00e9n fue director financiero de la Constructora MECO (2008 a 2010) y fue director de asesor\u00eda de negocios en PricewaterhouseCoopers de 2005 a 2008. En el a\u00f1o 2002 se gradu\u00f3 del programa de Alta Gerencia del INCAE Business School. Previamente tambi\u00e9n fungi\u00f3 como director de Finanzas, Auditor\u00eda Interna y Sistemas de Informaci\u00f3n de PEPSI de 1996 a 1998 y director de Finanzas, Administraci\u00f3n y Cadena de Suministro de BellSouth (hoy Telef\u00f3nica\/Movistar) de 1998 a 2004. <\/p>\n\n\n\n<p class=\"has-text-align-justify wp-block-paragraph\">Entre los reconocimiento y distinciones recibidos a lo largo de su carrera est\u00e1n la distinci\u00f3n profesional BellSouth 2001, premio profesional de rendimiento sobresaliente BellSouth International 1999, Corporaci\u00f3n Mariposa por Desarrollo Profesional en Miami, Florida, Estados Unidos, en 1996, y beca de Citicorp para cursar maestr\u00eda en Administraci\u00f3n de Empresas INCAE 1990.<\/p>\n<\/div>\n<\/div>","protected":false},"excerpt":{"rendered":"<p>Marco Antonio Castro Garnier Director de Administraci\u00f3n y Finanzas El licenciado Marco Antonio Castro Garnier es de nacionalidad costarricense y [&hellip;]<\/p>\n","protected":false},"author":213237738,"featured_media":0,"parent":0,"menu_order":0,"comment_status":"closed","ping_status":"closed","template":"","meta":{"_coblocks_attr":"","_coblocks_dimensions":"","_coblocks_responsive_height":"","_coblocks_accordion_ie_support":"","_crdt_document":"","footnotes":""},"class_list":["post-8084","page","type-page","status-publish","hentry"],"yoast_head":"<!-- This site is optimized with the Yoast SEO plugin v27.3 - https:\/\/yoast.com\/product\/yoast-seo-wordpress\/ -->\n<title>Marco Antonio Castro Garnier - OIRSA<\/title>\n<meta name=\"robots\" content=\"index, follow, max-snippet:-1, max-image-preview:large, max-video-preview:-1\" \/>\n<link rel=\"canonical\" href=\"https:\/\/web.oirsa.org\/en\/marco-antonio-castro-garnier\/\" \/>\n<meta property=\"og:locale\" content=\"en_US\" \/>\n<meta property=\"og:type\" content=\"article\" \/>\n<meta property=\"og:title\" content=\"Marco Antonio Castro Garnier - OIRSA\" \/>\n<meta property=\"og:description\" content=\"Marco Antonio Castro Garnier Director de Administraci\u00f3n y Finanzas El licenciado Marco Antonio Castro Garnier es de nacionalidad costarricense y [&hellip;]\" \/>\n<meta property=\"og:url\" content=\"https:\/\/web.oirsa.org\/en\/marco-antonio-castro-garnier\/\" \/>\n<meta property=\"og:site_name\" content=\"OIRSA\" \/>\n<meta property=\"article:publisher\" content=\"https:\/\/www.facebook.com\/OIRSAoficial\" \/>\n<meta property=\"og:image\" content=\"https:\/\/web.oirsa.org\/wp-content\/uploads\/2022\/01\/WhatsApp-Image-2022-01-24-at-7.03.34-PM.jpeg\" \/>\n<meta name=\"twitter:card\" content=\"summary_large_image\" \/>\n<meta name=\"twitter:site\" content=\"@OIRSAoficial\" \/>\n<meta name=\"twitter:label1\" content=\"Est. reading time\" \/>\n\t<meta name=\"twitter:data1\" content=\"1 minute\" \/>\n<script type=\"application\/ld+json\" class=\"yoast-schema-graph\">{\"@context\":\"https:\\\/\\\/schema.org\",\"@graph\":[{\"@type\":\"WebPage\",\"@id\":\"https:\\\/\\\/web.oirsa.org\\\/marco-antonio-castro-garnier\",\"url\":\"https:\\\/\\\/web.oirsa.org\\\/marco-antonio-castro-garnier\",\"name\":\"Marco Antonio Castro Garnier - OIRSA\",\"isPartOf\":{\"@id\":\"https:\\\/\\\/web.oirsa.org\\\/#website\"},\"primaryImageOfPage\":{\"@id\":\"https:\\\/\\\/web.oirsa.org\\\/marco-antonio-castro-garnier#primaryimage\"},\"image\":{\"@id\":\"https:\\\/\\\/web.oirsa.org\\\/marco-antonio-castro-garnier#primaryimage\"},\"thumbnailUrl\":\"https:\\\/\\\/web.oirsa.org\\\/wp-content\\\/uploads\\\/2022\\\/01\\\/WhatsApp-Image-2022-01-24-at-7.03.34-PM.jpeg\",\"datePublished\":\"2022-01-25T01:12:42+00:00\",\"breadcrumb\":{\"@id\":\"https:\\\/\\\/web.oirsa.org\\\/marco-antonio-castro-garnier#breadcrumb\"},\"inLanguage\":\"en-US\",\"potentialAction\":[{\"@type\":\"ReadAction\",\"target\":[\"https:\\\/\\\/web.oirsa.org\\\/marco-antonio-castro-garnier\"]}]},{\"@type\":\"ImageObject\",\"inLanguage\":\"en-US\",\"@id\":\"https:\\\/\\\/web.oirsa.org\\\/marco-antonio-castro-garnier#primaryimage\",\"url\":\"https:\\\/\\\/web.oirsa.org\\\/wp-content\\\/uploads\\\/2022\\\/01\\\/WhatsApp-Image-2022-01-24-at-7.03.34-PM.jpeg\",\"contentUrl\":\"https:\\\/\\\/web.oirsa.org\\\/wp-content\\\/uploads\\\/2022\\\/01\\\/WhatsApp-Image-2022-01-24-at-7.03.34-PM.jpeg\"},{\"@type\":\"BreadcrumbList\",\"@id\":\"https:\\\/\\\/web.oirsa.org\\\/marco-antonio-castro-garnier#breadcrumb\",\"itemListElement\":[{\"@type\":\"ListItem\",\"position\":1,\"name\":\"Portada\",\"item\":\"https:\\\/\\\/web.oirsa.org\\\/\"},{\"@type\":\"ListItem\",\"position\":2,\"name\":\"Marco Antonio Castro Garnier\"}]},{\"@type\":\"WebSite\",\"@id\":\"https:\\\/\\\/web.oirsa.org\\\/#website\",\"url\":\"https:\\\/\\\/web.oirsa.org\\\/\",\"name\":\"OIRSA\",\"description\":\"Organismo Internacional Regional de Sanidad Agropecuaria\",\"publisher\":{\"@id\":\"https:\\\/\\\/web.oirsa.org\\\/#organization\"},\"potentialAction\":[{\"@type\":\"SearchAction\",\"target\":{\"@type\":\"EntryPoint\",\"urlTemplate\":\"https:\\\/\\\/web.oirsa.org\\\/?s={search_term_string}\"},\"query-input\":{\"@type\":\"PropertyValueSpecification\",\"valueRequired\":true,\"valueName\":\"search_term_string\"}}],\"inLanguage\":\"en-US\"},{\"@type\":\"Organization\",\"@id\":\"https:\\\/\\\/web.oirsa.org\\\/#organization\",\"name\":\"OIRSA\",\"url\":\"https:\\\/\\\/web.oirsa.org\\\/\",\"logo\":{\"@type\":\"ImageObject\",\"inLanguage\":\"en-US\",\"@id\":\"https:\\\/\\\/web.oirsa.org\\\/#\\\/schema\\\/logo\\\/image\\\/\",\"url\":\"https:\\\/\\\/web.oirsa.org\\\/wp-content\\\/uploads\\\/2024\\\/01\\\/cropped-LOGO-OIRSA-2023.png\",\"contentUrl\":\"https:\\\/\\\/web.oirsa.org\\\/wp-content\\\/uploads\\\/2024\\\/01\\\/cropped-LOGO-OIRSA-2023.png\",\"width\":512,\"height\":512,\"caption\":\"OIRSA\"},\"image\":{\"@id\":\"https:\\\/\\\/web.oirsa.org\\\/#\\\/schema\\\/logo\\\/image\\\/\"},\"sameAs\":[\"https:\\\/\\\/www.facebook.com\\\/OIRSAoficial\",\"https:\\\/\\\/x.com\\\/OIRSAoficial\"]}]}<\/script>\n<!-- \/ Yoast SEO plugin. -->","yoast_head_json":{"title":"Marco Antonio Castro Garnier - OIRSA","robots":{"index":"index","follow":"follow","max-snippet":"max-snippet:-1","max-image-preview":"max-image-preview:large","max-video-preview":"max-video-preview:-1"},"canonical":"https:\/\/web.oirsa.org\/en\/marco-antonio-castro-garnier\/","og_locale":"en_US","og_type":"article","og_title":"Marco Antonio Castro Garnier - OIRSA","og_description":"Marco Antonio Castro Garnier Director de Administraci\u00f3n y Finanzas El licenciado Marco Antonio Castro Garnier es de nacionalidad costarricense y [&hellip;]","og_url":"https:\/\/web.oirsa.org\/en\/marco-antonio-castro-garnier\/","og_site_name":"OIRSA","article_publisher":"https:\/\/www.facebook.com\/OIRSAoficial","og_image":[{"url":"https:\/\/web.oirsa.org\/wp-content\/uploads\/2022\/01\/WhatsApp-Image-2022-01-24-at-7.03.34-PM.jpeg","type":"","width":"","height":""}],"twitter_card":"summary_large_image","twitter_site":"@OIRSAoficial","twitter_misc":{"Est. reading time":"1 minute"},"schema":{"@context":"https:\/\/schema.org","@graph":[{"@type":"WebPage","@id":"https:\/\/web.oirsa.org\/marco-antonio-castro-garnier","url":"https:\/\/web.oirsa.org\/marco-antonio-castro-garnier","name":"Marco Antonio Castro Garnier - OIRSA","isPartOf":{"@id":"https:\/\/web.oirsa.org\/#website"},"primaryImageOfPage":{"@id":"https:\/\/web.oirsa.org\/marco-antonio-castro-garnier#primaryimage"},"image":{"@id":"https:\/\/web.oirsa.org\/marco-antonio-castro-garnier#primaryimage"},"thumbnailUrl":"https:\/\/web.oirsa.org\/wp-content\/uploads\/2022\/01\/WhatsApp-Image-2022-01-24-at-7.03.34-PM.jpeg","datePublished":"2022-01-25T01:12:42+00:00","breadcrumb":{"@id":"https:\/\/web.oirsa.org\/marco-antonio-castro-garnier#breadcrumb"},"inLanguage":"en-US","potentialAction":[{"@type":"ReadAction","target":["https:\/\/web.oirsa.org\/marco-antonio-castro-garnier"]}]},{"@type":"ImageObject","inLanguage":"en-US","@id":"https:\/\/web.oirsa.org\/marco-antonio-castro-garnier#primaryimage","url":"https:\/\/web.oirsa.org\/wp-content\/uploads\/2022\/01\/WhatsApp-Image-2022-01-24-at-7.03.34-PM.jpeg","contentUrl":"https:\/\/web.oirsa.org\/wp-content\/uploads\/2022\/01\/WhatsApp-Image-2022-01-24-at-7.03.34-PM.jpeg"},{"@type":"BreadcrumbList","@id":"https:\/\/web.oirsa.org\/marco-antonio-castro-garnier#breadcrumb","itemListElement":[{"@type":"ListItem","position":1,"name":"Portada","item":"https:\/\/web.oirsa.org\/"},{"@type":"ListItem","position":2,"name":"Marco Antonio Castro Garnier"}]},{"@type":"WebSite","@id":"https:\/\/web.oirsa.org\/#website","url":"https:\/\/web.oirsa.org\/","name":"OIRSA","description":"Organismo Internacional Regional de Sanidad Agropecuaria","publisher":{"@id":"https:\/\/web.oirsa.org\/#organization"},"potentialAction":[{"@type":"SearchAction","target":{"@type":"EntryPoint","urlTemplate":"https:\/\/web.oirsa.org\/?s={search_term_string}"},"query-input":{"@type":"PropertyValueSpecification","valueRequired":true,"valueName":"search_term_string"}}],"inLanguage":"en-US"},{"@type":"Organization","@id":"https:\/\/web.oirsa.org\/#organization","name":"OIRSA","url":"https:\/\/web.oirsa.org\/","logo":{"@type":"ImageObject","inLanguage":"en-US","@id":"https:\/\/web.oirsa.org\/#\/schema\/logo\/image\/","url":"https:\/\/web.oirsa.org\/wp-content\/uploads\/2024\/01\/cropped-LOGO-OIRSA-2023.png","contentUrl":"https:\/\/web.oirsa.org\/wp-content\/uploads\/2024\/01\/cropped-LOGO-OIRSA-2023.png","width":512,"height":512,"caption":"OIRSA"},"image":{"@id":"https:\/\/web.oirsa.org\/#\/schema\/logo\/image\/"},"sameAs":["https:\/\/www.facebook.com\/OIRSAoficial","https:\/\/x.com\/OIRSAoficial"]}]}},"jetpack_sharing_enabled":true,"_links":{"self":[{"href":"https:\/\/web.oirsa.org\/en\/wp-json\/wp\/v2\/pages\/8084","targetHints":{"allow":["GET"]}}],"collection":[{"href":"https:\/\/web.oirsa.org\/en\/wp-json\/wp\/v2\/pages"}],"about":[{"href":"https:\/\/web.oirsa.org\/en\/wp-json\/wp\/v2\/types\/page"}],"author":[{"embeddable":true,"href":"https:\/\/web.oirsa.org\/en\/wp-json\/wp\/v2\/users\/213237738"}],"replies":[{"embeddable":true,"href":"https:\/\/web.oirsa.org\/en\/wp-json\/wp\/v2\/comments?post=8084"}],"version-history":[{"count":4,"href":"https:\/\/web.oirsa.org\/en\/wp-json\/wp\/v2\/pages\/8084\/revisions"}],"predecessor-version":[{"id":8089,"href":"https:\/\/web.oirsa.org\/en\/wp-json\/wp\/v2\/pages\/8084\/revisions\/8089"}],"wp:attachment":[{"href":"https:\/\/web.oirsa.org\/en\/wp-json\/wp\/v2\/media?parent=8084"}],"curies":[{"name":"wp","href":"https:\/\/api.w.org\/{rel}","templated":true}]}}