{"id":8022,"date":"2022-01-24T11:32:52","date_gmt":"2022-01-24T17:32:52","guid":{"rendered":"http:\/\/10.103.20.84\/?page_id=8022"},"modified":"2026-03-11T08:36:44","modified_gmt":"2026-03-11T14:36:44","slug":"republica-dominicana-y-el-oirsa","status":"publish","type":"page","link":"https:\/\/web.oirsa.org\/en\/republica-dominicana-y-el-oirsa","title":{"rendered":"Dominican Republic and OIRSA"},"content":{"rendered":"<div class=\"wpb-content-wrapper\"><section class=\"wpb_row vc_row-fluid\"><div class=\"container\"><div class=\"row\"><div class=\"wpb_column vc_column_container vc_col-sm-8\"><div class=\"vc_column-inner\"  ><div class=\"wpb_wrapper\">\n\t<div class=\"wpb_text_column wpb_content_element\" >\n\t\t<div class=\"wpb_wrapper\">\n\t\t\t<h2 class=\"wp-block-heading\" style=\"text-align: justify;\">Dominican Republic and OIRSA<\/h2>\n<p class=\"has-montserrat-font-family has-custom-font\" style=\"font-size: 14px; font-family: montserrat; text-align: justify;\">El OIRSA estableci\u00f3 su Representaci\u00f3n en Santo Domingo, Rep\u00fablica Dominicana, en el 2005, luego de tres eventos significativos para la agrosanidad de este pa\u00eds. En primer lugar, la suscripci\u00f3n de Rep\u00fablica Dominicana, en conjunto con el resto de pa\u00edses de la regi\u00f3n, del Convenio para la constituci\u00f3n del OIRSA, en mayo de 1987, con el cual se abrog\u00f3 el II Convenio de San Salvador. En segundo lugar, la ratificaci\u00f3n por parte de Rep\u00fablica Dominicana del Convenio Constitutivo del OIRSA, en el 2002, lo que le permiti\u00f3 su adhesi\u00f3n como pa\u00eds miembro de pleno derecho y, por \u00faltimo, la firma del Convenio de Colaboraci\u00f3n suscrito entre el Gobierno de este pa\u00eds, a trav\u00e9s del Ministerio de Agricultura, y el Organismo, en el 2003.<\/p>\n\n\t\t<\/div>\n\t<\/div>\n\n\t<div class=\"wpb_video_widget wpb_content_element vc_clearfix   vc_video-aspect-ratio-169 vc_video-el-width-100 vc_video-align-left\" >\n\t\t<div class=\"wpb_wrapper\">\n\t\t\t\n\t\t\t<div class=\"wpb_video_wrapper\"><iframe loading=\"lazy\" title=\"20 a\u00f1os de historia del OIRSA en la Rep\u00fablica Dominicana\" width=\"500\" height=\"281\" src=\"https:\/\/www.youtube.com\/embed\/4v86O6kw6MY?feature=oembed\" frameborder=\"0\" allow=\"accelerometer; autoplay; clipboard-write; encrypted-media; gyroscope; picture-in-picture; web-share\" referrerpolicy=\"strict-origin-when-cross-origin\" allowfullscreen><\/iframe><\/div>\n\t\t<\/div>\n\t<\/div>\n\n\t<div class=\"wpb_text_column wpb_content_element\" >\n\t\t<div class=\"wpb_wrapper\">\n\t\t\t<p class=\"p1\">Since then, OIRSA has provided technical and financial support to national and regional phytosanitary programs and projects. These efforts have contributed to keeping the Dominican Republic free from pests and diseases, as well as controlling and eradicating those that were already present.<\/p>\n<p class=\"p1\">Today, OIRSA, in conjunction with the Ministry of Agriculture, is involved in various programs and projects in the Dominican Republic. These include the implementation of the National Bovine Traceability System (SINAT-DO), the Phytosanitary Management Program for Bananas, the Pesticide Residue Surveillance and Monitoring Project, and the Action Plan for Strengthening the Export Capacities of the Dominican Republic's Agricultural Sector. Additionally, the OIRSA Representation is carrying out various activities through technical and financial cooperation, supporting important national agrosanitary issues such as Huanglongbing (HLB) in citrus, Black Sigatoka (Mycosphaerella fijiensis), Tomato Spotted Wilt Virus (TSWV), Fruit Fly (Ceratitis capitata), and Coffee Rust.&nbsp;<i>(Hemileia vastatrix)<\/i>, Oriental Vegetable Production, Classical Swine Fever Control, Apiculture Program, and Avian Disease Control, among others.<\/p>\n\n\t\t<\/div>\n\t<\/div>\n<\/div><\/div><\/div><div class=\"wpb_column vc_column_container vc_col-sm-4\"><div class=\"vc_column-inner\"  ><div class=\"wpb_wrapper\"><div class=\"vc_empty_space\"   style=\"height: 120px\"><span class=\"vc_empty_space_inner\"><\/span><\/div><div class=\"vc_separator wpb_content_element vc_separator_align_center vc_sep_width_100 vc_sep_pos_align_center vc_separator_no_text vc_sep_color_blue wpb_content_element  wpb_content_element\" ><span class=\"vc_sep_holder vc_sep_holder_l\"><span class=\"vc_sep_line\"><\/span><\/span><span class=\"vc_sep_holder vc_sep_holder_r\"><span class=\"vc_sep_line\"><\/span><\/span>\n<\/div>\n\t<div class=\"wpb_text_column wpb_content_element\" >\n\t\t<div class=\"wpb_wrapper\">\n\t\t\t<h4 style=\"text-align: center;\"><span style=\"font-size: 10pt; color: #333399;\"><strong>Ing. Ana Luc\u00eda Melo Cuevas<\/strong><\/span><\/h4>\n<p style=\"text-align: center;\"><span style=\"font-size: 10pt;\">Representante del OIRSA en Rep\u00fablica Dominicana<\/span><\/p>\n\n\t\t<\/div>\n\t<\/div>\n<div class=\"vc_separator wpb_content_element vc_separator_align_center vc_sep_width_100 vc_sep_pos_align_center vc_separator_no_text vc_sep_color_blue wpb_content_element  wpb_content_element\" ><span class=\"vc_sep_holder vc_sep_holder_l\"><span class=\"vc_sep_line\"><\/span><\/span><span class=\"vc_sep_holder vc_sep_holder_r\"><span class=\"vc_sep_line\"><\/span><\/span>\n<\/div>\n\t<div class=\"wpb_text_column wpb_content_element\" >\n\t\t<div class=\"wpb_wrapper\">\n\t\t\t<h4><span style=\"font-size: 10pt;\"><strong>Office:<\/strong><\/span><\/h4>\n<p><span style=\"font-size: 10pt;\">Calle Sanabacoa, #36, Los Cacicazgos, Santo Domingo, Distrito Nacional, Rep\u00fablica Dominicana.<\/span><\/p>\n<p><span style=\"font-size: 10pt;\">Email: oirsa.do@oirsa.org<\/span><\/p>\n<p><span style=\"font-size: 10pt;\">Tel. (809) 533-7900<\/span><\/p>\n\n\t\t<\/div>\n\t<\/div>\n<div class=\"vc_separator wpb_content_element vc_separator_align_center vc_sep_width_100 vc_sep_pos_align_center vc_separator_no_text vc_sep_color_blue wpb_content_element  wpb_content_element\" ><span class=\"vc_sep_holder vc_sep_holder_l\"><span class=\"vc_sep_line\"><\/span><\/span><span class=\"vc_sep_holder vc_sep_holder_r\"><span class=\"vc_sep_line\"><\/span><\/span>\n<\/div>\n\t<div class=\"wpb_text_column wpb_content_element\" >\n\t\t<div class=\"wpb_wrapper\">\n\t\t\t<h4><span style=\"font-size: 10pt;\"><strong>Websites of interest:<\/strong><\/span><\/h4>\n<p><span style=\"font-size: 10pt;\"><a href=\"http:\/\/www.agricultura.gob.do\/\" target=\"_blank\" rel=\"noopener\">Ministerio de Agricultura <\/a><\/span><\/p>\n<p><span style=\"font-size: 10pt;\"><a href=\"https:\/\/www.ganaderia.gob.do\/\" target=\"_blank\" rel=\"noopener\">Direcci\u00f3n General de Ganader\u00eda (DIGEGA)<\/a><\/span><\/p>\n\n\t\t<\/div>\n\t<\/div>\n<\/div><\/div><\/div><\/div><\/div><\/section>\n<\/div>","protected":false},"excerpt":{"rendered":"Rep\u00fablica Dominicana y el OIRSA El OIRSA estableci\u00f3 su Representaci\u00f3n en Santo Domingo, Rep\u00fablica Dominicana, en el 2005, luego de [...]","protected":false},"author":213237738,"featured_media":0,"parent":0,"menu_order":0,"comment_status":"closed","ping_status":"closed","template":"page-templates\/template-canvas.php","meta":{"_coblocks_attr":"","_coblocks_dimensions":"","_coblocks_responsive_height":"","_coblocks_accordion_ie_support":"","_crdt_document":"","footnotes":""},"class_list":["post-8022","page","type-page","status-publish","hentry"],"yoast_head":"<!-- This site is optimized with the Yoast SEO plugin v27.4 - https:\/\/yoast.com\/product\/yoast-seo-wordpress\/ -->\n<title>Rep\u00fablica Dominicana y el OIRSA - OIRSA<\/title>\n<meta name=\"robots\" content=\"index, follow, max-snippet:-1, max-image-preview:large, max-video-preview:-1\" \/>\n<link rel=\"canonical\" href=\"https:\/\/web.oirsa.org\/en\/republica-dominicana-y-el-oirsa\/\" \/>\n<meta property=\"og:locale\" content=\"en_US\" \/>\n<meta property=\"og:type\" content=\"article\" \/>\n<meta property=\"og:title\" content=\"Rep\u00fablica Dominicana y el OIRSA - OIRSA\" \/>\n<meta property=\"og:url\" content=\"https:\/\/web.oirsa.org\/en\/republica-dominicana-y-el-oirsa\/\" \/>\n<meta property=\"og:site_name\" content=\"OIRSA\" \/>\n<meta property=\"article:publisher\" content=\"https:\/\/www.facebook.com\/OIRSAoficial\" \/>\n<meta property=\"article:modified_time\" content=\"2026-03-11T14:36:44+00:00\" \/>\n<meta property=\"og:image\" content=\"https:\/\/i0.wp.com\/web.oirsa.org\/wp-content\/uploads\/2024\/01\/logo-OIRSA23.png?fit=2791%2C782&ssl=1\" \/>\n\t<meta property=\"og:image:width\" content=\"2791\" \/>\n\t<meta property=\"og:image:height\" content=\"782\" \/>\n\t<meta property=\"og:image:type\" content=\"image\/png\" \/>\n<meta name=\"twitter:card\" content=\"summary_large_image\" \/>\n<meta name=\"twitter:site\" content=\"@OIRSAoficial\" \/>\n<meta name=\"twitter:label1\" content=\"Est. reading time\" \/>\n\t<meta name=\"twitter:data1\" content=\"1 minute\" \/>\n<script type=\"application\/ld+json\" class=\"yoast-schema-graph\">{\"@context\":\"https:\\\/\\\/schema.org\",\"@graph\":[{\"@type\":\"WebPage\",\"@id\":\"https:\\\/\\\/web.oirsa.org\\\/republica-dominicana-y-el-oirsa\",\"url\":\"https:\\\/\\\/web.oirsa.org\\\/republica-dominicana-y-el-oirsa\",\"name\":\"Rep\u00fablica Dominicana y el OIRSA - OIRSA\",\"isPartOf\":{\"@id\":\"https:\\\/\\\/web.oirsa.org\\\/#website\"},\"datePublished\":\"2022-01-24T17:32:52+00:00\",\"dateModified\":\"2026-03-11T14:36:44+00:00\",\"breadcrumb\":{\"@id\":\"https:\\\/\\\/web.oirsa.org\\\/republica-dominicana-y-el-oirsa#breadcrumb\"},\"inLanguage\":\"en-US\",\"potentialAction\":[{\"@type\":\"ReadAction\",\"target\":[\"https:\\\/\\\/web.oirsa.org\\\/republica-dominicana-y-el-oirsa\"]}]},{\"@type\":\"BreadcrumbList\",\"@id\":\"https:\\\/\\\/web.oirsa.org\\\/republica-dominicana-y-el-oirsa#breadcrumb\",\"itemListElement\":[{\"@type\":\"ListItem\",\"position\":1,\"name\":\"Portada\",\"item\":\"https:\\\/\\\/web.oirsa.org\\\/\"},{\"@type\":\"ListItem\",\"position\":2,\"name\":\"Rep\u00fablica Dominicana y el OIRSA\"}]},{\"@type\":\"WebSite\",\"@id\":\"https:\\\/\\\/web.oirsa.org\\\/#website\",\"url\":\"https:\\\/\\\/web.oirsa.org\\\/\",\"name\":\"OIRSA\",\"description\":\"Organismo Internacional Regional de Sanidad Agropecuaria\",\"publisher\":{\"@id\":\"https:\\\/\\\/web.oirsa.org\\\/#organization\"},\"potentialAction\":[{\"@type\":\"SearchAction\",\"target\":{\"@type\":\"EntryPoint\",\"urlTemplate\":\"https:\\\/\\\/web.oirsa.org\\\/?s={search_term_string}\"},\"query-input\":{\"@type\":\"PropertyValueSpecification\",\"valueRequired\":true,\"valueName\":\"search_term_string\"}}],\"inLanguage\":\"en-US\"},{\"@type\":\"Organization\",\"@id\":\"https:\\\/\\\/web.oirsa.org\\\/#organization\",\"name\":\"OIRSA\",\"url\":\"https:\\\/\\\/web.oirsa.org\\\/\",\"logo\":{\"@type\":\"ImageObject\",\"inLanguage\":\"en-US\",\"@id\":\"https:\\\/\\\/web.oirsa.org\\\/#\\\/schema\\\/logo\\\/image\\\/\",\"url\":\"https:\\\/\\\/web.oirsa.org\\\/wp-content\\\/uploads\\\/2024\\\/01\\\/cropped-LOGO-OIRSA-2023.png\",\"contentUrl\":\"https:\\\/\\\/web.oirsa.org\\\/wp-content\\\/uploads\\\/2024\\\/01\\\/cropped-LOGO-OIRSA-2023.png\",\"width\":512,\"height\":512,\"caption\":\"OIRSA\"},\"image\":{\"@id\":\"https:\\\/\\\/web.oirsa.org\\\/#\\\/schema\\\/logo\\\/image\\\/\"},\"sameAs\":[\"https:\\\/\\\/www.facebook.com\\\/OIRSAoficial\",\"https:\\\/\\\/x.com\\\/OIRSAoficial\"]}]}<\/script>\n<!-- \/ Yoast SEO plugin. -->","yoast_head_json":{"title":"Rep\u00fablica Dominicana y el OIRSA - OIRSA","robots":{"index":"index","follow":"follow","max-snippet":"max-snippet:-1","max-image-preview":"max-image-preview:large","max-video-preview":"max-video-preview:-1"},"canonical":"https:\/\/web.oirsa.org\/en\/republica-dominicana-y-el-oirsa\/","og_locale":"en_US","og_type":"article","og_title":"Rep\u00fablica Dominicana y el OIRSA - OIRSA","og_url":"https:\/\/web.oirsa.org\/en\/republica-dominicana-y-el-oirsa\/","og_site_name":"OIRSA","article_publisher":"https:\/\/www.facebook.com\/OIRSAoficial","article_modified_time":"2026-03-11T14:36:44+00:00","og_image":[{"width":2791,"height":782,"url":"https:\/\/i0.wp.com\/web.oirsa.org\/wp-content\/uploads\/2024\/01\/logo-OIRSA23.png?fit=2791%2C782&ssl=1","type":"image\/png"}],"twitter_card":"summary_large_image","twitter_site":"@OIRSAoficial","twitter_misc":{"Est. reading time":"1 minute"},"schema":{"@context":"https:\/\/schema.org","@graph":[{"@type":"WebPage","@id":"https:\/\/web.oirsa.org\/republica-dominicana-y-el-oirsa","url":"https:\/\/web.oirsa.org\/republica-dominicana-y-el-oirsa","name":"Rep\u00fablica Dominicana y el OIRSA - OIRSA","isPartOf":{"@id":"https:\/\/web.oirsa.org\/#website"},"datePublished":"2022-01-24T17:32:52+00:00","dateModified":"2026-03-11T14:36:44+00:00","breadcrumb":{"@id":"https:\/\/web.oirsa.org\/republica-dominicana-y-el-oirsa#breadcrumb"},"inLanguage":"en-US","potentialAction":[{"@type":"ReadAction","target":["https:\/\/web.oirsa.org\/republica-dominicana-y-el-oirsa"]}]},{"@type":"BreadcrumbList","@id":"https:\/\/web.oirsa.org\/republica-dominicana-y-el-oirsa#breadcrumb","itemListElement":[{"@type":"ListItem","position":1,"name":"Portada","item":"https:\/\/web.oirsa.org\/"},{"@type":"ListItem","position":2,"name":"Rep\u00fablica Dominicana y el OIRSA"}]},{"@type":"WebSite","@id":"https:\/\/web.oirsa.org\/#website","url":"https:\/\/web.oirsa.org\/","name":"OIRSA","description":"Organismo Internacional Regional de Sanidad Agropecuaria","publisher":{"@id":"https:\/\/web.oirsa.org\/#organization"},"potentialAction":[{"@type":"SearchAction","target":{"@type":"EntryPoint","urlTemplate":"https:\/\/web.oirsa.org\/?s={search_term_string}"},"query-input":{"@type":"PropertyValueSpecification","valueRequired":true,"valueName":"search_term_string"}}],"inLanguage":"en-US"},{"@type":"Organization","@id":"https:\/\/web.oirsa.org\/#organization","name":"OIRSA","url":"https:\/\/web.oirsa.org\/","logo":{"@type":"ImageObject","inLanguage":"en-US","@id":"https:\/\/web.oirsa.org\/#\/schema\/logo\/image\/","url":"https:\/\/web.oirsa.org\/wp-content\/uploads\/2024\/01\/cropped-LOGO-OIRSA-2023.png","contentUrl":"https:\/\/web.oirsa.org\/wp-content\/uploads\/2024\/01\/cropped-LOGO-OIRSA-2023.png","width":512,"height":512,"caption":"OIRSA"},"image":{"@id":"https:\/\/web.oirsa.org\/#\/schema\/logo\/image\/"},"sameAs":["https:\/\/www.facebook.com\/OIRSAoficial","https:\/\/x.com\/OIRSAoficial"]}]}},"jetpack_sharing_enabled":true,"_links":{"self":[{"href":"https:\/\/web.oirsa.org\/en\/wp-json\/wp\/v2\/pages\/8022","targetHints":{"allow":["GET"]}}],"collection":[{"href":"https:\/\/web.oirsa.org\/en\/wp-json\/wp\/v2\/pages"}],"about":[{"href":"https:\/\/web.oirsa.org\/en\/wp-json\/wp\/v2\/types\/page"}],"author":[{"embeddable":true,"href":"https:\/\/web.oirsa.org\/en\/wp-json\/wp\/v2\/users\/213237738"}],"replies":[{"embeddable":true,"href":"https:\/\/web.oirsa.org\/en\/wp-json\/wp\/v2\/comments?post=8022"}],"version-history":[{"count":30,"href":"https:\/\/web.oirsa.org\/en\/wp-json\/wp\/v2\/pages\/8022\/revisions"}],"predecessor-version":[{"id":19490,"href":"https:\/\/web.oirsa.org\/en\/wp-json\/wp\/v2\/pages\/8022\/revisions\/19490"}],"wp:attachment":[{"href":"https:\/\/web.oirsa.org\/en\/wp-json\/wp\/v2\/media?parent=8022"}],"curies":[{"name":"wp","href":"https:\/\/api.w.org\/{rel}","templated":true}]}}