{"id":7983,"date":"2022-01-24T10:38:57","date_gmt":"2022-01-24T16:38:57","guid":{"rendered":"http:\/\/10.103.20.84\/?page_id=7983"},"modified":"2024-09-19T14:52:36","modified_gmt":"2024-09-19T20:52:36","slug":"nicaragua-y-el-oirsa","status":"publish","type":"page","link":"https:\/\/web.oirsa.org\/en\/nicaragua-y-el-oirsa","title":{"rendered":"Nicaragua and OIRSA"},"content":{"rendered":"<div class=\"wpb-content-wrapper\"><section class=\"wpb_row vc_row-fluid\"><div class=\"container\"><div class=\"row\"><div class=\"wpb_column vc_column_container vc_col-sm-8\"><div class=\"vc_column-inner \"  ><div class=\"wpb_wrapper\">\n\t<div class=\"wpb_text_column wpb_content_element\" >\n\t\t<div class=\"wpb_wrapper\">\n\t\t\t<p class=\"wp-block-paragraph\" style=\"text-align: justify;\">\n<style>\/*! elementor - v3.5.4 - 23-01-2022 *\/<br \/>.elementor-heading-title{padding:0;margin:0;line-height:1}.elementor-widget-heading .elementor-heading-title[class*=elementor-size-]>a{color:inherit;font-size:inherit;line-height:inherit}.elementor-widget-heading .elementor-heading-title.elementor-size-small{font-size:15px}.elementor-widget-heading .elementor-heading-title.elementor-size-medium{font-size:19px}.elementor-widget-heading .elementor-heading-title.elementor-size-large{font-size:29px}.elementor-widget-heading .elementor-heading-title.elementor-size-xl{font-size:39px}.elementor-widget-heading .elementor-heading-title.elementor-size-xxl{font-size:59px}<\/style>\n<p style=\"text-align: justify;\">\n<h2 class=\"wp-block-heading\" style=\"text-align: justify;\">Nicaragua y el OIRSA<\/h2>\n<p style=\"text-align: justify;\">\n<p class=\"xmsonormal wp-block-paragraph\">El OIRSA, mediante su Representaci\u00f3n en <span class=\"outlook-search-highlight\" data-markjs=\"true\">Nicaragua<\/span>, ha venido colaborando t\u00e9cnica y financieramente programas y proyectos nacionales y regionales, que han contribuido de manera directa a controlar y erradicar plagas y enfermedades. Una muestra de ello, es el logro de <span class=\"outlook-search-highlight\" data-markjs=\"true\">Nicaragua<\/span> en la erradicaci\u00f3n del gusano rosado del algod\u00f3n (Pectinophora gossypiella) en la Isla Ma\u00edz y la Peste Porcina Cl\u00e1sica.<\/p>\n<p class=\"xmsonormal\">As\u00ed mismo, el apoyo a la Autoridad Competente en la atenci\u00f3n de las Emergencias Fitozoosanitarias Nacionales y Regionales, tales como Caracol Gigante Africano, entre otros.<\/p>\n<p class=\"xmsonormal\">Actualmente, esta Representaci\u00f3n apoya t\u00e9cnica y financieramente los planes sanitarios y fitosanitarios del Instituto Nicarag\u00fcense de Protecci\u00f3n y Sanidad Agropecuaria (IPSA), a trav\u00e9s de programas y proyectos dentro de los cuales se pueden destacar:<\/p>\n<p style=\"text-align: justify;\">\n<h4 class=\"wp-block-heading\" style=\"text-align: justify;\">En Salud Animal:<\/h4>\n<p style=\"text-align: justify;\">\n<ul class=\"wp-block-list\" style=\"text-align: justify;\">\n<li style=\"list-style-type: none;\">\n<ul>\n<li style=\"font-size: 14px;\">Programa Brucelosis y Tuberculosis Bovina<\/li>\n<li style=\"font-size: 14px;\">Programa de Enfermedades Aviares<\/li>\n<li style=\"font-size: 14px;\">Programa de Peste Porcina Cl\u00e1sica<\/li>\n<li style=\"font-size: 14px;\">Programa de Trazabilidad Bovina y Porcina<\/li>\n<li style=\"font-size: 14px;\">Programa de Encefalopat\u00eda Espongiforme Bovina (EEB)<\/li>\n<li style=\"font-size: 14px;\">Programa Ap\u00edcola<\/li>\n<\/ul>\n<\/li>\n<\/ul>\n<p style=\"text-align: justify;\">\n<h4 class=\"wp-block-heading\" style=\"text-align: justify;\">En Sanidad Vegetal y Semillas:<\/h4>\n<p style=\"text-align: justify;\">\n<ul class=\"wp-block-list\" style=\"text-align: justify;\">\n<li style=\"list-style-type: none;\">\n<ul>\n<li style=\"font-size: 14px;\">Certificaci\u00f3n fitosanitaria y semillas<\/li>\n<li style=\"font-size: 14px;\">\u00c1rea Libre de mosca de la fruta<\/li>\n<li style=\"font-size: 14px;\">Programa Huanglongbing de los c\u00edtricos<\/li>\n<li style=\"font-size: 14px;\">Campa\u00f1a Langosta Voladora (Schistocerca piceifrons piceifrons)<\/li>\n<li style=\"font-size: 14px;\">Campa\u00f1a Leprosis de los c\u00edtricos (CiLV)<\/li>\n<li style=\"font-size: 14px;\">Campa\u00f1a Zebra Chip y permanente del tomate (Candidatus Liberibacter solanacearum).<\/li>\n<li style=\"font-size: 14px;\">\u00c1rea Libre de gusano rosado y programa de vigilancia<\/li>\n<li style=\"font-size: 14px;\">Campa\u00f1a Mancha de Asfalto en el ma\u00edz (Phyllachora maydis Maubl., Monographella maydis M\u00fcller &amp; Samuels y Coniothyrium phyllachorae Maubl)<\/li>\n<\/ul>\n<\/li>\n<\/ul>\n<p style=\"text-align: justify;\">\n<h4 class=\"wp-block-heading\" style=\"text-align: justify;\">Inocuidad Agroalimentaria:<\/h4>\n<p style=\"text-align: justify;\">\n<p class=\"wp-block-paragraph\" style=\"font-size: 14px; text-align: justify;\">Fortalecimiento de Sistema de Inspecci\u00f3n en l\u00e1cteos, c\u00e1rnicos, vegetales y acu\u00edcolas.<\/p>\n<p style=\"text-align: justify;\">\n<h4 class=\"wp-block-heading\" style=\"text-align: justify;\">Cuarentena Agropecuaria:<\/h4>\n<p style=\"text-align: justify;\">\n<p class=\"wp-block-paragraph\" style=\"font-size: 14px; text-align: justify;\">Apoyo al fortalecimiento de las Inspecciones y mejora de los puestos cuarentenarios<\/p>\n<p style=\"text-align: justify;\">\n<h4 class=\"wp-block-heading\" style=\"text-align: justify;\">Apoyo a la Gesti\u00f3n de la Calidad:<\/h4>\n<p>Apoyo al fortalecimiento de los laboratorios oficiales y de referencia:<\/p>\n<ul style=\"text-align: justify;\">\n<li style=\"list-style-type: none;\">\n<ul>\n<li style=\"font-size: 14px;\">Servicios Laboratorio de Residuos<\/li>\n<li style=\"font-size: 14px;\">Servicios Laboratorio de Diagn\u00f3stico Veterinario<\/li>\n<li style=\"font-size: 14px;\">Servicios Laboratorio Fitosanitarios<\/li>\n<\/ul>\n<\/li>\n<\/ul>\n<p style=\"text-align: justify;\"><!-- \/wp:post-content --><\/p>\n<p><!-- wp:paragraph --><\/p>\n<p style=\"text-align: justify;\">\n<style>\/*! elementor - v3.5.4 - 23-01-2022 *\/<br \/>.elementor-widget-divider{--divider-border-style:none;--divider-border-width:1px;--divider-color:#2c2c2c;--divider-icon-size:20px;--divider-element-spacing:10px;--divider-pattern-height:24px;--divider-pattern-size:20px;--divider-pattern-url:none;--divider-pattern-repeat:repeat-x}.elementor-widget-divider .elementor-divider{display:-webkit-box;display:-ms-flexbox;display:flex}.elementor-widget-divider .elementor-divider__text{font-size:15px;line-height:1;max-width:95%}.elementor-widget-divider .elementor-divider__element{margin:0 var(--divider-element-spacing);-ms-flex-negative:0;flex-shrink:0}.elementor-widget-divider .elementor-icon{font-size:var(--divider-icon-size)}.elementor-widget-divider .elementor-divider-separator{display:-webkit-box;display:-ms-flexbox;display:flex;margin:0;direction:ltr}.elementor-widget-divider--view-line_icon .elementor-divider-separator,.elementor-widget-divider--view-line_text .elementor-divider-separator{-webkit-box-align:center;-ms-flex-align:center;align-items:center}.elementor-widget-divider--view-line_icon .elementor-divider-separator:after,.elementor-widget-divider--view-line_icon .elementor-divider-separator:before,.elementor-widget-divider--view-line_text .elementor-divider-separator:after,.elementor-widget-divider--view-line_text .elementor-divider-separator:before{display:block;content:\"\";border-bottom:0;-webkit-box-flex:1;-ms-flex-positive:1;flex-grow:1;border-top:var(--divider-border-width) var(--divider-border-style) var(--divider-color)}.elementor-widget-divider--element-align-left .elementor-divider .elementor-divider-separator>.elementor-divider__svg:first-of-type{-webkit-box-flex:0;-ms-flex-positive:0;flex-grow:0;-ms-flex-negative:100;flex-shrink:100}.elementor-widget-divider--element-align-left .elementor-divider-separator:before{content:none}.elementor-widget-divider--element-align-left .elementor-divider__element{margin-left:0}.elementor-widget-divider--element-align-right .elementor-divider .elementor-divider-separator>.elementor-divider__svg:last-of-type{-webkit-box-flex:0;-ms-flex-positive:0;flex-grow:0;-ms-flex-negative:100;flex-shrink:100}.elementor-widget-divider--element-align-right .elementor-divider-separator:after{content:none}.elementor-widget-divider--element-align-right .elementor-divider__element{margin-right:0}.elementor-widget-divider:not(.elementor-widget-divider--view-line_text):not(.elementor-widget-divider--view-line_icon) .elementor-divider-separator{border-top:var(--divider-border-width) var(--divider-border-style) var(--divider-color)}.elementor-widget-divider--separator-type-pattern{--divider-border-style:none}.elementor-widget-divider--separator-type-pattern.elementor-widget-divider--view-line .elementor-divider-separator,.elementor-widget-divider--separator-type-pattern:not(.elementor-widget-divider--view-line) .elementor-divider-separator:after,.elementor-widget-divider--separator-type-pattern:not(.elementor-widget-divider--view-line) .elementor-divider-separator:before,.elementor-widget-divider--separator-type-pattern:not([class*=elementor-widget-divider--view]) .elementor-divider-separator{width:100%;min-height:var(--divider-pattern-height);-webkit-mask-size:var(--divider-pattern-size) 100%;mask-size:var(--divider-pattern-size) 100%;-webkit-mask-repeat:var(--divider-pattern-repeat);mask-repeat:var(--divider-pattern-repeat);background-color:var(--divider-color);-webkit-mask-image:var(--divider-pattern-url);mask-image:var(--divider-pattern-url)}.elementor-widget-divider--no-spacing{--divider-pattern-size:auto}.elementor-widget-divider--bg-round{--divider-pattern-repeat:round}.rtl .elementor-widget-divider .elementor-divider__text{direction:rtl}<\/style>\n<p><!-- \/wp:paragraph --><!-- wp:paragraph \/--><\/p>\n\n\t\t<\/div>\n\t<\/div>\n<\/div><\/div><\/div><div class=\"wpb_column vc_column_container vc_col-sm-4\"><div class=\"vc_column-inner \"  ><div class=\"wpb_wrapper\">\n\t<div class=\"wpb_text_column wpb_content_element\" >\n\t\t<div class=\"wpb_wrapper\">\n\t\t\t<ul>\n<li><a href=\"https:\/\/web.oirsa.org\/cirsa\/\">CIRSA<\/a><\/li>\n<li id=\"menu-item-1407\"><a href=\"https:\/\/web.oirsa.org\/comision-tecnica\/\">Comisi\u00f3n T\u00e9cnica<\/a><\/li>\n<li id=\"menu-item-1408\"><a href=\"https:\/\/web.oirsa.org\/direccion-ejecutiva\/\">Direcci\u00f3n Ejecutiva<\/a><\/li>\n<li id=\"menu-item-1410\"><a href=\"https:\/\/web.oirsa.org\/representaciones\/\">Representaciones<\/a><\/li>\n<li id=\"menu-item-1411\"><a href=\"https:\/\/web.oirsa.org\/organigrama\/\">Organigrama<\/a><\/li>\n<\/ul>\n\n\t\t<\/div>\n\t<\/div>\n\n\t<div  class=\"wpb_single_image wpb_content_element vc_align_center wpb_content_element\">\n\t\t\n\t\t<figure class=\"wpb_wrapper vc_figure\">\n\t\t\t<a href=\"https:\/\/web.oirsa.org\/oirsaocan\/\" target=\"_blank\" class=\"vc_single_image-wrapper   vc_box_border_grey\"><img loading=\"lazy\" decoding=\"async\" width=\"300\" height=\"164\" src=\"https:\/\/i0.wp.com\/web.oirsa.org\/wp-content\/uploads\/2024\/08\/banner-ocan-copia.jpg?fit=300%2C164&amp;ssl=1\" class=\"vc_single_image-img attachment-medium\" alt=\"\" title=\"banner ocan copia\" srcset=\"https:\/\/i0.wp.com\/web.oirsa.org\/wp-content\/uploads\/2024\/08\/banner-ocan-copia.jpg?w=825&amp;ssl=1 825w, https:\/\/i0.wp.com\/web.oirsa.org\/wp-content\/uploads\/2024\/08\/banner-ocan-copia.jpg?resize=300%2C164&amp;ssl=1 300w, https:\/\/i0.wp.com\/web.oirsa.org\/wp-content\/uploads\/2024\/08\/banner-ocan-copia.jpg?resize=768%2C419&amp;ssl=1 768w, https:\/\/i0.wp.com\/web.oirsa.org\/wp-content\/uploads\/2024\/08\/banner-ocan-copia.jpg?resize=18%2C10&amp;ssl=1 18w\" sizes=\"auto, (max-width: 300px) 100vw, 300px\" \/><\/a>\n\t\t<\/figure>\n\t<\/div>\n<div class=\"vc_separator wpb_content_element vc_separator_align_center vc_sep_width_100 vc_sep_pos_align_center vc_separator_no_text vc_sep_color_black wpb_content_element  wpb_content_element\" ><span class=\"vc_sep_holder vc_sep_holder_l\"><span class=\"vc_sep_line\"><\/span><\/span><span class=\"vc_sep_holder vc_sep_holder_r\"><span class=\"vc_sep_line\"><\/span><\/span>\n<\/div>\n\t<div class=\"wpb_text_column wpb_content_element\" >\n\t\t<div class=\"wpb_wrapper\">\n\t\t\t<h4 class=\"wp-block-heading\" style=\"text-align: center;\"><span style=\"color: #002166;\"><strong><span style=\"font-size: 10pt;\">MV. Willi Flores D\u00edaz<\/span><\/strong><\/span><\/h4>\n<p><span style=\"font-size: 10pt;\"><!-- \/wp:heading --><\/span><\/p>\n<p style=\"text-align: justify;\"><!-- wp:paragraph {\"style\":{\"typography\":{\"fontSize\":\"14px\"}}} --><\/p>\n<p style=\"text-align: center;\"><span style=\"font-size: 10pt;\">Representante del OIRSA en Nicaragua<\/span><\/p>\n\n\t\t<\/div>\n\t<\/div>\n<div class=\"vc_separator wpb_content_element vc_separator_align_center vc_sep_width_100 vc_sep_pos_align_center vc_separator_no_text vc_sep_color_black wpb_content_element  wpb_content_element\" ><span class=\"vc_sep_holder vc_sep_holder_l\"><span class=\"vc_sep_line\"><\/span><\/span><span class=\"vc_sep_holder vc_sep_holder_r\"><span class=\"vc_sep_line\"><\/span><\/span>\n<\/div>\n\t<div class=\"wpb_text_column wpb_content_element\" >\n\t\t<div class=\"wpb_wrapper\">\n\t\t\t<h4 class=\"wp-block-heading\"><span style=\"color: #002166;\"><strong><span style=\"font-size: 10pt;\">Oficina:<\/span><\/strong><\/span><\/h4>\n<p><span style=\"font-size: 10pt;\"><!-- \/wp:heading --><\/span><\/p>\n<p style=\"text-align: justify;\"><!-- wp:paragraph {\"style\":{\"typography\":{\"fontSize\":\"14px\"}}} --><\/p>\n<p><span style=\"font-size: 10pt;\">Residencial Las Colinas, Casa No. 318, 2da. entrada Av. Paseo del Club frente a entrada principal Estaci\u00f3n de Bomberos, Managua, Nicaragua.<\/span><\/p>\n<p><span style=\"font-size: 10pt;\"><!-- \/wp:paragraph --><\/span><\/p>\n<p style=\"text-align: justify;\"><!-- wp:paragraph {\"style\":{\"typography\":{\"fontSize\":\"14px\"}}} --><\/p>\n<p><span style=\"font-size: 10pt;\">Tel.: +\u00a0 (505)\u00a0 2276-2653\u00a0 e-mail: oirsa.ni@oirsa.org<\/span><\/p>\n<p><span style=\"font-size: 10pt;\"><!-- \/wp:paragraph --><\/span><\/p>\n<p style=\"text-align: justify;\"><!-- wp:heading {\"level\":4} --><\/p>\n<h4 class=\"wp-block-heading\"><strong><span style=\"font-size: 10pt; color: #002166;\">Sitio de inter\u00e9s:<\/span><\/strong><\/h4>\n<p><span style=\"font-size: 10pt;\"><!-- \/wp:heading --><\/span><\/p>\n<p style=\"text-align: justify;\"><!-- wp:list --><\/p>\n<ul>\n<li style=\"list-style-type: none;\">\n<ul><!-- wp:list-item {\"style\":{\"typography\":{\"fontSize\":\"14px\"}}} --><\/ul>\n<\/li>\n<li><span style=\"font-size: 10pt;\"><a href=\"https:\/\/www.mag.gob.ni\/\">Ministerio Agropecuario \u00a0(MAG)<\/a><\/span><\/li>\n<li><a style=\"font-size: 10pt;\" href=\"https:\/\/www.ipsa.gob.ni\/\">Insituto de Protecci\u00f3n y Sanidad Agropecuaria (IPSA)<\/a><span style=\"font-size: 10pt;\">\u00a0<\/span><\/li>\n<\/ul>\n\n\t\t<\/div>\n\t<\/div>\n<\/div><\/div><\/div><\/div><\/div><\/section>\r\n<\/div>","protected":false},"excerpt":{"rendered":"Nicaragua y el OIRSA El OIRSA, mediante su Representaci\u00f3n en Nicaragua, ha venido colaborando t\u00e9cnica y financieramente programas y proyectos [...]","protected":false},"author":213237738,"featured_media":0,"parent":0,"menu_order":0,"comment_status":"closed","ping_status":"closed","template":"page-templates\/template-canvas.php","meta":{"_coblocks_attr":"","_coblocks_dimensions":"","_coblocks_responsive_height":"","_coblocks_accordion_ie_support":"","_crdt_document":"","footnotes":""},"class_list":["post-7983","page","type-page","status-publish","hentry"],"yoast_head":"<!-- This site is optimized with the Yoast SEO plugin v27.4 - https:\/\/yoast.com\/product\/yoast-seo-wordpress\/ -->\n<title>Nicaragua y el OIRSA - OIRSA<\/title>\n<meta name=\"robots\" content=\"index, follow, max-snippet:-1, max-image-preview:large, max-video-preview:-1\" \/>\n<link rel=\"canonical\" href=\"https:\/\/web.oirsa.org\/en\/nicaragua-y-el-oirsa\/\" \/>\n<meta property=\"og:locale\" content=\"en_US\" \/>\n<meta property=\"og:type\" content=\"article\" \/>\n<meta property=\"og:title\" content=\"Nicaragua y el OIRSA - OIRSA\" \/>\n<meta property=\"og:url\" content=\"https:\/\/web.oirsa.org\/en\/nicaragua-y-el-oirsa\/\" \/>\n<meta property=\"og:site_name\" content=\"OIRSA\" \/>\n<meta property=\"article:publisher\" content=\"https:\/\/www.facebook.com\/OIRSAoficial\" \/>\n<meta property=\"article:modified_time\" content=\"2024-09-19T20:52:36+00:00\" \/>\n<meta property=\"og:image\" content=\"https:\/\/i0.wp.com\/web.oirsa.org\/wp-content\/uploads\/2024\/01\/logo-OIRSA23.png?fit=2791%2C782&ssl=1\" \/>\n\t<meta property=\"og:image:width\" content=\"2791\" \/>\n\t<meta property=\"og:image:height\" content=\"782\" \/>\n\t<meta property=\"og:image:type\" content=\"image\/png\" \/>\n<meta name=\"twitter:card\" content=\"summary_large_image\" \/>\n<meta name=\"twitter:site\" content=\"@OIRSAoficial\" \/>\n<meta name=\"twitter:label1\" content=\"Est. reading time\" \/>\n\t<meta name=\"twitter:data1\" content=\"2 minutes\" \/>\n<script type=\"application\/ld+json\" class=\"yoast-schema-graph\">{\"@context\":\"https:\\\/\\\/schema.org\",\"@graph\":[{\"@type\":\"WebPage\",\"@id\":\"https:\\\/\\\/web.oirsa.org\\\/nicaragua-y-el-oirsa\",\"url\":\"https:\\\/\\\/web.oirsa.org\\\/nicaragua-y-el-oirsa\",\"name\":\"Nicaragua y el OIRSA - OIRSA\",\"isPartOf\":{\"@id\":\"https:\\\/\\\/web.oirsa.org\\\/#website\"},\"datePublished\":\"2022-01-24T16:38:57+00:00\",\"dateModified\":\"2024-09-19T20:52:36+00:00\",\"breadcrumb\":{\"@id\":\"https:\\\/\\\/web.oirsa.org\\\/nicaragua-y-el-oirsa#breadcrumb\"},\"inLanguage\":\"en-US\",\"potentialAction\":[{\"@type\":\"ReadAction\",\"target\":[\"https:\\\/\\\/web.oirsa.org\\\/nicaragua-y-el-oirsa\"]}]},{\"@type\":\"BreadcrumbList\",\"@id\":\"https:\\\/\\\/web.oirsa.org\\\/nicaragua-y-el-oirsa#breadcrumb\",\"itemListElement\":[{\"@type\":\"ListItem\",\"position\":1,\"name\":\"Portada\",\"item\":\"https:\\\/\\\/web.oirsa.org\\\/\"},{\"@type\":\"ListItem\",\"position\":2,\"name\":\"Nicaragua y el OIRSA\"}]},{\"@type\":\"WebSite\",\"@id\":\"https:\\\/\\\/web.oirsa.org\\\/#website\",\"url\":\"https:\\\/\\\/web.oirsa.org\\\/\",\"name\":\"OIRSA\",\"description\":\"Organismo Internacional Regional de Sanidad Agropecuaria\",\"publisher\":{\"@id\":\"https:\\\/\\\/web.oirsa.org\\\/#organization\"},\"potentialAction\":[{\"@type\":\"SearchAction\",\"target\":{\"@type\":\"EntryPoint\",\"urlTemplate\":\"https:\\\/\\\/web.oirsa.org\\\/?s={search_term_string}\"},\"query-input\":{\"@type\":\"PropertyValueSpecification\",\"valueRequired\":true,\"valueName\":\"search_term_string\"}}],\"inLanguage\":\"en-US\"},{\"@type\":\"Organization\",\"@id\":\"https:\\\/\\\/web.oirsa.org\\\/#organization\",\"name\":\"OIRSA\",\"url\":\"https:\\\/\\\/web.oirsa.org\\\/\",\"logo\":{\"@type\":\"ImageObject\",\"inLanguage\":\"en-US\",\"@id\":\"https:\\\/\\\/web.oirsa.org\\\/#\\\/schema\\\/logo\\\/image\\\/\",\"url\":\"https:\\\/\\\/web.oirsa.org\\\/wp-content\\\/uploads\\\/2024\\\/01\\\/cropped-LOGO-OIRSA-2023.png\",\"contentUrl\":\"https:\\\/\\\/web.oirsa.org\\\/wp-content\\\/uploads\\\/2024\\\/01\\\/cropped-LOGO-OIRSA-2023.png\",\"width\":512,\"height\":512,\"caption\":\"OIRSA\"},\"image\":{\"@id\":\"https:\\\/\\\/web.oirsa.org\\\/#\\\/schema\\\/logo\\\/image\\\/\"},\"sameAs\":[\"https:\\\/\\\/www.facebook.com\\\/OIRSAoficial\",\"https:\\\/\\\/x.com\\\/OIRSAoficial\"]}]}<\/script>\n<!-- \/ Yoast SEO plugin. -->","yoast_head_json":{"title":"Nicaragua y el OIRSA - OIRSA","robots":{"index":"index","follow":"follow","max-snippet":"max-snippet:-1","max-image-preview":"max-image-preview:large","max-video-preview":"max-video-preview:-1"},"canonical":"https:\/\/web.oirsa.org\/en\/nicaragua-y-el-oirsa\/","og_locale":"en_US","og_type":"article","og_title":"Nicaragua y el OIRSA - OIRSA","og_url":"https:\/\/web.oirsa.org\/en\/nicaragua-y-el-oirsa\/","og_site_name":"OIRSA","article_publisher":"https:\/\/www.facebook.com\/OIRSAoficial","article_modified_time":"2024-09-19T20:52:36+00:00","og_image":[{"width":2791,"height":782,"url":"https:\/\/i0.wp.com\/web.oirsa.org\/wp-content\/uploads\/2024\/01\/logo-OIRSA23.png?fit=2791%2C782&ssl=1","type":"image\/png"}],"twitter_card":"summary_large_image","twitter_site":"@OIRSAoficial","twitter_misc":{"Est. reading time":"2 minutes"},"schema":{"@context":"https:\/\/schema.org","@graph":[{"@type":"WebPage","@id":"https:\/\/web.oirsa.org\/nicaragua-y-el-oirsa","url":"https:\/\/web.oirsa.org\/nicaragua-y-el-oirsa","name":"Nicaragua y el OIRSA - OIRSA","isPartOf":{"@id":"https:\/\/web.oirsa.org\/#website"},"datePublished":"2022-01-24T16:38:57+00:00","dateModified":"2024-09-19T20:52:36+00:00","breadcrumb":{"@id":"https:\/\/web.oirsa.org\/nicaragua-y-el-oirsa#breadcrumb"},"inLanguage":"en-US","potentialAction":[{"@type":"ReadAction","target":["https:\/\/web.oirsa.org\/nicaragua-y-el-oirsa"]}]},{"@type":"BreadcrumbList","@id":"https:\/\/web.oirsa.org\/nicaragua-y-el-oirsa#breadcrumb","itemListElement":[{"@type":"ListItem","position":1,"name":"Portada","item":"https:\/\/web.oirsa.org\/"},{"@type":"ListItem","position":2,"name":"Nicaragua y el OIRSA"}]},{"@type":"WebSite","@id":"https:\/\/web.oirsa.org\/#website","url":"https:\/\/web.oirsa.org\/","name":"OIRSA","description":"Organismo Internacional Regional de Sanidad Agropecuaria","publisher":{"@id":"https:\/\/web.oirsa.org\/#organization"},"potentialAction":[{"@type":"SearchAction","target":{"@type":"EntryPoint","urlTemplate":"https:\/\/web.oirsa.org\/?s={search_term_string}"},"query-input":{"@type":"PropertyValueSpecification","valueRequired":true,"valueName":"search_term_string"}}],"inLanguage":"en-US"},{"@type":"Organization","@id":"https:\/\/web.oirsa.org\/#organization","name":"OIRSA","url":"https:\/\/web.oirsa.org\/","logo":{"@type":"ImageObject","inLanguage":"en-US","@id":"https:\/\/web.oirsa.org\/#\/schema\/logo\/image\/","url":"https:\/\/web.oirsa.org\/wp-content\/uploads\/2024\/01\/cropped-LOGO-OIRSA-2023.png","contentUrl":"https:\/\/web.oirsa.org\/wp-content\/uploads\/2024\/01\/cropped-LOGO-OIRSA-2023.png","width":512,"height":512,"caption":"OIRSA"},"image":{"@id":"https:\/\/web.oirsa.org\/#\/schema\/logo\/image\/"},"sameAs":["https:\/\/www.facebook.com\/OIRSAoficial","https:\/\/x.com\/OIRSAoficial"]}]}},"jetpack_sharing_enabled":true,"_links":{"self":[{"href":"https:\/\/web.oirsa.org\/en\/wp-json\/wp\/v2\/pages\/7983","targetHints":{"allow":["GET"]}}],"collection":[{"href":"https:\/\/web.oirsa.org\/en\/wp-json\/wp\/v2\/pages"}],"about":[{"href":"https:\/\/web.oirsa.org\/en\/wp-json\/wp\/v2\/types\/page"}],"author":[{"embeddable":true,"href":"https:\/\/web.oirsa.org\/en\/wp-json\/wp\/v2\/users\/213237738"}],"replies":[{"embeddable":true,"href":"https:\/\/web.oirsa.org\/en\/wp-json\/wp\/v2\/comments?post=7983"}],"version-history":[{"count":22,"href":"https:\/\/web.oirsa.org\/en\/wp-json\/wp\/v2\/pages\/7983\/revisions"}],"predecessor-version":[{"id":16366,"href":"https:\/\/web.oirsa.org\/en\/wp-json\/wp\/v2\/pages\/7983\/revisions\/16366"}],"wp:attachment":[{"href":"https:\/\/web.oirsa.org\/en\/wp-json\/wp\/v2\/media?parent=7983"}],"curies":[{"name":"wp","href":"https:\/\/api.w.org\/{rel}","templated":true}]}}