{"id":7938,"date":"2022-01-21T18:07:25","date_gmt":"2022-01-22T00:07:25","guid":{"rendered":"http:\/\/10.103.20.84\/?page_id=7938"},"modified":"2024-05-06T08:20:34","modified_gmt":"2024-05-06T14:20:34","slug":"guatemala-y-el-oirsa","status":"publish","type":"page","link":"https:\/\/web.oirsa.org\/en\/guatemala-y-el-oirsa","title":{"rendered":"Guatemala y el OIRSA"},"content":{"rendered":"<div class=\"wpb-content-wrapper\"><section class=\"wpb_row vc_row-fluid\"><div class=\"container\"><div class=\"row\"><div class=\"wpb_column vc_column_container vc_col-sm-8\"><div class=\"vc_column-inner\"  ><div class=\"wpb_wrapper\">\n\t<div class=\"wpb_text_column wpb_content_element\" >\n\t\t<div class=\"wpb_wrapper\">\n\t\t\t<h2 class=\"wp-block-heading\">GUATEMALA<\/h2>\n<p style=\"font-size: 14px; text-align: left;\">OIRSA began its collaborative work with the authorities of the Ministry of Agriculture, Livestock, and Food (MAGA) in Guatemala in 1953. Since then, the organization has contributed to the prevention, control, and eradication of pests and diseases with significant impacts on the country's agricultural and livestock health, such as Foot-and-Mouth Disease, High Pathogenic Avian Influenza, Bovine Spongiform Encephalopathy, and the Central American locust  (<em>Schistocerca piceifrons piceifrons<\/em>) and fruit flies, among other pests relevant to Guatemalan agricultural and livestock health.<\/p>\n<p style=\"font-size: 14px; text-align: left;\">Currently, OIRSA, in technical and participatory support with MAGA, is involved in programs and projects of great importance for the country's economic development and food security. Some of these programs include the control of Huanglongbing (HLB) in citrus, the Salivary Bug (Aeneolamia spp), control of the flying locust, and control and eradication of Classical Swine Fever. In the latter case, OIRSA has provided technical assistance and financial support (regional funds) for disease control and eradication; Bovine Traceability, and Regulation of veterinary drugs, among others.<\/p>\n<p style=\"font-size: 14px; text-align: left;\">Moreover, it manages and operates 11 quarantine treatment stations located at airports, land borders, and seaports, which are part of the <a href=\"https:\/\/web.oirsa.org\/en\/servicio-internacional-de-tratamientos-cuarentenarios-sitc-2\/\">Servicio Internacional de Tratamientos Cuarentenarios (SITC)<\/a>, Similarly, by delegation from the MAGA, it administers the <a href=\"https:\/\/web.oirsa.org\/en\/servicio-de-proteccion-agropecuaria-sepa-2\/\">Servicio de Protecci\u00f3n Agropecuaria (SEPA).<\/a><\/p>\n\n\t\t<\/div>\n\t<\/div>\n<\/div><\/div><\/div><div class=\"wpb_column vc_column_container vc_col-sm-4\"><div class=\"vc_column-inner\"  ><div class=\"wpb_wrapper\"><div class=\"vc_empty_space\"   style=\"height: 120px\"><span class=\"vc_empty_space_inner\"><\/span><\/div><div class=\"vc_separator wpb_content_element vc_separator_align_center vc_sep_width_100 vc_sep_pos_align_center vc_separator_no_text vc_sep_color_blue wpb_content_element  wpb_content_element\" ><span class=\"vc_sep_holder vc_sep_holder_l\"><span class=\"vc_sep_line\"><\/span><\/span><span class=\"vc_sep_holder vc_sep_holder_r\"><span class=\"vc_sep_line\"><\/span><\/span>\n<\/div>\n\t<div class=\"wpb_text_column wpb_content_element\" >\n\t\t<div class=\"wpb_wrapper\">\n\t\t\t<h4 class=\"wp-block-heading\" style=\"text-align: center;\"><span style=\"font-size: 10pt; color: #002166;\"><strong>Ing. Rosario del Carmen G\u00f3mez Jordan<\/strong><\/span><\/h4>\n<p><span style=\"font-size: 10pt;\"><!-- \/wp:post-content --><\/span><\/p>\n<p><!-- wp:paragraph {\"style\":{\"typography\":{\"fontSize\":\"14px\"}}} --><\/p>\n<p style=\"text-align: center;\"><span style=\"font-size: 10pt;\">Representante del OIRSA en Guatemala<\/span><\/p>\n\n\t\t<\/div>\n\t<\/div>\n<div class=\"vc_separator wpb_content_element vc_separator_align_center vc_sep_width_100 vc_sep_pos_align_center vc_separator_no_text vc_sep_color_blue wpb_content_element  wpb_content_element\" ><span class=\"vc_sep_holder vc_sep_holder_l\"><span class=\"vc_sep_line\"><\/span><\/span><span class=\"vc_sep_holder vc_sep_holder_r\"><span class=\"vc_sep_line\"><\/span><\/span>\n<\/div>\n\t<div class=\"wpb_text_column wpb_content_element\" >\n\t\t<div class=\"wpb_wrapper\">\n\t\t\t<h4 class=\"wp-block-heading\"><span style=\"font-size: 10pt; color: #002166;\"><strong>Office:<\/strong><\/span><\/h4>\n<p><span style=\"font-size: 10pt;\"><!-- \/wp:paragraph --><\/span><\/p>\n<p><!-- wp:paragraph {\"style\":{\"typography\":{\"fontSize\":\"14px\"}}} --><span style=\"font-size: 10pt;\">21 Avenida 3-12, Zona 15, Vista Hermosa 1, Guatemala, Guatemala<\/span><\/p>\n<p><span style=\"font-size: 10pt;\"><!-- \/wp:paragraph --><\/span><\/p>\n<p><!-- wp:paragraph {\"style\":{\"typography\":{\"fontSize\":\"14px\"}}} --><span style=\"font-size: 10pt;\">Email: oirsa.gt@oirsa.org<\/span><\/p>\n<p><span style=\"font-size: 10pt;\"><!-- \/wp:paragraph --><\/span><\/p>\n<p><!-- wp:paragraph {\"style\":{\"typography\":{\"fontSize\":\"14px\"}}} --><span style=\"font-size: 10pt;\">Tel. (502) 2294-0404<\/span><\/p>\n\n\t\t<\/div>\n\t<\/div>\n<div class=\"vc_separator wpb_content_element vc_separator_align_center vc_sep_width_100 vc_sep_pos_align_center vc_separator_no_text vc_sep_color_blue wpb_content_element  wpb_content_element\" ><span class=\"vc_sep_holder vc_sep_holder_l\"><span class=\"vc_sep_line\"><\/span><\/span><span class=\"vc_sep_holder vc_sep_holder_r\"><span class=\"vc_sep_line\"><\/span><\/span>\n<\/div>\n\t<div class=\"wpb_text_column wpb_content_element\" >\n\t\t<div class=\"wpb_wrapper\">\n\t\t\t<h4 class=\"wp-block-heading\"><span style=\"color: #002166; font-size: 10pt;\"><strong>Websites of interest:<\/strong><\/span><\/h4>\n<ul>\n<li class=\"has-montserrat-font-family\" style=\"font-size: 14px;\"><span style=\"font-size: 10pt;\"><a href=\"https:\/\/www.maga.gob.gt\/\" target=\"_blank\" rel=\"noopener\">Ministerio de Agricultura, Ganader\u00eda y Alimentaci\u00f3n (MAGA)<\/a><\/span><\/li>\n<li class=\"has-montserrat-font-family\" style=\"font-size: 14px;\"><span style=\"font-size: 10pt;\"><a href=\"https:\/\/visar.maga.gob.gt\/\" target=\"_blank\" rel=\"noopener\">Viceministerio de Sanidad Agropecuaria y Regulaciones<\/a><\/span><\/li>\n<\/ul>\n\n\t\t<\/div>\n\t<\/div>\n<\/div><\/div><\/div><\/div><\/div><\/section><\/div>","protected":false},"excerpt":{"rendered":"Guatemala El OIRSA inici\u00f3 su trabajo conjunto con las autoridades del Ministerio de Agricultura, Ganader\u00eda y Alimentaci\u00f3n (MAGA), de Guatemala, [...]","protected":false},"author":213237738,"featured_media":0,"parent":0,"menu_order":0,"comment_status":"closed","ping_status":"closed","template":"page-templates\/template-fullwidth.php","meta":{"_coblocks_attr":"","_coblocks_dimensions":"","_coblocks_responsive_height":"","_coblocks_accordion_ie_support":"","_crdt_document":"","footnotes":""},"class_list":["post-7938","page","type-page","status-publish","hentry"],"yoast_head":"<!-- This site is optimized with the Yoast SEO plugin v27.4 - https:\/\/yoast.com\/product\/yoast-seo-wordpress\/ -->\n<title>Guatemala y el OIRSA - OIRSA<\/title>\n<meta name=\"robots\" content=\"index, follow, max-snippet:-1, max-image-preview:large, max-video-preview:-1\" \/>\n<link rel=\"canonical\" href=\"https:\/\/web.oirsa.org\/en\/guatemala-y-el-oirsa\/\" \/>\n<meta property=\"og:locale\" content=\"en_US\" \/>\n<meta property=\"og:type\" content=\"article\" \/>\n<meta property=\"og:title\" content=\"Guatemala y el OIRSA - OIRSA\" \/>\n<meta property=\"og:url\" content=\"https:\/\/web.oirsa.org\/en\/guatemala-y-el-oirsa\/\" \/>\n<meta property=\"og:site_name\" content=\"OIRSA\" \/>\n<meta property=\"article:publisher\" content=\"https:\/\/www.facebook.com\/OIRSAoficial\" \/>\n<meta property=\"article:modified_time\" content=\"2024-05-06T14:20:34+00:00\" \/>\n<meta property=\"og:image\" content=\"https:\/\/i0.wp.com\/web.oirsa.org\/wp-content\/uploads\/2024\/01\/logo-OIRSA23.png?fit=2791%2C782&ssl=1\" \/>\n\t<meta property=\"og:image:width\" content=\"2791\" \/>\n\t<meta property=\"og:image:height\" content=\"782\" \/>\n\t<meta property=\"og:image:type\" content=\"image\/png\" \/>\n<meta name=\"twitter:card\" content=\"summary_large_image\" \/>\n<meta name=\"twitter:site\" content=\"@OIRSAoficial\" \/>\n<meta name=\"twitter:label1\" content=\"Est. reading time\" \/>\n\t<meta name=\"twitter:data1\" content=\"2 minutes\" \/>\n<script type=\"application\/ld+json\" class=\"yoast-schema-graph\">{\"@context\":\"https:\\\/\\\/schema.org\",\"@graph\":[{\"@type\":\"WebPage\",\"@id\":\"https:\\\/\\\/web.oirsa.org\\\/guatemala-y-el-oirsa\",\"url\":\"https:\\\/\\\/web.oirsa.org\\\/guatemala-y-el-oirsa\",\"name\":\"Guatemala y el OIRSA - OIRSA\",\"isPartOf\":{\"@id\":\"https:\\\/\\\/web.oirsa.org\\\/#website\"},\"datePublished\":\"2022-01-22T00:07:25+00:00\",\"dateModified\":\"2024-05-06T14:20:34+00:00\",\"breadcrumb\":{\"@id\":\"https:\\\/\\\/web.oirsa.org\\\/guatemala-y-el-oirsa#breadcrumb\"},\"inLanguage\":\"en-US\",\"potentialAction\":[{\"@type\":\"ReadAction\",\"target\":[\"https:\\\/\\\/web.oirsa.org\\\/guatemala-y-el-oirsa\"]}]},{\"@type\":\"BreadcrumbList\",\"@id\":\"https:\\\/\\\/web.oirsa.org\\\/guatemala-y-el-oirsa#breadcrumb\",\"itemListElement\":[{\"@type\":\"ListItem\",\"position\":1,\"name\":\"Portada\",\"item\":\"https:\\\/\\\/web.oirsa.org\\\/\"},{\"@type\":\"ListItem\",\"position\":2,\"name\":\"Guatemala y el OIRSA\"}]},{\"@type\":\"WebSite\",\"@id\":\"https:\\\/\\\/web.oirsa.org\\\/#website\",\"url\":\"https:\\\/\\\/web.oirsa.org\\\/\",\"name\":\"OIRSA\",\"description\":\"Organismo Internacional Regional de Sanidad Agropecuaria\",\"publisher\":{\"@id\":\"https:\\\/\\\/web.oirsa.org\\\/#organization\"},\"potentialAction\":[{\"@type\":\"SearchAction\",\"target\":{\"@type\":\"EntryPoint\",\"urlTemplate\":\"https:\\\/\\\/web.oirsa.org\\\/?s={search_term_string}\"},\"query-input\":{\"@type\":\"PropertyValueSpecification\",\"valueRequired\":true,\"valueName\":\"search_term_string\"}}],\"inLanguage\":\"en-US\"},{\"@type\":\"Organization\",\"@id\":\"https:\\\/\\\/web.oirsa.org\\\/#organization\",\"name\":\"OIRSA\",\"url\":\"https:\\\/\\\/web.oirsa.org\\\/\",\"logo\":{\"@type\":\"ImageObject\",\"inLanguage\":\"en-US\",\"@id\":\"https:\\\/\\\/web.oirsa.org\\\/#\\\/schema\\\/logo\\\/image\\\/\",\"url\":\"https:\\\/\\\/web.oirsa.org\\\/wp-content\\\/uploads\\\/2024\\\/01\\\/cropped-LOGO-OIRSA-2023.png\",\"contentUrl\":\"https:\\\/\\\/web.oirsa.org\\\/wp-content\\\/uploads\\\/2024\\\/01\\\/cropped-LOGO-OIRSA-2023.png\",\"width\":512,\"height\":512,\"caption\":\"OIRSA\"},\"image\":{\"@id\":\"https:\\\/\\\/web.oirsa.org\\\/#\\\/schema\\\/logo\\\/image\\\/\"},\"sameAs\":[\"https:\\\/\\\/www.facebook.com\\\/OIRSAoficial\",\"https:\\\/\\\/x.com\\\/OIRSAoficial\"]}]}<\/script>\n<!-- \/ Yoast SEO plugin. -->","yoast_head_json":{"title":"Guatemala y el OIRSA - OIRSA","robots":{"index":"index","follow":"follow","max-snippet":"max-snippet:-1","max-image-preview":"max-image-preview:large","max-video-preview":"max-video-preview:-1"},"canonical":"https:\/\/web.oirsa.org\/en\/guatemala-y-el-oirsa\/","og_locale":"en_US","og_type":"article","og_title":"Guatemala y el OIRSA - OIRSA","og_url":"https:\/\/web.oirsa.org\/en\/guatemala-y-el-oirsa\/","og_site_name":"OIRSA","article_publisher":"https:\/\/www.facebook.com\/OIRSAoficial","article_modified_time":"2024-05-06T14:20:34+00:00","og_image":[{"width":2791,"height":782,"url":"https:\/\/i0.wp.com\/web.oirsa.org\/wp-content\/uploads\/2024\/01\/logo-OIRSA23.png?fit=2791%2C782&ssl=1","type":"image\/png"}],"twitter_card":"summary_large_image","twitter_site":"@OIRSAoficial","twitter_misc":{"Est. reading time":"2 minutes"},"schema":{"@context":"https:\/\/schema.org","@graph":[{"@type":"WebPage","@id":"https:\/\/web.oirsa.org\/guatemala-y-el-oirsa","url":"https:\/\/web.oirsa.org\/guatemala-y-el-oirsa","name":"Guatemala y el OIRSA - OIRSA","isPartOf":{"@id":"https:\/\/web.oirsa.org\/#website"},"datePublished":"2022-01-22T00:07:25+00:00","dateModified":"2024-05-06T14:20:34+00:00","breadcrumb":{"@id":"https:\/\/web.oirsa.org\/guatemala-y-el-oirsa#breadcrumb"},"inLanguage":"en-US","potentialAction":[{"@type":"ReadAction","target":["https:\/\/web.oirsa.org\/guatemala-y-el-oirsa"]}]},{"@type":"BreadcrumbList","@id":"https:\/\/web.oirsa.org\/guatemala-y-el-oirsa#breadcrumb","itemListElement":[{"@type":"ListItem","position":1,"name":"Portada","item":"https:\/\/web.oirsa.org\/"},{"@type":"ListItem","position":2,"name":"Guatemala y el OIRSA"}]},{"@type":"WebSite","@id":"https:\/\/web.oirsa.org\/#website","url":"https:\/\/web.oirsa.org\/","name":"OIRSA","description":"Organismo Internacional Regional de Sanidad Agropecuaria","publisher":{"@id":"https:\/\/web.oirsa.org\/#organization"},"potentialAction":[{"@type":"SearchAction","target":{"@type":"EntryPoint","urlTemplate":"https:\/\/web.oirsa.org\/?s={search_term_string}"},"query-input":{"@type":"PropertyValueSpecification","valueRequired":true,"valueName":"search_term_string"}}],"inLanguage":"en-US"},{"@type":"Organization","@id":"https:\/\/web.oirsa.org\/#organization","name":"OIRSA","url":"https:\/\/web.oirsa.org\/","logo":{"@type":"ImageObject","inLanguage":"en-US","@id":"https:\/\/web.oirsa.org\/#\/schema\/logo\/image\/","url":"https:\/\/web.oirsa.org\/wp-content\/uploads\/2024\/01\/cropped-LOGO-OIRSA-2023.png","contentUrl":"https:\/\/web.oirsa.org\/wp-content\/uploads\/2024\/01\/cropped-LOGO-OIRSA-2023.png","width":512,"height":512,"caption":"OIRSA"},"image":{"@id":"https:\/\/web.oirsa.org\/#\/schema\/logo\/image\/"},"sameAs":["https:\/\/www.facebook.com\/OIRSAoficial","https:\/\/x.com\/OIRSAoficial"]}]}},"jetpack_sharing_enabled":true,"_links":{"self":[{"href":"https:\/\/web.oirsa.org\/en\/wp-json\/wp\/v2\/pages\/7938","targetHints":{"allow":["GET"]}}],"collection":[{"href":"https:\/\/web.oirsa.org\/en\/wp-json\/wp\/v2\/pages"}],"about":[{"href":"https:\/\/web.oirsa.org\/en\/wp-json\/wp\/v2\/types\/page"}],"author":[{"embeddable":true,"href":"https:\/\/web.oirsa.org\/en\/wp-json\/wp\/v2\/users\/213237738"}],"replies":[{"embeddable":true,"href":"https:\/\/web.oirsa.org\/en\/wp-json\/wp\/v2\/comments?post=7938"}],"version-history":[{"count":30,"href":"https:\/\/web.oirsa.org\/en\/wp-json\/wp\/v2\/pages\/7938\/revisions"}],"predecessor-version":[{"id":14816,"href":"https:\/\/web.oirsa.org\/en\/wp-json\/wp\/v2\/pages\/7938\/revisions\/14816"}],"wp:attachment":[{"href":"https:\/\/web.oirsa.org\/en\/wp-json\/wp\/v2\/media?parent=7938"}],"curies":[{"name":"wp","href":"https:\/\/api.w.org\/{rel}","templated":true}]}}