{"id":7885,"date":"2022-01-21T17:14:29","date_gmt":"2022-01-21T23:14:29","guid":{"rendered":"http:\/\/10.103.20.84\/?page_id=7885"},"modified":"2025-11-25T12:11:42","modified_gmt":"2025-11-25T18:11:42","slug":"mexico-y-el-oirsa","status":"publish","type":"page","link":"https:\/\/web.oirsa.org\/en\/mexico-y-el-oirsa","title":{"rendered":"MEXICO"},"content":{"rendered":"<div class=\"wpb-content-wrapper\"><section class=\"wpb_row vc_row-fluid\"><div class=\"container\"><div class=\"row\"><div class=\"wpb_column vc_column_container vc_col-sm-8\"><div class=\"vc_column-inner\"  ><div class=\"wpb_wrapper\">\n\t<div class=\"wpb_text_column wpb_content_element\" >\n\t\t<div class=\"wpb_wrapper\">\n\t\t\t<h2 class=\"wp-block-heading\">Mexico and OIRSA<\/h2>\n<p class=\"has-montserrat-font-family has-custom-font\" style=\"font-size: 14px; font-family: montserrat; text-align: left;\">Since 1953, Mexico has been a part of the Organismo Internacional Regional de Sanidad Agropecuaria(OIRSA). In that year, a Mexican delegation participated, along with the governments of Central America and Panama,  in the fifth conference of Agriculture Ministers in the region. During this event, it was agreed to establish the Regional International Committee on Agricultural Health (CIRSA), the governing body of OIRSA, with the aim of coordinating or suggesting preventive measures and combat strategies against diseases and pests affecting agriculture and livestock in the region.<\/p>\n<p><iframe loading=\"lazy\" style=\"border: none; overflow: hidden;\" src=\"https:\/\/www.facebook.com\/plugins\/video.php?height=314&amp;href=https%3A%2F%2Fwww.facebook.com%2FOIRSAoficial%2Fvideos%2F658455762304093%2F&amp;show_text=false&amp;width=560&amp;t=0\" width=\"560\" height=\"314\" frameborder=\"0\" scrolling=\"no\" allowfullscreen=\"allowfullscreen\"><\/iframe><\/p>\n<p class=\"has-montserrat-font-family has-custom-font\" style=\"font-size: 14px; font-family: montserrat; text-align: left;\">Since that year, OIRSA has consistently cooperated with Mexican governmental authorities. In 1996, through a cooperation agreement between OIRSA and the Secretariat of Agriculture and Hydraulic Resources (currently SADER) established the International Service for Airport Waste Treatment and the International Fumigation Service (SIF), now known as the International Quarantine Services (SITC), was established in the country. More recently, in 2014, through the Cooperation Agreement in Agricultural, Aquacultural, and Fisheries Health, a collaboration between the Ministry of Agriculture, Livestock, Rural Development, Fisheries, and Food (SAGARPA) and OIRSA was formalized.<\/p>\n<p class=\"has-montserrat-font-family has-custom-font\" style=\"font-size: 14px; font-family: montserrat; text-align: left;\">Additionally, nowadays, there are various cooperation projects with the current Ministry of Agriculture and Rural Development (SADER) with the aim of supporting, promoting, and strengthening the development of programs that facilitate the commercial exchange of animal and plant products without sanitary risks. The goal is to enhance their competitiveness in both domestic and international markets.<\/p>\n<p class=\"has-montserrat-font-family has-custom-font\" style=\"font-size: 14px; font-family: montserrat; text-align: left;\">The OIRSA Representation in Mexico supports actions for projects, both within Mexican territory and in the region's countries, in the areas of Animal Health, Plant Health, Agri-food Safety, Aquaculture and Fisheries, and Phytosanitary Inspection.<\/p>\n<p class=\"has-montserrat-font-family has-custom-font\" style=\"font-size: 14px; font-family: montserrat; text-align: left;\">The Servicio Internacional de Tratamientos Cuarentenarios (SITC) has ten SITC stations in the country:<\/p>\n<p>&nbsp;<\/p>\n<table style=\"border-collapse: collapse; width: 69.4287%; height: 324px;\">\n<tbody>\n<tr style=\"height: 26px;\">\n<td style=\"width: 725.141px; text-align: center; height: 26px;\"><strong><span style=\"font-size: 16px;\">Quarantine station\u00a0<\/span><\/strong><\/td>\n<td style=\"width: 279.664px; text-align: center; height: 26px;\"><strong><span style=\"font-size: 16px;\">State<\/span><\/strong><\/td>\n<\/tr>\n<tr style=\"height: 26px;\">\n<td style=\"width: 725.141px; height: 26px; text-align: center;\"><span style=\"font-size: 14px;\">Ciudad Hidalgo<\/span><\/td>\n<td style=\"width: 279.664px; height: 26px; text-align: center;\"><span style=\"font-size: 14px;\">Chiapas<\/span><\/td>\n<\/tr>\n<tr style=\"height: 26px;\">\n<td style=\"width: 725.141px; height: 26px; text-align: center;\"><span style=\"font-size: 14px;\">Talism\u00e1n\u00a0<\/span><\/td>\n<td style=\"width: 279.664px; height: 26px; text-align: center;\"><span style=\"font-size: 14px;\">Chiapas<\/span><\/td>\n<\/tr>\n<tr style=\"height: 26px;\">\n<td style=\"width: 725.141px; height: 26px; text-align: center;\"><span style=\"font-size: 14px;\">Ciudad Cuauht\u00e9moc<\/span><\/td>\n<td style=\"width: 279.664px; height: 26px; text-align: center;\"><span style=\"font-size: 14px;\">Chiapas<\/span><\/td>\n<\/tr>\n<tr style=\"height: 26px;\">\n<td style=\"width: 725.141px; height: 26px; text-align: center;\"><span style=\"font-size: 14px;\">Suchiate II\u00a0<\/span><\/td>\n<td style=\"width: 279.664px; height: 26px; text-align: center;\"><span style=\"font-size: 14px;\">Chiapas<\/span><\/td>\n<\/tr>\n<tr style=\"height: 26px;\">\n<td style=\"width: 725.141px; height: 26px; text-align: center;\"><span style=\"font-size: 14px;\">Huixtla\u00a0<\/span><\/td>\n<td style=\"width: 279.664px; height: 26px; text-align: center;\"><span style=\"font-size: 14px;\">Chiapas<\/span><\/td>\n<\/tr>\n<tr style=\"height: 26px;\">\n<td style=\"width: 725.141px; height: 26px; text-align: center;\"><span style=\"font-size: 14px;\">La Trinitaria\u00a0<\/span><\/td>\n<td style=\"width: 279.664px; height: 26px; text-align: center;\"><span style=\"font-size: 14px;\">Chiapas<\/span><\/td>\n<\/tr>\n<tr style=\"height: 26px;\">\n<td style=\"width: 725.141px; height: 26px; text-align: center;\"><span style=\"font-size: 14px;\">Chac-Temal<\/span><\/td>\n<td style=\"width: 279.664px; height: 26px; text-align: center;\"><span style=\"font-size: 14px;\">Quintana Roo<\/span><\/td>\n<\/tr>\n<tr style=\"height: 26px;\">\n<td style=\"width: 725.141px; height: 26px; text-align: center;\"><span style=\"font-size: 14px;\">Subteniente L\u00f3pez\u00a0<\/span><\/td>\n<td style=\"width: 279.664px; height: 26px; text-align: center;\"><span style=\"font-size: 14px;\">Quintana Roo<\/span><\/td>\n<\/tr>\n<tr style=\"height: 26px;\">\n<td style=\"width: 725.141px; height: 26px; text-align: center;\"><span style=\"font-size: 14px;\">El Ceibo\u00a0<\/span><\/td>\n<td style=\"width: 279.664px; height: 26px; text-align: center;\"><span style=\"font-size: 14px;\">Tabasco<\/span><\/td>\n<\/tr>\n<tr style=\"height: 38px;\">\n<td style=\"width: 725.141px; text-align: center; height: 38px;\"><span style=\"font-size: 14px;\">Nuevo Laredo<\/span><\/td>\n<td style=\"width: 279.664px; text-align: center; height: 38px;\"><span style=\"font-size: 14px;\">Tamaulipas<\/span><\/td>\n<\/tr>\n<tr style=\"height: 26px;\">\n<td style=\"width: 725.141px; text-align: center; height: 26px;\"><span style=\"font-size: 14px;\">Manzanillo<\/span><\/td>\n<td style=\"width: 279.664px; text-align: center; height: 26px;\"><span style=\"font-size: 14px;\">Colima<\/span><\/td>\n<\/tr>\n<\/tbody>\n<\/table>\n<p>&nbsp;<\/p>\n<p style=\"text-align: left;\">The SITC stations operate with the purpose of assisting SADER in reducing the risk of entry of economically and quarantine-significant pests and diseases through spraying and disinfection of vehicles coming from Guatemala and Belize, primarily. The entry points at Suchiate II, Chiapas, and Subteniente L\u00f3pez, Quintana Roo, are authorized by SADER-SENASICA to carry out fumigations with Methyl Bromide and Aluminum\/Magnesium Phosphide on vegetables, products, and by-products for import, export, and domestic movement based on the <strong>NOM-022-SAG\/FITO-2016<\/strong>, \"Specifications, criteria, and phytosanitary procedures for individuals and legal entities providing phytosanitary treatment services.\"<\/p>\n<p style=\"text-align: left;\">Additionally, there is authorization from the Secretar\u00eda del Medio Ambiente y Recursos Naturales (<a href=\"https:\/\/www.gob.mx\/semarnat\">SEMARNAT<\/a>)  for the implementation of phytosanitary measures and the use of the IPPC-MX-BM mark on wooden packaging used in foreign trade, in accordance with the <strong>NOM-144-SEMARNAT-2017<\/strong>,  \"Which establishes phytosanitary measures and internationally recognized mark requirements for wooden packaging used in the international trade of goods and merchandise.\"<\/p>\n<p class=\"has-montserrat-font-family has-custom-font\" style=\"font-size: 14px; font-family: montserrat; text-align: left;\">Currently, there is a Concertation Agreement and its technical annexes signed between SADER-SENASICA and OIRSA, which include the application, verification, and certification of phytosanitary treatments at specific points on the northern border. This ensures an adequate level of phytosanitary protection and quality in the commercialization of products being transported or entering the national territory, as established in the <b>NOM-022-SAG\/FITO-2016<\/b>.<\/p>\n<p class=\"has-montserrat-font-family has-custom-font\" style=\"font-size: 14px; font-family: montserrat; text-align: left;\">Similarly, since 2010, OIRSA - in support of the Servicio Nacional de Sanidad, Inocuidad y Calidad Agroalimentaria (SENASICA) - has been involved in the OIRSA-SENASICA Project<strong>- TIF establishments<\/strong>in meeting the requirements demanded by the Food Safety and Inspection Service (FSIS) through the administration and control of the activities of Authorized Responsible Veterinary Doctors (MVRATIF), who carry out sanitary inspection tasks for processed foods in Federal Inspection Type (TIF) establishments from where products are exported to the United States.<\/p>\n<p>In 2014, a videoconferencing room was set up in the Representation facilities, from where agricultural topics of interest are broadcast to the entire region and other countries in the continent and around the world.<\/p>\n<p class=\"has-montserrat-font-family has-custom-font\" style=\"font-size: 14px; font-family: montserrat; text-align: left;\">With the aim of developing and implementing improvements in the processes of development, design, elaboration, projection, and administration of veterinary biologicals produced by the National Producer of Veterinary Biologicals (PRONABIVE), a Collaboration Agreement was signed on February 12, 2018, between OIRSA and PRONABIVE. Leveraging the professional and technical expertise of OIRSA, the agreement facilitated the administration and control of specialists assigned to PRONABIVE laboratories for the development and improvement of their processes. Since 2018, the Regional Coordination of Pest Risk Analysis (ARP) was established in the Representation office and is responsible for preparing ARP studies for the region. In 2021, it was relocated to the OIRSA headquarters in San Salvador, El Salvador.<\/p>\n\n\t\t<\/div>\n\t<\/div>\n<\/div><\/div><\/div><div class=\"wpb_column vc_column_container vc_col-sm-4\"><div class=\"vc_column-inner\"  ><div class=\"wpb_wrapper\"><div class=\"vc_empty_space\"   style=\"height: 120px\"><span class=\"vc_empty_space_inner\"><\/span><\/div><div class=\"vc_separator wpb_content_element vc_separator_align_center vc_sep_width_100 vc_sep_pos_align_center vc_separator_no_text vc_sep_color_blue wpb_content_element  wpb_content_element\" ><span class=\"vc_sep_holder vc_sep_holder_l\"><span class=\"vc_sep_line\"><\/span><\/span><span class=\"vc_sep_holder vc_sep_holder_r\"><span class=\"vc_sep_line\"><\/span><\/span>\n<\/div>\n\t<div class=\"wpb_text_column wpb_content_element\" >\n\t\t<div class=\"wpb_wrapper\">\n\t\t\t<h4 class=\"wp-block-heading\" style=\"text-align: center;\"><span style=\"color: #002166; font-size: 10pt;\"><strong>Ing. Guillermo Santiago Mart\u00ednez<\/strong><\/span><\/h4>\n<p class=\"has-montserrat-font-family has-custom-font\" style=\"font-size: 14px; font-family: montserrat; text-align: center;\"><span style=\"font-size: 10pt;\">Representante del OIRSA en M\u00e9xico\u00a0<\/span><\/p>\n\n\t\t<\/div>\n\t<\/div>\n<div class=\"vc_separator wpb_content_element vc_separator_align_center vc_sep_width_100 vc_sep_pos_align_center vc_separator_no_text vc_sep_color_blue wpb_content_element  wpb_content_element\" ><span class=\"vc_sep_holder vc_sep_holder_l\"><span class=\"vc_sep_line\"><\/span><\/span><span class=\"vc_sep_holder vc_sep_holder_r\"><span class=\"vc_sep_line\"><\/span><\/span>\n<\/div><div class=\"vc_btn3-container vc_btn3-center vc_do_btn\" ><a class=\"vc_general vc_btn3 vc_btn3-size-lg vc_btn3-shape-rounded vc_btn3-style-modern vc_btn3-color-primary\" href=\"https:\/\/web.oirsa.org\/en\/bolsa-de-trabajo-mexico\/\" title=\"Bolsa de Trabajo M\u00e9xico\">Bolsa de trabajo<\/a><\/div>\n\t<div class=\"wpb_text_column wpb_content_element\" >\n\t\t<div class=\"wpb_wrapper\">\n\t\t\t<h4 class=\"wp-block-heading\"><span style=\"color: #002166; font-size: 10pt;\"><strong>Office:<\/strong><\/span><\/h4>\n<p style=\"font-size: 14px;\"><span style=\"font-size: 10pt;\">Calle de Comte No. 44, Colonia Anzures, Alcald\u00eda Miguel Hidalgo, C. P. 11590, Ciudad de M\u00e9xico.<\/span><\/p>\n<p class=\"has-montserrat-font-family has-custom-font\" style=\"font-size: 14px; font-family: montserrat;\"><span style=\"font-size: 10pt;\">Email: oirsa.mx@oirsa.org<\/span><\/p>\n<p style=\"font-size: 14px;\"><span style=\"font-size: 10pt;\">Tel. (5255) 5564-6905<\/span><\/p>\n\n\t\t<\/div>\n\t<\/div>\n<div class=\"vc_separator wpb_content_element vc_separator_align_center vc_sep_width_100 vc_sep_pos_align_center vc_separator_no_text vc_sep_color_blue wpb_content_element  wpb_content_element\" ><span class=\"vc_sep_holder vc_sep_holder_l\"><span class=\"vc_sep_line\"><\/span><\/span><span class=\"vc_sep_holder vc_sep_holder_r\"><span class=\"vc_sep_line\"><\/span><\/span>\n<\/div>\n\t<div class=\"wpb_text_column wpb_content_element\" >\n\t\t<div class=\"wpb_wrapper\">\n\t\t\t<h4 class=\"wp-block-heading\"><span style=\"color: #002166; font-size: 10pt;\"><strong>Websites of interest:<\/strong><\/span><\/h4>\n<ul>\n<li class=\"has-montserrat-font-family\" style=\"font-size: 14px;\"><span style=\"font-size: 10pt;\"><a href=\"https:\/\/www.gob.mx\/agricultura\" target=\"_blank\" rel=\"noopener\">Secretar\u00eda de Agricultura y Desarrollo Rural SADER<\/a><\/span><\/li>\n<li class=\"has-montserrat-font-family\" style=\"font-size: 14px;\"><span style=\"font-size: 10pt;\"><a href=\"https:\/\/www.gob.mx\/senasica\" target=\"_blank\" rel=\"noopener\">Servicio Nacional de Sanidad, Inocuidad y Calidad Agroalimentaria SENASICA \u2013 SADER<\/a><\/span><\/li>\n<li class=\"has-montserrat-font-family\" style=\"font-size: 14px;\"><span style=\"font-size: 10pt;\"><a href=\"https:\/\/www.gob.mx\/siap\" target=\"_blank\" rel=\"noopener\">Servicio de Informaci\u00f3n Agroalimentaria y Pesquera SIAP \u2013 SADER<\/a><\/span><\/li>\n<\/ul>\n<figure class=\"wp-block-image\"><\/figure>\n\n\t\t<\/div>\n\t<\/div>\n\n\t<div  class=\"wpb_single_image wpb_content_element vc_align_center wpb_content_element\">\n\t\t\n\t\t<figure class=\"wpb_wrapper vc_figure\">\n\t\t\t<a href=\"https:\/\/sitc.oirsa.org\/pagos\/MX\" target=\"_blank\" class=\"vc_single_image-wrapper   vc_box_border_grey\"><img loading=\"lazy\" decoding=\"async\" width=\"525\" height=\"132\" src=\"https:\/\/i0.wp.com\/web.oirsa.org\/wp-content\/uploads\/2023\/01\/Multipagos-copia-1.jpg?fit=525%2C132&amp;ssl=1\" class=\"vc_single_image-img attachment-large\" alt=\"\" title=\"Multipagos\" srcset=\"https:\/\/i0.wp.com\/web.oirsa.org\/wp-content\/uploads\/2023\/01\/Multipagos-copia-1.jpg?w=749&amp;ssl=1 749w, https:\/\/i0.wp.com\/web.oirsa.org\/wp-content\/uploads\/2023\/01\/Multipagos-copia-1.jpg?resize=300%2C75&amp;ssl=1 300w\" sizes=\"auto, (max-width: 525px) 100vw, 525px\" \/><\/a>\n\t\t<\/figure>\n\t<\/div>\n<\/div><\/div><\/div><\/div><\/div><\/section>\n<\/div>","protected":false},"excerpt":{"rendered":"M\u00e9xico y el OIRSA Desde el a\u00f1o de 1953, M\u00e9xico es parte del Organismo Internacional Regional de Sanidad Agropecuaria (OIRSA). [...]","protected":false},"author":213237738,"featured_media":0,"parent":0,"menu_order":0,"comment_status":"closed","ping_status":"closed","template":"page-templates\/template-canvas.php","meta":{"_coblocks_attr":"","_coblocks_dimensions":"","_coblocks_responsive_height":"","_coblocks_accordion_ie_support":"","_crdt_document":"","footnotes":""},"class_list":["post-7885","page","type-page","status-publish","hentry"],"yoast_head":"<!-- This site is optimized with the Yoast SEO plugin v27.4 - https:\/\/yoast.com\/product\/yoast-seo-wordpress\/ -->\n<title>M\u00e9xico - OIRSA<\/title>\n<meta name=\"robots\" content=\"index, follow, max-snippet:-1, max-image-preview:large, max-video-preview:-1\" \/>\n<link rel=\"canonical\" href=\"https:\/\/web.oirsa.org\/en\/mexico-y-el-oirsa\/\" \/>\n<meta property=\"og:locale\" content=\"en_US\" \/>\n<meta property=\"og:type\" content=\"article\" \/>\n<meta property=\"og:title\" content=\"M\u00e9xico - OIRSA\" \/>\n<meta property=\"og:url\" content=\"https:\/\/web.oirsa.org\/en\/mexico-y-el-oirsa\/\" \/>\n<meta property=\"og:site_name\" content=\"OIRSA\" \/>\n<meta property=\"article:publisher\" content=\"https:\/\/www.facebook.com\/OIRSAoficial\" \/>\n<meta property=\"article:modified_time\" content=\"2025-11-25T18:11:42+00:00\" \/>\n<meta property=\"og:image\" content=\"https:\/\/i0.wp.com\/web.oirsa.org\/wp-content\/uploads\/2024\/01\/logo-OIRSA23.png?fit=2791%2C782&ssl=1\" \/>\n\t<meta property=\"og:image:width\" content=\"2791\" \/>\n\t<meta property=\"og:image:height\" content=\"782\" \/>\n\t<meta property=\"og:image:type\" content=\"image\/png\" \/>\n<meta name=\"twitter:card\" content=\"summary_large_image\" \/>\n<meta name=\"twitter:site\" content=\"@OIRSAoficial\" \/>\n<meta name=\"twitter:label1\" content=\"Est. reading time\" \/>\n\t<meta name=\"twitter:data1\" content=\"5 minutes\" \/>\n<script type=\"application\/ld+json\" class=\"yoast-schema-graph\">{\"@context\":\"https:\\\/\\\/schema.org\",\"@graph\":[{\"@type\":\"WebPage\",\"@id\":\"https:\\\/\\\/web.oirsa.org\\\/mexico-y-el-oirsa\",\"url\":\"https:\\\/\\\/web.oirsa.org\\\/mexico-y-el-oirsa\",\"name\":\"M\u00e9xico - OIRSA\",\"isPartOf\":{\"@id\":\"https:\\\/\\\/web.oirsa.org\\\/#website\"},\"datePublished\":\"2022-01-21T23:14:29+00:00\",\"dateModified\":\"2025-11-25T18:11:42+00:00\",\"breadcrumb\":{\"@id\":\"https:\\\/\\\/web.oirsa.org\\\/mexico-y-el-oirsa#breadcrumb\"},\"inLanguage\":\"en-US\",\"potentialAction\":[{\"@type\":\"ReadAction\",\"target\":[\"https:\\\/\\\/web.oirsa.org\\\/mexico-y-el-oirsa\"]}]},{\"@type\":\"BreadcrumbList\",\"@id\":\"https:\\\/\\\/web.oirsa.org\\\/mexico-y-el-oirsa#breadcrumb\",\"itemListElement\":[{\"@type\":\"ListItem\",\"position\":1,\"name\":\"Portada\",\"item\":\"https:\\\/\\\/web.oirsa.org\\\/\"},{\"@type\":\"ListItem\",\"position\":2,\"name\":\"M\u00e9xico\"}]},{\"@type\":\"WebSite\",\"@id\":\"https:\\\/\\\/web.oirsa.org\\\/#website\",\"url\":\"https:\\\/\\\/web.oirsa.org\\\/\",\"name\":\"OIRSA\",\"description\":\"Organismo Internacional Regional de Sanidad Agropecuaria\",\"publisher\":{\"@id\":\"https:\\\/\\\/web.oirsa.org\\\/#organization\"},\"potentialAction\":[{\"@type\":\"SearchAction\",\"target\":{\"@type\":\"EntryPoint\",\"urlTemplate\":\"https:\\\/\\\/web.oirsa.org\\\/?s={search_term_string}\"},\"query-input\":{\"@type\":\"PropertyValueSpecification\",\"valueRequired\":true,\"valueName\":\"search_term_string\"}}],\"inLanguage\":\"en-US\"},{\"@type\":\"Organization\",\"@id\":\"https:\\\/\\\/web.oirsa.org\\\/#organization\",\"name\":\"OIRSA\",\"url\":\"https:\\\/\\\/web.oirsa.org\\\/\",\"logo\":{\"@type\":\"ImageObject\",\"inLanguage\":\"en-US\",\"@id\":\"https:\\\/\\\/web.oirsa.org\\\/#\\\/schema\\\/logo\\\/image\\\/\",\"url\":\"https:\\\/\\\/web.oirsa.org\\\/wp-content\\\/uploads\\\/2024\\\/01\\\/cropped-LOGO-OIRSA-2023.png\",\"contentUrl\":\"https:\\\/\\\/web.oirsa.org\\\/wp-content\\\/uploads\\\/2024\\\/01\\\/cropped-LOGO-OIRSA-2023.png\",\"width\":512,\"height\":512,\"caption\":\"OIRSA\"},\"image\":{\"@id\":\"https:\\\/\\\/web.oirsa.org\\\/#\\\/schema\\\/logo\\\/image\\\/\"},\"sameAs\":[\"https:\\\/\\\/www.facebook.com\\\/OIRSAoficial\",\"https:\\\/\\\/x.com\\\/OIRSAoficial\"]}]}<\/script>\n<!-- \/ Yoast SEO plugin. -->","yoast_head_json":{"title":"M\u00e9xico - OIRSA","robots":{"index":"index","follow":"follow","max-snippet":"max-snippet:-1","max-image-preview":"max-image-preview:large","max-video-preview":"max-video-preview:-1"},"canonical":"https:\/\/web.oirsa.org\/en\/mexico-y-el-oirsa\/","og_locale":"en_US","og_type":"article","og_title":"M\u00e9xico - OIRSA","og_url":"https:\/\/web.oirsa.org\/en\/mexico-y-el-oirsa\/","og_site_name":"OIRSA","article_publisher":"https:\/\/www.facebook.com\/OIRSAoficial","article_modified_time":"2025-11-25T18:11:42+00:00","og_image":[{"width":2791,"height":782,"url":"https:\/\/i0.wp.com\/web.oirsa.org\/wp-content\/uploads\/2024\/01\/logo-OIRSA23.png?fit=2791%2C782&ssl=1","type":"image\/png"}],"twitter_card":"summary_large_image","twitter_site":"@OIRSAoficial","twitter_misc":{"Est. reading time":"5 minutes"},"schema":{"@context":"https:\/\/schema.org","@graph":[{"@type":"WebPage","@id":"https:\/\/web.oirsa.org\/mexico-y-el-oirsa","url":"https:\/\/web.oirsa.org\/mexico-y-el-oirsa","name":"M\u00e9xico - OIRSA","isPartOf":{"@id":"https:\/\/web.oirsa.org\/#website"},"datePublished":"2022-01-21T23:14:29+00:00","dateModified":"2025-11-25T18:11:42+00:00","breadcrumb":{"@id":"https:\/\/web.oirsa.org\/mexico-y-el-oirsa#breadcrumb"},"inLanguage":"en-US","potentialAction":[{"@type":"ReadAction","target":["https:\/\/web.oirsa.org\/mexico-y-el-oirsa"]}]},{"@type":"BreadcrumbList","@id":"https:\/\/web.oirsa.org\/mexico-y-el-oirsa#breadcrumb","itemListElement":[{"@type":"ListItem","position":1,"name":"Portada","item":"https:\/\/web.oirsa.org\/"},{"@type":"ListItem","position":2,"name":"M\u00e9xico"}]},{"@type":"WebSite","@id":"https:\/\/web.oirsa.org\/#website","url":"https:\/\/web.oirsa.org\/","name":"OIRSA","description":"Organismo Internacional Regional de Sanidad Agropecuaria","publisher":{"@id":"https:\/\/web.oirsa.org\/#organization"},"potentialAction":[{"@type":"SearchAction","target":{"@type":"EntryPoint","urlTemplate":"https:\/\/web.oirsa.org\/?s={search_term_string}"},"query-input":{"@type":"PropertyValueSpecification","valueRequired":true,"valueName":"search_term_string"}}],"inLanguage":"en-US"},{"@type":"Organization","@id":"https:\/\/web.oirsa.org\/#organization","name":"OIRSA","url":"https:\/\/web.oirsa.org\/","logo":{"@type":"ImageObject","inLanguage":"en-US","@id":"https:\/\/web.oirsa.org\/#\/schema\/logo\/image\/","url":"https:\/\/web.oirsa.org\/wp-content\/uploads\/2024\/01\/cropped-LOGO-OIRSA-2023.png","contentUrl":"https:\/\/web.oirsa.org\/wp-content\/uploads\/2024\/01\/cropped-LOGO-OIRSA-2023.png","width":512,"height":512,"caption":"OIRSA"},"image":{"@id":"https:\/\/web.oirsa.org\/#\/schema\/logo\/image\/"},"sameAs":["https:\/\/www.facebook.com\/OIRSAoficial","https:\/\/x.com\/OIRSAoficial"]}]}},"jetpack_sharing_enabled":true,"_links":{"self":[{"href":"https:\/\/web.oirsa.org\/en\/wp-json\/wp\/v2\/pages\/7885","targetHints":{"allow":["GET"]}}],"collection":[{"href":"https:\/\/web.oirsa.org\/en\/wp-json\/wp\/v2\/pages"}],"about":[{"href":"https:\/\/web.oirsa.org\/en\/wp-json\/wp\/v2\/types\/page"}],"author":[{"embeddable":true,"href":"https:\/\/web.oirsa.org\/en\/wp-json\/wp\/v2\/users\/213237738"}],"replies":[{"embeddable":true,"href":"https:\/\/web.oirsa.org\/en\/wp-json\/wp\/v2\/comments?post=7885"}],"version-history":[{"count":79,"href":"https:\/\/web.oirsa.org\/en\/wp-json\/wp\/v2\/pages\/7885\/revisions"}],"predecessor-version":[{"id":18795,"href":"https:\/\/web.oirsa.org\/en\/wp-json\/wp\/v2\/pages\/7885\/revisions\/18795"}],"wp:attachment":[{"href":"https:\/\/web.oirsa.org\/en\/wp-json\/wp\/v2\/media?parent=7885"}],"curies":[{"name":"wp","href":"https:\/\/api.w.org\/{rel}","templated":true}]}}