{"id":7673,"date":"2022-01-20T09:21:45","date_gmt":"2022-01-20T15:21:45","guid":{"rendered":"http:\/\/10.103.20.84\/?page_id=7673"},"modified":"2022-01-24T13:54:12","modified_gmt":"2022-01-24T19:54:12","slug":"efrain-medina-guerra","status":"publish","type":"page","link":"https:\/\/web.oirsa.org\/en\/efrain-medina-guerra","title":{"rendered":"Efra\u00edn Medina Guerra"},"content":{"rendered":"<div class=\"wp-block-columns is-layout-flex wp-container-core-columns-is-layout-8f761849 wp-block-columns-is-layout-flex\">\n<div class=\"wp-block-column is-layout-flow wp-block-column-is-layout-flow\" style=\"flex-basis:33.33%\"><\/div>\n\n\n\n<div class=\"wp-block-column is-layout-flow wp-block-column-is-layout-flow\" style=\"flex-basis:66.66%\"><\/div>\n<\/div>\n\n\n\n<div class=\"wp-block-columns is-layout-flex wp-container-core-columns-is-layout-8f761849 wp-block-columns-is-layout-flex\">\n<div class=\"wp-block-column is-layout-flow wp-block-column-is-layout-flow\">\n<h2 class=\"has-text-align-center wp-block-heading\" id=\"efrain-medina-guerra\">Efra\u00edn Medina Guerra<\/h2>\n\n\n\n<div style=\"height:15px\" aria-hidden=\"true\" class=\"wp-block-spacer\"><\/div>\n\n\n\n<div class=\"wp-block-columns is-layout-flex wp-container-core-columns-is-layout-8f761849 wp-block-columns-is-layout-flex\">\n<div class=\"wp-block-column is-layout-flow wp-block-column-is-layout-flow\" style=\"flex-basis:33.33%\">\n<h2 class=\"wp-block-heading\" id=\"director-ejecutivo-oirsa\">Director Ejecutivo OIRSA<\/h2>\n\n\n\n<p class=\"wp-block-paragraph\">2014-2018 y 2018 \u2013 2022<\/p>\n\n\n\n<figure class=\"wp-block-image size-full\"><img data-recalc-dims=\"1\" loading=\"lazy\" decoding=\"async\" width=\"162\" height=\"207\" src=\"https:\/\/i0.wp.com\/web.oirsa.org\/wp-content\/uploads\/2022\/01\/WhatsApp-Image-2022-01-20-at-9.22.44-AM.jpeg?resize=162%2C207&#038;ssl=1\" alt=\"\" class=\"wp-image-7676\"\/><\/figure>\n<\/div>\n\n\n\n<div class=\"wp-block-column is-layout-flow wp-block-column-is-layout-flow\" style=\"flex-basis:66.66%\">\n<p class=\"has-text-align-justify wp-block-paragraph\">Efra\u00edn Medina Guerra, de nacionalidad guatemalteca, estudi\u00f3 en la Facultad de Agronom\u00eda de la Universidad de San Carlos de Guatemala, gradu\u00e1ndose como ingeniero agr\u00f3nomo en 1980. En 1983, obtuvo su grado de Maestr\u00eda en Ciencias, de la Texas A &amp; I University, en Kingsville, Estados Unidos.<\/p>\n\n\n\n<p class=\"has-text-align-justify wp-block-paragraph\">Inici\u00f3 sus labores profesionales en 1976 como Agente de Cr\u00e9dito Rural en el Banco Nacional de Desarrollo (BANDESA). De 1979 a 1998, se desempe\u00f1\u00f3 como profesor y coordinador de la sub \u00e1rea de manejo de suelo y agua de la Facultad de Agronom\u00eda de la Universidad de San Carlos de Guatemala. De 1988 a 1990, fue miembro de la Corporaci\u00f3n de Servicios Profesionales (CORSEPRA). En 1991, fue elegido en la Universidad de San Carlos, como Decano de la Facultad de Agronom\u00eda para el periodo 1991 1995 y, en 1998, como su Rector Magn\u00edfico para el periodo 1998-2002.<\/p>\n\n\n\n<p class=\"has-text-align-justify wp-block-paragraph\">En el 2002, fue nombrado Secretario General del Consejo Superior Universitario Centroamericano y de la Confederaci\u00f3n Universitaria Centroamericana, para el periodo 2002-2010; de igual forma, Vicepresidente de la Uni\u00f3n de Universidades de Am\u00e9rica Latina (UDUAL) en el periodo 2007-2010. En el 2012, fue designado como Ministro de Agricultura, Ganader\u00eda y Alimentaci\u00f3n de Guatemala. En el 2013, ingres\u00f3 al OIRSA como Representante en Guatemala y desde el 1 de agosto del 2014, a la fecha, ocupa el cargo de Director Ejecutivo para un segundo per\u00edodo 2018-2022. <\/p>\n\n\n\n<p class=\"has-text-align-justify wp-block-paragraph\">En su larga trayectoria profesional y laboral, ha asistido a innumerables eventos internacionales representando a su pa\u00eds, sus instituciones y organismos internacionales a los que ha servido. Ha recibido diferentes distinciones en reconocimiento a sus m\u00e9ritos, a saber: en 1999, la Universidad de Panam\u00e1 reconoci\u00f3 su contribuci\u00f3n a la educaci\u00f3n superior en la regi\u00f3n. En el 2002, el Consejo Empresarial de Guatemala lo declar\u00f3 L\u00edder del A\u00f1o 2001. En el 2010, recibi\u00f3 la Medalla Universitaria Centroamericana del CSUCA por su contribuci\u00f3n al mejoramiento de la educaci\u00f3n superior en Centroam\u00e9rica y ese mismo a\u00f1o, la Uni\u00f3n de Universidades de Am\u00e9rica Latina lo distingui\u00f3 por su contribuci\u00f3n a la integraci\u00f3n latinoamericana.<\/p>\n<\/div>\n<\/div>\n<\/div>\n<\/div>","protected":false},"excerpt":{"rendered":"<p>Efra\u00edn Medina Guerra Director Ejecutivo OIRSA 2014-2018 y 2018 \u2013 2022 Efra\u00edn Medina Guerra, de nacionalidad guatemalteca, estudi\u00f3 en la [&hellip;]<\/p>\n","protected":false},"author":213237738,"featured_media":0,"parent":0,"menu_order":0,"comment_status":"closed","ping_status":"closed","template":"","meta":{"_coblocks_attr":"","_coblocks_dimensions":"","_coblocks_responsive_height":"","_coblocks_accordion_ie_support":"","_crdt_document":"","footnotes":""},"class_list":["post-7673","page","type-page","status-publish","hentry"],"yoast_head":"<!-- This site is optimized with the Yoast SEO plugin v27.3 - https:\/\/yoast.com\/product\/yoast-seo-wordpress\/ -->\n<title>Efra\u00edn Medina Guerra - OIRSA<\/title>\n<meta name=\"robots\" content=\"index, follow, max-snippet:-1, max-image-preview:large, max-video-preview:-1\" \/>\n<link rel=\"canonical\" href=\"https:\/\/web.oirsa.org\/en\/efrain-medina-guerra\/\" \/>\n<meta property=\"og:locale\" content=\"en_US\" \/>\n<meta property=\"og:type\" content=\"article\" \/>\n<meta property=\"og:title\" content=\"Efra\u00edn Medina Guerra - OIRSA\" \/>\n<meta property=\"og:description\" content=\"Efra\u00edn Medina Guerra Director Ejecutivo OIRSA 2014-2018 y 2018 \u2013 2022 Efra\u00edn Medina Guerra, de nacionalidad guatemalteca, estudi\u00f3 en la [&hellip;]\" \/>\n<meta property=\"og:url\" content=\"https:\/\/web.oirsa.org\/en\/efrain-medina-guerra\/\" \/>\n<meta property=\"og:site_name\" content=\"OIRSA\" \/>\n<meta property=\"article:publisher\" content=\"https:\/\/www.facebook.com\/OIRSAoficial\" \/>\n<meta property=\"article:modified_time\" content=\"2022-01-24T19:54:12+00:00\" \/>\n<meta property=\"og:image\" content=\"https:\/\/web.oirsa.org\/wp-content\/uploads\/2022\/01\/WhatsApp-Image-2022-01-20-at-9.22.44-AM.jpeg\" \/>\n<meta name=\"twitter:card\" content=\"summary_large_image\" \/>\n<meta name=\"twitter:site\" content=\"@OIRSAoficial\" \/>\n<meta name=\"twitter:label1\" content=\"Est. reading time\" \/>\n\t<meta name=\"twitter:data1\" content=\"2 minutes\" \/>\n<script type=\"application\/ld+json\" class=\"yoast-schema-graph\">{\"@context\":\"https:\\\/\\\/schema.org\",\"@graph\":[{\"@type\":\"WebPage\",\"@id\":\"https:\\\/\\\/web.oirsa.org\\\/efrain-medina-guerra\",\"url\":\"https:\\\/\\\/web.oirsa.org\\\/efrain-medina-guerra\",\"name\":\"Efra\u00edn Medina Guerra - OIRSA\",\"isPartOf\":{\"@id\":\"https:\\\/\\\/web.oirsa.org\\\/#website\"},\"primaryImageOfPage\":{\"@id\":\"https:\\\/\\\/web.oirsa.org\\\/efrain-medina-guerra#primaryimage\"},\"image\":{\"@id\":\"https:\\\/\\\/web.oirsa.org\\\/efrain-medina-guerra#primaryimage\"},\"thumbnailUrl\":\"https:\\\/\\\/web.oirsa.org\\\/wp-content\\\/uploads\\\/2022\\\/01\\\/WhatsApp-Image-2022-01-20-at-9.22.44-AM.jpeg\",\"datePublished\":\"2022-01-20T15:21:45+00:00\",\"dateModified\":\"2022-01-24T19:54:12+00:00\",\"breadcrumb\":{\"@id\":\"https:\\\/\\\/web.oirsa.org\\\/efrain-medina-guerra#breadcrumb\"},\"inLanguage\":\"en-US\",\"potentialAction\":[{\"@type\":\"ReadAction\",\"target\":[\"https:\\\/\\\/web.oirsa.org\\\/efrain-medina-guerra\"]}]},{\"@type\":\"ImageObject\",\"inLanguage\":\"en-US\",\"@id\":\"https:\\\/\\\/web.oirsa.org\\\/efrain-medina-guerra#primaryimage\",\"url\":\"https:\\\/\\\/web.oirsa.org\\\/wp-content\\\/uploads\\\/2022\\\/01\\\/WhatsApp-Image-2022-01-20-at-9.22.44-AM.jpeg\",\"contentUrl\":\"https:\\\/\\\/web.oirsa.org\\\/wp-content\\\/uploads\\\/2022\\\/01\\\/WhatsApp-Image-2022-01-20-at-9.22.44-AM.jpeg\"},{\"@type\":\"BreadcrumbList\",\"@id\":\"https:\\\/\\\/web.oirsa.org\\\/efrain-medina-guerra#breadcrumb\",\"itemListElement\":[{\"@type\":\"ListItem\",\"position\":1,\"name\":\"Portada\",\"item\":\"https:\\\/\\\/web.oirsa.org\\\/\"},{\"@type\":\"ListItem\",\"position\":2,\"name\":\"Efra\u00edn Medina Guerra\"}]},{\"@type\":\"WebSite\",\"@id\":\"https:\\\/\\\/web.oirsa.org\\\/#website\",\"url\":\"https:\\\/\\\/web.oirsa.org\\\/\",\"name\":\"OIRSA\",\"description\":\"Organismo Internacional Regional de Sanidad Agropecuaria\",\"publisher\":{\"@id\":\"https:\\\/\\\/web.oirsa.org\\\/#organization\"},\"potentialAction\":[{\"@type\":\"SearchAction\",\"target\":{\"@type\":\"EntryPoint\",\"urlTemplate\":\"https:\\\/\\\/web.oirsa.org\\\/?s={search_term_string}\"},\"query-input\":{\"@type\":\"PropertyValueSpecification\",\"valueRequired\":true,\"valueName\":\"search_term_string\"}}],\"inLanguage\":\"en-US\"},{\"@type\":\"Organization\",\"@id\":\"https:\\\/\\\/web.oirsa.org\\\/#organization\",\"name\":\"OIRSA\",\"url\":\"https:\\\/\\\/web.oirsa.org\\\/\",\"logo\":{\"@type\":\"ImageObject\",\"inLanguage\":\"en-US\",\"@id\":\"https:\\\/\\\/web.oirsa.org\\\/#\\\/schema\\\/logo\\\/image\\\/\",\"url\":\"https:\\\/\\\/web.oirsa.org\\\/wp-content\\\/uploads\\\/2024\\\/01\\\/cropped-LOGO-OIRSA-2023.png\",\"contentUrl\":\"https:\\\/\\\/web.oirsa.org\\\/wp-content\\\/uploads\\\/2024\\\/01\\\/cropped-LOGO-OIRSA-2023.png\",\"width\":512,\"height\":512,\"caption\":\"OIRSA\"},\"image\":{\"@id\":\"https:\\\/\\\/web.oirsa.org\\\/#\\\/schema\\\/logo\\\/image\\\/\"},\"sameAs\":[\"https:\\\/\\\/www.facebook.com\\\/OIRSAoficial\",\"https:\\\/\\\/x.com\\\/OIRSAoficial\"]}]}<\/script>\n<!-- \/ Yoast SEO plugin. -->","yoast_head_json":{"title":"Efra\u00edn Medina Guerra - OIRSA","robots":{"index":"index","follow":"follow","max-snippet":"max-snippet:-1","max-image-preview":"max-image-preview:large","max-video-preview":"max-video-preview:-1"},"canonical":"https:\/\/web.oirsa.org\/en\/efrain-medina-guerra\/","og_locale":"en_US","og_type":"article","og_title":"Efra\u00edn Medina Guerra - OIRSA","og_description":"Efra\u00edn Medina Guerra Director Ejecutivo OIRSA 2014-2018 y 2018 \u2013 2022 Efra\u00edn Medina Guerra, de nacionalidad guatemalteca, estudi\u00f3 en la [&hellip;]","og_url":"https:\/\/web.oirsa.org\/en\/efrain-medina-guerra\/","og_site_name":"OIRSA","article_publisher":"https:\/\/www.facebook.com\/OIRSAoficial","article_modified_time":"2022-01-24T19:54:12+00:00","og_image":[{"url":"https:\/\/web.oirsa.org\/wp-content\/uploads\/2022\/01\/WhatsApp-Image-2022-01-20-at-9.22.44-AM.jpeg","type":"","width":"","height":""}],"twitter_card":"summary_large_image","twitter_site":"@OIRSAoficial","twitter_misc":{"Est. reading time":"2 minutes"},"schema":{"@context":"https:\/\/schema.org","@graph":[{"@type":"WebPage","@id":"https:\/\/web.oirsa.org\/efrain-medina-guerra","url":"https:\/\/web.oirsa.org\/efrain-medina-guerra","name":"Efra\u00edn Medina Guerra - OIRSA","isPartOf":{"@id":"https:\/\/web.oirsa.org\/#website"},"primaryImageOfPage":{"@id":"https:\/\/web.oirsa.org\/efrain-medina-guerra#primaryimage"},"image":{"@id":"https:\/\/web.oirsa.org\/efrain-medina-guerra#primaryimage"},"thumbnailUrl":"https:\/\/web.oirsa.org\/wp-content\/uploads\/2022\/01\/WhatsApp-Image-2022-01-20-at-9.22.44-AM.jpeg","datePublished":"2022-01-20T15:21:45+00:00","dateModified":"2022-01-24T19:54:12+00:00","breadcrumb":{"@id":"https:\/\/web.oirsa.org\/efrain-medina-guerra#breadcrumb"},"inLanguage":"en-US","potentialAction":[{"@type":"ReadAction","target":["https:\/\/web.oirsa.org\/efrain-medina-guerra"]}]},{"@type":"ImageObject","inLanguage":"en-US","@id":"https:\/\/web.oirsa.org\/efrain-medina-guerra#primaryimage","url":"https:\/\/web.oirsa.org\/wp-content\/uploads\/2022\/01\/WhatsApp-Image-2022-01-20-at-9.22.44-AM.jpeg","contentUrl":"https:\/\/web.oirsa.org\/wp-content\/uploads\/2022\/01\/WhatsApp-Image-2022-01-20-at-9.22.44-AM.jpeg"},{"@type":"BreadcrumbList","@id":"https:\/\/web.oirsa.org\/efrain-medina-guerra#breadcrumb","itemListElement":[{"@type":"ListItem","position":1,"name":"Portada","item":"https:\/\/web.oirsa.org\/"},{"@type":"ListItem","position":2,"name":"Efra\u00edn Medina Guerra"}]},{"@type":"WebSite","@id":"https:\/\/web.oirsa.org\/#website","url":"https:\/\/web.oirsa.org\/","name":"OIRSA","description":"Organismo Internacional Regional de Sanidad Agropecuaria","publisher":{"@id":"https:\/\/web.oirsa.org\/#organization"},"potentialAction":[{"@type":"SearchAction","target":{"@type":"EntryPoint","urlTemplate":"https:\/\/web.oirsa.org\/?s={search_term_string}"},"query-input":{"@type":"PropertyValueSpecification","valueRequired":true,"valueName":"search_term_string"}}],"inLanguage":"en-US"},{"@type":"Organization","@id":"https:\/\/web.oirsa.org\/#organization","name":"OIRSA","url":"https:\/\/web.oirsa.org\/","logo":{"@type":"ImageObject","inLanguage":"en-US","@id":"https:\/\/web.oirsa.org\/#\/schema\/logo\/image\/","url":"https:\/\/web.oirsa.org\/wp-content\/uploads\/2024\/01\/cropped-LOGO-OIRSA-2023.png","contentUrl":"https:\/\/web.oirsa.org\/wp-content\/uploads\/2024\/01\/cropped-LOGO-OIRSA-2023.png","width":512,"height":512,"caption":"OIRSA"},"image":{"@id":"https:\/\/web.oirsa.org\/#\/schema\/logo\/image\/"},"sameAs":["https:\/\/www.facebook.com\/OIRSAoficial","https:\/\/x.com\/OIRSAoficial"]}]}},"jetpack_sharing_enabled":true,"_links":{"self":[{"href":"https:\/\/web.oirsa.org\/en\/wp-json\/wp\/v2\/pages\/7673","targetHints":{"allow":["GET"]}}],"collection":[{"href":"https:\/\/web.oirsa.org\/en\/wp-json\/wp\/v2\/pages"}],"about":[{"href":"https:\/\/web.oirsa.org\/en\/wp-json\/wp\/v2\/types\/page"}],"author":[{"embeddable":true,"href":"https:\/\/web.oirsa.org\/en\/wp-json\/wp\/v2\/users\/213237738"}],"replies":[{"embeddable":true,"href":"https:\/\/web.oirsa.org\/en\/wp-json\/wp\/v2\/comments?post=7673"}],"version-history":[{"count":39,"href":"https:\/\/web.oirsa.org\/en\/wp-json\/wp\/v2\/pages\/7673\/revisions"}],"predecessor-version":[{"id":8045,"href":"https:\/\/web.oirsa.org\/en\/wp-json\/wp\/v2\/pages\/7673\/revisions\/8045"}],"wp:attachment":[{"href":"https:\/\/web.oirsa.org\/en\/wp-json\/wp\/v2\/media?parent=7673"}],"curies":[{"name":"wp","href":"https:\/\/api.w.org\/{rel}","templated":true}]}}