{"id":6831,"date":"2022-01-18T09:51:08","date_gmt":"2022-01-18T15:51:08","guid":{"rendered":"http:\/\/10.103.20.84\/?page_id=6831"},"modified":"2025-11-12T10:39:45","modified_gmt":"2025-11-12T16:39:45","slug":"politica-de-privacidad","status":"publish","type":"page","link":"https:\/\/web.oirsa.org\/en\/politica-de-privacidad","title":{"rendered":"Pol\u00edtica de privacidad"},"content":{"rendered":"<div class=\"wpb-content-wrapper\"><section class=\"wpb_row vc_row-fluid\"><div class=\"container\"><div class=\"row\"><div class=\"wpb_column vc_column_container vc_col-sm-12\"><div class=\"vc_column-inner\"  ><div class=\"wpb_wrapper\"><div class=\"vc_row wpb_row vc_inner vc_row-fluid\"><div class=\"wpb_column vc_column_container vc_col-sm-12\"><div class=\"vc_column-inner\"><div class=\"wpb_wrapper\"><h3 style=\"text-align: left;font-family:Montserrat;font-weight:400;font-style:normal\" class=\"vc_custom_heading vc_do_custom_heading vc_custom_1762963037412\" >Pol\u00edtica de privacidad<\/h3><\/div><\/div><\/div><\/div>\n\t<div class=\"wpb_text_column wpb_content_element vc_custom_1762965314260\" >\n\t\t<div class=\"wpb_wrapper\">\n\t\t\t<p class=\"x_MsoNormal\"><span data-olk-copy-source=\"MessageBody\">La presente Pol\u00edtica de Privacidad establece los t\u00e9rminos en que el\u00a0<b>OIRSA<\/b>\u00a0usa y protege la informaci\u00f3n que es proporcionada por sus usuarios al momento de utilizar sus\u00a0<b>sitios web, aplicaciones m\u00f3viles y servicios digitales<\/b>.<\/span><\/p>\n<p class=\"x_MsoNormal\">El\u00a0<b>OIRSA<\/b>\u00a0est\u00e1 comprometido con la seguridad de los datos de sus usuarios. Cuando le pedimos llenar campos de informaci\u00f3n personal con la cual usted pueda ser identificado, lo hacemos asegurando que s\u00f3lo se emplear\u00e1 de acuerdo con los t\u00e9rminos de este documento.<\/p>\n<p class=\"x_MsoNormal\"><b>1. Informaci\u00f3n que se recopila<\/b><\/p>\n<p class=\"x_MsoNormal\">Nuestros sitios web y aplicaciones m\u00f3viles pueden recopilar la siguiente informaci\u00f3n:<\/p>\n<ul style=\"font-size: 14px; line-height: 1.5;\">\n<li>Datos personales b\u00e1sicos (nombre, correo electr\u00f3nico, n\u00famero de documento u otros datos necesarios para la gesti\u00f3n de servicios institucionales).<\/li>\n<li>Informaci\u00f3n t\u00e9cnica del dispositivo (versi\u00f3n del sistema operativo, modelo del dispositivo, identificadores \u00fanicos y tipo de navegador).<\/li>\n<li><b>Datos de ubicaci\u00f3n geogr\u00e1fica<\/b>, \u00fanicamente cuando sean necesarios para el funcionamiento de funciones espec\u00edficas de la aplicaci\u00f3n (por ejemplo, mostrar su posici\u00f3n en un mapa, registrar la ubicaci\u00f3n de un establecimiento, o mejorar la experiencia del servicio).\n<ul style=\"font-size: 14px; line-height: 1.5;\">\n<li>Estos datos\u00a0<b>no se comparten con terceros<\/b>\u00a0y s\u00f3lo se utilizan mientras la aplicaci\u00f3n est\u00e1 en uso.<\/li>\n<li>El usuario puede desactivar el acceso a la ubicaci\u00f3n desde la configuraci\u00f3n del dispositivo en cualquier momento.<\/li>\n<\/ul>\n<\/li>\n<\/ul>\n<p><b>2. Uso de la informaci\u00f3n recopilada<\/b><\/p>\n<p class=\"x_MsoNormal\">La informaci\u00f3n se utiliza con el fin de:<\/p>\n<ul style=\"font-size: 14px;\" type=\"disc\">\n<li class=\"x_MsoNormal\">Proveer servicios institucionales y funcionalidades solicitadas por el usuario.<\/li>\n<li class=\"x_MsoNormal\">Mejorar nuestros productos, servicios y experiencia digital.<\/li>\n<li class=\"x_MsoNormal\">Cumplir con obligaciones legales o regulatorias aplicables a las funciones del OIRSA.<\/li>\n<\/ul>\n<p class=\"x_MsoNormal\">El OIRSA no vender\u00e1, ceder\u00e1 ni distribuir\u00e1 la informaci\u00f3n personal recopilada sin su consentimiento, salvo que sea requerido por una autoridad judicial o administrativa competente.<\/p>\n<p class=\"x_MsoNormal\"><b>3. Seguridad de la informaci\u00f3n<\/b><\/p>\n<p class=\"x_MsoNormal\">El OIRSA implementa medidas t\u00e9cnicas y organizativas apropiadas para garantizar la seguridad, confidencialidad e integridad de la informaci\u00f3n, evitando el acceso no autorizado, alteraci\u00f3n o divulgaci\u00f3n.<\/p>\n<p class=\"x_MsoNormal\"><b>4. Uso de cookies y tecnolog\u00edas similares<\/b><\/p>\n<p class=\"x_MsoNormal\">Nuestros sitios web\u00a0<b>no utilizan cookies con fines de seguimiento o publicidad<\/b>. En caso de implementar cookies t\u00e9cnicas o funcionales en el futuro, se informar\u00e1 oportunamente al usuario.<\/p>\n<p class=\"x_MsoNormal\"><b>5. Enlaces a terceros<\/b><\/p>\n<p class=\"x_MsoNormal\">Nuestros sitios y aplicaciones pueden contener enlaces a otros sitios web que pudieran ser de su inter\u00e9s. Una vez que usted haga clic en estos enlaces y abandone nuestros servicios, OIRSA no tiene control sobre los sitios externos y, por tanto, no es responsable de sus pol\u00edticas o pr\u00e1cticas de privacidad.<\/p>\n<p class=\"x_MsoNormal\"><b>6. Cambios en la pol\u00edtica de privacidad<\/b><\/p>\n<p class=\"x_MsoNormal\">Esta Pol\u00edtica de Privacidad puede modificarse en cualquier momento para reflejar cambios en la legislaci\u00f3n o en los servicios ofrecidos. Le recomendamos revisar peri\u00f3dicamente esta p\u00e1gina para asegurarse de estar de acuerdo con dichas modificaciones.<\/p>\n<p class=\"x_MsoNormal\"><b>7. Contacto<\/b><\/p>\n<p class=\"x_MsoNormal\">Si tiene preguntas o desea ejercer derechos relacionados con la protecci\u00f3n de sus datos personales, puede comunicarse con nosotros a trav\u00e9s del correo:\u00a0<a title=\"mailto:comunicaciones@oirsa.org\" href=\"mailto:comunicaciones@oirsa.org\" data-linkindex=\"0\" data-ogsc=\"\">comunicaciones@oirsa.org<\/a><\/p>\n\n\t\t<\/div>\n\t<\/div>\n<\/div><\/div><\/div><\/div><\/div><\/section>\n<\/div>","protected":false},"excerpt":{"rendered":"Pol\u00edtica de privacidad La presente Pol\u00edtica de Privacidad establece los t\u00e9rminos en que el\u00a0OIRSA\u00a0usa y protege la informaci\u00f3n que es [...]","protected":false},"author":213237738,"featured_media":0,"parent":0,"menu_order":0,"comment_status":"closed","ping_status":"closed","template":"page-templates\/template-canvas.php","meta":{"_coblocks_attr":"","_coblocks_dimensions":"","_coblocks_responsive_height":"","_coblocks_accordion_ie_support":"","_crdt_document":"","footnotes":""},"class_list":["post-6831","page","type-page","status-publish","hentry"],"yoast_head":"<!-- This site is optimized with the Yoast SEO plugin v27.4 - https:\/\/yoast.com\/product\/yoast-seo-wordpress\/ -->\n<title>Pol\u00edtica de privacidad - OIRSA<\/title>\n<meta name=\"robots\" content=\"index, follow, max-snippet:-1, max-image-preview:large, max-video-preview:-1\" \/>\n<link rel=\"canonical\" href=\"https:\/\/web.oirsa.org\/en\/politica-de-privacidad\/\" \/>\n<meta property=\"og:locale\" content=\"en_US\" \/>\n<meta property=\"og:type\" content=\"article\" \/>\n<meta property=\"og:title\" content=\"Pol\u00edtica de privacidad - OIRSA\" \/>\n<meta property=\"og:url\" content=\"https:\/\/web.oirsa.org\/en\/politica-de-privacidad\/\" \/>\n<meta property=\"og:site_name\" content=\"OIRSA\" \/>\n<meta property=\"article:publisher\" content=\"https:\/\/www.facebook.com\/OIRSAoficial\" \/>\n<meta property=\"article:modified_time\" content=\"2025-11-12T16:39:45+00:00\" \/>\n<meta property=\"og:image\" content=\"https:\/\/i0.wp.com\/web.oirsa.org\/wp-content\/uploads\/2024\/01\/logo-OIRSA23.png?fit=2791%2C782&ssl=1\" \/>\n\t<meta property=\"og:image:width\" content=\"2791\" \/>\n\t<meta property=\"og:image:height\" content=\"782\" \/>\n\t<meta property=\"og:image:type\" content=\"image\/png\" \/>\n<meta name=\"twitter:card\" content=\"summary_large_image\" \/>\n<meta name=\"twitter:site\" content=\"@OIRSAoficial\" \/>\n<meta name=\"twitter:label1\" content=\"Est. reading time\" \/>\n\t<meta name=\"twitter:data1\" content=\"3 minutes\" \/>\n<script type=\"application\/ld+json\" class=\"yoast-schema-graph\">{\"@context\":\"https:\\\/\\\/schema.org\",\"@graph\":[{\"@type\":\"WebPage\",\"@id\":\"https:\\\/\\\/web.oirsa.org\\\/politica-de-privacidad\",\"url\":\"https:\\\/\\\/web.oirsa.org\\\/politica-de-privacidad\",\"name\":\"Pol\u00edtica de privacidad - OIRSA\",\"isPartOf\":{\"@id\":\"https:\\\/\\\/web.oirsa.org\\\/#website\"},\"datePublished\":\"2022-01-18T15:51:08+00:00\",\"dateModified\":\"2025-11-12T16:39:45+00:00\",\"breadcrumb\":{\"@id\":\"https:\\\/\\\/web.oirsa.org\\\/politica-de-privacidad#breadcrumb\"},\"inLanguage\":\"en-US\",\"potentialAction\":[{\"@type\":\"ReadAction\",\"target\":[\"https:\\\/\\\/web.oirsa.org\\\/politica-de-privacidad\"]}]},{\"@type\":\"BreadcrumbList\",\"@id\":\"https:\\\/\\\/web.oirsa.org\\\/politica-de-privacidad#breadcrumb\",\"itemListElement\":[{\"@type\":\"ListItem\",\"position\":1,\"name\":\"Portada\",\"item\":\"https:\\\/\\\/web.oirsa.org\\\/\"},{\"@type\":\"ListItem\",\"position\":2,\"name\":\"Pol\u00edtica de privacidad\"}]},{\"@type\":\"WebSite\",\"@id\":\"https:\\\/\\\/web.oirsa.org\\\/#website\",\"url\":\"https:\\\/\\\/web.oirsa.org\\\/\",\"name\":\"OIRSA\",\"description\":\"Organismo Internacional Regional de Sanidad Agropecuaria\",\"publisher\":{\"@id\":\"https:\\\/\\\/web.oirsa.org\\\/#organization\"},\"potentialAction\":[{\"@type\":\"SearchAction\",\"target\":{\"@type\":\"EntryPoint\",\"urlTemplate\":\"https:\\\/\\\/web.oirsa.org\\\/?s={search_term_string}\"},\"query-input\":{\"@type\":\"PropertyValueSpecification\",\"valueRequired\":true,\"valueName\":\"search_term_string\"}}],\"inLanguage\":\"en-US\"},{\"@type\":\"Organization\",\"@id\":\"https:\\\/\\\/web.oirsa.org\\\/#organization\",\"name\":\"OIRSA\",\"url\":\"https:\\\/\\\/web.oirsa.org\\\/\",\"logo\":{\"@type\":\"ImageObject\",\"inLanguage\":\"en-US\",\"@id\":\"https:\\\/\\\/web.oirsa.org\\\/#\\\/schema\\\/logo\\\/image\\\/\",\"url\":\"https:\\\/\\\/web.oirsa.org\\\/wp-content\\\/uploads\\\/2024\\\/01\\\/cropped-LOGO-OIRSA-2023.png\",\"contentUrl\":\"https:\\\/\\\/web.oirsa.org\\\/wp-content\\\/uploads\\\/2024\\\/01\\\/cropped-LOGO-OIRSA-2023.png\",\"width\":512,\"height\":512,\"caption\":\"OIRSA\"},\"image\":{\"@id\":\"https:\\\/\\\/web.oirsa.org\\\/#\\\/schema\\\/logo\\\/image\\\/\"},\"sameAs\":[\"https:\\\/\\\/www.facebook.com\\\/OIRSAoficial\",\"https:\\\/\\\/x.com\\\/OIRSAoficial\"]}]}<\/script>\n<!-- \/ Yoast SEO plugin. -->","yoast_head_json":{"title":"Pol\u00edtica de privacidad - OIRSA","robots":{"index":"index","follow":"follow","max-snippet":"max-snippet:-1","max-image-preview":"max-image-preview:large","max-video-preview":"max-video-preview:-1"},"canonical":"https:\/\/web.oirsa.org\/en\/politica-de-privacidad\/","og_locale":"en_US","og_type":"article","og_title":"Pol\u00edtica de privacidad - OIRSA","og_url":"https:\/\/web.oirsa.org\/en\/politica-de-privacidad\/","og_site_name":"OIRSA","article_publisher":"https:\/\/www.facebook.com\/OIRSAoficial","article_modified_time":"2025-11-12T16:39:45+00:00","og_image":[{"width":2791,"height":782,"url":"https:\/\/i0.wp.com\/web.oirsa.org\/wp-content\/uploads\/2024\/01\/logo-OIRSA23.png?fit=2791%2C782&ssl=1","type":"image\/png"}],"twitter_card":"summary_large_image","twitter_site":"@OIRSAoficial","twitter_misc":{"Est. reading time":"3 minutes"},"schema":{"@context":"https:\/\/schema.org","@graph":[{"@type":"WebPage","@id":"https:\/\/web.oirsa.org\/politica-de-privacidad","url":"https:\/\/web.oirsa.org\/politica-de-privacidad","name":"Pol\u00edtica de privacidad - OIRSA","isPartOf":{"@id":"https:\/\/web.oirsa.org\/#website"},"datePublished":"2022-01-18T15:51:08+00:00","dateModified":"2025-11-12T16:39:45+00:00","breadcrumb":{"@id":"https:\/\/web.oirsa.org\/politica-de-privacidad#breadcrumb"},"inLanguage":"en-US","potentialAction":[{"@type":"ReadAction","target":["https:\/\/web.oirsa.org\/politica-de-privacidad"]}]},{"@type":"BreadcrumbList","@id":"https:\/\/web.oirsa.org\/politica-de-privacidad#breadcrumb","itemListElement":[{"@type":"ListItem","position":1,"name":"Portada","item":"https:\/\/web.oirsa.org\/"},{"@type":"ListItem","position":2,"name":"Pol\u00edtica de privacidad"}]},{"@type":"WebSite","@id":"https:\/\/web.oirsa.org\/#website","url":"https:\/\/web.oirsa.org\/","name":"OIRSA","description":"Organismo Internacional Regional de Sanidad Agropecuaria","publisher":{"@id":"https:\/\/web.oirsa.org\/#organization"},"potentialAction":[{"@type":"SearchAction","target":{"@type":"EntryPoint","urlTemplate":"https:\/\/web.oirsa.org\/?s={search_term_string}"},"query-input":{"@type":"PropertyValueSpecification","valueRequired":true,"valueName":"search_term_string"}}],"inLanguage":"en-US"},{"@type":"Organization","@id":"https:\/\/web.oirsa.org\/#organization","name":"OIRSA","url":"https:\/\/web.oirsa.org\/","logo":{"@type":"ImageObject","inLanguage":"en-US","@id":"https:\/\/web.oirsa.org\/#\/schema\/logo\/image\/","url":"https:\/\/web.oirsa.org\/wp-content\/uploads\/2024\/01\/cropped-LOGO-OIRSA-2023.png","contentUrl":"https:\/\/web.oirsa.org\/wp-content\/uploads\/2024\/01\/cropped-LOGO-OIRSA-2023.png","width":512,"height":512,"caption":"OIRSA"},"image":{"@id":"https:\/\/web.oirsa.org\/#\/schema\/logo\/image\/"},"sameAs":["https:\/\/www.facebook.com\/OIRSAoficial","https:\/\/x.com\/OIRSAoficial"]}]}},"jetpack_sharing_enabled":true,"_links":{"self":[{"href":"https:\/\/web.oirsa.org\/en\/wp-json\/wp\/v2\/pages\/6831","targetHints":{"allow":["GET"]}}],"collection":[{"href":"https:\/\/web.oirsa.org\/en\/wp-json\/wp\/v2\/pages"}],"about":[{"href":"https:\/\/web.oirsa.org\/en\/wp-json\/wp\/v2\/types\/page"}],"author":[{"embeddable":true,"href":"https:\/\/web.oirsa.org\/en\/wp-json\/wp\/v2\/users\/213237738"}],"replies":[{"embeddable":true,"href":"https:\/\/web.oirsa.org\/en\/wp-json\/wp\/v2\/comments?post=6831"}],"version-history":[{"count":22,"href":"https:\/\/web.oirsa.org\/en\/wp-json\/wp\/v2\/pages\/6831\/revisions"}],"predecessor-version":[{"id":18657,"href":"https:\/\/web.oirsa.org\/en\/wp-json\/wp\/v2\/pages\/6831\/revisions\/18657"}],"wp:attachment":[{"href":"https:\/\/web.oirsa.org\/en\/wp-json\/wp\/v2\/media?parent=6831"}],"curies":[{"name":"wp","href":"https:\/\/api.w.org\/{rel}","templated":true}]}}