{"id":6652,"date":"2022-01-17T10:48:23","date_gmt":"2022-01-17T16:48:23","guid":{"rendered":"http:\/\/10.103.20.84\/?page_id=6652"},"modified":"2022-03-18T10:37:01","modified_gmt":"2022-03-18T16:37:01","slug":"quien-es-quien-en-el-oirsa","status":"publish","type":"page","link":"https:\/\/web.oirsa.org\/en\/quien-es-quien-en-el-oirsa","title":{"rendered":"Quien es quien en el OIRSA"},"content":{"rendered":"<style>\/*! elementor - v3.5.4 - 23-01-2022 *\/<br \/>\n.elementor-heading-title{padding:0;margin:0;line-height:1}.elementor-widget-heading .elementor-heading-title[class*=elementor-size-]>a{color:inherit;font-size:inherit;line-height:inherit}.elementor-widget-heading .elementor-heading-title.elementor-size-small{font-size:15px}.elementor-widget-heading .elementor-heading-title.elementor-size-medium{font-size:19px}.elementor-widget-heading .elementor-heading-title.elementor-size-large{font-size:29px}.elementor-widget-heading .elementor-heading-title.elementor-size-xl{font-size:39px}.elementor-widget-heading .elementor-heading-title.elementor-size-xxl{font-size:59px}<\/style>\n<h2>Qui\u00e9n es qui\u00e9n en el OIRSA<\/h2>\n<h2>Direcci\u00f3n ejecutiva?<\/h2>\n<h2>Direcci\u00f3n T\u00e9cnica?<\/h2>\n<h2>Direcci\u00f3n de Administraci\u00f3n y Finanzas?<\/h2>\n<p><strong><a href=\"https:\/\/web.oirsa.org\/efrain-medina-guerra\/\" rel=\"noopener\">Director Ejecutivo<\/a><\/strong><\/p>\n<ul>\n<li>Asistente Direcci\u00f3n Ejecutiva<\/li>\n<li><a href=\"https:\/\/web.oirsa.org\/marta-yaneth-jordan-de-grande\/\" rel=\"noopener\">Auditor\u00eda Interna<\/a><\/li>\n<li>Compras<\/li>\n<li><a href=\"https:\/\/web.oirsa.org\/juan-pablo-guzman-vasquez\/\">Comunicaci\u00f3n Institucional y Relaciones<\/a><br \/>\nP\u00fablicas<\/li>\n<li>Planificaci\u00f3n y Proyectos<\/li>\n<li><a href=\"https:\/\/web.oirsa.org\/enma-yanira-navarro-benitez\/\" rel=\"noopener\">Recursos Humanos y Desarrollo Institucional<\/a><\/li>\n<li>Tecnolog\u00eda de Informaci\u00f3n y Comunicaciones<\/li>\n<\/ul>\n<p><a href=\"https:\/\/web.oirsa.org\/oscar-antonio-zelaya-estrade\/\"><strong>Director T\u00e9cnico<\/strong><\/a><\/p>\n<p><strong style=\"color: var( --e-global-color-text );\">Direcci\u00f3n Regional de Salud Animal<\/strong><\/p>\n<ul>\n<li><a style=\"background-color: #ffffff;\" href=\"https:\/\/web.oirsa.org\/abelardo-de-gracia-scanapieco\/\" rel=\"noopener\">Director Regional de Salud Animal<\/a><\/li>\n<li><a href=\"https:\/\/www.oirsa.org\/contenido\/documentos\/cv\/Hoja_de_vida9.pdf\" target=\"_blank\" rel=\"noopener\">Coordinador del Programa Regional de Sanidad Porcina<\/a><\/li>\n<li><a href=\"https:\/\/web.oirsa.org\/marcela-eugenia-marchelli-de-peraza\/\" rel=\"noopener\">Coordinadora del Programa Regional de Sanidad Ap\u00edcola<\/a><\/li>\n<li>Coordinadora del Programa Regional de Sanidad Acu\u00edcola<\/li>\n<li><a href=\"https:\/\/web.oirsa.org\/ronaldo-antonio-bernal-guardado\/\" rel=\"noopener\">Coordinador del Programa Regional de Sanidad Bovina<\/a><\/li>\n<li><a href=\"https:\/\/web.oirsa.org\/herber-ronaldo-morales-estevez\/\" rel=\"noopener\">Coordinador del Programa Regional de Medicamentos Veterinarios<\/a><\/li>\n<li><a href=\"https:\/\/web.oirsa.org\/ever-adalberto-hernandez-hernandez\/\">Coordinador Regional de Trazabilidad Agropecuaria<\/a><\/li>\n<\/ul>\n<p><strong>Direcci\u00f3n Regional de Sanidad Vegetal<\/strong><\/p>\n<ul>\n<li><a href=\"https:\/\/web.oirsa.org\/carlos-ramon-urias-morales\/\" rel=\"noopener\">Director Regional de Sanidad Vegetal<\/a><\/li>\n<li>Coordinador Regional Programa Moscas de la Fruta<\/li>\n<\/ul>\n<p><strong>Direcci\u00f3n Regional de Servicios Cuarentenarios<\/strong><\/p>\n<ul>\n<li>Director Regional de Servicios Cuarentenarios<\/li>\n<li><a href=\"https:\/\/web.oirsa.org\/jose-ivan-hernandez\/\" target=\"_blank\" rel=\"noopener\">Asistente t\u00e9cnico<\/a><\/li>\n<li><a href=\"https:\/\/www.oirsa.org\/contenido\/documentos\/cv\/Hoja_de_vida16.pdf\" target=\"_blank\" rel=\"noopener\">Asesor<\/a><\/li>\n<\/ul>\n<p><strong>Direcci\u00f3n Regional de Inocuidad de los Alimentos<\/strong><\/p>\n<ul>\n<li><a href=\"https:\/\/web.oirsa.org\/raul-guillermo-peralta-giron\/\" rel=\"noopener\">Director Regional de Inocuidad de los Alimentos<\/a><\/li>\n<li><a href=\"https:\/\/web.oirsa.org\/lissette-esmeralda-marroquin-guardado\/\">Asistente de Direcci\u00f3n Regional<\/a><\/li>\n<\/ul>\n<p><a href=\"https:\/\/web.oirsa.org\/marco-antonio-castro-garnier\/\" rel=\"noopener\"><strong>Director de Administraci\u00f3n y Finanzas<\/strong><\/a><\/p>\n<ul>\n<li>Contabilidad<\/li>\n<li>Finanzas<\/li>\n<li>Administraci\u00f3n de Proyectos<\/li>\n<\/ul>\n<h2>Representaciones<\/h2>\n<p><strong>M\u00e9xico<\/strong><\/p>\n<ul>\n<li>Representante<\/li>\n<li><a href=\"https:\/\/www.oirsa.org\/contenido\/documentos\/cv\/Hoja_de_vida23.pdf\" target=\"_blank\" rel=\"noopener\">Oficial Agrosanitario<\/a><\/li>\n<li>Administrador<\/li>\n<li><a href=\"https:\/\/www.oirsa.org\/contenido\/2020-2\/2021\/Rodolfo%20Vera%20Bustos.pdf\" target=\"_blank\" rel=\"noopener\">Gerente SITC<\/a><\/li>\n<\/ul>\n<p><strong>Honduras<\/strong><\/p>\n<ul>\n<li><a href=\"https:\/\/www.oirsa.org\/contenido\/documentos\/cv\/Hoja_de_vida53.pdf\">Representante<\/a><\/li>\n<li><a href=\"https:\/\/www.oirsa.org\/contenido\/documentos\/cv\/Hoja_de_vida38.pdf\" target=\"_blank\" rel=\"noopener\">Oficial Agrosanitario<\/a><\/li>\n<li>Administrador<\/li>\n<li><a href=\"https:\/\/www.oirsa.org\/contenido\/documentos\/cv\/Hoja_de_vida40.pdf\" target=\"_blank\" rel=\"noopener\">Gerente SITC<\/a><\/li>\n<li><a href=\"https:\/\/www.oirsa.org\/contenido\/documentos\/cv\/Hoja_de_vida41.pdf\" target=\"_blank\" rel=\"noopener\">Gerente SEPA<\/a><\/li>\n<\/ul>\n<p><strong>Rep\u00fablica Dominicana<\/strong><\/p>\n<ul>\n<li>Representante<\/li>\n<li>Oficial Agrosanitario<\/li>\n<li><a href=\"https:\/\/www.oirsa.org\/contenido\/documentos\/cv\/Hoja_de_vida50.pdf\" target=\"_blank\" rel=\"noopener\">Administrador<\/a><\/li>\n<li>Gerente SITC<\/li>\n<\/ul>\n<p><strong>Belize<\/strong><\/p>\n<ul>\n<li><a href=\"https:\/\/www.oirsa.org\/contenido\/documentos\/cv\/Hoja_de_vida26.pdf\" target=\"_blank\" rel=\"noopener\">Representante<\/a><\/li>\n<\/ul>\n<p><strong>Nicaragua<\/strong><\/p>\n<ul>\n<li><a href=\"https:\/\/www.oirsa.org\/contenido\/documentos\/cv\/Willi%20Flores.pdf\" target=\"_blank\" rel=\"noopener\">Representante<\/a><\/li>\n<li><a href=\"https:\/\/www.oirsa.org\/contenido\/documentos\/cv\/Hoja_de_vida43.pdf\" target=\"_blank\" rel=\"noopener\">Oficial Agrosanitario<\/a><\/li>\n<li>Administrador<\/li>\n<li>Gerente SITC<\/li>\n<\/ul>\n<p><strong>Guatemala<\/strong><\/p>\n<ul>\n<li><a href=\"https:\/\/www.oirsa.org\/contenido\/documentos\/cv\/(32)nidia%20sandoval%20Repre.pdf\">Representante<\/a><\/li>\n<li>Oficial Agrosanitario<\/li>\n<li><a href=\"https:\/\/www.oirsa.org\/contenido\/documentos\/cv\/Hoja_de_vida30.pdf\" target=\"_blank\" rel=\"noopener\">Administrador<\/a><\/li>\n<li><a href=\"https:\/\/www.oirsa.org\/contenido\/documentos\/cv\/Hoja_de_vida31.pdf\" target=\"_blank\" rel=\"noopener\">Gerente SITC<\/a><\/li>\n<li>Gerente SEPA<\/li>\n<\/ul>\n<p><strong>Costa Rica<\/strong><\/p>\n<ul>\n<li><a href=\"https:\/\/www.oirsa.org\/contenido\/documentos\/cv\/hoja_de_vida_repreGabrielazuniga.pdf\" target=\"_blank\" rel=\"noopener\">Representante<\/a><\/li>\n<li>Administrador<\/li>\n<\/ul>\n<p><strong>El Salvador<\/strong><\/p>\n<ul>\n<li><a href=\"https:\/\/www.oirsa.org\/contenido\/2020-2\/2021\/Alex%20Hasbun.pdf\" target=\"_blank\" rel=\"noopener\">Representante<\/a><\/li>\n<li><a href=\"https:\/\/www.oirsa.org\/contenido\/documentos\/cv\/Hoja_de_vida34.pdf\" target=\"_blank\" rel=\"noopener\">Oficial Agrosanitario<\/a><\/li>\n<li><a href=\"https:\/\/www.oirsa.org\/contenido\/documentos\/cv\/Hoja_de_vida35.pdf\" target=\"_blank\" rel=\"noopener\">Administrador<\/a><\/li>\n<li><a href=\"https:\/\/www.oirsa.org\/contenido\/documentos\/cv\/Hoja_de_vida37.pdf\" target=\"_blank\" rel=\"noopener\">Oficial de Sanidad Vegetal<\/a><\/li>\n<li><a href=\"https:\/\/www.oirsa.org\/contenido\/documentos\/cv\/Hoja_de_vida36.pdf\" target=\"_blank\" rel=\"noopener\">Gerente SITC<\/a><\/li>\n<\/ul>\n<p><strong>Panam\u00e1<\/strong><\/p>\n<ul>\n<li><a href=\"https:\/\/www.oirsa.org\/contenido\/documentos\/cv\/gilbertoreal.pdf\" target=\"_blank\" rel=\"noopener\">Representante<\/a><\/li>\n<li>Oficial Agrosanitario<\/li>\n<li>Administrador<\/li>\n<li>Gerente SITC<\/li>\n<\/ul>\n","protected":false},"excerpt":{"rendered":"<p>Qui\u00e9n es qui\u00e9n en el OIRSA Direcci\u00f3n ejecutiva? Direcci\u00f3n T\u00e9cnica? Direcci\u00f3n de Administraci\u00f3n y Finanzas? Director Ejecutivo Asistente Direcci\u00f3n Ejecutiva [&hellip;]<\/p>\n","protected":false},"author":213237738,"featured_media":0,"parent":0,"menu_order":0,"comment_status":"closed","ping_status":"closed","template":"","meta":{"_coblocks_attr":"","_coblocks_dimensions":"","_coblocks_responsive_height":"","_coblocks_accordion_ie_support":"","_crdt_document":"","footnotes":""},"class_list":["post-6652","page","type-page","status-publish","hentry"],"yoast_head":"<!-- This site is optimized with the Yoast SEO plugin v27.4 - https:\/\/yoast.com\/product\/yoast-seo-wordpress\/ -->\n<title>Quien es quien en el OIRSA - OIRSA<\/title>\n<meta name=\"robots\" content=\"index, follow, max-snippet:-1, max-image-preview:large, max-video-preview:-1\" \/>\n<link rel=\"canonical\" href=\"https:\/\/web.oirsa.org\/en\/quien-es-quien-en-el-oirsa\/\" \/>\n<meta property=\"og:locale\" content=\"en_US\" \/>\n<meta property=\"og:type\" content=\"article\" \/>\n<meta property=\"og:title\" content=\"Quien es quien en el OIRSA - OIRSA\" \/>\n<meta property=\"og:description\" content=\"Qui\u00e9n es qui\u00e9n en el OIRSA Direcci\u00f3n ejecutiva? Direcci\u00f3n T\u00e9cnica? Direcci\u00f3n de Administraci\u00f3n y Finanzas? Director Ejecutivo Asistente Direcci\u00f3n Ejecutiva [&hellip;]\" \/>\n<meta property=\"og:url\" content=\"https:\/\/web.oirsa.org\/en\/quien-es-quien-en-el-oirsa\/\" \/>\n<meta property=\"og:site_name\" content=\"OIRSA\" \/>\n<meta property=\"article:publisher\" content=\"https:\/\/www.facebook.com\/OIRSAoficial\" \/>\n<meta property=\"article:modified_time\" content=\"2022-03-18T16:37:01+00:00\" \/>\n<meta property=\"og:image\" content=\"https:\/\/i0.wp.com\/web.oirsa.org\/wp-content\/uploads\/2024\/01\/logo-OIRSA23.png?fit=2791%2C782&ssl=1\" \/>\n\t<meta property=\"og:image:width\" content=\"2791\" \/>\n\t<meta property=\"og:image:height\" content=\"782\" \/>\n\t<meta property=\"og:image:type\" content=\"image\/png\" \/>\n<meta name=\"twitter:card\" content=\"summary_large_image\" \/>\n<meta name=\"twitter:site\" content=\"@OIRSAoficial\" \/>\n<meta name=\"twitter:label1\" content=\"Est. reading time\" \/>\n\t<meta name=\"twitter:data1\" content=\"1 minute\" \/>\n<script type=\"application\/ld+json\" class=\"yoast-schema-graph\">{\"@context\":\"https:\\\/\\\/schema.org\",\"@graph\":[{\"@type\":\"WebPage\",\"@id\":\"https:\\\/\\\/web.oirsa.org\\\/quien-es-quien-en-el-oirsa\",\"url\":\"https:\\\/\\\/web.oirsa.org\\\/quien-es-quien-en-el-oirsa\",\"name\":\"Quien es quien en el OIRSA - OIRSA\",\"isPartOf\":{\"@id\":\"https:\\\/\\\/web.oirsa.org\\\/#website\"},\"datePublished\":\"2022-01-17T16:48:23+00:00\",\"dateModified\":\"2022-03-18T16:37:01+00:00\",\"breadcrumb\":{\"@id\":\"https:\\\/\\\/web.oirsa.org\\\/quien-es-quien-en-el-oirsa#breadcrumb\"},\"inLanguage\":\"en-US\",\"potentialAction\":[{\"@type\":\"ReadAction\",\"target\":[\"https:\\\/\\\/web.oirsa.org\\\/quien-es-quien-en-el-oirsa\"]}]},{\"@type\":\"BreadcrumbList\",\"@id\":\"https:\\\/\\\/web.oirsa.org\\\/quien-es-quien-en-el-oirsa#breadcrumb\",\"itemListElement\":[{\"@type\":\"ListItem\",\"position\":1,\"name\":\"Portada\",\"item\":\"https:\\\/\\\/web.oirsa.org\\\/\"},{\"@type\":\"ListItem\",\"position\":2,\"name\":\"Quien es quien en el OIRSA\"}]},{\"@type\":\"WebSite\",\"@id\":\"https:\\\/\\\/web.oirsa.org\\\/#website\",\"url\":\"https:\\\/\\\/web.oirsa.org\\\/\",\"name\":\"OIRSA\",\"description\":\"Organismo Internacional Regional de Sanidad Agropecuaria\",\"publisher\":{\"@id\":\"https:\\\/\\\/web.oirsa.org\\\/#organization\"},\"potentialAction\":[{\"@type\":\"SearchAction\",\"target\":{\"@type\":\"EntryPoint\",\"urlTemplate\":\"https:\\\/\\\/web.oirsa.org\\\/?s={search_term_string}\"},\"query-input\":{\"@type\":\"PropertyValueSpecification\",\"valueRequired\":true,\"valueName\":\"search_term_string\"}}],\"inLanguage\":\"en-US\"},{\"@type\":\"Organization\",\"@id\":\"https:\\\/\\\/web.oirsa.org\\\/#organization\",\"name\":\"OIRSA\",\"url\":\"https:\\\/\\\/web.oirsa.org\\\/\",\"logo\":{\"@type\":\"ImageObject\",\"inLanguage\":\"en-US\",\"@id\":\"https:\\\/\\\/web.oirsa.org\\\/#\\\/schema\\\/logo\\\/image\\\/\",\"url\":\"https:\\\/\\\/web.oirsa.org\\\/wp-content\\\/uploads\\\/2024\\\/01\\\/cropped-LOGO-OIRSA-2023.png\",\"contentUrl\":\"https:\\\/\\\/web.oirsa.org\\\/wp-content\\\/uploads\\\/2024\\\/01\\\/cropped-LOGO-OIRSA-2023.png\",\"width\":512,\"height\":512,\"caption\":\"OIRSA\"},\"image\":{\"@id\":\"https:\\\/\\\/web.oirsa.org\\\/#\\\/schema\\\/logo\\\/image\\\/\"},\"sameAs\":[\"https:\\\/\\\/www.facebook.com\\\/OIRSAoficial\",\"https:\\\/\\\/x.com\\\/OIRSAoficial\"]}]}<\/script>\n<!-- \/ Yoast SEO plugin. -->","yoast_head_json":{"title":"Quien es quien en el OIRSA - OIRSA","robots":{"index":"index","follow":"follow","max-snippet":"max-snippet:-1","max-image-preview":"max-image-preview:large","max-video-preview":"max-video-preview:-1"},"canonical":"https:\/\/web.oirsa.org\/en\/quien-es-quien-en-el-oirsa\/","og_locale":"en_US","og_type":"article","og_title":"Quien es quien en el OIRSA - OIRSA","og_description":"Qui\u00e9n es qui\u00e9n en el OIRSA Direcci\u00f3n ejecutiva? Direcci\u00f3n T\u00e9cnica? Direcci\u00f3n de Administraci\u00f3n y Finanzas? Director Ejecutivo Asistente Direcci\u00f3n Ejecutiva [&hellip;]","og_url":"https:\/\/web.oirsa.org\/en\/quien-es-quien-en-el-oirsa\/","og_site_name":"OIRSA","article_publisher":"https:\/\/www.facebook.com\/OIRSAoficial","article_modified_time":"2022-03-18T16:37:01+00:00","og_image":[{"width":2791,"height":782,"url":"https:\/\/i0.wp.com\/web.oirsa.org\/wp-content\/uploads\/2024\/01\/logo-OIRSA23.png?fit=2791%2C782&ssl=1","type":"image\/png"}],"twitter_card":"summary_large_image","twitter_site":"@OIRSAoficial","twitter_misc":{"Est. reading time":"1 minute"},"schema":{"@context":"https:\/\/schema.org","@graph":[{"@type":"WebPage","@id":"https:\/\/web.oirsa.org\/quien-es-quien-en-el-oirsa","url":"https:\/\/web.oirsa.org\/quien-es-quien-en-el-oirsa","name":"Quien es quien en el OIRSA - OIRSA","isPartOf":{"@id":"https:\/\/web.oirsa.org\/#website"},"datePublished":"2022-01-17T16:48:23+00:00","dateModified":"2022-03-18T16:37:01+00:00","breadcrumb":{"@id":"https:\/\/web.oirsa.org\/quien-es-quien-en-el-oirsa#breadcrumb"},"inLanguage":"en-US","potentialAction":[{"@type":"ReadAction","target":["https:\/\/web.oirsa.org\/quien-es-quien-en-el-oirsa"]}]},{"@type":"BreadcrumbList","@id":"https:\/\/web.oirsa.org\/quien-es-quien-en-el-oirsa#breadcrumb","itemListElement":[{"@type":"ListItem","position":1,"name":"Portada","item":"https:\/\/web.oirsa.org\/"},{"@type":"ListItem","position":2,"name":"Quien es quien en el OIRSA"}]},{"@type":"WebSite","@id":"https:\/\/web.oirsa.org\/#website","url":"https:\/\/web.oirsa.org\/","name":"OIRSA","description":"Organismo Internacional Regional de Sanidad Agropecuaria","publisher":{"@id":"https:\/\/web.oirsa.org\/#organization"},"potentialAction":[{"@type":"SearchAction","target":{"@type":"EntryPoint","urlTemplate":"https:\/\/web.oirsa.org\/?s={search_term_string}"},"query-input":{"@type":"PropertyValueSpecification","valueRequired":true,"valueName":"search_term_string"}}],"inLanguage":"en-US"},{"@type":"Organization","@id":"https:\/\/web.oirsa.org\/#organization","name":"OIRSA","url":"https:\/\/web.oirsa.org\/","logo":{"@type":"ImageObject","inLanguage":"en-US","@id":"https:\/\/web.oirsa.org\/#\/schema\/logo\/image\/","url":"https:\/\/web.oirsa.org\/wp-content\/uploads\/2024\/01\/cropped-LOGO-OIRSA-2023.png","contentUrl":"https:\/\/web.oirsa.org\/wp-content\/uploads\/2024\/01\/cropped-LOGO-OIRSA-2023.png","width":512,"height":512,"caption":"OIRSA"},"image":{"@id":"https:\/\/web.oirsa.org\/#\/schema\/logo\/image\/"},"sameAs":["https:\/\/www.facebook.com\/OIRSAoficial","https:\/\/x.com\/OIRSAoficial"]}]}},"jetpack_sharing_enabled":true,"_links":{"self":[{"href":"https:\/\/web.oirsa.org\/en\/wp-json\/wp\/v2\/pages\/6652","targetHints":{"allow":["GET"]}}],"collection":[{"href":"https:\/\/web.oirsa.org\/en\/wp-json\/wp\/v2\/pages"}],"about":[{"href":"https:\/\/web.oirsa.org\/en\/wp-json\/wp\/v2\/types\/page"}],"author":[{"embeddable":true,"href":"https:\/\/web.oirsa.org\/en\/wp-json\/wp\/v2\/users\/213237738"}],"replies":[{"embeddable":true,"href":"https:\/\/web.oirsa.org\/en\/wp-json\/wp\/v2\/comments?post=6652"}],"version-history":[{"count":91,"href":"https:\/\/web.oirsa.org\/en\/wp-json\/wp\/v2\/pages\/6652\/revisions"}],"predecessor-version":[{"id":8381,"href":"https:\/\/web.oirsa.org\/en\/wp-json\/wp\/v2\/pages\/6652\/revisions\/8381"}],"wp:attachment":[{"href":"https:\/\/web.oirsa.org\/en\/wp-json\/wp\/v2\/media?parent=6652"}],"curies":[{"name":"wp","href":"https:\/\/api.w.org\/{rel}","templated":true}]}}