{"id":6426,"date":"2022-01-06T15:12:49","date_gmt":"2022-01-06T21:12:49","guid":{"rendered":"http:\/\/10.103.20.84\/?page_id=6426"},"modified":"2022-01-06T16:48:34","modified_gmt":"2022-01-06T22:48:34","slug":"prevencion-y-control-de-la-rabia-paralitica-bovina","status":"publish","type":"page","link":"https:\/\/web.oirsa.org\/en\/prevencion-y-control-de-la-rabia-paralitica-bovina","title":{"rendered":"Prevenci\u00f3n y control de la rabia paral\u00edtica bovina"},"content":{"rendered":"<style>\/*! elementor - v3.5.3 - 28-12-2021 *\/\n.elementor-widget-image{text-align:center}.elementor-widget-image a{display:inline-block}.elementor-widget-image a img[src$=\".svg\"]{width:48px}.elementor-widget-image img{vertical-align:middle;display:inline-block}<\/style>\n<p>\t\t\t\t\t\t\t\t\t\t\t\t<img data-recalc-dims=\"1\" decoding=\"async\" width=\"498\" height=\"166\" src=\"https:\/\/i0.wp.com\/web.oirsa.org\/wp-content\/uploads\/2022\/01\/pc-498.png?resize=498%2C166&#038;ssl=1\" alt=\"\" loading=\"lazy\" srcset=\"https:\/\/i0.wp.com\/oirsa.wpcomstaging.com\/wp-content\/uploads\/2022\/01\/pc-498.png?w=498&amp;ssl=1 498w, https:\/\/i0.wp.com\/oirsa.wpcomstaging.com\/wp-content\/uploads\/2022\/01\/pc-498.png?resize=300%2C100&amp;ssl=1 300w\" sizes=\"auto, (max-width: 498px) 100vw, 498px\" \/>\t\t\t\t\t\t\t\t\t\t\t\t\t\t\t<\/p>\n<ul>\n<li style=\"text-align: left;\">\n<h4><a href=\"https:\/\/www.oirsa.org\/contenido\/2020-2\/2021\/Rabia_Paralitica_Bovina\/Aspectos%20generales%20de%20los%20murcie%CC%81lagos%20CURSO%20RABIA%20OIRSA%20HONDURAS%202021.pdf\" target=\"_blank\" rel=\"noopener\"><strong>Aspectos generales de la biolog\u00eda de los murci\u00e9lagos.<\/strong><\/a><\/h4>\n<\/li>\n<\/ul>\n<p style=\"text-align: left; padding-left: 80px;\"><a href=\"https:\/\/www.oirsa.org\/contenido\/2020-2\/2021\/Rabia_Paralitica_Bovina\/Aspectos%20generales%20de%20los%20murcie%CC%81lagos%20CURSO%20RABIA%20OIRSA%20HONDURAS%202021.pdf\" target=\"_blank\" rel=\"noopener\"><strong>Biol. MSP. Ignacio Amezcua Osorio.<\/strong><\/a><\/p>\n<ul>\n<li style=\"text-align: left;\">\n<h4><a href=\"https:\/\/www.oirsa.org\/contenido\/2020-2\/2021\/Rabia_Paralitica_Bovina\/GENERALIDADES%20Y%20CICLOS%20DE%20TRANSM%20RABIA%20CURSO%20HONDURAS%20%20OIRSA%202021.pdf\" target=\"_blank\" rel=\"noopener\"><strong>Generalidades del virus de la rabia y ciclos de transmisi\u00f3n<\/strong><\/a><\/h4>\n<\/li>\n<\/ul>\n<p style=\"text-align: left; padding-left: 80px;\"><a href=\"https:\/\/www.oirsa.org\/contenido\/2020-2\/2021\/Rabia_Paralitica_Bovina\/GENERALIDADES%20Y%20CICLOS%20DE%20TRANSM%20RABIA%20CURSO%20HONDURAS%20%20OIRSA%202021.pdf\" target=\"_blank\" rel=\"noopener\"><strong>Direcci\u00f3n General de Salud Animal<\/strong><\/a><\/p>\n<p style=\"text-align: left; padding-left: 80px;\"><a href=\"https:\/\/www.oirsa.org\/contenido\/2020-2\/2021\/Rabia_Paralitica_Bovina\/GENERALIDADES%20Y%20CICLOS%20DE%20TRANSM%20RABIA%20CURSO%20HONDURAS%20%20OIRSA%202021.pdf\" target=\"_blank\" rel=\"noopener\"><strong>Direcci\u00f3n de Campa\u00f1as Zoosanitarias<\/strong><\/a><\/p>\n<ul>\n<li style=\"text-align: left;\">\n<h4><a href=\"https:\/\/www.oirsa.org\/contenido\/2020-2\/2021\/Rabia_Paralitica_Bovina\/Generalidades%20y%20control%20de%20murci%C3%A9lagos%20hemat%C3%B3fagos%20Curso%20rabia%20OIRSA%20Honduras%202021.pdf\" target=\"_blank\" rel=\"noopener\"><strong>Generalidades y control de murci\u00e9lagos hemat\u00f3fagos<\/strong><\/a><\/h4>\n<\/li>\n<\/ul>\n<p style=\"text-align: left; padding-left: 80px;\"><a href=\"https:\/\/www.oirsa.org\/contenido\/2020-2\/2021\/Rabia_Paralitica_Bovina\/Generalidades%20y%20control%20de%20murci%C3%A9lagos%20hemat%C3%B3fagos%20Curso%20rabia%20OIRSA%20Honduras%202021.pdf\" target=\"_blank\" rel=\"noopener\"><strong>Biol. MSP. Ignacio Amezcua Osorio.<\/strong><\/a><\/p>\n<ul>\n<li style=\"text-align: left;\">\n<h4><a href=\"https:\/\/www.oirsa.org\/contenido\/2020-2\/2021\/Rabia_Paralitica_Bovina\/PRESENTACION%20%20IMPACTO%20SANITARIO%20Y%20ECONOMICO%20CURSO%20RABIA%20OIRSA%20HONDURAS%202021.pdf\" target=\"_blank\" rel=\"noopener\"><strong>La rabia, su importancia en la salud p\u00fablica y el sector pecuario<\/strong><\/a><\/h4>\n<\/li>\n<\/ul>\n<p style=\"text-align: left; padding-left: 80px;\"><a href=\"https:\/\/www.oirsa.org\/contenido\/2020-2\/2021\/Rabia_Paralitica_Bovina\/PRESENTACION%20%20IMPACTO%20SANITARIO%20Y%20ECONOMICO%20CURSO%20RABIA%20OIRSA%20HONDURAS%202021.pdf\" target=\"_blank\" rel=\"noopener\"><strong>Direcci\u00f3n General de Salud Animal<\/strong><\/a><\/p>\n<p style=\"text-align: left; padding-left: 80px;\"><a href=\"https:\/\/www.oirsa.org\/contenido\/2020-2\/2021\/Rabia_Paralitica_Bovina\/PRESENTACION%20%20IMPACTO%20SANITARIO%20Y%20ECONOMICO%20CURSO%20RABIA%20OIRSA%20HONDURAS%202021.pdf\" target=\"_blank\" rel=\"noopener\"><strong>Direcci\u00f3n de Campa\u00f1as Zoosanitarias<\/strong><\/a><\/p>\n<ul>\n<li style=\"text-align: left;\">\n<h4><a href=\"https:\/\/www.oirsa.org\/contenido\/2020-2\/2021\/Rabia_Paralitica_Bovina\/Presentacio%CC%81n%20PATOGENIA%20Rabia%20Parali%CC%81tica%20Curso%20rabia%20OIRSA%20HONDURAS%20AGOSTO%202021.pdf\" target=\"_blank\" rel=\"noopener\"><strong>\u00a0Patogenia de la rabia paral\u00edtica y su diagn\u00f3stico diferencial<\/strong><\/a><\/h4>\n<\/li>\n<\/ul>\n<p style=\"text-align: left; padding-left: 80px;\"><a href=\"https:\/\/www.oirsa.org\/contenido\/2020-2\/2021\/Rabia_Paralitica_Bovina\/Presentacio%CC%81n%20PATOGENIA%20Rabia%20Parali%CC%81tica%20Curso%20rabia%20OIRSA%20HONDURAS%20AGOSTO%202021.pdf\" target=\"_blank\" rel=\"noopener\"><strong>Direcci\u00f3n General de Salud Animal<\/strong><\/a><\/p>\n<p style=\"text-align: left; padding-left: 80px;\"><a href=\"https:\/\/www.oirsa.org\/contenido\/2020-2\/2021\/Rabia_Paralitica_Bovina\/Presentacio%CC%81n%20PATOGENIA%20Rabia%20Parali%CC%81tica%20Curso%20rabia%20OIRSA%20HONDURAS%20AGOSTO%202021.pdf\" target=\"_blank\" rel=\"noopener\"><strong>Direcci\u00f3n de Campa\u00f1as Zoosanitarias<\/strong><\/a><\/p>\n<ul>\n<li style=\"text-align: left;\">\n<h4><a href=\"https:\/\/www.oirsa.org\/contenido\/2020-2\/2021\/Rabia_Paralitica_Bovina\/Presentacio%CC%81n%20Vacunacio%CC%81n%20antirra%CC%81bica%20%20Curso%20rabia%20OIRSA%20HONDURAS%20%202021.pdf\" target=\"_blank\" rel=\"noopener\"><strong>\u00a0Vacunaci\u00f3n antirr\u00e1bica en el ganado<\/strong><\/a><\/h4>\n<\/li>\n<\/ul>\n<p style=\"text-align: left; padding-left: 80px;\"><a href=\"https:\/\/www.oirsa.org\/contenido\/2020-2\/2021\/Rabia_Paralitica_Bovina\/Presentacio%CC%81n%20Vacunacio%CC%81n%20antirra%CC%81bica%20%20Curso%20rabia%20OIRSA%20HONDURAS%20%202021.pdf\" target=\"_blank\" rel=\"noopener\"><strong>Direcci\u00f3n General de Salud Animal<\/strong><\/a><\/p>\n<p style=\"text-align: left; padding-left: 80px;\"><a href=\"https:\/\/www.oirsa.org\/contenido\/2020-2\/2021\/Rabia_Paralitica_Bovina\/Presentacio%CC%81n%20Vacunacio%CC%81n%20antirra%CC%81bica%20%20Curso%20rabia%20OIRSA%20HONDURAS%20%202021.pdf\" target=\"_blank\" rel=\"noopener\"><strong>Direcci\u00f3n de Campa\u00f1as Zoosanitarias<\/strong><\/a><\/p>\n<ul>\n<li style=\"text-align: left;\">\n<h4><a href=\"https:\/\/www.oirsa.org\/contenido\/2020-2\/2021\/Rabia_Paralitica_Bovina\/TOMA%20DE%20MUESTRAS%20Y%20DIAG%20RABIA%20CENASA%20CURSO%20OIRSA%20HONDURAS%20AGOSTO%202021.pdf\" target=\"_blank\" rel=\"noopener\"><strong>Toma y env\u00edo\u00a0de muestras para el diagn\u00f3stico de rabia<\/strong><\/a><\/h4>\n<\/li>\n<\/ul>\n<p style=\"text-align: left; padding-left: 80px;\"><a href=\"https:\/\/www.oirsa.org\/contenido\/2020-2\/2021\/Rabia_Paralitica_Bovina\/TOMA%20DE%20MUESTRAS%20Y%20DIAG%20RABIA%20CENASA%20CURSO%20OIRSA%20HONDURAS%20AGOSTO%202021.pdf\" target=\"_blank\" rel=\"noopener\"><strong>MVZ EPA. Israel Nicol\u00e1s Reyes\u00a0<\/strong><\/a><\/p>\n<ul>\n<li style=\"text-align: left;\">\n<h4><a href=\"https:\/\/www.oirsa.org\/contenido\/2020-2\/2021\/Rabia_Paralitica_Bovina\/EVALUACIO%CC%81N%20DE%20LAS%20MEDIDAS%20ZOOSANITARIAS%20Y%20EXP%20DE%20CIERRE%20DE%20CASOS%20DE%20RABIA.pdf\" target=\"_blank\" rel=\"noopener\"><strong>Evaluaci\u00f3n de las medidas sanitarias y cierre del foco r\u00e1bico, integraci\u00f3n de expedientes<\/strong><\/a><\/h4>\n<\/li>\n<\/ul>\n<p style=\"text-align: left; padding-left: 80px;\"><a href=\"https:\/\/www.oirsa.org\/contenido\/2020-2\/2021\/Rabia_Paralitica_Bovina\/EVALUACIO%CC%81N%20DE%20LAS%20MEDIDAS%20ZOOSANITARIAS%20Y%20EXP%20DE%20CIERRE%20DE%20CASOS%20DE%20RABIA.pdf\" target=\"_blank\" rel=\"noopener\"><strong>\u00a0<\/strong><\/a><a href=\"https:\/\/www.oirsa.org\/contenido\/2020-2\/2021\/Rabia_Paralitica_Bovina\/EVALUACIO%CC%81N%20DE%20LAS%20MEDIDAS%20ZOOSANITARIAS%20Y%20EXP%20DE%20CIERRE%20DE%20CASOS%20DE%20RABIA.pdf\" target=\"_blank\" rel=\"noopener\"><strong>Direcci\u00f3n General de Salud Animal<\/strong><\/a><\/p>\n<p style=\"text-align: left; padding-left: 80px;\"><a href=\"https:\/\/www.oirsa.org\/contenido\/2020-2\/2021\/Rabia_Paralitica_Bovina\/EVALUACIO%CC%81N%20DE%20LAS%20MEDIDAS%20ZOOSANITARIAS%20Y%20EXP%20DE%20CIERRE%20DE%20CASOS%20DE%20RABIA.pdf\" target=\"_blank\" rel=\"noopener\"><strong>Direcci\u00f3n de Campa\u00f1as Zoosanitarias<\/strong><\/a><\/p>\n<ul>\n<li style=\"text-align: left;\">\n<h4><a href=\"https:\/\/www.oirsa.org\/contenido\/2020-2\/2021\/Rabia_Paralitica_Bovina\/PRESENTACIO%CC%81N%20ESTRATEGIAS%20CAPACITACIO%CC%81N%20RABIA%20PARALI%CC%81TICA%20CURSO%20OIRSA%20HONDURAS%20AGOSTO%202021%20.pdf\" target=\"_blank\" rel=\"noopener\"><strong>Estrategias de difusi\u00f3n y capacitaci\u00f3n en la campa\u00f1a de rabia paral\u00edtica<\/strong><\/a><\/h4>\n<\/li>\n<\/ul>\n<p style=\"text-align: left; padding-left: 80px;\"><a href=\"https:\/\/www.oirsa.org\/contenido\/2020-2\/2021\/Rabia_Paralitica_Bovina\/PRESENTACIO%CC%81N%20ESTRATEGIAS%20CAPACITACIO%CC%81N%20RABIA%20PARALI%CC%81TICA%20CURSO%20OIRSA%20HONDURAS%20AGOSTO%202021%20.pdf\" target=\"_blank\" rel=\"noopener\"><strong>\u00a0<\/strong><\/a><a href=\"https:\/\/www.oirsa.org\/contenido\/2020-2\/2021\/Rabia_Paralitica_Bovina\/PRESENTACIO%CC%81N%20ESTRATEGIAS%20CAPACITACIO%CC%81N%20RABIA%20PARALI%CC%81TICA%20CURSO%20OIRSA%20HONDURAS%20AGOSTO%202021%20.pdf\" target=\"_blank\" rel=\"noopener\"><strong>Direcci\u00f3n General de Salud Animal<\/strong><\/a><\/p>\n<p style=\"text-align: left; padding-left: 80px;\"><a href=\"https:\/\/www.oirsa.org\/contenido\/2020-2\/2021\/Rabia_Paralitica_Bovina\/PRESENTACIO%CC%81N%20ESTRATEGIAS%20CAPACITACIO%CC%81N%20RABIA%20PARALI%CC%81TICA%20CURSO%20OIRSA%20HONDURAS%20AGOSTO%202021%20.pdf\" target=\"_blank\" rel=\"noopener\"><strong>Direcci\u00f3n de Campa\u00f1as Zoosanitarias<\/strong><\/a><\/p>\n<ul>\n<li style=\"text-align: left;\">\n<h4><a href=\"https:\/\/www.oirsa.org\/contenido\/2020-2\/2021\/Rabia_Paralitica_Bovina\/PRESENTACION%20NOTIFICACION%20EPIDEMIOLOGICA%20CURSO%20RABIA%20HONDURAS%20OIRSA%20JULIO%20AGOSTO%202021.pdf\" target=\"_blank\" rel=\"noopener\"><strong>Notificaci\u00f3n de rabia paral\u00edtica: uso de formularios y sistema de informaci\u00f3n epidemiol\u00f3gico y sanitario<\/strong><\/a><\/h4>\n<\/li>\n<\/ul>\n<p style=\"text-align: left; padding-left: 80px;\"><a href=\"https:\/\/www.oirsa.org\/contenido\/2020-2\/2021\/Rabia_Paralitica_Bovina\/PRESENTACION%20NOTIFICACION%20EPIDEMIOLOGICA%20CURSO%20RABIA%20HONDURAS%20OIRSA%20JULIO%20AGOSTO%202021.pdf\" target=\"_blank\" rel=\"noopener\"><strong>\u00a0Direcci\u00f3n General de Salud Animal<\/strong><\/a><\/p>\n<p style=\"text-align: left; padding-left: 80px;\"><a href=\"https:\/\/www.oirsa.org\/contenido\/2020-2\/2021\/Rabia_Paralitica_Bovina\/PRESENTACION%20NOTIFICACION%20EPIDEMIOLOGICA%20CURSO%20RABIA%20HONDURAS%20OIRSA%20JULIO%20AGOSTO%202021.pdf\" target=\"_blank\" rel=\"noopener\"><strong>Direcci\u00f3n de Campa\u00f1as Zoosanitarias<\/strong><\/a><\/p>\n","protected":false},"excerpt":{"rendered":"<p>Aspectos generales de la biolog\u00eda de los murci\u00e9lagos. Biol. MSP. Ignacio Amezcua Osorio. Generalidades del virus de la rabia y [&hellip;]<\/p>\n","protected":false},"author":213237738,"featured_media":0,"parent":0,"menu_order":0,"comment_status":"closed","ping_status":"closed","template":"","meta":{"_coblocks_attr":"","_coblocks_dimensions":"","_coblocks_responsive_height":"","_coblocks_accordion_ie_support":"","_crdt_document":"","footnotes":""},"class_list":["post-6426","page","type-page","status-publish","hentry"],"yoast_head":"<!-- This site is optimized with the Yoast SEO plugin v27.3 - https:\/\/yoast.com\/product\/yoast-seo-wordpress\/ -->\n<title>Prevenci\u00f3n y control de la rabia paral\u00edtica bovina - OIRSA<\/title>\n<meta name=\"robots\" content=\"index, follow, max-snippet:-1, max-image-preview:large, max-video-preview:-1\" \/>\n<link rel=\"canonical\" href=\"https:\/\/web.oirsa.org\/en\/prevencion-y-control-de-la-rabia-paralitica-bovina\/\" \/>\n<meta property=\"og:locale\" content=\"en_US\" \/>\n<meta property=\"og:type\" content=\"article\" \/>\n<meta property=\"og:title\" content=\"Prevenci\u00f3n y control de la rabia paral\u00edtica bovina - OIRSA\" \/>\n<meta property=\"og:description\" content=\"Aspectos generales de la biolog\u00eda de los murci\u00e9lagos. Biol. MSP. Ignacio Amezcua Osorio. Generalidades del virus de la rabia y [&hellip;]\" \/>\n<meta property=\"og:url\" content=\"https:\/\/web.oirsa.org\/en\/prevencion-y-control-de-la-rabia-paralitica-bovina\/\" \/>\n<meta property=\"og:site_name\" content=\"OIRSA\" \/>\n<meta property=\"article:publisher\" content=\"https:\/\/www.facebook.com\/OIRSAoficial\" \/>\n<meta property=\"article:modified_time\" content=\"2022-01-06T22:48:34+00:00\" \/>\n<meta property=\"og:image\" content=\"https:\/\/web.oirsa.org\/wp-content\/uploads\/2022\/01\/pc-498.png\" \/>\n<meta name=\"twitter:card\" content=\"summary_large_image\" \/>\n<meta name=\"twitter:site\" content=\"@OIRSAoficial\" \/>\n<meta name=\"twitter:label1\" content=\"Est. reading time\" \/>\n\t<meta name=\"twitter:data1\" content=\"1 minute\" \/>\n<script type=\"application\/ld+json\" class=\"yoast-schema-graph\">{\"@context\":\"https:\\\/\\\/schema.org\",\"@graph\":[{\"@type\":\"WebPage\",\"@id\":\"https:\\\/\\\/web.oirsa.org\\\/prevencion-y-control-de-la-rabia-paralitica-bovina\",\"url\":\"https:\\\/\\\/web.oirsa.org\\\/prevencion-y-control-de-la-rabia-paralitica-bovina\",\"name\":\"Prevenci\u00f3n y control de la rabia paral\u00edtica bovina - OIRSA\",\"isPartOf\":{\"@id\":\"https:\\\/\\\/web.oirsa.org\\\/#website\"},\"primaryImageOfPage\":{\"@id\":\"https:\\\/\\\/web.oirsa.org\\\/prevencion-y-control-de-la-rabia-paralitica-bovina#primaryimage\"},\"image\":{\"@id\":\"https:\\\/\\\/web.oirsa.org\\\/prevencion-y-control-de-la-rabia-paralitica-bovina#primaryimage\"},\"thumbnailUrl\":\"https:\\\/\\\/web.oirsa.org\\\/wp-content\\\/uploads\\\/2022\\\/01\\\/pc-498.png\",\"datePublished\":\"2022-01-06T21:12:49+00:00\",\"dateModified\":\"2022-01-06T22:48:34+00:00\",\"breadcrumb\":{\"@id\":\"https:\\\/\\\/web.oirsa.org\\\/prevencion-y-control-de-la-rabia-paralitica-bovina#breadcrumb\"},\"inLanguage\":\"en-US\",\"potentialAction\":[{\"@type\":\"ReadAction\",\"target\":[\"https:\\\/\\\/web.oirsa.org\\\/prevencion-y-control-de-la-rabia-paralitica-bovina\"]}]},{\"@type\":\"ImageObject\",\"inLanguage\":\"en-US\",\"@id\":\"https:\\\/\\\/web.oirsa.org\\\/prevencion-y-control-de-la-rabia-paralitica-bovina#primaryimage\",\"url\":\"https:\\\/\\\/web.oirsa.org\\\/wp-content\\\/uploads\\\/2022\\\/01\\\/pc-498.png\",\"contentUrl\":\"https:\\\/\\\/web.oirsa.org\\\/wp-content\\\/uploads\\\/2022\\\/01\\\/pc-498.png\"},{\"@type\":\"BreadcrumbList\",\"@id\":\"https:\\\/\\\/web.oirsa.org\\\/prevencion-y-control-de-la-rabia-paralitica-bovina#breadcrumb\",\"itemListElement\":[{\"@type\":\"ListItem\",\"position\":1,\"name\":\"Portada\",\"item\":\"https:\\\/\\\/web.oirsa.org\\\/\"},{\"@type\":\"ListItem\",\"position\":2,\"name\":\"Prevenci\u00f3n y control de la rabia paral\u00edtica bovina\"}]},{\"@type\":\"WebSite\",\"@id\":\"https:\\\/\\\/web.oirsa.org\\\/#website\",\"url\":\"https:\\\/\\\/web.oirsa.org\\\/\",\"name\":\"OIRSA\",\"description\":\"Organismo Internacional Regional de Sanidad Agropecuaria\",\"publisher\":{\"@id\":\"https:\\\/\\\/web.oirsa.org\\\/#organization\"},\"potentialAction\":[{\"@type\":\"SearchAction\",\"target\":{\"@type\":\"EntryPoint\",\"urlTemplate\":\"https:\\\/\\\/web.oirsa.org\\\/?s={search_term_string}\"},\"query-input\":{\"@type\":\"PropertyValueSpecification\",\"valueRequired\":true,\"valueName\":\"search_term_string\"}}],\"inLanguage\":\"en-US\"},{\"@type\":\"Organization\",\"@id\":\"https:\\\/\\\/web.oirsa.org\\\/#organization\",\"name\":\"OIRSA\",\"url\":\"https:\\\/\\\/web.oirsa.org\\\/\",\"logo\":{\"@type\":\"ImageObject\",\"inLanguage\":\"en-US\",\"@id\":\"https:\\\/\\\/web.oirsa.org\\\/#\\\/schema\\\/logo\\\/image\\\/\",\"url\":\"https:\\\/\\\/web.oirsa.org\\\/wp-content\\\/uploads\\\/2024\\\/01\\\/cropped-LOGO-OIRSA-2023.png\",\"contentUrl\":\"https:\\\/\\\/web.oirsa.org\\\/wp-content\\\/uploads\\\/2024\\\/01\\\/cropped-LOGO-OIRSA-2023.png\",\"width\":512,\"height\":512,\"caption\":\"OIRSA\"},\"image\":{\"@id\":\"https:\\\/\\\/web.oirsa.org\\\/#\\\/schema\\\/logo\\\/image\\\/\"},\"sameAs\":[\"https:\\\/\\\/www.facebook.com\\\/OIRSAoficial\",\"https:\\\/\\\/x.com\\\/OIRSAoficial\"]}]}<\/script>\n<!-- \/ Yoast SEO plugin. -->","yoast_head_json":{"title":"Prevenci\u00f3n y control de la rabia paral\u00edtica bovina - OIRSA","robots":{"index":"index","follow":"follow","max-snippet":"max-snippet:-1","max-image-preview":"max-image-preview:large","max-video-preview":"max-video-preview:-1"},"canonical":"https:\/\/web.oirsa.org\/en\/prevencion-y-control-de-la-rabia-paralitica-bovina\/","og_locale":"en_US","og_type":"article","og_title":"Prevenci\u00f3n y control de la rabia paral\u00edtica bovina - OIRSA","og_description":"Aspectos generales de la biolog\u00eda de los murci\u00e9lagos. Biol. MSP. Ignacio Amezcua Osorio. Generalidades del virus de la rabia y [&hellip;]","og_url":"https:\/\/web.oirsa.org\/en\/prevencion-y-control-de-la-rabia-paralitica-bovina\/","og_site_name":"OIRSA","article_publisher":"https:\/\/www.facebook.com\/OIRSAoficial","article_modified_time":"2022-01-06T22:48:34+00:00","og_image":[{"url":"https:\/\/web.oirsa.org\/wp-content\/uploads\/2022\/01\/pc-498.png","type":"","width":"","height":""}],"twitter_card":"summary_large_image","twitter_site":"@OIRSAoficial","twitter_misc":{"Est. reading time":"1 minute"},"schema":{"@context":"https:\/\/schema.org","@graph":[{"@type":"WebPage","@id":"https:\/\/web.oirsa.org\/prevencion-y-control-de-la-rabia-paralitica-bovina","url":"https:\/\/web.oirsa.org\/prevencion-y-control-de-la-rabia-paralitica-bovina","name":"Prevenci\u00f3n y control de la rabia paral\u00edtica bovina - OIRSA","isPartOf":{"@id":"https:\/\/web.oirsa.org\/#website"},"primaryImageOfPage":{"@id":"https:\/\/web.oirsa.org\/prevencion-y-control-de-la-rabia-paralitica-bovina#primaryimage"},"image":{"@id":"https:\/\/web.oirsa.org\/prevencion-y-control-de-la-rabia-paralitica-bovina#primaryimage"},"thumbnailUrl":"https:\/\/web.oirsa.org\/wp-content\/uploads\/2022\/01\/pc-498.png","datePublished":"2022-01-06T21:12:49+00:00","dateModified":"2022-01-06T22:48:34+00:00","breadcrumb":{"@id":"https:\/\/web.oirsa.org\/prevencion-y-control-de-la-rabia-paralitica-bovina#breadcrumb"},"inLanguage":"en-US","potentialAction":[{"@type":"ReadAction","target":["https:\/\/web.oirsa.org\/prevencion-y-control-de-la-rabia-paralitica-bovina"]}]},{"@type":"ImageObject","inLanguage":"en-US","@id":"https:\/\/web.oirsa.org\/prevencion-y-control-de-la-rabia-paralitica-bovina#primaryimage","url":"https:\/\/web.oirsa.org\/wp-content\/uploads\/2022\/01\/pc-498.png","contentUrl":"https:\/\/web.oirsa.org\/wp-content\/uploads\/2022\/01\/pc-498.png"},{"@type":"BreadcrumbList","@id":"https:\/\/web.oirsa.org\/prevencion-y-control-de-la-rabia-paralitica-bovina#breadcrumb","itemListElement":[{"@type":"ListItem","position":1,"name":"Portada","item":"https:\/\/web.oirsa.org\/"},{"@type":"ListItem","position":2,"name":"Prevenci\u00f3n y control de la rabia paral\u00edtica bovina"}]},{"@type":"WebSite","@id":"https:\/\/web.oirsa.org\/#website","url":"https:\/\/web.oirsa.org\/","name":"OIRSA","description":"Organismo Internacional Regional de Sanidad Agropecuaria","publisher":{"@id":"https:\/\/web.oirsa.org\/#organization"},"potentialAction":[{"@type":"SearchAction","target":{"@type":"EntryPoint","urlTemplate":"https:\/\/web.oirsa.org\/?s={search_term_string}"},"query-input":{"@type":"PropertyValueSpecification","valueRequired":true,"valueName":"search_term_string"}}],"inLanguage":"en-US"},{"@type":"Organization","@id":"https:\/\/web.oirsa.org\/#organization","name":"OIRSA","url":"https:\/\/web.oirsa.org\/","logo":{"@type":"ImageObject","inLanguage":"en-US","@id":"https:\/\/web.oirsa.org\/#\/schema\/logo\/image\/","url":"https:\/\/web.oirsa.org\/wp-content\/uploads\/2024\/01\/cropped-LOGO-OIRSA-2023.png","contentUrl":"https:\/\/web.oirsa.org\/wp-content\/uploads\/2024\/01\/cropped-LOGO-OIRSA-2023.png","width":512,"height":512,"caption":"OIRSA"},"image":{"@id":"https:\/\/web.oirsa.org\/#\/schema\/logo\/image\/"},"sameAs":["https:\/\/www.facebook.com\/OIRSAoficial","https:\/\/x.com\/OIRSAoficial"]}]}},"jetpack_sharing_enabled":true,"_links":{"self":[{"href":"https:\/\/web.oirsa.org\/en\/wp-json\/wp\/v2\/pages\/6426","targetHints":{"allow":["GET"]}}],"collection":[{"href":"https:\/\/web.oirsa.org\/en\/wp-json\/wp\/v2\/pages"}],"about":[{"href":"https:\/\/web.oirsa.org\/en\/wp-json\/wp\/v2\/types\/page"}],"author":[{"embeddable":true,"href":"https:\/\/web.oirsa.org\/en\/wp-json\/wp\/v2\/users\/213237738"}],"replies":[{"embeddable":true,"href":"https:\/\/web.oirsa.org\/en\/wp-json\/wp\/v2\/comments?post=6426"}],"version-history":[{"count":11,"href":"https:\/\/web.oirsa.org\/en\/wp-json\/wp\/v2\/pages\/6426\/revisions"}],"predecessor-version":[{"id":6487,"href":"https:\/\/web.oirsa.org\/en\/wp-json\/wp\/v2\/pages\/6426\/revisions\/6487"}],"wp:attachment":[{"href":"https:\/\/web.oirsa.org\/en\/wp-json\/wp\/v2\/media?parent=6426"}],"curies":[{"name":"wp","href":"https:\/\/api.w.org\/{rel}","templated":true}]}}