{"id":6299,"date":"2022-01-03T10:59:12","date_gmt":"2022-01-03T16:59:12","guid":{"rendered":"http:\/\/10.103.20.84\/?page_id=6299"},"modified":"2023-12-06T15:37:45","modified_gmt":"2023-12-06T21:37:45","slug":"panama-documentos","status":"publish","type":"page","link":"https:\/\/web.oirsa.org\/en\/panama-documentos","title":{"rendered":"Panam\u00e1 documentos"},"content":{"rendered":"\n<p class=\"wp-block-paragraph\"><style>\/*! elementor - v3.5.3 - 28-12-2021 *\/<br \/>\n.elementor-heading-title{padding:0;margin:0;line-height:1}.elementor-widget-heading .elementor-heading-title[class*=elementor-size-]>a{color:inherit;font-size:inherit;line-height:inherit}.elementor-widget-heading .elementor-heading-title.elementor-size-small{font-size:15px}.elementor-widget-heading .elementor-heading-title.elementor-size-medium{font-size:19px}.elementor-widget-heading .elementor-heading-title.elementor-size-large{font-size:29px}.elementor-widget-heading .elementor-heading-title.elementor-size-xl{font-size:39px}.elementor-widget-heading .elementor-heading-title.elementor-size-xxl{font-size:59px}<\/style><\/p>\n\n\n\n<h4 class=\"wp-block-heading\">Documentos<\/h4>\n\n\n\n<figure class=\"wp-block-table alignright\"><table><tbody><tr><td colspan=\"3\">Sistema Electr\u00f3nico de la Normativa Agropecuaria de la Rep\u00fablica de Panam\u00e1 MIDA<\/td><td colspan=\"4\"><a href=\"http:\/\/aplica.mida.gob.pa\/legisagro\/Salud_Publica\/Le38_01_003.asp\">http:\/\/aplica.mida.gob.pa\/legisagro\/Salud_Publica\/Le38_01_003.asp<\/a><\/td><\/tr><tr><td colspan=\"3\">Reglamentos T\u00e9cnicos DGNTI &#8211; COPANIT Sector Agricultura, Tecnolog\u00eda de los Alimentos, Protecci\u00f3n de la Salud y el Ambiente &#8211; Listado de acceso R\u00e1pido.<\/td><td colspan=\"4\"><a href=\"http:\/\/www.mici.gob.pa\/imagenes\/pdf\/7227821.\">http:\/\/www.mici.gob.pa\/imagenes\/pdf\/7227821.<\/a><\/td><\/tr><tr><td colspan=\"3\">Decreto 62 de 15 de enero de 1957.<br>\u201cPor la cual se reglamenta el C\u00f3digo Sanitario en lo referente a la Inspecci\u00f3n y Vigilancia de Carnes\u201d.<br>Ministerio de Trabajo, Previsi\u00f3n Social y Salud P\u00fablica<\/td><td colspan=\"4\"><a href=\"http:\/\/aplica.mida.gob.pa\/legisagro\/Sanidad_Animal\/Le39_01_002.html\">http:\/\/aplica.mida.gob.pa\/legisagro\/Sanidad_Animal\/Le39_01_002.html<\/a><\/td><\/tr><tr><td colspan=\"3\">Decreto Ejecutivo 9 de 9 de febrero de 1999.<br>\u201cPor la cual se reglamenta el Registro y Control de Productos Veterinarios y Alimentos para Consumo Humano, as\u00ed como los Establecimientos, de Fabricaci\u00f3n, Importaci\u00f3n, Distribuci\u00f3n y Venta de los mismos\u201d.<\/td><td colspan=\"4\"><a href=\"http:\/\/aplica.mida.gob.pa\/legisagro\/Sanidad_Animal\/Le39_01_047.html\">http:\/\/aplica.mida.gob.pa\/legisagro\/Sanidad_Animal\/Le39_01_047.html<\/a><\/td><\/tr><tr><td colspan=\"3\">DGNTI &#8211; COPANIT 241-2005&nbsp; &#8211; Tecnolog\u00eda de los Alimentos &#8211; Aves y Huevos &#8211; Huevos de Gallina para consumo Humano.<\/td><td colspan=\"4\"><a href=\"http:\/\/extwprlegs1.fao.org\/docs\/pdf\/pan53863.pdf\">http:\/\/extwprlegs1.fao.org\/docs\/pdf\/pan53863.pdf<\/a><\/td><\/tr><tr><td colspan=\"3\">Decreto Ejecutivo 65 de 9 de junio de 1998. (1)<br>\u201cPor la cual de reglamenta la aplicaci\u00f3n del Sistema de An\u00e1lisis de Riego y Puntos Cr\u00edticos de Control (ARPCC o HACCP) en las Plantas y Establecimientos que procesan, transforman y distribuyen Productos C\u00e1rnicos, Productos L\u00e1cteos, Productos Pesqueros y otros Alimentos para Consumo Humano en el Territorio Nacional y se dictan otras Disposiciones\u201d.<br>Ministerio de Salud.<\/td><td colspan=\"4\"><a href=\"http:\/\/aplica.mida.gob.pa\/legisagro\/Registros_y_Controles_Sanitarios\/Le35_01_017.html\">http:\/\/aplica.mida.gob.pa\/legisagro\/Registros_y_Controles_Sanitarios\/Le35_01_017.html<\/a><\/td><\/tr><tr><td colspan=\"3\">Decreto 160 del 13\/10\/ 1998 &#8211; POR MEDIO DEL&nbsp; CUAL SE DICTAN&nbsp; DISPOSICIONES SANITARIAS&nbsp; RELACIONADAS CON LA EXPEDICION DE PERMISOS PARA ESTABLECIMIENTOS DE INTERES SANITARIO.<\/td><td colspan=\"4\"><a href=\"http:\/\/www.css.gob.pa\/D-E%20160%20EXPEDICION%20DE%20PERMISOS%20SANITARIOS.pdf\">http:\/\/www.css.gob.pa\/D-E%20160%20EXPEDICION%20DE%20PERMISOS%20SANITARIOS.pdf<\/a><\/td><\/tr><tr><td colspan=\"3\">Decreto 81 de 31\/03\/2003 &#8211; SOBRE LOS PROCEDIMIENTOS ESTANDARIZADOS DE LAS OPERACIONES DE LIMPIEZA Y DESINFECCION, LAS BUENAS PRACTICAS DE MANUFACTURA Y EL SISTEMA DE ANALISIS DE PELIGROS Y CONTROL DE PUNTOS CRITICOS EN LAS PLANTAS<\/td><td colspan=\"4\"><a href=\"http:\/\/docs.panama.justia.com\/federales\/decretos-ejecutivos\/81-de-2003-apr-3-2003.pdf\">http:\/\/docs.panama.justia.com\/federales\/decretos-ejecutivos\/81-de-2003-apr-3-2003.pdf<\/a><\/td><\/tr><tr><td colspan=\"3\">Decreto 352 de 14\/10\/2001, QUE REGLAMENTA LA APLICACION OBLIGATORIA DE LOS PROCEDIMIENTOS ESTANDARIZADOS DE LAS OPERACIONES DE LIMPIEZA Y DESINFECCION, LAS BUENAS PRACTICAS DE MANUFACTURA Y EL SISTEMA DE ANALISIS DE PELIGROS Y CONTROL DE PUNTOS CRITICOS, EN LAS PLANTAS<\/td><td colspan=\"4\"><a href=\"https:\/\/www.panamaemprende.gob.pa\/descargas\/DE%20352%20DE%202001%20-%20LIMPIEZA%20Y%20DESINFECCION%20MANUFACTURA.pdf\">https:\/\/www.panamaemprende.gob.pa\/descargas\/DE%20352%20DE%202001%20-%20LIMPIEZA%20Y%20DESINFECCION%20MANUFACTURA.pdf<\/a><\/td><\/tr><tr><td colspan=\"3\">Decreto 368 de 22\/09\/1995, POR EL CUAL SE REGLAMENTAN Y DICTAN DISPOSICIONES SANITARIAS SOBRE LA PRODUCCION, SACRIFICIO, PROCESAMIENTO E INSPECCION DE AVES Y SUB-PRODUCTOS EN EL TERRITORIO NACIONAL.<\/td><td colspan=\"4\"><a href=\"http:\/\/panama.justia.com\/federales\/decretos-ejecutivos\/368-de-1995-oct-11-1995\/gdoc\/\">http:\/\/panama.justia.com\/federales\/decretos-ejecutivos\/368-de-1995-oct-11-1995\/gdoc\/<\/a><\/td><\/tr><tr><td colspan=\"3\">Decreto 41 de 21\/03\/1995, CLASIFICA LOS MATADEROS DE ACUERDO A SUS CONDICIONES Y CAPACIDAD SANITARIA, ESTABLECE REQUISITOS TECNICOS SANITARIOS MINIMOS QUE DEBEN SOMETERSE LOS DISTINTOS TIPOS DE MATADEROS Y DICTA OTRAS DISPOSICIONES.<\/td><td colspan=\"4\"><a href=\"http:\/\/docs.panama.justia.com\/federales\/decretos-ejecutivos\/41-de-1995-apr-7-1995.pdf\">http:\/\/docs.panama.justia.com\/federales\/decretos-ejecutivos\/41-de-1995-apr-7-1995.pdf<\/a><\/td><\/tr><tr><td colspan=\"3\">Decreto 84 de 10\/06\/1996, SE DICTAN NORMAS TECNICAS SANITARIAS&nbsp; QUE DEBEN TENER&nbsp; LOS ESTABLECIMIENTOS, PLANTAS, EMBARCACIONES Y BARCOS FACTORIAS DONDE SE PROCESAN, TRANSFORMAN, CONSERVAN&nbsp; Y TRANSPORTAN PRODUCTOS DE PESCA Y ACUICULTURA.<\/td><td colspan=\"4\"><a href=\"http:\/\/docs.panama.justia.com\/federales\/decretos-ejecutivos\/84-de-1996-jun-18-1996.pdf\">http:\/\/docs.panama.justia.com\/federales\/decretos-ejecutivos\/84-de-1996-jun-18-1996.pdf<\/a><\/td><\/tr><tr><td colspan=\"3\">Decreto Ejecutivo 66 de 22 de abril de 1996. \u201cPor el cual se Reglamenta y Dictan Disposiciones Sanitarias sobre el Procesamiento, Transporte Inspecci\u00f3n de Plantas de Leche y Productos L\u00e1cteos\u201d.<br>(G.O. 23,030 de 7 de mayo de 1996).<\/td><td colspan=\"4\"><a href=\"http:\/\/aplica.mida.gob.pa\/legisagro\/Sanidad_Animal\/Le39_01_033.asp\">http:\/\/aplica.mida.gob.pa\/legisagro\/Sanidad_Animal\/Le39_01_033.asp<\/a><\/td><\/tr><tr><td colspan=\"3\">Acta RTCA &#8211; Productos Agropecuarios Org\u00e1nicos, Requisitos para Producci\u00f3n, Procesamiento, Comercializaci\u00f3n, Certificaci\u00f3n y Etiquetado.<\/td><td colspan=\"4\"><a href=\"http:\/\/www.mici.gob.pa\/documentos\/normas-tec\/Acta-RTCA-Produccion-Organica.pdf\">http:\/\/www.mici.gob.pa\/documentos\/normas-tec\/Acta-RTCA-Produccion-Organica.pdf<\/a><\/td><\/tr><tr><td colspan=\"3\">Reglamento T\u00e9cnico DGNTI &#8211; COPANIT 68 &#8211; 2007. Carnes y productos c\u00e1rnicos. Canales de bovino. Definiciones y Tipificaci\u00f3n<\/td><td colspan=\"4\"><a href=\"https:\/\/www.gacetaoficial.gob.pa\/pdfTemp\/25912\/7038.pdf\">https:\/\/www.gacetaoficial.gob.pa\/pdfTemp\/25912\/7038.pdf<\/a><\/td><\/tr><\/tbody><\/table><\/figure>\n","protected":false},"excerpt":{"rendered":"<p>Documentos Sistema Electr\u00f3nico de la Normativa Agropecuaria de la Rep\u00fablica de Panam\u00e1 MIDA http:\/\/aplica.mida.gob.pa\/legisagro\/Salud_Publica\/Le38_01_003.asp Reglamentos T\u00e9cnicos DGNTI &#8211; COPANIT Sector [&hellip;]<\/p>\n","protected":false},"author":213237738,"featured_media":0,"parent":0,"menu_order":0,"comment_status":"closed","ping_status":"closed","template":"","meta":{"_coblocks_attr":"","_coblocks_dimensions":"","_coblocks_responsive_height":"","_coblocks_accordion_ie_support":"","_crdt_document":"","footnotes":""},"class_list":["post-6299","page","type-page","status-publish","hentry"],"yoast_head":"<!-- This site is optimized with the Yoast SEO plugin v27.4 - https:\/\/yoast.com\/product\/yoast-seo-wordpress\/ -->\n<title>Panam\u00e1 documentos - OIRSA<\/title>\n<meta name=\"robots\" content=\"index, follow, max-snippet:-1, max-image-preview:large, max-video-preview:-1\" \/>\n<link rel=\"canonical\" href=\"https:\/\/web.oirsa.org\/en\/panama-documentos\/\" \/>\n<meta property=\"og:locale\" content=\"en_US\" \/>\n<meta property=\"og:type\" content=\"article\" \/>\n<meta property=\"og:title\" content=\"Panam\u00e1 documentos - OIRSA\" \/>\n<meta property=\"og:description\" content=\"Documentos Sistema Electr\u00f3nico de la Normativa Agropecuaria de la Rep\u00fablica de Panam\u00e1 MIDA http:\/\/aplica.mida.gob.pa\/legisagro\/Salud_Publica\/Le38_01_003.asp Reglamentos T\u00e9cnicos DGNTI &#8211; COPANIT Sector [&hellip;]\" \/>\n<meta property=\"og:url\" content=\"https:\/\/web.oirsa.org\/en\/panama-documentos\/\" \/>\n<meta property=\"og:site_name\" content=\"OIRSA\" \/>\n<meta property=\"article:publisher\" content=\"https:\/\/www.facebook.com\/OIRSAoficial\" \/>\n<meta property=\"article:modified_time\" content=\"2023-12-06T21:37:45+00:00\" \/>\n<meta property=\"og:image\" content=\"https:\/\/i0.wp.com\/web.oirsa.org\/wp-content\/uploads\/2024\/01\/logo-OIRSA23.png?fit=2791%2C782&ssl=1\" \/>\n\t<meta property=\"og:image:width\" content=\"2791\" \/>\n\t<meta property=\"og:image:height\" content=\"782\" \/>\n\t<meta property=\"og:image:type\" content=\"image\/png\" \/>\n<meta name=\"twitter:card\" content=\"summary_large_image\" \/>\n<meta name=\"twitter:site\" content=\"@OIRSAoficial\" \/>\n<meta name=\"twitter:label1\" content=\"Est. reading time\" \/>\n\t<meta name=\"twitter:data1\" content=\"3 minutes\" \/>\n<script type=\"application\/ld+json\" class=\"yoast-schema-graph\">{\"@context\":\"https:\\\/\\\/schema.org\",\"@graph\":[{\"@type\":\"WebPage\",\"@id\":\"https:\\\/\\\/web.oirsa.org\\\/panama-documentos\",\"url\":\"https:\\\/\\\/web.oirsa.org\\\/panama-documentos\",\"name\":\"Panam\u00e1 documentos - OIRSA\",\"isPartOf\":{\"@id\":\"https:\\\/\\\/web.oirsa.org\\\/#website\"},\"datePublished\":\"2022-01-03T16:59:12+00:00\",\"dateModified\":\"2023-12-06T21:37:45+00:00\",\"breadcrumb\":{\"@id\":\"https:\\\/\\\/web.oirsa.org\\\/panama-documentos#breadcrumb\"},\"inLanguage\":\"en-US\",\"potentialAction\":[{\"@type\":\"ReadAction\",\"target\":[\"https:\\\/\\\/web.oirsa.org\\\/panama-documentos\"]}]},{\"@type\":\"BreadcrumbList\",\"@id\":\"https:\\\/\\\/web.oirsa.org\\\/panama-documentos#breadcrumb\",\"itemListElement\":[{\"@type\":\"ListItem\",\"position\":1,\"name\":\"Portada\",\"item\":\"https:\\\/\\\/web.oirsa.org\\\/\"},{\"@type\":\"ListItem\",\"position\":2,\"name\":\"Panam\u00e1 documentos\"}]},{\"@type\":\"WebSite\",\"@id\":\"https:\\\/\\\/web.oirsa.org\\\/#website\",\"url\":\"https:\\\/\\\/web.oirsa.org\\\/\",\"name\":\"OIRSA\",\"description\":\"Organismo Internacional Regional de Sanidad Agropecuaria\",\"publisher\":{\"@id\":\"https:\\\/\\\/web.oirsa.org\\\/#organization\"},\"potentialAction\":[{\"@type\":\"SearchAction\",\"target\":{\"@type\":\"EntryPoint\",\"urlTemplate\":\"https:\\\/\\\/web.oirsa.org\\\/?s={search_term_string}\"},\"query-input\":{\"@type\":\"PropertyValueSpecification\",\"valueRequired\":true,\"valueName\":\"search_term_string\"}}],\"inLanguage\":\"en-US\"},{\"@type\":\"Organization\",\"@id\":\"https:\\\/\\\/web.oirsa.org\\\/#organization\",\"name\":\"OIRSA\",\"url\":\"https:\\\/\\\/web.oirsa.org\\\/\",\"logo\":{\"@type\":\"ImageObject\",\"inLanguage\":\"en-US\",\"@id\":\"https:\\\/\\\/web.oirsa.org\\\/#\\\/schema\\\/logo\\\/image\\\/\",\"url\":\"https:\\\/\\\/web.oirsa.org\\\/wp-content\\\/uploads\\\/2024\\\/01\\\/cropped-LOGO-OIRSA-2023.png\",\"contentUrl\":\"https:\\\/\\\/web.oirsa.org\\\/wp-content\\\/uploads\\\/2024\\\/01\\\/cropped-LOGO-OIRSA-2023.png\",\"width\":512,\"height\":512,\"caption\":\"OIRSA\"},\"image\":{\"@id\":\"https:\\\/\\\/web.oirsa.org\\\/#\\\/schema\\\/logo\\\/image\\\/\"},\"sameAs\":[\"https:\\\/\\\/www.facebook.com\\\/OIRSAoficial\",\"https:\\\/\\\/x.com\\\/OIRSAoficial\"]}]}<\/script>\n<!-- \/ Yoast SEO plugin. -->","yoast_head_json":{"title":"Panam\u00e1 documentos - OIRSA","robots":{"index":"index","follow":"follow","max-snippet":"max-snippet:-1","max-image-preview":"max-image-preview:large","max-video-preview":"max-video-preview:-1"},"canonical":"https:\/\/web.oirsa.org\/en\/panama-documentos\/","og_locale":"en_US","og_type":"article","og_title":"Panam\u00e1 documentos - OIRSA","og_description":"Documentos Sistema Electr\u00f3nico de la Normativa Agropecuaria de la Rep\u00fablica de Panam\u00e1 MIDA http:\/\/aplica.mida.gob.pa\/legisagro\/Salud_Publica\/Le38_01_003.asp Reglamentos T\u00e9cnicos DGNTI &#8211; COPANIT Sector [&hellip;]","og_url":"https:\/\/web.oirsa.org\/en\/panama-documentos\/","og_site_name":"OIRSA","article_publisher":"https:\/\/www.facebook.com\/OIRSAoficial","article_modified_time":"2023-12-06T21:37:45+00:00","og_image":[{"width":2791,"height":782,"url":"https:\/\/i0.wp.com\/web.oirsa.org\/wp-content\/uploads\/2024\/01\/logo-OIRSA23.png?fit=2791%2C782&ssl=1","type":"image\/png"}],"twitter_card":"summary_large_image","twitter_site":"@OIRSAoficial","twitter_misc":{"Est. reading time":"3 minutes"},"schema":{"@context":"https:\/\/schema.org","@graph":[{"@type":"WebPage","@id":"https:\/\/web.oirsa.org\/panama-documentos","url":"https:\/\/web.oirsa.org\/panama-documentos","name":"Panam\u00e1 documentos - OIRSA","isPartOf":{"@id":"https:\/\/web.oirsa.org\/#website"},"datePublished":"2022-01-03T16:59:12+00:00","dateModified":"2023-12-06T21:37:45+00:00","breadcrumb":{"@id":"https:\/\/web.oirsa.org\/panama-documentos#breadcrumb"},"inLanguage":"en-US","potentialAction":[{"@type":"ReadAction","target":["https:\/\/web.oirsa.org\/panama-documentos"]}]},{"@type":"BreadcrumbList","@id":"https:\/\/web.oirsa.org\/panama-documentos#breadcrumb","itemListElement":[{"@type":"ListItem","position":1,"name":"Portada","item":"https:\/\/web.oirsa.org\/"},{"@type":"ListItem","position":2,"name":"Panam\u00e1 documentos"}]},{"@type":"WebSite","@id":"https:\/\/web.oirsa.org\/#website","url":"https:\/\/web.oirsa.org\/","name":"OIRSA","description":"Organismo Internacional Regional de Sanidad Agropecuaria","publisher":{"@id":"https:\/\/web.oirsa.org\/#organization"},"potentialAction":[{"@type":"SearchAction","target":{"@type":"EntryPoint","urlTemplate":"https:\/\/web.oirsa.org\/?s={search_term_string}"},"query-input":{"@type":"PropertyValueSpecification","valueRequired":true,"valueName":"search_term_string"}}],"inLanguage":"en-US"},{"@type":"Organization","@id":"https:\/\/web.oirsa.org\/#organization","name":"OIRSA","url":"https:\/\/web.oirsa.org\/","logo":{"@type":"ImageObject","inLanguage":"en-US","@id":"https:\/\/web.oirsa.org\/#\/schema\/logo\/image\/","url":"https:\/\/web.oirsa.org\/wp-content\/uploads\/2024\/01\/cropped-LOGO-OIRSA-2023.png","contentUrl":"https:\/\/web.oirsa.org\/wp-content\/uploads\/2024\/01\/cropped-LOGO-OIRSA-2023.png","width":512,"height":512,"caption":"OIRSA"},"image":{"@id":"https:\/\/web.oirsa.org\/#\/schema\/logo\/image\/"},"sameAs":["https:\/\/www.facebook.com\/OIRSAoficial","https:\/\/x.com\/OIRSAoficial"]}]}},"jetpack_sharing_enabled":true,"_links":{"self":[{"href":"https:\/\/web.oirsa.org\/en\/wp-json\/wp\/v2\/pages\/6299","targetHints":{"allow":["GET"]}}],"collection":[{"href":"https:\/\/web.oirsa.org\/en\/wp-json\/wp\/v2\/pages"}],"about":[{"href":"https:\/\/web.oirsa.org\/en\/wp-json\/wp\/v2\/types\/page"}],"author":[{"embeddable":true,"href":"https:\/\/web.oirsa.org\/en\/wp-json\/wp\/v2\/users\/213237738"}],"replies":[{"embeddable":true,"href":"https:\/\/web.oirsa.org\/en\/wp-json\/wp\/v2\/comments?post=6299"}],"version-history":[{"count":6,"href":"https:\/\/web.oirsa.org\/en\/wp-json\/wp\/v2\/pages\/6299\/revisions"}],"predecessor-version":[{"id":13778,"href":"https:\/\/web.oirsa.org\/en\/wp-json\/wp\/v2\/pages\/6299\/revisions\/13778"}],"wp:attachment":[{"href":"https:\/\/web.oirsa.org\/en\/wp-json\/wp\/v2\/media?parent=6299"}],"curies":[{"name":"wp","href":"https:\/\/api.w.org\/{rel}","templated":true}]}}