{"id":6292,"date":"2022-01-03T10:25:42","date_gmt":"2022-01-03T16:25:42","guid":{"rendered":"http:\/\/10.103.20.84\/?page_id=6292"},"modified":"2023-12-06T15:14:48","modified_gmt":"2023-12-06T21:14:48","slug":"costa-rica-documentos","status":"publish","type":"page","link":"https:\/\/web.oirsa.org\/en\/costa-rica-documentos","title":{"rendered":"Costa Rica documentos"},"content":{"rendered":"<h2 class=\"wp-block-heading\">Documentos<\/h2>\n\n\n\n<figure class=\"wp-block-table aligncenter\"><table><tbody><tr><td colspan=\"3\">Compendio General de Normativas, Leyes y decretos Vigentes \/ Salud Animal e Inocuidad de los Alimentos \/ Costa Rica SENASA &#8211; MAG<\/td><td colspan=\"4\"><a href=\"http:\/\/www.senasa.go.cr\/senasa\/sitio\/index.php\/paginas\/view\/192\">http:\/\/www.senasa.go.cr\/senasa\/sitio\/index.php\/paginas\/view\/192<\/a><\/td><\/tr><tr><td colspan=\"3\">Ley General del Servicio Nacional de Salud Animal&nbsp;<\/td><td colspan=\"4\"><a href=\"http:\/\/www.mag.go.cr\/legislacion\/2006\/ley-8495.pdf\">http:\/\/www.mag.go.cr\/legislacion\/2006\/ley-8495.pdf<\/a><\/td><\/tr><tr><td colspan=\"3\">Reglamento General para el Otorgamiento del Certificado<br>Veterinario de Operaci\u00f3n N\u00ba34859?MAG<\/td><td colspan=\"4\"><a href=\"http:\/\/www.mag.go.cr\/legislacion\/2008\/de-34859.pdf\">http:\/\/www.mag.go.cr\/legislacion\/2008\/de-34859.pdf<\/a><\/td><\/tr><tr><td colspan=\"3\">LISTADO DE ENFERMEDADES ANIMALES DE DECLARACION OBLIGATORIA N\u00baN\u00ba 34669-MAG<\/td><td colspan=\"4\"><a href=\"http:\/\/www.mag.go.cr\/legislacion\/2008\/de-34669.pdf\">http:\/\/www.mag.go.cr\/legislacion\/2008\/de-34669.pdf<\/a><\/td><\/tr><tr><td colspan=\"3\">Reglamento de Registro y Control de Medicamentos Veterinarios N\u00b0 28861-\u00ad?MAG<\/td><td colspan=\"4\"><a href=\"http:\/\/www.senasa.go.cr\/sitioanterior\/Documentos\/legislacion\/28861-MAG.htm\">http:\/\/www.senasa.go.cr\/sitioanterior\/Documentos\/legislacion\/28861-MAG.htm<\/a><\/td><\/tr><tr><td colspan=\"3\">Reglamento para la Prevenci\u00f3n, el Control y Erradicaci\u00f3n<br>de la Tuberculosis en los Bovinos de la Tuberculosis en los Bovinos N\u00ba 34852-MAG&nbsp;<\/td><td colspan=\"4\"><a href=\"http:\/\/www.mag.go.cr\/legislacion\/2008\/de-34852.pdf\">http:\/\/www.mag.go.cr\/legislacion\/2008\/de-34852.pdf<\/a><\/td><\/tr><tr><td colspan=\"3\">Reglamento para la Intervenci\u00f3n de la Brucelosis Bovina N\u00ba 34858?MAG<\/td><td colspan=\"4\"><a href=\"http:\/\/www.gaceta.go.cr\/pub\/2008\/11\/27\/COMP_27_11_2008.html\">http:\/\/www.gaceta.go.cr\/pub\/2008\/11\/27\/COMP_27_11_2008.html<\/a><\/td><\/tr><tr><td colspan=\"3\">Reglamento de Granjas Porcinas N\u00b037155-MAG<\/td><td colspan=\"4\"><a href=\"http:\/\/www.pgrweb.go.cr\/scij\/Busqueda\/Normativa\/Normas\/nrm_texto_completo.aspx?param1=NRTC&amp;nValor1=1&amp;nValor2=72823&amp;nValor3=89102&amp;strTipM=TC\">http:\/\/www.pgrweb.go.cr\/scij\/Busqueda\/Normativa\/Normas\/nrm_texto_completo.aspx?param1=NRTC&amp;nValor1=1&amp;nValor2=72823&amp;nValor3=89102&amp;strTipM=TC<\/a><\/td><\/tr><tr><td colspan=\"3\">Reglamento sobre granjas av\u00edcolas N\u00b0 31088?S<\/td><td colspan=\"4\"><a href=\"http:\/\/www.pgrweb.go.cr\/scij\/Busqueda\/Normativa\/Normas\/nrm_texto_completo.aspx?param1=NRTC&amp;nValor1=1&amp;nValor2=50410&amp;nValor3=54164&amp;strTipM=TC\">http:\/\/www.pgrweb.go.cr\/scij\/Busqueda\/Normativa\/Normas\/nrm_texto_completo.aspx?param1=NRTC&amp;nValor1=1&amp;nValor2=50410&amp;nValor3=54164&amp;strTipM=TC<\/a><\/td><\/tr><tr><td colspan=\"3\">Reglamento sobre el manejo y control de gallinaza y pollinaza 29145- MAG-S -MINAE<\/td><td colspan=\"4\"><a href=\"http:\/\/www.pgrweb.go.cr\/scij\/Busqueda\/Normativa\/Normas\/nrm_texto_completo.aspx?param1=NRTC&amp;nValor1=1&amp;nValor2=45557&amp;nValor3=47995&amp;strTipM=TC\">http:\/\/www.pgrweb.go.cr\/scij\/Busqueda\/Normativa\/Normas\/nrm_texto_completo.aspx?param1=NRTC&amp;nValor1=1&amp;nValor2=45557&amp;nValor3=47995&amp;strTipM=TC<\/a><\/td><\/tr><tr><td colspan=\"3\">Reglamento Sanitario y de Inspecci\u00f3n Veterinaria de establecimientos de sacrificio y procesadores de aves N\u00ba 37548-MAG<\/td><td colspan=\"4\"><a href=\"http:\/\/www.pgrweb.go.cr\/scij\/Busqueda\/Normativa\/Normas\/nrm_texto_completo.aspx?param1=NRTC&amp;nValor1=1&amp;nValor2=74366&amp;nValor3=91801&amp;strTipM=TC\">http:\/\/www.pgrweb.go.cr\/scij\/Busqueda\/Normativa\/Normas\/nrm_texto_completo.aspx?param1=NRTC&amp;nValor1=1&amp;nValor2=74366&amp;nValor3=91801&amp;strTipM=TC<\/a><\/td><\/tr><tr><td colspan=\"3\">Se incluyendo dentro del listado de enfermedades de declaraci\u00f3n obligatoria en bovinos, la encefalopat\u00eda espongiforme bovina (EEB) y se proh\u00edbe la utilizaci\u00f3n de harinas de carne y otros 29285-MAG-S.<\/td><td colspan=\"4\"><a href=\"http:\/\/www.pgrweb.go.cr\/scij\/Busqueda\/Normativa\/Normas\/nrm_texto_completo.aspx?param1=NRTC&amp;nValor1=1&amp;nValor2=45884&amp;nValor3=48384&amp;strTipM=TC\">http:\/\/www.pgrweb.go.cr\/scij\/Busqueda\/Normativa\/Normas\/nrm_texto_completo.aspx?param1=NRTC&amp;nValor1=1&amp;nValor2=45884&amp;nValor3=48384&amp;strTipM=TC<\/a><\/td><\/tr><tr><td colspan=\"3\">Procesadoras de alimentos, productos y subproductos animales que exporten quedan sometidos a control del MAG a trav\u00e9s del Departamento de Servicios Zoosanitarios Internacionales de la Direcci\u00f3n de Salud Animal 26559-MAG-S.<\/td><td colspan=\"4\"><a href=\"http:\/\/www.pgrweb.go.cr\/scij\/Busqueda\/Normativa\/Normas\/nrm_texto_completo.aspx?param1=NRTC&amp;nValor1=1&amp;nValor2=55023&amp;nValor3=60291&amp;strTipM=TC\">http:\/\/www.pgrweb.go.cr\/scij\/Busqueda\/Normativa\/Normas\/nrm_texto_completo.aspx?param1=NRTC&amp;nValor1=1&amp;nValor2=55023&amp;nValor3=60291&amp;strTipM=TC<\/a><\/td><\/tr><tr><td colspan=\"3\">Norma Oficial de Productos C\u00e1rnicos. Clasificaci\u00f3n y Caracter\u00edsticas 18341-MEC.<\/td><td colspan=\"4\"><a href=\"http:\/\/www.pgrweb.go.cr\/scij\/Busqueda\/Normativa\/Normas\/nrm_texto_completo.aspx?param1=NRTC&amp;nValor1=1&amp;nValor2=64365&amp;nValor3=77776&amp;strTipM=TC\">http:\/\/www.pgrweb.go.cr\/scij\/Busqueda\/Normativa\/Normas\/nrm_texto_completo.aspx?param1=NRTC&amp;nValor1=1&amp;nValor2=64365&amp;nValor3=77776&amp;strTipM=TC<\/a><\/td><\/tr><tr><td colspan=\"3\">Reglamento para la Calidad del Agua Potable 32327-S<\/td><td colspan=\"4\"><a href=\"http:\/\/www.pgrweb.go.cr\/scij\/Busqueda\/Normativa\/Normas\/nrm_texto_completo.aspx?nValor1=1&amp;nValor2=54734\">http:\/\/www.pgrweb.go.cr\/scij\/Busqueda\/Normativa\/Normas\/nrm_texto_completo.aspx?nValor1=1&amp;nValor2=54734<\/a><\/td><\/tr><tr><td colspan=\"3\">Reglamento para el control de la elaboraci\u00f3n y expendio de alimentos para animales 16899-MAG<\/td><td colspan=\"4\"><a href=\"http:\/\/www.pgrweb.go.cr\/scij\/Busqueda\/Normativa\/Normas\/nrm_texto_completo.aspx?param1=NRTC&amp;nValor1=1&amp;nValor2=61597&amp;nValor3=69996&amp;strTipM=TC\">http:\/\/www.pgrweb.go.cr\/scij\/Busqueda\/Normativa\/Normas\/nrm_texto_completo.aspx?param1=NRTC&amp;nValor1=1&amp;nValor2=61597&amp;nValor3=69996&amp;strTipM=TC<\/a><\/td><\/tr><tr><td colspan=\"3\">Reglamento Sanitario y de Inspecci\u00f3n Veterinaria de Mataderos, Producci\u00f3n y Procesamiento de Carnes 29588-MAG-S.<\/td><td colspan=\"4\"><a href=\"http:\/\/www.pgrweb.go.cr\/scij\/Busqueda\/Normativa\/Normas\/nrm_texto_completo.aspx?param1=NRTC&amp;nValor1=1&amp;nValor2=46546&amp;nValor3=49201&amp;strTipM=TC\">http:\/\/www.pgrweb.go.cr\/scij\/Busqueda\/Normativa\/Normas\/nrm_texto_completo.aspx?param1=NRTC&amp;nValor1=1&amp;nValor2=46546&amp;nValor3=49201&amp;strTipM=TC<\/a><\/td><\/tr><\/tbody><\/table><\/figure>","protected":false},"excerpt":{"rendered":"<p>Documentos Compendio General de Normativas, Leyes y decretos Vigentes \/ Salud Animal e Inocuidad de los Alimentos \/ Costa Rica [&hellip;]<\/p>\n","protected":false},"author":213237738,"featured_media":0,"parent":0,"menu_order":0,"comment_status":"closed","ping_status":"closed","template":"","meta":{"_coblocks_attr":"","_coblocks_dimensions":"","_coblocks_responsive_height":"","_coblocks_accordion_ie_support":"","_crdt_document":"","footnotes":""},"class_list":["post-6292","page","type-page","status-publish","hentry"],"yoast_head":"<!-- This site is optimized with the Yoast SEO plugin v27.4 - https:\/\/yoast.com\/product\/yoast-seo-wordpress\/ -->\n<title>Costa Rica documentos - OIRSA<\/title>\n<meta name=\"robots\" content=\"index, follow, max-snippet:-1, max-image-preview:large, max-video-preview:-1\" \/>\n<link rel=\"canonical\" href=\"https:\/\/web.oirsa.org\/en\/costa-rica-documentos\/\" \/>\n<meta property=\"og:locale\" content=\"en_US\" \/>\n<meta property=\"og:type\" content=\"article\" \/>\n<meta property=\"og:title\" content=\"Costa Rica documentos - OIRSA\" \/>\n<meta property=\"og:description\" content=\"Documentos Compendio General de Normativas, Leyes y decretos Vigentes \/ Salud Animal e Inocuidad de los Alimentos \/ Costa Rica [&hellip;]\" \/>\n<meta property=\"og:url\" content=\"https:\/\/web.oirsa.org\/en\/costa-rica-documentos\/\" \/>\n<meta property=\"og:site_name\" content=\"OIRSA\" \/>\n<meta property=\"article:publisher\" content=\"https:\/\/www.facebook.com\/OIRSAoficial\" \/>\n<meta property=\"article:modified_time\" content=\"2023-12-06T21:14:48+00:00\" \/>\n<meta property=\"og:image\" content=\"https:\/\/i0.wp.com\/web.oirsa.org\/wp-content\/uploads\/2024\/01\/logo-OIRSA23.png?fit=2791%2C782&ssl=1\" \/>\n\t<meta property=\"og:image:width\" content=\"2791\" \/>\n\t<meta property=\"og:image:height\" content=\"782\" \/>\n\t<meta property=\"og:image:type\" content=\"image\/png\" \/>\n<meta name=\"twitter:card\" content=\"summary_large_image\" \/>\n<meta name=\"twitter:site\" content=\"@OIRSAoficial\" \/>\n<meta name=\"twitter:label1\" content=\"Est. reading time\" \/>\n\t<meta name=\"twitter:data1\" content=\"3 minutes\" \/>\n<script type=\"application\/ld+json\" class=\"yoast-schema-graph\">{\"@context\":\"https:\\\/\\\/schema.org\",\"@graph\":[{\"@type\":\"WebPage\",\"@id\":\"https:\\\/\\\/web.oirsa.org\\\/costa-rica-documentos\",\"url\":\"https:\\\/\\\/web.oirsa.org\\\/costa-rica-documentos\",\"name\":\"Costa Rica documentos - OIRSA\",\"isPartOf\":{\"@id\":\"https:\\\/\\\/web.oirsa.org\\\/#website\"},\"datePublished\":\"2022-01-03T16:25:42+00:00\",\"dateModified\":\"2023-12-06T21:14:48+00:00\",\"breadcrumb\":{\"@id\":\"https:\\\/\\\/web.oirsa.org\\\/costa-rica-documentos#breadcrumb\"},\"inLanguage\":\"en-US\",\"potentialAction\":[{\"@type\":\"ReadAction\",\"target\":[\"https:\\\/\\\/web.oirsa.org\\\/costa-rica-documentos\"]}]},{\"@type\":\"BreadcrumbList\",\"@id\":\"https:\\\/\\\/web.oirsa.org\\\/costa-rica-documentos#breadcrumb\",\"itemListElement\":[{\"@type\":\"ListItem\",\"position\":1,\"name\":\"Portada\",\"item\":\"https:\\\/\\\/web.oirsa.org\\\/\"},{\"@type\":\"ListItem\",\"position\":2,\"name\":\"Costa Rica documentos\"}]},{\"@type\":\"WebSite\",\"@id\":\"https:\\\/\\\/web.oirsa.org\\\/#website\",\"url\":\"https:\\\/\\\/web.oirsa.org\\\/\",\"name\":\"OIRSA\",\"description\":\"Organismo Internacional Regional de Sanidad Agropecuaria\",\"publisher\":{\"@id\":\"https:\\\/\\\/web.oirsa.org\\\/#organization\"},\"potentialAction\":[{\"@type\":\"SearchAction\",\"target\":{\"@type\":\"EntryPoint\",\"urlTemplate\":\"https:\\\/\\\/web.oirsa.org\\\/?s={search_term_string}\"},\"query-input\":{\"@type\":\"PropertyValueSpecification\",\"valueRequired\":true,\"valueName\":\"search_term_string\"}}],\"inLanguage\":\"en-US\"},{\"@type\":\"Organization\",\"@id\":\"https:\\\/\\\/web.oirsa.org\\\/#organization\",\"name\":\"OIRSA\",\"url\":\"https:\\\/\\\/web.oirsa.org\\\/\",\"logo\":{\"@type\":\"ImageObject\",\"inLanguage\":\"en-US\",\"@id\":\"https:\\\/\\\/web.oirsa.org\\\/#\\\/schema\\\/logo\\\/image\\\/\",\"url\":\"https:\\\/\\\/web.oirsa.org\\\/wp-content\\\/uploads\\\/2024\\\/01\\\/cropped-LOGO-OIRSA-2023.png\",\"contentUrl\":\"https:\\\/\\\/web.oirsa.org\\\/wp-content\\\/uploads\\\/2024\\\/01\\\/cropped-LOGO-OIRSA-2023.png\",\"width\":512,\"height\":512,\"caption\":\"OIRSA\"},\"image\":{\"@id\":\"https:\\\/\\\/web.oirsa.org\\\/#\\\/schema\\\/logo\\\/image\\\/\"},\"sameAs\":[\"https:\\\/\\\/www.facebook.com\\\/OIRSAoficial\",\"https:\\\/\\\/x.com\\\/OIRSAoficial\"]}]}<\/script>\n<!-- \/ Yoast SEO plugin. -->","yoast_head_json":{"title":"Costa Rica documentos - OIRSA","robots":{"index":"index","follow":"follow","max-snippet":"max-snippet:-1","max-image-preview":"max-image-preview:large","max-video-preview":"max-video-preview:-1"},"canonical":"https:\/\/web.oirsa.org\/en\/costa-rica-documentos\/","og_locale":"en_US","og_type":"article","og_title":"Costa Rica documentos - OIRSA","og_description":"Documentos Compendio General de Normativas, Leyes y decretos Vigentes \/ Salud Animal e Inocuidad de los Alimentos \/ Costa Rica [&hellip;]","og_url":"https:\/\/web.oirsa.org\/en\/costa-rica-documentos\/","og_site_name":"OIRSA","article_publisher":"https:\/\/www.facebook.com\/OIRSAoficial","article_modified_time":"2023-12-06T21:14:48+00:00","og_image":[{"width":2791,"height":782,"url":"https:\/\/i0.wp.com\/web.oirsa.org\/wp-content\/uploads\/2024\/01\/logo-OIRSA23.png?fit=2791%2C782&ssl=1","type":"image\/png"}],"twitter_card":"summary_large_image","twitter_site":"@OIRSAoficial","twitter_misc":{"Est. reading time":"3 minutes"},"schema":{"@context":"https:\/\/schema.org","@graph":[{"@type":"WebPage","@id":"https:\/\/web.oirsa.org\/costa-rica-documentos","url":"https:\/\/web.oirsa.org\/costa-rica-documentos","name":"Costa Rica documentos - OIRSA","isPartOf":{"@id":"https:\/\/web.oirsa.org\/#website"},"datePublished":"2022-01-03T16:25:42+00:00","dateModified":"2023-12-06T21:14:48+00:00","breadcrumb":{"@id":"https:\/\/web.oirsa.org\/costa-rica-documentos#breadcrumb"},"inLanguage":"en-US","potentialAction":[{"@type":"ReadAction","target":["https:\/\/web.oirsa.org\/costa-rica-documentos"]}]},{"@type":"BreadcrumbList","@id":"https:\/\/web.oirsa.org\/costa-rica-documentos#breadcrumb","itemListElement":[{"@type":"ListItem","position":1,"name":"Portada","item":"https:\/\/web.oirsa.org\/"},{"@type":"ListItem","position":2,"name":"Costa Rica documentos"}]},{"@type":"WebSite","@id":"https:\/\/web.oirsa.org\/#website","url":"https:\/\/web.oirsa.org\/","name":"OIRSA","description":"Organismo Internacional Regional de Sanidad Agropecuaria","publisher":{"@id":"https:\/\/web.oirsa.org\/#organization"},"potentialAction":[{"@type":"SearchAction","target":{"@type":"EntryPoint","urlTemplate":"https:\/\/web.oirsa.org\/?s={search_term_string}"},"query-input":{"@type":"PropertyValueSpecification","valueRequired":true,"valueName":"search_term_string"}}],"inLanguage":"en-US"},{"@type":"Organization","@id":"https:\/\/web.oirsa.org\/#organization","name":"OIRSA","url":"https:\/\/web.oirsa.org\/","logo":{"@type":"ImageObject","inLanguage":"en-US","@id":"https:\/\/web.oirsa.org\/#\/schema\/logo\/image\/","url":"https:\/\/web.oirsa.org\/wp-content\/uploads\/2024\/01\/cropped-LOGO-OIRSA-2023.png","contentUrl":"https:\/\/web.oirsa.org\/wp-content\/uploads\/2024\/01\/cropped-LOGO-OIRSA-2023.png","width":512,"height":512,"caption":"OIRSA"},"image":{"@id":"https:\/\/web.oirsa.org\/#\/schema\/logo\/image\/"},"sameAs":["https:\/\/www.facebook.com\/OIRSAoficial","https:\/\/x.com\/OIRSAoficial"]}]}},"jetpack_sharing_enabled":true,"_links":{"self":[{"href":"https:\/\/web.oirsa.org\/en\/wp-json\/wp\/v2\/pages\/6292","targetHints":{"allow":["GET"]}}],"collection":[{"href":"https:\/\/web.oirsa.org\/en\/wp-json\/wp\/v2\/pages"}],"about":[{"href":"https:\/\/web.oirsa.org\/en\/wp-json\/wp\/v2\/types\/page"}],"author":[{"embeddable":true,"href":"https:\/\/web.oirsa.org\/en\/wp-json\/wp\/v2\/users\/213237738"}],"replies":[{"embeddable":true,"href":"https:\/\/web.oirsa.org\/en\/wp-json\/wp\/v2\/comments?post=6292"}],"version-history":[{"count":17,"href":"https:\/\/web.oirsa.org\/en\/wp-json\/wp\/v2\/pages\/6292\/revisions"}],"predecessor-version":[{"id":18751,"href":"https:\/\/web.oirsa.org\/en\/wp-json\/wp\/v2\/pages\/6292\/revisions\/18751"}],"wp:attachment":[{"href":"https:\/\/web.oirsa.org\/en\/wp-json\/wp\/v2\/media?parent=6292"}],"curies":[{"name":"wp","href":"https:\/\/api.w.org\/{rel}","templated":true}]}}