{"id":6263,"date":"2022-01-02T12:41:54","date_gmt":"2022-01-02T18:41:54","guid":{"rendered":"http:\/\/10.103.20.84\/?page_id=6263"},"modified":"2024-02-12T10:24:15","modified_gmt":"2024-02-12T16:24:15","slug":"union-aduanera","status":"publish","type":"page","link":"https:\/\/web.oirsa.org\/en\/union-aduanera","title":{"rendered":"Uni\u00f3n Aduanera"},"content":{"rendered":"\n<p class=\"wp-block-paragraph\"><style>\/*! elementor - v3.5.3 - 28-12-2021 *\/<br \/>\n.elementor-heading-title{padding:0;margin:0;line-height:1}.elementor-widget-heading .elementor-heading-title[class*=elementor-size-]>a{color:inherit;font-size:inherit;line-height:inherit}.elementor-widget-heading .elementor-heading-title.elementor-size-small{font-size:15px}.elementor-widget-heading .elementor-heading-title.elementor-size-medium{font-size:19px}.elementor-widget-heading .elementor-heading-title.elementor-size-large{font-size:29px}.elementor-widget-heading .elementor-heading-title.elementor-size-xl{font-size:39px}.elementor-widget-heading .elementor-heading-title.elementor-size-xxl{font-size:59px}<\/style><\/p>\n\n\n\n<h2 class=\"wp-block-heading\">Uni\u00f3n Aduanera<\/h2>\n\n\n\n<h4 class=\"wp-block-heading\">Documentos<\/h4>\n\n\n\n<ul class=\"wp-block-list\">\n<li><a href=\"https:\/\/www.sieca.int\/\" target=\"_blank\" rel=\"noreferrer noopener\">Web Principal del SIECA<\/a><\/li>\n\n\n\n<li><a href=\"http:\/\/www.sieca.int\/Documentos\/DocumentosMostrar.aspx?SegmentoId=2&amp;DocumentoId=665\" target=\"_blank\" rel=\"noopener\">&nbsp;RTCA: BUENAS PR\u00c1CTICAS DE HIGIENE PARA ALIMENTOS NO PROCESADOS Y SEMIPROCESADOS<\/a><\/li>\n\n\n\n<li><a href=\"http:\/\/www.sieca.int\/Documentos\/DocumentosMostrar.aspx?SegmentoId=2&amp;DocumentoId=3208\" target=\"_blank\" rel=\"noopener\">RTCA: ALIMENTOS Y BEBIDAS PROCESADOS. N\u00c9CTARES DE FRUTAS.&nbsp; ESPECIFICACIONES<\/a><\/li>\n\n\n\n<li><a href=\"http:\/\/www.sieca.int\/Documentos\/DocumentosMostrar.aspx?SegmentoId=2&amp;DocumentoId=5185\" target=\"_blank\" rel=\"noopener\">&nbsp;Anexo Res No. 362-2015 RTCA 65.05.51:08 Medicamentos Veterinarios y Productos Afines. Requisitos de Registro Sanitario y Control -Modificado-<\/a><\/li>\n\n\n\n<li><a href=\"http:\/\/www.sieca.int\/Documentos\/DocumentosMostrar.aspx?SegmentoId=2&amp;DocumentoId=4939\" target=\"_blank\" rel=\"noopener\">&nbsp;RTCA: LECHE PASTEURIZADA (PASTEURIZADA)<\/a><\/li>\n\n\n\n<li><a href=\"http:\/\/www.sieca.int\/Documentos\/DocumentosMostrar.aspx?SegmentoId=2&amp;DocumentoId=5187\" target=\"_blank\" rel=\"noopener\">RTCA: PRODUCTOS L\u00c1CTEOS. CREMAS (NATAS) Y CREMAS (NATAS) PREPARADAS. ESPECIFICACIONES<\/a><\/li>\n\n\n\n<li><a href=\"http:\/\/www.sieca.int\/Documentos\/DocumentosMostrar.aspx?SegmentoId=3&amp;DocumentoId=4943\" target=\"_blank\" rel=\"noopener\">DIRECTRIZ SANITARIA Y FITOSANITARIA CENTROAMERICANA PARA FACILITAR EL COMERCIO DE ENVIOS Y MERCANC\u00cdAS&nbsp;&nbsp;<\/a><\/li>\n\n\n\n<li><a href=\"http:\/\/www.sieca.int\/Documentos\/DocumentosMostrar.aspx?SegmentoId=2&amp;DocumentoId=5266\" target=\"_blank\" rel=\"noopener\">&nbsp;Anexo RTCA 65.05.54:15 Fertilizantes y Enmiendas de uso Agr\u00edcola. Requisitos para el Registro<\/a><\/li>\n\n\n\n<li><a href=\"http:\/\/www.sieca.int\/Documentos\/DocumentosMostrar.aspx?SegmentoId=3&amp;DocumentoId=6852\" target=\"_blank\" rel=\"noopener\">&nbsp;Anexo del Acuerdo No. 1-2016 (COMIECO-LXXVII) ETIQUETADO<\/a><\/li>\n<\/ul>\n\n\n\n<h4 class=\"wp-block-heading\">Enlace a p\u00e1gina web oficial:<\/h4>\n\n\n\n<p class=\"wp-block-paragraph\"><style>\/*! elementor - v3.5.3 - 28-12-2021 *\/<br \/>\n.elementor-widget-image{text-align:center}.elementor-widget-image a{display:inline-block}.elementor-widget-image a img[src$=\".svg\"]{width:48px}.elementor-widget-image img{vertical-align:middle;display:inline-block}<\/style><\/p>\n\n\n\n<figure class=\"wp-block-image\"><a href=\"https:\/\/www.sieca.int\/\"><img data-recalc-dims=\"1\" decoding=\"async\" src=\"https:\/\/i0.wp.com\/web.oirsa.org\/wp-content\/uploads\/2022\/01\/SIECA.png?w=525&#038;ssl=1\" alt=\"\"\/><\/a><\/figure>\n","protected":false},"excerpt":{"rendered":"<p>Uni\u00f3n Aduanera Documentos Enlace a p\u00e1gina web oficial:<\/p>","protected":false},"author":213237738,"featured_media":0,"parent":0,"menu_order":0,"comment_status":"closed","ping_status":"closed","template":"","meta":{"_coblocks_attr":"","_coblocks_dimensions":"","_coblocks_responsive_height":"","_coblocks_accordion_ie_support":"","_crdt_document":"","footnotes":""},"class_list":["post-6263","page","type-page","status-publish","hentry"],"yoast_head":"<!-- This site is optimized with the Yoast SEO plugin v27.4 - https:\/\/yoast.com\/product\/yoast-seo-wordpress\/ -->\n<title>Uni\u00f3n Aduanera - OIRSA<\/title>\n<meta name=\"robots\" content=\"index, follow, max-snippet:-1, max-image-preview:large, max-video-preview:-1\" \/>\n<link rel=\"canonical\" href=\"https:\/\/web.oirsa.org\/en\/union-aduanera\/\" \/>\n<meta property=\"og:locale\" content=\"en_US\" \/>\n<meta property=\"og:type\" content=\"article\" \/>\n<meta property=\"og:title\" content=\"Uni\u00f3n Aduanera - OIRSA\" \/>\n<meta property=\"og:description\" content=\"Uni\u00f3n Aduanera Documentos Enlace a p\u00e1gina web oficial:\" \/>\n<meta property=\"og:url\" content=\"https:\/\/web.oirsa.org\/en\/union-aduanera\/\" \/>\n<meta property=\"og:site_name\" content=\"OIRSA\" \/>\n<meta property=\"article:publisher\" content=\"https:\/\/www.facebook.com\/OIRSAoficial\" \/>\n<meta property=\"article:modified_time\" content=\"2024-02-12T16:24:15+00:00\" \/>\n<meta property=\"og:image\" content=\"https:\/\/web.oirsa.org\/wp-content\/uploads\/2022\/01\/SIECA.png\" \/>\n<meta name=\"twitter:card\" content=\"summary_large_image\" \/>\n<meta name=\"twitter:site\" content=\"@OIRSAoficial\" \/>\n<meta name=\"twitter:label1\" content=\"Est. reading time\" \/>\n\t<meta name=\"twitter:data1\" content=\"1 minute\" \/>\n<script type=\"application\/ld+json\" class=\"yoast-schema-graph\">{\"@context\":\"https:\\\/\\\/schema.org\",\"@graph\":[{\"@type\":\"WebPage\",\"@id\":\"https:\\\/\\\/web.oirsa.org\\\/union-aduanera\",\"url\":\"https:\\\/\\\/web.oirsa.org\\\/union-aduanera\",\"name\":\"Uni\u00f3n Aduanera - OIRSA\",\"isPartOf\":{\"@id\":\"https:\\\/\\\/web.oirsa.org\\\/#website\"},\"primaryImageOfPage\":{\"@id\":\"https:\\\/\\\/web.oirsa.org\\\/union-aduanera#primaryimage\"},\"image\":{\"@id\":\"https:\\\/\\\/web.oirsa.org\\\/union-aduanera#primaryimage\"},\"thumbnailUrl\":\"https:\\\/\\\/web.oirsa.org\\\/wp-content\\\/uploads\\\/2022\\\/01\\\/SIECA.png\",\"datePublished\":\"2022-01-02T18:41:54+00:00\",\"dateModified\":\"2024-02-12T16:24:15+00:00\",\"breadcrumb\":{\"@id\":\"https:\\\/\\\/web.oirsa.org\\\/union-aduanera#breadcrumb\"},\"inLanguage\":\"en-US\",\"potentialAction\":[{\"@type\":\"ReadAction\",\"target\":[\"https:\\\/\\\/web.oirsa.org\\\/union-aduanera\"]}]},{\"@type\":\"ImageObject\",\"inLanguage\":\"en-US\",\"@id\":\"https:\\\/\\\/web.oirsa.org\\\/union-aduanera#primaryimage\",\"url\":\"https:\\\/\\\/web.oirsa.org\\\/wp-content\\\/uploads\\\/2022\\\/01\\\/SIECA.png\",\"contentUrl\":\"https:\\\/\\\/web.oirsa.org\\\/wp-content\\\/uploads\\\/2022\\\/01\\\/SIECA.png\"},{\"@type\":\"BreadcrumbList\",\"@id\":\"https:\\\/\\\/web.oirsa.org\\\/union-aduanera#breadcrumb\",\"itemListElement\":[{\"@type\":\"ListItem\",\"position\":1,\"name\":\"Portada\",\"item\":\"https:\\\/\\\/web.oirsa.org\\\/\"},{\"@type\":\"ListItem\",\"position\":2,\"name\":\"Uni\u00f3n Aduanera\"}]},{\"@type\":\"WebSite\",\"@id\":\"https:\\\/\\\/web.oirsa.org\\\/#website\",\"url\":\"https:\\\/\\\/web.oirsa.org\\\/\",\"name\":\"OIRSA\",\"description\":\"Organismo Internacional Regional de Sanidad Agropecuaria\",\"publisher\":{\"@id\":\"https:\\\/\\\/web.oirsa.org\\\/#organization\"},\"potentialAction\":[{\"@type\":\"SearchAction\",\"target\":{\"@type\":\"EntryPoint\",\"urlTemplate\":\"https:\\\/\\\/web.oirsa.org\\\/?s={search_term_string}\"},\"query-input\":{\"@type\":\"PropertyValueSpecification\",\"valueRequired\":true,\"valueName\":\"search_term_string\"}}],\"inLanguage\":\"en-US\"},{\"@type\":\"Organization\",\"@id\":\"https:\\\/\\\/web.oirsa.org\\\/#organization\",\"name\":\"OIRSA\",\"url\":\"https:\\\/\\\/web.oirsa.org\\\/\",\"logo\":{\"@type\":\"ImageObject\",\"inLanguage\":\"en-US\",\"@id\":\"https:\\\/\\\/web.oirsa.org\\\/#\\\/schema\\\/logo\\\/image\\\/\",\"url\":\"https:\\\/\\\/web.oirsa.org\\\/wp-content\\\/uploads\\\/2024\\\/01\\\/cropped-LOGO-OIRSA-2023.png\",\"contentUrl\":\"https:\\\/\\\/web.oirsa.org\\\/wp-content\\\/uploads\\\/2024\\\/01\\\/cropped-LOGO-OIRSA-2023.png\",\"width\":512,\"height\":512,\"caption\":\"OIRSA\"},\"image\":{\"@id\":\"https:\\\/\\\/web.oirsa.org\\\/#\\\/schema\\\/logo\\\/image\\\/\"},\"sameAs\":[\"https:\\\/\\\/www.facebook.com\\\/OIRSAoficial\",\"https:\\\/\\\/x.com\\\/OIRSAoficial\"]}]}<\/script>\n<!-- \/ Yoast SEO plugin. -->","yoast_head_json":{"title":"Uni\u00f3n Aduanera - OIRSA","robots":{"index":"index","follow":"follow","max-snippet":"max-snippet:-1","max-image-preview":"max-image-preview:large","max-video-preview":"max-video-preview:-1"},"canonical":"https:\/\/web.oirsa.org\/en\/union-aduanera\/","og_locale":"en_US","og_type":"article","og_title":"Uni\u00f3n Aduanera - OIRSA","og_description":"Uni\u00f3n Aduanera Documentos Enlace a p\u00e1gina web oficial:","og_url":"https:\/\/web.oirsa.org\/en\/union-aduanera\/","og_site_name":"OIRSA","article_publisher":"https:\/\/www.facebook.com\/OIRSAoficial","article_modified_time":"2024-02-12T16:24:15+00:00","og_image":[{"url":"https:\/\/web.oirsa.org\/wp-content\/uploads\/2022\/01\/SIECA.png","type":"","width":"","height":""}],"twitter_card":"summary_large_image","twitter_site":"@OIRSAoficial","twitter_misc":{"Est. reading time":"1 minute"},"schema":{"@context":"https:\/\/schema.org","@graph":[{"@type":"WebPage","@id":"https:\/\/web.oirsa.org\/union-aduanera","url":"https:\/\/web.oirsa.org\/union-aduanera","name":"Uni\u00f3n Aduanera - OIRSA","isPartOf":{"@id":"https:\/\/web.oirsa.org\/#website"},"primaryImageOfPage":{"@id":"https:\/\/web.oirsa.org\/union-aduanera#primaryimage"},"image":{"@id":"https:\/\/web.oirsa.org\/union-aduanera#primaryimage"},"thumbnailUrl":"https:\/\/web.oirsa.org\/wp-content\/uploads\/2022\/01\/SIECA.png","datePublished":"2022-01-02T18:41:54+00:00","dateModified":"2024-02-12T16:24:15+00:00","breadcrumb":{"@id":"https:\/\/web.oirsa.org\/union-aduanera#breadcrumb"},"inLanguage":"en-US","potentialAction":[{"@type":"ReadAction","target":["https:\/\/web.oirsa.org\/union-aduanera"]}]},{"@type":"ImageObject","inLanguage":"en-US","@id":"https:\/\/web.oirsa.org\/union-aduanera#primaryimage","url":"https:\/\/web.oirsa.org\/wp-content\/uploads\/2022\/01\/SIECA.png","contentUrl":"https:\/\/web.oirsa.org\/wp-content\/uploads\/2022\/01\/SIECA.png"},{"@type":"BreadcrumbList","@id":"https:\/\/web.oirsa.org\/union-aduanera#breadcrumb","itemListElement":[{"@type":"ListItem","position":1,"name":"Portada","item":"https:\/\/web.oirsa.org\/"},{"@type":"ListItem","position":2,"name":"Uni\u00f3n Aduanera"}]},{"@type":"WebSite","@id":"https:\/\/web.oirsa.org\/#website","url":"https:\/\/web.oirsa.org\/","name":"OIRSA","description":"Organismo Internacional Regional de Sanidad Agropecuaria","publisher":{"@id":"https:\/\/web.oirsa.org\/#organization"},"potentialAction":[{"@type":"SearchAction","target":{"@type":"EntryPoint","urlTemplate":"https:\/\/web.oirsa.org\/?s={search_term_string}"},"query-input":{"@type":"PropertyValueSpecification","valueRequired":true,"valueName":"search_term_string"}}],"inLanguage":"en-US"},{"@type":"Organization","@id":"https:\/\/web.oirsa.org\/#organization","name":"OIRSA","url":"https:\/\/web.oirsa.org\/","logo":{"@type":"ImageObject","inLanguage":"en-US","@id":"https:\/\/web.oirsa.org\/#\/schema\/logo\/image\/","url":"https:\/\/web.oirsa.org\/wp-content\/uploads\/2024\/01\/cropped-LOGO-OIRSA-2023.png","contentUrl":"https:\/\/web.oirsa.org\/wp-content\/uploads\/2024\/01\/cropped-LOGO-OIRSA-2023.png","width":512,"height":512,"caption":"OIRSA"},"image":{"@id":"https:\/\/web.oirsa.org\/#\/schema\/logo\/image\/"},"sameAs":["https:\/\/www.facebook.com\/OIRSAoficial","https:\/\/x.com\/OIRSAoficial"]}]}},"jetpack_sharing_enabled":true,"_links":{"self":[{"href":"https:\/\/web.oirsa.org\/en\/wp-json\/wp\/v2\/pages\/6263","targetHints":{"allow":["GET"]}}],"collection":[{"href":"https:\/\/web.oirsa.org\/en\/wp-json\/wp\/v2\/pages"}],"about":[{"href":"https:\/\/web.oirsa.org\/en\/wp-json\/wp\/v2\/types\/page"}],"author":[{"embeddable":true,"href":"https:\/\/web.oirsa.org\/en\/wp-json\/wp\/v2\/users\/213237738"}],"replies":[{"embeddable":true,"href":"https:\/\/web.oirsa.org\/en\/wp-json\/wp\/v2\/comments?post=6263"}],"version-history":[{"count":20,"href":"https:\/\/web.oirsa.org\/en\/wp-json\/wp\/v2\/pages\/6263\/revisions"}],"predecessor-version":[{"id":14477,"href":"https:\/\/web.oirsa.org\/en\/wp-json\/wp\/v2\/pages\/6263\/revisions\/14477"}],"wp:attachment":[{"href":"https:\/\/web.oirsa.org\/en\/wp-json\/wp\/v2\/media?parent=6263"}],"curies":[{"name":"wp","href":"https:\/\/api.w.org\/{rel}","templated":true}]}}