{"id":6258,"date":"2022-01-02T12:31:29","date_gmt":"2022-01-02T18:31:29","guid":{"rendered":"http:\/\/10.103.20.84\/?page_id=6258"},"modified":"2023-11-23T15:08:25","modified_gmt":"2023-11-23T21:08:25","slug":"dg-sante","status":"publish","type":"page","link":"https:\/\/web.oirsa.org\/en\/dg-sante","title":{"rendered":"DG SANTE"},"content":{"rendered":"<style>\/*! elementor - v3.5.3 - 28-12-2021 *\/\n.elementor-heading-title{padding:0;margin:0;line-height:1}.elementor-widget-heading .elementor-heading-title[class*=elementor-size-]>a{color:inherit;font-size:inherit;line-height:inherit}.elementor-widget-heading .elementor-heading-title.elementor-size-small{font-size:15px}.elementor-widget-heading .elementor-heading-title.elementor-size-medium{font-size:19px}.elementor-widget-heading .elementor-heading-title.elementor-size-large{font-size:29px}.elementor-widget-heading .elementor-heading-title.elementor-size-xl{font-size:39px}.elementor-widget-heading .elementor-heading-title.elementor-size-xxl{font-size:59px}<\/style>\n<h2>DG SANTE<br \/>\n<\/h2>\n<h4>Documentos<\/h4>\n<ul>\n<li><a href=\"http:\/\/eur-lex.europa.eu\/LexUriServ\/LexUriServ.do?uri=OJ:L:2002:031:0001:0024:ES:PDF\">Ley General de Alimentos &#8211; Reglamento (CE) 178\/2002<\/a><\/li>\n<li><a href=\"http:\/\/eur-lex.europa.eu\/LexUriServ\/LexUriServ.do?uri=OJ:L:2004:139:0001:0054:es:PDF\" target=\"_blank\" rel=\"noopener\">Higiene de los productos alimenticios &#8211; Reglamento (CE) 852\/2004<\/a><\/li>\n<li><a href=\"http:\/\/eur-lex.europa.eu\/LexUriServ\/LexUriServ.do?uri=OJ:L:2004:139:0055:0205:ES:PDF\" target=\"_blank\" rel=\"noopener\">Higiene de los productos de origen animal &#8211; Reglamento (CE) 853\/2004<\/a><\/li>\n<li><a href=\"http:\/\/eur-lex.europa.eu\/LexUriServ\/LexUriServ.do?uri=OJ:L:2004:139:0206:0320:ES:PDF\" target=\"_blank\" rel=\"noopener\">\u00a0Controles oficiales de productos de origen animal &#8211; Reglamento (CE) 854\/2004<\/a><\/li>\n<li><a href=\"http:\/\/eur-lex.europa.eu\/LexUriServ\/LexUriServ.do?uri=CONSLEG:2004R0882:20070101:ES:PDF\" target=\"_blank\" rel=\"noopener\">Controles oficiales en alimentos y piensos &#8211; Reglamento (CE) 882\/2004<\/a><\/li>\n<li><a href=\"http:\/\/eur-lex.europa.eu\/LexUriServ\/LexUriServ.do?uri=OJ:L:2005:035:0001:0022:ES:PDF\" target=\"_blank\" rel=\"noopener\">\u00a0Requisitos en materia de higiene en los piensos &#8211; Reglamento (CE) 183\/2005<\/a><\/li>\n<li><a href=\"http:\/\/eur-lex.europa.eu\/LexUriServ\/LexUriServ.do?uri=CONSLEG:1996L0023:20070101:ES:PDF\" target=\"_blank\" rel=\"noopener\">Relativa las medidas de control aplicables respecto de determinadas sustancias y sus residuos en los animales vivos y sus productos: Directiva 96\/23\/CE<\/a><\/li>\n<li><a href=\"http:\/\/eur-lex.europa.eu\/LexUriServ\/LexUriServ.do?uri=OJ:L:2009:152:0011:0022:es:PDF\" target=\"_blank\" rel=\"noopener\">\u00a0Procedimientos comunitarios para la fijaci\u00f3n de los l\u00edmites de residuos de las sustancias farmacol\u00f3gicamente activas en los alimentos de origen animal: Reglamento 470\/2009<\/a><\/li>\n<li><a href=\"http:\/\/ec.europa.eu\/health\/\/sites\/health\/files\/files\/eudralex\/vol-5\/reg_2010_37\/reg_2010_37_es.pdf\" target=\"_blank\" rel=\"noopener\">Relativo a las sustancias farmacol\u00f3gicamente activas y su clasificaci\u00f3n por lo que se refiere a los l\u00edmites m\u00e1ximos de residuos en los productos alimenticios de origen animal: Reglamento 37\/2010<\/a><\/li>\n<li><a href=\"http:\/\/eur-lex.europa.eu\/lexUriServ\/LexUriServ.do?uri=OJ:L:2005:070:0001:0016:es:PDF\" target=\"_blank\" rel=\"noopener\">\u00a0Relativo a los l\u00edmites m\u00e1ximos de residuos de plaguicidas en alimentos y piensos de origen vegetal y animal: Reglamento 396\/2005<\/a><\/li>\n<li><a href=\"http:\/\/eur-lex.europa.eu\/LexUriServ\/LexUriServ.do?uri=OJ:L:2006:364:0005:0024:ES:PDF\" target=\"_blank\" rel=\"noopener\">\u00a0Contenido m\u00e1ximo de determinados contaminantes en los productos alimenticios: Reglamento 1881\/2006<\/a><\/li>\n<li><a href=\"http:\/\/eur-lex.europa.eu\/LexUriServ\/LexUriServ.do?uri=OJ:L:2011:320:0018:0023:ES:PDF\" target=\"_blank\" rel=\"noopener\">Relativo a los contenidos m\u00e1ximos de dioxinas, PCB similares a las dioxinas y PCB no similares a las dioxinas en los productos alimenticios: Reglamento 1259\/2011<\/a><\/li>\n<li><a href=\"http:\/\/eur-lex.europa.eu\/LexUriServ\/LexUriServ.do?uri=OJ:L:2011:111:0003:0006:ES:PDF\" target=\"_blank\" rel=\"noopener\">Modifica el Reglamento (CE) n o 1881\/2006, por el que se fija el contenido m\u00e1ximo de determinados contaminantes en los productos alimenticios: Reglamento 420\/2011<\/a><\/li>\n<li><a href=\"http:\/\/eur-lex.europa.eu\/legal-content\/ES\/TXT\/PDF\/?uri=CELEX:31998D0179&amp;qid=1486489307688&amp;from=es\" target=\"_blank\" rel=\"noopener\">\u00a0Relativo a normas espec\u00edficas a la toma de muestras oficiales para el control de determinadas sustancias y sus residuos en los animales vivos y sus productos: 98\/179<\/a><\/li>\n<li><a href=\"http:\/\/eur-lex.europa.eu\/legal-content\/ES\/TXT\/PDF\/?uri=CELEX:32002D0657&amp;from=EN\" target=\"_blank\" rel=\"noopener\">\u00a0En cuanto al funcionamiento de los m\u00e9todos anal\u00edticos y la interpretaci\u00f3n de los resultados (Residuos T\u00f3xicos): Decisi\u00f3n 2002\/657<\/a><\/li>\n<li><a href=\"http:\/\/eur-lex.europa.eu\/LexUriServ\/LexUriServ.do?uri=OJ:L:2007:088:0029:0038:ES:PDF\" target=\"_blank\" rel=\"noopener\">Se establecen los m\u00e9todos de muestreo y an\u00e1lisis para el control oficial de los niveles de plomo, cadmio, mercurio, esta\u00f1o inorg\u00e1nico, 3-MCPD y benzo(a)pireno en los productos alimenticios: Reglamento 333\/2007<\/a><\/li>\n<li><a href=\"https:\/\/www.boe.es\/doue\/2014\/164\/L00018-00040.pdf\" target=\"_blank\" rel=\"noopener\">\u00a0M\u00e9todos de muestreo y de an\u00e1lisis para el control de los niveles de dioxinas, PCB similares a las dioxinas y PCB no similares a las dioxinas en determinados productos alimenticios: Reglamento 589\/2014<\/a><\/li>\n<li><a href=\"http:\/\/ec.europa.eu\/food\/plant\/pesticides\/eu-pesticides-database\/public\/?event=pesticide.residue.selection&amp;language=ES\" target=\"_blank\" rel=\"noopener\">\u00a0Herramienta de busqueda de MRL\u00b4s de acuerdo a la Normativa Europea en los diferentes pesticidas<\/a><\/li>\n<li><a href=\"http:\/\/ec.europa.eu\/food\/plant\/pesticides\/eu-pesticides-database\/public\/?event=activesubstance.selection&amp;language=ES\" target=\"_blank\" rel=\"noopener\">Base de datos de pesticidas\u00a0<\/a><\/li>\n<li><a href=\"http:\/\/eur-lex.europa.eu\/legal-content\/ES\/TXT\/PDF\/?uri=CELEX:31998L0058&amp;from=EN\" target=\"_blank\" rel=\"noopener\">Relativa a la protecci\u00f3n de los animales en las explotaciones ganaderas: DIRECTIVA 98\/58<\/a><\/li>\n<li><a href=\"https:\/\/ec.europa.eu\/food\/sites\/food\/files\/safety\/docs\/cs_vet-med-residues_animal-imports-non-eu_brochure_es.pdf\" target=\"_blank\" rel=\"noopener\">Manual de requisitos para el comercio y exportaci\u00f3n de otros\u00a0 paises hacia Uni\u00f3n Europea<\/a><\/li>\n<li><a href=\"https:\/\/webgate.ec.europa.eu\/sanco\/traces\/output\/non_eu_listsPerCountry_en.htm\" target=\"_blank\" rel=\"noopener\">\u00a0Listado de establecimientos no miembros de Uni\u00f3n Europea aprovados para exportaci\u00f3n por sector<\/a><\/li>\n<li><a href=\"http:\/\/ec.europa.eu\/food\/audits-analysis\/audit_reports\/index.cfm\" target=\"_blank\" rel=\"noopener\">\u00a0Reportes de Auditorias por pa\u00eds.<\/a><\/li>\n<li><a href=\"https:\/\/webgate.ec.europa.eu\/rasff-window\/portal\/?event=searchForm&amp;cleanSearch=1#\" target=\"_blank\" rel=\"noopener\">\u00a0Herramienta de busqueda de RASFF<\/a><\/li>\n<li><a href=\"http:\/\/www.ema.europa.eu\/ema\/index.jsp?curl=pages\/medicines\/landing\/vet_mrl_search.jsp&amp;mid=WC0b01ac058006488e\" target=\"_blank\" rel=\"noopener\">Herramienta de busqueda de MRL`s\u00a0 de acuerdo a la Normativa Europea en los diferentes productos de uso Veterinario (European Medicines Agency)<\/a><\/li>\n<li><a href=\"http:\/\/ec.europa.eu\/food\/safety\/biosafety\/food_hygiene\/microbiological_criteria_en\" target=\"_blank\" rel=\"noopener\">Criterios Microbiol\u00f3gicos de UE<\/a><\/li>\n<li><a href=\"http:\/\/eur-lex.europa.eu\/legal-content\/ES\/TXT\/PDF\/?uri=CELEX:32004R0852&amp;from=EN\" target=\"_blank\" rel=\"noopener\">\u00a0Relativo a la higiene de los productos alimenticios: REGLAMENTO (CE) N\u00ba\u00a0 852\/2004<\/a>\u00a0<\/li>\n<li><a href=\"http:\/\/eur-lex.europa.eu\/legal-content\/ES\/TXT\/PDF\/?uri=CELEX:32004R0853&amp;from=EN\" target=\"_blank\" rel=\"noopener\">Se establecen normas espec\u00edficas de higiene de los alimentos de origen animal: REGLAMENTO (CE) N\u00ba 853\/2004<\/a><\/li>\n<li><a href=\"http:\/\/eur-lex.europa.eu\/legal-content\/ES\/TXT\/PDF\/?uri=CELEX:32004R0854&amp;from=EN\" target=\"_blank\" rel=\"noopener\">\u00a0Se establecen normas espec\u00edficas para la organizaci\u00f3n de controles oficiales de los productos de origen animal destinados al consumo humano: REGLAMENTO (CE) N\u00ba 854\/2004<\/a><\/li>\n<li><a href=\"http:\/\/eur-lex.europa.eu\/resource.html?uri=cellar:7db477af-5311-422e-a47f-624d20695051.0010.02\/DOC_3&amp;format=PDF\" target=\"_blank\" rel=\"noopener\">Relativa a la aproximaci\u00f3n de las legislaciones de los Estados miembros sobre alimentos e ingredientes alimentarios tratados con radiaciones ionizantes: DIRECTIVA 1999\/2\/CE<\/a><\/li>\n<li><a href=\"https:\/\/eur-lex.europa.eu\/legal-content\/ES\/TXT\/HTML\/?uri=CELEX:32017R0625&amp;from=EN\" target=\"_blank\" rel=\"noopener\">\u00a0REGLAMENTO (UE) 2017\/625 DEL PARLAMENTO EUROPEO Y DEL CONSEJO ( Modificaciones y actualizaci\u00f3n)<\/a><\/li>\n<li><a href=\"http:\/\/eur-lex.europa.eu\/legal-content\/ES\/TXT\/PDF\/?uri=CELEX:31999L0003&amp;from=EN\" target=\"_blank\" rel=\"noopener\">Relativa al establecimiento de una lista comunitaria de alimentos e ingredientes alimentarios tratados con radiaciones ionizantes: DIRECTIVA 1999\/3\/CE<\/a><\/li>\n<li><a href=\"http:\/\/eur-lex.europa.eu\/legal-content\/ES\/TXT\/PDF\/?uri=CELEX:31999L0003&amp;from=EN\" target=\"_blank\" rel=\"noopener\">Relativa al establecimiento de una lista comunitaria de alimentos e ingredientes alimentarios tratados con radiaciones ionizantes: DIRECTIVA 1999\/3\/CE<\/a><\/li>\n<li><a href=\"https:\/\/eur-lex.europa.eu\/legal-content\/ES\/TXT\/?uri=CELEX:32017R0625\" target=\"_blank\" rel=\"noopener\">Reglamento (UE) 2017\/625 del Parlamento Europeo y del Consejo, de 15 de marzo de 2017, relativo a los controles y otras actividades oficiales realizados para garantizar la aplicaci\u00f3n de la legislaci\u00f3n sobre alimentos y piensos, y de las normas sobre salud y bienestar de los animales, sanidad vegetal y productos fitosanitarios<\/a><\/li>\n<li><a href=\"https:\/\/eur-lex.europa.eu\/legal-content\/ES\/TXT\/?uri=CELEX:32017R0626\" target=\"_blank\" rel=\"noopener\">Reglamento (UE) n \u00b0488\/2014 de la Comisi\u00f3n, de 12 de mayo de 2014 , que modifica el Reglamento (CE) n \u00b0 1881\/2006 por lo que respecta al contenido m\u00e1ximo de cadmio en los productos alimenticios<\/a><\/li>\n<\/ul>\n","protected":false},"excerpt":{"rendered":"<p>DG SANTE Documentos Ley General de Alimentos &#8211; Reglamento (CE) 178\/2002 Higiene de los productos alimenticios &#8211; Reglamento (CE) 852\/2004 [&hellip;]<\/p>\n","protected":false},"author":213237738,"featured_media":0,"parent":0,"menu_order":0,"comment_status":"closed","ping_status":"closed","template":"","meta":{"_coblocks_attr":"","_coblocks_dimensions":"","_coblocks_responsive_height":"","_coblocks_accordion_ie_support":"","_crdt_document":"","footnotes":""},"class_list":["post-6258","page","type-page","status-publish","hentry"],"yoast_head":"<!-- This site is optimized with the Yoast SEO plugin v27.4 - https:\/\/yoast.com\/product\/yoast-seo-wordpress\/ -->\n<title>DG SANTE - OIRSA<\/title>\n<meta name=\"robots\" content=\"index, follow, max-snippet:-1, max-image-preview:large, max-video-preview:-1\" \/>\n<link rel=\"canonical\" href=\"https:\/\/web.oirsa.org\/en\/dg-sante\" \/>\n<meta property=\"og:locale\" content=\"en_US\" \/>\n<meta property=\"og:type\" content=\"article\" \/>\n<meta property=\"og:title\" content=\"DG SANTE - OIRSA\" \/>\n<meta property=\"og:description\" content=\"DG SANTE Documentos Ley General de Alimentos &#8211; Reglamento (CE) 178\/2002 Higiene de los productos alimenticios &#8211; Reglamento (CE) 852\/2004 [&hellip;]\" \/>\n<meta property=\"og:url\" content=\"https:\/\/web.oirsa.org\/en\/dg-sante\" \/>\n<meta property=\"og:site_name\" content=\"OIRSA\" \/>\n<meta property=\"article:publisher\" content=\"https:\/\/www.facebook.com\/OIRSAoficial\" \/>\n<meta property=\"article:modified_time\" content=\"2023-11-23T21:08:25+00:00\" \/>\n<meta property=\"og:image\" content=\"https:\/\/i0.wp.com\/web.oirsa.org\/wp-content\/uploads\/2024\/01\/logo-OIRSA23.png?fit=2791%2C782&ssl=1\" \/>\n\t<meta property=\"og:image:width\" content=\"2791\" \/>\n\t<meta property=\"og:image:height\" content=\"782\" \/>\n\t<meta property=\"og:image:type\" content=\"image\/png\" \/>\n<meta name=\"twitter:card\" content=\"summary_large_image\" \/>\n<meta name=\"twitter:site\" content=\"@OIRSAoficial\" \/>\n<meta name=\"twitter:label1\" content=\"Est. reading time\" \/>\n\t<meta name=\"twitter:data1\" content=\"3 minutes\" \/>\n<script type=\"application\/ld+json\" class=\"yoast-schema-graph\">{\"@context\":\"https:\\\/\\\/schema.org\",\"@graph\":[{\"@type\":\"WebPage\",\"@id\":\"https:\\\/\\\/web.oirsa.org\\\/en\\\/dg-sante\",\"url\":\"https:\\\/\\\/web.oirsa.org\\\/en\\\/dg-sante\",\"name\":\"DG SANTE - OIRSA\",\"isPartOf\":{\"@id\":\"https:\\\/\\\/web.oirsa.org\\\/#website\"},\"datePublished\":\"2022-01-02T18:31:29+00:00\",\"dateModified\":\"2023-11-23T21:08:25+00:00\",\"breadcrumb\":{\"@id\":\"https:\\\/\\\/web.oirsa.org\\\/en\\\/dg-sante#breadcrumb\"},\"inLanguage\":\"en-US\",\"potentialAction\":[{\"@type\":\"ReadAction\",\"target\":[\"https:\\\/\\\/web.oirsa.org\\\/en\\\/dg-sante\"]}]},{\"@type\":\"BreadcrumbList\",\"@id\":\"https:\\\/\\\/web.oirsa.org\\\/en\\\/dg-sante#breadcrumb\",\"itemListElement\":[{\"@type\":\"ListItem\",\"position\":1,\"name\":\"Portada\",\"item\":\"https:\\\/\\\/web.oirsa.org\\\/\"},{\"@type\":\"ListItem\",\"position\":2,\"name\":\"DG SANTE\"}]},{\"@type\":\"WebSite\",\"@id\":\"https:\\\/\\\/web.oirsa.org\\\/#website\",\"url\":\"https:\\\/\\\/web.oirsa.org\\\/\",\"name\":\"OIRSA\",\"description\":\"Organismo Internacional Regional de Sanidad Agropecuaria\",\"publisher\":{\"@id\":\"https:\\\/\\\/web.oirsa.org\\\/#organization\"},\"potentialAction\":[{\"@type\":\"SearchAction\",\"target\":{\"@type\":\"EntryPoint\",\"urlTemplate\":\"https:\\\/\\\/web.oirsa.org\\\/?s={search_term_string}\"},\"query-input\":{\"@type\":\"PropertyValueSpecification\",\"valueRequired\":true,\"valueName\":\"search_term_string\"}}],\"inLanguage\":\"en-US\"},{\"@type\":\"Organization\",\"@id\":\"https:\\\/\\\/web.oirsa.org\\\/#organization\",\"name\":\"OIRSA\",\"url\":\"https:\\\/\\\/web.oirsa.org\\\/\",\"logo\":{\"@type\":\"ImageObject\",\"inLanguage\":\"en-US\",\"@id\":\"https:\\\/\\\/web.oirsa.org\\\/#\\\/schema\\\/logo\\\/image\\\/\",\"url\":\"https:\\\/\\\/web.oirsa.org\\\/wp-content\\\/uploads\\\/2024\\\/01\\\/cropped-LOGO-OIRSA-2023.png\",\"contentUrl\":\"https:\\\/\\\/web.oirsa.org\\\/wp-content\\\/uploads\\\/2024\\\/01\\\/cropped-LOGO-OIRSA-2023.png\",\"width\":512,\"height\":512,\"caption\":\"OIRSA\"},\"image\":{\"@id\":\"https:\\\/\\\/web.oirsa.org\\\/#\\\/schema\\\/logo\\\/image\\\/\"},\"sameAs\":[\"https:\\\/\\\/www.facebook.com\\\/OIRSAoficial\",\"https:\\\/\\\/x.com\\\/OIRSAoficial\"]}]}<\/script>\n<!-- \/ Yoast SEO plugin. -->","yoast_head_json":{"title":"DG SANTE - OIRSA","robots":{"index":"index","follow":"follow","max-snippet":"max-snippet:-1","max-image-preview":"max-image-preview:large","max-video-preview":"max-video-preview:-1"},"canonical":"https:\/\/web.oirsa.org\/en\/dg-sante","og_locale":"en_US","og_type":"article","og_title":"DG SANTE - OIRSA","og_description":"DG SANTE Documentos Ley General de Alimentos &#8211; Reglamento (CE) 178\/2002 Higiene de los productos alimenticios &#8211; Reglamento (CE) 852\/2004 [&hellip;]","og_url":"https:\/\/web.oirsa.org\/en\/dg-sante","og_site_name":"OIRSA","article_publisher":"https:\/\/www.facebook.com\/OIRSAoficial","article_modified_time":"2023-11-23T21:08:25+00:00","og_image":[{"width":2791,"height":782,"url":"https:\/\/i0.wp.com\/web.oirsa.org\/wp-content\/uploads\/2024\/01\/logo-OIRSA23.png?fit=2791%2C782&ssl=1","type":"image\/png"}],"twitter_card":"summary_large_image","twitter_site":"@OIRSAoficial","twitter_misc":{"Est. reading time":"3 minutes"},"schema":{"@context":"https:\/\/schema.org","@graph":[{"@type":"WebPage","@id":"https:\/\/web.oirsa.org\/en\/dg-sante","url":"https:\/\/web.oirsa.org\/en\/dg-sante","name":"DG SANTE - OIRSA","isPartOf":{"@id":"https:\/\/web.oirsa.org\/#website"},"datePublished":"2022-01-02T18:31:29+00:00","dateModified":"2023-11-23T21:08:25+00:00","breadcrumb":{"@id":"https:\/\/web.oirsa.org\/en\/dg-sante#breadcrumb"},"inLanguage":"en-US","potentialAction":[{"@type":"ReadAction","target":["https:\/\/web.oirsa.org\/en\/dg-sante"]}]},{"@type":"BreadcrumbList","@id":"https:\/\/web.oirsa.org\/en\/dg-sante#breadcrumb","itemListElement":[{"@type":"ListItem","position":1,"name":"Portada","item":"https:\/\/web.oirsa.org\/"},{"@type":"ListItem","position":2,"name":"DG SANTE"}]},{"@type":"WebSite","@id":"https:\/\/web.oirsa.org\/#website","url":"https:\/\/web.oirsa.org\/","name":"OIRSA","description":"Organismo Internacional Regional de Sanidad Agropecuaria","publisher":{"@id":"https:\/\/web.oirsa.org\/#organization"},"potentialAction":[{"@type":"SearchAction","target":{"@type":"EntryPoint","urlTemplate":"https:\/\/web.oirsa.org\/?s={search_term_string}"},"query-input":{"@type":"PropertyValueSpecification","valueRequired":true,"valueName":"search_term_string"}}],"inLanguage":"en-US"},{"@type":"Organization","@id":"https:\/\/web.oirsa.org\/#organization","name":"OIRSA","url":"https:\/\/web.oirsa.org\/","logo":{"@type":"ImageObject","inLanguage":"en-US","@id":"https:\/\/web.oirsa.org\/#\/schema\/logo\/image\/","url":"https:\/\/web.oirsa.org\/wp-content\/uploads\/2024\/01\/cropped-LOGO-OIRSA-2023.png","contentUrl":"https:\/\/web.oirsa.org\/wp-content\/uploads\/2024\/01\/cropped-LOGO-OIRSA-2023.png","width":512,"height":512,"caption":"OIRSA"},"image":{"@id":"https:\/\/web.oirsa.org\/#\/schema\/logo\/image\/"},"sameAs":["https:\/\/www.facebook.com\/OIRSAoficial","https:\/\/x.com\/OIRSAoficial"]}]}},"jetpack_sharing_enabled":true,"_links":{"self":[{"href":"https:\/\/web.oirsa.org\/en\/wp-json\/wp\/v2\/pages\/6258","targetHints":{"allow":["GET"]}}],"collection":[{"href":"https:\/\/web.oirsa.org\/en\/wp-json\/wp\/v2\/pages"}],"about":[{"href":"https:\/\/web.oirsa.org\/en\/wp-json\/wp\/v2\/types\/page"}],"author":[{"embeddable":true,"href":"https:\/\/web.oirsa.org\/en\/wp-json\/wp\/v2\/users\/213237738"}],"replies":[{"embeddable":true,"href":"https:\/\/web.oirsa.org\/en\/wp-json\/wp\/v2\/comments?post=6258"}],"version-history":[{"count":13,"href":"https:\/\/web.oirsa.org\/en\/wp-json\/wp\/v2\/pages\/6258\/revisions"}],"predecessor-version":[{"id":7778,"href":"https:\/\/web.oirsa.org\/en\/wp-json\/wp\/v2\/pages\/6258\/revisions\/7778"}],"wp:attachment":[{"href":"https:\/\/web.oirsa.org\/en\/wp-json\/wp\/v2\/media?parent=6258"}],"curies":[{"name":"wp","href":"https:\/\/api.w.org\/{rel}","templated":true}]}}