{"id":5824,"date":"2021-12-21T14:34:49","date_gmt":"2021-12-21T20:34:49","guid":{"rendered":"http:\/\/10.103.20.84\/?page_id=5824"},"modified":"2024-01-22T07:44:37","modified_gmt":"2024-01-22T13:44:37","slug":"documentos-tecnicos-2","status":"publish","type":"page","link":"https:\/\/web.oirsa.org\/en\/documentos-tecnicos-2","title":{"rendered":"Technical Documents"},"content":{"rendered":"<div class=\"wpb-content-wrapper\"><section class=\"wpb_row vc_row-fluid\"><div class=\"container\"><div class=\"row\"><div class=\"wpb_column vc_column_container vc_col-sm-12\"><div class=\"vc_column-inner\"  ><div class=\"wpb_wrapper\">\n\t<div class=\"wpb_text_column wpb_content_element\" >\n\t\t<div class=\"wpb_wrapper\">\n\t\t\t<h2 class=\"wp-block-heading has-text-align-center\">Technical Documents<\/h2>\n<p>Information on the procedures required in the quarantine services for a type of merchandise, pest, origin, regulations to be complied with, or similar can be found in the following publications.<\/p>\n<p>&nbsp;<\/p>\n\n\t\t<\/div>\n\t<\/div>\n<div class=\"vc_row wpb_row vc_inner vc_row-fluid\"><div class=\"wpb_column vc_column_container vc_col-sm-6\"><div class=\"vc_column-inner\"><div class=\"wpb_wrapper\">\n\t<div class=\"wpb_text_column wpb_content_element\" >\n\t\t<div class=\"wpb_wrapper\">\n\t\t\t<p style=\"text-align: center;\"><i><a href=\"https:\/\/web.oirsa.org\/wp-content\/uploads\/2023\/11\/Cuarentena-Vegetal-Teoria-y-Practica.pdf\" target=\"_blank\" rel=\"noopener\">La Cuarentena Vegetal Teor\u00eda y Pr\u00e1ctica\u00a0<\/a><\/i><\/p>\n<p style=\"text-align: center;\"><i> By George H. Berg<\/i><\/p>\n\n\t\t<\/div>\n\t<\/div>\n<\/div><\/div><\/div><div class=\"wpb_column vc_column_container vc_col-sm-6\"><div class=\"vc_column-inner\"><div class=\"wpb_wrapper\">\n\t<div  class=\"wpb_single_image wpb_content_element vc_align_center wpb_content_element\">\n\t\t\n\t\t<figure class=\"wpb_wrapper vc_figure\">\n\t\t\t<a href=\"https:\/\/web.oirsa.org\/wp-content\/uploads\/2023\/11\/Cuarentena-Vegetal-Teoria-y-Practica.pdf\" target=\"_blank\" class=\"vc_single_image-wrapper vc_box_border  vc_box_border_grey\"><img loading=\"lazy\" decoding=\"async\" width=\"201\" height=\"300\" src=\"https:\/\/i0.wp.com\/web.oirsa.org\/wp-content\/uploads\/2024\/01\/La-cuarentena-vegetal-Teoria-y-practica.png?fit=201%2C300&amp;ssl=1\" class=\"vc_single_image-img attachment-medium\" alt=\"\" title=\"La cuarentena vegetal Teoria y practica\" srcset=\"https:\/\/i0.wp.com\/web.oirsa.org\/wp-content\/uploads\/2024\/01\/La-cuarentena-vegetal-Teoria-y-practica.png?w=524&amp;ssl=1 524w, https:\/\/i0.wp.com\/web.oirsa.org\/wp-content\/uploads\/2024\/01\/La-cuarentena-vegetal-Teoria-y-practica.png?resize=201%2C300&amp;ssl=1 201w, https:\/\/i0.wp.com\/web.oirsa.org\/wp-content\/uploads\/2024\/01\/La-cuarentena-vegetal-Teoria-y-practica.png?resize=8%2C12&amp;ssl=1 8w\" sizes=\"auto, (max-width: 201px) 100vw, 201px\" \/><\/a>\n\t\t<\/figure>\n\t<\/div>\n<\/div><\/div><\/div><\/div><div class=\"vc_row wpb_row vc_inner vc_row-fluid\"><div class=\"wpb_column vc_column_container vc_col-sm-6\"><div class=\"vc_column-inner\"><div class=\"wpb_wrapper\">\n\t<div class=\"wpb_text_column wpb_content_element\" >\n\t\t<div class=\"wpb_wrapper\">\n\t\t\t<p style=\"text-align: center;\"><i><a href=\"https:\/\/web.oirsa.org\/wp-content\/uploads\/2023\/11\/Manual-de-tratamientos-USDA.pdf\" target=\"_blank\" rel=\"noopener\">Manual de tratamientos Cuarentenarios del OIRSA .<\/a><\/i><\/p>\n<p style=\"text-align: center;\"><i>by U.S. Department of Agriculture - Spanish<\/i><\/p>\n\n\t\t<\/div>\n\t<\/div>\n\n\t<div class=\"wpb_text_column wpb_content_element\" >\n\t\t<div class=\"wpb_wrapper\">\n\t\t\t<p style=\"text-align: center;\"><i><a href=\"https:\/\/web.oirsa.org\/wp-content\/uploads\/2023\/11\/Treatment-Manual-USDA.pdf\" target=\"_blank\" rel=\"noopener\">Treatment Manual<\/a><\/i><\/p>\n<p style=\"text-align: center;\"><i>by U.S. Department of Agriculture - English<\/i><\/p>\n\n\t\t<\/div>\n\t<\/div>\n<\/div><\/div><\/div><div class=\"wpb_column vc_column_container vc_col-sm-6\"><div class=\"vc_column-inner\"><div class=\"wpb_wrapper\">\n\t<div  class=\"wpb_single_image wpb_content_element vc_align_center wpb_content_element\">\n\t\t\n\t\t<figure class=\"wpb_wrapper vc_figure\">\n\t\t\t<a href=\"https:\/\/web.oirsa.org\/wp-content\/uploads\/2023\/11\/Manual-de-tratamientos-USDA.pdf\" target=\"_blank\" class=\"vc_single_image-wrapper vc_box_border  vc_box_border_grey\"><img loading=\"lazy\" decoding=\"async\" width=\"232\" height=\"300\" src=\"https:\/\/i0.wp.com\/web.oirsa.org\/wp-content\/uploads\/2023\/11\/Manual-de-tratamientos-USDA.png?fit=232%2C300&amp;ssl=1\" class=\"vc_single_image-img attachment-medium\" alt=\"\" title=\"Manual de tratamientos USDA\" srcset=\"https:\/\/i0.wp.com\/web.oirsa.org\/wp-content\/uploads\/2023\/11\/Manual-de-tratamientos-USDA.png?w=690&amp;ssl=1 690w, https:\/\/i0.wp.com\/web.oirsa.org\/wp-content\/uploads\/2023\/11\/Manual-de-tratamientos-USDA.png?resize=232%2C300&amp;ssl=1 232w, https:\/\/i0.wp.com\/web.oirsa.org\/wp-content\/uploads\/2023\/11\/Manual-de-tratamientos-USDA.png?resize=9%2C12&amp;ssl=1 9w\" sizes=\"auto, (max-width: 232px) 100vw, 232px\" \/><\/a>\n\t\t<\/figure>\n\t<\/div>\n<\/div><\/div><\/div><\/div><div class=\"vc_row wpb_row vc_inner vc_row-fluid\"><div class=\"wpb_column vc_column_container vc_col-sm-6\"><div class=\"vc_column-inner\"><div class=\"wpb_wrapper\">\n\t<div class=\"wpb_text_column wpb_content_element\" >\n\t\t<div class=\"wpb_wrapper\">\n\t\t\t<p style=\"text-align: center;\"><a href=\"https:\/\/web.oirsa.org\/wp-content\/uploads\/2023\/11\/Norma-DAFF-para-fumigacion-con-BM-Ver-2.1-2013.pdf\" target=\"_blank\" rel=\"noopener\"><i>Norma DAFF para fumigaci\u00f3n con Bromuro de Metilo<\/i><\/a><a href=\"https:\/\/web.oirsa.org\/wp-content\/uploads\/2023\/11\/Norma-DAFF-para-fumigacion-con-BM-Ver-2.1-2013.pdf\" target=\"_blank\" rel=\"noopener\"><i>\u00a0<\/i><\/a><\/p>\n<p style=\"text-align: center;\"><i>By Australian Department of Agriculture.<\/i><\/p>\n\n\t\t<\/div>\n\t<\/div>\n<\/div><\/div><\/div><div class=\"wpb_column vc_column_container vc_col-sm-6\"><div class=\"vc_column-inner\"><div class=\"wpb_wrapper\">\n\t<div  class=\"wpb_single_image wpb_content_element vc_align_center wpb_content_element\">\n\t\t\n\t\t<figure class=\"wpb_wrapper vc_figure\">\n\t\t\t<a href=\"https:\/\/web.oirsa.org\/wp-content\/uploads\/2023\/11\/Norma-DAFF-para-fumigacion-con-BM-Ver-2.1-2013.pdf\" target=\"_blank\" class=\"vc_single_image-wrapper vc_box_border  vc_box_border_grey\"><img loading=\"lazy\" decoding=\"async\" width=\"300\" height=\"232\" src=\"https:\/\/i0.wp.com\/web.oirsa.org\/wp-content\/uploads\/2023\/11\/Norma-DAFF-para-fumigacion-con-BM-Ver-2.1-2013.png?fit=300%2C232&amp;ssl=1\" class=\"vc_single_image-img attachment-medium\" alt=\"\" title=\"Norma DAFF para fumigaci\u00f3n con BM Ver 2.1 2013\" srcset=\"https:\/\/i0.wp.com\/web.oirsa.org\/wp-content\/uploads\/2023\/11\/Norma-DAFF-para-fumigacion-con-BM-Ver-2.1-2013.png?w=1105&amp;ssl=1 1105w, https:\/\/i0.wp.com\/web.oirsa.org\/wp-content\/uploads\/2023\/11\/Norma-DAFF-para-fumigacion-con-BM-Ver-2.1-2013.png?resize=300%2C232&amp;ssl=1 300w, https:\/\/i0.wp.com\/web.oirsa.org\/wp-content\/uploads\/2023\/11\/Norma-DAFF-para-fumigacion-con-BM-Ver-2.1-2013.png?resize=1024%2C791&amp;ssl=1 1024w, https:\/\/i0.wp.com\/web.oirsa.org\/wp-content\/uploads\/2023\/11\/Norma-DAFF-para-fumigacion-con-BM-Ver-2.1-2013.png?resize=768%2C594&amp;ssl=1 768w, https:\/\/i0.wp.com\/web.oirsa.org\/wp-content\/uploads\/2023\/11\/Norma-DAFF-para-fumigacion-con-BM-Ver-2.1-2013.png?resize=16%2C12&amp;ssl=1 16w\" sizes=\"auto, (max-width: 300px) 100vw, 300px\" \/><\/a>\n\t\t<\/figure>\n\t<\/div>\n<\/div><\/div><\/div><\/div><div class=\"vc_row wpb_row vc_inner vc_row-fluid\"><div class=\"wpb_column vc_column_container vc_col-sm-6\"><div class=\"vc_column-inner\"><div class=\"wpb_wrapper\">\n\t<div class=\"wpb_text_column wpb_content_element\" >\n\t\t<div class=\"wpb_wrapper\">\n\t\t\t<p style=\"text-align: center;\"><i><a href=\"https:\/\/web.oirsa.org\/wp-content\/uploads\/2023\/11\/Acuerdo-sobre-la-Aplicacion-de-Medidas-Sanitarias-y-Fitosanitarias.pdf\" target=\"_blank\" rel=\"noopener\">Medidas Fitosanitarias de la Convenci\u00f3n Internacional de Protecci\u00f3n Fitosanitaria<\/a><\/i><\/p>\n<p style=\"text-align: center;\"><i>By FAO<\/i><\/p>\n\n\t\t<\/div>\n\t<\/div>\n<\/div><\/div><\/div><div class=\"wpb_column vc_column_container vc_col-sm-6\"><div class=\"vc_column-inner\"><div class=\"wpb_wrapper\"><\/div><\/div><\/div><\/div><\/div><\/div><\/div><\/div><\/div><\/section>\n<\/div>","protected":false},"excerpt":{"rendered":"Documentos t\u00e9cnicos La informaci\u00f3n sobre los procedimientos que se requieren en los servicios cuarentenarios para un tipo de mercader\u00eda, plaga, [...]","protected":false},"author":213237738,"featured_media":0,"parent":0,"menu_order":0,"comment_status":"closed","ping_status":"closed","template":"page-templates\/template-canvas.php","meta":{"_coblocks_attr":"","_coblocks_dimensions":"","_coblocks_responsive_height":"","_coblocks_accordion_ie_support":"","_crdt_document":"","footnotes":""},"class_list":["post-5824","page","type-page","status-publish","hentry"],"yoast_head":"<!-- This site is optimized with the Yoast SEO plugin v27.4 - https:\/\/yoast.com\/product\/yoast-seo-wordpress\/ -->\n<title>Documentos t\u00e9cnicos - OIRSA<\/title>\n<meta name=\"robots\" content=\"index, follow, max-snippet:-1, max-image-preview:large, max-video-preview:-1\" \/>\n<link rel=\"canonical\" href=\"https:\/\/web.oirsa.org\/en\/documentos-tecnicos-2\/\" \/>\n<meta property=\"og:locale\" content=\"en_US\" \/>\n<meta property=\"og:type\" content=\"article\" \/>\n<meta property=\"og:title\" content=\"Documentos t\u00e9cnicos - OIRSA\" \/>\n<meta property=\"og:url\" content=\"https:\/\/web.oirsa.org\/en\/documentos-tecnicos-2\/\" \/>\n<meta property=\"og:site_name\" content=\"OIRSA\" \/>\n<meta property=\"article:publisher\" content=\"https:\/\/www.facebook.com\/OIRSAoficial\" \/>\n<meta property=\"article:modified_time\" content=\"2024-01-22T13:44:37+00:00\" \/>\n<meta property=\"og:image\" content=\"https:\/\/i0.wp.com\/web.oirsa.org\/wp-content\/uploads\/2024\/01\/logo-OIRSA23.png?fit=2791%2C782&ssl=1\" \/>\n\t<meta property=\"og:image:width\" content=\"2791\" \/>\n\t<meta property=\"og:image:height\" content=\"782\" \/>\n\t<meta property=\"og:image:type\" content=\"image\/png\" \/>\n<meta name=\"twitter:card\" content=\"summary_large_image\" \/>\n<meta name=\"twitter:site\" content=\"@OIRSAoficial\" \/>\n<meta name=\"twitter:label1\" content=\"Est. reading time\" \/>\n\t<meta name=\"twitter:data1\" content=\"2 minutes\" \/>\n<script type=\"application\/ld+json\" class=\"yoast-schema-graph\">{\"@context\":\"https:\\\/\\\/schema.org\",\"@graph\":[{\"@type\":\"WebPage\",\"@id\":\"https:\\\/\\\/web.oirsa.org\\\/documentos-tecnicos-2\",\"url\":\"https:\\\/\\\/web.oirsa.org\\\/documentos-tecnicos-2\",\"name\":\"Documentos t\u00e9cnicos - OIRSA\",\"isPartOf\":{\"@id\":\"https:\\\/\\\/web.oirsa.org\\\/#website\"},\"datePublished\":\"2021-12-21T20:34:49+00:00\",\"dateModified\":\"2024-01-22T13:44:37+00:00\",\"breadcrumb\":{\"@id\":\"https:\\\/\\\/web.oirsa.org\\\/documentos-tecnicos-2#breadcrumb\"},\"inLanguage\":\"en-US\",\"potentialAction\":[{\"@type\":\"ReadAction\",\"target\":[\"https:\\\/\\\/web.oirsa.org\\\/documentos-tecnicos-2\"]}]},{\"@type\":\"BreadcrumbList\",\"@id\":\"https:\\\/\\\/web.oirsa.org\\\/documentos-tecnicos-2#breadcrumb\",\"itemListElement\":[{\"@type\":\"ListItem\",\"position\":1,\"name\":\"Portada\",\"item\":\"https:\\\/\\\/web.oirsa.org\\\/\"},{\"@type\":\"ListItem\",\"position\":2,\"name\":\"Documentos t\u00e9cnicos\"}]},{\"@type\":\"WebSite\",\"@id\":\"https:\\\/\\\/web.oirsa.org\\\/#website\",\"url\":\"https:\\\/\\\/web.oirsa.org\\\/\",\"name\":\"OIRSA\",\"description\":\"Organismo Internacional Regional de Sanidad Agropecuaria\",\"publisher\":{\"@id\":\"https:\\\/\\\/web.oirsa.org\\\/#organization\"},\"potentialAction\":[{\"@type\":\"SearchAction\",\"target\":{\"@type\":\"EntryPoint\",\"urlTemplate\":\"https:\\\/\\\/web.oirsa.org\\\/?s={search_term_string}\"},\"query-input\":{\"@type\":\"PropertyValueSpecification\",\"valueRequired\":true,\"valueName\":\"search_term_string\"}}],\"inLanguage\":\"en-US\"},{\"@type\":\"Organization\",\"@id\":\"https:\\\/\\\/web.oirsa.org\\\/#organization\",\"name\":\"OIRSA\",\"url\":\"https:\\\/\\\/web.oirsa.org\\\/\",\"logo\":{\"@type\":\"ImageObject\",\"inLanguage\":\"en-US\",\"@id\":\"https:\\\/\\\/web.oirsa.org\\\/#\\\/schema\\\/logo\\\/image\\\/\",\"url\":\"https:\\\/\\\/web.oirsa.org\\\/wp-content\\\/uploads\\\/2024\\\/01\\\/cropped-LOGO-OIRSA-2023.png\",\"contentUrl\":\"https:\\\/\\\/web.oirsa.org\\\/wp-content\\\/uploads\\\/2024\\\/01\\\/cropped-LOGO-OIRSA-2023.png\",\"width\":512,\"height\":512,\"caption\":\"OIRSA\"},\"image\":{\"@id\":\"https:\\\/\\\/web.oirsa.org\\\/#\\\/schema\\\/logo\\\/image\\\/\"},\"sameAs\":[\"https:\\\/\\\/www.facebook.com\\\/OIRSAoficial\",\"https:\\\/\\\/x.com\\\/OIRSAoficial\"]}]}<\/script>\n<!-- \/ Yoast SEO plugin. -->","yoast_head_json":{"title":"Documentos t\u00e9cnicos - OIRSA","robots":{"index":"index","follow":"follow","max-snippet":"max-snippet:-1","max-image-preview":"max-image-preview:large","max-video-preview":"max-video-preview:-1"},"canonical":"https:\/\/web.oirsa.org\/en\/documentos-tecnicos-2\/","og_locale":"en_US","og_type":"article","og_title":"Documentos t\u00e9cnicos - OIRSA","og_url":"https:\/\/web.oirsa.org\/en\/documentos-tecnicos-2\/","og_site_name":"OIRSA","article_publisher":"https:\/\/www.facebook.com\/OIRSAoficial","article_modified_time":"2024-01-22T13:44:37+00:00","og_image":[{"width":2791,"height":782,"url":"https:\/\/i0.wp.com\/web.oirsa.org\/wp-content\/uploads\/2024\/01\/logo-OIRSA23.png?fit=2791%2C782&ssl=1","type":"image\/png"}],"twitter_card":"summary_large_image","twitter_site":"@OIRSAoficial","twitter_misc":{"Est. reading time":"2 minutes"},"schema":{"@context":"https:\/\/schema.org","@graph":[{"@type":"WebPage","@id":"https:\/\/web.oirsa.org\/documentos-tecnicos-2","url":"https:\/\/web.oirsa.org\/documentos-tecnicos-2","name":"Documentos t\u00e9cnicos - OIRSA","isPartOf":{"@id":"https:\/\/web.oirsa.org\/#website"},"datePublished":"2021-12-21T20:34:49+00:00","dateModified":"2024-01-22T13:44:37+00:00","breadcrumb":{"@id":"https:\/\/web.oirsa.org\/documentos-tecnicos-2#breadcrumb"},"inLanguage":"en-US","potentialAction":[{"@type":"ReadAction","target":["https:\/\/web.oirsa.org\/documentos-tecnicos-2"]}]},{"@type":"BreadcrumbList","@id":"https:\/\/web.oirsa.org\/documentos-tecnicos-2#breadcrumb","itemListElement":[{"@type":"ListItem","position":1,"name":"Portada","item":"https:\/\/web.oirsa.org\/"},{"@type":"ListItem","position":2,"name":"Documentos t\u00e9cnicos"}]},{"@type":"WebSite","@id":"https:\/\/web.oirsa.org\/#website","url":"https:\/\/web.oirsa.org\/","name":"OIRSA","description":"Organismo Internacional Regional de Sanidad Agropecuaria","publisher":{"@id":"https:\/\/web.oirsa.org\/#organization"},"potentialAction":[{"@type":"SearchAction","target":{"@type":"EntryPoint","urlTemplate":"https:\/\/web.oirsa.org\/?s={search_term_string}"},"query-input":{"@type":"PropertyValueSpecification","valueRequired":true,"valueName":"search_term_string"}}],"inLanguage":"en-US"},{"@type":"Organization","@id":"https:\/\/web.oirsa.org\/#organization","name":"OIRSA","url":"https:\/\/web.oirsa.org\/","logo":{"@type":"ImageObject","inLanguage":"en-US","@id":"https:\/\/web.oirsa.org\/#\/schema\/logo\/image\/","url":"https:\/\/web.oirsa.org\/wp-content\/uploads\/2024\/01\/cropped-LOGO-OIRSA-2023.png","contentUrl":"https:\/\/web.oirsa.org\/wp-content\/uploads\/2024\/01\/cropped-LOGO-OIRSA-2023.png","width":512,"height":512,"caption":"OIRSA"},"image":{"@id":"https:\/\/web.oirsa.org\/#\/schema\/logo\/image\/"},"sameAs":["https:\/\/www.facebook.com\/OIRSAoficial","https:\/\/x.com\/OIRSAoficial"]}]}},"jetpack_sharing_enabled":true,"_links":{"self":[{"href":"https:\/\/web.oirsa.org\/en\/wp-json\/wp\/v2\/pages\/5824","targetHints":{"allow":["GET"]}}],"collection":[{"href":"https:\/\/web.oirsa.org\/en\/wp-json\/wp\/v2\/pages"}],"about":[{"href":"https:\/\/web.oirsa.org\/en\/wp-json\/wp\/v2\/types\/page"}],"author":[{"embeddable":true,"href":"https:\/\/web.oirsa.org\/en\/wp-json\/wp\/v2\/users\/213237738"}],"replies":[{"embeddable":true,"href":"https:\/\/web.oirsa.org\/en\/wp-json\/wp\/v2\/comments?post=5824"}],"version-history":[{"count":57,"href":"https:\/\/web.oirsa.org\/en\/wp-json\/wp\/v2\/pages\/5824\/revisions"}],"predecessor-version":[{"id":13450,"href":"https:\/\/web.oirsa.org\/en\/wp-json\/wp\/v2\/pages\/5824\/revisions\/13450"}],"wp:attachment":[{"href":"https:\/\/web.oirsa.org\/en\/wp-json\/wp\/v2\/media?parent=5824"}],"curies":[{"name":"wp","href":"https:\/\/api.w.org\/{rel}","templated":true}]}}