{"id":5818,"date":"2021-12-21T14:31:59","date_gmt":"2021-12-21T20:31:59","guid":{"rendered":"http:\/\/10.103.20.84\/?page_id=5818"},"modified":"2024-02-09T09:21:57","modified_gmt":"2024-02-09T15:21:57","slug":"cuarentena-vegetal-y-control-de-las-importaciones-de-origen-animal-2","status":"publish","type":"page","link":"https:\/\/web.oirsa.org\/en\/cuarentena-vegetal-y-control-de-las-importaciones-de-origen-animal-2","title":{"rendered":"History of agricultural quarantine and OIRSA"},"content":{"rendered":"<div class=\"wpb-content-wrapper\"><section class=\"wpb_row vc_row-fluid vc_custom_1707491796797 vc_row-has-fill\"><div class=\"container\"><div class=\"row\"><div class=\"wpb_column vc_column_container vc_col-sm-8\"><div class=\"vc_column-inner\"  ><div class=\"wpb_wrapper\">\n\t<div class=\"wpb_text_column wpb_content_element vc_custom_1701442866014\" >\n\t\t<div class=\"wpb_wrapper\">\n\t\t\t<p><strong>History of agricultural quarantine and OIRSA\u00a0<\/strong><\/p>\n<p>The term 'Quarantine' originated in the 14th century, when vessels were detained for forty days to ensure that the crew was not infected due to bubonic plague, cholera, and yellow fever outbreaks.<\/p>\n<p>The current definition of \"Agricultural Quarantine\" is to apply legal restrictions on the movement of goods with the purpose of preventing or delaying the introduction and establishment of pests and diseases that do not exist in an area, country, region, or continent but if they do exist, they are under official control.<\/p>\n<p>OIRSA, from its origins and in addition to combating specific pests such as the flying locust and the coffee borer, has had the challenge of strengthening the national quarantine services of its member countries. Thus, in its early years, with the support of the Food and Agriculture Organization (FAO), it laid the groundwork for legal frameworks in agricultural and livestock quarantine, allowing, among other things, the implementation of sanitary and phytosanitary measures at entry points based on a legal platform consistent with the reality of the time.<\/p>\n<p>This process has continued over the years, resulting in countries now having updated legislation in line with the international legal framework emanating from international reference organizations such as the World Trade Organization (WTO), the Codex Alimentarius, the World Organization for Animal Health (OIE), and the International Plant Protection Convention (IPPC).<\/p>\n<p>Improving the necessary infrastructure for conducting effective merchandise inspections at ports, airports, and land borders has been another task that OIRSA has undertaken hand in hand with the Ministries and Secretariats of Agriculture and Livestock of each country, supporting initiatives to obtain resources that have allowed for the modernization of inspection service facilities over the years.<\/p>\n<p>Incorporating new technologies in phytosanitary diagnosis as a basic tool for implementing correct measures to prevent the introduction of pests to the region has also been part of the challenges the Organization has set for itself. Nowadays, the region has Digital Distance Diagnosis with Images (DDDI) technology, a project developed with the University of Georgia, which allows for the diagnosis of intercepted pests at borders using high-quality digital images sent to taxonomic specialists for diagnosis in very short periods, facilitating trade and reducing the risk of entry of quarantine pests.<\/p>\n<p>The Ministries and Secretariats of Agriculture and Livestock, together with OIRSA, have worked on strengthening risk analysis as a fundamental basis for decision-making in the implementation of measures at entry points. To this end, they have been provided with modern databases necessary for conducting the analysis, while professionals have been trained to successfully carry out this work in the countries, thus contributing to the facilitation of regional trade based on the scientific assessment of the risks it may pose to agricultural health and consumer health.<\/p>\n<p>The need to facilitate trade with the minimum risk of pest spread was the condition that gave rise to one of OIRSA's most significant efforts and those of its member countries: the establishment of the Servicio Internacional de Fumigaci\u00f3n (SIF)), which, over time transformed into the Servicio Internacional de Tratamientos Cuarentenarios(SITC), whose existence in different countries has strengthened the region's first line of health defense, preventing the arrival of quarantine pests and the spread of economically important pests among countries. Currently, the SITC is undergoing a process of modernization and technological innovation in response to the need to protect the region's agricultural heritage with minimal environmental impact and risk to its employees.<\/p>\n<p>Six decades have passed since the creation of the Organization, and with them, the delegation of quarantine services by the countries to OIRSA, which translates into a show of confidence and a success story for the Organization, which currently administers and operates the National Agricultural Protection Service (SEPA) in Guatemala and Honduras. These countries have been provided, in a relatively short time, with high-tech diagnostic equipment, with the purpose of having the capacity to intercept pests through inspections in means of transportation (vehicles, aircraft, and ships).<\/p>\n<p>Today, despite the new and complex challenges worldwide, OIRSA, with its rich and vast accumulated experience, as well as new technologies and cutting-edge methods, reaffirms its commitment to support the efforts of its member countries in protecting the regional agricultural heritage, as well as the health and food safety of its peoples, through the strengthening and modernization of national quarantine services as the first line of defense for agricultural health.<\/p>\n\n\t\t<\/div>\n\t<\/div>\n<\/div><\/div><\/div><div class=\"wpb_column vc_column_container vc_col-sm-4\"><div class=\"vc_column-inner\"  ><div class=\"wpb_wrapper\">\n\t<div class=\"wpb_text_column wpb_content_element\" >\n\t\t<div class=\"wpb_wrapper\">\n\t\t\t<div>\n<p style=\"text-align: center;\"><a href=\"https:\/\/web.oirsa.org\/en\/servicios-cuarentenarios\/\">Quarantine Services<\/a><\/p>\n<ul>\n<li><a href=\"https:\/\/web.oirsa.org\/en\/.com\/cuarentena-vegetal-y-control-de-las-importaciones-de-origen-animal-2\/\">History of agricultural quarantine and OIRSA<\/a><\/li>\n<li><a href=\"https:\/\/web.oirsa.org\/en\/.com\/principales-amenazas-2\/\">Main Threats<\/a><\/li>\n<li><a href=\"https:\/\/web.oirsa.org\/en\/.com\/documentos-tecnicos-2\/\">Technical Documents<\/a><\/li>\n<\/ul>\n<p>&nbsp;<\/p>\n<p style=\"text-align: center;\">Servicios delegados al OIRSA en apoyo a la cuarentena Agropecuaria<\/p>\n<p><a href=\"https:\/\/web.oirsa.org\/en\/.com\/servicio-internacional-de-tratamientos-cuarentenarios-sitc-2\/\"><img data-recalc-dims=\"1\" loading=\"lazy\" decoding=\"async\" class=\"wp-image-13240 aligncenter\" src=\"https:\/\/i0.wp.com\/web.oirsa.org\/wp-content\/uploads\/2023\/11\/SITC-logo.png?resize=225%2C122&#038;ssl=1\" alt=\"\" width=\"225\" height=\"122\" srcset=\"https:\/\/i0.wp.com\/web.oirsa.org\/wp-content\/uploads\/2023\/11\/SITC-logo.png?resize=300%2C163&amp;ssl=1 300w, https:\/\/i0.wp.com\/web.oirsa.org\/wp-content\/uploads\/2023\/11\/SITC-logo.png?resize=1024%2C557&amp;ssl=1 1024w, https:\/\/i0.wp.com\/web.oirsa.org\/wp-content\/uploads\/2023\/11\/SITC-logo.png?resize=768%2C417&amp;ssl=1 768w, https:\/\/i0.wp.com\/web.oirsa.org\/wp-content\/uploads\/2023\/11\/SITC-logo.png?resize=18%2C10&amp;ssl=1 18w, https:\/\/i0.wp.com\/web.oirsa.org\/wp-content\/uploads\/2023\/11\/SITC-logo.png?w=1310&amp;ssl=1 1310w\" sizes=\"auto, (max-width: 225px) 100vw, 225px\" \/><\/a><\/p>\n<p><a href=\"https:\/\/web.oirsa.org\/en\/.com\/servicio-de-proteccion-agropecuaria-sepa-2\/\"><img data-recalc-dims=\"1\" loading=\"lazy\" decoding=\"async\" class=\"wp-image-13239 aligncenter\" src=\"https:\/\/i0.wp.com\/web.oirsa.org\/wp-content\/uploads\/2023\/11\/Logos_SEPA-copia.png?resize=225%2C169&#038;ssl=1\" alt=\"\" width=\"225\" height=\"169\" srcset=\"https:\/\/i0.wp.com\/web.oirsa.org\/wp-content\/uploads\/2023\/11\/Logos_SEPA-copia.png?resize=300%2C225&amp;ssl=1 300w, https:\/\/i0.wp.com\/web.oirsa.org\/wp-content\/uploads\/2023\/11\/Logos_SEPA-copia.png?resize=1024%2C768&amp;ssl=1 1024w, https:\/\/i0.wp.com\/web.oirsa.org\/wp-content\/uploads\/2023\/11\/Logos_SEPA-copia.png?resize=768%2C576&amp;ssl=1 768w, https:\/\/i0.wp.com\/web.oirsa.org\/wp-content\/uploads\/2023\/11\/Logos_SEPA-copia.png?resize=1536%2C1152&amp;ssl=1 1536w, https:\/\/i0.wp.com\/web.oirsa.org\/wp-content\/uploads\/2023\/11\/Logos_SEPA-copia.png?resize=2048%2C1536&amp;ssl=1 2048w, https:\/\/i0.wp.com\/web.oirsa.org\/wp-content\/uploads\/2023\/11\/Logos_SEPA-copia.png?resize=16%2C12&amp;ssl=1 16w, https:\/\/i0.wp.com\/web.oirsa.org\/wp-content\/uploads\/2023\/11\/Logos_SEPA-copia.png?resize=800%2C600&amp;ssl=1 800w, https:\/\/i0.wp.com\/web.oirsa.org\/wp-content\/uploads\/2023\/11\/Logos_SEPA-copia.png?resize=640%2C480&amp;ssl=1 640w\" sizes=\"auto, (max-width: 225px) 100vw, 225px\" \/><\/a><\/p>\n<\/div>\n<hr \/>\n<h4 style=\"text-align: center;\"><span style=\"color: #002166; font-size: 10pt;\"><strong>Ing. Jos\u00e9 Iv\u00e1n Hern\u00e1ndez<\/strong><\/span><\/h4>\n<p style=\"text-align: center;\"><span style=\"font-size: 10pt;\">Director Regional de Servicios Cuarentenarios<\/span><br \/>\n<span style=\"font-size: 10pt;\">Email:\u00a0<a href=\"mailto:scuarentenarios@oirsa.org\">scuarentenarios@oirsa.org<\/a><\/span><br \/>\n<span style=\"font-size: 10pt;\">Tel. (503) 2209-9200, Ext. 203<\/span><\/p>\n\n\t\t<\/div>\n\t<\/div>\n<\/div><\/div><\/div><\/div><\/div><\/section>\n<\/div>","protected":false},"excerpt":{"rendered":"Historia de la cuarentena agropecuaria y el OIRSA\u00a0 El t\u00e9rmino \u2018Cuarentena\u2019 se origina en el siglo XIV, cuando a ra\u00edz [...]","protected":false},"author":213237738,"featured_media":0,"parent":0,"menu_order":0,"comment_status":"closed","ping_status":"closed","template":"page-templates\/template-canvas.php","meta":{"_coblocks_attr":"","_coblocks_dimensions":"","_coblocks_responsive_height":"","_coblocks_accordion_ie_support":"","_crdt_document":"","footnotes":""},"class_list":["post-5818","page","type-page","status-publish","hentry"],"yoast_head":"<!-- This site is optimized with the Yoast SEO plugin v27.4 - https:\/\/yoast.com\/product\/yoast-seo-wordpress\/ -->\n<title>Historia de la cuarentena agropecuaria y el OIRSA - OIRSA<\/title>\n<meta name=\"robots\" content=\"index, follow, max-snippet:-1, max-image-preview:large, max-video-preview:-1\" \/>\n<link rel=\"canonical\" href=\"https:\/\/web.oirsa.org\/en\/cuarentena-vegetal-y-control-de-las-importaciones-de-origen-animal-2\/\" \/>\n<meta property=\"og:locale\" content=\"en_US\" \/>\n<meta property=\"og:type\" content=\"article\" \/>\n<meta property=\"og:title\" content=\"Historia de la cuarentena agropecuaria y el OIRSA - OIRSA\" \/>\n<meta property=\"og:url\" content=\"https:\/\/web.oirsa.org\/en\/cuarentena-vegetal-y-control-de-las-importaciones-de-origen-animal-2\/\" \/>\n<meta property=\"og:site_name\" content=\"OIRSA\" \/>\n<meta property=\"article:publisher\" content=\"https:\/\/www.facebook.com\/OIRSAoficial\" \/>\n<meta property=\"article:modified_time\" content=\"2024-02-09T15:21:57+00:00\" \/>\n<meta property=\"og:image\" content=\"https:\/\/web.oirsa.org\/wp-content\/uploads\/2023\/11\/SITC-logo-300x163.png\" \/>\n<meta name=\"twitter:card\" content=\"summary_large_image\" \/>\n<meta name=\"twitter:site\" content=\"@OIRSAoficial\" \/>\n<meta name=\"twitter:label1\" content=\"Est. reading time\" \/>\n\t<meta name=\"twitter:data1\" content=\"5 minutes\" \/>\n<script type=\"application\/ld+json\" class=\"yoast-schema-graph\">{\"@context\":\"https:\\\/\\\/schema.org\",\"@graph\":[{\"@type\":\"WebPage\",\"@id\":\"https:\\\/\\\/web.oirsa.org\\\/cuarentena-vegetal-y-control-de-las-importaciones-de-origen-animal-2\",\"url\":\"https:\\\/\\\/web.oirsa.org\\\/cuarentena-vegetal-y-control-de-las-importaciones-de-origen-animal-2\",\"name\":\"Historia de la cuarentena agropecuaria y el OIRSA - OIRSA\",\"isPartOf\":{\"@id\":\"https:\\\/\\\/web.oirsa.org\\\/#website\"},\"primaryImageOfPage\":{\"@id\":\"https:\\\/\\\/web.oirsa.org\\\/cuarentena-vegetal-y-control-de-las-importaciones-de-origen-animal-2#primaryimage\"},\"image\":{\"@id\":\"https:\\\/\\\/web.oirsa.org\\\/cuarentena-vegetal-y-control-de-las-importaciones-de-origen-animal-2#primaryimage\"},\"thumbnailUrl\":\"https:\\\/\\\/web.oirsa.org\\\/wp-content\\\/uploads\\\/2023\\\/11\\\/SITC-logo-300x163.png\",\"datePublished\":\"2021-12-21T20:31:59+00:00\",\"dateModified\":\"2024-02-09T15:21:57+00:00\",\"breadcrumb\":{\"@id\":\"https:\\\/\\\/web.oirsa.org\\\/cuarentena-vegetal-y-control-de-las-importaciones-de-origen-animal-2#breadcrumb\"},\"inLanguage\":\"en-US\",\"potentialAction\":[{\"@type\":\"ReadAction\",\"target\":[\"https:\\\/\\\/web.oirsa.org\\\/cuarentena-vegetal-y-control-de-las-importaciones-de-origen-animal-2\"]}]},{\"@type\":\"ImageObject\",\"inLanguage\":\"en-US\",\"@id\":\"https:\\\/\\\/web.oirsa.org\\\/cuarentena-vegetal-y-control-de-las-importaciones-de-origen-animal-2#primaryimage\",\"url\":\"https:\\\/\\\/web.oirsa.org\\\/wp-content\\\/uploads\\\/2023\\\/11\\\/SITC-logo-300x163.png\",\"contentUrl\":\"https:\\\/\\\/web.oirsa.org\\\/wp-content\\\/uploads\\\/2023\\\/11\\\/SITC-logo-300x163.png\"},{\"@type\":\"BreadcrumbList\",\"@id\":\"https:\\\/\\\/web.oirsa.org\\\/cuarentena-vegetal-y-control-de-las-importaciones-de-origen-animal-2#breadcrumb\",\"itemListElement\":[{\"@type\":\"ListItem\",\"position\":1,\"name\":\"Portada\",\"item\":\"https:\\\/\\\/web.oirsa.org\\\/\"},{\"@type\":\"ListItem\",\"position\":2,\"name\":\"Historia de la cuarentena agropecuaria y el OIRSA\"}]},{\"@type\":\"WebSite\",\"@id\":\"https:\\\/\\\/web.oirsa.org\\\/#website\",\"url\":\"https:\\\/\\\/web.oirsa.org\\\/\",\"name\":\"OIRSA\",\"description\":\"Organismo Internacional Regional de Sanidad Agropecuaria\",\"publisher\":{\"@id\":\"https:\\\/\\\/web.oirsa.org\\\/#organization\"},\"potentialAction\":[{\"@type\":\"SearchAction\",\"target\":{\"@type\":\"EntryPoint\",\"urlTemplate\":\"https:\\\/\\\/web.oirsa.org\\\/?s={search_term_string}\"},\"query-input\":{\"@type\":\"PropertyValueSpecification\",\"valueRequired\":true,\"valueName\":\"search_term_string\"}}],\"inLanguage\":\"en-US\"},{\"@type\":\"Organization\",\"@id\":\"https:\\\/\\\/web.oirsa.org\\\/#organization\",\"name\":\"OIRSA\",\"url\":\"https:\\\/\\\/web.oirsa.org\\\/\",\"logo\":{\"@type\":\"ImageObject\",\"inLanguage\":\"en-US\",\"@id\":\"https:\\\/\\\/web.oirsa.org\\\/#\\\/schema\\\/logo\\\/image\\\/\",\"url\":\"https:\\\/\\\/web.oirsa.org\\\/wp-content\\\/uploads\\\/2024\\\/01\\\/cropped-LOGO-OIRSA-2023.png\",\"contentUrl\":\"https:\\\/\\\/web.oirsa.org\\\/wp-content\\\/uploads\\\/2024\\\/01\\\/cropped-LOGO-OIRSA-2023.png\",\"width\":512,\"height\":512,\"caption\":\"OIRSA\"},\"image\":{\"@id\":\"https:\\\/\\\/web.oirsa.org\\\/#\\\/schema\\\/logo\\\/image\\\/\"},\"sameAs\":[\"https:\\\/\\\/www.facebook.com\\\/OIRSAoficial\",\"https:\\\/\\\/x.com\\\/OIRSAoficial\"]}]}<\/script>\n<!-- \/ Yoast SEO plugin. -->","yoast_head_json":{"title":"Historia de la cuarentena agropecuaria y el OIRSA - OIRSA","robots":{"index":"index","follow":"follow","max-snippet":"max-snippet:-1","max-image-preview":"max-image-preview:large","max-video-preview":"max-video-preview:-1"},"canonical":"https:\/\/web.oirsa.org\/en\/cuarentena-vegetal-y-control-de-las-importaciones-de-origen-animal-2\/","og_locale":"en_US","og_type":"article","og_title":"Historia de la cuarentena agropecuaria y el OIRSA - OIRSA","og_url":"https:\/\/web.oirsa.org\/en\/cuarentena-vegetal-y-control-de-las-importaciones-de-origen-animal-2\/","og_site_name":"OIRSA","article_publisher":"https:\/\/www.facebook.com\/OIRSAoficial","article_modified_time":"2024-02-09T15:21:57+00:00","og_image":[{"url":"https:\/\/web.oirsa.org\/wp-content\/uploads\/2023\/11\/SITC-logo-300x163.png","type":"","width":"","height":""}],"twitter_card":"summary_large_image","twitter_site":"@OIRSAoficial","twitter_misc":{"Est. reading time":"5 minutes"},"schema":{"@context":"https:\/\/schema.org","@graph":[{"@type":"WebPage","@id":"https:\/\/web.oirsa.org\/cuarentena-vegetal-y-control-de-las-importaciones-de-origen-animal-2","url":"https:\/\/web.oirsa.org\/cuarentena-vegetal-y-control-de-las-importaciones-de-origen-animal-2","name":"Historia de la cuarentena agropecuaria y el OIRSA - OIRSA","isPartOf":{"@id":"https:\/\/web.oirsa.org\/#website"},"primaryImageOfPage":{"@id":"https:\/\/web.oirsa.org\/cuarentena-vegetal-y-control-de-las-importaciones-de-origen-animal-2#primaryimage"},"image":{"@id":"https:\/\/web.oirsa.org\/cuarentena-vegetal-y-control-de-las-importaciones-de-origen-animal-2#primaryimage"},"thumbnailUrl":"https:\/\/web.oirsa.org\/wp-content\/uploads\/2023\/11\/SITC-logo-300x163.png","datePublished":"2021-12-21T20:31:59+00:00","dateModified":"2024-02-09T15:21:57+00:00","breadcrumb":{"@id":"https:\/\/web.oirsa.org\/cuarentena-vegetal-y-control-de-las-importaciones-de-origen-animal-2#breadcrumb"},"inLanguage":"en-US","potentialAction":[{"@type":"ReadAction","target":["https:\/\/web.oirsa.org\/cuarentena-vegetal-y-control-de-las-importaciones-de-origen-animal-2"]}]},{"@type":"ImageObject","inLanguage":"en-US","@id":"https:\/\/web.oirsa.org\/cuarentena-vegetal-y-control-de-las-importaciones-de-origen-animal-2#primaryimage","url":"https:\/\/web.oirsa.org\/wp-content\/uploads\/2023\/11\/SITC-logo-300x163.png","contentUrl":"https:\/\/web.oirsa.org\/wp-content\/uploads\/2023\/11\/SITC-logo-300x163.png"},{"@type":"BreadcrumbList","@id":"https:\/\/web.oirsa.org\/cuarentena-vegetal-y-control-de-las-importaciones-de-origen-animal-2#breadcrumb","itemListElement":[{"@type":"ListItem","position":1,"name":"Portada","item":"https:\/\/web.oirsa.org\/"},{"@type":"ListItem","position":2,"name":"Historia de la cuarentena agropecuaria y el OIRSA"}]},{"@type":"WebSite","@id":"https:\/\/web.oirsa.org\/#website","url":"https:\/\/web.oirsa.org\/","name":"OIRSA","description":"Organismo Internacional Regional de Sanidad Agropecuaria","publisher":{"@id":"https:\/\/web.oirsa.org\/#organization"},"potentialAction":[{"@type":"SearchAction","target":{"@type":"EntryPoint","urlTemplate":"https:\/\/web.oirsa.org\/?s={search_term_string}"},"query-input":{"@type":"PropertyValueSpecification","valueRequired":true,"valueName":"search_term_string"}}],"inLanguage":"en-US"},{"@type":"Organization","@id":"https:\/\/web.oirsa.org\/#organization","name":"OIRSA","url":"https:\/\/web.oirsa.org\/","logo":{"@type":"ImageObject","inLanguage":"en-US","@id":"https:\/\/web.oirsa.org\/#\/schema\/logo\/image\/","url":"https:\/\/web.oirsa.org\/wp-content\/uploads\/2024\/01\/cropped-LOGO-OIRSA-2023.png","contentUrl":"https:\/\/web.oirsa.org\/wp-content\/uploads\/2024\/01\/cropped-LOGO-OIRSA-2023.png","width":512,"height":512,"caption":"OIRSA"},"image":{"@id":"https:\/\/web.oirsa.org\/#\/schema\/logo\/image\/"},"sameAs":["https:\/\/www.facebook.com\/OIRSAoficial","https:\/\/x.com\/OIRSAoficial"]}]}},"jetpack_sharing_enabled":true,"_links":{"self":[{"href":"https:\/\/web.oirsa.org\/en\/wp-json\/wp\/v2\/pages\/5818","targetHints":{"allow":["GET"]}}],"collection":[{"href":"https:\/\/web.oirsa.org\/en\/wp-json\/wp\/v2\/pages"}],"about":[{"href":"https:\/\/web.oirsa.org\/en\/wp-json\/wp\/v2\/types\/page"}],"author":[{"embeddable":true,"href":"https:\/\/web.oirsa.org\/en\/wp-json\/wp\/v2\/users\/213237738"}],"replies":[{"embeddable":true,"href":"https:\/\/web.oirsa.org\/en\/wp-json\/wp\/v2\/comments?post=5818"}],"version-history":[{"count":37,"href":"https:\/\/web.oirsa.org\/en\/wp-json\/wp\/v2\/pages\/5818\/revisions"}],"predecessor-version":[{"id":14456,"href":"https:\/\/web.oirsa.org\/en\/wp-json\/wp\/v2\/pages\/5818\/revisions\/14456"}],"wp:attachment":[{"href":"https:\/\/web.oirsa.org\/en\/wp-json\/wp\/v2\/media?parent=5818"}],"curies":[{"name":"wp","href":"https:\/\/api.w.org\/{rel}","templated":true}]}}