{"id":5772,"date":"2021-12-21T11:26:44","date_gmt":"2021-12-21T17:26:44","guid":{"rendered":"http:\/\/10.103.20.84\/?page_id=5772"},"modified":"2023-10-02T15:40:01","modified_gmt":"2023-10-02T21:40:01","slug":"enlaces-region-oirsa","status":"publish","type":"page","link":"https:\/\/web.oirsa.org\/en\/enlaces-region-oirsa","title":{"rendered":"Enlaces Regi\u00f3n OIRSA"},"content":{"rendered":"\n<p class=\"wp-block-paragraph\"><style>\/*! elementor - v3.5.3 - 28-12-2021 *\/<br \/>\n.elementor-heading-title{padding:0;margin:0;line-height:1}.elementor-widget-heading .elementor-heading-title[class*=elementor-size-]>a{color:inherit;font-size:inherit;line-height:inherit}.elementor-widget-heading .elementor-heading-title.elementor-size-small{font-size:15px}.elementor-widget-heading .elementor-heading-title.elementor-size-medium{font-size:19px}.elementor-widget-heading .elementor-heading-title.elementor-size-large{font-size:29px}.elementor-widget-heading .elementor-heading-title.elementor-size-xl{font-size:39px}.elementor-widget-heading .elementor-heading-title.elementor-size-xxl{font-size:59px}<\/style><\/p>\n\n\n\n<section id=\"854622\" class=\"section-854622 gutentor-module gutentor-module-tabs gutentor-tabs-layout-horizontal gutentor-tabs-pos-top\"><div class=\"grid-container\"><div class=\"gutentor-module-tabs-wrap gutentor-tabs-style-fill\" data-id=\"854622\"><div class=\"gutentor-module-tabs-nav\"><span class=\"gutentor-module-tabs-item gm-tt-854622 gutentor-tabs-nav-active\" tabindex=\"0\"><span class=\"gutentor-module-tabs-title\">M\u00e9xico<\/span><\/span><span class=\"gutentor-module-tabs-item gm-tt-854622\" tabindex=\"0\"><span class=\"gutentor-module-tabs-title\">Guatemala<\/span><\/span><span class=\"gutentor-module-tabs-item gm-tt-854622\" tabindex=\"0\"><span class=\"gutentor-module-tabs-title\">Belize<\/span><\/span><span class=\"gutentor-module-tabs-item gm-tt-854622\" tabindex=\"0\"><span class=\"gutentor-module-tabs-title\">Honduras<\/span><\/span><span class=\"gutentor-module-tabs-item gm-tt-854622\" tabindex=\"0\"><span class=\"gutentor-module-tabs-title\">El Salvador<\/span><\/span><span class=\"gutentor-module-tabs-item gm-tt-854622\" tabindex=\"0\"><span class=\"gutentor-module-tabs-title\">Nicaragua<\/span><\/span><span class=\"gutentor-module-tabs-item gm-tt-854622\" tabindex=\"0\"><span class=\"gutentor-module-tabs-title\">Costa Rica<\/span><\/span><span class=\"gutentor-module-tabs-item gm-tt-854622\" tabindex=\"0\"><span class=\"gutentor-module-tabs-title\">Panam\u00e1<\/span><\/span><span class=\"gutentor-module-tabs-item gm-tt-854622\" tabindex=\"0\"><span class=\"gutentor-module-tabs-title\">Convenci\u00f3n Internacional de Protecci\u00f3n Fitosanitaria (CIPF):<\/span><\/span><\/div><div class=\"gutentor-module-tabs-body\">\n<div class=\"wp-block-gutentor-m7-tab gutentor-module-tabs-content gm-tc-854622 gutentor-tabs-content-active\">\n<ul class=\"wp-block-list\">\n<li><a href=\"https:\/\/www.ippc.int\/en\/countries\/mexico\/\">Sitio CIPF<\/a><\/li>\n\n\n\n<li><a href=\"https:\/\/www.gob.mx\/senasica\">Sitio SENASICA<\/a><\/li>\n\n\n\n<li><a href=\"https:\/\/www.gob.mx\/senasica\/acciones-y-programas\/acciones-estrategicas-de-sanidad-vegetal\">Direcci\u00f3n General de Sanidad Vegetal<\/a><\/li>\n\n\n\n<li><a href=\"https:\/\/sistemasssl.senasica.gob.mx\/mcrfi\/\">M\u00f3dulo de Requisitos fitosanitarios para la importaci\u00f3n<\/a><\/li>\n<\/ul>\n<\/div>\n\n\n\n<div class=\"wp-block-gutentor-m7-tab gutentor-module-tabs-content gm-tc-854622\">\n<ul class=\"wp-block-list\">\n<li><a href=\"https:\/\/www.ippc.int\/en\/countries\/guatemala\/\">Sitio CIPF<\/a><\/li>\n\n\n\n<li><a href=\"http:\/\/visar.maga.gob.gt\/\">Sitio MAGA<\/a><\/li>\n\n\n\n<li><a href=\"http:\/\/visar.maga.gob.gt\/?page_id=56\">Sanidad Vegetal<\/a><\/li>\n\n\n\n<li><a href=\"http:\/\/portal.maga.gob.gt\/vudi-web\/\">Ventanilla \u00danica de Importaciones<\/a><\/li>\n<\/ul>\n<\/div>\n\n\n\n<div class=\"wp-block-gutentor-m7-tab gutentor-module-tabs-content gm-tc-854622\">\n<ul class=\"wp-block-list\">\n<li><a href=\"https:\/\/www.ippc.int\/en\/countries\/belize\/\">Sitio CIPF<\/a><\/li>\n\n\n\n<li><a href=\"http:\/\/baha.org.bz\/\">Sitio BAHA<\/a><\/li>\n\n\n\n<li><a href=\"http:\/\/baha.org.bz\/departments\/plant-health\/regulation-of-imports\/\">Plant Health Department. Regulation of Imports<\/a><\/li>\n<\/ul>\n<\/div>\n\n\n\n<div class=\"wp-block-gutentor-m7-tab gutentor-module-tabs-content gm-tc-854622\">\n<ul class=\"wp-block-list\">\n<li><a href=\"https:\/\/www.ippc.int\/en\/countries\/honduras\/\">Sitio CIPF<\/a><\/li>\n\n\n\n<li><a href=\"http:\/\/senasa.gob.hn\/\">Sitio SENASA<\/a><\/li>\n\n\n\n<li><a href=\"http:\/\/senasa.gob.hn\/index.php\/sub-direcciones\/sub-direccion-tecnica-de-sanidad-vegetal\/requisitos-fitosanitarios-para-la-importacion-de-vegetales\">Subdirecci\u00f3n General de Sanidad Vegetal. Requisitos Fitosanitarios para la Importaci\u00f3n de Vegetales<\/a><\/li>\n<\/ul>\n<\/div>\n\n\n\n<div class=\"wp-block-gutentor-m7-tab gutentor-module-tabs-content gm-tc-854622\">\n<ul class=\"wp-block-list\">\n<li><a href=\"https:\/\/www.ippc.int\/en\/countries\/el-salvador\/\">Sitio CIPF<\/a><\/li>\n\n\n\n<li><a href=\"http:\/\/www.mag.gob.sv\/\">Sitio MAG<\/a><\/li>\n\n\n\n<li><a href=\"http:\/\/www.mag.gob.sv\/\">Direcci\u00f3n General de Sanidad Vegetal<\/a>&nbsp;<\/li>\n\n\n\n<li><a href=\"http:\/\/oas.mag.gob.sv\/sisa\/tramites.jsp\">Sistema de Informaci\u00f3n en Sanidad Agropecuaria. Consulta de Requisitos<\/a>&nbsp;<\/li>\n<\/ul>\n<\/div>\n\n\n\n<div class=\"wp-block-gutentor-m7-tab gutentor-module-tabs-content gm-tc-854622\">\n<ul class=\"wp-block-list\">\n<li><a href=\"https:\/\/www.ippc.int\/en\/countries\/nicaragua\/\">Sitio CIPF<\/a>&nbsp;<\/li>\n\n\n\n<li><a href=\"http:\/\/www.ipsa.gob.ni\/\">Sitio IPSA<\/a><\/li>\n\n\n\n<li><a href=\"http:\/\/www.ipsa.gob.ni\/SANIDAD-VEGETAL-Y-SEMILLA\">Sanidad Vegetal y Semillas<\/a><\/li>\n\n\n\n<li><a href=\"http:\/\/www.ipsa.gob.ni\/INOCUIDAD-ALIMENTARIA\/Secci%C3%B3n-Frutas-y-Vegetales\">Requisitos fitosanitarios para la importaci\u00f3n<\/a><\/li>\n<\/ul>\n<\/div>\n\n\n\n<div class=\"wp-block-gutentor-m7-tab gutentor-module-tabs-content gm-tc-854622\">\n<p class=\"wp-block-paragraph\"><\/p>\n\n\n\n<ul class=\"wp-block-list\">\n<li><a href=\"https:\/\/www.ippc.int\/en\/countries\/costa-rica\/\">Sitio CIPF<\/a><\/li>\n\n\n\n<li><a href=\"https:\/\/www.sfe.go.cr\/SitePages\/Inicio.aspx\">Sitio SFE<\/a><\/li>\n\n\n\n<li><a href=\"https:\/\/app.sfe.go.cr\/SFECuarentena\/aspx\/RequisitosImportacion\/ConsultarRequisitosImportacion.aspx\">Consulta de Requisitos Fitosanitarios para la importaci\u00f3n<\/a><\/li>\n\n\n\n<li><a href=\"https:\/\/www.sfe.go.cr\/DocsImportaciones\/Plagas_reglamentadas.pdf\">Lista de Plagas Reglamentadas<\/a><\/li>\n<\/ul>\n<\/div>\n\n\n\n<div class=\"wp-block-gutentor-m7-tab gutentor-module-tabs-content gm-tc-854622\">\n<ul class=\"wp-block-list\">\n<li><a href=\"https:\/\/www.ippc.int\/en\/countries\/panama\/\">Sitio CIPF<\/a><\/li>\n\n\n\n<li><a href=\"https:\/\/www.mida.gob.pa\/\">Sitio MIDA<\/a><\/li>\n\n\n\n<li><a href=\"https:\/\/www.mida.gob.pa\/direcciones\/direcciones_nacionales\/direcci-n-de-sanidad-vegetal.html\">Direcci\u00f3n de Sanidad Vegetal<\/a><\/li>\n\n\n\n<li><a href=\"https:\/\/www.mida.gob.pa\/direcciones\/direcciones_nacionales\/direcci-n-de-sanidad-vegetal\/requisitos-fitosanitarios-para-importaci-n.html\">Requisitos Fitosanitarios para la importaci\u00f3n<\/a><\/li>\n\n\n\n<li><a href=\"https:\/\/www.mida.gob.pa\/direcciones\/direcciones_nacionales\/direcci-n-de-sanidad-vegetal\/listas-espec-ficas-de-plagas-reglamentada.html\">Lista Espec\u00edfica de Plagas Reglamentadas<\/a><\/li>\n<\/ul>\n<\/div>\n\n\n\n<div class=\"wp-block-gutentor-m7-tab gutentor-module-tabs-content gm-tc-854622\">\n<ul class=\"wp-block-list\">\n<li><a href=\"https:\/\/www.ippc.int\/en\/\">https:\/\/www.ippc.int\/en\/<\/a><\/li>\n\n\n\n<li><a href=\"https:\/\/www.ippc.int\/en\/countries\/all\/regulatedpests\/\">CIPF-Listas de Plagas Cuarentenarias Reglamentadas por pa\u00eds<\/a><\/li>\n<\/ul>\n<\/div>\n<\/div><\/div><\/div><\/section>\n\n\n\n<ul class=\"wp-block-list\"><\/ul>\n","protected":false},"excerpt":{"rendered":"M\u00e9xicoGuatemalaBelizeHondurasEl SalvadorNicaraguaCosta RicaPanam\u00e1Convenci\u00f3n Internacional de Protecci\u00f3n Fitosanitaria (CIPF): Sitio CIPF Sitio SENASICA Direcci\u00f3n General de Sanidad Vegetal M\u00f3dulo de Requisitos [...]","protected":false},"author":213237738,"featured_media":0,"parent":0,"menu_order":0,"comment_status":"closed","ping_status":"closed","template":"page-templates\/template-fullwidth.php","meta":{"_coblocks_attr":"","_coblocks_dimensions":"","_coblocks_responsive_height":"","_coblocks_accordion_ie_support":"","_crdt_document":"","footnotes":""},"class_list":["post-5772","page","type-page","status-publish","hentry"],"yoast_head":"<!-- This site is optimized with the Yoast SEO plugin v27.4 - https:\/\/yoast.com\/product\/yoast-seo-wordpress\/ -->\n<title>Enlaces Regi\u00f3n OIRSA - OIRSA<\/title>\n<meta name=\"robots\" content=\"index, follow, max-snippet:-1, max-image-preview:large, max-video-preview:-1\" \/>\n<link rel=\"canonical\" href=\"https:\/\/web.oirsa.org\/en\/enlaces-region-oirsa\/\" \/>\n<meta property=\"og:locale\" content=\"en_US\" \/>\n<meta property=\"og:type\" content=\"article\" \/>\n<meta property=\"og:title\" content=\"Enlaces Regi\u00f3n OIRSA - OIRSA\" \/>\n<meta property=\"og:url\" content=\"https:\/\/web.oirsa.org\/en\/enlaces-region-oirsa\/\" \/>\n<meta property=\"og:site_name\" content=\"OIRSA\" \/>\n<meta property=\"article:publisher\" content=\"https:\/\/www.facebook.com\/OIRSAoficial\" \/>\n<meta property=\"article:modified_time\" content=\"2023-10-02T21:40:01+00:00\" \/>\n<meta property=\"og:image\" content=\"https:\/\/i0.wp.com\/web.oirsa.org\/wp-content\/uploads\/2024\/01\/logo-OIRSA23.png?fit=2791%2C782&ssl=1\" \/>\n\t<meta property=\"og:image:width\" content=\"2791\" \/>\n\t<meta property=\"og:image:height\" content=\"782\" \/>\n\t<meta property=\"og:image:type\" content=\"image\/png\" \/>\n<meta name=\"twitter:card\" content=\"summary_large_image\" \/>\n<meta name=\"twitter:site\" content=\"@OIRSAoficial\" \/>\n<meta name=\"twitter:label1\" content=\"Est. reading time\" \/>\n\t<meta name=\"twitter:data1\" content=\"1 minute\" \/>\n<script type=\"application\/ld+json\" class=\"yoast-schema-graph\">{\"@context\":\"https:\\\/\\\/schema.org\",\"@graph\":[{\"@type\":\"WebPage\",\"@id\":\"https:\\\/\\\/web.oirsa.org\\\/enlaces-region-oirsa\",\"url\":\"https:\\\/\\\/web.oirsa.org\\\/enlaces-region-oirsa\",\"name\":\"Enlaces Regi\u00f3n OIRSA - OIRSA\",\"isPartOf\":{\"@id\":\"https:\\\/\\\/web.oirsa.org\\\/#website\"},\"datePublished\":\"2021-12-21T17:26:44+00:00\",\"dateModified\":\"2023-10-02T21:40:01+00:00\",\"breadcrumb\":{\"@id\":\"https:\\\/\\\/web.oirsa.org\\\/enlaces-region-oirsa#breadcrumb\"},\"inLanguage\":\"en-US\",\"potentialAction\":[{\"@type\":\"ReadAction\",\"target\":[\"https:\\\/\\\/web.oirsa.org\\\/enlaces-region-oirsa\"]}]},{\"@type\":\"BreadcrumbList\",\"@id\":\"https:\\\/\\\/web.oirsa.org\\\/enlaces-region-oirsa#breadcrumb\",\"itemListElement\":[{\"@type\":\"ListItem\",\"position\":1,\"name\":\"Portada\",\"item\":\"https:\\\/\\\/web.oirsa.org\\\/\"},{\"@type\":\"ListItem\",\"position\":2,\"name\":\"Enlaces Regi\u00f3n OIRSA\"}]},{\"@type\":\"WebSite\",\"@id\":\"https:\\\/\\\/web.oirsa.org\\\/#website\",\"url\":\"https:\\\/\\\/web.oirsa.org\\\/\",\"name\":\"OIRSA\",\"description\":\"Organismo Internacional Regional de Sanidad Agropecuaria\",\"publisher\":{\"@id\":\"https:\\\/\\\/web.oirsa.org\\\/#organization\"},\"potentialAction\":[{\"@type\":\"SearchAction\",\"target\":{\"@type\":\"EntryPoint\",\"urlTemplate\":\"https:\\\/\\\/web.oirsa.org\\\/?s={search_term_string}\"},\"query-input\":{\"@type\":\"PropertyValueSpecification\",\"valueRequired\":true,\"valueName\":\"search_term_string\"}}],\"inLanguage\":\"en-US\"},{\"@type\":\"Organization\",\"@id\":\"https:\\\/\\\/web.oirsa.org\\\/#organization\",\"name\":\"OIRSA\",\"url\":\"https:\\\/\\\/web.oirsa.org\\\/\",\"logo\":{\"@type\":\"ImageObject\",\"inLanguage\":\"en-US\",\"@id\":\"https:\\\/\\\/web.oirsa.org\\\/#\\\/schema\\\/logo\\\/image\\\/\",\"url\":\"https:\\\/\\\/web.oirsa.org\\\/wp-content\\\/uploads\\\/2024\\\/01\\\/cropped-LOGO-OIRSA-2023.png\",\"contentUrl\":\"https:\\\/\\\/web.oirsa.org\\\/wp-content\\\/uploads\\\/2024\\\/01\\\/cropped-LOGO-OIRSA-2023.png\",\"width\":512,\"height\":512,\"caption\":\"OIRSA\"},\"image\":{\"@id\":\"https:\\\/\\\/web.oirsa.org\\\/#\\\/schema\\\/logo\\\/image\\\/\"},\"sameAs\":[\"https:\\\/\\\/www.facebook.com\\\/OIRSAoficial\",\"https:\\\/\\\/x.com\\\/OIRSAoficial\"]}]}<\/script>\n<!-- \/ Yoast SEO plugin. -->","yoast_head_json":{"title":"Enlaces Regi\u00f3n OIRSA - OIRSA","robots":{"index":"index","follow":"follow","max-snippet":"max-snippet:-1","max-image-preview":"max-image-preview:large","max-video-preview":"max-video-preview:-1"},"canonical":"https:\/\/web.oirsa.org\/en\/enlaces-region-oirsa\/","og_locale":"en_US","og_type":"article","og_title":"Enlaces Regi\u00f3n OIRSA - OIRSA","og_url":"https:\/\/web.oirsa.org\/en\/enlaces-region-oirsa\/","og_site_name":"OIRSA","article_publisher":"https:\/\/www.facebook.com\/OIRSAoficial","article_modified_time":"2023-10-02T21:40:01+00:00","og_image":[{"width":2791,"height":782,"url":"https:\/\/i0.wp.com\/web.oirsa.org\/wp-content\/uploads\/2024\/01\/logo-OIRSA23.png?fit=2791%2C782&ssl=1","type":"image\/png"}],"twitter_card":"summary_large_image","twitter_site":"@OIRSAoficial","twitter_misc":{"Est. reading time":"1 minute"},"schema":{"@context":"https:\/\/schema.org","@graph":[{"@type":"WebPage","@id":"https:\/\/web.oirsa.org\/enlaces-region-oirsa","url":"https:\/\/web.oirsa.org\/enlaces-region-oirsa","name":"Enlaces Regi\u00f3n OIRSA - OIRSA","isPartOf":{"@id":"https:\/\/web.oirsa.org\/#website"},"datePublished":"2021-12-21T17:26:44+00:00","dateModified":"2023-10-02T21:40:01+00:00","breadcrumb":{"@id":"https:\/\/web.oirsa.org\/enlaces-region-oirsa#breadcrumb"},"inLanguage":"en-US","potentialAction":[{"@type":"ReadAction","target":["https:\/\/web.oirsa.org\/enlaces-region-oirsa"]}]},{"@type":"BreadcrumbList","@id":"https:\/\/web.oirsa.org\/enlaces-region-oirsa#breadcrumb","itemListElement":[{"@type":"ListItem","position":1,"name":"Portada","item":"https:\/\/web.oirsa.org\/"},{"@type":"ListItem","position":2,"name":"Enlaces Regi\u00f3n OIRSA"}]},{"@type":"WebSite","@id":"https:\/\/web.oirsa.org\/#website","url":"https:\/\/web.oirsa.org\/","name":"OIRSA","description":"Organismo Internacional Regional de Sanidad Agropecuaria","publisher":{"@id":"https:\/\/web.oirsa.org\/#organization"},"potentialAction":[{"@type":"SearchAction","target":{"@type":"EntryPoint","urlTemplate":"https:\/\/web.oirsa.org\/?s={search_term_string}"},"query-input":{"@type":"PropertyValueSpecification","valueRequired":true,"valueName":"search_term_string"}}],"inLanguage":"en-US"},{"@type":"Organization","@id":"https:\/\/web.oirsa.org\/#organization","name":"OIRSA","url":"https:\/\/web.oirsa.org\/","logo":{"@type":"ImageObject","inLanguage":"en-US","@id":"https:\/\/web.oirsa.org\/#\/schema\/logo\/image\/","url":"https:\/\/web.oirsa.org\/wp-content\/uploads\/2024\/01\/cropped-LOGO-OIRSA-2023.png","contentUrl":"https:\/\/web.oirsa.org\/wp-content\/uploads\/2024\/01\/cropped-LOGO-OIRSA-2023.png","width":512,"height":512,"caption":"OIRSA"},"image":{"@id":"https:\/\/web.oirsa.org\/#\/schema\/logo\/image\/"},"sameAs":["https:\/\/www.facebook.com\/OIRSAoficial","https:\/\/x.com\/OIRSAoficial"]}]}},"jetpack_sharing_enabled":true,"_links":{"self":[{"href":"https:\/\/web.oirsa.org\/en\/wp-json\/wp\/v2\/pages\/5772","targetHints":{"allow":["GET"]}}],"collection":[{"href":"https:\/\/web.oirsa.org\/en\/wp-json\/wp\/v2\/pages"}],"about":[{"href":"https:\/\/web.oirsa.org\/en\/wp-json\/wp\/v2\/types\/page"}],"author":[{"embeddable":true,"href":"https:\/\/web.oirsa.org\/en\/wp-json\/wp\/v2\/users\/213237738"}],"replies":[{"embeddable":true,"href":"https:\/\/web.oirsa.org\/en\/wp-json\/wp\/v2\/comments?post=5772"}],"version-history":[{"count":83,"href":"https:\/\/web.oirsa.org\/en\/wp-json\/wp\/v2\/pages\/5772\/revisions"}],"predecessor-version":[{"id":12431,"href":"https:\/\/web.oirsa.org\/en\/wp-json\/wp\/v2\/pages\/5772\/revisions\/12431"}],"wp:attachment":[{"href":"https:\/\/web.oirsa.org\/en\/wp-json\/wp\/v2\/media?parent=5772"}],"curies":[{"name":"wp","href":"https:\/\/api.w.org\/{rel}","templated":true}]}}