{"id":5731,"date":"2021-12-20T16:44:34","date_gmt":"2021-12-20T22:44:34","guid":{"rendered":"http:\/\/10.103.20.84\/?page_id=5731"},"modified":"2021-12-20T16:47:43","modified_gmt":"2021-12-20T22:47:43","slug":"programa-regional-de-apoyo-al-control-de-la-roya-del-cafeto","status":"publish","type":"page","link":"https:\/\/web.oirsa.org\/en\/programa-regional-de-apoyo-al-control-de-la-roya-del-cafeto","title":{"rendered":"Programa regional de apoyo al control de la Roya del Cafeto"},"content":{"rendered":"<style>\/*! elementor - v3.5.1 - 20-12-2021 *\/\n.elementor-heading-title{padding:0;margin:0;line-height:1}.elementor-widget-heading .elementor-heading-title[class*=elementor-size-]>a{color:inherit;font-size:inherit;line-height:inherit}.elementor-widget-heading .elementor-heading-title.elementor-size-small{font-size:15px}.elementor-widget-heading .elementor-heading-title.elementor-size-medium{font-size:19px}.elementor-widget-heading .elementor-heading-title.elementor-size-large{font-size:29px}.elementor-widget-heading .elementor-heading-title.elementor-size-xl{font-size:39px}.elementor-widget-heading .elementor-heading-title.elementor-size-xxl{font-size:59px}<\/style>\n<h2>Programa regional de apoyo al control de la Roya del Cafeto<br \/>\n<\/h2>\n<section>\n<p>La roya del cafeto, causada por el hongo Hemileia vastatrix, viene desde muy lejos. Fue descubierta en el noreste de \u00c1frica en 1861. Para 1970, la enfermedad ya estaba en Brasil, la cual, muy probablemente lleg\u00f3 en semillas infectadas tra\u00eddas en barco o avi\u00f3n. De ah\u00ed se propag\u00f3 a la regi\u00f3n centroamericana, apareciendo en 1976, en Nicaragua y, posteriormente, en el resto de pa\u00edses, incluyendo M\u00e9xico y el Caribe.<\/p>\n<p>Para el \u00faltimo trimestre del 2012, la roya del cafeto se manifest\u00f3 como una epifitia (epidemia) en todos los pa\u00edses de la regi\u00f3n OIRSA, causando da\u00f1os entre el 30 y 100% en el 54% del parque cafetero, lo que ha puesto en amenaza las exportaciones del grano, especialmente para la cosecha 2013\/2014, la generaci\u00f3n de empleos e ingresos, afectaci\u00f3n del medio ambiente y la estabilidad social.<\/p>\n<p>Ante esta epidemia, los ministros y secretarios de agricultura y ganader\u00eda de los pa\u00edses de la regi\u00f3n OIRSA, reunidos en Nicaragua, el 30 de noviembre de 2012, durante la LI Reuni\u00f3n Extraordinaria del CIRSA, resolvieron que el OIRSA coordinara un equipo de trabajo para elaborar un programa regional de control de la roya del caf\u00e9.<\/p>\n<p>Entonces, es as\u00ed como surge el Programa regional de apoyo al control de la Roya del Cafeto, mediante el cual se persigue apoyar las estrategias nacionales de control de la principal plaga del caf\u00e9, que actualmente amenaza la econom\u00eda y el bienestar social de los pa\u00edses de la regi\u00f3n.<\/p>\n<p>El programa se est\u00e1 ejecutando con base en 6 componentes: 1) Transferencia de metodolog\u00eda de campa\u00f1a fitosanitaria; 2) Asistencia t\u00e9cnica; 3) Capacitaci\u00f3n; 4) Comunicaci\u00f3n; 5) Supervisi\u00f3n, seguimiento y evaluaci\u00f3n y 6) Gesti\u00f3n y coordinaci\u00f3n t\u00e9cnica. Inicialmente, el programa tendr\u00eda una duraci\u00f3n de dos a\u00f1os, a partir del 2013, con un presupuesto de US$777,444.00. No obstante, ha sido prorrogado hasta el 2015.<\/p>\n<p>Se espera que el programa facilite la implementaci\u00f3n de proyectos espec\u00edficos y complementarios, cuyo financiamiento provendr\u00eda de la cooperaci\u00f3n internacional<\/p>\n<\/section>\n<style>\/*! elementor - v3.5.1 - 20-12-2021 *\/\n.elementor-widget-image{text-align:center}.elementor-widget-image a{display:inline-block}.elementor-widget-image a img[src$=\".svg\"]{width:48px}.elementor-widget-image img{vertical-align:middle;display:inline-block}<\/style>\n<p>\t\t\t\t\t\t\t\t\t\t\t\t<img data-recalc-dims=\"1\" decoding=\"async\" width=\"319\" height=\"164\" src=\"https:\/\/i0.wp.com\/web.oirsa.org\/wp-content\/uploads\/2021\/12\/roya-1.png?resize=319%2C164&#038;ssl=1\" alt=\"\" loading=\"lazy\" srcset=\"https:\/\/i0.wp.com\/oirsa.wpcomstaging.com\/wp-content\/uploads\/2021\/12\/roya-1.png?w=319&amp;ssl=1 319w, https:\/\/i0.wp.com\/oirsa.wpcomstaging.com\/wp-content\/uploads\/2021\/12\/roya-1.png?resize=300%2C154&amp;ssl=1 300w\" sizes=\"auto, (max-width: 319px) 100vw, 319px\" \/><br \/>\n\t\t\t\t\t\t\t\t\t\t\t\t\t\t\t<img data-recalc-dims=\"1\" decoding=\"async\" width=\"318\" height=\"163\" src=\"https:\/\/i0.wp.com\/web.oirsa.org\/wp-content\/uploads\/2021\/12\/roya-2.png?resize=318%2C163&#038;ssl=1\" alt=\"\" loading=\"lazy\" srcset=\"https:\/\/i0.wp.com\/oirsa.wpcomstaging.com\/wp-content\/uploads\/2021\/12\/roya-2.png?w=318&amp;ssl=1 318w, https:\/\/i0.wp.com\/oirsa.wpcomstaging.com\/wp-content\/uploads\/2021\/12\/roya-2.png?resize=300%2C154&amp;ssl=1 300w\" sizes=\"auto, (max-width: 318px) 100vw, 318px\" \/><\/p>\n","protected":false},"excerpt":{"rendered":"<p>Programa regional de apoyo al control de la Roya del Cafeto La roya del cafeto, causada por el hongo Hemileia [&hellip;]<\/p>\n","protected":false},"author":213237738,"featured_media":0,"parent":0,"menu_order":0,"comment_status":"closed","ping_status":"closed","template":"","meta":{"_coblocks_attr":"","_coblocks_dimensions":"","_coblocks_responsive_height":"","_coblocks_accordion_ie_support":"","_crdt_document":"","footnotes":""},"class_list":["post-5731","page","type-page","status-publish","hentry"],"yoast_head":"<!-- This site is optimized with the Yoast SEO plugin v27.3 - https:\/\/yoast.com\/product\/yoast-seo-wordpress\/ -->\n<title>Programa regional de apoyo al control de la Roya del Cafeto - OIRSA<\/title>\n<meta name=\"robots\" content=\"index, follow, max-snippet:-1, max-image-preview:large, max-video-preview:-1\" \/>\n<link rel=\"canonical\" href=\"https:\/\/web.oirsa.org\/en\/programa-regional-de-apoyo-al-control-de-la-roya-del-cafeto\/\" \/>\n<meta property=\"og:locale\" content=\"en_US\" \/>\n<meta property=\"og:type\" content=\"article\" \/>\n<meta property=\"og:title\" content=\"Programa regional de apoyo al control de la Roya del Cafeto - OIRSA\" \/>\n<meta property=\"og:description\" content=\"Programa regional de apoyo al control de la Roya del Cafeto La roya del cafeto, causada por el hongo Hemileia [&hellip;]\" \/>\n<meta property=\"og:url\" content=\"https:\/\/web.oirsa.org\/en\/programa-regional-de-apoyo-al-control-de-la-roya-del-cafeto\/\" \/>\n<meta property=\"og:site_name\" content=\"OIRSA\" \/>\n<meta property=\"article:publisher\" content=\"https:\/\/www.facebook.com\/OIRSAoficial\" \/>\n<meta property=\"article:modified_time\" content=\"2021-12-20T22:47:43+00:00\" \/>\n<meta property=\"og:image\" content=\"https:\/\/web.oirsa.org\/wp-content\/uploads\/2021\/12\/roya-1.png\" \/>\n<meta name=\"twitter:card\" content=\"summary_large_image\" \/>\n<meta name=\"twitter:site\" content=\"@OIRSAoficial\" \/>\n<meta name=\"twitter:label1\" content=\"Est. reading time\" \/>\n\t<meta name=\"twitter:data1\" content=\"2 minutes\" \/>\n<script type=\"application\/ld+json\" class=\"yoast-schema-graph\">{\"@context\":\"https:\\\/\\\/schema.org\",\"@graph\":[{\"@type\":\"WebPage\",\"@id\":\"https:\\\/\\\/web.oirsa.org\\\/programa-regional-de-apoyo-al-control-de-la-roya-del-cafeto\",\"url\":\"https:\\\/\\\/web.oirsa.org\\\/programa-regional-de-apoyo-al-control-de-la-roya-del-cafeto\",\"name\":\"Programa regional de apoyo al control de la Roya del Cafeto - OIRSA\",\"isPartOf\":{\"@id\":\"https:\\\/\\\/web.oirsa.org\\\/#website\"},\"primaryImageOfPage\":{\"@id\":\"https:\\\/\\\/web.oirsa.org\\\/programa-regional-de-apoyo-al-control-de-la-roya-del-cafeto#primaryimage\"},\"image\":{\"@id\":\"https:\\\/\\\/web.oirsa.org\\\/programa-regional-de-apoyo-al-control-de-la-roya-del-cafeto#primaryimage\"},\"thumbnailUrl\":\"https:\\\/\\\/web.oirsa.org\\\/wp-content\\\/uploads\\\/2021\\\/12\\\/roya-1.png\",\"datePublished\":\"2021-12-20T22:44:34+00:00\",\"dateModified\":\"2021-12-20T22:47:43+00:00\",\"breadcrumb\":{\"@id\":\"https:\\\/\\\/web.oirsa.org\\\/programa-regional-de-apoyo-al-control-de-la-roya-del-cafeto#breadcrumb\"},\"inLanguage\":\"en-US\",\"potentialAction\":[{\"@type\":\"ReadAction\",\"target\":[\"https:\\\/\\\/web.oirsa.org\\\/programa-regional-de-apoyo-al-control-de-la-roya-del-cafeto\"]}]},{\"@type\":\"ImageObject\",\"inLanguage\":\"en-US\",\"@id\":\"https:\\\/\\\/web.oirsa.org\\\/programa-regional-de-apoyo-al-control-de-la-roya-del-cafeto#primaryimage\",\"url\":\"https:\\\/\\\/web.oirsa.org\\\/wp-content\\\/uploads\\\/2021\\\/12\\\/roya-1.png\",\"contentUrl\":\"https:\\\/\\\/web.oirsa.org\\\/wp-content\\\/uploads\\\/2021\\\/12\\\/roya-1.png\"},{\"@type\":\"BreadcrumbList\",\"@id\":\"https:\\\/\\\/web.oirsa.org\\\/programa-regional-de-apoyo-al-control-de-la-roya-del-cafeto#breadcrumb\",\"itemListElement\":[{\"@type\":\"ListItem\",\"position\":1,\"name\":\"Portada\",\"item\":\"https:\\\/\\\/web.oirsa.org\\\/\"},{\"@type\":\"ListItem\",\"position\":2,\"name\":\"Programa regional de apoyo al control de la Roya del Cafeto\"}]},{\"@type\":\"WebSite\",\"@id\":\"https:\\\/\\\/web.oirsa.org\\\/#website\",\"url\":\"https:\\\/\\\/web.oirsa.org\\\/\",\"name\":\"OIRSA\",\"description\":\"Organismo Internacional Regional de Sanidad Agropecuaria\",\"publisher\":{\"@id\":\"https:\\\/\\\/web.oirsa.org\\\/#organization\"},\"potentialAction\":[{\"@type\":\"SearchAction\",\"target\":{\"@type\":\"EntryPoint\",\"urlTemplate\":\"https:\\\/\\\/web.oirsa.org\\\/?s={search_term_string}\"},\"query-input\":{\"@type\":\"PropertyValueSpecification\",\"valueRequired\":true,\"valueName\":\"search_term_string\"}}],\"inLanguage\":\"en-US\"},{\"@type\":\"Organization\",\"@id\":\"https:\\\/\\\/web.oirsa.org\\\/#organization\",\"name\":\"OIRSA\",\"url\":\"https:\\\/\\\/web.oirsa.org\\\/\",\"logo\":{\"@type\":\"ImageObject\",\"inLanguage\":\"en-US\",\"@id\":\"https:\\\/\\\/web.oirsa.org\\\/#\\\/schema\\\/logo\\\/image\\\/\",\"url\":\"https:\\\/\\\/web.oirsa.org\\\/wp-content\\\/uploads\\\/2024\\\/01\\\/cropped-LOGO-OIRSA-2023.png\",\"contentUrl\":\"https:\\\/\\\/web.oirsa.org\\\/wp-content\\\/uploads\\\/2024\\\/01\\\/cropped-LOGO-OIRSA-2023.png\",\"width\":512,\"height\":512,\"caption\":\"OIRSA\"},\"image\":{\"@id\":\"https:\\\/\\\/web.oirsa.org\\\/#\\\/schema\\\/logo\\\/image\\\/\"},\"sameAs\":[\"https:\\\/\\\/www.facebook.com\\\/OIRSAoficial\",\"https:\\\/\\\/x.com\\\/OIRSAoficial\"]}]}<\/script>\n<!-- \/ Yoast SEO plugin. -->","yoast_head_json":{"title":"Programa regional de apoyo al control de la Roya del Cafeto - OIRSA","robots":{"index":"index","follow":"follow","max-snippet":"max-snippet:-1","max-image-preview":"max-image-preview:large","max-video-preview":"max-video-preview:-1"},"canonical":"https:\/\/web.oirsa.org\/en\/programa-regional-de-apoyo-al-control-de-la-roya-del-cafeto\/","og_locale":"en_US","og_type":"article","og_title":"Programa regional de apoyo al control de la Roya del Cafeto - OIRSA","og_description":"Programa regional de apoyo al control de la Roya del Cafeto La roya del cafeto, causada por el hongo Hemileia [&hellip;]","og_url":"https:\/\/web.oirsa.org\/en\/programa-regional-de-apoyo-al-control-de-la-roya-del-cafeto\/","og_site_name":"OIRSA","article_publisher":"https:\/\/www.facebook.com\/OIRSAoficial","article_modified_time":"2021-12-20T22:47:43+00:00","og_image":[{"url":"https:\/\/web.oirsa.org\/wp-content\/uploads\/2021\/12\/roya-1.png","type":"","width":"","height":""}],"twitter_card":"summary_large_image","twitter_site":"@OIRSAoficial","twitter_misc":{"Est. reading time":"2 minutes"},"schema":{"@context":"https:\/\/schema.org","@graph":[{"@type":"WebPage","@id":"https:\/\/web.oirsa.org\/programa-regional-de-apoyo-al-control-de-la-roya-del-cafeto","url":"https:\/\/web.oirsa.org\/programa-regional-de-apoyo-al-control-de-la-roya-del-cafeto","name":"Programa regional de apoyo al control de la Roya del Cafeto - OIRSA","isPartOf":{"@id":"https:\/\/web.oirsa.org\/#website"},"primaryImageOfPage":{"@id":"https:\/\/web.oirsa.org\/programa-regional-de-apoyo-al-control-de-la-roya-del-cafeto#primaryimage"},"image":{"@id":"https:\/\/web.oirsa.org\/programa-regional-de-apoyo-al-control-de-la-roya-del-cafeto#primaryimage"},"thumbnailUrl":"https:\/\/web.oirsa.org\/wp-content\/uploads\/2021\/12\/roya-1.png","datePublished":"2021-12-20T22:44:34+00:00","dateModified":"2021-12-20T22:47:43+00:00","breadcrumb":{"@id":"https:\/\/web.oirsa.org\/programa-regional-de-apoyo-al-control-de-la-roya-del-cafeto#breadcrumb"},"inLanguage":"en-US","potentialAction":[{"@type":"ReadAction","target":["https:\/\/web.oirsa.org\/programa-regional-de-apoyo-al-control-de-la-roya-del-cafeto"]}]},{"@type":"ImageObject","inLanguage":"en-US","@id":"https:\/\/web.oirsa.org\/programa-regional-de-apoyo-al-control-de-la-roya-del-cafeto#primaryimage","url":"https:\/\/web.oirsa.org\/wp-content\/uploads\/2021\/12\/roya-1.png","contentUrl":"https:\/\/web.oirsa.org\/wp-content\/uploads\/2021\/12\/roya-1.png"},{"@type":"BreadcrumbList","@id":"https:\/\/web.oirsa.org\/programa-regional-de-apoyo-al-control-de-la-roya-del-cafeto#breadcrumb","itemListElement":[{"@type":"ListItem","position":1,"name":"Portada","item":"https:\/\/web.oirsa.org\/"},{"@type":"ListItem","position":2,"name":"Programa regional de apoyo al control de la Roya del Cafeto"}]},{"@type":"WebSite","@id":"https:\/\/web.oirsa.org\/#website","url":"https:\/\/web.oirsa.org\/","name":"OIRSA","description":"Organismo Internacional Regional de Sanidad Agropecuaria","publisher":{"@id":"https:\/\/web.oirsa.org\/#organization"},"potentialAction":[{"@type":"SearchAction","target":{"@type":"EntryPoint","urlTemplate":"https:\/\/web.oirsa.org\/?s={search_term_string}"},"query-input":{"@type":"PropertyValueSpecification","valueRequired":true,"valueName":"search_term_string"}}],"inLanguage":"en-US"},{"@type":"Organization","@id":"https:\/\/web.oirsa.org\/#organization","name":"OIRSA","url":"https:\/\/web.oirsa.org\/","logo":{"@type":"ImageObject","inLanguage":"en-US","@id":"https:\/\/web.oirsa.org\/#\/schema\/logo\/image\/","url":"https:\/\/web.oirsa.org\/wp-content\/uploads\/2024\/01\/cropped-LOGO-OIRSA-2023.png","contentUrl":"https:\/\/web.oirsa.org\/wp-content\/uploads\/2024\/01\/cropped-LOGO-OIRSA-2023.png","width":512,"height":512,"caption":"OIRSA"},"image":{"@id":"https:\/\/web.oirsa.org\/#\/schema\/logo\/image\/"},"sameAs":["https:\/\/www.facebook.com\/OIRSAoficial","https:\/\/x.com\/OIRSAoficial"]}]}},"jetpack_sharing_enabled":true,"_links":{"self":[{"href":"https:\/\/web.oirsa.org\/en\/wp-json\/wp\/v2\/pages\/5731","targetHints":{"allow":["GET"]}}],"collection":[{"href":"https:\/\/web.oirsa.org\/en\/wp-json\/wp\/v2\/pages"}],"about":[{"href":"https:\/\/web.oirsa.org\/en\/wp-json\/wp\/v2\/types\/page"}],"author":[{"embeddable":true,"href":"https:\/\/web.oirsa.org\/en\/wp-json\/wp\/v2\/users\/213237738"}],"replies":[{"embeddable":true,"href":"https:\/\/web.oirsa.org\/en\/wp-json\/wp\/v2\/comments?post=5731"}],"version-history":[{"count":4,"href":"https:\/\/web.oirsa.org\/en\/wp-json\/wp\/v2\/pages\/5731\/revisions"}],"predecessor-version":[{"id":5740,"href":"https:\/\/web.oirsa.org\/en\/wp-json\/wp\/v2\/pages\/5731\/revisions\/5740"}],"wp:attachment":[{"href":"https:\/\/web.oirsa.org\/en\/wp-json\/wp\/v2\/media?parent=5731"}],"curies":[{"name":"wp","href":"https:\/\/api.w.org\/{rel}","templated":true}]}}