{"id":5260,"date":"2021-12-16T13:52:25","date_gmt":"2021-12-16T19:52:25","guid":{"rendered":"http:\/\/10.103.20.84\/?page_id=5260"},"modified":"2024-01-08T15:43:43","modified_gmt":"2024-01-08T21:43:43","slug":"trazabilidad","status":"publish","type":"page","link":"https:\/\/web.oirsa.org\/en\/trazabilidad","title":{"rendered":"Agricultural Traceability"},"content":{"rendered":"<div class=\"wpb-content-wrapper\"><section class=\"wpb_row vc_row-fluid\"><div class=\"container\"><div class=\"row\"><div class=\"wpb_column vc_column_container vc_col-sm-12\"><div class=\"vc_column-inner \"  ><div class=\"wpb_wrapper\"><div class=\"vc_row wpb_row vc_inner vc_row-fluid\"><div class=\"wpb_column vc_column_container vc_col-sm-4\"><div class=\"vc_column-inner\"><div class=\"wpb_wrapper\">\n\t<div  class=\"wpb_single_image wpb_content_element vc_align_left wpb_content_element\">\n\t\t\n\t\t<figure class=\"wpb_wrapper vc_figure\">\n\t\t\t<div class=\"vc_single_image-wrapper vc_box_rounded  vc_box_border_grey\"><img loading=\"lazy\" decoding=\"async\" width=\"960\" height=\"503\" src=\"https:\/\/i0.wp.com\/web.oirsa.org\/wp-content\/uploads\/2021\/12\/honduras-Trazabilidad.jpg?fit=960%2C503&amp;ssl=1\" class=\"vc_single_image-img attachment-full\" alt=\"\" title=\"honduras Trazabilidad\" srcset=\"https:\/\/i0.wp.com\/web.oirsa.org\/wp-content\/uploads\/2021\/12\/honduras-Trazabilidad.jpg?w=960&amp;ssl=1 960w, https:\/\/i0.wp.com\/web.oirsa.org\/wp-content\/uploads\/2021\/12\/honduras-Trazabilidad.jpg?resize=300%2C157&amp;ssl=1 300w, https:\/\/i0.wp.com\/web.oirsa.org\/wp-content\/uploads\/2021\/12\/honduras-Trazabilidad.jpg?resize=768%2C402&amp;ssl=1 768w\" sizes=\"auto, (max-width: 525px) 100vw, 525px\" \/><\/div>\n\t\t<\/figure>\n\t<\/div>\n<\/div><\/div><\/div><div class=\"wpb_column vc_column_container vc_col-sm-8\"><div class=\"vc_column-inner\"><div class=\"wpb_wrapper\">\n\t<div class=\"wpb_text_column wpb_content_element\" >\n\t\t<div class=\"wpb_wrapper\">\n\t\t\t<p style=\"text-align: justify;\">La trazabilidad es la posibilidad de encontrar y seguir el rastro a trav\u00e9s de todas las etapas de producci\u00f3n, transformaci\u00f3n y distribuci\u00f3n de: un alimento, una raci\u00f3n, un animal destinado a la producci\u00f3n de alimentos, una sustancia a ser destinada a ser incorporada en alimentos o raciones.<\/p>\n<p><!-- \/wp:post-content --><\/p>\n<p style=\"text-align: justify;\"><!-- wp:paragraph -->La OIE define la identificaci\u00f3n y la trazabilidad de los animales como herramientas destinadas a mejorar la sanidad animal y la seguridad sanitaria de los alimentos.<\/p>\n<p>&nbsp;<\/p>\n\n\t\t<\/div>\n\t<\/div>\n<\/div><\/div><\/div><\/div><div class=\"vc_row wpb_row vc_inner vc_row-fluid vc_custom_1697218942874 vc_row-has-fill\"><div class=\"wpb_column vc_column_container vc_col-sm-12\"><div class=\"vc_column-inner\"><div class=\"wpb_wrapper\">\n\t<div class=\"wpb_text_column wpb_content_element\" >\n\t\t<div class=\"wpb_wrapper\">\n\t\t\t<p><strong>Al implementar el sistema en un \u00e1mbito nacional podemos:<\/strong><\/p>\n<ul>\n<li style=\"text-align: justify;\">Contribuir a mejorar la sanidad animal, a trav\u00e9s del diagn\u00f3stico, detecci\u00f3n y notificaci\u00f3n de enfermedades, as\u00ed como un mejor desarrollo de programas de control y vacunaci\u00f3n.<\/li>\n<li style=\"text-align: justify;\">Mantener la admisibilidad y el acceso de los mercados actuales y futuros en funci\u00f3n del apoyo de actividades de inspecci\u00f3n y certificaci\u00f3n de los servicios veterinarios.<\/li>\n<li style=\"text-align: justify;\">Prevenir la transmisi\u00f3n de enfermedades zoon\u00f3ticas, por ejemplo, la tuberculosis, la brucelosis y la encefalopat\u00eda espongiforme bovina.<\/li>\n<li style=\"text-align: justify;\">Favorecer la seguridad sanitaria en los alimentos.<\/li>\n<li style=\"text-align: justify;\">Disminuci\u00f3n de delitos como abigeato, hurto, robo y contrabando de ganado bovino; reduciendo as\u00ed las p\u00e9rdidas de nuestros productores.<\/li>\n<\/ul>\n<p><strong>A su vez los elementos de registro que integran la trazabilidad, constituyen:<\/strong><\/p>\n<ul>\n<li style=\"text-align: justify;\">Una herramienta de planificaci\u00f3n a nivel p\u00fablico y privado, tanto para la realizaci\u00f3n de censos como para mejorar procesos productivos y comerciales.<\/li>\n<li style=\"text-align: justify;\">Mayor confianza para clientes, mejor respaldo para productores y proteger la salud de los consumidores son objetivos que impulsa la implementaci\u00f3n de \u00e9ste sistema.<\/li>\n<\/ul>\n\n\t\t<\/div>\n\t<\/div>\n<\/div><\/div><\/div><\/div><div class=\"vc_row wpb_row vc_inner vc_row-fluid vc_custom_1697218955066 vc_row-has-fill\"><div class=\"wpb_column vc_column_container vc_col-sm-12\"><div class=\"vc_column-inner\"><div class=\"wpb_wrapper\"><h1 style=\"font-size: 28px;color: #002166;line-height: 1.2;text-align: center;font-family:Montserrat;font-weight:400;font-style:normal\" class=\"vc_custom_heading vc_do_custom_heading\" >Sistema Regional Armonizado de Trazabilidad Agropecuaria (Trazar-Agro)<\/h1><\/div><\/div><\/div><div class=\"wpb_column vc_column_container vc_col-sm-6\"><div class=\"vc_column-inner\"><div class=\"wpb_wrapper\">\n\t<div class=\"wpb_text_column wpb_content_element\" >\n\t\t<div class=\"wpb_wrapper\">\n\t\t\t<p style=\"text-align: justify;\">Es la herramienta que facilita la aplicaci\u00f3n de los est\u00e1ndares regionales de trazabilidad, el registro y control de personas y establecimientos agropecuarios, acu\u00edcolas y pesqueros y el seguimiento de las dem\u00e1s operaciones de trazabilidad relacionadas con dichos rubros.<\/p>\n<p style=\"text-align: justify;\"><strong>M\u00f3dulos en Trazar-agro:<\/strong><\/p>\n<ul>\n<li>M\u00f3dulo de registro de personas y establecimientos agropecuarios, acu\u00edcolas y pesqueros<\/li>\n<li>M\u00f3dulo bovino<\/li>\n<li>M\u00f3dulo ap\u00edcola<\/li>\n<li>M\u00f3dulo productos de la pesca<\/li>\n<li>M\u00f3dulo acu\u00edcola<\/li>\n<\/ul>\n\n\t\t<\/div>\n\t<\/div>\n<\/div><\/div><\/div><div class=\"wpb_column vc_column_container vc_col-sm-6\"><div class=\"vc_column-inner\"><div class=\"wpb_wrapper\">\n\t<div  class=\"wpb_single_image wpb_content_element vc_align_center wpb_content_element\">\n\t\t\n\t\t<figure class=\"wpb_wrapper vc_figure\">\n\t\t\t<div class=\"vc_single_image-wrapper vc_box_rounded  vc_box_border_grey\"><img loading=\"lazy\" decoding=\"async\" width=\"768\" height=\"433\" src=\"https:\/\/i0.wp.com\/web.oirsa.org\/wp-content\/uploads\/2021\/12\/Trazar-Agro1.png?fit=768%2C433&amp;ssl=1\" class=\"vc_single_image-img attachment-full\" alt=\"\" title=\"Trazar-Agro[1]\" srcset=\"https:\/\/i0.wp.com\/web.oirsa.org\/wp-content\/uploads\/2021\/12\/Trazar-Agro1.png?w=768&amp;ssl=1 768w, https:\/\/i0.wp.com\/web.oirsa.org\/wp-content\/uploads\/2021\/12\/Trazar-Agro1.png?resize=300%2C169&amp;ssl=1 300w\" sizes=\"auto, (max-width: 525px) 100vw, 525px\" \/><\/div>\n\t\t<\/figure>\n\t<\/div>\n<\/div><\/div><\/div><\/div><\/div><\/div><\/div><\/div><\/div><\/section><section class=\"wpb_row vc_row-fluid vc_custom_1697218962409 vc_row-has-fill\"><div class=\"container\"><div class=\"row\"><div class=\"wpb_column vc_column_container vc_col-sm-12\"><div class=\"vc_column-inner \"  ><div class=\"wpb_wrapper\"><h3 style=\"font-size: 20px;color: #002166;text-align: left;font-family:Montserrat;font-weight:700;font-style:normal\" class=\"vc_custom_heading vc_do_custom_heading\" >Trazabilidad bovina:<\/h3><\/div><\/div><\/div><div class=\"wpb_column vc_column_container vc_col-sm-4\"><div class=\"vc_column-inner \"  ><div class=\"wpb_wrapper\">\n\t<div  class=\"wpb_single_image wpb_content_element vc_align_left wpb_content_element\">\n\t\t\n\t\t<figure class=\"wpb_wrapper vc_figure\">\n\t\t\t<div class=\"vc_single_image-wrapper   vc_box_border_grey\"><img loading=\"lazy\" decoding=\"async\" width=\"432\" height=\"559\" src=\"https:\/\/i0.wp.com\/web.oirsa.org\/wp-content\/uploads\/2021\/12\/Captura-de-pantalla-2021-12-16-141041.png?fit=432%2C559&amp;ssl=1\" class=\"vc_single_image-img attachment-large\" alt=\"\" title=\"Trazabilidad Bovina\" srcset=\"https:\/\/i0.wp.com\/web.oirsa.org\/wp-content\/uploads\/2021\/12\/Captura-de-pantalla-2021-12-16-141041.png?w=432&amp;ssl=1 432w, https:\/\/i0.wp.com\/web.oirsa.org\/wp-content\/uploads\/2021\/12\/Captura-de-pantalla-2021-12-16-141041.png?resize=232%2C300&amp;ssl=1 232w\" sizes=\"auto, (max-width: 432px) 100vw, 432px\" \/><\/div>\n\t\t<\/figure>\n\t<\/div>\n<\/div><\/div><\/div><div class=\"wpb_column vc_column_container vc_col-sm-8\"><div class=\"vc_column-inner \"  ><div class=\"wpb_wrapper\">\n\t<div class=\"wpb_text_column wpb_content_element\" >\n\t\t<div class=\"wpb_wrapper\">\n\t\t\t<p style=\"text-align: justify;\">Los pa\u00edses de intervenci\u00f3n del Organismo Internacional de Sanidad Agropecuaria con el apoyo del Banco Interamericano de Desarrollo (BID) a trav\u00e9s del programa de bienes p\u00fablicos regionales han desarrollaron un proceso de armonizaci\u00f3n de los principales elementos relacionados con la implementaci\u00f3n de los sistemas de trazabilidad bovina, aprobado en el 2013 por el Comit\u00e9 Internacional de Sanidad Agropecuaria (CIRSA) el Est\u00e1ndar Regional de Trazabilidad Bovina.<\/p>\n\n\t\t<\/div>\n\t<\/div>\n<\/div><\/div><\/div><\/div><\/div><\/section><section class=\"wpb_row vc_row-fluid vc_custom_1697218971700 vc_row-has-fill\"><div class=\"container\"><div class=\"row\"><div class=\"wpb_column vc_column_container vc_col-sm-12\"><div class=\"vc_column-inner \"  ><div class=\"wpb_wrapper\"><h3 style=\"font-size: 20px;color: #002166;text-align: left;font-family:Montserrat;font-weight:700;font-style:normal\" class=\"vc_custom_heading vc_do_custom_heading\" >Trazabilidad ap\u00edcola<\/h3><\/div><\/div><\/div><div class=\"wpb_column vc_column_container vc_col-sm-4\"><div class=\"vc_column-inner \"  ><div class=\"wpb_wrapper\">\n\t<div  class=\"wpb_single_image wpb_content_element vc_align_left wpb_content_element\">\n\t\t\n\t\t<figure class=\"wpb_wrapper vc_figure\">\n\t\t\t<div class=\"vc_single_image-wrapper   vc_box_border_grey\"><img loading=\"lazy\" decoding=\"async\" width=\"525\" height=\"678\" src=\"https:\/\/i0.wp.com\/web.oirsa.org\/wp-content\/uploads\/2021\/12\/Portada-Estandar-Apicola.png?fit=525%2C678&amp;ssl=1\" class=\"vc_single_image-img attachment-large\" alt=\"\" title=\"Portada Estand\u00e1r Ap\u00edcola\" srcset=\"https:\/\/i0.wp.com\/web.oirsa.org\/wp-content\/uploads\/2021\/12\/Portada-Estandar-Apicola.png?w=639&amp;ssl=1 639w, https:\/\/i0.wp.com\/web.oirsa.org\/wp-content\/uploads\/2021\/12\/Portada-Estandar-Apicola.png?resize=232%2C300&amp;ssl=1 232w\" sizes=\"auto, (max-width: 525px) 100vw, 525px\" \/><\/div>\n\t\t<\/figure>\n\t<\/div>\n<\/div><\/div><\/div><div class=\"wpb_column vc_column_container vc_col-sm-8\"><div class=\"vc_column-inner \"  ><div class=\"wpb_wrapper\">\n\t<div class=\"wpb_text_column wpb_content_element\" >\n\t\t<div class=\"wpb_wrapper\">\n\t\t\t<p style=\"text-align: justify;\">Los Ministerios, Secretar\u00edas de Agricultura y Ganader\u00eda o Institutos de Sanidad Agropecuaria de los pa\u00edses de la Regi\u00f3n de Intervenci\u00f3n del OIRSA, han desarrollado con el apoyo del organismo un proceso de armonizaci\u00f3n de los principales par\u00e1metros relacionados con la identificaci\u00f3n y registro de los productores (apicultores), establecimientos y movimientos de productos y sub productos relacionados al sector ap\u00edcola, que permiten crear condiciones para lograr la trazabilidad ap\u00edcola, que son herramientas de \u00edndole sanitario y comercial; como el apoyo de la gesti\u00f3n productiva, inocuidad de los alimentos, planificaci\u00f3n, ordenamiento del sector, reducci\u00f3n del robo y hurto de colmenas, certificaci\u00f3n y homologaci\u00f3n de los servicios veterinarios, entre muchos otros.<\/p>\n\n\t\t<\/div>\n\t<\/div>\n<\/div><\/div><\/div><\/div><\/div><\/section><section class=\"wpb_row vc_row-fluid vc_custom_1697218976882 vc_row-has-fill\"><div class=\"container\"><div class=\"row\"><div class=\"wpb_column vc_column_container vc_col-sm-12\"><div class=\"vc_column-inner \"  ><div class=\"wpb_wrapper\"><h3 style=\"font-size: 20px;color: #002166;text-align: left;font-family:Montserrat;font-weight:700;font-style:normal\" class=\"vc_custom_heading vc_do_custom_heading\" >Trazabilidad producto acu\u00edcolas y pesqueros:<\/h3><\/div><\/div><\/div><div class=\"wpb_column vc_column_container vc_col-sm-4\"><div class=\"vc_column-inner \"  ><div class=\"wpb_wrapper\">\n\t<div  class=\"wpb_single_image wpb_content_element vc_align_left wpb_content_element\">\n\t\t\n\t\t<figure class=\"wpb_wrapper vc_figure\">\n\t\t\t<div class=\"vc_single_image-wrapper   vc_box_border_grey\"><img loading=\"lazy\" decoding=\"async\" width=\"525\" height=\"693\" src=\"https:\/\/i0.wp.com\/web.oirsa.org\/wp-content\/uploads\/2021\/12\/Portada-Estandar-Acuicola-y-Pesquero.png?fit=525%2C693&amp;ssl=1\" class=\"vc_single_image-img attachment-large\" alt=\"\" title=\"Portada Estandar Acu\u00edcola y Pesquero\" srcset=\"https:\/\/i0.wp.com\/web.oirsa.org\/wp-content\/uploads\/2021\/12\/Portada-Estandar-Acuicola-y-Pesquero.png?w=1236&amp;ssl=1 1236w, https:\/\/i0.wp.com\/web.oirsa.org\/wp-content\/uploads\/2021\/12\/Portada-Estandar-Acuicola-y-Pesquero.png?resize=227%2C300&amp;ssl=1 227w, https:\/\/i0.wp.com\/web.oirsa.org\/wp-content\/uploads\/2021\/12\/Portada-Estandar-Acuicola-y-Pesquero.png?resize=776%2C1024&amp;ssl=1 776w, https:\/\/i0.wp.com\/web.oirsa.org\/wp-content\/uploads\/2021\/12\/Portada-Estandar-Acuicola-y-Pesquero.png?resize=768%2C1013&amp;ssl=1 768w, https:\/\/i0.wp.com\/web.oirsa.org\/wp-content\/uploads\/2021\/12\/Portada-Estandar-Acuicola-y-Pesquero.png?resize=1164%2C1536&amp;ssl=1 1164w, https:\/\/i0.wp.com\/web.oirsa.org\/wp-content\/uploads\/2021\/12\/Portada-Estandar-Acuicola-y-Pesquero.png?resize=1200%2C1583&amp;ssl=1 1200w, https:\/\/i0.wp.com\/web.oirsa.org\/wp-content\/uploads\/2021\/12\/Portada-Estandar-Acuicola-y-Pesquero.png?w=1050&amp;ssl=1 1050w\" sizes=\"auto, (max-width: 525px) 100vw, 525px\" \/><\/div>\n\t\t<\/figure>\n\t<\/div>\n<\/div><\/div><\/div><div class=\"wpb_column vc_column_container vc_col-sm-8\"><div class=\"vc_column-inner \"  ><div class=\"wpb_wrapper\">\n\t<div class=\"wpb_text_column wpb_content_element\" >\n\t\t<div class=\"wpb_wrapper\">\n\t\t\t<p style=\"text-align: justify;\">Los pa\u00edses de la regi\u00f3n de intervenci\u00f3n del Organismo Internacional Regional de Sanidad Agropecuaria (OIRSA) con el apoyo de la Organizaci\u00f3n del Sector Pesquero y Acu\u00edcola del Istmo Centroamericano (OSPESCA), han desarrollado un proceso de armonizaci\u00f3n de los principales par\u00e1metros relacionados con la identificaci\u00f3n, registro de lotes y desplazamientos de los productos acu\u00edcolas y pesqueros, as\u00ed como el registro de la informaci\u00f3n de productores, pescadores y establecimientos que permitir\u00e1n crear las condiciones para lograr la trazabilidad de los productos de la pesca y de la acuicultura, sus productos y subproductos, integrando de esta forma un Sistema Regional Armonizado que apoyar\u00e1 el desarrollo de eventos de \u00edndole sanitario y comerciales, tales como: censos, apoyo a la gesti\u00f3n productiva, certificaci\u00f3n y homologaci\u00f3n de los servicios veterinarios de los pa\u00edses, planificaci\u00f3n, ordenamiento de los sectores, combate a la pesca ilegal no declarada y no reglamentada, reducci\u00f3n de hurto y robo de los productos de la pesca, acceso a mercados que exigen gesti\u00f3n de la trazabilidad, inocuidad de los alimentos, entre muchos otros. (Documento en revisi\u00f3n).<\/p>\n\n\t\t<\/div>\n\t<\/div>\n<\/div><\/div><\/div><\/div><\/div><\/section><\/div>","protected":false},"excerpt":{"rendered":"La trazabilidad es la posibilidad de encontrar y seguir el rastro a trav\u00e9s de todas las etapas de producci\u00f3n, transformaci\u00f3n [...]","protected":false},"author":213237738,"featured_media":0,"parent":0,"menu_order":0,"comment_status":"closed","ping_status":"closed","template":"page-templates\/template-fullwidth.php","meta":{"_coblocks_attr":"","_coblocks_dimensions":"","_coblocks_responsive_height":"","_coblocks_accordion_ie_support":"","_crdt_document":"","footnotes":""},"class_list":["post-5260","page","type-page","status-publish","hentry"],"yoast_head":"<!-- This site is optimized with the Yoast SEO plugin v27.2 - https:\/\/yoast.com\/product\/yoast-seo-wordpress\/ -->\n<title>Trazabilidad Agropecuaria - OIRSA<\/title>\n<meta name=\"robots\" content=\"index, follow, max-snippet:-1, max-image-preview:large, max-video-preview:-1\" \/>\n<link rel=\"canonical\" href=\"https:\/\/web.oirsa.org\/en\/trazabilidad\/\" \/>\n<meta property=\"og:locale\" content=\"en_US\" \/>\n<meta property=\"og:type\" content=\"article\" \/>\n<meta property=\"og:title\" content=\"Trazabilidad Agropecuaria - OIRSA\" \/>\n<meta property=\"og:url\" content=\"https:\/\/web.oirsa.org\/en\/trazabilidad\/\" \/>\n<meta property=\"og:site_name\" content=\"OIRSA\" \/>\n<meta property=\"article:publisher\" content=\"https:\/\/www.facebook.com\/OIRSAoficial\" \/>\n<meta property=\"article:modified_time\" content=\"2024-01-08T21:43:43+00:00\" \/>\n<meta property=\"og:image\" content=\"https:\/\/i0.wp.com\/web.oirsa.org\/wp-content\/uploads\/2024\/01\/logo-OIRSA23.png?fit=2791%2C782&ssl=1\" \/>\n\t<meta property=\"og:image:width\" content=\"2791\" \/>\n\t<meta property=\"og:image:height\" content=\"782\" \/>\n\t<meta property=\"og:image:type\" content=\"image\/png\" \/>\n<meta name=\"twitter:card\" content=\"summary_large_image\" \/>\n<meta name=\"twitter:site\" content=\"@OIRSAoficial\" \/>\n<meta name=\"twitter:label1\" content=\"Est. reading time\" \/>\n\t<meta name=\"twitter:data1\" content=\"6 minutes\" \/>\n<script type=\"application\/ld+json\" class=\"yoast-schema-graph\">{\"@context\":\"https:\/\/schema.org\",\"@graph\":[{\"@type\":\"WebPage\",\"@id\":\"https:\/\/web.oirsa.org\/trazabilidad\",\"url\":\"https:\/\/web.oirsa.org\/trazabilidad\",\"name\":\"Trazabilidad Agropecuaria - OIRSA\",\"isPartOf\":{\"@id\":\"https:\/\/web.oirsa.org\/#website\"},\"datePublished\":\"2021-12-16T19:52:25+00:00\",\"dateModified\":\"2024-01-08T21:43:43+00:00\",\"breadcrumb\":{\"@id\":\"https:\/\/web.oirsa.org\/trazabilidad#breadcrumb\"},\"inLanguage\":\"en-US\",\"potentialAction\":[{\"@type\":\"ReadAction\",\"target\":[\"https:\/\/web.oirsa.org\/trazabilidad\"]}]},{\"@type\":\"BreadcrumbList\",\"@id\":\"https:\/\/web.oirsa.org\/trazabilidad#breadcrumb\",\"itemListElement\":[{\"@type\":\"ListItem\",\"position\":1,\"name\":\"Portada\",\"item\":\"https:\/\/web.oirsa.org\/\"},{\"@type\":\"ListItem\",\"position\":2,\"name\":\"Trazabilidad Agropecuaria\"}]},{\"@type\":\"WebSite\",\"@id\":\"https:\/\/web.oirsa.org\/#website\",\"url\":\"https:\/\/web.oirsa.org\/\",\"name\":\"OIRSA\",\"description\":\"Organismo Internacional Regional de Sanidad Agropecuaria\",\"publisher\":{\"@id\":\"https:\/\/web.oirsa.org\/#organization\"},\"potentialAction\":[{\"@type\":\"SearchAction\",\"target\":{\"@type\":\"EntryPoint\",\"urlTemplate\":\"https:\/\/web.oirsa.org\/?s={search_term_string}\"},\"query-input\":{\"@type\":\"PropertyValueSpecification\",\"valueRequired\":true,\"valueName\":\"search_term_string\"}}],\"inLanguage\":\"en-US\"},{\"@type\":\"Organization\",\"@id\":\"https:\/\/web.oirsa.org\/#organization\",\"name\":\"OIRSA\",\"url\":\"https:\/\/web.oirsa.org\/\",\"logo\":{\"@type\":\"ImageObject\",\"inLanguage\":\"en-US\",\"@id\":\"https:\/\/web.oirsa.org\/#\/schema\/logo\/image\/\",\"url\":\"https:\/\/web.oirsa.org\/wp-content\/uploads\/2024\/01\/cropped-LOGO-OIRSA-2023.png\",\"contentUrl\":\"https:\/\/web.oirsa.org\/wp-content\/uploads\/2024\/01\/cropped-LOGO-OIRSA-2023.png\",\"width\":512,\"height\":512,\"caption\":\"OIRSA\"},\"image\":{\"@id\":\"https:\/\/web.oirsa.org\/#\/schema\/logo\/image\/\"},\"sameAs\":[\"https:\/\/www.facebook.com\/OIRSAoficial\",\"https:\/\/x.com\/OIRSAoficial\"]}]}<\/script>\n<!-- \/ Yoast SEO plugin. -->","yoast_head_json":{"title":"Trazabilidad Agropecuaria - OIRSA","robots":{"index":"index","follow":"follow","max-snippet":"max-snippet:-1","max-image-preview":"max-image-preview:large","max-video-preview":"max-video-preview:-1"},"canonical":"https:\/\/web.oirsa.org\/en\/trazabilidad\/","og_locale":"en_US","og_type":"article","og_title":"Trazabilidad Agropecuaria - OIRSA","og_url":"https:\/\/web.oirsa.org\/en\/trazabilidad\/","og_site_name":"OIRSA","article_publisher":"https:\/\/www.facebook.com\/OIRSAoficial","article_modified_time":"2024-01-08T21:43:43+00:00","og_image":[{"width":2791,"height":782,"url":"https:\/\/i0.wp.com\/web.oirsa.org\/wp-content\/uploads\/2024\/01\/logo-OIRSA23.png?fit=2791%2C782&ssl=1","type":"image\/png"}],"twitter_card":"summary_large_image","twitter_site":"@OIRSAoficial","twitter_misc":{"Est. reading time":"6 minutes"},"schema":{"@context":"https:\/\/schema.org","@graph":[{"@type":"WebPage","@id":"https:\/\/web.oirsa.org\/trazabilidad","url":"https:\/\/web.oirsa.org\/trazabilidad","name":"Trazabilidad Agropecuaria - OIRSA","isPartOf":{"@id":"https:\/\/web.oirsa.org\/#website"},"datePublished":"2021-12-16T19:52:25+00:00","dateModified":"2024-01-08T21:43:43+00:00","breadcrumb":{"@id":"https:\/\/web.oirsa.org\/trazabilidad#breadcrumb"},"inLanguage":"en-US","potentialAction":[{"@type":"ReadAction","target":["https:\/\/web.oirsa.org\/trazabilidad"]}]},{"@type":"BreadcrumbList","@id":"https:\/\/web.oirsa.org\/trazabilidad#breadcrumb","itemListElement":[{"@type":"ListItem","position":1,"name":"Portada","item":"https:\/\/web.oirsa.org\/"},{"@type":"ListItem","position":2,"name":"Trazabilidad Agropecuaria"}]},{"@type":"WebSite","@id":"https:\/\/web.oirsa.org\/#website","url":"https:\/\/web.oirsa.org\/","name":"OIRSA","description":"Organismo Internacional Regional de Sanidad Agropecuaria","publisher":{"@id":"https:\/\/web.oirsa.org\/#organization"},"potentialAction":[{"@type":"SearchAction","target":{"@type":"EntryPoint","urlTemplate":"https:\/\/web.oirsa.org\/?s={search_term_string}"},"query-input":{"@type":"PropertyValueSpecification","valueRequired":true,"valueName":"search_term_string"}}],"inLanguage":"en-US"},{"@type":"Organization","@id":"https:\/\/web.oirsa.org\/#organization","name":"OIRSA","url":"https:\/\/web.oirsa.org\/","logo":{"@type":"ImageObject","inLanguage":"en-US","@id":"https:\/\/web.oirsa.org\/#\/schema\/logo\/image\/","url":"https:\/\/web.oirsa.org\/wp-content\/uploads\/2024\/01\/cropped-LOGO-OIRSA-2023.png","contentUrl":"https:\/\/web.oirsa.org\/wp-content\/uploads\/2024\/01\/cropped-LOGO-OIRSA-2023.png","width":512,"height":512,"caption":"OIRSA"},"image":{"@id":"https:\/\/web.oirsa.org\/#\/schema\/logo\/image\/"},"sameAs":["https:\/\/www.facebook.com\/OIRSAoficial","https:\/\/x.com\/OIRSAoficial"]}]}},"jetpack_sharing_enabled":true,"_links":{"self":[{"href":"https:\/\/web.oirsa.org\/en\/wp-json\/wp\/v2\/pages\/5260","targetHints":{"allow":["GET"]}}],"collection":[{"href":"https:\/\/web.oirsa.org\/en\/wp-json\/wp\/v2\/pages"}],"about":[{"href":"https:\/\/web.oirsa.org\/en\/wp-json\/wp\/v2\/types\/page"}],"author":[{"embeddable":true,"href":"https:\/\/web.oirsa.org\/en\/wp-json\/wp\/v2\/users\/213237738"}],"replies":[{"embeddable":true,"href":"https:\/\/web.oirsa.org\/en\/wp-json\/wp\/v2\/comments?post=5260"}],"version-history":[{"count":86,"href":"https:\/\/web.oirsa.org\/en\/wp-json\/wp\/v2\/pages\/5260\/revisions"}],"predecessor-version":[{"id":12676,"href":"https:\/\/web.oirsa.org\/en\/wp-json\/wp\/v2\/pages\/5260\/revisions\/12676"}],"wp:attachment":[{"href":"https:\/\/web.oirsa.org\/en\/wp-json\/wp\/v2\/media?parent=5260"}],"curies":[{"name":"wp","href":"https:\/\/api.w.org\/{rel}","templated":true}]}}