{"id":5147,"date":"2021-12-16T11:45:11","date_gmt":"2021-12-16T17:45:11","guid":{"rendered":"http:\/\/10.103.20.84\/?page_id=5147"},"modified":"2023-09-26T09:49:29","modified_gmt":"2023-09-26T15:49:29","slug":"ministerios-y-secretarias","status":"publish","type":"page","link":"https:\/\/web.oirsa.org\/en\/ministerios-y-secretarias","title":{"rendered":"Ministerios y Secretar\u00edas"},"content":{"rendered":"<p class=\"wp-block-paragraph\"><\/p>\n\n\n\n<section id=\"gm54d1855\" class=\"wp-block-gutentor-m4 section-gm54d1855 gutentor-module gutentor-advanced-columns\"><div class=\"grid-container\"><div class=\"grid-row\">\n<div id=\"col-gm115947\" class=\"wp-block-gutentor-m4-col col-gm115947 gutentor-single-column  grid-lg-4 grid-md-12 grid-12\"><div id=\"section-gm115947\" class=\"section-gm115947 gutentor-col-wrap\">\n<div class=\"wp-block-uagb-image aligncenter uagb-block-9b096233 wp-block-uagb-image--layout-default wp-block-uagb-image--effect-static wp-block-uagb-image--align-center\"><figure class=\"wp-block-uagb-image__figure\"><a class=\"\" href=\"https:\/\/www.gob.mx\/sagarpa\" target=\"\" rel=\"noopener\"><img data-recalc-dims=\"1\" decoding=\"async\" srcset=\"https:\/\/web.oirsa.org\/wp-content\/uploads\/2021\/12\/1200px-SAGARPA_logo_2012.svg_-1024x351.png \" sizes=\"auto, (max-width: 480px) 150px\" src=\"https:\/\/i0.wp.com\/web.oirsa.org\/wp-content\/uploads\/2021\/12\/1200px-SAGARPA_logo_2012.svg_.png?resize=218%2C19&#038;ssl=1\" alt=\"\" class=\"uag-image-5152\" width=\"218\" height=\"19\" title=\"\" loading=\"lazy\"\/><\/a><\/figure><\/div>\n\n\n\n<p class=\"wp-block-paragraph\"><\/p>\n\n\n\n<p class=\"wp-block-paragraph\"><\/p>\n\n\n\n<p class=\"has-text-align-center wp-block-paragraph\">Secretar\u00eda de Agricultura, Ganader\u00eda, Desarrollo Rural, Pesca y Alimentaci\u00f3n (SAGARPA) &#8211; M\u00e9xico<\/p>\n\n\n\n<p class=\"has-text-align-center wp-block-paragraph\"><a href=\"https:\/\/www.gob.mx\/sagarpa\">https:\/\/www.gob.mx\/sagarpa<\/a><\/p>\n<\/div><\/div>\n\n\n\n<div id=\"col-gmde165c\" class=\"wp-block-gutentor-m4-col col-gmde165c gutentor-single-column  grid-lg-4 grid-md-12 grid-12\"><div id=\"section-gmde165c\" class=\"section-gmde165c gutentor-col-wrap\"><div class=\"wp-block-image\">\n<figure class=\"aligncenter size-medium is-resized\"><a href=\"https:\/\/baha.org.bz\/\"><img data-recalc-dims=\"1\" loading=\"lazy\" decoding=\"async\" width=\"300\" height=\"165\" src=\"https:\/\/i0.wp.com\/web.oirsa.org\/wp-content\/uploads\/2021\/12\/logo-BAHA-copy3.png?resize=300%2C165&#038;ssl=1\" alt=\"\" class=\"wp-image-5153\" style=\"width:109px;height:auto\" srcset=\"https:\/\/i0.wp.com\/web.oirsa.org\/wp-content\/uploads\/2021\/12\/logo-BAHA-copy3.png?resize=300%2C165&amp;ssl=1 300w, https:\/\/i0.wp.com\/web.oirsa.org\/wp-content\/uploads\/2021\/12\/logo-BAHA-copy3.png?resize=1024%2C562&amp;ssl=1 1024w, https:\/\/i0.wp.com\/web.oirsa.org\/wp-content\/uploads\/2021\/12\/logo-BAHA-copy3.png?resize=768%2C422&amp;ssl=1 768w, https:\/\/i0.wp.com\/web.oirsa.org\/wp-content\/uploads\/2021\/12\/logo-BAHA-copy3.png?resize=1536%2C843&amp;ssl=1 1536w, https:\/\/i0.wp.com\/web.oirsa.org\/wp-content\/uploads\/2021\/12\/logo-BAHA-copy3.png?resize=2048%2C1125&amp;ssl=1 2048w, https:\/\/i0.wp.com\/web.oirsa.org\/wp-content\/uploads\/2021\/12\/logo-BAHA-copy3.png?resize=1200%2C659&amp;ssl=1 1200w\" sizes=\"auto, (max-width: 300px) 100vw, 300px\" \/><\/a><\/figure>\n<\/div>\n\n\n<p class=\"wp-block-paragraph\"><\/p>\n\n\n\n<p class=\"wp-block-paragraph\"><\/p>\n\n\n\n<p class=\"has-text-align-center wp-block-paragraph\">Belize Agricultural Health Authority <\/p>\n\n\n\n<p class=\"has-text-align-center wp-block-paragraph\"><a href=\"https:\/\/baha.org.bz\/\">https:\/\/baha.org.bz\/<\/a><\/p>\n<\/div><\/div>\n\n\n\n<div id=\"col-gmbfcf99\" class=\"wp-block-gutentor-m4-col col-gmbfcf99 gutentor-single-column  grid-lg-4 grid-md-12 grid-12\"><div id=\"section-gmbfcf99\" class=\"section-gmbfcf99 gutentor-col-wrap\">\n<figure class=\"wp-block-image size-full is-resized\"><a href=\"https:\/\/mida.gob.pa\/\"><img data-recalc-dims=\"1\" loading=\"lazy\" decoding=\"async\" width=\"404\" height=\"80\" src=\"https:\/\/i0.wp.com\/web.oirsa.org\/wp-content\/uploads\/2021\/12\/1352321028logo1.png?resize=404%2C80&#038;ssl=1\" alt=\"\" class=\"wp-image-5159\" style=\"width:424px;height:auto\" srcset=\"https:\/\/i0.wp.com\/web.oirsa.org\/wp-content\/uploads\/2021\/12\/1352321028logo1.png?w=404&amp;ssl=1 404w, https:\/\/i0.wp.com\/web.oirsa.org\/wp-content\/uploads\/2021\/12\/1352321028logo1.png?resize=300%2C59&amp;ssl=1 300w, https:\/\/i0.wp.com\/web.oirsa.org\/wp-content\/uploads\/2021\/12\/1352321028logo1.png?resize=400%2C80&amp;ssl=1 400w\" sizes=\"auto, (max-width: 404px) 100vw, 404px\" \/><\/a><\/figure>\n\n\n\n<p class=\"wp-block-paragraph\"><\/p>\n\n\n\n<p class=\"wp-block-paragraph\"><\/p>\n\n\n\n<p class=\"has-text-align-center wp-block-paragraph\">Ministerio de Desarrollo Agropecuario &#8211; Panam\u00e1 <\/p>\n\n\n\n<p class=\"has-text-align-center wp-block-paragraph\"><a href=\"https:\/\/mida.gob.pa\/\">https:\/\/mida.gob.pa\/<\/a><\/p>\n<\/div><\/div>\n<\/div><\/div><\/section>\n\n\n\n<section id=\"gm4c5249c\" class=\"wp-block-gutentor-m4 section-gm4c5249c gutentor-module gutentor-advanced-columns\"><div class=\"grid-container\"><div class=\"grid-row\">\n<div id=\"col-gm91f503\" class=\"wp-block-gutentor-m4-col col-gm91f503 gutentor-single-column  grid-lg-4 grid-md-12 grid-12\"><div id=\"section-gm91f503\" class=\"section-gm91f503 gutentor-col-wrap\"><div class=\"wp-block-image\">\n<figure class=\"aligncenter size-full is-resized\"><a href=\"https:\/\/www.maga.gob.gt\/\"><img data-recalc-dims=\"1\" loading=\"lazy\" decoding=\"async\" width=\"318\" height=\"159\" src=\"https:\/\/i0.wp.com\/web.oirsa.org\/wp-content\/uploads\/2021\/12\/images.jpeg?resize=318%2C159&#038;ssl=1\" alt=\"\" class=\"wp-image-5160\" style=\"width:130px;height:auto\" srcset=\"https:\/\/i0.wp.com\/web.oirsa.org\/wp-content\/uploads\/2021\/12\/images.jpeg?w=318&amp;ssl=1 318w, https:\/\/i0.wp.com\/web.oirsa.org\/wp-content\/uploads\/2021\/12\/images.jpeg?resize=300%2C150&amp;ssl=1 300w\" sizes=\"auto, (max-width: 318px) 100vw, 318px\" \/><\/a><\/figure>\n<\/div>\n\n\n<p class=\"wp-block-paragraph\"><\/p>\n\n\n\n<p class=\"has-text-align-center wp-block-paragraph\">Ministerio de Agricultura, Ganader\u00eda y Alimentaci\u00f3n &#8211; Guatemala <\/p>\n\n\n\n<p class=\"has-text-align-center wp-block-paragraph\"><a href=\"https:\/\/www.maga.gob.gt\/\">https:\/\/www.maga.gob.gt\/<\/a><\/p>\n<\/div><\/div>\n\n\n\n<div id=\"col-gme8cb19\" class=\"wp-block-gutentor-m4-col col-gme8cb19 gutentor-single-column  grid-lg-4 grid-md-12 grid-12\"><div id=\"section-gme8cb19\" class=\"section-gme8cb19 gutentor-col-wrap\"><div class=\"wp-block-image\">\n<figure class=\"aligncenter size-medium is-resized\"><a href=\"https:\/\/www.ipsa.gob.ni\"><img data-recalc-dims=\"1\" loading=\"lazy\" decoding=\"async\" width=\"300\" height=\"137\" src=\"https:\/\/i0.wp.com\/web.oirsa.org\/wp-content\/uploads\/2021\/12\/IPSA-logo.png?resize=300%2C137&#038;ssl=1\" alt=\"\" class=\"wp-image-5161\" style=\"width:164px;height:auto\" srcset=\"https:\/\/i0.wp.com\/web.oirsa.org\/wp-content\/uploads\/2021\/12\/IPSA-logo.png?resize=300%2C137&amp;ssl=1 300w, https:\/\/i0.wp.com\/web.oirsa.org\/wp-content\/uploads\/2021\/12\/IPSA-logo.png?resize=1024%2C466&amp;ssl=1 1024w, https:\/\/i0.wp.com\/web.oirsa.org\/wp-content\/uploads\/2021\/12\/IPSA-logo.png?resize=768%2C350&amp;ssl=1 768w, https:\/\/i0.wp.com\/web.oirsa.org\/wp-content\/uploads\/2021\/12\/IPSA-logo.png?resize=1536%2C699&amp;ssl=1 1536w, https:\/\/i0.wp.com\/web.oirsa.org\/wp-content\/uploads\/2021\/12\/IPSA-logo.png?resize=2048%2C932&amp;ssl=1 2048w, https:\/\/i0.wp.com\/web.oirsa.org\/wp-content\/uploads\/2021\/12\/IPSA-logo.png?resize=1200%2C546&amp;ssl=1 1200w\" sizes=\"auto, (max-width: 300px) 100vw, 300px\" \/><\/a><\/figure>\n<\/div>\n\n\n<p class=\"wp-block-paragraph\"><\/p>\n\n\n\n<p class=\"has-text-align-center wp-block-paragraph\">Instituto de Protecci\u00f3n y Sanidad Agropecuaria &#8211; Nicaragua <\/p>\n\n\n\n<p class=\"has-text-align-center wp-block-paragraph\"><a href=\"https:\/\/www.ipsa.gob.ni\/\">https:\/\/www.ipsa.gob.ni\/<\/a><\/p>\n<\/div><\/div>\n\n\n\n<div id=\"col-gm25e1c8\" class=\"wp-block-gutentor-m4-col col-gm25e1c8 gutentor-single-column  grid-lg-4 grid-md-12 grid-12\"><div id=\"section-gm25e1c8\" class=\"section-gm25e1c8 gutentor-col-wrap\"><div class=\"wp-block-image\">\n<figure class=\"aligncenter size-full is-resized\"><a href=\"https:\/\/www.mag.go.cr\/\"><img data-recalc-dims=\"1\" loading=\"lazy\" decoding=\"async\" width=\"147\" height=\"167\" src=\"https:\/\/i0.wp.com\/web.oirsa.org\/wp-content\/uploads\/2021\/12\/logo_mag_on.jpg?resize=147%2C167&#038;ssl=1\" alt=\"\" class=\"wp-image-5162\" style=\"width:81px;height:auto\"\/><\/a><\/figure>\n<\/div>\n\n\n<p class=\"wp-block-paragraph\"><\/p>\n\n\n\n<p class=\"has-text-align-center wp-block-paragraph\">Ministerio de Agricultura y Ganader\u00eda &#8211; Costa Rica<\/p>\n\n\n\n<p class=\"has-text-align-center wp-block-paragraph\"><a href=\"https:\/\/www.mag.go.cr\/\">https:\/\/www.mag.go.cr\/<\/a><\/p>\n<\/div><\/div>\n<\/div><\/div><\/section>\n\n\n\n<section id=\"gmf31fb1a\" class=\"wp-block-gutentor-m4 section-gmf31fb1a gutentor-module gutentor-advanced-columns\"><div class=\"grid-container\"><div class=\"grid-row\">\n<div id=\"col-gmf8a7df\" class=\"wp-block-gutentor-m4-col col-gmf8a7df gutentor-single-column  grid-lg-4 grid-md-12 grid-12\"><div id=\"section-gmf8a7df\" class=\"section-gmf8a7df gutentor-col-wrap\"><div class=\"wp-block-image\">\n<figure class=\"aligncenter size-full is-resized\"><a href=\"https:\/\/agricultura.gob.do\/\"><img data-recalc-dims=\"1\" loading=\"lazy\" decoding=\"async\" width=\"500\" height=\"77\" src=\"https:\/\/i0.wp.com\/web.oirsa.org\/wp-content\/uploads\/2021\/12\/logo-agricultura.png?resize=500%2C77&#038;ssl=1\" alt=\"\" class=\"wp-image-5163\" style=\"width:279px;height:auto\" srcset=\"https:\/\/i0.wp.com\/web.oirsa.org\/wp-content\/uploads\/2021\/12\/logo-agricultura.png?w=500&amp;ssl=1 500w, https:\/\/i0.wp.com\/web.oirsa.org\/wp-content\/uploads\/2021\/12\/logo-agricultura.png?resize=300%2C46&amp;ssl=1 300w\" sizes=\"auto, (max-width: 500px) 100vw, 500px\" \/><\/a><\/figure>\n<\/div>\n\n\n<p class=\"wp-block-paragraph\"><\/p>\n\n\n\n<p class=\"has-text-align-center wp-block-paragraph\">Ministerio de Agricultura &#8211; Rep\u00fablica Dominicana<\/p>\n\n\n\n<p class=\"has-text-align-center wp-block-paragraph\"><a href=\"https:\/\/agricultura.gob.do\/\">https:\/\/agricultura.gob.do\/<\/a><\/p>\n<\/div><\/div>\n\n\n\n<div id=\"col-gm901429\" class=\"wp-block-gutentor-m4-col col-gm901429 gutentor-single-column  grid-lg-4 grid-md-12 grid-12\"><div id=\"section-gm901429\" class=\"section-gm901429 gutentor-col-wrap\"><div class=\"wp-block-image\">\n<figure class=\"aligncenter size-full is-resized\"><a href=\"https:\/\/www.mag.gob.sv\/\"><img data-recalc-dims=\"1\" loading=\"lazy\" decoding=\"async\" width=\"525\" height=\"332\" src=\"https:\/\/i0.wp.com\/web.oirsa.org\/wp-content\/uploads\/2021\/12\/ministerio-ES.jpg?resize=525%2C332&#038;ssl=1\" alt=\"\" class=\"wp-image-5164\" style=\"width:144px;height:auto\" srcset=\"https:\/\/i0.wp.com\/web.oirsa.org\/wp-content\/uploads\/2021\/12\/ministerio-ES.jpg?w=540&amp;ssl=1 540w, https:\/\/i0.wp.com\/web.oirsa.org\/wp-content\/uploads\/2021\/12\/ministerio-ES.jpg?resize=300%2C189&amp;ssl=1 300w, https:\/\/i0.wp.com\/web.oirsa.org\/wp-content\/uploads\/2021\/12\/ministerio-ES.jpg?resize=350%2C220&amp;ssl=1 350w\" sizes=\"auto, (max-width: 525px) 100vw, 525px\" \/><\/a><\/figure>\n<\/div>\n\n\n<p class=\"wp-block-paragraph\"><\/p>\n\n\n\n<p class=\"has-text-align-center wp-block-paragraph\">Ministerio de Agricultura y Ganader\u00eda &#8211; El Salvador<\/p>\n\n\n\n<p class=\"has-text-align-center wp-block-paragraph\"><a href=\"https:\/\/www.mag.gob.sv\/\">https:\/\/www.mag.gob.sv\/<\/a><\/p>\n<\/div><\/div>\n\n\n\n<div id=\"col-gm8e9d5d\" class=\"wp-block-gutentor-m4-col col-gm8e9d5d gutentor-single-column  grid-lg-4 grid-md-12 grid-12\"><div id=\"section-gm8e9d5d\" class=\"section-gm8e9d5d gutentor-col-wrap\"><div class=\"wp-block-image\">\n<figure class=\"aligncenter size-full is-resized\"><a href=\"https:\/\/sag.gob.hn\/\"><img data-recalc-dims=\"1\" loading=\"lazy\" decoding=\"async\" width=\"422\" height=\"100\" src=\"https:\/\/i0.wp.com\/web.oirsa.org\/wp-content\/uploads\/2021\/12\/SAG.jpg?resize=422%2C100&#038;ssl=1\" alt=\"\" class=\"wp-image-5165\" style=\"width:224px;height:auto\" srcset=\"https:\/\/i0.wp.com\/web.oirsa.org\/wp-content\/uploads\/2021\/12\/SAG.jpg?w=422&amp;ssl=1 422w, https:\/\/i0.wp.com\/web.oirsa.org\/wp-content\/uploads\/2021\/12\/SAG.jpg?resize=300%2C71&amp;ssl=1 300w\" sizes=\"auto, (max-width: 422px) 100vw, 422px\" \/><\/a><\/figure>\n<\/div>\n\n\n<p class=\"wp-block-paragraph\"><\/p>\n\n\n\n<p class=\"has-text-align-center wp-block-paragraph\">Secretar\u00eda de Agricultura y Ganader\u00eda &#8211; Honduras<\/p>\n\n\n\n<p class=\"has-text-align-center wp-block-paragraph\"><a href=\"https:\/\/sag.gob.hn\/\">https:\/\/sag.gob.hn\/<\/a><\/p>\n<\/div><\/div>\n<\/div><\/div><\/section>\n\n\n\n<p class=\"wp-block-paragraph\"><\/p>","protected":false},"excerpt":{"rendered":"Secretar\u00eda de Agricultura, Ganader\u00eda, Desarrollo Rural, Pesca y Alimentaci\u00f3n (SAGARPA) - M\u00e9xico https:\/\/www.gob.mx\/sagarpa Belize Agricultural Health Authority https:\/\/baha.org.bz\/ Ministerio de [...]","protected":false},"author":213237738,"featured_media":0,"parent":0,"menu_order":0,"comment_status":"closed","ping_status":"closed","template":"page-templates\/template-fullwidth.php","meta":{"_coblocks_attr":"","_coblocks_dimensions":"","_coblocks_responsive_height":"","_coblocks_accordion_ie_support":"","_crdt_document":"","footnotes":""},"class_list":["post-5147","page","type-page","status-publish","hentry"],"yoast_head":"<!-- This site is optimized with the Yoast SEO plugin v27.3 - https:\/\/yoast.com\/product\/yoast-seo-wordpress\/ -->\n<title>Ministerios y Secretar\u00edas - OIRSA<\/title>\n<meta name=\"robots\" content=\"index, follow, max-snippet:-1, max-image-preview:large, max-video-preview:-1\" \/>\n<link rel=\"canonical\" href=\"https:\/\/web.oirsa.org\/en\/ministerios-y-secretarias\/\" \/>\n<meta property=\"og:locale\" content=\"en_US\" \/>\n<meta property=\"og:type\" content=\"article\" \/>\n<meta property=\"og:title\" content=\"Ministerios y Secretar\u00edas - OIRSA\" \/>\n<meta property=\"og:url\" content=\"https:\/\/web.oirsa.org\/en\/ministerios-y-secretarias\/\" \/>\n<meta property=\"og:site_name\" content=\"OIRSA\" \/>\n<meta property=\"article:publisher\" content=\"https:\/\/www.facebook.com\/OIRSAoficial\" \/>\n<meta property=\"article:modified_time\" content=\"2023-09-26T15:49:29+00:00\" \/>\n<meta property=\"og:image\" content=\"https:\/\/web.oirsa.org\/wp-content\/uploads\/2021\/12\/1200px-SAGARPA_logo_2012.svg_-1024x351.png\" \/>\n<meta name=\"twitter:card\" content=\"summary_large_image\" \/>\n<meta name=\"twitter:site\" content=\"@OIRSAoficial\" \/>\n<meta name=\"twitter:label1\" content=\"Est. reading time\" \/>\n\t<meta name=\"twitter:data1\" content=\"1 minute\" \/>\n<script type=\"application\/ld+json\" class=\"yoast-schema-graph\">{\"@context\":\"https:\\\/\\\/schema.org\",\"@graph\":[{\"@type\":\"WebPage\",\"@id\":\"https:\\\/\\\/web.oirsa.org\\\/ministerios-y-secretarias\",\"url\":\"https:\\\/\\\/web.oirsa.org\\\/ministerios-y-secretarias\",\"name\":\"Ministerios y Secretar\u00edas - OIRSA\",\"isPartOf\":{\"@id\":\"https:\\\/\\\/web.oirsa.org\\\/#website\"},\"primaryImageOfPage\":{\"@id\":\"https:\\\/\\\/web.oirsa.org\\\/ministerios-y-secretarias#primaryimage\"},\"image\":{\"@id\":\"https:\\\/\\\/web.oirsa.org\\\/ministerios-y-secretarias#primaryimage\"},\"thumbnailUrl\":\"https:\\\/\\\/web.oirsa.org\\\/wp-content\\\/uploads\\\/2021\\\/12\\\/1200px-SAGARPA_logo_2012.svg_-1024x351.png\",\"datePublished\":\"2021-12-16T17:45:11+00:00\",\"dateModified\":\"2023-09-26T15:49:29+00:00\",\"breadcrumb\":{\"@id\":\"https:\\\/\\\/web.oirsa.org\\\/ministerios-y-secretarias#breadcrumb\"},\"inLanguage\":\"en-US\",\"potentialAction\":[{\"@type\":\"ReadAction\",\"target\":[\"https:\\\/\\\/web.oirsa.org\\\/ministerios-y-secretarias\"]}]},{\"@type\":\"ImageObject\",\"inLanguage\":\"en-US\",\"@id\":\"https:\\\/\\\/web.oirsa.org\\\/ministerios-y-secretarias#primaryimage\",\"url\":\"https:\\\/\\\/web.oirsa.org\\\/wp-content\\\/uploads\\\/2021\\\/12\\\/1200px-SAGARPA_logo_2012.svg_-1024x351.png\",\"contentUrl\":\"https:\\\/\\\/web.oirsa.org\\\/wp-content\\\/uploads\\\/2021\\\/12\\\/1200px-SAGARPA_logo_2012.svg_-1024x351.png\"},{\"@type\":\"BreadcrumbList\",\"@id\":\"https:\\\/\\\/web.oirsa.org\\\/ministerios-y-secretarias#breadcrumb\",\"itemListElement\":[{\"@type\":\"ListItem\",\"position\":1,\"name\":\"Portada\",\"item\":\"https:\\\/\\\/web.oirsa.org\\\/\"},{\"@type\":\"ListItem\",\"position\":2,\"name\":\"Ministerios y Secretar\u00edas\"}]},{\"@type\":\"WebSite\",\"@id\":\"https:\\\/\\\/web.oirsa.org\\\/#website\",\"url\":\"https:\\\/\\\/web.oirsa.org\\\/\",\"name\":\"OIRSA\",\"description\":\"Organismo Internacional Regional de Sanidad Agropecuaria\",\"publisher\":{\"@id\":\"https:\\\/\\\/web.oirsa.org\\\/#organization\"},\"potentialAction\":[{\"@type\":\"SearchAction\",\"target\":{\"@type\":\"EntryPoint\",\"urlTemplate\":\"https:\\\/\\\/web.oirsa.org\\\/?s={search_term_string}\"},\"query-input\":{\"@type\":\"PropertyValueSpecification\",\"valueRequired\":true,\"valueName\":\"search_term_string\"}}],\"inLanguage\":\"en-US\"},{\"@type\":\"Organization\",\"@id\":\"https:\\\/\\\/web.oirsa.org\\\/#organization\",\"name\":\"OIRSA\",\"url\":\"https:\\\/\\\/web.oirsa.org\\\/\",\"logo\":{\"@type\":\"ImageObject\",\"inLanguage\":\"en-US\",\"@id\":\"https:\\\/\\\/web.oirsa.org\\\/#\\\/schema\\\/logo\\\/image\\\/\",\"url\":\"https:\\\/\\\/web.oirsa.org\\\/wp-content\\\/uploads\\\/2024\\\/01\\\/cropped-LOGO-OIRSA-2023.png\",\"contentUrl\":\"https:\\\/\\\/web.oirsa.org\\\/wp-content\\\/uploads\\\/2024\\\/01\\\/cropped-LOGO-OIRSA-2023.png\",\"width\":512,\"height\":512,\"caption\":\"OIRSA\"},\"image\":{\"@id\":\"https:\\\/\\\/web.oirsa.org\\\/#\\\/schema\\\/logo\\\/image\\\/\"},\"sameAs\":[\"https:\\\/\\\/www.facebook.com\\\/OIRSAoficial\",\"https:\\\/\\\/x.com\\\/OIRSAoficial\"]}]}<\/script>\n<!-- \/ Yoast SEO plugin. -->","yoast_head_json":{"title":"Ministerios y Secretar\u00edas - OIRSA","robots":{"index":"index","follow":"follow","max-snippet":"max-snippet:-1","max-image-preview":"max-image-preview:large","max-video-preview":"max-video-preview:-1"},"canonical":"https:\/\/web.oirsa.org\/en\/ministerios-y-secretarias\/","og_locale":"en_US","og_type":"article","og_title":"Ministerios y Secretar\u00edas - OIRSA","og_url":"https:\/\/web.oirsa.org\/en\/ministerios-y-secretarias\/","og_site_name":"OIRSA","article_publisher":"https:\/\/www.facebook.com\/OIRSAoficial","article_modified_time":"2023-09-26T15:49:29+00:00","og_image":[{"url":"https:\/\/web.oirsa.org\/wp-content\/uploads\/2021\/12\/1200px-SAGARPA_logo_2012.svg_-1024x351.png","type":"","width":"","height":""}],"twitter_card":"summary_large_image","twitter_site":"@OIRSAoficial","twitter_misc":{"Est. reading time":"1 minute"},"schema":{"@context":"https:\/\/schema.org","@graph":[{"@type":"WebPage","@id":"https:\/\/web.oirsa.org\/ministerios-y-secretarias","url":"https:\/\/web.oirsa.org\/ministerios-y-secretarias","name":"Ministerios y Secretar\u00edas - OIRSA","isPartOf":{"@id":"https:\/\/web.oirsa.org\/#website"},"primaryImageOfPage":{"@id":"https:\/\/web.oirsa.org\/ministerios-y-secretarias#primaryimage"},"image":{"@id":"https:\/\/web.oirsa.org\/ministerios-y-secretarias#primaryimage"},"thumbnailUrl":"https:\/\/web.oirsa.org\/wp-content\/uploads\/2021\/12\/1200px-SAGARPA_logo_2012.svg_-1024x351.png","datePublished":"2021-12-16T17:45:11+00:00","dateModified":"2023-09-26T15:49:29+00:00","breadcrumb":{"@id":"https:\/\/web.oirsa.org\/ministerios-y-secretarias#breadcrumb"},"inLanguage":"en-US","potentialAction":[{"@type":"ReadAction","target":["https:\/\/web.oirsa.org\/ministerios-y-secretarias"]}]},{"@type":"ImageObject","inLanguage":"en-US","@id":"https:\/\/web.oirsa.org\/ministerios-y-secretarias#primaryimage","url":"https:\/\/web.oirsa.org\/wp-content\/uploads\/2021\/12\/1200px-SAGARPA_logo_2012.svg_-1024x351.png","contentUrl":"https:\/\/web.oirsa.org\/wp-content\/uploads\/2021\/12\/1200px-SAGARPA_logo_2012.svg_-1024x351.png"},{"@type":"BreadcrumbList","@id":"https:\/\/web.oirsa.org\/ministerios-y-secretarias#breadcrumb","itemListElement":[{"@type":"ListItem","position":1,"name":"Portada","item":"https:\/\/web.oirsa.org\/"},{"@type":"ListItem","position":2,"name":"Ministerios y Secretar\u00edas"}]},{"@type":"WebSite","@id":"https:\/\/web.oirsa.org\/#website","url":"https:\/\/web.oirsa.org\/","name":"OIRSA","description":"Organismo Internacional Regional de Sanidad Agropecuaria","publisher":{"@id":"https:\/\/web.oirsa.org\/#organization"},"potentialAction":[{"@type":"SearchAction","target":{"@type":"EntryPoint","urlTemplate":"https:\/\/web.oirsa.org\/?s={search_term_string}"},"query-input":{"@type":"PropertyValueSpecification","valueRequired":true,"valueName":"search_term_string"}}],"inLanguage":"en-US"},{"@type":"Organization","@id":"https:\/\/web.oirsa.org\/#organization","name":"OIRSA","url":"https:\/\/web.oirsa.org\/","logo":{"@type":"ImageObject","inLanguage":"en-US","@id":"https:\/\/web.oirsa.org\/#\/schema\/logo\/image\/","url":"https:\/\/web.oirsa.org\/wp-content\/uploads\/2024\/01\/cropped-LOGO-OIRSA-2023.png","contentUrl":"https:\/\/web.oirsa.org\/wp-content\/uploads\/2024\/01\/cropped-LOGO-OIRSA-2023.png","width":512,"height":512,"caption":"OIRSA"},"image":{"@id":"https:\/\/web.oirsa.org\/#\/schema\/logo\/image\/"},"sameAs":["https:\/\/www.facebook.com\/OIRSAoficial","https:\/\/x.com\/OIRSAoficial"]}]}},"jetpack_sharing_enabled":true,"_links":{"self":[{"href":"https:\/\/web.oirsa.org\/en\/wp-json\/wp\/v2\/pages\/5147","targetHints":{"allow":["GET"]}}],"collection":[{"href":"https:\/\/web.oirsa.org\/en\/wp-json\/wp\/v2\/pages"}],"about":[{"href":"https:\/\/web.oirsa.org\/en\/wp-json\/wp\/v2\/types\/page"}],"author":[{"embeddable":true,"href":"https:\/\/web.oirsa.org\/en\/wp-json\/wp\/v2\/users\/213237738"}],"replies":[{"embeddable":true,"href":"https:\/\/web.oirsa.org\/en\/wp-json\/wp\/v2\/comments?post=5147"}],"version-history":[{"count":94,"href":"https:\/\/web.oirsa.org\/en\/wp-json\/wp\/v2\/pages\/5147\/revisions"}],"predecessor-version":[{"id":12385,"href":"https:\/\/web.oirsa.org\/en\/wp-json\/wp\/v2\/pages\/5147\/revisions\/12385"}],"wp:attachment":[{"href":"https:\/\/web.oirsa.org\/en\/wp-json\/wp\/v2\/media?parent=5147"}],"curies":[{"name":"wp","href":"https:\/\/api.w.org\/{rel}","templated":true}]}}