{"id":5094,"date":"2021-12-16T10:23:42","date_gmt":"2021-12-16T16:23:42","guid":{"rendered":"http:\/\/10.103.20.84\/?page_id=5094"},"modified":"2024-02-07T10:35:46","modified_gmt":"2024-02-07T16:35:46","slug":"programa-regional-de-sanidad-avicola","status":"publish","type":"page","link":"https:\/\/web.oirsa.org\/en\/programa-regional-de-sanidad-avicola","title":{"rendered":"Regional Poultry Health Program"},"content":{"rendered":"<div class=\"wpb-content-wrapper\"><section class=\"wpb_row vc_row-fluid\"><div class=\"container\"><div class=\"row\"><div class=\"wpb_column vc_column_container vc_col-sm-6\"><div class=\"vc_column-inner\"  ><div class=\"wpb_wrapper\"><h4 style=\"text-align: left;font-family:Montserrat;font-weight:400;font-style:normal\" class=\"vc_custom_heading vc_do_custom_heading\" >General information on avian influenza<\/h4><div class=\"vc_row wpb_row vc_inner vc_row-fluid\"><div class=\"wpb_column vc_column_container vc_col-sm-12\"><div class=\"vc_column-inner\"><div class=\"wpb_wrapper\">\n\t<div class=\"wpb_video_widget wpb_content_element vc_clearfix   vc_video-aspect-ratio-169 vc_video-el-width-100 vc_video-align-center\" >\n\t\t<div class=\"wpb_wrapper\">\n\t\t\t\n\t\t\t<div class=\"wpb_video_wrapper\"><iframe loading=\"lazy\" title=\"General information on avian influenza\" width=\"500\" height=\"281\" src=\"https:\/\/www.youtube.com\/embed\/E_UIERBWmHk?feature=oembed\" frameborder=\"0\" allow=\"accelerometer; autoplay; clipboard-write; encrypted-media; gyroscope; picture-in-picture; web-share\" referrerpolicy=\"strict-origin-when-cross-origin\" allowfullscreen><\/iframe><\/div>\n\t\t<\/div>\n\t<\/div>\n<\/div><\/div><\/div><\/div><\/div><\/div><\/div><div class=\"wpb_column vc_column_container vc_col-sm-6\"><div class=\"vc_column-inner\"  ><div class=\"wpb_wrapper\">\n\t<div class=\"wpb_text_column wpb_content_element\" >\n\t\t<div class=\"wpb_wrapper\">\n\t\t\t<h2><b>Objective<\/b><\/h2>\n<p>To support its member countries in preventing, controlling, and eradicating bird diseases that are important in animal health and public health, with social, economic, and trade impact, both nationally and internationally, following international guidelines in harmony with the environment.<\/p>\n<h3><strong>Actions carried out under the program<\/strong><\/h3>\n<p>Since the emergence of the low pathogenicity avian influenza virus H5N2 in Mexico in 1993, mutating to a highly pathogenic virus in 1994, causing million-dollar losses in the country. Subsequently, the disease also appeared with a low pathogenicity H5N2 virus in Guatemala and El Salvador in 2001, diseases that were later eradicated, with OIRSA supporting member countries in executing prevention, control, and eradication actions against avian influenza. Subsequently, other diseases such as Newcastle disease, Avian infectious laryngotracheitis, Typhoid fever, and Pullorum disease were incorporated, considered to belong to the list of diseases of obligatory notification to the World Organization for Animal Health (OIE) and being relevant to the region.<\/p>\n<p>Within the framework of the regional poultry health program coordinated by OIRSA, the following main actions continue:<\/p>\n<ul>\n<li style=\"margin-bottom: 5px;\">The creation of the Regional Technical Commission on Poultry Health (CTRSA) was resolved during the XLIX Ordinary Meeting of the H. CIRSA held in Guanajuato, Mexico, on April 12, 2002. This commission is permanent and supports the implementation of national poultry programs and the regional program. It is composed of representatives from the official sector (heads of poultry health programs) and representatives from the Central American and Caribbean Poultry Federation (Fedavicac). Meetings are held twice a year, either in person or virtually.<\/li>\n<li style=\"margin-bottom: 5px;\">Within the CTRSA, agreements have been established among countries for establishing regional technical guidelines to regulate the inspection and certification process of poultry establishments. This includes the Guide and Evaluation of Biosafety for egg-laying and fattening birds.<\/li>\n<li style=\"margin-bottom: 5px;\">The project \"Implementation of a regional program for the detection, prevention, and control of respiratory zoonoses in Central America and the Dominican Republic with emphasis on AI\" (OIRSA-CDC-SECOMISCA) is currently underway, which includes:<\/li>\n<\/ul>\n<ul>\n<li style=\"list-style-type: none;\">\n<ul>\n<li style=\"margin-bottom: 5px; list-style-type: circle;\">Training of national veterinary services in epidemiological surveillance and diagnosis of avian influenza.<\/li>\n<li style=\"margin-bottom: 5px; list-style-type: circle;\">Implementaci\u00f3n de una plataforma de vigilancia integrada de la interfaz animal-humano-medio ambiente bajo el enfoque de Una Salud;<\/li>\n<li style=\"margin-bottom: 5px; list-style-type: circle;\">Development of the regional workshop \"One Health: Regional Consultation for Strengthening Intersectoral Work in the Human-Animal-Environment Interface of Zoonotic Influenza\" and its subsequent follow-up with national workshops.<\/li>\n<\/ul>\n<\/li>\n<\/ul>\n<ul>\n<li>Risk analysis of avian influenza with the support of the Risk Analysis Coordination of OIRSA to prevent the introduction of the disease in member countries.<\/li>\n<\/ul>\n\n\t\t<\/div>\n\t<\/div>\n<\/div><\/div><\/div><\/div><\/div><\/section>\n<\/div>","protected":false},"excerpt":{"rendered":"Generalidades de la influenza aviar Objetivo Apoyar a sus pa\u00edses miembros en la prevenci\u00f3n, control y erradicaci\u00f3n de enfermedades de [...]","protected":false},"author":213237738,"featured_media":0,"parent":0,"menu_order":0,"comment_status":"closed","ping_status":"closed","template":"page-templates\/template-fullwidth.php","meta":{"_coblocks_attr":"","_coblocks_dimensions":"","_coblocks_responsive_height":"","_coblocks_accordion_ie_support":"","_crdt_document":"","footnotes":""},"class_list":["post-5094","page","type-page","status-publish","hentry"],"yoast_head":"<!-- This site is optimized with the Yoast SEO plugin v27.2 - https:\/\/yoast.com\/product\/yoast-seo-wordpress\/ -->\n<title>Programa Regional de Sanidad Av\u00edcola - OIRSA<\/title>\n<meta name=\"robots\" content=\"index, follow, max-snippet:-1, max-image-preview:large, max-video-preview:-1\" \/>\n<link rel=\"canonical\" href=\"https:\/\/web.oirsa.org\/en\/programa-regional-de-sanidad-avicola\/\" \/>\n<meta property=\"og:locale\" content=\"en_US\" \/>\n<meta property=\"og:type\" content=\"article\" \/>\n<meta property=\"og:title\" content=\"Programa Regional de Sanidad Av\u00edcola - OIRSA\" \/>\n<meta property=\"og:url\" content=\"https:\/\/web.oirsa.org\/en\/programa-regional-de-sanidad-avicola\/\" \/>\n<meta property=\"og:site_name\" content=\"OIRSA\" \/>\n<meta property=\"article:publisher\" content=\"https:\/\/www.facebook.com\/OIRSAoficial\" \/>\n<meta property=\"article:modified_time\" content=\"2024-02-07T16:35:46+00:00\" \/>\n<meta property=\"og:image\" content=\"https:\/\/i0.wp.com\/web.oirsa.org\/wp-content\/uploads\/2024\/01\/logo-OIRSA23.png?fit=2791%2C782&ssl=1\" \/>\n\t<meta property=\"og:image:width\" content=\"2791\" \/>\n\t<meta property=\"og:image:height\" content=\"782\" \/>\n\t<meta property=\"og:image:type\" content=\"image\/png\" \/>\n<meta name=\"twitter:card\" content=\"summary_large_image\" \/>\n<meta name=\"twitter:site\" content=\"@OIRSAoficial\" \/>\n<meta name=\"twitter:label1\" content=\"Est. reading time\" \/>\n\t<meta name=\"twitter:data1\" content=\"3 minutes\" \/>\n<script type=\"application\/ld+json\" class=\"yoast-schema-graph\">{\"@context\":\"https:\/\/schema.org\",\"@graph\":[{\"@type\":\"WebPage\",\"@id\":\"https:\/\/web.oirsa.org\/programa-regional-de-sanidad-avicola\",\"url\":\"https:\/\/web.oirsa.org\/programa-regional-de-sanidad-avicola\",\"name\":\"Programa Regional de Sanidad Av\u00edcola - OIRSA\",\"isPartOf\":{\"@id\":\"https:\/\/web.oirsa.org\/#website\"},\"datePublished\":\"2021-12-16T16:23:42+00:00\",\"dateModified\":\"2024-02-07T16:35:46+00:00\",\"breadcrumb\":{\"@id\":\"https:\/\/web.oirsa.org\/programa-regional-de-sanidad-avicola#breadcrumb\"},\"inLanguage\":\"en-US\",\"potentialAction\":[{\"@type\":\"ReadAction\",\"target\":[\"https:\/\/web.oirsa.org\/programa-regional-de-sanidad-avicola\"]}]},{\"@type\":\"BreadcrumbList\",\"@id\":\"https:\/\/web.oirsa.org\/programa-regional-de-sanidad-avicola#breadcrumb\",\"itemListElement\":[{\"@type\":\"ListItem\",\"position\":1,\"name\":\"Portada\",\"item\":\"https:\/\/web.oirsa.org\/\"},{\"@type\":\"ListItem\",\"position\":2,\"name\":\"Programa Regional de Sanidad Av\u00edcola\"}]},{\"@type\":\"WebSite\",\"@id\":\"https:\/\/web.oirsa.org\/#website\",\"url\":\"https:\/\/web.oirsa.org\/\",\"name\":\"OIRSA\",\"description\":\"Organismo Internacional Regional de Sanidad Agropecuaria\",\"publisher\":{\"@id\":\"https:\/\/web.oirsa.org\/#organization\"},\"potentialAction\":[{\"@type\":\"SearchAction\",\"target\":{\"@type\":\"EntryPoint\",\"urlTemplate\":\"https:\/\/web.oirsa.org\/?s={search_term_string}\"},\"query-input\":{\"@type\":\"PropertyValueSpecification\",\"valueRequired\":true,\"valueName\":\"search_term_string\"}}],\"inLanguage\":\"en-US\"},{\"@type\":\"Organization\",\"@id\":\"https:\/\/web.oirsa.org\/#organization\",\"name\":\"OIRSA\",\"url\":\"https:\/\/web.oirsa.org\/\",\"logo\":{\"@type\":\"ImageObject\",\"inLanguage\":\"en-US\",\"@id\":\"https:\/\/web.oirsa.org\/#\/schema\/logo\/image\/\",\"url\":\"https:\/\/web.oirsa.org\/wp-content\/uploads\/2024\/01\/cropped-LOGO-OIRSA-2023.png\",\"contentUrl\":\"https:\/\/web.oirsa.org\/wp-content\/uploads\/2024\/01\/cropped-LOGO-OIRSA-2023.png\",\"width\":512,\"height\":512,\"caption\":\"OIRSA\"},\"image\":{\"@id\":\"https:\/\/web.oirsa.org\/#\/schema\/logo\/image\/\"},\"sameAs\":[\"https:\/\/www.facebook.com\/OIRSAoficial\",\"https:\/\/x.com\/OIRSAoficial\"]}]}<\/script>\n<!-- \/ Yoast SEO plugin. -->","yoast_head_json":{"title":"Programa Regional de Sanidad Av\u00edcola - OIRSA","robots":{"index":"index","follow":"follow","max-snippet":"max-snippet:-1","max-image-preview":"max-image-preview:large","max-video-preview":"max-video-preview:-1"},"canonical":"https:\/\/web.oirsa.org\/en\/programa-regional-de-sanidad-avicola\/","og_locale":"en_US","og_type":"article","og_title":"Programa Regional de Sanidad Av\u00edcola - OIRSA","og_url":"https:\/\/web.oirsa.org\/en\/programa-regional-de-sanidad-avicola\/","og_site_name":"OIRSA","article_publisher":"https:\/\/www.facebook.com\/OIRSAoficial","article_modified_time":"2024-02-07T16:35:46+00:00","og_image":[{"width":2791,"height":782,"url":"https:\/\/i0.wp.com\/web.oirsa.org\/wp-content\/uploads\/2024\/01\/logo-OIRSA23.png?fit=2791%2C782&ssl=1","type":"image\/png"}],"twitter_card":"summary_large_image","twitter_site":"@OIRSAoficial","twitter_misc":{"Est. reading time":"3 minutes"},"schema":{"@context":"https:\/\/schema.org","@graph":[{"@type":"WebPage","@id":"https:\/\/web.oirsa.org\/programa-regional-de-sanidad-avicola","url":"https:\/\/web.oirsa.org\/programa-regional-de-sanidad-avicola","name":"Programa Regional de Sanidad Av\u00edcola - OIRSA","isPartOf":{"@id":"https:\/\/web.oirsa.org\/#website"},"datePublished":"2021-12-16T16:23:42+00:00","dateModified":"2024-02-07T16:35:46+00:00","breadcrumb":{"@id":"https:\/\/web.oirsa.org\/programa-regional-de-sanidad-avicola#breadcrumb"},"inLanguage":"en-US","potentialAction":[{"@type":"ReadAction","target":["https:\/\/web.oirsa.org\/programa-regional-de-sanidad-avicola"]}]},{"@type":"BreadcrumbList","@id":"https:\/\/web.oirsa.org\/programa-regional-de-sanidad-avicola#breadcrumb","itemListElement":[{"@type":"ListItem","position":1,"name":"Portada","item":"https:\/\/web.oirsa.org\/"},{"@type":"ListItem","position":2,"name":"Programa Regional de Sanidad Av\u00edcola"}]},{"@type":"WebSite","@id":"https:\/\/web.oirsa.org\/#website","url":"https:\/\/web.oirsa.org\/","name":"OIRSA","description":"Organismo Internacional Regional de Sanidad Agropecuaria","publisher":{"@id":"https:\/\/web.oirsa.org\/#organization"},"potentialAction":[{"@type":"SearchAction","target":{"@type":"EntryPoint","urlTemplate":"https:\/\/web.oirsa.org\/?s={search_term_string}"},"query-input":{"@type":"PropertyValueSpecification","valueRequired":true,"valueName":"search_term_string"}}],"inLanguage":"en-US"},{"@type":"Organization","@id":"https:\/\/web.oirsa.org\/#organization","name":"OIRSA","url":"https:\/\/web.oirsa.org\/","logo":{"@type":"ImageObject","inLanguage":"en-US","@id":"https:\/\/web.oirsa.org\/#\/schema\/logo\/image\/","url":"https:\/\/web.oirsa.org\/wp-content\/uploads\/2024\/01\/cropped-LOGO-OIRSA-2023.png","contentUrl":"https:\/\/web.oirsa.org\/wp-content\/uploads\/2024\/01\/cropped-LOGO-OIRSA-2023.png","width":512,"height":512,"caption":"OIRSA"},"image":{"@id":"https:\/\/web.oirsa.org\/#\/schema\/logo\/image\/"},"sameAs":["https:\/\/www.facebook.com\/OIRSAoficial","https:\/\/x.com\/OIRSAoficial"]}]}},"jetpack_sharing_enabled":true,"_links":{"self":[{"href":"https:\/\/web.oirsa.org\/en\/wp-json\/wp\/v2\/pages\/5094","targetHints":{"allow":["GET"]}}],"collection":[{"href":"https:\/\/web.oirsa.org\/en\/wp-json\/wp\/v2\/pages"}],"about":[{"href":"https:\/\/web.oirsa.org\/en\/wp-json\/wp\/v2\/types\/page"}],"author":[{"embeddable":true,"href":"https:\/\/web.oirsa.org\/en\/wp-json\/wp\/v2\/users\/213237738"}],"replies":[{"embeddable":true,"href":"https:\/\/web.oirsa.org\/en\/wp-json\/wp\/v2\/comments?post=5094"}],"version-history":[{"count":43,"href":"https:\/\/web.oirsa.org\/en\/wp-json\/wp\/v2\/pages\/5094\/revisions"}],"predecessor-version":[{"id":14410,"href":"https:\/\/web.oirsa.org\/en\/wp-json\/wp\/v2\/pages\/5094\/revisions\/14410"}],"wp:attachment":[{"href":"https:\/\/web.oirsa.org\/en\/wp-json\/wp\/v2\/media?parent=5094"}],"curies":[{"name":"wp","href":"https:\/\/api.w.org\/{rel}","templated":true}]}}