{"id":5072,"date":"2021-12-16T10:10:11","date_gmt":"2021-12-16T16:10:11","guid":{"rendered":"http:\/\/10.103.20.84\/?page_id=5072"},"modified":"2024-02-07T10:41:23","modified_gmt":"2024-02-07T16:41:23","slug":"sanidad-apicola","status":"publish","type":"page","link":"https:\/\/web.oirsa.org\/en\/sanidad-apicola","title":{"rendered":"Regional Apicultural Health Program"},"content":{"rendered":"\n<p class=\"wp-block-paragraph\"><style>\/*! elementor - v3.5.3 - 28-12-2021 *\/<br \/>\n.elementor-heading-title{padding:0;margin:0;line-height:1}.elementor-widget-heading .elementor-heading-title[class*=elementor-size-]>a{color:inherit;font-size:inherit;line-height:inherit}.elementor-widget-heading .elementor-heading-title.elementor-size-small{font-size:15px}.elementor-widget-heading .elementor-heading-title.elementor-size-medium{font-size:19px}.elementor-widget-heading .elementor-heading-title.elementor-size-large{font-size:29px}.elementor-widget-heading .elementor-heading-title.elementor-size-xl{font-size:39px}.elementor-widget-heading .elementor-heading-title.elementor-size-xxl{font-size:59px}<\/style><\/p>\n\n\n\n<h2 class=\"wp-block-heading has-text-align-center\">Programa Regional de Sanidad Ap\u00edcola<\/h2>\n\n\n\n<div class=\"wp-block-media-text is-stacked-on-mobile\" style=\"grid-template-columns:37% auto\"><figure class=\"wp-block-media-text__media\"><img data-recalc-dims=\"1\" loading=\"lazy\" decoding=\"async\" width=\"525\" height=\"350\" src=\"https:\/\/i0.wp.com\/web.oirsa.org\/wp-content\/uploads\/2021\/12\/shutterstock_149480669.jpg?resize=525%2C350&#038;ssl=1\" alt=\"\" class=\"wp-image-5075 size-full\" srcset=\"https:\/\/i0.wp.com\/web.oirsa.org\/wp-content\/uploads\/2021\/12\/shutterstock_149480669.jpg?w=1000&amp;ssl=1 1000w, https:\/\/i0.wp.com\/web.oirsa.org\/wp-content\/uploads\/2021\/12\/shutterstock_149480669.jpg?resize=300%2C200&amp;ssl=1 300w, https:\/\/i0.wp.com\/web.oirsa.org\/wp-content\/uploads\/2021\/12\/shutterstock_149480669.jpg?resize=768%2C512&amp;ssl=1 768w\" sizes=\"auto, (max-width: 525px) 100vw, 525px\" \/><\/figure><div class=\"wp-block-media-text__content\">\n<p class=\"wp-block-paragraph\"><strong>Proyecto de Prevenci\u00f3n y Control del Peque\u00f1o Escarabajo de Colmena.<\/strong><\/p>\n\n\n\n<p class=\"wp-block-paragraph\">Se apoyaron t\u00e9cnica y financieramente, los procesos de vigilancia epidemiol\u00f3gica para la detecci\u00f3n y manejo del Escarabajo de las Colmenas Aethina tumida. Esto permiti\u00f3 el control oportuno de brotes en El Salvador, Nicaragua, Honduras y Belize; durante el per\u00edodo comprendido del 2014 al 2016, y se contin\u00faa proporcionando apoyo t\u00e9cnico para la adquisici\u00f3n de trampas y vigilancia epidemiol\u00f3gica.<\/p>\n<\/div><\/div>\n\n\n\n<div class=\"wp-block-media-text is-stacked-on-mobile\" style=\"grid-template-columns:37% auto\"><figure class=\"wp-block-media-text__media\"><img data-recalc-dims=\"1\" loading=\"lazy\" decoding=\"async\" width=\"525\" height=\"345\" src=\"https:\/\/i0.wp.com\/web.oirsa.org\/wp-content\/uploads\/2021\/12\/biancamarie-patra-cu-nb5_NM77RfI-unsplash-e1639670855940-1024x673.jpg?resize=525%2C345&#038;ssl=1\" alt=\"\" class=\"wp-image-5077 size-full\" srcset=\"https:\/\/i0.wp.com\/web.oirsa.org\/wp-content\/uploads\/2021\/12\/biancamarie-patra-cu-nb5_NM77RfI-unsplash-e1639670855940-scaled.jpg?resize=1024%2C673&amp;ssl=1 1024w, https:\/\/i0.wp.com\/web.oirsa.org\/wp-content\/uploads\/2021\/12\/biancamarie-patra-cu-nb5_NM77RfI-unsplash-e1639670855940-scaled.jpg?resize=300%2C197&amp;ssl=1 300w, https:\/\/i0.wp.com\/web.oirsa.org\/wp-content\/uploads\/2021\/12\/biancamarie-patra-cu-nb5_NM77RfI-unsplash-e1639670855940-scaled.jpg?resize=768%2C505&amp;ssl=1 768w, https:\/\/i0.wp.com\/web.oirsa.org\/wp-content\/uploads\/2021\/12\/biancamarie-patra-cu-nb5_NM77RfI-unsplash-e1639670855940-scaled.jpg?resize=1536%2C1010&amp;ssl=1 1536w, https:\/\/i0.wp.com\/web.oirsa.org\/wp-content\/uploads\/2021\/12\/biancamarie-patra-cu-nb5_NM77RfI-unsplash-e1639670855940-scaled.jpg?resize=2048%2C1346&amp;ssl=1 2048w\" sizes=\"auto, (max-width: 525px) 100vw, 525px\" \/><\/figure><div class=\"wp-block-media-text__content\">\n<p class=\"wp-block-paragraph\"><strong>Proyecto de Trazabilidad en la Cadena de la Miel de Guatemala (STDF\/PG\/515).<\/strong><\/p>\n\n\n\n<p class=\"wp-block-paragraph\">En diciembre de 2015 dio inicio la ejecuci\u00f3n del proyecto que incluye el desarrollo de un sistema de trazabilidad de la miel y educaci\u00f3n sanitaria para el manejo adecuado de las colmenas. Los beneficiarios ascienden a 2,700 apicultores, distribuidos en los diferentes departamentos del pa\u00eds. Con este proyecto se busca disminuir los riesgos de producto contaminado con pesticidas, antibi\u00f3ticos y otros, a fin de que el mantenimiento internacional de la calidad de la miel y sus productos sea una realidad.<\/p>\n<\/div><\/div>\n\n\n\n<p class=\"wp-block-paragraph\"><\/p>\n","protected":false},"excerpt":{"rendered":"<p>Programa Regional de Sanidad Ap\u00edcola Proyecto de Prevenci\u00f3n y Control del Peque\u00f1o Escarabajo de Colmena. Se apoyaron t\u00e9cnica y financieramente, [&hellip;]<\/p>\n","protected":false},"author":213237738,"featured_media":0,"parent":0,"menu_order":0,"comment_status":"closed","ping_status":"closed","template":"","meta":{"_coblocks_attr":"","_coblocks_dimensions":"","_coblocks_responsive_height":"","_coblocks_accordion_ie_support":"","_crdt_document":"","footnotes":""},"class_list":["post-5072","page","type-page","status-publish","hentry"],"yoast_head":"<!-- This site is optimized with the Yoast SEO plugin v27.4 - https:\/\/yoast.com\/product\/yoast-seo-wordpress\/ -->\n<title>Programa Regional de Sanidad Ap\u00edcola - OIRSA<\/title>\n<meta name=\"robots\" content=\"index, follow, max-snippet:-1, max-image-preview:large, max-video-preview:-1\" \/>\n<link rel=\"canonical\" href=\"https:\/\/web.oirsa.org\/en\/sanidad-apicola\/\" \/>\n<meta property=\"og:locale\" content=\"en_US\" \/>\n<meta property=\"og:type\" content=\"article\" \/>\n<meta property=\"og:title\" content=\"Programa Regional de Sanidad Ap\u00edcola - OIRSA\" \/>\n<meta property=\"og:description\" content=\"Programa Regional de Sanidad Ap\u00edcola Proyecto de Prevenci\u00f3n y Control del Peque\u00f1o Escarabajo de Colmena. Se apoyaron t\u00e9cnica y financieramente, [&hellip;]\" \/>\n<meta property=\"og:url\" content=\"https:\/\/web.oirsa.org\/en\/sanidad-apicola\/\" \/>\n<meta property=\"og:site_name\" content=\"OIRSA\" \/>\n<meta property=\"article:publisher\" content=\"https:\/\/www.facebook.com\/OIRSAoficial\" \/>\n<meta property=\"article:modified_time\" content=\"2024-02-07T16:41:23+00:00\" \/>\n<meta property=\"og:image\" content=\"https:\/\/web.oirsa.org\/wp-content\/uploads\/2021\/12\/shutterstock_149480669.jpg\" \/>\n<meta name=\"twitter:card\" content=\"summary_large_image\" \/>\n<meta name=\"twitter:site\" content=\"@OIRSAoficial\" \/>\n<meta name=\"twitter:label1\" content=\"Est. reading time\" \/>\n\t<meta name=\"twitter:data1\" content=\"1 minute\" \/>\n<script type=\"application\/ld+json\" class=\"yoast-schema-graph\">{\"@context\":\"https:\\\/\\\/schema.org\",\"@graph\":[{\"@type\":\"WebPage\",\"@id\":\"https:\\\/\\\/web.oirsa.org\\\/sanidad-apicola\",\"url\":\"https:\\\/\\\/web.oirsa.org\\\/sanidad-apicola\",\"name\":\"Programa Regional de Sanidad Ap\u00edcola - OIRSA\",\"isPartOf\":{\"@id\":\"https:\\\/\\\/web.oirsa.org\\\/#website\"},\"primaryImageOfPage\":{\"@id\":\"https:\\\/\\\/web.oirsa.org\\\/sanidad-apicola#primaryimage\"},\"image\":{\"@id\":\"https:\\\/\\\/web.oirsa.org\\\/sanidad-apicola#primaryimage\"},\"thumbnailUrl\":\"https:\\\/\\\/web.oirsa.org\\\/wp-content\\\/uploads\\\/2021\\\/12\\\/shutterstock_149480669.jpg\",\"datePublished\":\"2021-12-16T16:10:11+00:00\",\"dateModified\":\"2024-02-07T16:41:23+00:00\",\"breadcrumb\":{\"@id\":\"https:\\\/\\\/web.oirsa.org\\\/sanidad-apicola#breadcrumb\"},\"inLanguage\":\"en-US\",\"potentialAction\":[{\"@type\":\"ReadAction\",\"target\":[\"https:\\\/\\\/web.oirsa.org\\\/sanidad-apicola\"]}]},{\"@type\":\"ImageObject\",\"inLanguage\":\"en-US\",\"@id\":\"https:\\\/\\\/web.oirsa.org\\\/sanidad-apicola#primaryimage\",\"url\":\"https:\\\/\\\/web.oirsa.org\\\/wp-content\\\/uploads\\\/2021\\\/12\\\/shutterstock_149480669.jpg\",\"contentUrl\":\"https:\\\/\\\/web.oirsa.org\\\/wp-content\\\/uploads\\\/2021\\\/12\\\/shutterstock_149480669.jpg\"},{\"@type\":\"BreadcrumbList\",\"@id\":\"https:\\\/\\\/web.oirsa.org\\\/sanidad-apicola#breadcrumb\",\"itemListElement\":[{\"@type\":\"ListItem\",\"position\":1,\"name\":\"Portada\",\"item\":\"https:\\\/\\\/web.oirsa.org\\\/\"},{\"@type\":\"ListItem\",\"position\":2,\"name\":\"Programa Regional de Sanidad Ap\u00edcola\"}]},{\"@type\":\"WebSite\",\"@id\":\"https:\\\/\\\/web.oirsa.org\\\/#website\",\"url\":\"https:\\\/\\\/web.oirsa.org\\\/\",\"name\":\"OIRSA\",\"description\":\"Organismo Internacional Regional de Sanidad Agropecuaria\",\"publisher\":{\"@id\":\"https:\\\/\\\/web.oirsa.org\\\/#organization\"},\"potentialAction\":[{\"@type\":\"SearchAction\",\"target\":{\"@type\":\"EntryPoint\",\"urlTemplate\":\"https:\\\/\\\/web.oirsa.org\\\/?s={search_term_string}\"},\"query-input\":{\"@type\":\"PropertyValueSpecification\",\"valueRequired\":true,\"valueName\":\"search_term_string\"}}],\"inLanguage\":\"en-US\"},{\"@type\":\"Organization\",\"@id\":\"https:\\\/\\\/web.oirsa.org\\\/#organization\",\"name\":\"OIRSA\",\"url\":\"https:\\\/\\\/web.oirsa.org\\\/\",\"logo\":{\"@type\":\"ImageObject\",\"inLanguage\":\"en-US\",\"@id\":\"https:\\\/\\\/web.oirsa.org\\\/#\\\/schema\\\/logo\\\/image\\\/\",\"url\":\"https:\\\/\\\/web.oirsa.org\\\/wp-content\\\/uploads\\\/2024\\\/01\\\/cropped-LOGO-OIRSA-2023.png\",\"contentUrl\":\"https:\\\/\\\/web.oirsa.org\\\/wp-content\\\/uploads\\\/2024\\\/01\\\/cropped-LOGO-OIRSA-2023.png\",\"width\":512,\"height\":512,\"caption\":\"OIRSA\"},\"image\":{\"@id\":\"https:\\\/\\\/web.oirsa.org\\\/#\\\/schema\\\/logo\\\/image\\\/\"},\"sameAs\":[\"https:\\\/\\\/www.facebook.com\\\/OIRSAoficial\",\"https:\\\/\\\/x.com\\\/OIRSAoficial\"]}]}<\/script>\n<!-- \/ Yoast SEO plugin. -->","yoast_head_json":{"title":"Programa Regional de Sanidad Ap\u00edcola - OIRSA","robots":{"index":"index","follow":"follow","max-snippet":"max-snippet:-1","max-image-preview":"max-image-preview:large","max-video-preview":"max-video-preview:-1"},"canonical":"https:\/\/web.oirsa.org\/en\/sanidad-apicola\/","og_locale":"en_US","og_type":"article","og_title":"Programa Regional de Sanidad Ap\u00edcola - OIRSA","og_description":"Programa Regional de Sanidad Ap\u00edcola Proyecto de Prevenci\u00f3n y Control del Peque\u00f1o Escarabajo de Colmena. Se apoyaron t\u00e9cnica y financieramente, [&hellip;]","og_url":"https:\/\/web.oirsa.org\/en\/sanidad-apicola\/","og_site_name":"OIRSA","article_publisher":"https:\/\/www.facebook.com\/OIRSAoficial","article_modified_time":"2024-02-07T16:41:23+00:00","og_image":[{"url":"https:\/\/web.oirsa.org\/wp-content\/uploads\/2021\/12\/shutterstock_149480669.jpg","type":"","width":"","height":""}],"twitter_card":"summary_large_image","twitter_site":"@OIRSAoficial","twitter_misc":{"Est. reading time":"1 minute"},"schema":{"@context":"https:\/\/schema.org","@graph":[{"@type":"WebPage","@id":"https:\/\/web.oirsa.org\/sanidad-apicola","url":"https:\/\/web.oirsa.org\/sanidad-apicola","name":"Programa Regional de Sanidad Ap\u00edcola - OIRSA","isPartOf":{"@id":"https:\/\/web.oirsa.org\/#website"},"primaryImageOfPage":{"@id":"https:\/\/web.oirsa.org\/sanidad-apicola#primaryimage"},"image":{"@id":"https:\/\/web.oirsa.org\/sanidad-apicola#primaryimage"},"thumbnailUrl":"https:\/\/web.oirsa.org\/wp-content\/uploads\/2021\/12\/shutterstock_149480669.jpg","datePublished":"2021-12-16T16:10:11+00:00","dateModified":"2024-02-07T16:41:23+00:00","breadcrumb":{"@id":"https:\/\/web.oirsa.org\/sanidad-apicola#breadcrumb"},"inLanguage":"en-US","potentialAction":[{"@type":"ReadAction","target":["https:\/\/web.oirsa.org\/sanidad-apicola"]}]},{"@type":"ImageObject","inLanguage":"en-US","@id":"https:\/\/web.oirsa.org\/sanidad-apicola#primaryimage","url":"https:\/\/web.oirsa.org\/wp-content\/uploads\/2021\/12\/shutterstock_149480669.jpg","contentUrl":"https:\/\/web.oirsa.org\/wp-content\/uploads\/2021\/12\/shutterstock_149480669.jpg"},{"@type":"BreadcrumbList","@id":"https:\/\/web.oirsa.org\/sanidad-apicola#breadcrumb","itemListElement":[{"@type":"ListItem","position":1,"name":"Portada","item":"https:\/\/web.oirsa.org\/"},{"@type":"ListItem","position":2,"name":"Programa Regional de Sanidad Ap\u00edcola"}]},{"@type":"WebSite","@id":"https:\/\/web.oirsa.org\/#website","url":"https:\/\/web.oirsa.org\/","name":"OIRSA","description":"Organismo Internacional Regional de Sanidad Agropecuaria","publisher":{"@id":"https:\/\/web.oirsa.org\/#organization"},"potentialAction":[{"@type":"SearchAction","target":{"@type":"EntryPoint","urlTemplate":"https:\/\/web.oirsa.org\/?s={search_term_string}"},"query-input":{"@type":"PropertyValueSpecification","valueRequired":true,"valueName":"search_term_string"}}],"inLanguage":"en-US"},{"@type":"Organization","@id":"https:\/\/web.oirsa.org\/#organization","name":"OIRSA","url":"https:\/\/web.oirsa.org\/","logo":{"@type":"ImageObject","inLanguage":"en-US","@id":"https:\/\/web.oirsa.org\/#\/schema\/logo\/image\/","url":"https:\/\/web.oirsa.org\/wp-content\/uploads\/2024\/01\/cropped-LOGO-OIRSA-2023.png","contentUrl":"https:\/\/web.oirsa.org\/wp-content\/uploads\/2024\/01\/cropped-LOGO-OIRSA-2023.png","width":512,"height":512,"caption":"OIRSA"},"image":{"@id":"https:\/\/web.oirsa.org\/#\/schema\/logo\/image\/"},"sameAs":["https:\/\/www.facebook.com\/OIRSAoficial","https:\/\/x.com\/OIRSAoficial"]}]}},"jetpack_sharing_enabled":true,"_links":{"self":[{"href":"https:\/\/web.oirsa.org\/en\/wp-json\/wp\/v2\/pages\/5072","targetHints":{"allow":["GET"]}}],"collection":[{"href":"https:\/\/web.oirsa.org\/en\/wp-json\/wp\/v2\/pages"}],"about":[{"href":"https:\/\/web.oirsa.org\/en\/wp-json\/wp\/v2\/types\/page"}],"author":[{"embeddable":true,"href":"https:\/\/web.oirsa.org\/en\/wp-json\/wp\/v2\/users\/213237738"}],"replies":[{"embeddable":true,"href":"https:\/\/web.oirsa.org\/en\/wp-json\/wp\/v2\/comments?post=5072"}],"version-history":[{"count":27,"href":"https:\/\/web.oirsa.org\/en\/wp-json\/wp\/v2\/pages\/5072\/revisions"}],"predecessor-version":[{"id":14412,"href":"https:\/\/web.oirsa.org\/en\/wp-json\/wp\/v2\/pages\/5072\/revisions\/14412"}],"wp:attachment":[{"href":"https:\/\/web.oirsa.org\/en\/wp-json\/wp\/v2\/media?parent=5072"}],"curies":[{"name":"wp","href":"https:\/\/api.w.org\/{rel}","templated":true}]}}