{"id":5054,"date":"2021-12-15T16:30:05","date_gmt":"2021-12-15T22:30:05","guid":{"rendered":"http:\/\/10.103.20.84\/?page_id=5054"},"modified":"2023-11-27T15:24:50","modified_gmt":"2023-11-27T21:24:50","slug":"sanidad-acuicola","status":"publish","type":"page","link":"https:\/\/web.oirsa.org\/en\/sanidad-acuicola","title":{"rendered":"Aquaculture Health"},"content":{"rendered":"\n<p class=\"wp-block-paragraph\"><style>\/*! elementor - v3.5.3 - 28-12-2021 *\/<br \/>\n.elementor-heading-title{padding:0;margin:0;line-height:1}.elementor-widget-heading .elementor-heading-title[class*=elementor-size-]>a{color:inherit;font-size:inherit;line-height:inherit}.elementor-widget-heading .elementor-heading-title.elementor-size-small{font-size:15px}.elementor-widget-heading .elementor-heading-title.elementor-size-medium{font-size:19px}.elementor-widget-heading .elementor-heading-title.elementor-size-large{font-size:29px}.elementor-widget-heading .elementor-heading-title.elementor-size-xl{font-size:39px}.elementor-widget-heading .elementor-heading-title.elementor-size-xxl{font-size:59px}<\/style><\/p>\n\n\n\n<h2 class=\"wp-block-heading\">Programa Regional de Sanidad Acu\u00edcola<\/h2>\n\n\n\n<div class=\"wp-block-media-text is-stacked-on-mobile is-vertically-aligned-top\" style=\"grid-template-columns:53% auto\"><figure class=\"wp-block-media-text__media\"><img data-recalc-dims=\"1\" loading=\"lazy\" decoding=\"async\" width=\"525\" height=\"394\" src=\"https:\/\/i0.wp.com\/web.oirsa.org\/wp-content\/uploads\/2021\/12\/Camaron-sano-arriba-y-con-WSSV-abajo..jpeg?resize=525%2C394&#038;ssl=1\" alt=\"\" class=\"wp-image-5057 size-full\" srcset=\"https:\/\/i0.wp.com\/web.oirsa.org\/wp-content\/uploads\/2021\/12\/Camaron-sano-arriba-y-con-WSSV-abajo..jpeg?resize=1024%2C768&amp;ssl=1 1024w, https:\/\/i0.wp.com\/web.oirsa.org\/wp-content\/uploads\/2021\/12\/Camaron-sano-arriba-y-con-WSSV-abajo..jpeg?resize=300%2C225&amp;ssl=1 300w, https:\/\/i0.wp.com\/web.oirsa.org\/wp-content\/uploads\/2021\/12\/Camaron-sano-arriba-y-con-WSSV-abajo..jpeg?resize=768%2C576&amp;ssl=1 768w, https:\/\/i0.wp.com\/web.oirsa.org\/wp-content\/uploads\/2021\/12\/Camaron-sano-arriba-y-con-WSSV-abajo..jpeg?resize=800%2C600&amp;ssl=1 800w, https:\/\/i0.wp.com\/web.oirsa.org\/wp-content\/uploads\/2021\/12\/Camaron-sano-arriba-y-con-WSSV-abajo..jpeg?resize=640%2C480&amp;ssl=1 640w, https:\/\/i0.wp.com\/web.oirsa.org\/wp-content\/uploads\/2021\/12\/Camaron-sano-arriba-y-con-WSSV-abajo..jpeg?resize=1200%2C900&amp;ssl=1 1200w, https:\/\/i0.wp.com\/web.oirsa.org\/wp-content\/uploads\/2021\/12\/Camaron-sano-arriba-y-con-WSSV-abajo..jpeg?resize=400%2C300&amp;ssl=1 400w, https:\/\/i0.wp.com\/web.oirsa.org\/wp-content\/uploads\/2021\/12\/Camaron-sano-arriba-y-con-WSSV-abajo..jpeg?resize=200%2C150&amp;ssl=1 200w, https:\/\/i0.wp.com\/web.oirsa.org\/wp-content\/uploads\/2021\/12\/Camaron-sano-arriba-y-con-WSSV-abajo..jpeg?w=1280&amp;ssl=1 1280w\" sizes=\"auto, (max-width: 525px) 100vw, 525px\" \/><\/figure><div class=\"wp-block-media-text__content\">\n<p class=\"wp-block-paragraph\">Se fortalecieron los sistemas de detecci\u00f3n de enfermedades en camarones y peces mediante la actualizaci\u00f3n de los t\u00e9cnicos de los Ministerios y Secretar\u00edas de Agricultura y Ganader\u00eda de la regi\u00f3n en: patolog\u00eda, inmunolog\u00eda, vigilancia epidemiol\u00f3gica y diagn\u00f3stico por el laboratorio.<\/p>\n\n\n\n<p class=\"wp-block-paragraph\">Con el apoyo de OSPESCA se elaboraron documentos sobre enfermedades end\u00e9micas de los peces, moluscos y enfermedades transfronterizas del camar\u00f3n. A\u00f1os 2015 a 2017.<\/p>\n<\/div><\/div>\n\n\n\n<p class=\"wp-block-paragraph\">Con el apoyo de FAO, mediante el Convenio FAO TCP\/ INT\/3502 \u201cReducci\u00f3n y Manejo del Riesgo de la Enfermedad Necrosis Aguda del Hepatop\u00e1ncreas en Camarones (AHPND) de Cultivo\u201d se fortalecieron las \u00e1reas de diagn\u00f3stico de laboratorio y planes de contingencia ante el posible aparecimiento de la enfermedad en los pa\u00edses.<style>\/*! elementor - v3.5.3 - 28-12-2021 *\/&lt;br \/> .elementor-widget-image{text-align:center}.elementor-widget-image a{display:inline-block}.elementor-widget-image a img[src$=\".svg\"]{width:48px}.elementor-widget-image img{vertical-align:middle;display:inline-block}<\/style><\/p>\n","protected":false},"excerpt":{"rendered":"<p>Programa Regional de Sanidad Acu\u00edcola Se fortalecieron los sistemas de detecci\u00f3n de enfermedades en camarones y peces mediante la actualizaci\u00f3n [&hellip;]<\/p>\n","protected":false},"author":213237738,"featured_media":0,"parent":0,"menu_order":0,"comment_status":"closed","ping_status":"closed","template":"","meta":{"_coblocks_attr":"","_coblocks_dimensions":"","_coblocks_responsive_height":"","_coblocks_accordion_ie_support":"","_crdt_document":"","footnotes":""},"class_list":["post-5054","page","type-page","status-publish","hentry"],"yoast_head":"<!-- This site is optimized with the Yoast SEO plugin v27.4 - https:\/\/yoast.com\/product\/yoast-seo-wordpress\/ -->\n<title>Sanidad Acu\u00edcola - OIRSA<\/title>\n<meta name=\"robots\" content=\"index, follow, max-snippet:-1, max-image-preview:large, max-video-preview:-1\" \/>\n<link rel=\"canonical\" href=\"https:\/\/web.oirsa.org\/en\/sanidad-acuicola\/\" \/>\n<meta property=\"og:locale\" content=\"en_US\" \/>\n<meta property=\"og:type\" content=\"article\" \/>\n<meta property=\"og:title\" content=\"Sanidad Acu\u00edcola - OIRSA\" \/>\n<meta property=\"og:description\" content=\"Programa Regional de Sanidad Acu\u00edcola Se fortalecieron los sistemas de detecci\u00f3n de enfermedades en camarones y peces mediante la actualizaci\u00f3n [&hellip;]\" \/>\n<meta property=\"og:url\" content=\"https:\/\/web.oirsa.org\/en\/sanidad-acuicola\/\" \/>\n<meta property=\"og:site_name\" content=\"OIRSA\" \/>\n<meta property=\"article:publisher\" content=\"https:\/\/www.facebook.com\/OIRSAoficial\" \/>\n<meta property=\"article:modified_time\" content=\"2023-11-27T21:24:50+00:00\" \/>\n<meta property=\"og:image\" content=\"https:\/\/web.oirsa.org\/wp-content\/uploads\/2021\/12\/Camaron-sano-arriba-y-con-WSSV-abajo.-1024x768.jpeg\" \/>\n<meta name=\"twitter:card\" content=\"summary_large_image\" \/>\n<meta name=\"twitter:site\" content=\"@OIRSAoficial\" \/>\n<meta name=\"twitter:label1\" content=\"Est. reading time\" \/>\n\t<meta name=\"twitter:data1\" content=\"1 minute\" \/>\n<script type=\"application\/ld+json\" class=\"yoast-schema-graph\">{\"@context\":\"https:\\\/\\\/schema.org\",\"@graph\":[{\"@type\":\"WebPage\",\"@id\":\"https:\\\/\\\/web.oirsa.org\\\/sanidad-acuicola\",\"url\":\"https:\\\/\\\/web.oirsa.org\\\/sanidad-acuicola\",\"name\":\"Sanidad Acu\u00edcola - OIRSA\",\"isPartOf\":{\"@id\":\"https:\\\/\\\/web.oirsa.org\\\/#website\"},\"primaryImageOfPage\":{\"@id\":\"https:\\\/\\\/web.oirsa.org\\\/sanidad-acuicola#primaryimage\"},\"image\":{\"@id\":\"https:\\\/\\\/web.oirsa.org\\\/sanidad-acuicola#primaryimage\"},\"thumbnailUrl\":\"https:\\\/\\\/web.oirsa.org\\\/wp-content\\\/uploads\\\/2021\\\/12\\\/Camaron-sano-arriba-y-con-WSSV-abajo.-1024x768.jpeg\",\"datePublished\":\"2021-12-15T22:30:05+00:00\",\"dateModified\":\"2023-11-27T21:24:50+00:00\",\"breadcrumb\":{\"@id\":\"https:\\\/\\\/web.oirsa.org\\\/sanidad-acuicola#breadcrumb\"},\"inLanguage\":\"en-US\",\"potentialAction\":[{\"@type\":\"ReadAction\",\"target\":[\"https:\\\/\\\/web.oirsa.org\\\/sanidad-acuicola\"]}]},{\"@type\":\"ImageObject\",\"inLanguage\":\"en-US\",\"@id\":\"https:\\\/\\\/web.oirsa.org\\\/sanidad-acuicola#primaryimage\",\"url\":\"https:\\\/\\\/web.oirsa.org\\\/wp-content\\\/uploads\\\/2021\\\/12\\\/Camaron-sano-arriba-y-con-WSSV-abajo.-1024x768.jpeg\",\"contentUrl\":\"https:\\\/\\\/web.oirsa.org\\\/wp-content\\\/uploads\\\/2021\\\/12\\\/Camaron-sano-arriba-y-con-WSSV-abajo.-1024x768.jpeg\"},{\"@type\":\"BreadcrumbList\",\"@id\":\"https:\\\/\\\/web.oirsa.org\\\/sanidad-acuicola#breadcrumb\",\"itemListElement\":[{\"@type\":\"ListItem\",\"position\":1,\"name\":\"Portada\",\"item\":\"https:\\\/\\\/web.oirsa.org\\\/\"},{\"@type\":\"ListItem\",\"position\":2,\"name\":\"Sanidad Acu\u00edcola\"}]},{\"@type\":\"WebSite\",\"@id\":\"https:\\\/\\\/web.oirsa.org\\\/#website\",\"url\":\"https:\\\/\\\/web.oirsa.org\\\/\",\"name\":\"OIRSA\",\"description\":\"Organismo Internacional Regional de Sanidad Agropecuaria\",\"publisher\":{\"@id\":\"https:\\\/\\\/web.oirsa.org\\\/#organization\"},\"potentialAction\":[{\"@type\":\"SearchAction\",\"target\":{\"@type\":\"EntryPoint\",\"urlTemplate\":\"https:\\\/\\\/web.oirsa.org\\\/?s={search_term_string}\"},\"query-input\":{\"@type\":\"PropertyValueSpecification\",\"valueRequired\":true,\"valueName\":\"search_term_string\"}}],\"inLanguage\":\"en-US\"},{\"@type\":\"Organization\",\"@id\":\"https:\\\/\\\/web.oirsa.org\\\/#organization\",\"name\":\"OIRSA\",\"url\":\"https:\\\/\\\/web.oirsa.org\\\/\",\"logo\":{\"@type\":\"ImageObject\",\"inLanguage\":\"en-US\",\"@id\":\"https:\\\/\\\/web.oirsa.org\\\/#\\\/schema\\\/logo\\\/image\\\/\",\"url\":\"https:\\\/\\\/web.oirsa.org\\\/wp-content\\\/uploads\\\/2024\\\/01\\\/cropped-LOGO-OIRSA-2023.png\",\"contentUrl\":\"https:\\\/\\\/web.oirsa.org\\\/wp-content\\\/uploads\\\/2024\\\/01\\\/cropped-LOGO-OIRSA-2023.png\",\"width\":512,\"height\":512,\"caption\":\"OIRSA\"},\"image\":{\"@id\":\"https:\\\/\\\/web.oirsa.org\\\/#\\\/schema\\\/logo\\\/image\\\/\"},\"sameAs\":[\"https:\\\/\\\/www.facebook.com\\\/OIRSAoficial\",\"https:\\\/\\\/x.com\\\/OIRSAoficial\"]}]}<\/script>\n<!-- \/ Yoast SEO plugin. -->","yoast_head_json":{"title":"Sanidad Acu\u00edcola - OIRSA","robots":{"index":"index","follow":"follow","max-snippet":"max-snippet:-1","max-image-preview":"max-image-preview:large","max-video-preview":"max-video-preview:-1"},"canonical":"https:\/\/web.oirsa.org\/en\/sanidad-acuicola\/","og_locale":"en_US","og_type":"article","og_title":"Sanidad Acu\u00edcola - OIRSA","og_description":"Programa Regional de Sanidad Acu\u00edcola Se fortalecieron los sistemas de detecci\u00f3n de enfermedades en camarones y peces mediante la actualizaci\u00f3n [&hellip;]","og_url":"https:\/\/web.oirsa.org\/en\/sanidad-acuicola\/","og_site_name":"OIRSA","article_publisher":"https:\/\/www.facebook.com\/OIRSAoficial","article_modified_time":"2023-11-27T21:24:50+00:00","og_image":[{"url":"https:\/\/web.oirsa.org\/wp-content\/uploads\/2021\/12\/Camaron-sano-arriba-y-con-WSSV-abajo.-1024x768.jpeg","type":"","width":"","height":""}],"twitter_card":"summary_large_image","twitter_site":"@OIRSAoficial","twitter_misc":{"Est. reading time":"1 minute"},"schema":{"@context":"https:\/\/schema.org","@graph":[{"@type":"WebPage","@id":"https:\/\/web.oirsa.org\/sanidad-acuicola","url":"https:\/\/web.oirsa.org\/sanidad-acuicola","name":"Sanidad Acu\u00edcola - OIRSA","isPartOf":{"@id":"https:\/\/web.oirsa.org\/#website"},"primaryImageOfPage":{"@id":"https:\/\/web.oirsa.org\/sanidad-acuicola#primaryimage"},"image":{"@id":"https:\/\/web.oirsa.org\/sanidad-acuicola#primaryimage"},"thumbnailUrl":"https:\/\/web.oirsa.org\/wp-content\/uploads\/2021\/12\/Camaron-sano-arriba-y-con-WSSV-abajo.-1024x768.jpeg","datePublished":"2021-12-15T22:30:05+00:00","dateModified":"2023-11-27T21:24:50+00:00","breadcrumb":{"@id":"https:\/\/web.oirsa.org\/sanidad-acuicola#breadcrumb"},"inLanguage":"en-US","potentialAction":[{"@type":"ReadAction","target":["https:\/\/web.oirsa.org\/sanidad-acuicola"]}]},{"@type":"ImageObject","inLanguage":"en-US","@id":"https:\/\/web.oirsa.org\/sanidad-acuicola#primaryimage","url":"https:\/\/web.oirsa.org\/wp-content\/uploads\/2021\/12\/Camaron-sano-arriba-y-con-WSSV-abajo.-1024x768.jpeg","contentUrl":"https:\/\/web.oirsa.org\/wp-content\/uploads\/2021\/12\/Camaron-sano-arriba-y-con-WSSV-abajo.-1024x768.jpeg"},{"@type":"BreadcrumbList","@id":"https:\/\/web.oirsa.org\/sanidad-acuicola#breadcrumb","itemListElement":[{"@type":"ListItem","position":1,"name":"Portada","item":"https:\/\/web.oirsa.org\/"},{"@type":"ListItem","position":2,"name":"Sanidad Acu\u00edcola"}]},{"@type":"WebSite","@id":"https:\/\/web.oirsa.org\/#website","url":"https:\/\/web.oirsa.org\/","name":"OIRSA","description":"Organismo Internacional Regional de Sanidad Agropecuaria","publisher":{"@id":"https:\/\/web.oirsa.org\/#organization"},"potentialAction":[{"@type":"SearchAction","target":{"@type":"EntryPoint","urlTemplate":"https:\/\/web.oirsa.org\/?s={search_term_string}"},"query-input":{"@type":"PropertyValueSpecification","valueRequired":true,"valueName":"search_term_string"}}],"inLanguage":"en-US"},{"@type":"Organization","@id":"https:\/\/web.oirsa.org\/#organization","name":"OIRSA","url":"https:\/\/web.oirsa.org\/","logo":{"@type":"ImageObject","inLanguage":"en-US","@id":"https:\/\/web.oirsa.org\/#\/schema\/logo\/image\/","url":"https:\/\/web.oirsa.org\/wp-content\/uploads\/2024\/01\/cropped-LOGO-OIRSA-2023.png","contentUrl":"https:\/\/web.oirsa.org\/wp-content\/uploads\/2024\/01\/cropped-LOGO-OIRSA-2023.png","width":512,"height":512,"caption":"OIRSA"},"image":{"@id":"https:\/\/web.oirsa.org\/#\/schema\/logo\/image\/"},"sameAs":["https:\/\/www.facebook.com\/OIRSAoficial","https:\/\/x.com\/OIRSAoficial"]}]}},"jetpack_sharing_enabled":true,"_links":{"self":[{"href":"https:\/\/web.oirsa.org\/en\/wp-json\/wp\/v2\/pages\/5054","targetHints":{"allow":["GET"]}}],"collection":[{"href":"https:\/\/web.oirsa.org\/en\/wp-json\/wp\/v2\/pages"}],"about":[{"href":"https:\/\/web.oirsa.org\/en\/wp-json\/wp\/v2\/types\/page"}],"author":[{"embeddable":true,"href":"https:\/\/web.oirsa.org\/en\/wp-json\/wp\/v2\/users\/213237738"}],"replies":[{"embeddable":true,"href":"https:\/\/web.oirsa.org\/en\/wp-json\/wp\/v2\/comments?post=5054"}],"version-history":[{"count":20,"href":"https:\/\/web.oirsa.org\/en\/wp-json\/wp\/v2\/pages\/5054\/revisions"}],"predecessor-version":[{"id":13436,"href":"https:\/\/web.oirsa.org\/en\/wp-json\/wp\/v2\/pages\/5054\/revisions\/13436"}],"wp:attachment":[{"href":"https:\/\/web.oirsa.org\/en\/wp-json\/wp\/v2\/media?parent=5054"}],"curies":[{"name":"wp","href":"https:\/\/api.w.org\/{rel}","templated":true}]}}