{"id":17645,"date":"2025-06-25T09:47:09","date_gmt":"2025-06-25T15:47:09","guid":{"rendered":"https:\/\/web.oirsa.org\/?page_id=17645"},"modified":"2025-06-29T06:15:31","modified_gmt":"2025-06-29T12:15:31","slug":"gbg-mascotas","status":"publish","type":"page","link":"https:\/\/web.oirsa.org\/en\/gbg-mascotas","title":{"rendered":"GBG mascotas"},"content":{"rendered":"<div class=\"wpb-content-wrapper\"><section class=\"wpb_row vc_row-fluid\"><div class=\"container\"><div class=\"row\"><div class=\"wpb_column vc_column_container vc_col-sm-12\"><div class=\"vc_column-inner\"  ><div class=\"wpb_wrapper\">\n\t<div class=\"wpb_text_column wpb_content_element\" >\n\t\t<div class=\"wpb_wrapper\">\n\t\t\t<p style=\"text-align: center;\"><strong><span style=\"font-size: 24px; color: #800000;\">\u00a1Protege a tus mascotas del Gusano Barrenador del Ganado!\u00a0<\/span><\/strong><\/p>\n\n\t\t<\/div>\n\t<\/div>\n\n\t<div class=\"wpb_text_column wpb_content_element\" >\n\t\t<div class=\"wpb_wrapper\">\n\t\t\t<p><span style=\"font-size: 24px;\"><span style=\"color: #800000;\"><a style=\"color: #800000;\" href=\"https:\/\/web.oirsa.org\/en\/gbg\/\"><em>Cochliomyia hominivorax<\/em><\/a><\/span> puede causar heridas graves, e incluso la muerte, si no se previene a tiempo.<\/span><\/p>\n\n\t\t<\/div>\n\t<\/div>\n<\/div><\/div><\/div><div class=\"wpb_column vc_column_container vc_col-sm-12\"><div class=\"vc_column-inner\"  ><div class=\"wpb_wrapper\"><div class=\"vc_row wpb_row vc_inner vc_row-fluid vc_custom_1750802328311 vc_row-has-fill\"><div class=\"wpb_column vc_column_container vc_col-sm-6\"><div class=\"vc_column-inner\"><div class=\"wpb_wrapper\">\n\t<div class=\"wpb_text_column wpb_content_element\" >\n\t\t<div class=\"wpb_wrapper\">\n\t\t\t<ul>\n<li><span style=\"font-size: 24px;\">Revisa a diario a tu mascota. Examina piel, orejas, patas, cola y orificios naturales.<\/span><\/li>\n<\/ul>\n<p>&nbsp;<\/p>\n<ul>\n<li><span style=\"font-size: 24px;\">Limpia y cura toda herida de inmediato con productos veterinarios autorizados, hasta garantizar su completa cicatrizaci\u00f3n.<\/span><\/li>\n<\/ul>\n<p>&nbsp;<\/p>\n<ul>\n<li><span style=\"font-size: 24px;\">Evita que se lama o rasque. Si tiene heridas, coloca collar isabelino y acude de inmediato a un m\u00e9dico veterinario autorizado.<\/span><\/li>\n<\/ul>\n<p>&nbsp;<\/p>\n<ul>\n<li><span style=\"font-size: 24px;\">Mant\u00e9n al d\u00eda su calendario de vacunaci\u00f3n y desparasitaci\u00f3n, ya que el estr\u00e9s e infecciones locales debilitan su sistema inmunol\u00f3gico.<\/span><\/li>\n<\/ul>\n<p>&nbsp;<\/p>\n<ul>\n<li><span style=\"font-size: 24px;\">Si observas gusanos en una herida de tu mascota, ten cuidado que no caigan al suelo para evitar que el ciclo de la mosca contin\u00fae.<\/span><\/li>\n<\/ul>\n<p>&nbsp;<\/p>\n<p><span style=\"font-size: 24px;\">Ante signos de gusanos, mal olor o tejido da\u00f1ado, \u00a1no esperes!<\/span><\/p>\n<p>&nbsp;<\/p>\n<p><span style=\"font-size: 24px;\">Reporta al Ministerio de Agricultura y Ganader\u00eda y consulta a un veterinario.<\/span><\/p>\n\n\t\t<\/div>\n\t<\/div>\n<\/div><\/div><\/div><div class=\"wpb_column vc_column_container vc_col-sm-6\"><div class=\"vc_column-inner\"><div class=\"wpb_wrapper\">\n\t<div  class=\"wpb_single_image wpb_content_element vc_align_left wpb_content_element\">\n\t\t\n\t\t<figure class=\"wpb_wrapper vc_figure\">\n\t\t\t<div class=\"vc_single_image-wrapper   vc_box_border_grey\"><img loading=\"lazy\" decoding=\"async\" width=\"525\" height=\"591\" src=\"https:\/\/i0.wp.com\/web.oirsa.org\/wp-content\/uploads\/2025\/06\/mascotas-copia-2-scaled.png?fit=525%2C591&amp;ssl=1\" class=\"vc_single_image-img attachment-large\" alt=\"\" title=\"mascotas copia\" srcset=\"https:\/\/i0.wp.com\/web.oirsa.org\/wp-content\/uploads\/2025\/06\/mascotas-copia-2-scaled.png?w=2276&amp;ssl=1 2276w, https:\/\/i0.wp.com\/web.oirsa.org\/wp-content\/uploads\/2025\/06\/mascotas-copia-2-scaled.png?resize=267%2C300&amp;ssl=1 267w, https:\/\/i0.wp.com\/web.oirsa.org\/wp-content\/uploads\/2025\/06\/mascotas-copia-2-scaled.png?resize=910%2C1024&amp;ssl=1 910w, https:\/\/i0.wp.com\/web.oirsa.org\/wp-content\/uploads\/2025\/06\/mascotas-copia-2-scaled.png?resize=768%2C864&amp;ssl=1 768w, https:\/\/i0.wp.com\/web.oirsa.org\/wp-content\/uploads\/2025\/06\/mascotas-copia-2-scaled.png?resize=1365%2C1536&amp;ssl=1 1365w, https:\/\/i0.wp.com\/web.oirsa.org\/wp-content\/uploads\/2025\/06\/mascotas-copia-2-scaled.png?resize=1820%2C2048&amp;ssl=1 1820w, https:\/\/i0.wp.com\/web.oirsa.org\/wp-content\/uploads\/2025\/06\/mascotas-copia-2-scaled.png?resize=11%2C12&amp;ssl=1 11w, https:\/\/i0.wp.com\/web.oirsa.org\/wp-content\/uploads\/2025\/06\/mascotas-copia-2-scaled.png?w=1050&amp;ssl=1 1050w, https:\/\/i0.wp.com\/web.oirsa.org\/wp-content\/uploads\/2025\/06\/mascotas-copia-2-scaled.png?w=1575&amp;ssl=1 1575w\" sizes=\"auto, (max-width: 525px) 100vw, 525px\" \/><\/div>\n\t\t<\/figure>\n\t<\/div>\n\n\t<div class=\"wpb_video_widget wpb_content_element vc_clearfix   vc_video-aspect-ratio-169 vc_video-el-width-100 vc_video-align-left\" >\n\t\t<div class=\"wpb_wrapper\">\n\t\t\t<h2 class=\"wpb_heading wpb_video_heading\">Webinar sobre GBG en mascotas<\/h2>\n\t\t\t<div class=\"wpb_video_wrapper\"><iframe loading=\"lazy\" title=\"Webinar sobre gusano barrenador, generalidades, control y su abordaje en mascotas.\" width=\"500\" height=\"281\" src=\"https:\/\/www.youtube.com\/embed\/dWr-A_Q3oXs?feature=oembed\" frameborder=\"0\" allow=\"accelerometer; autoplay; clipboard-write; encrypted-media; gyroscope; picture-in-picture; web-share\" referrerpolicy=\"strict-origin-when-cross-origin\" allowfullscreen><\/iframe><\/div>\n\t\t<\/div>\n\t<\/div>\n<\/div><\/div><\/div><\/div><div class=\"vc_row wpb_row vc_inner vc_row-fluid\"><div class=\"wpb_column vc_column_container vc_col-sm-12\"><div class=\"vc_column-inner\"><div class=\"wpb_wrapper\">\n\t<div class=\"wpb_text_column wpb_content_element vc_custom_1750802476718\" >\n\t\t<div class=\"wpb_wrapper\">\n\t\t\t<p style=\"text-align: center;\"><a href=\"https:\/\/bit.ly\/ProtocoloGBG\"><span style=\"font-size: 24px;\"><strong><span style=\"color: #800000;\">Protocolo de atenci\u00f3n de casos en perros y gatos<\/span><\/strong><\/span><\/a><\/p>\n\n\t\t<\/div>\n\t<\/div>\n<\/div><\/div><\/div><\/div><\/div><\/div><\/div><\/div><\/div><\/section><section class=\"wpb_row vc_row-fluid vc_custom_1750802111502 vc_row-has-fill\"><div class=\"container\"><div class=\"row\"><div class=\"wpb_column vc_column_container vc_col-sm-6 vc_col-has-fill\"><div class=\"vc_column-inner vc_custom_1750802095288\"  ><div class=\"wpb_wrapper\">\n\t<div  class=\"wpb_single_image wpb_content_element vc_align_left wpb_content_element\">\n\t\t\n\t\t<figure class=\"wpb_wrapper vc_figure\">\n\t\t\t<a href=\"https:\/\/bit.ly\/ProtocoloGBG\" target=\"_self\" class=\"vc_single_image-wrapper   vc_box_border_grey\"><img loading=\"lazy\" decoding=\"async\" width=\"525\" height=\"642\" src=\"https:\/\/i0.wp.com\/web.oirsa.org\/wp-content\/uploads\/2025\/06\/PROTOCOLO-GUSANO-BARRENADOR-EN-PERROS-Y-GATOS-edit.jpg?fit=525%2C642&amp;ssl=1\" class=\"vc_single_image-img attachment-large\" alt=\"\" title=\"PROTOCOLO GUSANO BARRENADOR EN PERROS Y GATOS edit\" srcset=\"https:\/\/i0.wp.com\/web.oirsa.org\/wp-content\/uploads\/2025\/06\/PROTOCOLO-GUSANO-BARRENADOR-EN-PERROS-Y-GATOS-edit.jpg?w=1165&amp;ssl=1 1165w, https:\/\/i0.wp.com\/web.oirsa.org\/wp-content\/uploads\/2025\/06\/PROTOCOLO-GUSANO-BARRENADOR-EN-PERROS-Y-GATOS-edit.jpg?resize=245%2C300&amp;ssl=1 245w, https:\/\/i0.wp.com\/web.oirsa.org\/wp-content\/uploads\/2025\/06\/PROTOCOLO-GUSANO-BARRENADOR-EN-PERROS-Y-GATOS-edit.jpg?resize=837%2C1024&amp;ssl=1 837w, https:\/\/i0.wp.com\/web.oirsa.org\/wp-content\/uploads\/2025\/06\/PROTOCOLO-GUSANO-BARRENADOR-EN-PERROS-Y-GATOS-edit.jpg?resize=768%2C939&amp;ssl=1 768w, https:\/\/i0.wp.com\/web.oirsa.org\/wp-content\/uploads\/2025\/06\/PROTOCOLO-GUSANO-BARRENADOR-EN-PERROS-Y-GATOS-edit.jpg?resize=10%2C12&amp;ssl=1 10w, https:\/\/i0.wp.com\/web.oirsa.org\/wp-content\/uploads\/2025\/06\/PROTOCOLO-GUSANO-BARRENADOR-EN-PERROS-Y-GATOS-edit.jpg?w=1050&amp;ssl=1 1050w\" sizes=\"auto, (max-width: 525px) 100vw, 525px\" \/><\/a>\n\t\t<\/figure>\n\t<\/div>\n<\/div><\/div><\/div><div class=\"wpb_column vc_column_container vc_col-sm-6 vc_col-has-fill\"><div class=\"vc_column-inner vc_custom_1750802123186\"  ><div class=\"wpb_wrapper\">\n\t<div class=\"wpb_text_column wpb_content_element\" >\n\t\t<div class=\"wpb_wrapper\">\n\t\t\t<p><span style=\"font-size: 20px;\">El gusano barrenador del ganado (<em>Cochliomyia hominivorax<\/em>) representa una amenaza significativa para la salud animal, el bienestar de los animales dom\u00e9sticos y la econom\u00eda pecuaria en los pa\u00edses miembros del OIRSA. Aunque hist\u00f3ricamente ha afectado principalmente a animales de producci\u00f3n, tambi\u00e9n se reportan, con alta frecuencia, casos en perros y gatos. En varios pa\u00edses de la regi\u00f3n del OIRSA, los caninos constituyen la segunda especie m\u00e1s afectada por esta enfermedad, lo que resalta la importancia de establecer un protocolo espec\u00edfico para su atenci\u00f3n cl\u00ednica y el control sanitario correspondiente.<\/span><\/p>\n<p><span style=\"font-size: 20px;\">La infestaci\u00f3n por gusano barrenador del ganado puede causar severos da\u00f1os a los tejidos, dolor intenso, infecciones secundarias y, en casos avanzados, la muerte del animal. Por esta raz\u00f3n, se hace necesario establecer un <a href=\"https:\/\/bit.ly\/ProtocoloGBG\"><span style=\"color: #800000;\"><strong>protocolo t\u00e9cnico unificado<\/strong><\/span><\/a> para la identificaci\u00f3n, tratamiento y seguimiento de casos en perros y gatos, contribuyendo as\u00ed al control regional de esta enfermedad en los pa\u00edses del OIRSA.<\/span><\/p>\n\n\t\t<\/div>\n\t<\/div>\n<\/div><\/div><\/div><\/div><\/div><\/section><section class=\"wpb_row vc_row-fluid vc_custom_1750804122669 vc_row-has-fill\"><div class=\"container\"><div class=\"row\"><div class=\"wpb_column vc_column_container vc_col-sm-12\"><div class=\"vc_column-inner\"  ><div class=\"wpb_wrapper\">\n\t<div class=\"wpb_text_column wpb_content_element\" >\n\t\t<div class=\"wpb_wrapper\">\n\t\t\t<p style=\"text-align: center;\"><span style=\"font-size: 24px;\"><strong><span style=\"color: #800000;\">\u00a1Cuidemos nuestras mascotas!\u00a0<\/span><\/strong><\/span><\/p>\n\n\t\t<\/div>\n\t<\/div>\n<\/div><\/div><\/div><\/div><\/div><\/section>\n<\/div>","protected":false},"excerpt":{"rendered":"\u00a1Protege a tus mascotas del Gusano Barrenador del Ganado!\u00a0 Cochliomyia hominivorax puede causar heridas graves, e incluso la muerte, si [...]","protected":false},"author":213237738,"featured_media":0,"parent":0,"menu_order":0,"comment_status":"closed","ping_status":"closed","template":"page-templates\/template-fullwidth.php","meta":{"_coblocks_attr":"","_coblocks_dimensions":"","_coblocks_responsive_height":"","_coblocks_accordion_ie_support":"","_crdt_document":"","footnotes":""},"class_list":["post-17645","page","type-page","status-publish","hentry"],"yoast_head":"<!-- This site is optimized with the Yoast SEO plugin v27.4 - https:\/\/yoast.com\/product\/yoast-seo-wordpress\/ -->\n<title>GBG mascotas - OIRSA<\/title>\n<meta name=\"robots\" content=\"index, follow, max-snippet:-1, max-image-preview:large, max-video-preview:-1\" \/>\n<link rel=\"canonical\" href=\"https:\/\/web.oirsa.org\/en\/gbg-mascotas\/\" \/>\n<meta property=\"og:locale\" content=\"en_US\" \/>\n<meta property=\"og:type\" content=\"article\" \/>\n<meta property=\"og:title\" content=\"GBG mascotas - OIRSA\" \/>\n<meta property=\"og:url\" content=\"https:\/\/web.oirsa.org\/en\/gbg-mascotas\/\" \/>\n<meta property=\"og:site_name\" content=\"OIRSA\" \/>\n<meta property=\"article:publisher\" content=\"https:\/\/www.facebook.com\/OIRSAoficial\" \/>\n<meta property=\"article:modified_time\" content=\"2025-06-29T12:15:31+00:00\" \/>\n<meta property=\"og:image\" content=\"https:\/\/i0.wp.com\/web.oirsa.org\/wp-content\/uploads\/2024\/01\/logo-OIRSA23.png?fit=2791%2C782&ssl=1\" \/>\n\t<meta property=\"og:image:width\" content=\"2791\" \/>\n\t<meta property=\"og:image:height\" content=\"782\" \/>\n\t<meta property=\"og:image:type\" content=\"image\/png\" \/>\n<meta name=\"twitter:card\" content=\"summary_large_image\" \/>\n<meta name=\"twitter:site\" content=\"@OIRSAoficial\" \/>\n<meta name=\"twitter:label1\" content=\"Est. reading time\" \/>\n\t<meta name=\"twitter:data1\" content=\"3 minutes\" \/>\n<script type=\"application\/ld+json\" class=\"yoast-schema-graph\">{\"@context\":\"https:\\\/\\\/schema.org\",\"@graph\":[{\"@type\":\"WebPage\",\"@id\":\"https:\\\/\\\/web.oirsa.org\\\/gbg-mascotas\",\"url\":\"https:\\\/\\\/web.oirsa.org\\\/gbg-mascotas\",\"name\":\"GBG mascotas - OIRSA\",\"isPartOf\":{\"@id\":\"https:\\\/\\\/web.oirsa.org\\\/#website\"},\"datePublished\":\"2025-06-25T15:47:09+00:00\",\"dateModified\":\"2025-06-29T12:15:31+00:00\",\"breadcrumb\":{\"@id\":\"https:\\\/\\\/web.oirsa.org\\\/gbg-mascotas#breadcrumb\"},\"inLanguage\":\"en-US\",\"potentialAction\":[{\"@type\":\"ReadAction\",\"target\":[\"https:\\\/\\\/web.oirsa.org\\\/gbg-mascotas\"]}]},{\"@type\":\"BreadcrumbList\",\"@id\":\"https:\\\/\\\/web.oirsa.org\\\/gbg-mascotas#breadcrumb\",\"itemListElement\":[{\"@type\":\"ListItem\",\"position\":1,\"name\":\"Portada\",\"item\":\"https:\\\/\\\/web.oirsa.org\\\/\"},{\"@type\":\"ListItem\",\"position\":2,\"name\":\"GBG mascotas\"}]},{\"@type\":\"WebSite\",\"@id\":\"https:\\\/\\\/web.oirsa.org\\\/#website\",\"url\":\"https:\\\/\\\/web.oirsa.org\\\/\",\"name\":\"OIRSA\",\"description\":\"Organismo Internacional Regional de Sanidad Agropecuaria\",\"publisher\":{\"@id\":\"https:\\\/\\\/web.oirsa.org\\\/#organization\"},\"potentialAction\":[{\"@type\":\"SearchAction\",\"target\":{\"@type\":\"EntryPoint\",\"urlTemplate\":\"https:\\\/\\\/web.oirsa.org\\\/?s={search_term_string}\"},\"query-input\":{\"@type\":\"PropertyValueSpecification\",\"valueRequired\":true,\"valueName\":\"search_term_string\"}}],\"inLanguage\":\"en-US\"},{\"@type\":\"Organization\",\"@id\":\"https:\\\/\\\/web.oirsa.org\\\/#organization\",\"name\":\"OIRSA\",\"url\":\"https:\\\/\\\/web.oirsa.org\\\/\",\"logo\":{\"@type\":\"ImageObject\",\"inLanguage\":\"en-US\",\"@id\":\"https:\\\/\\\/web.oirsa.org\\\/#\\\/schema\\\/logo\\\/image\\\/\",\"url\":\"https:\\\/\\\/web.oirsa.org\\\/wp-content\\\/uploads\\\/2024\\\/01\\\/cropped-LOGO-OIRSA-2023.png\",\"contentUrl\":\"https:\\\/\\\/web.oirsa.org\\\/wp-content\\\/uploads\\\/2024\\\/01\\\/cropped-LOGO-OIRSA-2023.png\",\"width\":512,\"height\":512,\"caption\":\"OIRSA\"},\"image\":{\"@id\":\"https:\\\/\\\/web.oirsa.org\\\/#\\\/schema\\\/logo\\\/image\\\/\"},\"sameAs\":[\"https:\\\/\\\/www.facebook.com\\\/OIRSAoficial\",\"https:\\\/\\\/x.com\\\/OIRSAoficial\"]}]}<\/script>\n<!-- \/ Yoast SEO plugin. -->","yoast_head_json":{"title":"GBG mascotas - OIRSA","robots":{"index":"index","follow":"follow","max-snippet":"max-snippet:-1","max-image-preview":"max-image-preview:large","max-video-preview":"max-video-preview:-1"},"canonical":"https:\/\/web.oirsa.org\/en\/gbg-mascotas\/","og_locale":"en_US","og_type":"article","og_title":"GBG mascotas - OIRSA","og_url":"https:\/\/web.oirsa.org\/en\/gbg-mascotas\/","og_site_name":"OIRSA","article_publisher":"https:\/\/www.facebook.com\/OIRSAoficial","article_modified_time":"2025-06-29T12:15:31+00:00","og_image":[{"width":2791,"height":782,"url":"https:\/\/i0.wp.com\/web.oirsa.org\/wp-content\/uploads\/2024\/01\/logo-OIRSA23.png?fit=2791%2C782&ssl=1","type":"image\/png"}],"twitter_card":"summary_large_image","twitter_site":"@OIRSAoficial","twitter_misc":{"Est. reading time":"3 minutes"},"schema":{"@context":"https:\/\/schema.org","@graph":[{"@type":"WebPage","@id":"https:\/\/web.oirsa.org\/gbg-mascotas","url":"https:\/\/web.oirsa.org\/gbg-mascotas","name":"GBG mascotas - OIRSA","isPartOf":{"@id":"https:\/\/web.oirsa.org\/#website"},"datePublished":"2025-06-25T15:47:09+00:00","dateModified":"2025-06-29T12:15:31+00:00","breadcrumb":{"@id":"https:\/\/web.oirsa.org\/gbg-mascotas#breadcrumb"},"inLanguage":"en-US","potentialAction":[{"@type":"ReadAction","target":["https:\/\/web.oirsa.org\/gbg-mascotas"]}]},{"@type":"BreadcrumbList","@id":"https:\/\/web.oirsa.org\/gbg-mascotas#breadcrumb","itemListElement":[{"@type":"ListItem","position":1,"name":"Portada","item":"https:\/\/web.oirsa.org\/"},{"@type":"ListItem","position":2,"name":"GBG mascotas"}]},{"@type":"WebSite","@id":"https:\/\/web.oirsa.org\/#website","url":"https:\/\/web.oirsa.org\/","name":"OIRSA","description":"Organismo Internacional Regional de Sanidad Agropecuaria","publisher":{"@id":"https:\/\/web.oirsa.org\/#organization"},"potentialAction":[{"@type":"SearchAction","target":{"@type":"EntryPoint","urlTemplate":"https:\/\/web.oirsa.org\/?s={search_term_string}"},"query-input":{"@type":"PropertyValueSpecification","valueRequired":true,"valueName":"search_term_string"}}],"inLanguage":"en-US"},{"@type":"Organization","@id":"https:\/\/web.oirsa.org\/#organization","name":"OIRSA","url":"https:\/\/web.oirsa.org\/","logo":{"@type":"ImageObject","inLanguage":"en-US","@id":"https:\/\/web.oirsa.org\/#\/schema\/logo\/image\/","url":"https:\/\/web.oirsa.org\/wp-content\/uploads\/2024\/01\/cropped-LOGO-OIRSA-2023.png","contentUrl":"https:\/\/web.oirsa.org\/wp-content\/uploads\/2024\/01\/cropped-LOGO-OIRSA-2023.png","width":512,"height":512,"caption":"OIRSA"},"image":{"@id":"https:\/\/web.oirsa.org\/#\/schema\/logo\/image\/"},"sameAs":["https:\/\/www.facebook.com\/OIRSAoficial","https:\/\/x.com\/OIRSAoficial"]}]}},"jetpack_sharing_enabled":true,"_links":{"self":[{"href":"https:\/\/web.oirsa.org\/en\/wp-json\/wp\/v2\/pages\/17645","targetHints":{"allow":["GET"]}}],"collection":[{"href":"https:\/\/web.oirsa.org\/en\/wp-json\/wp\/v2\/pages"}],"about":[{"href":"https:\/\/web.oirsa.org\/en\/wp-json\/wp\/v2\/types\/page"}],"author":[{"embeddable":true,"href":"https:\/\/web.oirsa.org\/en\/wp-json\/wp\/v2\/users\/213237738"}],"replies":[{"embeddable":true,"href":"https:\/\/web.oirsa.org\/en\/wp-json\/wp\/v2\/comments?post=17645"}],"version-history":[{"count":25,"href":"https:\/\/web.oirsa.org\/en\/wp-json\/wp\/v2\/pages\/17645\/revisions"}],"predecessor-version":[{"id":17751,"href":"https:\/\/web.oirsa.org\/en\/wp-json\/wp\/v2\/pages\/17645\/revisions\/17751"}],"wp:attachment":[{"href":"https:\/\/web.oirsa.org\/en\/wp-json\/wp\/v2\/media?parent=17645"}],"curies":[{"name":"wp","href":"https:\/\/api.w.org\/{rel}","templated":true}]}}