{"id":17540,"date":"2025-06-19T14:04:25","date_gmt":"2025-06-19T20:04:25","guid":{"rendered":"https:\/\/web.oirsa.org\/?page_id=17540"},"modified":"2025-06-26T16:29:05","modified_gmt":"2025-06-26T22:29:05","slug":"gbg","status":"publish","type":"page","link":"https:\/\/web.oirsa.org\/en\/gbg","title":{"rendered":"GBG"},"content":{"rendered":"<div class=\"wpb-content-wrapper\"><section class=\"wpb_row vc_row-fluid vc_custom_1750370248744 vc_row-has-fill\"><div class=\"container\"><div class=\"row\"><div class=\"wpb_column vc_column_container vc_col-sm-6 vc_col-has-fill\"><div class=\"vc_column-inner vc_custom_1750370228816\"  ><div class=\"wpb_wrapper\">\n\t<div class=\"wpb_video_widget wpb_content_element vc_clearfix   vc_video-aspect-ratio-169 vc_video-el-width-100 vc_video-align-left\" >\n\t\t<div class=\"wpb_wrapper\">\n\t\t\t\n\t\t\t<div class=\"wpb_video_wrapper\"><iframe loading=\"lazy\" title=\"Gusano Barrenador del Ganado\" width=\"500\" height=\"281\" src=\"https:\/\/www.youtube.com\/embed\/30YdrU5JARo?feature=oembed\" frameborder=\"0\" allow=\"accelerometer; autoplay; clipboard-write; encrypted-media; gyroscope; picture-in-picture; web-share\" referrerpolicy=\"strict-origin-when-cross-origin\" allowfullscreen><\/iframe><\/div>\n\t\t<\/div>\n\t<\/div>\n<\/div><\/div><\/div><div class=\"wpb_column vc_column_container vc_col-sm-6 vc_col-has-fill\"><div class=\"vc_column-inner vc_custom_1750370259785\"  ><div class=\"wpb_wrapper\">\n\t<div class=\"wpb_text_column wpb_content_element vc_custom_1750370273391\" >\n\t\t<div class=\"wpb_wrapper\">\n\t\t\t<p><span style=\"font-size: 24px;\">De acuerdo con la Organizaci\u00f3n Mundial de la Sanidad Animal (OMSA), <strong><span style=\"color: #800000;\">la enfermedad de la miasis por gusano barrenador del ganado<\/span><\/strong> (<em>Cochliomyia hominivorax)<\/em> es producida por un par\u00e1sito, estricto de los mam\u00edferos, incluido el ser humano, durante sus estados larvarios. Las larvas -que se alimentan de la piel y de los tejidos subyacentes- provocan heridas que pueden ser mortales.<\/span><\/p>\n\n\t\t<\/div>\n\t<\/div>\n<\/div><\/div><\/div><\/div><\/div><\/section><section data-vc-full-width=\"true\" data-vc-full-width-temp=\"true\" data-vc-full-width-init=\"false\" data-vc-stretch-content=\"true\" class=\"vc_section vc_custom_1750372473142 vc_section-has-fill\"><section class=\"wpb_row vc_row-fluid vc_custom_1750372081237 vc_row-has-fill\"><div class=\"container\"><div class=\"row\"><div class=\"wpb_column vc_column_container vc_col-sm-12 vc_col-has-fill\"><div class=\"vc_column-inner vc_custom_1750372044043\"  ><div class=\"wpb_wrapper\">\n\t<div class=\"wpb_text_column wpb_content_element vc_custom_1750976843475\" >\n\t\t<div class=\"wpb_wrapper\">\n\t\t\t<p><span style=\"font-size: 20px;\">La infestaci\u00f3n se suele contraer en sitios con heridas, pero tambi\u00e9n pueden tener lugar en las mucosas de los orificios corporales. Las moscas hembras son atra\u00eddas por las heridas, en cuyos bordes <strong><span style=\"color: #800000;\">cada una deposita entre 300 y 400 huevos<\/span><\/strong>. Pr\u00e1cticamente cualquier herida resulta atractiva, bien sea natural (por peleas, depredadores, espigas, enfermedad, y picaduras de garrapatas e insectos) o producida por el hombre (en el esquileo, marcaje, castraci\u00f3n, descornado, corte de rabo y colocaci\u00f3n de dispositivos de identificaci\u00f3n en las orejas).<\/span><\/p>\n\n\t\t<\/div>\n\t<\/div>\n<\/div><\/div><\/div><\/div><\/div><\/section><section class=\"wpb_row vc_row-fluid vc_custom_1750372292478 vc_row-has-fill\"><div class=\"container\"><div class=\"row\"><div class=\"wpb_column vc_column_container vc_col-sm-6 vc_col-has-fill\"><div class=\"vc_column-inner vc_custom_1750372281277\"  ><div class=\"wpb_wrapper\">\n\t<div class=\"wpb_text_column wpb_content_element vc_custom_1750953917833\" >\n\t\t<div class=\"wpb_wrapper\">\n\t\t\t<p><span style=\"font-size: 20px;\">Las larvas emergen de <strong><span style=\"color: #800000;\">12\u201324 horas y comienzan a alimentarse, adentr\u00e1ndose cabeza abajo en la herida<\/span><\/strong>. Despu\u00e9s de un desarrollo que incluye tres fases larvarias y dos mudas, las larvas abandonan la herida y se dejan caer al suelo, en el que se adentran hasta llegar a la fase de pupa. La duraci\u00f3n del ciclo de vida fuera del hospedador depende de la temperatura, siendo m\u00e1s corta cuanto mayor es la temperatura, y, en los tr\u00f3picos, el ciclo completo puede terminar en menos de 3 semanas.<\/span><\/p>\n<p>&nbsp;<\/p>\n<p><span style=\"font-size: 20px;\">Las larvas de GBG tienen caracter\u00edsticas muy propias en las heridas que infestan, se alojan en la parte m\u00e1s profunda, alrededor de 5-10 cm de hondo o incluso m\u00e1s (a diferencia de las especies secundarias, que subsisten cerca de la superficie). Las lesiones suelen ser de forma circular y las larvas producen mucha destrucci\u00f3n en los tejidos que afectan y <strong><span style=\"color: #800000;\">tienen un olor similar al de la putrefacci\u00f3n, que es muy particular de la miasis<\/span><\/strong>.<\/span><\/p>\n<p><span style=\"font-size: 20px;\">Las heridas naturales m\u00e1s frecuentemente infestadas son las de los ombligos de los animales reci\u00e9n nacidos y las regiones vulvares o perianales de sus madres, especialmente si presentan alg\u00fan traumatismo. <\/span><\/p>\n\n\t\t<\/div>\n\t<\/div>\n<\/div><\/div><\/div><div class=\"wpb_column vc_column_container vc_col-sm-6 vc_col-has-fill\"><div class=\"vc_column-inner vc_custom_1750372331987\"  ><div class=\"wpb_wrapper\">\n\t<div  class=\"wpb_single_image wpb_content_element vc_align_left wpb_content_element vc_custom_1750972063470\">\n\t\t\n\t\t<figure class=\"wpb_wrapper vc_figure\">\n\t\t\t<div class=\"vc_single_image-wrapper   vc_box_border_grey\"><img loading=\"lazy\" decoding=\"async\" width=\"525\" height=\"618\" src=\"https:\/\/i0.wp.com\/web.oirsa.org\/wp-content\/uploads\/2025\/06\/1gusano-barrenador-ciclo-copia-1-scaled.jpg?fit=525%2C618&amp;ssl=1\" class=\"vc_single_image-img attachment-large\" alt=\"\" title=\"1gusano barrenador ciclo copia\" srcset=\"https:\/\/i0.wp.com\/web.oirsa.org\/wp-content\/uploads\/2025\/06\/1gusano-barrenador-ciclo-copia-1-scaled.jpg?w=2176&amp;ssl=1 2176w, https:\/\/i0.wp.com\/web.oirsa.org\/wp-content\/uploads\/2025\/06\/1gusano-barrenador-ciclo-copia-1-scaled.jpg?resize=255%2C300&amp;ssl=1 255w, https:\/\/i0.wp.com\/web.oirsa.org\/wp-content\/uploads\/2025\/06\/1gusano-barrenador-ciclo-copia-1-scaled.jpg?resize=870%2C1024&amp;ssl=1 870w, https:\/\/i0.wp.com\/web.oirsa.org\/wp-content\/uploads\/2025\/06\/1gusano-barrenador-ciclo-copia-1-scaled.jpg?resize=768%2C904&amp;ssl=1 768w, https:\/\/i0.wp.com\/web.oirsa.org\/wp-content\/uploads\/2025\/06\/1gusano-barrenador-ciclo-copia-1-scaled.jpg?resize=1306%2C1536&amp;ssl=1 1306w, https:\/\/i0.wp.com\/web.oirsa.org\/wp-content\/uploads\/2025\/06\/1gusano-barrenador-ciclo-copia-1-scaled.jpg?resize=1741%2C2048&amp;ssl=1 1741w, https:\/\/i0.wp.com\/web.oirsa.org\/wp-content\/uploads\/2025\/06\/1gusano-barrenador-ciclo-copia-1-scaled.jpg?resize=10%2C12&amp;ssl=1 10w, https:\/\/i0.wp.com\/web.oirsa.org\/wp-content\/uploads\/2025\/06\/1gusano-barrenador-ciclo-copia-1-scaled.jpg?w=1050&amp;ssl=1 1050w, https:\/\/i0.wp.com\/web.oirsa.org\/wp-content\/uploads\/2025\/06\/1gusano-barrenador-ciclo-copia-1-scaled.jpg?w=1575&amp;ssl=1 1575w\" sizes=\"auto, (max-width: 525px) 100vw, 525px\" \/><\/div>\n\t\t<\/figure>\n\t<\/div>\n<\/div><\/div><\/div><\/div><\/div><\/section><section class=\"wpb_row vc_row-fluid vc_custom_1750788312160 vc_row-has-fill\"><div class=\"container\"><div class=\"row\"><div class=\"wpb_column vc_column_container vc_col-sm-12 vc_col-has-fill\"><div class=\"vc_column-inner vc_custom_1750787535841\"  ><div class=\"wpb_wrapper\">\n\t<div class=\"wpb_video_widget wpb_content_element vc_clearfix   vc_custom_1750787543175 vc_video-aspect-ratio-169 vc_video-el-width-80 vc_video-align-center\" >\n\t\t<div class=\"wpb_wrapper\">\n\t\t\t\n\t\t\t<div class=\"wpb_video_wrapper\"><iframe loading=\"lazy\" title=\"Webinar sobre la enfermedad del Gusano Barrenador del Ganado GBG\" width=\"500\" height=\"281\" src=\"https:\/\/www.youtube.com\/embed\/U8HwcW3y8y8?feature=oembed\" frameborder=\"0\" allow=\"accelerometer; autoplay; clipboard-write; encrypted-media; gyroscope; picture-in-picture; web-share\" referrerpolicy=\"strict-origin-when-cross-origin\" allowfullscreen><\/iframe><\/div>\n\t\t<\/div>\n\t<\/div>\n<\/div><\/div><\/div><\/div><\/div><\/section><section class=\"wpb_row vc_row-fluid\"><div class=\"container\"><div class=\"row\"><div class=\"wpb_column vc_column_container vc_col-sm-12\"><div class=\"vc_column-inner\"  ><div class=\"wpb_wrapper\"><h2 style=\"color: #800000;text-align: center;font-family:Open Sans;font-weight:600;font-style:normal\" class=\"vc_custom_heading vc_do_custom_heading vc_custom_1750787942135\" >\u00a1Prevengamos el Gusano Barrenador!<\/h2><\/div><\/div><\/div><\/div><\/div><\/section><section class=\"wpb_row vc_row-fluid vc_custom_1750798271450 vc_row-has-fill\"><div class=\"container\"><div class=\"row\"><div class=\"wpb_column vc_column_container vc_col-sm-8 vc_col-has-fill\"><div class=\"vc_column-inner vc_custom_1750787965741\"  ><div class=\"wpb_wrapper\">\n\t<div  class=\"wpb_single_image wpb_content_element vc_align_right wpb_content_element vc_custom_1750972235274\">\n\t\t\n\t\t<figure class=\"wpb_wrapper vc_figure\">\n\t\t\t<a href=\"https:\/\/web.oirsa.org\/en\/gbg-mascotas\/\" target=\"_self\" class=\"vc_single_image-wrapper   vc_box_border_grey\"><img loading=\"lazy\" decoding=\"async\" width=\"525\" height=\"618\" src=\"https:\/\/i0.wp.com\/web.oirsa.org\/wp-content\/uploads\/2025\/06\/GBG-equinos-bovinos-oprinos-copia-scaled.jpg?fit=525%2C618&amp;ssl=1\" class=\"vc_single_image-img attachment-large\" alt=\"\" title=\"GBG equinos bovinos oprinos copia\" srcset=\"https:\/\/i0.wp.com\/web.oirsa.org\/wp-content\/uploads\/2025\/06\/GBG-equinos-bovinos-oprinos-copia-scaled.jpg?w=2176&amp;ssl=1 2176w, https:\/\/i0.wp.com\/web.oirsa.org\/wp-content\/uploads\/2025\/06\/GBG-equinos-bovinos-oprinos-copia-scaled.jpg?resize=255%2C300&amp;ssl=1 255w, https:\/\/i0.wp.com\/web.oirsa.org\/wp-content\/uploads\/2025\/06\/GBG-equinos-bovinos-oprinos-copia-scaled.jpg?resize=870%2C1024&amp;ssl=1 870w, https:\/\/i0.wp.com\/web.oirsa.org\/wp-content\/uploads\/2025\/06\/GBG-equinos-bovinos-oprinos-copia-scaled.jpg?resize=768%2C904&amp;ssl=1 768w, https:\/\/i0.wp.com\/web.oirsa.org\/wp-content\/uploads\/2025\/06\/GBG-equinos-bovinos-oprinos-copia-scaled.jpg?resize=1306%2C1536&amp;ssl=1 1306w, https:\/\/i0.wp.com\/web.oirsa.org\/wp-content\/uploads\/2025\/06\/GBG-equinos-bovinos-oprinos-copia-scaled.jpg?resize=1741%2C2048&amp;ssl=1 1741w, https:\/\/i0.wp.com\/web.oirsa.org\/wp-content\/uploads\/2025\/06\/GBG-equinos-bovinos-oprinos-copia-scaled.jpg?resize=10%2C12&amp;ssl=1 10w, https:\/\/i0.wp.com\/web.oirsa.org\/wp-content\/uploads\/2025\/06\/GBG-equinos-bovinos-oprinos-copia-scaled.jpg?w=1050&amp;ssl=1 1050w, https:\/\/i0.wp.com\/web.oirsa.org\/wp-content\/uploads\/2025\/06\/GBG-equinos-bovinos-oprinos-copia-scaled.jpg?w=1575&amp;ssl=1 1575w\" sizes=\"auto, (max-width: 525px) 100vw, 525px\" \/><\/a>\n\t\t<\/figure>\n\t<\/div>\n<\/div><\/div><\/div><div class=\"wpb_column vc_column_container vc_col-sm-4\"><div class=\"vc_column-inner\"  ><div class=\"wpb_wrapper\">\n\t<div class=\"wpb_text_column wpb_content_element\" >\n\t\t<div class=\"wpb_wrapper\">\n\t\t\t<p><span style=\"font-size: 20px;\">La lista de hu\u00e9spedes de la enfermedad es muy larga, ya que todos los animales de sangre caliente pueden ser infestados por este par\u00e1sito y, dependiendo de la zona ecol\u00f3gica, podr\u00edan ser decenas o centenas por kil\u00f3metro cuadrado. Entre las especies m\u00e1s afectadas destacan los bovinos, equinos, ovinos, caprinos, porcinos, aves (gallinas, pavos, gansos), <a href=\"https:\/\/web.oirsa.org\/en\/gbg-mascotas\/\"><strong><span style=\"color: #800000;\">gatos, perros<\/span><\/strong><\/a> y otros.<\/span><\/p>\n<p><span style=\"font-size: 20px;\">El comportamiento de algunos hu\u00e9spedes y la respuesta fisiol\u00f3gica de sus heridas puede hacerlos m\u00e1s o menos resistentes al ataque del GBG. Una amplia variedad de especies de animales silvestres tambi\u00e9n est\u00e1 en riesgo de ser infestados, tanto los animales de exhibici\u00f3n en los zool\u00f3gicos y en los circos, como los animales de vida silvestre.<\/span><\/p>\n\n\t\t<\/div>\n\t<\/div>\n<\/div><\/div><\/div><\/div><\/div><\/section><\/section><div class=\"vc_row-full-width vc_clearfix\"><\/div>\n<\/div>","protected":false},"excerpt":{"rendered":"De acuerdo con la Organizaci\u00f3n Mundial de la Sanidad Animal (OMSA), la enfermedad de la miasis por gusano barrenador del [...]","protected":false},"author":213237738,"featured_media":0,"parent":0,"menu_order":0,"comment_status":"closed","ping_status":"closed","template":"page-templates\/template-fullwidth.php","meta":{"_coblocks_attr":"","_coblocks_dimensions":"","_coblocks_responsive_height":"","_coblocks_accordion_ie_support":"","_crdt_document":"","footnotes":""},"class_list":["post-17540","page","type-page","status-publish","hentry"],"yoast_head":"<!-- This site is optimized with the Yoast SEO plugin v27.4 - https:\/\/yoast.com\/product\/yoast-seo-wordpress\/ -->\n<title>GBG - OIRSA<\/title>\n<meta name=\"robots\" content=\"index, follow, max-snippet:-1, max-image-preview:large, max-video-preview:-1\" \/>\n<link rel=\"canonical\" href=\"https:\/\/web.oirsa.org\/en\/gbg\/\" \/>\n<meta property=\"og:locale\" content=\"en_US\" \/>\n<meta property=\"og:type\" content=\"article\" \/>\n<meta property=\"og:title\" content=\"GBG - OIRSA\" \/>\n<meta property=\"og:url\" content=\"https:\/\/web.oirsa.org\/en\/gbg\/\" \/>\n<meta property=\"og:site_name\" content=\"OIRSA\" \/>\n<meta property=\"article:publisher\" content=\"https:\/\/www.facebook.com\/OIRSAoficial\" \/>\n<meta property=\"article:modified_time\" content=\"2025-06-26T22:29:05+00:00\" \/>\n<meta property=\"og:image\" content=\"https:\/\/i0.wp.com\/web.oirsa.org\/wp-content\/uploads\/2024\/01\/logo-OIRSA23.png?fit=2791%2C782&ssl=1\" \/>\n\t<meta property=\"og:image:width\" content=\"2791\" \/>\n\t<meta property=\"og:image:height\" content=\"782\" \/>\n\t<meta property=\"og:image:type\" content=\"image\/png\" \/>\n<meta name=\"twitter:card\" content=\"summary_large_image\" \/>\n<meta name=\"twitter:site\" content=\"@OIRSAoficial\" \/>\n<meta name=\"twitter:label1\" content=\"Est. reading time\" \/>\n\t<meta name=\"twitter:data1\" content=\"4 minutes\" \/>\n<script type=\"application\/ld+json\" class=\"yoast-schema-graph\">{\"@context\":\"https:\\\/\\\/schema.org\",\"@graph\":[{\"@type\":\"WebPage\",\"@id\":\"https:\\\/\\\/web.oirsa.org\\\/gbg\",\"url\":\"https:\\\/\\\/web.oirsa.org\\\/gbg\",\"name\":\"GBG - OIRSA\",\"isPartOf\":{\"@id\":\"https:\\\/\\\/web.oirsa.org\\\/#website\"},\"datePublished\":\"2025-06-19T20:04:25+00:00\",\"dateModified\":\"2025-06-26T22:29:05+00:00\",\"breadcrumb\":{\"@id\":\"https:\\\/\\\/web.oirsa.org\\\/gbg#breadcrumb\"},\"inLanguage\":\"en-US\",\"potentialAction\":[{\"@type\":\"ReadAction\",\"target\":[\"https:\\\/\\\/web.oirsa.org\\\/gbg\"]}]},{\"@type\":\"BreadcrumbList\",\"@id\":\"https:\\\/\\\/web.oirsa.org\\\/gbg#breadcrumb\",\"itemListElement\":[{\"@type\":\"ListItem\",\"position\":1,\"name\":\"Portada\",\"item\":\"https:\\\/\\\/web.oirsa.org\\\/\"},{\"@type\":\"ListItem\",\"position\":2,\"name\":\"GBG\"}]},{\"@type\":\"WebSite\",\"@id\":\"https:\\\/\\\/web.oirsa.org\\\/#website\",\"url\":\"https:\\\/\\\/web.oirsa.org\\\/\",\"name\":\"OIRSA\",\"description\":\"Organismo Internacional Regional de Sanidad Agropecuaria\",\"publisher\":{\"@id\":\"https:\\\/\\\/web.oirsa.org\\\/#organization\"},\"potentialAction\":[{\"@type\":\"SearchAction\",\"target\":{\"@type\":\"EntryPoint\",\"urlTemplate\":\"https:\\\/\\\/web.oirsa.org\\\/?s={search_term_string}\"},\"query-input\":{\"@type\":\"PropertyValueSpecification\",\"valueRequired\":true,\"valueName\":\"search_term_string\"}}],\"inLanguage\":\"en-US\"},{\"@type\":\"Organization\",\"@id\":\"https:\\\/\\\/web.oirsa.org\\\/#organization\",\"name\":\"OIRSA\",\"url\":\"https:\\\/\\\/web.oirsa.org\\\/\",\"logo\":{\"@type\":\"ImageObject\",\"inLanguage\":\"en-US\",\"@id\":\"https:\\\/\\\/web.oirsa.org\\\/#\\\/schema\\\/logo\\\/image\\\/\",\"url\":\"https:\\\/\\\/web.oirsa.org\\\/wp-content\\\/uploads\\\/2024\\\/01\\\/cropped-LOGO-OIRSA-2023.png\",\"contentUrl\":\"https:\\\/\\\/web.oirsa.org\\\/wp-content\\\/uploads\\\/2024\\\/01\\\/cropped-LOGO-OIRSA-2023.png\",\"width\":512,\"height\":512,\"caption\":\"OIRSA\"},\"image\":{\"@id\":\"https:\\\/\\\/web.oirsa.org\\\/#\\\/schema\\\/logo\\\/image\\\/\"},\"sameAs\":[\"https:\\\/\\\/www.facebook.com\\\/OIRSAoficial\",\"https:\\\/\\\/x.com\\\/OIRSAoficial\"]}]}<\/script>\n<!-- \/ Yoast SEO plugin. -->","yoast_head_json":{"title":"GBG - OIRSA","robots":{"index":"index","follow":"follow","max-snippet":"max-snippet:-1","max-image-preview":"max-image-preview:large","max-video-preview":"max-video-preview:-1"},"canonical":"https:\/\/web.oirsa.org\/en\/gbg\/","og_locale":"en_US","og_type":"article","og_title":"GBG - OIRSA","og_url":"https:\/\/web.oirsa.org\/en\/gbg\/","og_site_name":"OIRSA","article_publisher":"https:\/\/www.facebook.com\/OIRSAoficial","article_modified_time":"2025-06-26T22:29:05+00:00","og_image":[{"width":2791,"height":782,"url":"https:\/\/i0.wp.com\/web.oirsa.org\/wp-content\/uploads\/2024\/01\/logo-OIRSA23.png?fit=2791%2C782&ssl=1","type":"image\/png"}],"twitter_card":"summary_large_image","twitter_site":"@OIRSAoficial","twitter_misc":{"Est. reading time":"4 minutes"},"schema":{"@context":"https:\/\/schema.org","@graph":[{"@type":"WebPage","@id":"https:\/\/web.oirsa.org\/gbg","url":"https:\/\/web.oirsa.org\/gbg","name":"GBG - OIRSA","isPartOf":{"@id":"https:\/\/web.oirsa.org\/#website"},"datePublished":"2025-06-19T20:04:25+00:00","dateModified":"2025-06-26T22:29:05+00:00","breadcrumb":{"@id":"https:\/\/web.oirsa.org\/gbg#breadcrumb"},"inLanguage":"en-US","potentialAction":[{"@type":"ReadAction","target":["https:\/\/web.oirsa.org\/gbg"]}]},{"@type":"BreadcrumbList","@id":"https:\/\/web.oirsa.org\/gbg#breadcrumb","itemListElement":[{"@type":"ListItem","position":1,"name":"Portada","item":"https:\/\/web.oirsa.org\/"},{"@type":"ListItem","position":2,"name":"GBG"}]},{"@type":"WebSite","@id":"https:\/\/web.oirsa.org\/#website","url":"https:\/\/web.oirsa.org\/","name":"OIRSA","description":"Organismo Internacional Regional de Sanidad Agropecuaria","publisher":{"@id":"https:\/\/web.oirsa.org\/#organization"},"potentialAction":[{"@type":"SearchAction","target":{"@type":"EntryPoint","urlTemplate":"https:\/\/web.oirsa.org\/?s={search_term_string}"},"query-input":{"@type":"PropertyValueSpecification","valueRequired":true,"valueName":"search_term_string"}}],"inLanguage":"en-US"},{"@type":"Organization","@id":"https:\/\/web.oirsa.org\/#organization","name":"OIRSA","url":"https:\/\/web.oirsa.org\/","logo":{"@type":"ImageObject","inLanguage":"en-US","@id":"https:\/\/web.oirsa.org\/#\/schema\/logo\/image\/","url":"https:\/\/web.oirsa.org\/wp-content\/uploads\/2024\/01\/cropped-LOGO-OIRSA-2023.png","contentUrl":"https:\/\/web.oirsa.org\/wp-content\/uploads\/2024\/01\/cropped-LOGO-OIRSA-2023.png","width":512,"height":512,"caption":"OIRSA"},"image":{"@id":"https:\/\/web.oirsa.org\/#\/schema\/logo\/image\/"},"sameAs":["https:\/\/www.facebook.com\/OIRSAoficial","https:\/\/x.com\/OIRSAoficial"]}]}},"jetpack_sharing_enabled":true,"_links":{"self":[{"href":"https:\/\/web.oirsa.org\/en\/wp-json\/wp\/v2\/pages\/17540","targetHints":{"allow":["GET"]}}],"collection":[{"href":"https:\/\/web.oirsa.org\/en\/wp-json\/wp\/v2\/pages"}],"about":[{"href":"https:\/\/web.oirsa.org\/en\/wp-json\/wp\/v2\/types\/page"}],"author":[{"embeddable":true,"href":"https:\/\/web.oirsa.org\/en\/wp-json\/wp\/v2\/users\/213237738"}],"replies":[{"embeddable":true,"href":"https:\/\/web.oirsa.org\/en\/wp-json\/wp\/v2\/comments?post=17540"}],"version-history":[{"count":75,"href":"https:\/\/web.oirsa.org\/en\/wp-json\/wp\/v2\/pages\/17540\/revisions"}],"predecessor-version":[{"id":17752,"href":"https:\/\/web.oirsa.org\/en\/wp-json\/wp\/v2\/pages\/17540\/revisions\/17752"}],"wp:attachment":[{"href":"https:\/\/web.oirsa.org\/en\/wp-json\/wp\/v2\/media?parent=17540"}],"curies":[{"name":"wp","href":"https:\/\/api.w.org\/{rel}","templated":true}]}}