{"id":17326,"date":"2025-04-10T13:44:56","date_gmt":"2025-04-10T19:44:56","guid":{"rendered":"https:\/\/web.oirsa.org\/?page_id=17326"},"modified":"2025-04-10T14:06:16","modified_gmt":"2025-04-10T20:06:16","slug":"acerca-de-la-dria","status":"publish","type":"page","link":"https:\/\/web.oirsa.org\/en\/acerca-de-la-dria","title":{"rendered":"About the RDFS"},"content":{"rendered":"<div class=\"wpb-content-wrapper\"><section class=\"vc_section vc_custom_1744314417955 vc_section-has-fill\"><section class=\"wpb_row vc_row-fluid\"><div class=\"container\"><div class=\"row\"><div class=\"wpb_column vc_column_container vc_col-sm-12 vc_col-has-fill\"><div class=\"vc_column-inner vc_custom_1744314234953\"  ><div class=\"wpb_wrapper\">\n\t<div  class=\"wpb_single_image wpb_content_element vc_align_center wpb_content_element vc_custom_1744314381204\">\n\t\t\n\t\t<figure class=\"wpb_wrapper vc_figure\">\n\t\t\t<a href=\"https:\/\/i0.wp.com\/web.oirsa.org\/wp-content\/uploads\/2023\/12\/DRIA4.jpg?fit=525%2C343&#038;ssl=1\" target=\"_blank\" class=\"vc_single_image-wrapper   vc_box_border_grey\"><img loading=\"lazy\" decoding=\"async\" width=\"525\" height=\"343\" src=\"https:\/\/i0.wp.com\/web.oirsa.org\/wp-content\/uploads\/2023\/12\/DRIA4.jpg?fit=525%2C343&amp;ssl=1\" class=\"vc_single_image-img attachment-large\" alt=\"\" title=\"Oaxaca,,Mexico,-,December,21,2018,-,A,Young,Female\" srcset=\"https:\/\/i0.wp.com\/web.oirsa.org\/wp-content\/uploads\/2023\/12\/DRIA4.jpg?w=1800&amp;ssl=1 1800w, https:\/\/i0.wp.com\/web.oirsa.org\/wp-content\/uploads\/2023\/12\/DRIA4.jpg?resize=300%2C196&amp;ssl=1 300w, https:\/\/i0.wp.com\/web.oirsa.org\/wp-content\/uploads\/2023\/12\/DRIA4.jpg?resize=1024%2C669&amp;ssl=1 1024w, https:\/\/i0.wp.com\/web.oirsa.org\/wp-content\/uploads\/2023\/12\/DRIA4.jpg?resize=768%2C502&amp;ssl=1 768w, https:\/\/i0.wp.com\/web.oirsa.org\/wp-content\/uploads\/2023\/12\/DRIA4.jpg?resize=1536%2C1004&amp;ssl=1 1536w, https:\/\/i0.wp.com\/web.oirsa.org\/wp-content\/uploads\/2023\/12\/DRIA4.jpg?resize=18%2C12&amp;ssl=1 18w\" sizes=\"auto, (max-width: 525px) 100vw, 525px\" \/><\/a>\n\t\t<\/figure>\n\t<\/div>\n\n\t<div class=\"wpb_text_column wpb_content_element vc_custom_1744314194149\" >\n\t\t<div class=\"wpb_wrapper\">\n\t\t\t<p>Se estima que cada a\u00f1o enferman en el mundo unas 600 millones de personas \u2014casi 1 de cada 10 habitantes, lo cual representa un estimado de 19 millones en la regi\u00f3n de los pa\u00edses miembros del OIRSA\u2014 por ingerir alimentos contaminados y que 420 000 mueren a nivel mundial por esta misma causa, con la consiguiente p\u00e9rdida de 33 millones de a\u00f1os de vida ajustados en funci\u00f3n de la discapacidad. Todos los a\u00f1os se pierden US$ 110 000 millones en productividad y gastos m\u00e9dicos a causa de los alimentos insalubres en los pa\u00edses de ingresos bajos y medianos.<\/p>\n<p>Al ejercer una presi\u00f3n excesiva en los sistemas de atenci\u00f3n de la salud, las enfermedades transmitidas por los alimentos (ETA) obstaculizan el desarrollo econ\u00f3mico y social, y perjudican a las econom\u00edas nacionales, al turismo y al comercio.<\/p>\n<p>In food safety, OIRSA supports its member countries in strengthening sanitary measures to ensure safety based on risk through the implementation of Hazard Analysis and Critical Control Points (HACCP) principles and their prerequisite programs, including Good Agricultural Practices, Good Livestock Practices, and Good Manufacturing Practices (GAP, GLP, GMP), Standard Operating Procedures and Sanitization Procedures (SOP, SOPs), biosecurity, among others, to prevent, reduce, or eliminate the presence of pesticide residues, drugs and veterinary medicines, environmental contaminants, toxins, or pathogenic organisms in food products, to protect people's lives and health and facilitate food trade.<\/p>\n<p>Furthermore:<\/p>\n<ul>\n<li>Harmonization of food safety standards.<\/li>\n<li>Establishment of equivalences between trading partners.<\/li>\n<li>Strengthening the analytical capacity of laboratories based on ISO\/IEC 17015:2017.<\/li>\n<li>Implementation of control, inspection, and approval procedures for tolerance limits of contaminants in food products, based on risk analysis, due to the presence of bacteria (Salmonella, Campylobacter, E. coli O157:H7, etc.), viruses, parasites, prions, chemicals, including natural toxins such as mycotoxins, pesticide residues, veterinary drugs, and heavy metals.<\/li>\n<li>Technical assistance and capacity building for member countries.<\/li>\n<li>Support for surveillance and monitoring programs.<\/li>\n<li>Risk communication to strengthen national agri-food safety systems throughout the entire chain.<\/li>\n<\/ul>\n\n\t\t<\/div>\n\t<\/div>\n<\/div><\/div><\/div><\/div><\/div><\/section><\/section>\n<\/div>","protected":false},"excerpt":{"rendered":"Se estima que cada a\u00f1o enferman en el mundo unas 600 millones de personas \u2014casi 1 de cada 10 habitantes, [...]","protected":false},"author":213237738,"featured_media":0,"parent":0,"menu_order":0,"comment_status":"closed","ping_status":"closed","template":"page-templates\/template-canvas.php","meta":{"_coblocks_attr":"","_coblocks_dimensions":"","_coblocks_responsive_height":"","_coblocks_accordion_ie_support":"","_crdt_document":"","footnotes":""},"class_list":["post-17326","page","type-page","status-publish","hentry"],"yoast_head":"<!-- This site is optimized with the Yoast SEO plugin v27.4 - https:\/\/yoast.com\/product\/yoast-seo-wordpress\/ -->\n<title>Acerca de la DRIA - OIRSA<\/title>\n<meta name=\"robots\" content=\"index, follow, max-snippet:-1, max-image-preview:large, max-video-preview:-1\" \/>\n<link rel=\"canonical\" href=\"https:\/\/web.oirsa.org\/en\/acerca-de-la-dria\/\" \/>\n<meta property=\"og:locale\" content=\"en_US\" \/>\n<meta property=\"og:type\" content=\"article\" \/>\n<meta property=\"og:title\" content=\"Acerca de la DRIA - OIRSA\" \/>\n<meta property=\"og:url\" content=\"https:\/\/web.oirsa.org\/en\/acerca-de-la-dria\/\" \/>\n<meta property=\"og:site_name\" content=\"OIRSA\" \/>\n<meta property=\"article:publisher\" content=\"https:\/\/www.facebook.com\/OIRSAoficial\" \/>\n<meta property=\"article:modified_time\" content=\"2025-04-10T20:06:16+00:00\" \/>\n<meta property=\"og:image\" content=\"https:\/\/i0.wp.com\/web.oirsa.org\/wp-content\/uploads\/2024\/01\/logo-OIRSA23.png?fit=2791%2C782&ssl=1\" \/>\n\t<meta property=\"og:image:width\" content=\"2791\" \/>\n\t<meta property=\"og:image:height\" content=\"782\" \/>\n\t<meta property=\"og:image:type\" content=\"image\/png\" \/>\n<meta name=\"twitter:card\" content=\"summary_large_image\" \/>\n<meta name=\"twitter:site\" content=\"@OIRSAoficial\" \/>\n<meta name=\"twitter:label1\" content=\"Est. reading time\" \/>\n\t<meta name=\"twitter:data1\" content=\"3 minutes\" \/>\n<script type=\"application\/ld+json\" class=\"yoast-schema-graph\">{\"@context\":\"https:\\\/\\\/schema.org\",\"@graph\":[{\"@type\":\"WebPage\",\"@id\":\"https:\\\/\\\/web.oirsa.org\\\/acerca-de-la-dria\",\"url\":\"https:\\\/\\\/web.oirsa.org\\\/acerca-de-la-dria\",\"name\":\"Acerca de la DRIA - OIRSA\",\"isPartOf\":{\"@id\":\"https:\\\/\\\/web.oirsa.org\\\/#website\"},\"datePublished\":\"2025-04-10T19:44:56+00:00\",\"dateModified\":\"2025-04-10T20:06:16+00:00\",\"breadcrumb\":{\"@id\":\"https:\\\/\\\/web.oirsa.org\\\/acerca-de-la-dria#breadcrumb\"},\"inLanguage\":\"en-US\",\"potentialAction\":[{\"@type\":\"ReadAction\",\"target\":[\"https:\\\/\\\/web.oirsa.org\\\/acerca-de-la-dria\"]}]},{\"@type\":\"BreadcrumbList\",\"@id\":\"https:\\\/\\\/web.oirsa.org\\\/acerca-de-la-dria#breadcrumb\",\"itemListElement\":[{\"@type\":\"ListItem\",\"position\":1,\"name\":\"Portada\",\"item\":\"https:\\\/\\\/web.oirsa.org\\\/\"},{\"@type\":\"ListItem\",\"position\":2,\"name\":\"Acerca de la DRIA\"}]},{\"@type\":\"WebSite\",\"@id\":\"https:\\\/\\\/web.oirsa.org\\\/#website\",\"url\":\"https:\\\/\\\/web.oirsa.org\\\/\",\"name\":\"OIRSA\",\"description\":\"Organismo Internacional Regional de Sanidad Agropecuaria\",\"publisher\":{\"@id\":\"https:\\\/\\\/web.oirsa.org\\\/#organization\"},\"potentialAction\":[{\"@type\":\"SearchAction\",\"target\":{\"@type\":\"EntryPoint\",\"urlTemplate\":\"https:\\\/\\\/web.oirsa.org\\\/?s={search_term_string}\"},\"query-input\":{\"@type\":\"PropertyValueSpecification\",\"valueRequired\":true,\"valueName\":\"search_term_string\"}}],\"inLanguage\":\"en-US\"},{\"@type\":\"Organization\",\"@id\":\"https:\\\/\\\/web.oirsa.org\\\/#organization\",\"name\":\"OIRSA\",\"url\":\"https:\\\/\\\/web.oirsa.org\\\/\",\"logo\":{\"@type\":\"ImageObject\",\"inLanguage\":\"en-US\",\"@id\":\"https:\\\/\\\/web.oirsa.org\\\/#\\\/schema\\\/logo\\\/image\\\/\",\"url\":\"https:\\\/\\\/web.oirsa.org\\\/wp-content\\\/uploads\\\/2024\\\/01\\\/cropped-LOGO-OIRSA-2023.png\",\"contentUrl\":\"https:\\\/\\\/web.oirsa.org\\\/wp-content\\\/uploads\\\/2024\\\/01\\\/cropped-LOGO-OIRSA-2023.png\",\"width\":512,\"height\":512,\"caption\":\"OIRSA\"},\"image\":{\"@id\":\"https:\\\/\\\/web.oirsa.org\\\/#\\\/schema\\\/logo\\\/image\\\/\"},\"sameAs\":[\"https:\\\/\\\/www.facebook.com\\\/OIRSAoficial\",\"https:\\\/\\\/x.com\\\/OIRSAoficial\"]}]}<\/script>\n<!-- \/ Yoast SEO plugin. -->","yoast_head_json":{"title":"Acerca de la DRIA - OIRSA","robots":{"index":"index","follow":"follow","max-snippet":"max-snippet:-1","max-image-preview":"max-image-preview:large","max-video-preview":"max-video-preview:-1"},"canonical":"https:\/\/web.oirsa.org\/en\/acerca-de-la-dria\/","og_locale":"en_US","og_type":"article","og_title":"Acerca de la DRIA - OIRSA","og_url":"https:\/\/web.oirsa.org\/en\/acerca-de-la-dria\/","og_site_name":"OIRSA","article_publisher":"https:\/\/www.facebook.com\/OIRSAoficial","article_modified_time":"2025-04-10T20:06:16+00:00","og_image":[{"width":2791,"height":782,"url":"https:\/\/i0.wp.com\/web.oirsa.org\/wp-content\/uploads\/2024\/01\/logo-OIRSA23.png?fit=2791%2C782&ssl=1","type":"image\/png"}],"twitter_card":"summary_large_image","twitter_site":"@OIRSAoficial","twitter_misc":{"Est. reading time":"3 minutes"},"schema":{"@context":"https:\/\/schema.org","@graph":[{"@type":"WebPage","@id":"https:\/\/web.oirsa.org\/acerca-de-la-dria","url":"https:\/\/web.oirsa.org\/acerca-de-la-dria","name":"Acerca de la DRIA - OIRSA","isPartOf":{"@id":"https:\/\/web.oirsa.org\/#website"},"datePublished":"2025-04-10T19:44:56+00:00","dateModified":"2025-04-10T20:06:16+00:00","breadcrumb":{"@id":"https:\/\/web.oirsa.org\/acerca-de-la-dria#breadcrumb"},"inLanguage":"en-US","potentialAction":[{"@type":"ReadAction","target":["https:\/\/web.oirsa.org\/acerca-de-la-dria"]}]},{"@type":"BreadcrumbList","@id":"https:\/\/web.oirsa.org\/acerca-de-la-dria#breadcrumb","itemListElement":[{"@type":"ListItem","position":1,"name":"Portada","item":"https:\/\/web.oirsa.org\/"},{"@type":"ListItem","position":2,"name":"Acerca de la DRIA"}]},{"@type":"WebSite","@id":"https:\/\/web.oirsa.org\/#website","url":"https:\/\/web.oirsa.org\/","name":"OIRSA","description":"Organismo Internacional Regional de Sanidad Agropecuaria","publisher":{"@id":"https:\/\/web.oirsa.org\/#organization"},"potentialAction":[{"@type":"SearchAction","target":{"@type":"EntryPoint","urlTemplate":"https:\/\/web.oirsa.org\/?s={search_term_string}"},"query-input":{"@type":"PropertyValueSpecification","valueRequired":true,"valueName":"search_term_string"}}],"inLanguage":"en-US"},{"@type":"Organization","@id":"https:\/\/web.oirsa.org\/#organization","name":"OIRSA","url":"https:\/\/web.oirsa.org\/","logo":{"@type":"ImageObject","inLanguage":"en-US","@id":"https:\/\/web.oirsa.org\/#\/schema\/logo\/image\/","url":"https:\/\/web.oirsa.org\/wp-content\/uploads\/2024\/01\/cropped-LOGO-OIRSA-2023.png","contentUrl":"https:\/\/web.oirsa.org\/wp-content\/uploads\/2024\/01\/cropped-LOGO-OIRSA-2023.png","width":512,"height":512,"caption":"OIRSA"},"image":{"@id":"https:\/\/web.oirsa.org\/#\/schema\/logo\/image\/"},"sameAs":["https:\/\/www.facebook.com\/OIRSAoficial","https:\/\/x.com\/OIRSAoficial"]}]}},"jetpack_sharing_enabled":true,"_links":{"self":[{"href":"https:\/\/web.oirsa.org\/en\/wp-json\/wp\/v2\/pages\/17326","targetHints":{"allow":["GET"]}}],"collection":[{"href":"https:\/\/web.oirsa.org\/en\/wp-json\/wp\/v2\/pages"}],"about":[{"href":"https:\/\/web.oirsa.org\/en\/wp-json\/wp\/v2\/types\/page"}],"author":[{"embeddable":true,"href":"https:\/\/web.oirsa.org\/en\/wp-json\/wp\/v2\/users\/213237738"}],"replies":[{"embeddable":true,"href":"https:\/\/web.oirsa.org\/en\/wp-json\/wp\/v2\/comments?post=17326"}],"version-history":[{"count":6,"href":"https:\/\/web.oirsa.org\/en\/wp-json\/wp\/v2\/pages\/17326\/revisions"}],"predecessor-version":[{"id":17333,"href":"https:\/\/web.oirsa.org\/en\/wp-json\/wp\/v2\/pages\/17326\/revisions\/17333"}],"wp:attachment":[{"href":"https:\/\/web.oirsa.org\/en\/wp-json\/wp\/v2\/media?parent=17326"}],"curies":[{"name":"wp","href":"https:\/\/api.w.org\/{rel}","templated":true}]}}