{"id":15780,"date":"2024-09-16T13:11:33","date_gmt":"2024-09-16T19:11:33","guid":{"rendered":"https:\/\/web.oirsa.org\/?page_id=15780"},"modified":"2025-08-27T15:46:04","modified_gmt":"2025-08-27T21:46:04","slug":"solicitud-de-servicio","status":"publish","type":"page","link":"https:\/\/web.oirsa.org\/en\/solicitud-de-servicio","title":{"rendered":"Solicitud de servicio"},"content":{"rendered":"<div class=\"wp-block-cover aligncenter has-custom-content-position is-position-top-center has-large-font-size\" style=\"padding-top:var(--wp--preset--spacing--30);padding-right:var(--wp--preset--spacing--30);padding-bottom:var(--wp--preset--spacing--30);padding-left:var(--wp--preset--spacing--30);min-height:100vh;aspect-ratio:unset;\"><img data-recalc-dims=\"1\" loading=\"lazy\" decoding=\"async\" width=\"525\" height=\"316\" class=\"wp-block-cover__image-background wp-image-15929\" alt=\"\" src=\"https:\/\/i0.wp.com\/web.oirsa.org\/wp-content\/uploads\/2024\/09\/OCAN-fondo-copia.jpg?resize=525%2C316&#038;ssl=1\" data-object-fit=\"cover\" srcset=\"https:\/\/i0.wp.com\/web.oirsa.org\/wp-content\/uploads\/2024\/09\/OCAN-fondo-copia.jpg?w=2490&amp;ssl=1 2490w, https:\/\/i0.wp.com\/web.oirsa.org\/wp-content\/uploads\/2024\/09\/OCAN-fondo-copia.jpg?resize=300%2C181&amp;ssl=1 300w, https:\/\/i0.wp.com\/web.oirsa.org\/wp-content\/uploads\/2024\/09\/OCAN-fondo-copia.jpg?resize=1024%2C617&amp;ssl=1 1024w, https:\/\/i0.wp.com\/web.oirsa.org\/wp-content\/uploads\/2024\/09\/OCAN-fondo-copia.jpg?resize=768%2C463&amp;ssl=1 768w, https:\/\/i0.wp.com\/web.oirsa.org\/wp-content\/uploads\/2024\/09\/OCAN-fondo-copia.jpg?resize=1536%2C925&amp;ssl=1 1536w, https:\/\/i0.wp.com\/web.oirsa.org\/wp-content\/uploads\/2024\/09\/OCAN-fondo-copia.jpg?resize=2048%2C1234&amp;ssl=1 2048w, https:\/\/i0.wp.com\/web.oirsa.org\/wp-content\/uploads\/2024\/09\/OCAN-fondo-copia.jpg?resize=18%2C12&amp;ssl=1 18w\" sizes=\"auto, (max-width: 525px) 100vw, 525px\" \/><span aria-hidden=\"true\" class=\"wp-block-cover__background has-black-background-color has-background-dim\"><\/span><div class=\"wp-block-cover__inner-container is-layout-flow wp-block-cover-is-layout-flow\">\n<div class=\"wp-block-columns is-layout-flex wp-container-core-columns-is-layout-8f761849 wp-block-columns-is-layout-flex\">\n<div class=\"wp-block-column is-vertically-aligned-center is-layout-flow wp-block-column-is-layout-flow\" style=\"flex-basis:20%\"><div class=\"wp-block-image\">\n<figure class=\"aligncenter size-large is-resized has-lightbox\"><a href=\"https:\/\/web.oirsa.org\/en\/\"><img data-recalc-dims=\"1\" loading=\"lazy\" decoding=\"async\" width=\"525\" height=\"147\" src=\"https:\/\/i0.wp.com\/web.oirsa.org\/wp-content\/uploads\/2024\/01\/logo-OIRSA23-letra-blanca-copia.png?resize=525%2C147&#038;ssl=1\" alt=\"\" class=\"wp-image-13924\" style=\"width:auto;height:70px\" srcset=\"https:\/\/i0.wp.com\/web.oirsa.org\/wp-content\/uploads\/2024\/01\/logo-OIRSA23-letra-blanca-copia.png?resize=1024%2C287&amp;ssl=1 1024w, https:\/\/i0.wp.com\/web.oirsa.org\/wp-content\/uploads\/2024\/01\/logo-OIRSA23-letra-blanca-copia.png?resize=300%2C84&amp;ssl=1 300w, https:\/\/i0.wp.com\/web.oirsa.org\/wp-content\/uploads\/2024\/01\/logo-OIRSA23-letra-blanca-copia.png?resize=768%2C215&amp;ssl=1 768w, https:\/\/i0.wp.com\/web.oirsa.org\/wp-content\/uploads\/2024\/01\/logo-OIRSA23-letra-blanca-copia.png?resize=1536%2C430&amp;ssl=1 1536w, https:\/\/i0.wp.com\/web.oirsa.org\/wp-content\/uploads\/2024\/01\/logo-OIRSA23-letra-blanca-copia.png?resize=2048%2C574&amp;ssl=1 2048w, https:\/\/i0.wp.com\/web.oirsa.org\/wp-content\/uploads\/2024\/01\/logo-OIRSA23-letra-blanca-copia.png?resize=18%2C5&amp;ssl=1 18w\" sizes=\"auto, (max-width: 525px) 100vw, 525px\" \/><\/a><\/figure>\n<\/div><\/div>\n\n\n\n<div class=\"wp-block-column is-vertically-aligned-center is-layout-flow wp-block-column-is-layout-flow\" style=\"flex-basis:65%\"><div id=\"mega-menu-wrap-max_mega_menu_1\" class=\"mega-menu-wrap\"><div class=\"mega-menu-toggle\"><div class=\"mega-toggle-blocks-left\"><\/div><div class=\"mega-toggle-blocks-center\"><\/div><div class=\"mega-toggle-blocks-right\"><div class='mega-toggle-block mega-menu-toggle-animated-block mega-toggle-block-0' id='mega-toggle-block-0'><button aria-label=\"Toggle Menu\" class=\"mega-toggle-animated mega-toggle-animated-slider\" type=\"button\" aria-haspopup=\"true\" aria-expanded=\"false\" aria-controls=\"mega-menu-max_mega_menu_1\">\n                  <span class=\"mega-toggle-animated-box\">\n                    <span class=\"mega-toggle-animated-inner\"><\/span>\n                  <\/span>\n                <\/button><\/div><\/div><\/div><ul id=\"mega-menu-max_mega_menu_1\" class=\"mega-menu max-mega-menu mega-menu-horizontal mega-no-js\" data-event=\"hover\" data-effect=\"fade\" data-effect-speed=\"200\" data-effect-mobile=\"slide\" data-effect-speed-mobile=\"200\" data-mobile-force-width=\"false\" data-second-click=\"go\" data-document-click=\"collapse\" data-vertical-behaviour=\"standard\" data-breakpoint=\"768\" data-unbind=\"true\" data-mobile-state=\"collapse_all\" data-mobile-direction=\"vertical\" data-hover-intent-timeout=\"300\" data-hover-intent-interval=\"100\"><li class=\"mega-menu-item mega-menu-item-type-custom mega-menu-item-object-custom mega-menu-item-has-children mega-align-bottom-left mega-menu-flyout mega-menu-item-15986\" id=\"mega-menu-item-15986\"><a class=\"mega-menu-link\" href=\"https:\/\/web.oirsa.org\/en\/oirsaocan\/\" aria-expanded=\"false\" aria-controls=\"mega-sub-menu-15986\">OCAN<span class=\"mega-indicator\" aria-hidden=\"true\"><\/span><\/a>\n<ul class=\"mega-sub-menu\" id='mega-sub-menu-15986'>\n<li class=\"mega-menu-item mega-menu-item-type-post_type mega-menu-item-object-page mega-menu-item-15685\" id=\"mega-menu-item-15685\"><a class=\"mega-menu-link\" href=\"https:\/\/web.oirsa.org\/en\/quienes-somos-ocan\">Qui\u00e9nes somos<\/a><\/li><li class=\"mega-menu-item mega-menu-item-type-post_type mega-menu-item-object-page mega-menu-item-15944\" id=\"mega-menu-item-15944\"><a class=\"mega-menu-link\" href=\"https:\/\/web.oirsa.org\/en\/estructura\">Estructura<\/a><\/li><li class=\"mega-menu-item mega-menu-item-type-post_type mega-menu-item-object-page mega-menu-item-15985\" id=\"mega-menu-item-15985\"><a class=\"mega-menu-link\" href=\"https:\/\/web.oirsa.org\/en\/mision-y-vision\">Misi\u00f3n y Visi\u00f3n<\/a><\/li><li class=\"mega-menu-item mega-menu-item-type-post_type mega-menu-item-object-page mega-menu-item-16041\" id=\"mega-menu-item-16041\"><a class=\"mega-menu-link\" href=\"https:\/\/web.oirsa.org\/en\/nuestros-principios\">Nuestros Principios<\/a><\/li><\/ul>\n<\/li><li class=\"mega-menu-item mega-menu-item-type-custom mega-menu-item-object-custom mega-menu-item-has-children mega-align-bottom-left mega-menu-flyout mega-menu-item-16035\" id=\"mega-menu-item-16035\"><a class=\"mega-menu-link\" href=\"https:\/\/web.oirsa.org\/en\/solicitud-de-servicio\/\" aria-expanded=\"false\" aria-controls=\"mega-sub-menu-16035\">Proceso de certificaci\u00f3n<span class=\"mega-indicator\" aria-hidden=\"true\"><\/span><\/a>\n<ul class=\"mega-sub-menu\" id='mega-sub-menu-16035'>\n<li class=\"mega-menu-item mega-menu-item-type-post_type mega-menu-item-object-page mega-menu-item-16046\" id=\"mega-menu-item-16046\"><a class=\"mega-menu-link\" href=\"https:\/\/web.oirsa.org\/en\/solicitud-de-servicio\">Solicitud de servicio<\/a><\/li><\/ul>\n<\/li><li class=\"mega-menu-item mega-menu-item-type-custom mega-menu-item-object-custom mega-menu-item-has-children mega-align-bottom-left mega-menu-flyout mega-menu-item-16037\" id=\"mega-menu-item-16037\"><a class=\"mega-menu-link\" href=\"https:\/\/web.oirsa.org\/en\/nuestro-servicios\/\" aria-expanded=\"false\" aria-controls=\"mega-sub-menu-16037\">Nuestros servicios<span class=\"mega-indicator\" aria-hidden=\"true\"><\/span><\/a>\n<ul class=\"mega-sub-menu\" id='mega-sub-menu-16037'>\n<li class=\"mega-menu-item mega-menu-item-type-custom mega-menu-item-object-custom mega-menu-item-16092\" id=\"mega-menu-item-16092\"><a class=\"mega-menu-link\" href=\"https:\/\/web.oirsa.org\/en\/nuestro-servicios\/\">Servicios de certificaci\u00f3n<\/a><\/li><li class=\"mega-menu-item mega-menu-item-type-post_type mega-menu-item-object-page mega-menu-item-16510\" id=\"mega-menu-item-16510\"><a class=\"mega-menu-link\" href=\"https:\/\/web.oirsa.org\/en\/esquemas-de-certificacion\">Esquemas de certificaci\u00f3n<\/a><\/li><li class=\"mega-menu-item mega-menu-item-type-custom mega-menu-item-object-custom mega-menu-item-16080\" id=\"mega-menu-item-16080\"><a class=\"mega-menu-link\" href=\"https:\/\/web.oirsa.org\/en\/lista-de-empresas\/\">Lista de empresas certificadas por OCAN\/OIRSA<\/a><\/li><\/ul>\n<\/li><li class=\"mega-menu-item mega-menu-item-type-custom mega-menu-item-object-custom mega-align-bottom-left mega-menu-flyout mega-menu-item-16038\" id=\"mega-menu-item-16038\"><a class=\"mega-menu-link\" href=\"https:\/\/web.oirsa.org\/en\/contacto\/\">Contactos<\/a><\/li><\/ul><\/div><\/div>\n\n\n\n<div class=\"wp-block-column is-vertically-aligned-center is-layout-flow wp-block-column-is-layout-flow\" style=\"flex-basis:15%\"><div class=\"extendedwopts-hide extendedwopts-mobile wp-block-image\">\n<figure class=\"aligncenter size-large is-resized has-lightbox\"><a href=\"https:\/\/web.oirsa.org\/en\/oirsaocan\/\"><img data-recalc-dims=\"1\" loading=\"lazy\" decoding=\"async\" width=\"525\" height=\"524\" src=\"https:\/\/i0.wp.com\/web.oirsa.org\/wp-content\/uploads\/2024\/09\/Logo-OEC-06.png?resize=525%2C524&#038;ssl=1\" alt=\"\" class=\"wp-image-15705\" style=\"width:95px\" srcset=\"https:\/\/i0.wp.com\/web.oirsa.org\/wp-content\/uploads\/2024\/09\/Logo-OEC-06.png?resize=1024%2C1022&amp;ssl=1 1024w, https:\/\/i0.wp.com\/web.oirsa.org\/wp-content\/uploads\/2024\/09\/Logo-OEC-06.png?resize=300%2C300&amp;ssl=1 300w, https:\/\/i0.wp.com\/web.oirsa.org\/wp-content\/uploads\/2024\/09\/Logo-OEC-06.png?resize=150%2C150&amp;ssl=1 150w, https:\/\/i0.wp.com\/web.oirsa.org\/wp-content\/uploads\/2024\/09\/Logo-OEC-06.png?resize=768%2C766&amp;ssl=1 768w, https:\/\/i0.wp.com\/web.oirsa.org\/wp-content\/uploads\/2024\/09\/Logo-OEC-06.png?resize=1536%2C1532&amp;ssl=1 1536w, https:\/\/i0.wp.com\/web.oirsa.org\/wp-content\/uploads\/2024\/09\/Logo-OEC-06.png?resize=2048%2C2043&amp;ssl=1 2048w, https:\/\/i0.wp.com\/web.oirsa.org\/wp-content\/uploads\/2024\/09\/Logo-OEC-06.png?resize=12%2C12&amp;ssl=1 12w\" sizes=\"auto, (max-width: 525px) 100vw, 525px\" \/><\/a><\/figure>\n<\/div><\/div>\n<\/div>\n\n\n\n<div class=\"wp-block-group\"><div class=\"wp-block-group__inner-container is-layout-constrained wp-block-group-is-layout-constrained\">\n<div class=\"wp-block-columns is-layout-flex wp-container-core-columns-is-layout-8f761849 wp-block-columns-is-layout-flex\">\n<div class=\"wp-block-column is-layout-flow wp-block-column-is-layout-flow\" style=\"flex-basis:100%\">\n<div class=\"wp-block-columns is-layout-flex wp-container-core-columns-is-layout-8f761849 wp-block-columns-is-layout-flex\">\n<div class=\"wp-block-column is-layout-flow wp-block-column-is-layout-flow\">\n<div class=\"wp-block-cover is-light\"><span aria-hidden=\"true\" class=\"wp-block-cover__background has-white-background-color has-background-dim-100 has-background-dim\"><\/span><div class=\"wp-block-cover__inner-container is-layout-constrained wp-block-cover-is-layout-constrained\">\n<p class=\"has-text-align-center has-large-font-size wp-block-paragraph\"><\/p>\n\n\n<div class=\"wp-block-image\">\n<figure class=\"aligncenter size-full is-resized\"><img data-recalc-dims=\"1\" loading=\"lazy\" decoding=\"async\" width=\"525\" height=\"129\" src=\"https:\/\/i0.wp.com\/web.oirsa.org\/wp-content\/uploads\/2024\/09\/servicio.png?resize=525%2C129&#038;ssl=1\" alt=\"\" class=\"wp-image-15973\" style=\"object-fit:cover;width:1024px;height:175px\" srcset=\"https:\/\/i0.wp.com\/web.oirsa.org\/wp-content\/uploads\/2024\/09\/servicio.png?w=1840&amp;ssl=1 1840w, https:\/\/i0.wp.com\/web.oirsa.org\/wp-content\/uploads\/2024\/09\/servicio.png?resize=300%2C74&amp;ssl=1 300w, https:\/\/i0.wp.com\/web.oirsa.org\/wp-content\/uploads\/2024\/09\/servicio.png?resize=1024%2C252&amp;ssl=1 1024w, https:\/\/i0.wp.com\/web.oirsa.org\/wp-content\/uploads\/2024\/09\/servicio.png?resize=768%2C189&amp;ssl=1 768w, https:\/\/i0.wp.com\/web.oirsa.org\/wp-content\/uploads\/2024\/09\/servicio.png?resize=1536%2C377&amp;ssl=1 1536w, https:\/\/i0.wp.com\/web.oirsa.org\/wp-content\/uploads\/2024\/09\/servicio.png?resize=18%2C4&amp;ssl=1 18w\" sizes=\"auto, (max-width: 525px) 100vw, 525px\" \/><\/figure>\n<\/div><\/div><\/div>\n<\/div>\n<\/div>\n<\/div>\n<\/div>\n<\/div><\/div>\n\n\n\n<div class=\"wp-block-columns is-layout-flex wp-container-core-columns-is-layout-8f761849 wp-block-columns-is-layout-flex\">\n<div class=\"wp-block-column is-layout-flow wp-block-column-is-layout-flow\">\n<div class=\"wp-block-buttons is-layout-flex wp-block-buttons-is-layout-flex\">\n<div class=\"wp-block-button\" style=\"font-size:18px\"><a class=\"wp-block-button__link has-vivid-green-cyan-background-color has-background wp-element-button\" href=\"https:\/\/web.oirsa.org\/wp-content\/uploads\/2024\/10\/SGC-PG-7.1.2-PROCESOS-DE-CERTIFICACION.pdf\">Proceso de certificaci\u00f3n<\/a><\/div>\n<\/div>\n<\/div>\n\n\n\n<div class=\"wp-block-column is-layout-flow wp-block-column-is-layout-flow\">\n<div class=\"wp-block-buttons is-layout-flex wp-block-buttons-is-layout-flex\">\n<div class=\"wp-block-button\" style=\"font-size:18px\"><a class=\"wp-block-button__link has-vivid-green-cyan-background-color has-background wp-element-button\" href=\"https:\/\/web.oirsa.org\/wp-content\/uploads\/2024\/10\/SGC-F-4.1.2.2ACUERDO-DE-CERTIFICACION-OCAN-OIRSA.pdf\">Acuerdo de Certificaci\u00f3n<\/a><\/div>\n<\/div>\n<\/div>\n\n\n\n<div class=\"wp-block-column is-layout-flow wp-block-column-is-layout-flow\">\n<div class=\"wp-block-buttons is-content-justification-center is-layout-flex wp-container-core-buttons-is-layout-fe48e5de wp-block-buttons-is-layout-flex\">\n<div class=\"wp-block-button\" style=\"font-size:18px\"><a class=\"wp-block-button__link has-vivid-green-cyan-background-color has-background has-text-align-center wp-element-button\" href=\"https:\/\/web.oirsa.org\/wp-content\/uploads\/2024\/11\/SGC-PG-4.1.3-USO-DE-MARCA-CERTIFICACION.pdf\">Uso de marcas<\/a><\/div>\n<\/div>\n<\/div>\n<\/div>\n\n\n\n<hr class=\"wp-block-separator has-alpha-channel-opacity\"\/>\n\n\n\n<div class=\"wp-block-columns is-layout-flex wp-container-core-columns-is-layout-8f761849 wp-block-columns-is-layout-flex\">\n<div class=\"wp-block-column is-layout-flow wp-block-column-is-layout-flow\" style=\"flex-basis:19%\">\n<p class=\"wp-block-paragraph\" style=\"font-size:16px\">Preguntas frecuentes<\/p>\n\n\n\n<p class=\"has-white-color has-text-color has-link-color wp-elements-61d19c04e6988eb79f68a6b9a1c77b54 wp-block-paragraph\" style=\"font-size:16px\"><a href=\"https:\/\/forms.office.com\/Pages\/ResponsePage.aspx?id=92o2hho6ykurGzeMYlLxdOWUYcjE_OVMt8E0nK4ASI1URUxRNDVVQk1DNURRMjBTVDVFUEtEV1ZFTyQlQCN0PWcu\">Quejas y apelaciones<\/a><\/p>\n\n\n\n<p class=\"has-white-color has-text-color has-link-color wp-elements-729c3989b992357670deb2f625d792d7 wp-block-paragraph\" style=\"font-size:16px\"><a href=\"https:\/\/web.oirsa.org\/en\/ocan\/\">Pol\u00edticas<\/a><\/p>\n<\/div>\n\n\n\n<div class=\"wp-block-column is-vertically-aligned-top is-layout-flow wp-block-column-is-layout-flow\" style=\"flex-basis:50%\">\n<p class=\"has-text-align-center has-white-color has-text-color has-background has-link-color has-custom-weight has-custom-transform wp-elements-f9727ec51c6f5d5f60d17613d1a1bb60 wp-block-paragraph\" style=\"background-color:#6c767b;font-size:21px;font-weight:normal;text-transform:initial\"><a href=\"https:\/\/web.oirsa.org\/wp-content\/uploads\/2024\/09\/FORMATO-SOLICTUD-DE-SERVICIO-5.pdf\">Accede al formato solicitud de servicio<\/a><\/p>\n<\/div>\n<\/div>\n<\/div><\/div>\n\n\n\n<p class=\"wp-block-paragraph\"><\/p>","protected":false},"excerpt":{"rendered":"Proceso de certificaci\u00f3n Acuerdo de Certificaci\u00f3n Uso de marcas Preguntas frecuentes Quejas y apelaciones Pol\u00edticas Accede al formato solicitud de [...]","protected":false},"author":213237736,"featured_media":0,"parent":0,"menu_order":0,"comment_status":"closed","ping_status":"closed","template":"page-templates\/template-fullwidth.php","meta":{"_coblocks_attr":"","_coblocks_dimensions":"","_coblocks_responsive_height":"","_coblocks_accordion_ie_support":"","_crdt_document":"","footnotes":""},"class_list":["post-15780","page","type-page","status-publish","hentry"],"yoast_head":"<!-- This site is optimized with the Yoast SEO plugin v27.3 - https:\/\/yoast.com\/product\/yoast-seo-wordpress\/ -->\n<title>Solicitud de servicio - OIRSA<\/title>\n<meta name=\"robots\" content=\"index, follow, max-snippet:-1, max-image-preview:large, max-video-preview:-1\" \/>\n<link rel=\"canonical\" href=\"https:\/\/web.oirsa.org\/en\/solicitud-de-servicio\/\" \/>\n<meta property=\"og:locale\" content=\"en_US\" \/>\n<meta property=\"og:type\" content=\"article\" \/>\n<meta property=\"og:title\" content=\"Solicitud de servicio - OIRSA\" \/>\n<meta property=\"og:url\" content=\"https:\/\/web.oirsa.org\/en\/solicitud-de-servicio\/\" \/>\n<meta property=\"og:site_name\" content=\"OIRSA\" \/>\n<meta property=\"article:publisher\" content=\"https:\/\/www.facebook.com\/OIRSAoficial\" \/>\n<meta property=\"article:modified_time\" content=\"2025-08-27T21:46:04+00:00\" \/>\n<meta property=\"og:image\" content=\"https:\/\/web.oirsa.org\/wp-content\/uploads\/2024\/09\/OCAN-fondo-copia.jpg\" \/>\n<meta name=\"twitter:card\" content=\"summary_large_image\" \/>\n<meta name=\"twitter:site\" content=\"@OIRSAoficial\" \/>\n<meta name=\"twitter:label1\" content=\"Est. reading time\" \/>\n\t<meta name=\"twitter:data1\" content=\"1 minute\" \/>\n<script type=\"application\/ld+json\" class=\"yoast-schema-graph\">{\"@context\":\"https:\\\/\\\/schema.org\",\"@graph\":[{\"@type\":\"WebPage\",\"@id\":\"https:\\\/\\\/web.oirsa.org\\\/solicitud-de-servicio\",\"url\":\"https:\\\/\\\/web.oirsa.org\\\/solicitud-de-servicio\",\"name\":\"Solicitud de servicio - OIRSA\",\"isPartOf\":{\"@id\":\"https:\\\/\\\/web.oirsa.org\\\/#website\"},\"primaryImageOfPage\":{\"@id\":\"https:\\\/\\\/web.oirsa.org\\\/solicitud-de-servicio#primaryimage\"},\"image\":{\"@id\":\"https:\\\/\\\/web.oirsa.org\\\/solicitud-de-servicio#primaryimage\"},\"thumbnailUrl\":\"https:\\\/\\\/web.oirsa.org\\\/wp-content\\\/uploads\\\/2024\\\/09\\\/OCAN-fondo-copia.jpg\",\"datePublished\":\"2024-09-16T19:11:33+00:00\",\"dateModified\":\"2025-08-27T21:46:04+00:00\",\"breadcrumb\":{\"@id\":\"https:\\\/\\\/web.oirsa.org\\\/solicitud-de-servicio#breadcrumb\"},\"inLanguage\":\"en-US\",\"potentialAction\":[{\"@type\":\"ReadAction\",\"target\":[\"https:\\\/\\\/web.oirsa.org\\\/solicitud-de-servicio\"]}]},{\"@type\":\"ImageObject\",\"inLanguage\":\"en-US\",\"@id\":\"https:\\\/\\\/web.oirsa.org\\\/solicitud-de-servicio#primaryimage\",\"url\":\"https:\\\/\\\/web.oirsa.org\\\/wp-content\\\/uploads\\\/2024\\\/09\\\/OCAN-fondo-copia.jpg\",\"contentUrl\":\"https:\\\/\\\/web.oirsa.org\\\/wp-content\\\/uploads\\\/2024\\\/09\\\/OCAN-fondo-copia.jpg\"},{\"@type\":\"BreadcrumbList\",\"@id\":\"https:\\\/\\\/web.oirsa.org\\\/solicitud-de-servicio#breadcrumb\",\"itemListElement\":[{\"@type\":\"ListItem\",\"position\":1,\"name\":\"Portada\",\"item\":\"https:\\\/\\\/web.oirsa.org\\\/\"},{\"@type\":\"ListItem\",\"position\":2,\"name\":\"Solicitud de servicio\"}]},{\"@type\":\"WebSite\",\"@id\":\"https:\\\/\\\/web.oirsa.org\\\/#website\",\"url\":\"https:\\\/\\\/web.oirsa.org\\\/\",\"name\":\"OIRSA\",\"description\":\"Organismo Internacional Regional de Sanidad Agropecuaria\",\"publisher\":{\"@id\":\"https:\\\/\\\/web.oirsa.org\\\/#organization\"},\"potentialAction\":[{\"@type\":\"SearchAction\",\"target\":{\"@type\":\"EntryPoint\",\"urlTemplate\":\"https:\\\/\\\/web.oirsa.org\\\/?s={search_term_string}\"},\"query-input\":{\"@type\":\"PropertyValueSpecification\",\"valueRequired\":true,\"valueName\":\"search_term_string\"}}],\"inLanguage\":\"en-US\"},{\"@type\":\"Organization\",\"@id\":\"https:\\\/\\\/web.oirsa.org\\\/#organization\",\"name\":\"OIRSA\",\"url\":\"https:\\\/\\\/web.oirsa.org\\\/\",\"logo\":{\"@type\":\"ImageObject\",\"inLanguage\":\"en-US\",\"@id\":\"https:\\\/\\\/web.oirsa.org\\\/#\\\/schema\\\/logo\\\/image\\\/\",\"url\":\"https:\\\/\\\/web.oirsa.org\\\/wp-content\\\/uploads\\\/2024\\\/01\\\/cropped-LOGO-OIRSA-2023.png\",\"contentUrl\":\"https:\\\/\\\/web.oirsa.org\\\/wp-content\\\/uploads\\\/2024\\\/01\\\/cropped-LOGO-OIRSA-2023.png\",\"width\":512,\"height\":512,\"caption\":\"OIRSA\"},\"image\":{\"@id\":\"https:\\\/\\\/web.oirsa.org\\\/#\\\/schema\\\/logo\\\/image\\\/\"},\"sameAs\":[\"https:\\\/\\\/www.facebook.com\\\/OIRSAoficial\",\"https:\\\/\\\/x.com\\\/OIRSAoficial\"]}]}<\/script>\n<!-- \/ Yoast SEO plugin. -->","yoast_head_json":{"title":"Solicitud de servicio - OIRSA","robots":{"index":"index","follow":"follow","max-snippet":"max-snippet:-1","max-image-preview":"max-image-preview:large","max-video-preview":"max-video-preview:-1"},"canonical":"https:\/\/web.oirsa.org\/en\/solicitud-de-servicio\/","og_locale":"en_US","og_type":"article","og_title":"Solicitud de servicio - OIRSA","og_url":"https:\/\/web.oirsa.org\/en\/solicitud-de-servicio\/","og_site_name":"OIRSA","article_publisher":"https:\/\/www.facebook.com\/OIRSAoficial","article_modified_time":"2025-08-27T21:46:04+00:00","og_image":[{"url":"https:\/\/web.oirsa.org\/wp-content\/uploads\/2024\/09\/OCAN-fondo-copia.jpg","type":"","width":"","height":""}],"twitter_card":"summary_large_image","twitter_site":"@OIRSAoficial","twitter_misc":{"Est. reading time":"1 minute"},"schema":{"@context":"https:\/\/schema.org","@graph":[{"@type":"WebPage","@id":"https:\/\/web.oirsa.org\/solicitud-de-servicio","url":"https:\/\/web.oirsa.org\/solicitud-de-servicio","name":"Solicitud de servicio - OIRSA","isPartOf":{"@id":"https:\/\/web.oirsa.org\/#website"},"primaryImageOfPage":{"@id":"https:\/\/web.oirsa.org\/solicitud-de-servicio#primaryimage"},"image":{"@id":"https:\/\/web.oirsa.org\/solicitud-de-servicio#primaryimage"},"thumbnailUrl":"https:\/\/web.oirsa.org\/wp-content\/uploads\/2024\/09\/OCAN-fondo-copia.jpg","datePublished":"2024-09-16T19:11:33+00:00","dateModified":"2025-08-27T21:46:04+00:00","breadcrumb":{"@id":"https:\/\/web.oirsa.org\/solicitud-de-servicio#breadcrumb"},"inLanguage":"en-US","potentialAction":[{"@type":"ReadAction","target":["https:\/\/web.oirsa.org\/solicitud-de-servicio"]}]},{"@type":"ImageObject","inLanguage":"en-US","@id":"https:\/\/web.oirsa.org\/solicitud-de-servicio#primaryimage","url":"https:\/\/web.oirsa.org\/wp-content\/uploads\/2024\/09\/OCAN-fondo-copia.jpg","contentUrl":"https:\/\/web.oirsa.org\/wp-content\/uploads\/2024\/09\/OCAN-fondo-copia.jpg"},{"@type":"BreadcrumbList","@id":"https:\/\/web.oirsa.org\/solicitud-de-servicio#breadcrumb","itemListElement":[{"@type":"ListItem","position":1,"name":"Portada","item":"https:\/\/web.oirsa.org\/"},{"@type":"ListItem","position":2,"name":"Solicitud de servicio"}]},{"@type":"WebSite","@id":"https:\/\/web.oirsa.org\/#website","url":"https:\/\/web.oirsa.org\/","name":"OIRSA","description":"Organismo Internacional Regional de Sanidad Agropecuaria","publisher":{"@id":"https:\/\/web.oirsa.org\/#organization"},"potentialAction":[{"@type":"SearchAction","target":{"@type":"EntryPoint","urlTemplate":"https:\/\/web.oirsa.org\/?s={search_term_string}"},"query-input":{"@type":"PropertyValueSpecification","valueRequired":true,"valueName":"search_term_string"}}],"inLanguage":"en-US"},{"@type":"Organization","@id":"https:\/\/web.oirsa.org\/#organization","name":"OIRSA","url":"https:\/\/web.oirsa.org\/","logo":{"@type":"ImageObject","inLanguage":"en-US","@id":"https:\/\/web.oirsa.org\/#\/schema\/logo\/image\/","url":"https:\/\/web.oirsa.org\/wp-content\/uploads\/2024\/01\/cropped-LOGO-OIRSA-2023.png","contentUrl":"https:\/\/web.oirsa.org\/wp-content\/uploads\/2024\/01\/cropped-LOGO-OIRSA-2023.png","width":512,"height":512,"caption":"OIRSA"},"image":{"@id":"https:\/\/web.oirsa.org\/#\/schema\/logo\/image\/"},"sameAs":["https:\/\/www.facebook.com\/OIRSAoficial","https:\/\/x.com\/OIRSAoficial"]}]}},"jetpack_sharing_enabled":true,"_links":{"self":[{"href":"https:\/\/web.oirsa.org\/en\/wp-json\/wp\/v2\/pages\/15780","targetHints":{"allow":["GET"]}}],"collection":[{"href":"https:\/\/web.oirsa.org\/en\/wp-json\/wp\/v2\/pages"}],"about":[{"href":"https:\/\/web.oirsa.org\/en\/wp-json\/wp\/v2\/types\/page"}],"author":[{"embeddable":true,"href":"https:\/\/web.oirsa.org\/en\/wp-json\/wp\/v2\/users\/213237736"}],"replies":[{"embeddable":true,"href":"https:\/\/web.oirsa.org\/en\/wp-json\/wp\/v2\/comments?post=15780"}],"version-history":[{"count":64,"href":"https:\/\/web.oirsa.org\/en\/wp-json\/wp\/v2\/pages\/15780\/revisions"}],"predecessor-version":[{"id":18091,"href":"https:\/\/web.oirsa.org\/en\/wp-json\/wp\/v2\/pages\/15780\/revisions\/18091"}],"wp:attachment":[{"href":"https:\/\/web.oirsa.org\/en\/wp-json\/wp\/v2\/media?parent=15780"}],"curies":[{"name":"wp","href":"https:\/\/api.w.org\/{rel}","templated":true}]}}