{"id":15325,"date":"2024-08-01T09:40:15","date_gmt":"2024-08-01T15:40:15","guid":{"rendered":"https:\/\/web.oirsa.org\/?page_id=15325"},"modified":"2024-09-18T13:21:50","modified_gmt":"2024-09-18T19:21:50","slug":"ocan","status":"publish","type":"page","link":"https:\/\/web.oirsa.org\/en\/ocan","title":{"rendered":"Oficina de Certificaci\u00f3n Agropecuaria Nicarag\u00fcense"},"content":{"rendered":"<div class=\"wpb-content-wrapper\"><section class=\"vc_section\"><section class=\"wpb_row vc_row-fluid\"><div class=\"container\"><div class=\"row\"><div class=\"wpb_column vc_column_container vc_col-sm-12\"><div class=\"vc_column-inner\"  ><div class=\"wpb_wrapper\">\n\t<div  class=\"wpb_single_image wpb_content_element vc_align_center wpb_content_element\">\n\t\t\n\t\t<figure class=\"wpb_wrapper vc_figure\">\n\t\t\t<div class=\"vc_single_image-wrapper   vc_box_border_grey\"><img loading=\"lazy\" decoding=\"async\" width=\"1802\" height=\"292\" src=\"https:\/\/i0.wp.com\/web.oirsa.org\/wp-content\/uploads\/2024\/09\/Titular-2.png?fit=1802%2C292&amp;ssl=1\" class=\"vc_single_image-img attachment-full\" alt=\"\" title=\"Titular 2\" srcset=\"https:\/\/i0.wp.com\/web.oirsa.org\/wp-content\/uploads\/2024\/09\/Titular-2.png?w=1802&amp;ssl=1 1802w, https:\/\/i0.wp.com\/web.oirsa.org\/wp-content\/uploads\/2024\/09\/Titular-2.png?resize=300%2C49&amp;ssl=1 300w, https:\/\/i0.wp.com\/web.oirsa.org\/wp-content\/uploads\/2024\/09\/Titular-2.png?resize=1024%2C166&amp;ssl=1 1024w, https:\/\/i0.wp.com\/web.oirsa.org\/wp-content\/uploads\/2024\/09\/Titular-2.png?resize=768%2C124&amp;ssl=1 768w, https:\/\/i0.wp.com\/web.oirsa.org\/wp-content\/uploads\/2024\/09\/Titular-2.png?resize=1536%2C249&amp;ssl=1 1536w, https:\/\/i0.wp.com\/web.oirsa.org\/wp-content\/uploads\/2024\/09\/Titular-2.png?resize=18%2C3&amp;ssl=1 18w\" sizes=\"auto, (max-width: 525px) 100vw, 525px\" \/><\/div>\n\t\t<\/figure>\n\t<\/div>\n<div class=\"vc_row wpb_row vc_inner vc_row-fluid\"><div class=\"wpb_column vc_column_container vc_col-sm-12\"><div class=\"vc_column-inner vc_custom_1722524823411\"><div class=\"wpb_wrapper\">\n\t<div class=\"wpb_text_column wpb_content_element\" >\n\t\t<div class=\"wpb_wrapper\">\n\t\t\t<p>La Oficina de Certificaci\u00f3n Agropecuaria Nicarag\u00fcense (OCAN\/OIRSA), mantiene su compromiso con la implementaci\u00f3n de esta pol\u00edtica, y adem\u00e1s con el cumplimiento de los requisitos de la normativa de referencia.<\/p>\n<p>A continuaci\u00f3n, <strong>la pol\u00edtica de calidad<\/strong>:<\/p>\n<ul>\n<li>La OCAN\/OIRSA, como organismo certificador de productos, brinda confianza a nuestros clientes, basado en principios de imparcialidad, confidencialidad y competencias.<\/li>\n<li>La OCAN\/OIRSA, cuenta con un personal competente y comprometido con la calidad de los servicios, basado en una cultura organizacional, con principios \u00e9ticos que aseguran la satisfacci\u00f3n exigida por nuestros clientes.<\/li>\n<li>Mantiene un sistema de gesti\u00f3n de calidad capaz de generar confianza en el funcionamiento y capacidad de los procesos de certificaci\u00f3n, el cumplimiento de los requisitos legales y orient\u00e1ndose a la mejora continua de los mismos.<\/li>\n<li>El cliente dispone de toda la informaci\u00f3n relevante sobre el esquema de certificaci\u00f3n y son suministrados a todos los solicitantes sin discriminaci\u00f3n alguna, estableci\u00e9ndose desde el inicio una relaci\u00f3n de transparencia mutua.<\/li>\n<li>La alta direcci\u00f3n est\u00e1 comprometida con el cumplimiento de la pol\u00edtica de calidad, imparcialidad, confidencialidad y la mejora continua de nuestros servicios.<\/li>\n<\/ul>\n\n\t\t<\/div>\n\t<\/div>\n<\/div><\/div><\/div><\/div>\n\t<div  class=\"wpb_single_image wpb_content_element vc_align_center wpb_content_element\">\n\t\t\n\t\t<figure class=\"wpb_wrapper vc_figure\">\n\t\t\t<div class=\"vc_single_image-wrapper   vc_box_border_grey\"><img loading=\"lazy\" decoding=\"async\" width=\"2150\" height=\"342\" src=\"https:\/\/i0.wp.com\/web.oirsa.org\/wp-content\/uploads\/2024\/09\/Titular.png?fit=2150%2C342&amp;ssl=1\" class=\"vc_single_image-img attachment-full\" alt=\"\" title=\"Titular\" srcset=\"https:\/\/i0.wp.com\/web.oirsa.org\/wp-content\/uploads\/2024\/09\/Titular.png?w=2150&amp;ssl=1 2150w, https:\/\/i0.wp.com\/web.oirsa.org\/wp-content\/uploads\/2024\/09\/Titular.png?resize=300%2C48&amp;ssl=1 300w, https:\/\/i0.wp.com\/web.oirsa.org\/wp-content\/uploads\/2024\/09\/Titular.png?resize=1024%2C163&amp;ssl=1 1024w, https:\/\/i0.wp.com\/web.oirsa.org\/wp-content\/uploads\/2024\/09\/Titular.png?resize=768%2C122&amp;ssl=1 768w, https:\/\/i0.wp.com\/web.oirsa.org\/wp-content\/uploads\/2024\/09\/Titular.png?resize=1536%2C244&amp;ssl=1 1536w, https:\/\/i0.wp.com\/web.oirsa.org\/wp-content\/uploads\/2024\/09\/Titular.png?resize=2048%2C326&amp;ssl=1 2048w, https:\/\/i0.wp.com\/web.oirsa.org\/wp-content\/uploads\/2024\/09\/Titular.png?resize=18%2C3&amp;ssl=1 18w\" sizes=\"auto, (max-width: 525px) 100vw, 525px\" \/><\/div>\n\t\t<\/figure>\n\t<\/div>\n\n\t<div class=\"wpb_text_column wpb_content_element\" >\n\t\t<div class=\"wpb_wrapper\">\n\t\t\t<p>La OCAN\/OIRSA mantiene su compromiso con esta pol\u00edtica y con el cumplimiento de los requisitos de la normativa de referencia que aseguren la competencia t\u00e9cnica de sus procesos de certificaci\u00f3n:<\/p>\n<p>Los servicios de la OCAN\/OIRSA son accesibles a todos los solicitantes cuyas actividades est\u00e9n dentro de los alcances de los esquemas de certificaci\u00f3n.<\/p>\n<ol>\n<li>La OCAN\/OIRSA facilita el acceso al proceso de certificaci\u00f3n, y este no depende del tama\u00f1o del establecimiento del cliente, sin distingo de raza, color, nacionalidad, estado civil, orientaci\u00f3n sexual, discapacidades, tama\u00f1o de la unidad, asociaci\u00f3n, afinidad pol\u00edtica, estatus familiar o de ning\u00fan tipo, ni de la membres\u00eda de cualquier asociaci\u00f3n o grupo, tampoco depende del n\u00famero de certificaciones emitidas por otras instituciones.<\/li>\n<li>La OCAN\/OIRSA puede declinar la aceptaci\u00f3n de una solicitud o rescindir de un acuerdo para la certificaci\u00f3n de un cliente cuando existan razones fundamentales o demostradas, tales como: la participaci\u00f3n del cliente en actividades ilegales, historial de no conformidades repetidas con los requisitos del producto, o de certificaci\u00f3n, o temas similares relacionados con el cliente.<\/li>\n<li>La OCAN\/OIRSA limita sus requisitos, evaluaciones, revisi\u00f3n, decisi\u00f3n, atestaci\u00f3n y vigilancia (si existe), a aquellos asuntos relacionados espec\u00edficamente con el alcance de la certificaci\u00f3n.<\/li>\n<\/ol>\n\n\t\t<\/div>\n\t<\/div>\n\n\t<div  class=\"wpb_single_image wpb_content_element vc_align_center wpb_content_element\">\n\t\t\n\t\t<figure class=\"wpb_wrapper vc_figure\">\n\t\t\t<div class=\"vc_single_image-wrapper   vc_box_border_grey\"><img loading=\"lazy\" decoding=\"async\" width=\"1896\" height=\"382\" src=\"https:\/\/i0.wp.com\/web.oirsa.org\/wp-content\/uploads\/2024\/09\/Titular-3.png?fit=1896%2C382&amp;ssl=1\" class=\"vc_single_image-img attachment-full\" alt=\"\" title=\"Titular 3\" srcset=\"https:\/\/i0.wp.com\/web.oirsa.org\/wp-content\/uploads\/2024\/09\/Titular-3.png?w=1896&amp;ssl=1 1896w, https:\/\/i0.wp.com\/web.oirsa.org\/wp-content\/uploads\/2024\/09\/Titular-3.png?resize=300%2C60&amp;ssl=1 300w, https:\/\/i0.wp.com\/web.oirsa.org\/wp-content\/uploads\/2024\/09\/Titular-3.png?resize=1024%2C206&amp;ssl=1 1024w, https:\/\/i0.wp.com\/web.oirsa.org\/wp-content\/uploads\/2024\/09\/Titular-3.png?resize=768%2C155&amp;ssl=1 768w, https:\/\/i0.wp.com\/web.oirsa.org\/wp-content\/uploads\/2024\/09\/Titular-3.png?resize=1536%2C309&amp;ssl=1 1536w, https:\/\/i0.wp.com\/web.oirsa.org\/wp-content\/uploads\/2024\/09\/Titular-3.png?resize=18%2C4&amp;ssl=1 18w\" sizes=\"auto, (max-width: 525px) 100vw, 525px\" \/><\/div>\n\t\t<\/figure>\n\t<\/div>\n\n\t<div class=\"wpb_text_column wpb_content_element\" >\n\t\t<div class=\"wpb_wrapper\">\n\t\t\t<p>La Direcci\u00f3n de OCAN\/OIRSA, consciente de que el valor de la certificaci\u00f3n reside en el grado de confianza que confieren sus actuaciones, el cual se obtiene con una evaluaci\u00f3n imparcial y competente, declara y asume el cumplimiento de los siguientes principios:<\/p>\n<ul>\n<li>Todas las actividades llevadas a cabo por la OCAN\/OIRSA se rigen de manera espec\u00edfica por los principios de imparcialidad, confidencialidad, independencia, competencia e integridad, de modo que se asegura que las decisiones de certificaci\u00f3n que se tomen estar\u00e1n basadas en evidencias objetivas de conformidad y no influenciadas por intereses personales o externos.<\/li>\n<\/ul>\n<p>No est\u00e1 en los fines de la OCAN\/OIRSA la participaci\u00f3n directa o indirecta en el desarrollo o asesoramiento a terceros en materias relacionadas con los servicios de certificaci\u00f3n, para lo cual:<\/p>\n<ul>\n<li>No desarrollar\u00e1 ni suministrar\u00e1 a terceros: asesor\u00edas en \u00e1mbitos que pueda certificar.<\/li>\n<li>No proporciona servicios de asesor\u00eda a las empresas solicitantes de una certificaci\u00f3n, sobre m\u00e9todos relativos a la soluci\u00f3n de obst\u00e1culos para obtener la misma. No emplea a personal que haya realizado estas actividades a estas empresas a la hora de participar en auditor\u00eda o en actividades de certificaci\u00f3n de las mismas. Tampoco certifica sistemas que hayan recibido una consultor\u00eda cuando la relaci\u00f3n entre la organizaci\u00f3n y el organismo de certificaci\u00f3n represente una amenaza inaceptable a la imparcialidad del organismo de certificaci\u00f3n.<\/li>\n<li>No proporciona ning\u00fan otro tipo de servicio que pudiera comprometer la confidencialidad o imparcialidad del proceso y las decisiones sobre la certificaci\u00f3n.<\/li>\n<li>El personal de la OCAN\/OIRSA declara su imparcialidad a la hora de ejecutar las tareas que les son asignadas. Tanto el interno como el externo, debe revelar cualquier situaci\u00f3n de la que tengan conocimiento que pudiese representar un conflicto de intereses. La OCAN\/OIRSA, eval\u00faa esta informaci\u00f3n y, en caso de que suponga una amenaza a la imparcialidad, no recurrir\u00e1n a dicho personal para llevar a cabo actividades de certificaci\u00f3n.<\/li>\n<li>Cualquier nueva actividad que pueda iniciar la OCAN\/OIRSA. se analiza de forma adecuada con el fin de evaluar los posibles conflictos de intereses y su impacto en el cumplimiento de esta pol\u00edtica, de modo que si la relaci\u00f3n representa una amenaza inaceptable a la imparcialidad no se debe proporcionar la certificaci\u00f3n.<\/li>\n<\/ul>\n<p>La direcci\u00f3n de la OCAN\/OIRSA. asume la responsabilidad de esta pol\u00edtica y de su aplicaci\u00f3n en todo el organismo y en todas las actividades que realice.<\/p>\n\n\t\t<\/div>\n\t<\/div>\n<\/div><\/div><\/div><\/div><\/div><\/section><\/section>\n<\/div>","protected":false},"excerpt":{"rendered":"La Oficina de Certificaci\u00f3n Agropecuaria Nicarag\u00fcense (OCAN\/OIRSA), mantiene su compromiso con la implementaci\u00f3n de esta pol\u00edtica, y adem\u00e1s con el [...]","protected":false},"author":213237736,"featured_media":0,"parent":0,"menu_order":0,"comment_status":"closed","ping_status":"closed","template":"page-templates\/template-canvas.php","meta":{"_coblocks_attr":"","_coblocks_dimensions":"","_coblocks_responsive_height":"","_coblocks_accordion_ie_support":"","_crdt_document":"","footnotes":""},"class_list":["post-15325","page","type-page","status-publish","hentry"],"yoast_head":"<!-- This site is optimized with the Yoast SEO plugin v27.3 - https:\/\/yoast.com\/product\/yoast-seo-wordpress\/ -->\n<title>Oficina de Certificaci\u00f3n Agropecuaria Nicarag\u00fcense - OIRSA<\/title>\n<meta name=\"robots\" content=\"index, follow, max-snippet:-1, max-image-preview:large, max-video-preview:-1\" \/>\n<link rel=\"canonical\" href=\"https:\/\/web.oirsa.org\/en\/ocan\/\" \/>\n<meta property=\"og:locale\" content=\"en_US\" \/>\n<meta property=\"og:type\" content=\"article\" \/>\n<meta property=\"og:title\" content=\"Oficina de Certificaci\u00f3n Agropecuaria Nicarag\u00fcense - OIRSA\" \/>\n<meta property=\"og:url\" content=\"https:\/\/web.oirsa.org\/en\/ocan\/\" \/>\n<meta property=\"og:site_name\" content=\"OIRSA\" \/>\n<meta property=\"article:publisher\" content=\"https:\/\/www.facebook.com\/OIRSAoficial\" \/>\n<meta property=\"article:modified_time\" content=\"2024-09-18T19:21:50+00:00\" \/>\n<meta property=\"og:image\" content=\"https:\/\/i0.wp.com\/web.oirsa.org\/wp-content\/uploads\/2024\/01\/logo-OIRSA23.png?fit=2791%2C782&ssl=1\" \/>\n\t<meta property=\"og:image:width\" content=\"2791\" \/>\n\t<meta property=\"og:image:height\" content=\"782\" \/>\n\t<meta property=\"og:image:type\" content=\"image\/png\" \/>\n<meta name=\"twitter:card\" content=\"summary_large_image\" \/>\n<meta name=\"twitter:site\" content=\"@OIRSAoficial\" \/>\n<meta name=\"twitter:label1\" content=\"Est. reading time\" \/>\n\t<meta name=\"twitter:data1\" content=\"5 minutes\" \/>\n<script type=\"application\/ld+json\" class=\"yoast-schema-graph\">{\"@context\":\"https:\\\/\\\/schema.org\",\"@graph\":[{\"@type\":\"WebPage\",\"@id\":\"https:\\\/\\\/web.oirsa.org\\\/ocan\",\"url\":\"https:\\\/\\\/web.oirsa.org\\\/ocan\",\"name\":\"Oficina de Certificaci\u00f3n Agropecuaria Nicarag\u00fcense - OIRSA\",\"isPartOf\":{\"@id\":\"https:\\\/\\\/web.oirsa.org\\\/#website\"},\"datePublished\":\"2024-08-01T15:40:15+00:00\",\"dateModified\":\"2024-09-18T19:21:50+00:00\",\"breadcrumb\":{\"@id\":\"https:\\\/\\\/web.oirsa.org\\\/ocan#breadcrumb\"},\"inLanguage\":\"en-US\",\"potentialAction\":[{\"@type\":\"ReadAction\",\"target\":[\"https:\\\/\\\/web.oirsa.org\\\/ocan\"]}]},{\"@type\":\"BreadcrumbList\",\"@id\":\"https:\\\/\\\/web.oirsa.org\\\/ocan#breadcrumb\",\"itemListElement\":[{\"@type\":\"ListItem\",\"position\":1,\"name\":\"Portada\",\"item\":\"https:\\\/\\\/web.oirsa.org\\\/\"},{\"@type\":\"ListItem\",\"position\":2,\"name\":\"Oficina de Certificaci\u00f3n Agropecuaria Nicarag\u00fcense\"}]},{\"@type\":\"WebSite\",\"@id\":\"https:\\\/\\\/web.oirsa.org\\\/#website\",\"url\":\"https:\\\/\\\/web.oirsa.org\\\/\",\"name\":\"OIRSA\",\"description\":\"Organismo Internacional Regional de Sanidad Agropecuaria\",\"publisher\":{\"@id\":\"https:\\\/\\\/web.oirsa.org\\\/#organization\"},\"potentialAction\":[{\"@type\":\"SearchAction\",\"target\":{\"@type\":\"EntryPoint\",\"urlTemplate\":\"https:\\\/\\\/web.oirsa.org\\\/?s={search_term_string}\"},\"query-input\":{\"@type\":\"PropertyValueSpecification\",\"valueRequired\":true,\"valueName\":\"search_term_string\"}}],\"inLanguage\":\"en-US\"},{\"@type\":\"Organization\",\"@id\":\"https:\\\/\\\/web.oirsa.org\\\/#organization\",\"name\":\"OIRSA\",\"url\":\"https:\\\/\\\/web.oirsa.org\\\/\",\"logo\":{\"@type\":\"ImageObject\",\"inLanguage\":\"en-US\",\"@id\":\"https:\\\/\\\/web.oirsa.org\\\/#\\\/schema\\\/logo\\\/image\\\/\",\"url\":\"https:\\\/\\\/web.oirsa.org\\\/wp-content\\\/uploads\\\/2024\\\/01\\\/cropped-LOGO-OIRSA-2023.png\",\"contentUrl\":\"https:\\\/\\\/web.oirsa.org\\\/wp-content\\\/uploads\\\/2024\\\/01\\\/cropped-LOGO-OIRSA-2023.png\",\"width\":512,\"height\":512,\"caption\":\"OIRSA\"},\"image\":{\"@id\":\"https:\\\/\\\/web.oirsa.org\\\/#\\\/schema\\\/logo\\\/image\\\/\"},\"sameAs\":[\"https:\\\/\\\/www.facebook.com\\\/OIRSAoficial\",\"https:\\\/\\\/x.com\\\/OIRSAoficial\"]}]}<\/script>\n<!-- \/ Yoast SEO plugin. -->","yoast_head_json":{"title":"Oficina de Certificaci\u00f3n Agropecuaria Nicarag\u00fcense - OIRSA","robots":{"index":"index","follow":"follow","max-snippet":"max-snippet:-1","max-image-preview":"max-image-preview:large","max-video-preview":"max-video-preview:-1"},"canonical":"https:\/\/web.oirsa.org\/en\/ocan\/","og_locale":"en_US","og_type":"article","og_title":"Oficina de Certificaci\u00f3n Agropecuaria Nicarag\u00fcense - OIRSA","og_url":"https:\/\/web.oirsa.org\/en\/ocan\/","og_site_name":"OIRSA","article_publisher":"https:\/\/www.facebook.com\/OIRSAoficial","article_modified_time":"2024-09-18T19:21:50+00:00","og_image":[{"width":2791,"height":782,"url":"https:\/\/i0.wp.com\/web.oirsa.org\/wp-content\/uploads\/2024\/01\/logo-OIRSA23.png?fit=2791%2C782&ssl=1","type":"image\/png"}],"twitter_card":"summary_large_image","twitter_site":"@OIRSAoficial","twitter_misc":{"Est. reading time":"5 minutes"},"schema":{"@context":"https:\/\/schema.org","@graph":[{"@type":"WebPage","@id":"https:\/\/web.oirsa.org\/ocan","url":"https:\/\/web.oirsa.org\/ocan","name":"Oficina de Certificaci\u00f3n Agropecuaria Nicarag\u00fcense - OIRSA","isPartOf":{"@id":"https:\/\/web.oirsa.org\/#website"},"datePublished":"2024-08-01T15:40:15+00:00","dateModified":"2024-09-18T19:21:50+00:00","breadcrumb":{"@id":"https:\/\/web.oirsa.org\/ocan#breadcrumb"},"inLanguage":"en-US","potentialAction":[{"@type":"ReadAction","target":["https:\/\/web.oirsa.org\/ocan"]}]},{"@type":"BreadcrumbList","@id":"https:\/\/web.oirsa.org\/ocan#breadcrumb","itemListElement":[{"@type":"ListItem","position":1,"name":"Portada","item":"https:\/\/web.oirsa.org\/"},{"@type":"ListItem","position":2,"name":"Oficina de Certificaci\u00f3n Agropecuaria Nicarag\u00fcense"}]},{"@type":"WebSite","@id":"https:\/\/web.oirsa.org\/#website","url":"https:\/\/web.oirsa.org\/","name":"OIRSA","description":"Organismo Internacional Regional de Sanidad Agropecuaria","publisher":{"@id":"https:\/\/web.oirsa.org\/#organization"},"potentialAction":[{"@type":"SearchAction","target":{"@type":"EntryPoint","urlTemplate":"https:\/\/web.oirsa.org\/?s={search_term_string}"},"query-input":{"@type":"PropertyValueSpecification","valueRequired":true,"valueName":"search_term_string"}}],"inLanguage":"en-US"},{"@type":"Organization","@id":"https:\/\/web.oirsa.org\/#organization","name":"OIRSA","url":"https:\/\/web.oirsa.org\/","logo":{"@type":"ImageObject","inLanguage":"en-US","@id":"https:\/\/web.oirsa.org\/#\/schema\/logo\/image\/","url":"https:\/\/web.oirsa.org\/wp-content\/uploads\/2024\/01\/cropped-LOGO-OIRSA-2023.png","contentUrl":"https:\/\/web.oirsa.org\/wp-content\/uploads\/2024\/01\/cropped-LOGO-OIRSA-2023.png","width":512,"height":512,"caption":"OIRSA"},"image":{"@id":"https:\/\/web.oirsa.org\/#\/schema\/logo\/image\/"},"sameAs":["https:\/\/www.facebook.com\/OIRSAoficial","https:\/\/x.com\/OIRSAoficial"]}]}},"jetpack_sharing_enabled":true,"_links":{"self":[{"href":"https:\/\/web.oirsa.org\/en\/wp-json\/wp\/v2\/pages\/15325","targetHints":{"allow":["GET"]}}],"collection":[{"href":"https:\/\/web.oirsa.org\/en\/wp-json\/wp\/v2\/pages"}],"about":[{"href":"https:\/\/web.oirsa.org\/en\/wp-json\/wp\/v2\/types\/page"}],"author":[{"embeddable":true,"href":"https:\/\/web.oirsa.org\/en\/wp-json\/wp\/v2\/users\/213237736"}],"replies":[{"embeddable":true,"href":"https:\/\/web.oirsa.org\/en\/wp-json\/wp\/v2\/comments?post=15325"}],"version-history":[{"count":43,"href":"https:\/\/web.oirsa.org\/en\/wp-json\/wp\/v2\/pages\/15325\/revisions"}],"predecessor-version":[{"id":16300,"href":"https:\/\/web.oirsa.org\/en\/wp-json\/wp\/v2\/pages\/15325\/revisions\/16300"}],"wp:attachment":[{"href":"https:\/\/web.oirsa.org\/en\/wp-json\/wp\/v2\/media?parent=15325"}],"curies":[{"name":"wp","href":"https:\/\/api.w.org\/{rel}","templated":true}]}}