{"id":14819,"date":"2024-05-08T16:19:15","date_gmt":"2024-05-08T22:19:15","guid":{"rendered":"https:\/\/web.oirsa.org\/?page_id=14819"},"modified":"2024-05-09T15:44:42","modified_gmt":"2024-05-09T21:44:42","slug":"dia-internacional-de-la-sanidad-vegetal","status":"publish","type":"page","link":"https:\/\/web.oirsa.org\/en\/dia-internacional-de-la-sanidad-vegetal","title":{"rendered":"Dia Internacional de la Sanidad Vegetal"},"content":{"rendered":"<div class=\"wpb-content-wrapper\"><section class=\"wpb_row vc_row-fluid vc_custom_1715190218579 vc_row-has-fill\"><div class=\"container\"><div class=\"row\"><div class=\"wpb_column vc_column_container vc_col-sm-6 vc_col-has-fill\"><div class=\"vc_column-inner vc_custom_1715189783227\"  ><div class=\"wpb_wrapper\">\n\t<div class=\"wpb_text_column wpb_content_element vc_custom_1715207268958\" >\n\t\t<div class=\"wpb_wrapper\">\n\t\t\t<p style=\"text-align: right;\"><span style=\"font-size: 24px;\">Cada 12 de mayo conmemoramos el D\u00eda Internacional de la Sanidad Vegetal. Una fecha para reflexionar sobre c\u00f3mo la protecci\u00f3n a las plantas <span class=\"x3nfvp2 x1j61x8r x1fcty0u xdj266r xhhsvwb xat24cr xgzva0m xxymvpz xlup9mm x1kky2od\"><img loading=\"lazy\" decoding=\"async\" class=\"xz74otr\" src=\"https:\/\/static.xx.fbcdn.net\/images\/emoji.php\/v9\/ta\/2\/16\/1f333.png\" alt=\"?\" width=\"16\" height=\"16\" \/><\/span> puede ayudar a reducir la pobreza <span class=\"x3nfvp2 x1j61x8r x1fcty0u xdj266r xhhsvwb xat24cr xgzva0m xxymvpz xlup9mm x1kky2od\"><img loading=\"lazy\" decoding=\"async\" class=\"xz74otr\" src=\"https:\/\/static.xx.fbcdn.net\/images\/emoji.php\/v9\/tbb\/2\/16\/1f33d.png\" alt=\"?\" width=\"16\" height=\"16\" \/><\/span>, proteger el ambiente <span class=\"x3nfvp2 x1j61x8r x1fcty0u xdj266r xhhsvwb xat24cr xgzva0m xxymvpz xlup9mm x1kky2od\"><img loading=\"lazy\" decoding=\"async\" class=\"xz74otr\" src=\"https:\/\/static.xx.fbcdn.net\/images\/emoji.php\/v9\/t6a\/2\/16\/1fab4.png\" alt=\"?\" width=\"16\" height=\"16\" \/><\/span> y estimular el desarrollo econ\u00f3mico integral <span class=\"x3nfvp2 x1j61x8r x1fcty0u xdj266r xhhsvwb xat24cr xgzva0m xxymvpz xlup9mm x1kky2od\"><img loading=\"lazy\" decoding=\"async\" class=\"xz74otr\" src=\"https:\/\/static.xx.fbcdn.net\/images\/emoji.php\/v9\/t3c\/2\/16\/1f33e.png\" alt=\"?\" width=\"16\" height=\"16\" \/><\/span>.<\/span><\/p>\n\n\t\t<\/div>\n\t<\/div>\n<\/div><\/div><\/div><div class=\"wpb_column vc_column_container vc_col-sm-6 vc_col-has-fill\"><div class=\"vc_column-inner vc_custom_1715189814768\"  ><div class=\"wpb_wrapper\">\n\t<div  class=\"wpb_single_image wpb_content_element vc_align_left wpb_content_element vc_custom_1715189806887\">\n\t\t\n\t\t<figure class=\"wpb_wrapper vc_figure\">\n\t\t\t<div class=\"vc_single_image-wrapper   vc_box_border_grey\"><img loading=\"lazy\" decoding=\"async\" width=\"525\" height=\"295\" src=\"https:\/\/i0.wp.com\/web.oirsa.org\/wp-content\/uploads\/2024\/05\/Logo-Dia-Sanidad-Vegetal-2023-horizontal.jpg?fit=525%2C295&amp;ssl=1\" class=\"vc_single_image-img attachment-large\" alt=\"\" title=\"Dia Sanidad Vegetal\" srcset=\"https:\/\/i0.wp.com\/web.oirsa.org\/wp-content\/uploads\/2024\/05\/Logo-Dia-Sanidad-Vegetal-2023-horizontal.jpg?w=1920&amp;ssl=1 1920w, https:\/\/i0.wp.com\/web.oirsa.org\/wp-content\/uploads\/2024\/05\/Logo-Dia-Sanidad-Vegetal-2023-horizontal.jpg?resize=300%2C169&amp;ssl=1 300w, https:\/\/i0.wp.com\/web.oirsa.org\/wp-content\/uploads\/2024\/05\/Logo-Dia-Sanidad-Vegetal-2023-horizontal.jpg?resize=1024%2C576&amp;ssl=1 1024w, https:\/\/i0.wp.com\/web.oirsa.org\/wp-content\/uploads\/2024\/05\/Logo-Dia-Sanidad-Vegetal-2023-horizontal.jpg?resize=768%2C432&amp;ssl=1 768w, https:\/\/i0.wp.com\/web.oirsa.org\/wp-content\/uploads\/2024\/05\/Logo-Dia-Sanidad-Vegetal-2023-horizontal.jpg?resize=1536%2C864&amp;ssl=1 1536w, https:\/\/i0.wp.com\/web.oirsa.org\/wp-content\/uploads\/2024\/05\/Logo-Dia-Sanidad-Vegetal-2023-horizontal.jpg?resize=18%2C10&amp;ssl=1 18w\" sizes=\"auto, (max-width: 525px) 100vw, 525px\" \/><\/div>\n\t\t<\/figure>\n\t<\/div>\n<\/div><\/div><\/div><\/div><\/div><\/section><section class=\"wpb_row vc_row-fluid vc_custom_1715190203936 vc_row-has-fill\"><div class=\"container\"><div class=\"row\"><div class=\"wpb_column vc_column_container vc_col-sm-12 vc_col-has-fill\"><div class=\"vc_column-inner vc_custom_1715189758313\"  ><div class=\"wpb_wrapper\">\n\t<div class=\"wpb_text_column wpb_content_element vc_custom_1715190180564\" >\n\t\t<div class=\"wpb_wrapper\">\n\t\t\t<p><span style=\"font-size: 20px;\">En la \u00faltima d\u00e9cada, el valor del comercio agr\u00edcola se ha triplicado. Alcanzando 1,7 billones de d\u00f3lares al a\u00f1o en todo el mundo, seg\u00fan estad\u00edsticas de Naciones Unidas. Pero no siempre valoramos lo que las plantas nos brindan. En el OIRSA destacamos los esfuerzos por salvaguardar los cultivos ante plagas y enfermedades.<\/span><\/p>\n<p><span style=\"font-size: 20px;\">Nuestra tarea es prevenir, controlar y erradicar las plagas y enfermedades que afectan a los cultivos de granos b\u00e1sicos, cultivos hort\u00edcolas, frut\u00edcolas, agroindustriales y las especies forestales.<\/span><\/p>\n<p><span style=\"font-size: 20px;\">La Sanidad Vegetal es crucial para nuestro planeta y la humanidad misma, ante el embate del cambio clim\u00e1tico, que conllevan la destrucci\u00f3n de ecosistemas completos y las formas de vida de millones de personas.\u00a0<\/span><\/p>\n\n\t\t<\/div>\n\t<\/div>\n<\/div><\/div><\/div><\/div><\/div><\/section><section class=\"wpb_row vc_row-fluid vc_custom_1715190379637 vc_row-has-fill\"><div class=\"container\"><div class=\"row\"><div class=\"wpb_column vc_column_container vc_col-sm-12 vc_col-has-fill\"><div class=\"vc_column-inner vc_custom_1715206764433\"  ><div class=\"wpb_wrapper\">\n\t<div class=\"wpb_video_widget wpb_content_element vc_clearfix   vc_custom_1715190959818 vc_video-aspect-ratio-169 vc_video-el-width-100 vc_video-align-left\" >\n\t\t<div class=\"wpb_wrapper\">\n\t\t\t\n\t\t\t<div class=\"wpb_video_wrapper\"><iframe loading=\"lazy\" title=\"Las Organizaciones Regionales de Protecci\u00f3n Fitosanitaria (ORPF) y su trabajo por la Sanidad Vegetal\" width=\"500\" height=\"281\" src=\"https:\/\/www.youtube.com\/embed\/CD_PMUocdRk?feature=oembed\" frameborder=\"0\" allow=\"accelerometer; autoplay; clipboard-write; encrypted-media; gyroscope; picture-in-picture; web-share\" referrerpolicy=\"strict-origin-when-cross-origin\" allowfullscreen><\/iframe><\/div>\n\t\t<\/div>\n\t<\/div>\n<\/div><\/div><\/div><\/div><\/div><\/section><section class=\"wpb_row vc_row-fluid vc_custom_1715191382410 vc_row-has-fill\"><div class=\"container\"><div class=\"row\"><div class=\"wpb_column vc_column_container vc_col-sm-12 vc_col-has-fill\"><div class=\"vc_column-inner vc_custom_1715191370800\"  ><div class=\"wpb_wrapper\">\n\t<div class=\"wpb_text_column wpb_content_element vc_custom_1715191357784\" >\n\t\t<div class=\"wpb_wrapper\">\n\t\t\t<p><span style=\"font-size: 20px;\">Por su posici\u00f3n y orograf\u00eda en la regi\u00f3n existen m\u00e1s de 21 ecosistemas diferentes que dan como resultado una de las \u00e1reas con mayor biodiversidad en el planeta. Dicha condici\u00f3n hace que M\u00e9xico y Centroam\u00e9rica sean una de los principales centros de origen de cultivos de importancia agr\u00edcola como el ma\u00edz, los frijoles, el aguacate, los chiles, entre otros. Y que, a la vez, sea uno de los principales sitios de producci\u00f3n para el caf\u00e9, banano, mango, mel\u00f3n, palma africana y ca\u00f1a de az\u00facar.\u00a0<\/span><\/p>\n\n\t\t<\/div>\n\t<\/div>\n<\/div><\/div><\/div><\/div><\/div><\/section><section class=\"wpb_row vc_row-fluid\"><div class=\"container\"><div class=\"row\"><div class=\"wpb_column vc_column_container vc_col-sm-12\"><div class=\"vc_column-inner\"  ><div class=\"wpb_wrapper\">\n<div class=\"vc_grid-container-wrapper vc_clearfix vc_grid-animation-zoomIn\">\n\t<div class=\"vc_grid-container vc_clearfix wpb_content_element vc_masonry_media_grid\" data-initial-loading-animation=\"zoomIn\" data-vc-grid-settings=\"{&quot;page_id&quot;:14819,&quot;style&quot;:&quot;all-masonry&quot;,&quot;action&quot;:&quot;vc_get_vc_grid_data&quot;,&quot;shortcode_id&quot;:&quot;1715207515173-c0102804-73ae-1&quot;,&quot;tag&quot;:&quot;vc_masonry_media_grid&quot;}\" data-vc-request=\"https:\/\/web.oirsa.org\/wp-admin\/admin-ajax.php\" data-vc-post-id=\"14819\" data-vc-public-nonce=\"87816f3440\">\n\t\t\n\t<\/div>\n<\/div><\/div><\/div><\/div><\/div><\/div><\/section><section class=\"wpb_row vc_row-fluid vc_custom_1715197766298 vc_row-has-fill vc_row-o-content-top vc_row-flex\"><div class=\"container\"><div class=\"row\"><div class=\"wpb_column vc_column_container vc_col-sm-6 vc_col-has-fill\"><div class=\"vc_column-inner vc_custom_1715197732140\"  ><div class=\"wpb_wrapper\">\n\t<div class=\"wpb_text_column wpb_content_element vc_custom_1715207546775\" >\n\t\t<div class=\"wpb_wrapper\">\n\t\t\t<p><span style=\"font-size: 20px;\">Las plantas son muchas cosas a la vez. Son fuente de alimento y de aire. Pueden ser medicina y tambi\u00e9n convertirse en materiales de construcci\u00f3n. Hay plantas ornamentales y cultivos agroindustriales.\u00a0<\/span><\/p>\n\n\t\t<\/div>\n\t<\/div>\n<\/div><\/div><\/div><div class=\"wpb_column vc_column_container vc_col-sm-6 vc_col-has-fill\"><div class=\"vc_column-inner vc_custom_1715197516072\"  ><div class=\"wpb_wrapper\">\n\t<div class=\"wpb_video_widget wpb_content_element vc_clearfix   vc_custom_1715207387997 vc_video-aspect-ratio-169 vc_video-el-width-90 vc_video-align-center\" >\n\t\t<div class=\"wpb_wrapper\">\n\t\t\t\n\t\t\t<div class=\"wpb_video_wrapper\"><iframe loading=\"lazy\" title=\"D\u00eda Internacional de la Sanidad Vegetal 2023\" width=\"500\" height=\"281\" src=\"https:\/\/www.youtube.com\/embed\/bcILfzqoQzE?feature=oembed\" frameborder=\"0\" allow=\"accelerometer; autoplay; clipboard-write; encrypted-media; gyroscope; picture-in-picture; web-share\" referrerpolicy=\"strict-origin-when-cross-origin\" allowfullscreen><\/iframe><\/div>\n\t\t<\/div>\n\t<\/div>\n<\/div><\/div><\/div><\/div><\/div><\/section><section class=\"wpb_row vc_row-fluid\"><div class=\"container\"><div class=\"row\"><div class=\"wpb_column vc_column_container vc_col-sm-12\"><div class=\"vc_column-inner\"  ><div class=\"wpb_wrapper\">\n\t<div class=\"wpb_text_column wpb_content_element vc_custom_1715205528741\" >\n\t\t<div class=\"wpb_wrapper\">\n\t\t\t<p style=\"text-align: center;\"><span style=\"font-size: 28px;\"><strong><span style=\"color: #339966;\">\u00bfC\u00f3mo podemos proteger a las plantas?\u00a0<\/span><\/strong><\/span><\/p>\n\n\t\t<\/div>\n\t<\/div>\n<\/div><\/div><\/div><\/div><\/div><\/section><section class=\"wpb_row vc_row-fluid vc_custom_1715205217125 vc_row-has-fill\"><div class=\"container\"><div class=\"row\"><div class=\"wpb_column vc_column_container vc_col-sm-12 vc_col-has-fill\"><div class=\"vc_column-inner vc_custom_1715205204617\"  ><div class=\"wpb_wrapper\">\n\t<div class=\"wpb_text_column wpb_content_element vc_custom_1715205191240\" >\n\t\t<div class=\"wpb_wrapper\">\n\t\t\t<ul>\n<li style=\"list-style-type: none;\">\n<ul>\n<li><span style=\"font-size: 20px;\">Los viajeros deben tener mucho cuidado al llevar consigo plantas o patentes vegetales en sus desplazamientos. Adem\u00e1s, para mantener inocuo el comercio de vegetales, es importante implementar las normas internacionales de sanidad vegetal, como las desarrolladas por la CIPF.<\/span><\/li>\n<\/ul>\n<\/li>\n<\/ul>\n<p>&nbsp;<\/p>\n<ul>\n<li style=\"list-style-type: none;\">\n<ul>\n<li><span style=\"font-size: 20px;\">Las personas involucradas en el sector del transporte deben asegurarse que los barcos, aviones, camiones y trenes no transporten plagas y enfermedades de las plantas a los lugares donde se dirijan.<\/span><\/li>\n<\/ul>\n<\/li>\n<\/ul>\n<p>&nbsp;<\/p>\n<ul>\n<li style=\"list-style-type: none;\">\n<ul>\n<li><span style=\"font-size: 20px;\">Fomentar acciones que no da\u00f1en el ambiente, como el manejo inteligente de plagas. Este enfoque ecosist\u00e9mico combina estrategias y pr\u00e1cticas de gesti\u00f3n diferentes para cultivar productos saludables y el manejo integrado de plagas y enfermedades.<\/span><\/li>\n<\/ul>\n<\/li>\n<\/ul>\n<p>&nbsp;<\/p>\n<ul>\n<li style=\"list-style-type: none;\">\n<ul>\n<li><span style=\"font-size: 20px;\">Reducir el uso de plaguicidas para proteger el medio ambiente y proteger a organismos ben\u00e9ficos como los polinizadores, enemigos naturales de las plagas, a las personas y animales que dependen de las plantas. Si tenemos plantas sanas contribuimos a tener animales y personas sanas.<\/span><\/li>\n<\/ul>\n<\/li>\n<\/ul>\n\n\t\t<\/div>\n\t<\/div>\n<\/div><\/div><\/div><\/div><\/div><\/section><section class=\"wpb_row vc_row-fluid vc_custom_1715206245224 vc_row-has-fill\"><div class=\"container\"><div class=\"row\"><div class=\"wpb_column vc_column_container vc_col-sm-12 vc_col-has-fill\"><div class=\"vc_column-inner vc_custom_1715206223603\"  ><div class=\"wpb_wrapper\">\n<div class=\"vc_grid-container-wrapper vc_clearfix vc_grid-animation-zoomIn\">\n\t<div class=\"vc_grid-container vc_clearfix wpb_content_element vc_masonry_media_grid\" data-initial-loading-animation=\"zoomIn\" data-vc-grid-settings=\"{&quot;page_id&quot;:14819,&quot;style&quot;:&quot;all-masonry&quot;,&quot;action&quot;:&quot;vc_get_vc_grid_data&quot;,&quot;shortcode_id&quot;:&quot;1715207515175-8992a870-ba83-5&quot;,&quot;tag&quot;:&quot;vc_masonry_media_grid&quot;}\" data-vc-request=\"https:\/\/web.oirsa.org\/wp-admin\/admin-ajax.php\" data-vc-post-id=\"14819\" data-vc-public-nonce=\"87816f3440\">\n\t\t\n\t<\/div>\n<\/div><\/div><\/div><\/div><\/div><\/div><\/section>\n<\/div>","protected":false},"excerpt":{"rendered":"Cada 12 de mayo conmemoramos el D\u00eda Internacional de la Sanidad Vegetal. Una fecha para reflexionar sobre c\u00f3mo la protecci\u00f3n [...]","protected":false},"author":213237738,"featured_media":14852,"parent":0,"menu_order":0,"comment_status":"closed","ping_status":"closed","template":"page-templates\/template-canvas.php","meta":{"_coblocks_attr":"","_coblocks_dimensions":"","_coblocks_responsive_height":"","_coblocks_accordion_ie_support":"","_crdt_document":"","footnotes":""},"class_list":["post-14819","page","type-page","status-publish","has-post-thumbnail","hentry"],"yoast_head":"<!-- This site is optimized with the Yoast SEO plugin v27.4 - https:\/\/yoast.com\/product\/yoast-seo-wordpress\/ -->\n<title>Dia Internacional de la Sanidad Vegetal - OIRSA<\/title>\n<meta name=\"description\" content=\"Cada 12 de mayo conmemoramos el D\u00eda Internacional de la Sanidad Vegetal. Una fecha para reflexionar sobre c\u00f3mo la protecci\u00f3n a las plantas puede ayudar a reducir la pobreza, proteger el ambiente y estimular el desarrollo integral.\" \/>\n<meta name=\"robots\" content=\"index, follow, max-snippet:-1, max-image-preview:large, max-video-preview:-1\" \/>\n<link rel=\"canonical\" href=\"https:\/\/web.oirsa.org\/en\/dia-internacional-de-la-sanidad-vegetal\/\" \/>\n<meta property=\"og:locale\" content=\"en_US\" \/>\n<meta property=\"og:type\" content=\"article\" \/>\n<meta property=\"og:title\" content=\"Dia Internacional de la Sanidad Vegetal - OIRSA\" \/>\n<meta property=\"og:description\" content=\"Cada 12 de mayo conmemoramos el D\u00eda Internacional de la Sanidad Vegetal. Una fecha para reflexionar sobre c\u00f3mo la protecci\u00f3n a las plantas puede ayudar a reducir la pobreza, proteger el ambiente y estimular el desarrollo integral.\" \/>\n<meta property=\"og:url\" content=\"https:\/\/web.oirsa.org\/en\/dia-internacional-de-la-sanidad-vegetal\/\" \/>\n<meta property=\"og:site_name\" content=\"OIRSA\" \/>\n<meta property=\"article:publisher\" content=\"https:\/\/www.facebook.com\/OIRSAoficial\" \/>\n<meta property=\"article:modified_time\" content=\"2024-05-09T21:44:42+00:00\" \/>\n<meta property=\"og:image\" content=\"https:\/\/i0.wp.com\/web.oirsa.org\/wp-content\/uploads\/2024\/05\/DISV-web-copia-2-scaled.jpg?fit=2560%2C1706&ssl=1\" \/>\n\t<meta property=\"og:image:width\" content=\"2560\" \/>\n\t<meta property=\"og:image:height\" content=\"1706\" \/>\n\t<meta property=\"og:image:type\" content=\"image\/jpeg\" \/>\n<meta name=\"twitter:card\" content=\"summary_large_image\" \/>\n<meta name=\"twitter:site\" content=\"@OIRSAoficial\" \/>\n<meta name=\"twitter:label1\" content=\"Est. reading time\" \/>\n\t<meta name=\"twitter:data1\" content=\"5 minutes\" \/>\n<script type=\"application\/ld+json\" class=\"yoast-schema-graph\">{\"@context\":\"https:\\\/\\\/schema.org\",\"@graph\":[{\"@type\":\"WebPage\",\"@id\":\"https:\\\/\\\/web.oirsa.org\\\/dia-internacional-de-la-sanidad-vegetal\",\"url\":\"https:\\\/\\\/web.oirsa.org\\\/dia-internacional-de-la-sanidad-vegetal\",\"name\":\"Dia Internacional de la Sanidad Vegetal - OIRSA\",\"isPartOf\":{\"@id\":\"https:\\\/\\\/web.oirsa.org\\\/#website\"},\"primaryImageOfPage\":{\"@id\":\"https:\\\/\\\/web.oirsa.org\\\/dia-internacional-de-la-sanidad-vegetal#primaryimage\"},\"image\":{\"@id\":\"https:\\\/\\\/web.oirsa.org\\\/dia-internacional-de-la-sanidad-vegetal#primaryimage\"},\"thumbnailUrl\":\"https:\\\/\\\/i0.wp.com\\\/web.oirsa.org\\\/wp-content\\\/uploads\\\/2024\\\/05\\\/DISV-web-copia-2-scaled.jpg?fit=2560%2C1706&ssl=1\",\"datePublished\":\"2024-05-08T22:19:15+00:00\",\"dateModified\":\"2024-05-09T21:44:42+00:00\",\"description\":\"Cada 12 de mayo conmemoramos el D\u00eda Internacional de la Sanidad Vegetal. Una fecha para reflexionar sobre c\u00f3mo la protecci\u00f3n a las plantas puede ayudar a reducir la pobreza, proteger el ambiente y estimular el desarrollo integral.\",\"breadcrumb\":{\"@id\":\"https:\\\/\\\/web.oirsa.org\\\/dia-internacional-de-la-sanidad-vegetal#breadcrumb\"},\"inLanguage\":\"en-US\",\"potentialAction\":[{\"@type\":\"ReadAction\",\"target\":[\"https:\\\/\\\/web.oirsa.org\\\/dia-internacional-de-la-sanidad-vegetal\"]}]},{\"@type\":\"ImageObject\",\"inLanguage\":\"en-US\",\"@id\":\"https:\\\/\\\/web.oirsa.org\\\/dia-internacional-de-la-sanidad-vegetal#primaryimage\",\"url\":\"https:\\\/\\\/i0.wp.com\\\/web.oirsa.org\\\/wp-content\\\/uploads\\\/2024\\\/05\\\/DISV-web-copia-2-scaled.jpg?fit=2560%2C1706&ssl=1\",\"contentUrl\":\"https:\\\/\\\/i0.wp.com\\\/web.oirsa.org\\\/wp-content\\\/uploads\\\/2024\\\/05\\\/DISV-web-copia-2-scaled.jpg?fit=2560%2C1706&ssl=1\",\"width\":2560,\"height\":1706},{\"@type\":\"BreadcrumbList\",\"@id\":\"https:\\\/\\\/web.oirsa.org\\\/dia-internacional-de-la-sanidad-vegetal#breadcrumb\",\"itemListElement\":[{\"@type\":\"ListItem\",\"position\":1,\"name\":\"Portada\",\"item\":\"https:\\\/\\\/web.oirsa.org\\\/\"},{\"@type\":\"ListItem\",\"position\":2,\"name\":\"Dia Internacional de la Sanidad Vegetal\"}]},{\"@type\":\"WebSite\",\"@id\":\"https:\\\/\\\/web.oirsa.org\\\/#website\",\"url\":\"https:\\\/\\\/web.oirsa.org\\\/\",\"name\":\"OIRSA\",\"description\":\"Organismo Internacional Regional de Sanidad Agropecuaria\",\"publisher\":{\"@id\":\"https:\\\/\\\/web.oirsa.org\\\/#organization\"},\"potentialAction\":[{\"@type\":\"SearchAction\",\"target\":{\"@type\":\"EntryPoint\",\"urlTemplate\":\"https:\\\/\\\/web.oirsa.org\\\/?s={search_term_string}\"},\"query-input\":{\"@type\":\"PropertyValueSpecification\",\"valueRequired\":true,\"valueName\":\"search_term_string\"}}],\"inLanguage\":\"en-US\"},{\"@type\":\"Organization\",\"@id\":\"https:\\\/\\\/web.oirsa.org\\\/#organization\",\"name\":\"OIRSA\",\"url\":\"https:\\\/\\\/web.oirsa.org\\\/\",\"logo\":{\"@type\":\"ImageObject\",\"inLanguage\":\"en-US\",\"@id\":\"https:\\\/\\\/web.oirsa.org\\\/#\\\/schema\\\/logo\\\/image\\\/\",\"url\":\"https:\\\/\\\/web.oirsa.org\\\/wp-content\\\/uploads\\\/2024\\\/01\\\/cropped-LOGO-OIRSA-2023.png\",\"contentUrl\":\"https:\\\/\\\/web.oirsa.org\\\/wp-content\\\/uploads\\\/2024\\\/01\\\/cropped-LOGO-OIRSA-2023.png\",\"width\":512,\"height\":512,\"caption\":\"OIRSA\"},\"image\":{\"@id\":\"https:\\\/\\\/web.oirsa.org\\\/#\\\/schema\\\/logo\\\/image\\\/\"},\"sameAs\":[\"https:\\\/\\\/www.facebook.com\\\/OIRSAoficial\",\"https:\\\/\\\/x.com\\\/OIRSAoficial\"]}]}<\/script>\n<!-- \/ Yoast SEO plugin. -->","yoast_head_json":{"title":"Dia Internacional de la Sanidad Vegetal - OIRSA","description":"Cada 12 de mayo conmemoramos el D\u00eda Internacional de la Sanidad Vegetal. Una fecha para reflexionar sobre c\u00f3mo la protecci\u00f3n a las plantas puede ayudar a reducir la pobreza, proteger el ambiente y estimular el desarrollo integral.","robots":{"index":"index","follow":"follow","max-snippet":"max-snippet:-1","max-image-preview":"max-image-preview:large","max-video-preview":"max-video-preview:-1"},"canonical":"https:\/\/web.oirsa.org\/en\/dia-internacional-de-la-sanidad-vegetal\/","og_locale":"en_US","og_type":"article","og_title":"Dia Internacional de la Sanidad Vegetal - OIRSA","og_description":"Cada 12 de mayo conmemoramos el D\u00eda Internacional de la Sanidad Vegetal. Una fecha para reflexionar sobre c\u00f3mo la protecci\u00f3n a las plantas puede ayudar a reducir la pobreza, proteger el ambiente y estimular el desarrollo integral.","og_url":"https:\/\/web.oirsa.org\/en\/dia-internacional-de-la-sanidad-vegetal\/","og_site_name":"OIRSA","article_publisher":"https:\/\/www.facebook.com\/OIRSAoficial","article_modified_time":"2024-05-09T21:44:42+00:00","og_image":[{"width":2560,"height":1706,"url":"https:\/\/i0.wp.com\/web.oirsa.org\/wp-content\/uploads\/2024\/05\/DISV-web-copia-2-scaled.jpg?fit=2560%2C1706&ssl=1","type":"image\/jpeg"}],"twitter_card":"summary_large_image","twitter_site":"@OIRSAoficial","twitter_misc":{"Est. reading time":"5 minutes"},"schema":{"@context":"https:\/\/schema.org","@graph":[{"@type":"WebPage","@id":"https:\/\/web.oirsa.org\/dia-internacional-de-la-sanidad-vegetal","url":"https:\/\/web.oirsa.org\/dia-internacional-de-la-sanidad-vegetal","name":"Dia Internacional de la Sanidad Vegetal - OIRSA","isPartOf":{"@id":"https:\/\/web.oirsa.org\/#website"},"primaryImageOfPage":{"@id":"https:\/\/web.oirsa.org\/dia-internacional-de-la-sanidad-vegetal#primaryimage"},"image":{"@id":"https:\/\/web.oirsa.org\/dia-internacional-de-la-sanidad-vegetal#primaryimage"},"thumbnailUrl":"https:\/\/i0.wp.com\/web.oirsa.org\/wp-content\/uploads\/2024\/05\/DISV-web-copia-2-scaled.jpg?fit=2560%2C1706&ssl=1","datePublished":"2024-05-08T22:19:15+00:00","dateModified":"2024-05-09T21:44:42+00:00","description":"Cada 12 de mayo conmemoramos el D\u00eda Internacional de la Sanidad Vegetal. Una fecha para reflexionar sobre c\u00f3mo la protecci\u00f3n a las plantas puede ayudar a reducir la pobreza, proteger el ambiente y estimular el desarrollo integral.","breadcrumb":{"@id":"https:\/\/web.oirsa.org\/dia-internacional-de-la-sanidad-vegetal#breadcrumb"},"inLanguage":"en-US","potentialAction":[{"@type":"ReadAction","target":["https:\/\/web.oirsa.org\/dia-internacional-de-la-sanidad-vegetal"]}]},{"@type":"ImageObject","inLanguage":"en-US","@id":"https:\/\/web.oirsa.org\/dia-internacional-de-la-sanidad-vegetal#primaryimage","url":"https:\/\/i0.wp.com\/web.oirsa.org\/wp-content\/uploads\/2024\/05\/DISV-web-copia-2-scaled.jpg?fit=2560%2C1706&ssl=1","contentUrl":"https:\/\/i0.wp.com\/web.oirsa.org\/wp-content\/uploads\/2024\/05\/DISV-web-copia-2-scaled.jpg?fit=2560%2C1706&ssl=1","width":2560,"height":1706},{"@type":"BreadcrumbList","@id":"https:\/\/web.oirsa.org\/dia-internacional-de-la-sanidad-vegetal#breadcrumb","itemListElement":[{"@type":"ListItem","position":1,"name":"Portada","item":"https:\/\/web.oirsa.org\/"},{"@type":"ListItem","position":2,"name":"Dia Internacional de la Sanidad Vegetal"}]},{"@type":"WebSite","@id":"https:\/\/web.oirsa.org\/#website","url":"https:\/\/web.oirsa.org\/","name":"OIRSA","description":"Organismo Internacional Regional de Sanidad Agropecuaria","publisher":{"@id":"https:\/\/web.oirsa.org\/#organization"},"potentialAction":[{"@type":"SearchAction","target":{"@type":"EntryPoint","urlTemplate":"https:\/\/web.oirsa.org\/?s={search_term_string}"},"query-input":{"@type":"PropertyValueSpecification","valueRequired":true,"valueName":"search_term_string"}}],"inLanguage":"en-US"},{"@type":"Organization","@id":"https:\/\/web.oirsa.org\/#organization","name":"OIRSA","url":"https:\/\/web.oirsa.org\/","logo":{"@type":"ImageObject","inLanguage":"en-US","@id":"https:\/\/web.oirsa.org\/#\/schema\/logo\/image\/","url":"https:\/\/web.oirsa.org\/wp-content\/uploads\/2024\/01\/cropped-LOGO-OIRSA-2023.png","contentUrl":"https:\/\/web.oirsa.org\/wp-content\/uploads\/2024\/01\/cropped-LOGO-OIRSA-2023.png","width":512,"height":512,"caption":"OIRSA"},"image":{"@id":"https:\/\/web.oirsa.org\/#\/schema\/logo\/image\/"},"sameAs":["https:\/\/www.facebook.com\/OIRSAoficial","https:\/\/x.com\/OIRSAoficial"]}]}},"jetpack_sharing_enabled":true,"_links":{"self":[{"href":"https:\/\/web.oirsa.org\/en\/wp-json\/wp\/v2\/pages\/14819","targetHints":{"allow":["GET"]}}],"collection":[{"href":"https:\/\/web.oirsa.org\/en\/wp-json\/wp\/v2\/pages"}],"about":[{"href":"https:\/\/web.oirsa.org\/en\/wp-json\/wp\/v2\/types\/page"}],"author":[{"embeddable":true,"href":"https:\/\/web.oirsa.org\/en\/wp-json\/wp\/v2\/users\/213237738"}],"replies":[{"embeddable":true,"href":"https:\/\/web.oirsa.org\/en\/wp-json\/wp\/v2\/comments?post=14819"}],"version-history":[{"count":110,"href":"https:\/\/web.oirsa.org\/en\/wp-json\/wp\/v2\/pages\/14819\/revisions"}],"predecessor-version":[{"id":14949,"href":"https:\/\/web.oirsa.org\/en\/wp-json\/wp\/v2\/pages\/14819\/revisions\/14949"}],"wp:featuredmedia":[{"embeddable":true,"href":"https:\/\/web.oirsa.org\/en\/wp-json\/wp\/v2\/media\/14852"}],"wp:attachment":[{"href":"https:\/\/web.oirsa.org\/en\/wp-json\/wp\/v2\/media?parent=14819"}],"curies":[{"name":"wp","href":"https:\/\/api.w.org\/{rel}","templated":true}]}}