{"id":14019,"date":"2024-01-17T09:42:11","date_gmt":"2024-01-17T15:42:11","guid":{"rendered":"http:\/\/web.oirsa.org\/?page_id=14019"},"modified":"2024-01-17T16:17:05","modified_gmt":"2024-01-17T22:17:05","slug":"programa-especies-forestales","status":"publish","type":"page","link":"https:\/\/web.oirsa.org\/en\/programa-especies-forestales","title":{"rendered":"Forest Species Program"},"content":{"rendered":"<div class=\"wpb-content-wrapper\"><section class=\"wpb_row vc_row-fluid\"><div class=\"container\"><div class=\"row\"><div class=\"wpb_column vc_column_container vc_col-sm-8\"><div class=\"vc_column-inner\"  ><div class=\"wpb_wrapper\">\n\t<div class=\"wpb_text_column wpb_content_element\" >\n\t\t<div class=\"wpb_wrapper\">\n\t\t\t<p>The natural forests and forest plantations in the OIRSA region have been affected over the years by various bark beetles, such as the pine bark beetle<em>Dendroctonus frontalis<\/em>), which is causing the most damage in Central America. This pest is causing significant economic, social, and ecological losses, exacerbated by the negative impacts of climate change, including high temperatures and prolonged droughts that promote forest pest proliferation.<\/p>\n<p class=\"wp-block-paragraph\">\n<p>In this regard, this regional program has helped strengthen member countries through diagnostic workshops on pine bark stripper species (seminars in Mexico and Honduras). Recent emergencies declared in Honduras, El Salvador, and Guatemala have been supported; to date, the pest is at low levels, allowing areas with pine forests to recover.<\/p>\n<p class=\"wp-block-paragraph\">\n<p>In collaboration with CONAFOR from Mexico, a diploma course on pine bark beetles was developed for technicians from OIRSA member countries. The objective of the diploma course was to transfer knowledge about the identification, biology, monitoring, control, and importance of bark beetles affecting temperate forest ecosystems in Mexico in order for participants to standardize or establish criteria for their combat.<\/p>\n<p class=\"wp-block-paragraph\">\n<p>Finally, the Subregional Action Plan for Forest Pest Management (PASMPF) was developed based on the guidelines of the Regional Strategy for Forest Health and Sanitation for Central America and the Dominican Republic 2016-2026 (ERSSF) with the support and experience of the International Regional Organization for Agricultural Health (OIRSA) as the regional international organization for Plant Health, which supports countries in the knowledge and quarantine management of exotic organisms; and with the existence of a group of regional experts whose work can be mobilized and coordinated to support the official forest health and sanitation sector. These three elements are addressed in such a way that a coherent work plan was generated to achieve the objectives of the PASMPF. During the development of the work plan, the need for updating concepts and processes in the areas of forest health and sanitation was evident, especially because during the dynamics of the Plan, the areas of plant health interacted with those of forest health and sanitation, and although they are very similar (hence the feasibility of cooperation), they have significant differences in terms of their applications and scopes.<\/p>\n<p class=\"wp-block-paragraph\">\u00a0<\/p>\n<figure class=\"wp-block-image size-full\"><img data-recalc-dims=\"1\" loading=\"lazy\" decoding=\"async\" width=\"525\" height=\"233\" class=\"wp-image-14020\" src=\"https:\/\/i0.wp.com\/web.oirsa.org\/wp-content\/uploads\/2024\/01\/image.jpeg?resize=525%2C233&#038;ssl=1\" alt=\"\" srcset=\"https:\/\/i0.wp.com\/web.oirsa.org\/wp-content\/uploads\/2024\/01\/image.jpeg?w=900&amp;ssl=1 900w, https:\/\/i0.wp.com\/web.oirsa.org\/wp-content\/uploads\/2024\/01\/image.jpeg?resize=300%2C133&amp;ssl=1 300w, https:\/\/i0.wp.com\/web.oirsa.org\/wp-content\/uploads\/2024\/01\/image.jpeg?resize=768%2C341&amp;ssl=1 768w, https:\/\/i0.wp.com\/web.oirsa.org\/wp-content\/uploads\/2024\/01\/image.jpeg?resize=18%2C8&amp;ssl=1 18w\" sizes=\"auto, (max-width: 525px) 100vw, 525px\" \/><\/figure>\n\n\t\t<\/div>\n\t<\/div>\n<\/div><\/div><\/div><div class=\"wpb_column vc_column_container vc_col-sm-4 vc_col-has-fill\"><div class=\"vc_column-inner vc_custom_1705507591415\"  ><div class=\"wpb_wrapper\"><h4 style=\"color: #000000;text-align: center;font-family:Montserrat;font-weight:400;font-style:normal\" class=\"vc_custom_heading vc_do_custom_heading\" >Technical Documents<\/h4><div class=\"vc_tta-container\" data-vc-action=\"collapseAll\"><div class=\"vc_general vc_tta vc_tta-accordion vc_tta-color-grey vc_tta-style-modern vc_tta-shape-rounded vc_tta-o-shape-group vc_tta-controls-align-default vc_tta-o-all-clickable\"><div class=\"vc_tta-panels-container\"><div class=\"vc_tta-panels\"><div class=\"vc_tta-panel\" id=\"1705507596652-f166a5db-d854\" data-vc-content=\".vc_tta-panel-body\"><div class=\"vc_tta-panel-heading\"><h4 class=\"vc_tta-panel-title vc_tta-controls-icon-position-left\"><a href=\"#1705507596652-f166a5db-d854\" data-vc-accordion data-vc-container=\".vc_tta-container\"><span class=\"vc_tta-title-text\">Gu\u00eda Ilustrada sobre el estado y salud de los arboles<\/span><i class=\"vc_tta-controls-icon vc_tta-controls-icon-triangle\"><\/i><\/a><\/h4><\/div><div class=\"vc_tta-panel-body\">\n\t<div class=\"wpb_text_column wpb_content_element\" >\n\t\t<div class=\"wpb_wrapper\">\n\t\t\t<p><a href=\"https:\/\/web.oirsa.org\/wp-content\/uploads\/2024\/01\/Guia-Ilustrada-sobre-el-estado-y-salud-de-los-arboles.pdf\" target=\"_blank\" rel=\"noopener\">Gu\u00eda Ilustrada sobre el estado y salud de los arboles<\/a><\/p>\n<p>&nbsp;<\/p>\n\n\t\t<\/div>\n\t<\/div>\n<\/div><\/div><\/div><\/div><\/div><\/div><\/div><\/div><\/div><\/div><\/div><\/section><\/div>","protected":false},"excerpt":{"rendered":"Los bosques naturales y plantaciones forestales de la regi\u00f3n del OIRSA han sido afectados a trav\u00e9s de los a\u00f1os por [...]","protected":false},"author":213237736,"featured_media":0,"parent":0,"menu_order":0,"comment_status":"closed","ping_status":"closed","template":"page-templates\/template-canvas.php","meta":{"_coblocks_attr":"","_coblocks_dimensions":"","_coblocks_responsive_height":"","_coblocks_accordion_ie_support":"","_crdt_document":"","footnotes":""},"class_list":["post-14019","page","type-page","status-publish","hentry"],"yoast_head":"<!-- This site is optimized with the Yoast SEO plugin v27.2 - https:\/\/yoast.com\/product\/yoast-seo-wordpress\/ -->\n<title>Programa Especies Forestales - OIRSA<\/title>\n<meta name=\"robots\" content=\"index, follow, max-snippet:-1, max-image-preview:large, max-video-preview:-1\" \/>\n<link rel=\"canonical\" href=\"https:\/\/web.oirsa.org\/en\/programa-especies-forestales\/\" \/>\n<meta property=\"og:locale\" content=\"en_US\" \/>\n<meta property=\"og:type\" content=\"article\" \/>\n<meta property=\"og:title\" content=\"Programa Especies Forestales - OIRSA\" \/>\n<meta property=\"og:url\" content=\"https:\/\/web.oirsa.org\/en\/programa-especies-forestales\/\" \/>\n<meta property=\"og:site_name\" content=\"OIRSA\" \/>\n<meta property=\"article:publisher\" content=\"https:\/\/www.facebook.com\/OIRSAoficial\" \/>\n<meta property=\"article:modified_time\" content=\"2024-01-17T22:17:05+00:00\" \/>\n<meta property=\"og:image\" content=\"https:\/\/web.oirsa.org\/wp-content\/uploads\/2024\/01\/image.jpeg\" \/>\n<meta name=\"twitter:card\" content=\"summary_large_image\" \/>\n<meta name=\"twitter:site\" content=\"@OIRSAoficial\" \/>\n<meta name=\"twitter:label1\" content=\"Est. reading time\" \/>\n\t<meta name=\"twitter:data1\" content=\"3 minutes\" \/>\n<script type=\"application\/ld+json\" class=\"yoast-schema-graph\">{\"@context\":\"https:\/\/schema.org\",\"@graph\":[{\"@type\":\"WebPage\",\"@id\":\"https:\/\/web.oirsa.org\/programa-especies-forestales\",\"url\":\"https:\/\/web.oirsa.org\/programa-especies-forestales\",\"name\":\"Programa Especies Forestales - OIRSA\",\"isPartOf\":{\"@id\":\"https:\/\/web.oirsa.org\/#website\"},\"primaryImageOfPage\":{\"@id\":\"https:\/\/web.oirsa.org\/programa-especies-forestales#primaryimage\"},\"image\":{\"@id\":\"https:\/\/web.oirsa.org\/programa-especies-forestales#primaryimage\"},\"thumbnailUrl\":\"https:\/\/web.oirsa.org\/wp-content\/uploads\/2024\/01\/image.jpeg\",\"datePublished\":\"2024-01-17T15:42:11+00:00\",\"dateModified\":\"2024-01-17T22:17:05+00:00\",\"breadcrumb\":{\"@id\":\"https:\/\/web.oirsa.org\/programa-especies-forestales#breadcrumb\"},\"inLanguage\":\"en-US\",\"potentialAction\":[{\"@type\":\"ReadAction\",\"target\":[\"https:\/\/web.oirsa.org\/programa-especies-forestales\"]}]},{\"@type\":\"ImageObject\",\"inLanguage\":\"en-US\",\"@id\":\"https:\/\/web.oirsa.org\/programa-especies-forestales#primaryimage\",\"url\":\"https:\/\/web.oirsa.org\/wp-content\/uploads\/2024\/01\/image.jpeg\",\"contentUrl\":\"https:\/\/web.oirsa.org\/wp-content\/uploads\/2024\/01\/image.jpeg\"},{\"@type\":\"BreadcrumbList\",\"@id\":\"https:\/\/web.oirsa.org\/programa-especies-forestales#breadcrumb\",\"itemListElement\":[{\"@type\":\"ListItem\",\"position\":1,\"name\":\"Portada\",\"item\":\"https:\/\/web.oirsa.org\/\"},{\"@type\":\"ListItem\",\"position\":2,\"name\":\"Programa Especies Forestales\"}]},{\"@type\":\"WebSite\",\"@id\":\"https:\/\/web.oirsa.org\/#website\",\"url\":\"https:\/\/web.oirsa.org\/\",\"name\":\"OIRSA\",\"description\":\"Organismo Internacional Regional de Sanidad Agropecuaria\",\"publisher\":{\"@id\":\"https:\/\/web.oirsa.org\/#organization\"},\"potentialAction\":[{\"@type\":\"SearchAction\",\"target\":{\"@type\":\"EntryPoint\",\"urlTemplate\":\"https:\/\/web.oirsa.org\/?s={search_term_string}\"},\"query-input\":{\"@type\":\"PropertyValueSpecification\",\"valueRequired\":true,\"valueName\":\"search_term_string\"}}],\"inLanguage\":\"en-US\"},{\"@type\":\"Organization\",\"@id\":\"https:\/\/web.oirsa.org\/#organization\",\"name\":\"OIRSA\",\"url\":\"https:\/\/web.oirsa.org\/\",\"logo\":{\"@type\":\"ImageObject\",\"inLanguage\":\"en-US\",\"@id\":\"https:\/\/web.oirsa.org\/#\/schema\/logo\/image\/\",\"url\":\"https:\/\/web.oirsa.org\/wp-content\/uploads\/2024\/01\/cropped-LOGO-OIRSA-2023.png\",\"contentUrl\":\"https:\/\/web.oirsa.org\/wp-content\/uploads\/2024\/01\/cropped-LOGO-OIRSA-2023.png\",\"width\":512,\"height\":512,\"caption\":\"OIRSA\"},\"image\":{\"@id\":\"https:\/\/web.oirsa.org\/#\/schema\/logo\/image\/\"},\"sameAs\":[\"https:\/\/www.facebook.com\/OIRSAoficial\",\"https:\/\/x.com\/OIRSAoficial\"]}]}<\/script>\n<!-- \/ Yoast SEO plugin. -->","yoast_head_json":{"title":"Programa Especies Forestales - OIRSA","robots":{"index":"index","follow":"follow","max-snippet":"max-snippet:-1","max-image-preview":"max-image-preview:large","max-video-preview":"max-video-preview:-1"},"canonical":"https:\/\/web.oirsa.org\/en\/programa-especies-forestales\/","og_locale":"en_US","og_type":"article","og_title":"Programa Especies Forestales - OIRSA","og_url":"https:\/\/web.oirsa.org\/en\/programa-especies-forestales\/","og_site_name":"OIRSA","article_publisher":"https:\/\/www.facebook.com\/OIRSAoficial","article_modified_time":"2024-01-17T22:17:05+00:00","og_image":[{"url":"https:\/\/web.oirsa.org\/wp-content\/uploads\/2024\/01\/image.jpeg","type":"","width":"","height":""}],"twitter_card":"summary_large_image","twitter_site":"@OIRSAoficial","twitter_misc":{"Est. reading time":"3 minutes"},"schema":{"@context":"https:\/\/schema.org","@graph":[{"@type":"WebPage","@id":"https:\/\/web.oirsa.org\/programa-especies-forestales","url":"https:\/\/web.oirsa.org\/programa-especies-forestales","name":"Programa Especies Forestales - OIRSA","isPartOf":{"@id":"https:\/\/web.oirsa.org\/#website"},"primaryImageOfPage":{"@id":"https:\/\/web.oirsa.org\/programa-especies-forestales#primaryimage"},"image":{"@id":"https:\/\/web.oirsa.org\/programa-especies-forestales#primaryimage"},"thumbnailUrl":"https:\/\/web.oirsa.org\/wp-content\/uploads\/2024\/01\/image.jpeg","datePublished":"2024-01-17T15:42:11+00:00","dateModified":"2024-01-17T22:17:05+00:00","breadcrumb":{"@id":"https:\/\/web.oirsa.org\/programa-especies-forestales#breadcrumb"},"inLanguage":"en-US","potentialAction":[{"@type":"ReadAction","target":["https:\/\/web.oirsa.org\/programa-especies-forestales"]}]},{"@type":"ImageObject","inLanguage":"en-US","@id":"https:\/\/web.oirsa.org\/programa-especies-forestales#primaryimage","url":"https:\/\/web.oirsa.org\/wp-content\/uploads\/2024\/01\/image.jpeg","contentUrl":"https:\/\/web.oirsa.org\/wp-content\/uploads\/2024\/01\/image.jpeg"},{"@type":"BreadcrumbList","@id":"https:\/\/web.oirsa.org\/programa-especies-forestales#breadcrumb","itemListElement":[{"@type":"ListItem","position":1,"name":"Portada","item":"https:\/\/web.oirsa.org\/"},{"@type":"ListItem","position":2,"name":"Programa Especies Forestales"}]},{"@type":"WebSite","@id":"https:\/\/web.oirsa.org\/#website","url":"https:\/\/web.oirsa.org\/","name":"OIRSA","description":"Organismo Internacional Regional de Sanidad Agropecuaria","publisher":{"@id":"https:\/\/web.oirsa.org\/#organization"},"potentialAction":[{"@type":"SearchAction","target":{"@type":"EntryPoint","urlTemplate":"https:\/\/web.oirsa.org\/?s={search_term_string}"},"query-input":{"@type":"PropertyValueSpecification","valueRequired":true,"valueName":"search_term_string"}}],"inLanguage":"en-US"},{"@type":"Organization","@id":"https:\/\/web.oirsa.org\/#organization","name":"OIRSA","url":"https:\/\/web.oirsa.org\/","logo":{"@type":"ImageObject","inLanguage":"en-US","@id":"https:\/\/web.oirsa.org\/#\/schema\/logo\/image\/","url":"https:\/\/web.oirsa.org\/wp-content\/uploads\/2024\/01\/cropped-LOGO-OIRSA-2023.png","contentUrl":"https:\/\/web.oirsa.org\/wp-content\/uploads\/2024\/01\/cropped-LOGO-OIRSA-2023.png","width":512,"height":512,"caption":"OIRSA"},"image":{"@id":"https:\/\/web.oirsa.org\/#\/schema\/logo\/image\/"},"sameAs":["https:\/\/www.facebook.com\/OIRSAoficial","https:\/\/x.com\/OIRSAoficial"]}]}},"jetpack_sharing_enabled":true,"_links":{"self":[{"href":"https:\/\/web.oirsa.org\/en\/wp-json\/wp\/v2\/pages\/14019","targetHints":{"allow":["GET"]}}],"collection":[{"href":"https:\/\/web.oirsa.org\/en\/wp-json\/wp\/v2\/pages"}],"about":[{"href":"https:\/\/web.oirsa.org\/en\/wp-json\/wp\/v2\/types\/page"}],"author":[{"embeddable":true,"href":"https:\/\/web.oirsa.org\/en\/wp-json\/wp\/v2\/users\/213237736"}],"replies":[{"embeddable":true,"href":"https:\/\/web.oirsa.org\/en\/wp-json\/wp\/v2\/comments?post=14019"}],"version-history":[{"count":16,"href":"https:\/\/web.oirsa.org\/en\/wp-json\/wp\/v2\/pages\/14019\/revisions"}],"predecessor-version":[{"id":14182,"href":"https:\/\/web.oirsa.org\/en\/wp-json\/wp\/v2\/pages\/14019\/revisions\/14182"}],"wp:attachment":[{"href":"https:\/\/web.oirsa.org\/en\/wp-json\/wp\/v2\/media?parent=14019"}],"curies":[{"name":"wp","href":"https:\/\/api.w.org\/{rel}","templated":true}]}}