{"id":12832,"date":"2023-10-16T11:14:56","date_gmt":"2023-10-16T17:14:56","guid":{"rendered":"http:\/\/10.103.20.84\/?p=12832"},"modified":"2025-03-14T11:01:43","modified_gmt":"2025-03-14T17:01:43","slug":"servicio-de-proteccion-agropecuaria-sepa-2","status":"publish","type":"page","link":"https:\/\/web.oirsa.org\/en\/servicio-de-proteccion-agropecuaria-sepa-2","title":{"rendered":"SEPA"},"content":{"rendered":"<div class=\"wpb-content-wrapper\"><section class=\"wpb_row vc_row-fluid\"><div class=\"container\"><div class=\"row\"><div class=\"wpb_column vc_column_container vc_col-sm-8\"><div class=\"vc_column-inner \"  ><div class=\"wpb_wrapper\">\n\t<div class=\"wpb_text_column wpb_content_element\" >\n\t\t<div class=\"wpb_wrapper\">\n\t\t\t<h2 class=\"wp-block-heading has-text-align-center has-text-color has-link-color\" style=\"color: #002166; text-align: left;\">Servicio de Protecci\u00f3n Agropecuaria (SEPA)<\/h2>\n<p style=\"font-size: 14px; text-align: left;\"><span style=\"font-size: 14px;\">El Ministerio de Agricultura, Ganader\u00eda y Alimentaci\u00f3n (MAGA), de Guatemala, deleg\u00f3 al OIRSA la administraci\u00f3n de los Servicios de Cuarentena Vegetal y Animal, en septiembre de 1998, mediante el convenio 263-98.<\/span><\/p>\n<p style=\"font-size: 14px; text-align: left;\"><span style=\"font-size: 14px;\">El prop\u00f3sito fue que el Servicio de Protecci\u00f3n Agropecuaria (SEPA), se fortaleciera con personal profesional capacitado, aumentando la eficiencia en atenci\u00f3n a los usuarios y resguardando la sanidad agropecuaria guatemalteca.<\/span><\/p>\n<p style=\"font-size: 14px; text-align: left;\"><span style=\"font-size: 14px;\">Por su parte, la Secretar\u00eda de Agricultura y Ganader\u00eda (SAG), de Honduras, deleg\u00f3 tambi\u00e9n al OIRSA, en el a\u00f1o 2000, la administraci\u00f3n de los Servicios de Cuarentena Vegetal y Animal. Para mayor referencia al respecto se puede consultar el acuerdo N\u00ba <a href=\"https:\/\/web.oirsa.org\/wp-content\/uploads\/2024\/11\/060-2023-SEPA.pdf\">060-2023<\/a>.<\/span><\/p>\n<p style=\"font-size: 14px; text-align: left;\"><span style=\"font-size: 14px;\">En estos dos pa\u00edses, el SEPA es el encargado de realizar la secci\u00f3n operativa y t\u00e9cnica de los procedimientos de la Cuarentena Agropecuaria del MAGA y la SAG, respectivamente.<\/span><\/p>\n<p style=\"font-size: 14px; text-align: left;\"><span style=\"font-size: 14px;\">El SEPA se encuentra en todos los puestos fronterizos de Guatemala y Honduras que brindan los servicios a las importaciones y exportaciones de las diversas mercader\u00edas, haciendo valer las Medidas Sanitarias y Fitosanitarias.<\/span><\/p>\n<p style=\"font-size: 14px; text-align: left;\"><span style=\"font-size: 16px;\"><span style=\"font-size: 14px;\">Los inspectores del SEPA se capacitan continuamente para fortalecer las aptitudes de respuesta a las exigencias que el comercio regional e internacional demanda<\/span>.<\/span><\/p>\n\n\t\t<\/div>\n\t<\/div>\n<h3 style=\"color: #002166;text-align: center;font-family:Montserrat;font-weight:400;font-style:normal\" class=\"vc_custom_heading vc_do_custom_heading\" >Actividades del SEPA<\/h3><div class=\"vc_empty_space\"   style=\"height: 35px\"><span class=\"vc_empty_space_inner\"><\/span><\/div><div class=\"vc_row wpb_row vc_inner vc_row-fluid\"><div class=\"wpb_column vc_column_container vc_col-sm-6\"><div class=\"vc_column-inner\"><div class=\"wpb_wrapper\">\n\t<div class=\"wpb_text_column wpb_content_element\" >\n\t\t<div class=\"wpb_wrapper\">\n\t\t\t<ol>\n<li><span style=\"color: #002166;\"><strong>Inspecciones a\u00e9reas<\/strong><\/span>: los oficiales de cuarentena realizan la inspecci\u00f3n a las aeronaves comerciales, privadas y cargueras, as\u00ed como a la carga que transportan, y el equipaje de pasajeros, para evitar el ingreso de productos agropecuarios que puedan contener plagas o enfermedades asociadas a estas v\u00edas de riesgo. Dichas inspecciones se realizan por m\u00e9todos intrusivos y no intrusivos.<\/li>\n<li style=\"list-style-type: none;\"><\/li>\n<\/ol>\n<p style=\"padding-left: 40px;\"><strong><span style=\"color: #002166;\">Inspecciones No intrusivas<\/span><\/strong><\/p>\n<ul>\n<li style=\"list-style-type: none;\">\n<ul>\n<li style=\"list-style-type: none;\">\n<ul>\n<li>Unidad Canina<\/li>\n<li>Rayos-X<\/li>\n<\/ul>\n<\/li>\n<\/ul>\n<\/li>\n<\/ul>\n<p style=\"padding-left: 40px;\"><strong><span style=\"color: #002166;\">Inspecciones Intrusivas<\/span><\/strong><\/p>\n\n\t\t<\/div>\n\t<\/div>\n<div class=\"vc_separator wpb_content_element vc_separator_align_center vc_sep_width_100 vc_sep_pos_align_center vc_separator_no_text wpb_content_element  wpb_content_element\" ><span class=\"vc_sep_holder vc_sep_holder_l\"><span class=\"vc_sep_line\"><\/span><\/span><span class=\"vc_sep_holder vc_sep_holder_r\"><span class=\"vc_sep_line\"><\/span><\/span>\n<\/div>\n\t<div class=\"wpb_text_column wpb_content_element\" >\n\t\t<div class=\"wpb_wrapper\">\n\t\t\t<ol start=\"2\">\n<li><span style=\"color: #002166;\"><strong>Inspecciones Terrestres<\/strong><\/span>: Los oficiales de cuarentena realizan la inspecci\u00f3n a los medios de trasporte que ingresan por v\u00eda terrestre, como contenedores, camiones y veh\u00edculos de turismo, que transportan productos de origen agropecuario, con el fin de identificar v\u00edas de riesgos de ingreso de plagas y enfermedades, asociadas a estos medios de trasporte o productos.<\/li>\n<\/ol>\n\n\t\t<\/div>\n\t<\/div>\n<div class=\"vc_separator wpb_content_element vc_separator_align_center vc_sep_width_100 vc_sep_pos_align_center vc_separator_no_text vc_sep_color_grey wpb_content_element  wpb_content_element\" ><span class=\"vc_sep_holder vc_sep_holder_l\"><span class=\"vc_sep_line\"><\/span><\/span><span class=\"vc_sep_holder vc_sep_holder_r\"><span class=\"vc_sep_line\"><\/span><\/span>\n<\/div>\n\t<div class=\"wpb_text_column wpb_content_element\" >\n\t\t<div class=\"wpb_wrapper\">\n\t\t\t<ol start=\"3\">\n<li><span style=\"color: #002166;\"><strong>Inspecciones Mar\u00edtimas<\/strong><\/span>: Los oficiales de cuarentena realizan inspecciones a los medios de transporte mar\u00edtimo: buques, cargueros, cruceros, yates de recreo, pesqueros, etc., con el objetivo de identificar el ingreso de v\u00edas de riesgo que pudieran ser trasportadas como carga. As\u00ed mismo, inspeccionan el \u00e1rea de cocina y alacena del medio de transporte, para evitar el desembarco de productos agropecuarios regulados.<\/li>\n<\/ol>\n\n\t\t<\/div>\n\t<\/div>\n<div class=\"vc_separator wpb_content_element vc_separator_align_center vc_sep_width_100 vc_sep_pos_align_center vc_separator_no_text vc_sep_color_grey wpb_content_element  wpb_content_element\" ><span class=\"vc_sep_holder vc_sep_holder_l\"><span class=\"vc_sep_line\"><\/span><\/span><span class=\"vc_sep_holder vc_sep_holder_r\"><span class=\"vc_sep_line\"><\/span><\/span>\n<\/div>\n\t<div class=\"wpb_text_column wpb_content_element\" >\n\t\t<div class=\"wpb_wrapper\">\n\t\t\t<ol start=\"4\">\n<li><span style=\"color: #002166;\"><strong>Certificaci\u00f3n ISO-9001<\/strong><\/span>: Norma en gesti\u00f3n de la calidad: Los pa\u00edses que cuentan con el Servicio de Protecci\u00f3n Agropecuaria- SEPA-, han buscado certificarse en la Norma de la Gesti\u00f3n de la Calidad, ISO-9001, con el fin de garantizar la satisfacci\u00f3n del usuario, en la ejecuci\u00f3n de procedimientos eficaces y claros.<\/li>\n<\/ol>\n\n\t\t<\/div>\n\t<\/div>\n<\/div><\/div><\/div><div class=\"wpb_column vc_column_container vc_col-sm-6\"><div class=\"vc_column-inner\"><div class=\"wpb_wrapper\">\n\t<div  class=\"wpb_single_image wpb_content_element vc_align_center wpb_content_element\">\n\t\t\n\t\t<figure class=\"wpb_wrapper vc_figure\">\n\t\t\t<a class=\"\" data-lightbox=\"lightbox[rel-12832-2628351907]\" href=\"https:\/\/i0.wp.com\/web.oirsa.org\/wp-content\/uploads\/2023\/11\/Refuerzan-vigilancia-por-PPA-en-Guatemala-3.jpeg?fit=525%2C311&#038;ssl=1\" target=\"_self\" class=\"vc_single_image-wrapper   vc_box_border_grey\"><img loading=\"lazy\" decoding=\"async\" width=\"525\" height=\"311\" src=\"https:\/\/i0.wp.com\/web.oirsa.org\/wp-content\/uploads\/2023\/11\/Refuerzan-vigilancia-por-PPA-en-Guatemala-3.jpeg?fit=525%2C311&amp;ssl=1\" class=\"vc_single_image-img attachment-large\" alt=\"\" title=\"Refuerzan vigilancia por PPA en Guatemala 3\" srcset=\"https:\/\/i0.wp.com\/web.oirsa.org\/wp-content\/uploads\/2023\/11\/Refuerzan-vigilancia-por-PPA-en-Guatemala-3.jpeg?w=2358&amp;ssl=1 2358w, https:\/\/i0.wp.com\/web.oirsa.org\/wp-content\/uploads\/2023\/11\/Refuerzan-vigilancia-por-PPA-en-Guatemala-3.jpeg?resize=300%2C178&amp;ssl=1 300w, https:\/\/i0.wp.com\/web.oirsa.org\/wp-content\/uploads\/2023\/11\/Refuerzan-vigilancia-por-PPA-en-Guatemala-3.jpeg?resize=1024%2C607&amp;ssl=1 1024w, https:\/\/i0.wp.com\/web.oirsa.org\/wp-content\/uploads\/2023\/11\/Refuerzan-vigilancia-por-PPA-en-Guatemala-3.jpeg?resize=768%2C455&amp;ssl=1 768w, https:\/\/i0.wp.com\/web.oirsa.org\/wp-content\/uploads\/2023\/11\/Refuerzan-vigilancia-por-PPA-en-Guatemala-3.jpeg?resize=1536%2C910&amp;ssl=1 1536w, https:\/\/i0.wp.com\/web.oirsa.org\/wp-content\/uploads\/2023\/11\/Refuerzan-vigilancia-por-PPA-en-Guatemala-3.jpeg?resize=2048%2C1213&amp;ssl=1 2048w, https:\/\/i0.wp.com\/web.oirsa.org\/wp-content\/uploads\/2023\/11\/Refuerzan-vigilancia-por-PPA-en-Guatemala-3.jpeg?resize=18%2C12&amp;ssl=1 18w\" sizes=\"auto, (max-width: 525px) 100vw, 525px\" \/><\/a>\n\t\t<\/figure>\n\t<\/div>\n<div class=\"vc_empty_space\"   style=\"height: 130px\"><span class=\"vc_empty_space_inner\"><\/span><\/div>\n\t<div  class=\"wpb_single_image wpb_content_element vc_align_center wpb_content_element\">\n\t\t\n\t\t<figure class=\"wpb_wrapper vc_figure\">\n\t\t\t<a class=\"\" data-lightbox=\"lightbox[rel-12832-3757543218]\" href=\"https:\/\/i0.wp.com\/web.oirsa.org\/wp-content\/uploads\/2023\/11\/IMG-20150728-WA0015.jpg?fit=525%2C295&#038;ssl=1\" target=\"_self\" class=\"vc_single_image-wrapper   vc_box_border_grey\"><img loading=\"lazy\" decoding=\"async\" width=\"525\" height=\"295\" src=\"https:\/\/i0.wp.com\/web.oirsa.org\/wp-content\/uploads\/2023\/11\/IMG-20150728-WA0015.jpg?fit=525%2C295&amp;ssl=1\" class=\"vc_single_image-img attachment-large\" alt=\"\" title=\"IMG-20150728-WA0015\" srcset=\"https:\/\/i0.wp.com\/web.oirsa.org\/wp-content\/uploads\/2023\/11\/IMG-20150728-WA0015.jpg?w=1280&amp;ssl=1 1280w, https:\/\/i0.wp.com\/web.oirsa.org\/wp-content\/uploads\/2023\/11\/IMG-20150728-WA0015.jpg?resize=300%2C169&amp;ssl=1 300w, https:\/\/i0.wp.com\/web.oirsa.org\/wp-content\/uploads\/2023\/11\/IMG-20150728-WA0015.jpg?resize=1024%2C576&amp;ssl=1 1024w, https:\/\/i0.wp.com\/web.oirsa.org\/wp-content\/uploads\/2023\/11\/IMG-20150728-WA0015.jpg?resize=768%2C432&amp;ssl=1 768w, https:\/\/i0.wp.com\/web.oirsa.org\/wp-content\/uploads\/2023\/11\/IMG-20150728-WA0015.jpg?resize=18%2C10&amp;ssl=1 18w\" sizes=\"auto, (max-width: 525px) 100vw, 525px\" \/><\/a>\n\t\t<\/figure>\n\t<\/div>\n<div class=\"vc_empty_space\"   style=\"height: 25px\"><span class=\"vc_empty_space_inner\"><\/span><\/div>\n\t<div  class=\"wpb_single_image wpb_content_element vc_align_center wpb_content_element\">\n\t\t\n\t\t<figure class=\"wpb_wrapper vc_figure\">\n\t\t\t<a class=\"\" data-lightbox=\"lightbox[rel-12832-2791436064]\" href=\"https:\/\/i0.wp.com\/web.oirsa.org\/wp-content\/uploads\/2023\/11\/IMG_20150712_130534-scaled.jpg?fit=525%2C295&#038;ssl=1\" target=\"_self\" class=\"vc_single_image-wrapper   vc_box_border_grey\"><img loading=\"lazy\" decoding=\"async\" width=\"525\" height=\"295\" src=\"https:\/\/i0.wp.com\/web.oirsa.org\/wp-content\/uploads\/2023\/11\/IMG_20150712_130534-scaled.jpg?fit=525%2C295&amp;ssl=1\" class=\"vc_single_image-img attachment-large\" alt=\"\" title=\"IMG_20150712_130534\" srcset=\"https:\/\/i0.wp.com\/web.oirsa.org\/wp-content\/uploads\/2023\/11\/IMG_20150712_130534-scaled.jpg?w=2560&amp;ssl=1 2560w, https:\/\/i0.wp.com\/web.oirsa.org\/wp-content\/uploads\/2023\/11\/IMG_20150712_130534-scaled.jpg?resize=300%2C169&amp;ssl=1 300w, https:\/\/i0.wp.com\/web.oirsa.org\/wp-content\/uploads\/2023\/11\/IMG_20150712_130534-scaled.jpg?resize=1024%2C576&amp;ssl=1 1024w, https:\/\/i0.wp.com\/web.oirsa.org\/wp-content\/uploads\/2023\/11\/IMG_20150712_130534-scaled.jpg?resize=768%2C432&amp;ssl=1 768w, https:\/\/i0.wp.com\/web.oirsa.org\/wp-content\/uploads\/2023\/11\/IMG_20150712_130534-scaled.jpg?resize=1536%2C864&amp;ssl=1 1536w, https:\/\/i0.wp.com\/web.oirsa.org\/wp-content\/uploads\/2023\/11\/IMG_20150712_130534-scaled.jpg?resize=2048%2C1152&amp;ssl=1 2048w, https:\/\/i0.wp.com\/web.oirsa.org\/wp-content\/uploads\/2023\/11\/IMG_20150712_130534-scaled.jpg?resize=18%2C10&amp;ssl=1 18w\" sizes=\"auto, (max-width: 525px) 100vw, 525px\" \/><\/a>\n\t\t<\/figure>\n\t<\/div>\n<div class=\"vc_empty_space\"   style=\"height: 32px\"><span class=\"vc_empty_space_inner\"><\/span><\/div>\n\t<div  class=\"wpb_single_image wpb_content_element vc_align_center wpb_content_element\">\n\t\t\n\t\t<figure class=\"wpb_wrapper vc_figure\">\n\t\t\t<a class=\"\" data-lightbox=\"lightbox[rel-12832-453172049]\" href=\"https:\/\/i0.wp.com\/web.oirsa.org\/wp-content\/uploads\/2023\/11\/ISO-Honduras-fondo-de-pantalla.jpg?fit=525%2C295&#038;ssl=1\" target=\"_self\" class=\"vc_single_image-wrapper   vc_box_border_grey\"><img loading=\"lazy\" decoding=\"async\" width=\"525\" height=\"295\" src=\"https:\/\/i0.wp.com\/web.oirsa.org\/wp-content\/uploads\/2023\/11\/ISO-Honduras-fondo-de-pantalla.jpg?fit=525%2C295&amp;ssl=1\" class=\"vc_single_image-img attachment-large\" alt=\"\" title=\"ISO Honduras fondo de pantalla\" srcset=\"https:\/\/i0.wp.com\/web.oirsa.org\/wp-content\/uploads\/2023\/11\/ISO-Honduras-fondo-de-pantalla.jpg?w=1920&amp;ssl=1 1920w, https:\/\/i0.wp.com\/web.oirsa.org\/wp-content\/uploads\/2023\/11\/ISO-Honduras-fondo-de-pantalla.jpg?resize=300%2C169&amp;ssl=1 300w, https:\/\/i0.wp.com\/web.oirsa.org\/wp-content\/uploads\/2023\/11\/ISO-Honduras-fondo-de-pantalla.jpg?resize=1024%2C576&amp;ssl=1 1024w, https:\/\/i0.wp.com\/web.oirsa.org\/wp-content\/uploads\/2023\/11\/ISO-Honduras-fondo-de-pantalla.jpg?resize=768%2C432&amp;ssl=1 768w, https:\/\/i0.wp.com\/web.oirsa.org\/wp-content\/uploads\/2023\/11\/ISO-Honduras-fondo-de-pantalla.jpg?resize=1536%2C864&amp;ssl=1 1536w, https:\/\/i0.wp.com\/web.oirsa.org\/wp-content\/uploads\/2023\/11\/ISO-Honduras-fondo-de-pantalla.jpg?resize=18%2C10&amp;ssl=1 18w\" sizes=\"auto, (max-width: 525px) 100vw, 525px\" \/><\/a>\n\t\t<\/figure>\n\t<\/div>\n<\/div><\/div><\/div><div class=\"wpb_column vc_column_container vc_col-sm-12\"><div class=\"vc_column-inner\"><div class=\"wpb_wrapper\"><\/div><\/div><\/div><div class=\"wpb_column vc_column_container vc_col-sm-12\"><div class=\"vc_column-inner\"><div class=\"wpb_wrapper\"><\/div><\/div><\/div><\/div><\/div><\/div><\/div><div class=\"wpb_column vc_column_container vc_col-sm-4\"><div class=\"vc_column-inner \"  ><div class=\"wpb_wrapper\"><div class=\"vc_empty_space\"   style=\"height: 120px\"><span class=\"vc_empty_space_inner\"><\/span><\/div>\n\t<div  class=\"wpb_single_image wpb_content_element vc_align_right wpb_content_element\">\n\t\t\n\t\t<figure class=\"wpb_wrapper vc_figure\">\n\t\t\t<a class=\"\" data-lightbox=\"lightbox[rel-12832-3184368116]\" href=\"https:\/\/i0.wp.com\/web.oirsa.org\/wp-content\/uploads\/2023\/11\/Refuerzan-vigilancia-por-PPA-en-Guatemala-2.jpeg?fit=525%2C326&#038;ssl=1\" target=\"_self\" class=\"vc_single_image-wrapper   vc_box_border_grey\"><img loading=\"lazy\" decoding=\"async\" width=\"525\" height=\"326\" src=\"https:\/\/i0.wp.com\/web.oirsa.org\/wp-content\/uploads\/2023\/11\/Refuerzan-vigilancia-por-PPA-en-Guatemala-2.jpeg?fit=525%2C326&amp;ssl=1\" class=\"vc_single_image-img attachment-large\" alt=\"\" title=\"Refuerzan vigilancia por PPA en Guatemala 2\" srcset=\"https:\/\/i0.wp.com\/web.oirsa.org\/wp-content\/uploads\/2023\/11\/Refuerzan-vigilancia-por-PPA-en-Guatemala-2.jpeg?w=2353&amp;ssl=1 2353w, https:\/\/i0.wp.com\/web.oirsa.org\/wp-content\/uploads\/2023\/11\/Refuerzan-vigilancia-por-PPA-en-Guatemala-2.jpeg?resize=300%2C186&amp;ssl=1 300w, https:\/\/i0.wp.com\/web.oirsa.org\/wp-content\/uploads\/2023\/11\/Refuerzan-vigilancia-por-PPA-en-Guatemala-2.jpeg?resize=1024%2C635&amp;ssl=1 1024w, https:\/\/i0.wp.com\/web.oirsa.org\/wp-content\/uploads\/2023\/11\/Refuerzan-vigilancia-por-PPA-en-Guatemala-2.jpeg?resize=768%2C476&amp;ssl=1 768w, https:\/\/i0.wp.com\/web.oirsa.org\/wp-content\/uploads\/2023\/11\/Refuerzan-vigilancia-por-PPA-en-Guatemala-2.jpeg?resize=1536%2C952&amp;ssl=1 1536w, https:\/\/i0.wp.com\/web.oirsa.org\/wp-content\/uploads\/2023\/11\/Refuerzan-vigilancia-por-PPA-en-Guatemala-2.jpeg?resize=2048%2C1270&amp;ssl=1 2048w, https:\/\/i0.wp.com\/web.oirsa.org\/wp-content\/uploads\/2023\/11\/Refuerzan-vigilancia-por-PPA-en-Guatemala-2.jpeg?resize=18%2C12&amp;ssl=1 18w\" sizes=\"auto, (max-width: 525px) 100vw, 525px\" \/><\/a>\n\t\t<\/figure>\n\t<\/div>\n\n\t<div  class=\"wpb_single_image wpb_content_element vc_align_center wpb_content_element\">\n\t\t<h2 class=\"wpb_heading wpb_singleimage_heading\">Mapa puestos SEPA<\/h2>\n\t\t<figure class=\"wpb_wrapper vc_figure\">\n\t\t\t<a class=\"\" data-lightbox=\"lightbox[rel-12832-72431625]\" href=\"https:\/\/i0.wp.com\/web.oirsa.org\/wp-content\/uploads\/2023\/12\/MAPA-SEPA.jpg?fit=525%2C391&#038;ssl=1\" target=\"_self\" class=\"vc_single_image-wrapper   vc_box_border_grey\"><img loading=\"lazy\" decoding=\"async\" width=\"525\" height=\"391\" src=\"https:\/\/i0.wp.com\/web.oirsa.org\/wp-content\/uploads\/2023\/12\/MAPA-SEPA.jpg?fit=525%2C391&amp;ssl=1\" class=\"vc_single_image-img attachment-large\" alt=\"\" title=\"MAPA SEPA\" srcset=\"https:\/\/i0.wp.com\/web.oirsa.org\/wp-content\/uploads\/2023\/12\/MAPA-SEPA.jpg?w=1424&amp;ssl=1 1424w, https:\/\/i0.wp.com\/web.oirsa.org\/wp-content\/uploads\/2023\/12\/MAPA-SEPA.jpg?resize=300%2C223&amp;ssl=1 300w, https:\/\/i0.wp.com\/web.oirsa.org\/wp-content\/uploads\/2023\/12\/MAPA-SEPA.jpg?resize=1024%2C762&amp;ssl=1 1024w, https:\/\/i0.wp.com\/web.oirsa.org\/wp-content\/uploads\/2023\/12\/MAPA-SEPA.jpg?resize=768%2C572&amp;ssl=1 768w, https:\/\/i0.wp.com\/web.oirsa.org\/wp-content\/uploads\/2023\/12\/MAPA-SEPA.jpg?resize=16%2C12&amp;ssl=1 16w\" sizes=\"auto, (max-width: 525px) 100vw, 525px\" \/><\/a>\n\t\t<\/figure>\n\t<\/div>\n<div class=\"vc_empty_space\"   style=\"height: 32px\"><span class=\"vc_empty_space_inner\"><\/span><\/div>\n\t<div class=\"wpb_text_column wpb_content_element\" >\n\t\t<div class=\"wpb_wrapper\">\n\t\t\t<hr \/>\n<h4 style=\"text-align: center;\"><span style=\"color: #002166; font-size: 10pt;\"><strong>Ing. Jos\u00e9 Iv\u00e1n Hern\u00e1ndez<\/strong><\/span><\/h4>\n<p style=\"text-align: center;\"><span style=\"font-size: 10pt;\">Director Regional de Servicios Cuarentenarios<\/span><br \/>\n<span style=\"font-size: 10pt;\">Email:\u00a0<a href=\"mailto:scuarentenarios@oirsa.org\">scuarentenarios@oirsa.org<\/a><\/span><br \/>\n<span style=\"font-size: 10pt;\">Tel. (503) 2209-9200, Ext. 203<\/span><\/p>\n\n\t\t<\/div>\n\t<\/div>\n<\/div><\/div><\/div><\/div><\/div><\/section>\n<\/div>","protected":false},"excerpt":{"rendered":"Servicio de Protecci\u00f3n Agropecuaria (SEPA) El Ministerio de Agricultura, Ganader\u00eda y Alimentaci\u00f3n (MAGA), de Guatemala, deleg\u00f3 al OIRSA la administraci\u00f3n [...]","protected":false},"author":213237739,"featured_media":0,"parent":0,"menu_order":0,"comment_status":"closed","ping_status":"closed","template":"page-templates\/template-canvas.php","meta":{"_coblocks_attr":"","_coblocks_dimensions":"","_coblocks_responsive_height":"","_coblocks_accordion_ie_support":"","_crdt_document":"","footnotes":""},"class_list":["post-12832","page","type-page","status-publish","hentry"],"yoast_head":"<!-- This site is optimized with the Yoast SEO plugin v27.4 - https:\/\/yoast.com\/product\/yoast-seo-wordpress\/ -->\n<title>SEPA - OIRSA<\/title>\n<meta name=\"robots\" content=\"index, follow, max-snippet:-1, max-image-preview:large, max-video-preview:-1\" \/>\n<link rel=\"canonical\" href=\"https:\/\/web.oirsa.org\/en\/servicio-de-proteccion-agropecuaria-sepa-2\/\" \/>\n<meta property=\"og:locale\" content=\"en_US\" \/>\n<meta property=\"og:type\" content=\"article\" \/>\n<meta property=\"og:title\" content=\"SEPA - OIRSA\" \/>\n<meta property=\"og:url\" content=\"https:\/\/web.oirsa.org\/en\/servicio-de-proteccion-agropecuaria-sepa-2\/\" \/>\n<meta property=\"og:site_name\" content=\"OIRSA\" \/>\n<meta property=\"article:publisher\" content=\"https:\/\/www.facebook.com\/OIRSAoficial\" \/>\n<meta property=\"article:modified_time\" content=\"2025-03-14T17:01:43+00:00\" \/>\n<meta property=\"og:image\" content=\"https:\/\/i0.wp.com\/web.oirsa.org\/wp-content\/uploads\/2024\/01\/logo-OIRSA23.png?fit=2791%2C782&ssl=1\" \/>\n\t<meta property=\"og:image:width\" content=\"2791\" \/>\n\t<meta property=\"og:image:height\" content=\"782\" \/>\n\t<meta property=\"og:image:type\" content=\"image\/png\" \/>\n<meta name=\"twitter:card\" content=\"summary_large_image\" \/>\n<meta name=\"twitter:site\" content=\"@OIRSAoficial\" \/>\n<meta name=\"twitter:label1\" content=\"Est. reading time\" \/>\n\t<meta name=\"twitter:data1\" content=\"4 minutes\" \/>\n<script type=\"application\/ld+json\" class=\"yoast-schema-graph\">{\"@context\":\"https:\\\/\\\/schema.org\",\"@graph\":[{\"@type\":\"WebPage\",\"@id\":\"https:\\\/\\\/web.oirsa.org\\\/servicio-de-proteccion-agropecuaria-sepa-2\",\"url\":\"https:\\\/\\\/web.oirsa.org\\\/servicio-de-proteccion-agropecuaria-sepa-2\",\"name\":\"SEPA - OIRSA\",\"isPartOf\":{\"@id\":\"https:\\\/\\\/web.oirsa.org\\\/#website\"},\"datePublished\":\"2023-10-16T17:14:56+00:00\",\"dateModified\":\"2025-03-14T17:01:43+00:00\",\"breadcrumb\":{\"@id\":\"https:\\\/\\\/web.oirsa.org\\\/servicio-de-proteccion-agropecuaria-sepa-2#breadcrumb\"},\"inLanguage\":\"en-US\",\"potentialAction\":[{\"@type\":\"ReadAction\",\"target\":[\"https:\\\/\\\/web.oirsa.org\\\/servicio-de-proteccion-agropecuaria-sepa-2\"]}]},{\"@type\":\"BreadcrumbList\",\"@id\":\"https:\\\/\\\/web.oirsa.org\\\/servicio-de-proteccion-agropecuaria-sepa-2#breadcrumb\",\"itemListElement\":[{\"@type\":\"ListItem\",\"position\":1,\"name\":\"Portada\",\"item\":\"https:\\\/\\\/web.oirsa.org\\\/\"},{\"@type\":\"ListItem\",\"position\":2,\"name\":\"SEPA\"}]},{\"@type\":\"WebSite\",\"@id\":\"https:\\\/\\\/web.oirsa.org\\\/#website\",\"url\":\"https:\\\/\\\/web.oirsa.org\\\/\",\"name\":\"OIRSA\",\"description\":\"Organismo Internacional Regional de Sanidad Agropecuaria\",\"publisher\":{\"@id\":\"https:\\\/\\\/web.oirsa.org\\\/#organization\"},\"potentialAction\":[{\"@type\":\"SearchAction\",\"target\":{\"@type\":\"EntryPoint\",\"urlTemplate\":\"https:\\\/\\\/web.oirsa.org\\\/?s={search_term_string}\"},\"query-input\":{\"@type\":\"PropertyValueSpecification\",\"valueRequired\":true,\"valueName\":\"search_term_string\"}}],\"inLanguage\":\"en-US\"},{\"@type\":\"Organization\",\"@id\":\"https:\\\/\\\/web.oirsa.org\\\/#organization\",\"name\":\"OIRSA\",\"url\":\"https:\\\/\\\/web.oirsa.org\\\/\",\"logo\":{\"@type\":\"ImageObject\",\"inLanguage\":\"en-US\",\"@id\":\"https:\\\/\\\/web.oirsa.org\\\/#\\\/schema\\\/logo\\\/image\\\/\",\"url\":\"https:\\\/\\\/web.oirsa.org\\\/wp-content\\\/uploads\\\/2024\\\/01\\\/cropped-LOGO-OIRSA-2023.png\",\"contentUrl\":\"https:\\\/\\\/web.oirsa.org\\\/wp-content\\\/uploads\\\/2024\\\/01\\\/cropped-LOGO-OIRSA-2023.png\",\"width\":512,\"height\":512,\"caption\":\"OIRSA\"},\"image\":{\"@id\":\"https:\\\/\\\/web.oirsa.org\\\/#\\\/schema\\\/logo\\\/image\\\/\"},\"sameAs\":[\"https:\\\/\\\/www.facebook.com\\\/OIRSAoficial\",\"https:\\\/\\\/x.com\\\/OIRSAoficial\"]}]}<\/script>\n<!-- \/ Yoast SEO plugin. -->","yoast_head_json":{"title":"SEPA - OIRSA","robots":{"index":"index","follow":"follow","max-snippet":"max-snippet:-1","max-image-preview":"max-image-preview:large","max-video-preview":"max-video-preview:-1"},"canonical":"https:\/\/web.oirsa.org\/en\/servicio-de-proteccion-agropecuaria-sepa-2\/","og_locale":"en_US","og_type":"article","og_title":"SEPA - OIRSA","og_url":"https:\/\/web.oirsa.org\/en\/servicio-de-proteccion-agropecuaria-sepa-2\/","og_site_name":"OIRSA","article_publisher":"https:\/\/www.facebook.com\/OIRSAoficial","article_modified_time":"2025-03-14T17:01:43+00:00","og_image":[{"width":2791,"height":782,"url":"https:\/\/i0.wp.com\/web.oirsa.org\/wp-content\/uploads\/2024\/01\/logo-OIRSA23.png?fit=2791%2C782&ssl=1","type":"image\/png"}],"twitter_card":"summary_large_image","twitter_site":"@OIRSAoficial","twitter_misc":{"Est. reading time":"4 minutes"},"schema":{"@context":"https:\/\/schema.org","@graph":[{"@type":"WebPage","@id":"https:\/\/web.oirsa.org\/servicio-de-proteccion-agropecuaria-sepa-2","url":"https:\/\/web.oirsa.org\/servicio-de-proteccion-agropecuaria-sepa-2","name":"SEPA - OIRSA","isPartOf":{"@id":"https:\/\/web.oirsa.org\/#website"},"datePublished":"2023-10-16T17:14:56+00:00","dateModified":"2025-03-14T17:01:43+00:00","breadcrumb":{"@id":"https:\/\/web.oirsa.org\/servicio-de-proteccion-agropecuaria-sepa-2#breadcrumb"},"inLanguage":"en-US","potentialAction":[{"@type":"ReadAction","target":["https:\/\/web.oirsa.org\/servicio-de-proteccion-agropecuaria-sepa-2"]}]},{"@type":"BreadcrumbList","@id":"https:\/\/web.oirsa.org\/servicio-de-proteccion-agropecuaria-sepa-2#breadcrumb","itemListElement":[{"@type":"ListItem","position":1,"name":"Portada","item":"https:\/\/web.oirsa.org\/"},{"@type":"ListItem","position":2,"name":"SEPA"}]},{"@type":"WebSite","@id":"https:\/\/web.oirsa.org\/#website","url":"https:\/\/web.oirsa.org\/","name":"OIRSA","description":"Organismo Internacional Regional de Sanidad Agropecuaria","publisher":{"@id":"https:\/\/web.oirsa.org\/#organization"},"potentialAction":[{"@type":"SearchAction","target":{"@type":"EntryPoint","urlTemplate":"https:\/\/web.oirsa.org\/?s={search_term_string}"},"query-input":{"@type":"PropertyValueSpecification","valueRequired":true,"valueName":"search_term_string"}}],"inLanguage":"en-US"},{"@type":"Organization","@id":"https:\/\/web.oirsa.org\/#organization","name":"OIRSA","url":"https:\/\/web.oirsa.org\/","logo":{"@type":"ImageObject","inLanguage":"en-US","@id":"https:\/\/web.oirsa.org\/#\/schema\/logo\/image\/","url":"https:\/\/web.oirsa.org\/wp-content\/uploads\/2024\/01\/cropped-LOGO-OIRSA-2023.png","contentUrl":"https:\/\/web.oirsa.org\/wp-content\/uploads\/2024\/01\/cropped-LOGO-OIRSA-2023.png","width":512,"height":512,"caption":"OIRSA"},"image":{"@id":"https:\/\/web.oirsa.org\/#\/schema\/logo\/image\/"},"sameAs":["https:\/\/www.facebook.com\/OIRSAoficial","https:\/\/x.com\/OIRSAoficial"]}]}},"jetpack_sharing_enabled":true,"_links":{"self":[{"href":"https:\/\/web.oirsa.org\/en\/wp-json\/wp\/v2\/pages\/12832","targetHints":{"allow":["GET"]}}],"collection":[{"href":"https:\/\/web.oirsa.org\/en\/wp-json\/wp\/v2\/pages"}],"about":[{"href":"https:\/\/web.oirsa.org\/en\/wp-json\/wp\/v2\/types\/page"}],"author":[{"embeddable":true,"href":"https:\/\/web.oirsa.org\/en\/wp-json\/wp\/v2\/users\/213237739"}],"replies":[{"embeddable":true,"href":"https:\/\/web.oirsa.org\/en\/wp-json\/wp\/v2\/comments?post=12832"}],"version-history":[{"count":42,"href":"https:\/\/web.oirsa.org\/en\/wp-json\/wp\/v2\/pages\/12832\/revisions"}],"predecessor-version":[{"id":17232,"href":"https:\/\/web.oirsa.org\/en\/wp-json\/wp\/v2\/pages\/12832\/revisions\/17232"}],"wp:attachment":[{"href":"https:\/\/web.oirsa.org\/en\/wp-json\/wp\/v2\/media?parent=12832"}],"curies":[{"name":"wp","href":"https:\/\/api.w.org\/{rel}","templated":true}]}}