{"id":12825,"date":"2023-10-16T11:00:53","date_gmt":"2023-10-16T17:00:53","guid":{"rendered":"http:\/\/10.103.20.84\/?p=12825"},"modified":"2025-03-14T11:01:03","modified_gmt":"2025-03-14T17:01:03","slug":"servicio-internacional-de-tratamientos-cuarentenarios-sitc-2","status":"publish","type":"page","link":"https:\/\/web.oirsa.org\/en\/servicio-internacional-de-tratamientos-cuarentenarios-sitc-2","title":{"rendered":"SITC"},"content":{"rendered":"<div class=\"wpb-content-wrapper\"><section class=\"wpb_row vc_row-fluid\"><div class=\"container\"><div class=\"row\"><div class=\"wpb_column vc_column_container vc_col-sm-8\"><div class=\"vc_column-inner \"  ><div class=\"wpb_wrapper\"><div class=\"vc_row wpb_row vc_inner vc_row-fluid\"><div class=\"wpb_column vc_column_container vc_col-sm-12\"><div class=\"vc_column-inner\"><div class=\"wpb_wrapper\">\n\t<div class=\"wpb_text_column wpb_content_element\" >\n\t\t<div class=\"wpb_wrapper\">\n\t\t\t<h2><strong><span style=\"color: #002166;\">Servicio Internacional de Tratamientos Cuarentenarios\u00a0<\/span><\/strong><\/h2>\n<p style=\"text-align: justify;\">Desde su formaci\u00f3n, el Organismo ha estado orientado a apoyar t\u00e9cnicamente a sus nueve pa\u00edses miembros, en las acciones que \u00e9stos emprenden en materia de salud animal, sanidad vegetal, inocuidad de los alimentos y el fortalecimiento de sus sistemas cuarentenarios.<\/p>\n<p style=\"text-align: justify;\">En ese contexto, el CIRSA resolvi\u00f3 crear, en 1973, el Servicio Internacional de Fumigaci\u00f3n (SIF), que hoy en d\u00eda es el Servicio Internacional de Tratamientos Cuarentenarios (SITC), operado y administrado por el OIRSA, con el fin de que apoye los servicios nacionales de cuarentena agropecuaria de los pa\u00edses miembros y as\u00ed evitar o retardar el ingreso de plagas y enfermedades ex\u00f3ticas a cualquiera de ellos, pero potenciando el intercambio comercial de productos agropecuarios tanto dentro como fuera de la regi\u00f3n.<\/p>\n<p>Esta labor conjunta y coordinada de ambos servicios, se contin\u00faa realizando en los aeropuertos, puertos mar\u00edtimos y fronteras terrestres de los Estados miembros.<\/p>\n<p>El personal t\u00e9cnico cuenta con preparaci\u00f3n en los procedimientos de los tratamientos cuarentenarios, atendiendo las \u00f3rdenes de tratamiento que los inspectores de Cuarentena Agropecuaria indican para controlar al organismo plaga que pudiera encontrarse en la mercader\u00eda.<\/p>\n\n\t\t<\/div>\n\t<\/div>\n\n\t<div class=\"wpb_text_column wpb_content_element vc_custom_1697644422029\" >\n\t\t<div class=\"wpb_wrapper\">\n\t\t\t\n\t\t<\/div>\n\t<\/div>\n\n\t<div class=\"wpb_video_widget wpb_content_element vc_clearfix   vc_video-aspect-ratio-169 vc_video-el-width-80 vc_video-align-center\" >\n\t\t<div class=\"wpb_wrapper\">\n\t\t\t\n\t\t\t<div class=\"wpb_video_wrapper\"><iframe loading=\"lazy\" title=\"Servicio Internacional de Tratamientos Cuarentenarios (SITC)\" width=\"500\" height=\"281\" src=\"https:\/\/www.youtube.com\/embed\/mN7Qc-bYgVg?feature=oembed\" frameborder=\"0\" allow=\"accelerometer; autoplay; clipboard-write; encrypted-media; gyroscope; picture-in-picture; web-share\" referrerpolicy=\"strict-origin-when-cross-origin\" allowfullscreen><\/iframe><\/div>\n\t\t<\/div>\n\t<\/div>\n<\/div><\/div><\/div><\/div><div class=\"vc_row wpb_row vc_inner vc_row-fluid\"><div class=\"wpb_column vc_column_container vc_col-sm-12\"><div class=\"vc_column-inner\"><div class=\"wpb_wrapper\">\n\t<div class=\"wpb_text_column wpb_content_element\" >\n\t\t<div class=\"wpb_wrapper\">\n\t\t\t<p style=\"text-align: left;\"><span style=\"font-size: 20px; color: #002166;\">\u00bfQu\u00e9 son los tratamientos cuarentenarios?<\/span><\/p>\n<p style=\"font-size: 14px; text-align: left;\">Son procedimientos mediante los cuales se eliminan plagas y enfermedades que afectan las plantas y los animales. Para cada tratamiento, el SITC utiliza productos qu\u00edmicos que, aplicados adecuadamente, no representan peligro para personas, animales ni plantas.<\/p>\n<p style=\"font-size: 14px; text-align: left;\">Estos tratamientos se rigen bajo est\u00e1ndares mundialmente aceptados, establecidos en manuales de instituciones de renombre como la FAO y el Departamento de Agricultura de los Estados Unidos (USDA), y manuales propios del OIRSA fundamentados en investigaciones internacionales y en su propia experiencia. En adici\u00f3n, el personal t\u00e9cnico est\u00e1 siendo certificado en la <span style=\"color: #002166;\"><strong>Norma AFAS para fumigaci\u00f3n con Bromuro de Metilo<\/strong><\/span>, por expertos del Departamento de Agricultura de Australia, lo cual permitir\u00e1 la armonizaci\u00f3n de procedimientos y el control de calidad de los tratamientos en puntos de control fronterizo, tratamientos a embalajes de madera y tratamientos pre embarque.<\/p>\n<p style=\"text-align: left;\"><span style=\"color: #002166; font-size: 20px;\">\u00bfPor qu\u00e9 se realizan?<\/span><\/p>\n<p style=\"text-align: left;\">Para destruir virus, bacterias, hongos, par\u00e1sitos, insectos, artr\u00f3podos, \u00e1caros, semillas nocivas que ocasionan plagas y enfermedades de importancia econ\u00f3mica, cuarentenaria y de salud p\u00fablica.<\/p>\n<p style=\"text-align: left;\"><span style=\"color: #002166; font-size: 20px;\">\u00bfA qu\u00e9 productos se aplican?<\/span><\/p>\n<ul>\n<li>A los productos y subproductos de origen animal y vegetal: granos, semillas, frutas y verduras, maderas y otros.<\/li>\n<li>Tambi\u00e9n a medios de transporte: veh\u00edculos, barcos, vagones de ferrocarril, contenedores, trailers, plataformas, compartimientos de equipaje y cargas de aeronaves.<\/li>\n<\/ul>\n\n\t\t<\/div>\n\t<\/div>\n<\/div><\/div><\/div><\/div>\n\t<div class=\"wpb_text_column wpb_content_element\" >\n\t\t<div class=\"wpb_wrapper\">\n\t\t\t\n\t\t<\/div>\n\t<\/div>\n<\/div><\/div><\/div><div class=\"wpb_column vc_column_container vc_col-sm-4\"><div class=\"vc_column-inner \"  ><div class=\"wpb_wrapper\"><div class=\"vc_empty_space\"   style=\"height: 120px\"><span class=\"vc_empty_space_inner\"><\/span><\/div><h3 style=\"font-size: 14px;color: #002166;text-align: center;font-family:Montserrat;font-weight:700;font-style:normal\" class=\"vc_custom_heading vc_do_custom_heading\" >Mapa de puestos del SITC<\/h3>\n\t<div  class=\"wpb_single_image wpb_content_element vc_align_center wpb_content_element\">\n\t\t\n\t\t<figure class=\"wpb_wrapper vc_figure\">\n\t\t\t<a class=\"\" data-lightbox=\"lightbox[rel-12825-1151692686]\" href=\"https:\/\/i0.wp.com\/web.oirsa.org\/wp-content\/uploads\/2023\/11\/Mapa-SITC-2023.jpg?fit=525%2C327&#038;ssl=1\" target=\"_self\" class=\"vc_single_image-wrapper   vc_box_border_grey\"><img loading=\"lazy\" decoding=\"async\" width=\"525\" height=\"327\" src=\"https:\/\/i0.wp.com\/web.oirsa.org\/wp-content\/uploads\/2023\/11\/Mapa-SITC-2023.jpg?fit=525%2C327&amp;ssl=1\" class=\"vc_single_image-img attachment-large\" alt=\"\" title=\"Mapa SITC 2023\" srcset=\"https:\/\/i0.wp.com\/web.oirsa.org\/wp-content\/uploads\/2023\/11\/Mapa-SITC-2023.jpg?w=2013&amp;ssl=1 2013w, https:\/\/i0.wp.com\/web.oirsa.org\/wp-content\/uploads\/2023\/11\/Mapa-SITC-2023.jpg?resize=300%2C187&amp;ssl=1 300w, https:\/\/i0.wp.com\/web.oirsa.org\/wp-content\/uploads\/2023\/11\/Mapa-SITC-2023.jpg?resize=1024%2C638&amp;ssl=1 1024w, https:\/\/i0.wp.com\/web.oirsa.org\/wp-content\/uploads\/2023\/11\/Mapa-SITC-2023.jpg?resize=768%2C479&amp;ssl=1 768w, https:\/\/i0.wp.com\/web.oirsa.org\/wp-content\/uploads\/2023\/11\/Mapa-SITC-2023.jpg?resize=1536%2C958&amp;ssl=1 1536w, https:\/\/i0.wp.com\/web.oirsa.org\/wp-content\/uploads\/2023\/11\/Mapa-SITC-2023.jpg?resize=18%2C12&amp;ssl=1 18w\" sizes=\"auto, (max-width: 525px) 100vw, 525px\" \/><\/a>\n\t\t<\/figure>\n\t<\/div>\n<div class=\"vc_separator wpb_content_element vc_separator_align_center vc_sep_width_100 vc_sep_pos_align_center vc_separator_no_text vc_sep_color_black wpb_content_element  wpb_content_element\" ><span class=\"vc_sep_holder vc_sep_holder_l\"><span class=\"vc_sep_line\"><\/span><\/span><span class=\"vc_sep_holder vc_sep_holder_r\"><span class=\"vc_sep_line\"><\/span><\/span>\n<\/div>\n\t<div class=\"wpb_text_column wpb_content_element\" >\n\t\t<div class=\"wpb_wrapper\">\n\t\t\t<h4 style=\"text-align: center;\"><span style=\"color: #002166; font-size: 10pt;\"><strong>Ing. Jos\u00e9 Iv\u00e1n Hern\u00e1ndez<\/strong><\/span><\/h4>\n<p style=\"text-align: center;\"><span style=\"font-size: 10pt;\">Director Regional de Servicios Cuarentenarios<\/span><br \/>\n<span style=\"font-size: 10pt;\">Email:\u00a0<a href=\"mailto:scuarentenarios@oirsa.org\">scuarentenarios@oirsa.org<\/a><\/span><br \/>\n<span style=\"font-size: 10pt;\">Tel. (503) 2209-9200, Ext. 203<\/span><\/p>\n\n\t\t<\/div>\n\t<\/div>\n<div class=\"vc_separator wpb_content_element vc_separator_align_center vc_sep_width_100 vc_sep_pos_align_center vc_separator_no_text vc_sep_color_black wpb_content_element  wpb_content_element\" ><span class=\"vc_sep_holder vc_sep_holder_l\"><span class=\"vc_sep_line\"><\/span><\/span><span class=\"vc_sep_holder vc_sep_holder_r\"><span class=\"vc_sep_line\"><\/span><\/span>\n<\/div><h4 style=\"color: #002166;text-align: left;font-family:Montserrat;font-weight:400;font-style:normal\" class=\"vc_custom_heading vc_do_custom_heading\" >Tipos de tratamientos cuarentenarios<\/h4><div class=\"vc_tta-container\" data-vc-action=\"collapseAll\"><div class=\"vc_general vc_tta vc_tta-accordion vc_tta-color-white vc_tta-style-classic vc_tta-shape-rounded vc_tta-o-shape-group vc_tta-controls-align-default vc_tta-o-all-clickable\"><div class=\"vc_tta-panels-container\"><div class=\"vc_tta-panels\"><div class=\"vc_tta-panel\" id=\"1701364443281-48f7efb7-3d42\" data-vc-content=\".vc_tta-panel-body\"><div class=\"vc_tta-panel-heading\"><h5 class=\"vc_tta-panel-title vc_tta-controls-icon-position-left\"><a href=\"#1701364443281-48f7efb7-3d42\" data-vc-accordion data-vc-container=\".vc_tta-container\"><span class=\"vc_tta-title-text\">Fumigaci\u00f3n<\/span><i class=\"vc_tta-controls-icon vc_tta-controls-icon-plus\"><\/i><\/a><\/h5><\/div><div class=\"vc_tta-panel-body\">\n\t<div class=\"wpb_text_column wpb_content_element\" >\n\t\t<div class=\"wpb_wrapper\">\n\t\t\t<p>Aplicaci\u00f3n de un fumigante en forma de gas que elimina la plaga que ha sido interceptada en la mercader\u00eda.<\/p>\n\n\t\t<\/div>\n\t<\/div>\n<\/div><\/div><div class=\"vc_tta-panel\" id=\"1701364443291-8c9c0023-1e53\" data-vc-content=\".vc_tta-panel-body\"><div class=\"vc_tta-panel-heading\"><h5 class=\"vc_tta-panel-title vc_tta-controls-icon-position-left\"><a href=\"#1701364443291-8c9c0023-1e53\" data-vc-accordion data-vc-container=\".vc_tta-container\"><span class=\"vc_tta-title-text\">Aspersi\u00f3n<\/span><i class=\"vc_tta-controls-icon vc_tta-controls-icon-plus\"><\/i><\/a><\/h5><\/div><div class=\"vc_tta-panel-body\">\n\t<div class=\"wpb_text_column wpb_content_element\" >\n\t\t<div class=\"wpb_wrapper\">\n\t\t\t<p>Mezcla de un producto con un agente de transporte, formando gotas de 100 a 250 micras, que controla organismos plaga.<\/p>\n\n\t\t<\/div>\n\t<\/div>\n<\/div><\/div><div class=\"vc_tta-panel\" id=\"1701365466725-05bf862a-c971\" data-vc-content=\".vc_tta-panel-body\"><div class=\"vc_tta-panel-heading\"><h5 class=\"vc_tta-panel-title vc_tta-controls-icon-position-left\"><a href=\"#1701365466725-05bf862a-c971\" data-vc-accordion data-vc-container=\".vc_tta-container\"><span class=\"vc_tta-title-text\">Atomizaci\u00f3n<\/span><i class=\"vc_tta-controls-icon vc_tta-controls-icon-plus\"><\/i><\/a><\/h5><\/div><div class=\"vc_tta-panel-body\">\n\t<div class=\"wpb_text_column wpb_content_element\" >\n\t\t<div class=\"wpb_wrapper\">\n\t\t\t<p>Aplicaci\u00f3n de un formulado en forma de aerosol con part\u00edculas de 0.5 a 50 micras.<\/p>\n\n\t\t<\/div>\n\t<\/div>\n<\/div><\/div><div class=\"vc_tta-panel\" id=\"1701365491369-c239cd45-ed66\" data-vc-content=\".vc_tta-panel-body\"><div class=\"vc_tta-panel-heading\"><h5 class=\"vc_tta-panel-title vc_tta-controls-icon-position-left\"><a href=\"#1701365491369-c239cd45-ed66\" data-vc-accordion data-vc-container=\".vc_tta-container\"><span class=\"vc_tta-title-text\">Nebulizaci\u00f3n<\/span><i class=\"vc_tta-controls-icon vc_tta-controls-icon-plus\"><\/i><\/a><\/h5><\/div><div class=\"vc_tta-panel-body\">\n\t<div class=\"wpb_text_column wpb_content_element\" >\n\t\t<div class=\"wpb_wrapper\">\n\t\t\t<p>Distribuci\u00f3n de una mezcla entre el producto y agente de transporte, que forma part\u00edculas de 1 a 50 micras, que quedan suspendidas en el recinto a tratar.<\/p>\n\n\t\t<\/div>\n\t<\/div>\n<\/div><\/div><div class=\"vc_tta-panel\" id=\"1701365511320-4c1a3dae-bb64\" data-vc-content=\".vc_tta-panel-body\"><div class=\"vc_tta-panel-heading\"><h5 class=\"vc_tta-panel-title vc_tta-controls-icon-position-left\"><a href=\"#1701365511320-4c1a3dae-bb64\" data-vc-accordion data-vc-container=\".vc_tta-container\"><span class=\"vc_tta-title-text\">Inmersi\u00f3n<\/span><i class=\"vc_tta-controls-icon vc_tta-controls-icon-plus\"><\/i><\/a><\/h5><\/div><div class=\"vc_tta-panel-body\">\n\t<div class=\"wpb_text_column wpb_content_element\" >\n\t\t<div class=\"wpb_wrapper\">\n\t\t\t<p>Colocaci\u00f3n de mercader\u00eda en agua caliente para elevarla a una temperatura requerida por un per\u00edodo de tiempo espec\u00edfico.<\/p>\n\n\t\t<\/div>\n\t<\/div>\n<\/div><\/div><\/div><\/div><\/div><\/div><div class=\"vc_empty_space\"   style=\"height: 35px\"><span class=\"vc_empty_space_inner\"><\/span><\/div><h4 style=\"color: #002166;text-align: left;font-family:Montserrat;font-weight:400;font-style:normal\" class=\"vc_custom_heading vc_do_custom_heading\" >Beneficios de los tratamientos cuarentenarios<\/h4>\n\t<div class=\"wpb_text_column wpb_content_element\" >\n\t\t<div class=\"wpb_wrapper\">\n\t\t\t<ol>\n<li><span style=\"font-size: 14px;\">Se elimina o minimiza el riesgo de introducci\u00f3n de plagas y\/o enfermedades que puedan afectar seriamente el patrimonio agropecuario de los pa\u00edses miembros y su competitividad frente a terceros mercados.<\/span><\/li>\n<\/ol>\n\n\t\t<\/div>\n\t<\/div>\n<div class=\"vc_row wpb_row vc_inner vc_row-fluid\"><div class=\"wpb_column vc_column_container vc_col-sm-12\"><div class=\"vc_column-inner\"><div class=\"wpb_wrapper\">\n\t<div class=\"wpb_text_column wpb_content_element\" >\n\t\t<div class=\"wpb_wrapper\">\n\t\t\t<ol start=\"2\">\n<li>Se protegen y se reducen los da\u00f1os a los productos agropecuarios que ingresan al pa\u00eds, aumentando la disponibilidad de alimentos.<\/li>\n<\/ol>\n\n\t\t<\/div>\n\t<\/div>\n<\/div><\/div><\/div><\/div><div class=\"vc_row wpb_row vc_inner vc_row-fluid\"><div class=\"wpb_column vc_column_container vc_col-sm-12\"><div class=\"vc_column-inner\"><div class=\"wpb_wrapper\">\n\t<div class=\"wpb_text_column wpb_content_element\" >\n\t\t<div class=\"wpb_wrapper\">\n\t\t\t<ol start=\"3\">\n<li>Se facilita el intercambio comercial, ya que los tratamientos cuarentenarios son una alternativa a la prohibici\u00f3n cuarentenaria, con lo que se benefician productores, importadores, exportadores y consumidores.<\/li>\n<\/ol>\n\n\t\t<\/div>\n\t<\/div>\n<\/div><\/div><\/div><\/div><\/div><\/div><\/div><\/div><\/div><\/section>\n<\/div>","protected":false},"excerpt":{"rendered":"Servicio Internacional de Tratamientos Cuarentenarios\u00a0 Desde su formaci\u00f3n, el Organismo ha estado orientado a apoyar t\u00e9cnicamente a sus nueve pa\u00edses [...]","protected":false},"author":213237739,"featured_media":0,"parent":0,"menu_order":0,"comment_status":"closed","ping_status":"closed","template":"page-templates\/template-fullwidth.php","meta":{"_coblocks_attr":"","_coblocks_dimensions":"","_coblocks_responsive_height":"","_coblocks_accordion_ie_support":"","_crdt_document":"","footnotes":""},"class_list":["post-12825","page","type-page","status-publish","hentry"],"yoast_head":"<!-- This site is optimized with the Yoast SEO plugin v27.4 - https:\/\/yoast.com\/product\/yoast-seo-wordpress\/ -->\n<title>SITC - OIRSA<\/title>\n<meta name=\"robots\" content=\"index, follow, max-snippet:-1, max-image-preview:large, max-video-preview:-1\" \/>\n<link rel=\"canonical\" href=\"https:\/\/web.oirsa.org\/en\/servicio-internacional-de-tratamientos-cuarentenarios-sitc-2\/\" \/>\n<meta property=\"og:locale\" content=\"en_US\" \/>\n<meta property=\"og:type\" content=\"article\" \/>\n<meta property=\"og:title\" content=\"SITC - OIRSA\" \/>\n<meta property=\"og:url\" content=\"https:\/\/web.oirsa.org\/en\/servicio-internacional-de-tratamientos-cuarentenarios-sitc-2\/\" \/>\n<meta property=\"og:site_name\" content=\"OIRSA\" \/>\n<meta property=\"article:publisher\" content=\"https:\/\/www.facebook.com\/OIRSAoficial\" \/>\n<meta property=\"article:modified_time\" content=\"2025-03-14T17:01:03+00:00\" \/>\n<meta property=\"og:image\" content=\"https:\/\/i0.wp.com\/web.oirsa.org\/wp-content\/uploads\/2024\/01\/logo-OIRSA23.png?fit=2791%2C782&ssl=1\" \/>\n\t<meta property=\"og:image:width\" content=\"2791\" \/>\n\t<meta property=\"og:image:height\" content=\"782\" \/>\n\t<meta property=\"og:image:type\" content=\"image\/png\" \/>\n<meta name=\"twitter:card\" content=\"summary_large_image\" \/>\n<meta name=\"twitter:site\" content=\"@OIRSAoficial\" \/>\n<meta name=\"twitter:label1\" content=\"Est. reading time\" \/>\n\t<meta name=\"twitter:data1\" content=\"4 minutes\" \/>\n<script type=\"application\/ld+json\" class=\"yoast-schema-graph\">{\"@context\":\"https:\\\/\\\/schema.org\",\"@graph\":[{\"@type\":\"WebPage\",\"@id\":\"https:\\\/\\\/web.oirsa.org\\\/servicio-internacional-de-tratamientos-cuarentenarios-sitc-2\",\"url\":\"https:\\\/\\\/web.oirsa.org\\\/servicio-internacional-de-tratamientos-cuarentenarios-sitc-2\",\"name\":\"SITC - OIRSA\",\"isPartOf\":{\"@id\":\"https:\\\/\\\/web.oirsa.org\\\/#website\"},\"datePublished\":\"2023-10-16T17:00:53+00:00\",\"dateModified\":\"2025-03-14T17:01:03+00:00\",\"breadcrumb\":{\"@id\":\"https:\\\/\\\/web.oirsa.org\\\/servicio-internacional-de-tratamientos-cuarentenarios-sitc-2#breadcrumb\"},\"inLanguage\":\"en-US\",\"potentialAction\":[{\"@type\":\"ReadAction\",\"target\":[\"https:\\\/\\\/web.oirsa.org\\\/servicio-internacional-de-tratamientos-cuarentenarios-sitc-2\"]}]},{\"@type\":\"BreadcrumbList\",\"@id\":\"https:\\\/\\\/web.oirsa.org\\\/servicio-internacional-de-tratamientos-cuarentenarios-sitc-2#breadcrumb\",\"itemListElement\":[{\"@type\":\"ListItem\",\"position\":1,\"name\":\"Portada\",\"item\":\"https:\\\/\\\/web.oirsa.org\\\/\"},{\"@type\":\"ListItem\",\"position\":2,\"name\":\"SITC\"}]},{\"@type\":\"WebSite\",\"@id\":\"https:\\\/\\\/web.oirsa.org\\\/#website\",\"url\":\"https:\\\/\\\/web.oirsa.org\\\/\",\"name\":\"OIRSA\",\"description\":\"Organismo Internacional Regional de Sanidad Agropecuaria\",\"publisher\":{\"@id\":\"https:\\\/\\\/web.oirsa.org\\\/#organization\"},\"potentialAction\":[{\"@type\":\"SearchAction\",\"target\":{\"@type\":\"EntryPoint\",\"urlTemplate\":\"https:\\\/\\\/web.oirsa.org\\\/?s={search_term_string}\"},\"query-input\":{\"@type\":\"PropertyValueSpecification\",\"valueRequired\":true,\"valueName\":\"search_term_string\"}}],\"inLanguage\":\"en-US\"},{\"@type\":\"Organization\",\"@id\":\"https:\\\/\\\/web.oirsa.org\\\/#organization\",\"name\":\"OIRSA\",\"url\":\"https:\\\/\\\/web.oirsa.org\\\/\",\"logo\":{\"@type\":\"ImageObject\",\"inLanguage\":\"en-US\",\"@id\":\"https:\\\/\\\/web.oirsa.org\\\/#\\\/schema\\\/logo\\\/image\\\/\",\"url\":\"https:\\\/\\\/web.oirsa.org\\\/wp-content\\\/uploads\\\/2024\\\/01\\\/cropped-LOGO-OIRSA-2023.png\",\"contentUrl\":\"https:\\\/\\\/web.oirsa.org\\\/wp-content\\\/uploads\\\/2024\\\/01\\\/cropped-LOGO-OIRSA-2023.png\",\"width\":512,\"height\":512,\"caption\":\"OIRSA\"},\"image\":{\"@id\":\"https:\\\/\\\/web.oirsa.org\\\/#\\\/schema\\\/logo\\\/image\\\/\"},\"sameAs\":[\"https:\\\/\\\/www.facebook.com\\\/OIRSAoficial\",\"https:\\\/\\\/x.com\\\/OIRSAoficial\"]}]}<\/script>\n<!-- \/ Yoast SEO plugin. -->","yoast_head_json":{"title":"SITC - OIRSA","robots":{"index":"index","follow":"follow","max-snippet":"max-snippet:-1","max-image-preview":"max-image-preview:large","max-video-preview":"max-video-preview:-1"},"canonical":"https:\/\/web.oirsa.org\/en\/servicio-internacional-de-tratamientos-cuarentenarios-sitc-2\/","og_locale":"en_US","og_type":"article","og_title":"SITC - OIRSA","og_url":"https:\/\/web.oirsa.org\/en\/servicio-internacional-de-tratamientos-cuarentenarios-sitc-2\/","og_site_name":"OIRSA","article_publisher":"https:\/\/www.facebook.com\/OIRSAoficial","article_modified_time":"2025-03-14T17:01:03+00:00","og_image":[{"width":2791,"height":782,"url":"https:\/\/i0.wp.com\/web.oirsa.org\/wp-content\/uploads\/2024\/01\/logo-OIRSA23.png?fit=2791%2C782&ssl=1","type":"image\/png"}],"twitter_card":"summary_large_image","twitter_site":"@OIRSAoficial","twitter_misc":{"Est. reading time":"4 minutes"},"schema":{"@context":"https:\/\/schema.org","@graph":[{"@type":"WebPage","@id":"https:\/\/web.oirsa.org\/servicio-internacional-de-tratamientos-cuarentenarios-sitc-2","url":"https:\/\/web.oirsa.org\/servicio-internacional-de-tratamientos-cuarentenarios-sitc-2","name":"SITC - OIRSA","isPartOf":{"@id":"https:\/\/web.oirsa.org\/#website"},"datePublished":"2023-10-16T17:00:53+00:00","dateModified":"2025-03-14T17:01:03+00:00","breadcrumb":{"@id":"https:\/\/web.oirsa.org\/servicio-internacional-de-tratamientos-cuarentenarios-sitc-2#breadcrumb"},"inLanguage":"en-US","potentialAction":[{"@type":"ReadAction","target":["https:\/\/web.oirsa.org\/servicio-internacional-de-tratamientos-cuarentenarios-sitc-2"]}]},{"@type":"BreadcrumbList","@id":"https:\/\/web.oirsa.org\/servicio-internacional-de-tratamientos-cuarentenarios-sitc-2#breadcrumb","itemListElement":[{"@type":"ListItem","position":1,"name":"Portada","item":"https:\/\/web.oirsa.org\/"},{"@type":"ListItem","position":2,"name":"SITC"}]},{"@type":"WebSite","@id":"https:\/\/web.oirsa.org\/#website","url":"https:\/\/web.oirsa.org\/","name":"OIRSA","description":"Organismo Internacional Regional de Sanidad Agropecuaria","publisher":{"@id":"https:\/\/web.oirsa.org\/#organization"},"potentialAction":[{"@type":"SearchAction","target":{"@type":"EntryPoint","urlTemplate":"https:\/\/web.oirsa.org\/?s={search_term_string}"},"query-input":{"@type":"PropertyValueSpecification","valueRequired":true,"valueName":"search_term_string"}}],"inLanguage":"en-US"},{"@type":"Organization","@id":"https:\/\/web.oirsa.org\/#organization","name":"OIRSA","url":"https:\/\/web.oirsa.org\/","logo":{"@type":"ImageObject","inLanguage":"en-US","@id":"https:\/\/web.oirsa.org\/#\/schema\/logo\/image\/","url":"https:\/\/web.oirsa.org\/wp-content\/uploads\/2024\/01\/cropped-LOGO-OIRSA-2023.png","contentUrl":"https:\/\/web.oirsa.org\/wp-content\/uploads\/2024\/01\/cropped-LOGO-OIRSA-2023.png","width":512,"height":512,"caption":"OIRSA"},"image":{"@id":"https:\/\/web.oirsa.org\/#\/schema\/logo\/image\/"},"sameAs":["https:\/\/www.facebook.com\/OIRSAoficial","https:\/\/x.com\/OIRSAoficial"]}]}},"jetpack_sharing_enabled":true,"_links":{"self":[{"href":"https:\/\/web.oirsa.org\/en\/wp-json\/wp\/v2\/pages\/12825","targetHints":{"allow":["GET"]}}],"collection":[{"href":"https:\/\/web.oirsa.org\/en\/wp-json\/wp\/v2\/pages"}],"about":[{"href":"https:\/\/web.oirsa.org\/en\/wp-json\/wp\/v2\/types\/page"}],"author":[{"embeddable":true,"href":"https:\/\/web.oirsa.org\/en\/wp-json\/wp\/v2\/users\/213237739"}],"replies":[{"embeddable":true,"href":"https:\/\/web.oirsa.org\/en\/wp-json\/wp\/v2\/comments?post=12825"}],"version-history":[{"count":48,"href":"https:\/\/web.oirsa.org\/en\/wp-json\/wp\/v2\/pages\/12825\/revisions"}],"predecessor-version":[{"id":17231,"href":"https:\/\/web.oirsa.org\/en\/wp-json\/wp\/v2\/pages\/12825\/revisions\/17231"}],"wp:attachment":[{"href":"https:\/\/web.oirsa.org\/en\/wp-json\/wp\/v2\/media?parent=12825"}],"curies":[{"name":"wp","href":"https:\/\/api.w.org\/{rel}","templated":true}]}}