{"id":1193,"date":"2021-12-03T08:50:24","date_gmt":"2021-12-03T14:50:24","guid":{"rendered":"http:\/\/10.103.20.84\/?page_id=1193"},"modified":"2025-03-14T10:58:03","modified_gmt":"2025-03-14T16:58:03","slug":"servicios-cuarentenarios","status":"publish","type":"page","link":"https:\/\/web.oirsa.org\/en\/servicios-cuarentenarios","title":{"rendered":"Regional Directorate of Quarantine Services"},"content":{"rendered":"<div class=\"wpb-content-wrapper\"><section class=\"vc_section vc_custom_1707492180867 vc_section-has-fill\"><section class=\"wpb_row vc_row-fluid\"><div class=\"container\"><div class=\"row\"><div class=\"wpb_column vc_column_container vc_col-sm-8\"><div class=\"vc_column-inner\"  ><div class=\"wpb_wrapper\"><div class=\"vc_row wpb_row vc_inner vc_row-fluid\"><div class=\"wpb_column vc_column_container vc_col-sm-12\"><div class=\"vc_column-inner\"><div class=\"wpb_wrapper\"><h1 style=\"font-size: 25px;color: #002166;text-align: left;font-family:Montserrat;font-weight:400;font-style:normal\" class=\"vc_custom_heading vc_do_custom_heading\" >Objectives:<\/h1><\/div><\/div><\/div><\/div><div class=\"vc_row wpb_row vc_inner vc_row-fluid\"><div class=\"wpb_column vc_column_container vc_col-sm-12\"><div class=\"vc_column-inner\"><div class=\"wpb_wrapper\">\n\t<div class=\"wpb_text_column wpb_content_element\" >\n\t\t<div class=\"wpb_wrapper\">\n\t\t\t<ul>\n<li>Prevent the introduction and establishment of exotic pest and disease species.<\/li>\n<li>Delay, control, and eradicate, when possible, any pest or disease that has already been introduced.<\/li>\n<\/ul>\n<p><!-- \/wp:post-content --><\/p>\n<p><!-- wp:list-item --><\/p>\n\n\t\t<\/div>\n\t<\/div>\n<\/div><\/div><\/div><div class=\"wpb_column vc_column_container vc_col-sm-12\"><div class=\"vc_column-inner\"><div class=\"wpb_wrapper\"><\/div><\/div><\/div><\/div>\n\t<div class=\"wpb_text_column wpb_content_element\" >\n\t\t<div class=\"wpb_wrapper\">\n\t\t\t<h3><span style=\"color: #002166;\">Plant Quarantine and Control of Imports of Animal Origin<\/span><\/h3>\n<p>In recent decades, commercial exchange has experienced a significant increase among countries from different geographic areas. Nowadays, there is a constant flow of the most diverse goods arriving in OIRSA region countries from various origins, being transported by different means, in large volumes, and extremely short periods.<\/p>\n<p>As a consequence of the dynamics of the global economy, we observe the modernization and diversification of means of transportation. Importers and exporters have at their disposal a wide range of options for mobilizing perishable and non-perishable goods at competitive prices and with complete coverage of the global market. Therefore, it is not uncommon to see an agricultural product harvested in the morning in any OIRSA country arrive in excellent condition almost anywhere in the world by night of the same day. However, this exchange is bidirectional, as the markets in the OIRSA region also receive daily shipments of products from almost every continent.<\/p>\n\n\t\t<\/div>\n\t<\/div>\n<div class=\"wpb_images_carousel wpb_content_element vc_clearfix vc_custom_1701444818379 wpb_content_element\"><div class=\"wpb_wrapper\"><div id=\"vc_images-carousel-1-1776688526\" data-ride=\"vc_carousel\" data-wrap=\"true\" style=\"width: 650px;\" data-interval=\"2500\" data-auto-height=\"yes\" data-mode=\"horizontal\" data-partial=\"false\" data-per-view=\"1\" data-hide-on-end=\"false\" class=\"vc_slide vc_images_carousel\"><ol class=\"vc_carousel-indicators\"><li data-target=\"#vc_images-carousel-1-1776688526\" data-slide-to=\"0\"><\/li><li data-target=\"#vc_images-carousel-1-1776688526\" data-slide-to=\"1\"><\/li><li data-target=\"#vc_images-carousel-1-1776688526\" data-slide-to=\"2\"><\/li><li data-target=\"#vc_images-carousel-1-1776688526\" data-slide-to=\"3\"><\/li><li data-target=\"#vc_images-carousel-1-1776688526\" data-slide-to=\"4\"><\/li><\/ol><div class=\"vc_carousel-inner\"><div class=\"vc_carousel-slideline\"><div class=\"vc_carousel-slideline-inner\"><div class=\"vc_item\"><div class=\"vc_inner\"><img decoding=\"async\" class=\"\" src=\"https:\/\/i0.wp.com\/web.oirsa.org\/wp-content\/uploads\/2023\/11\/1-Slide-1-650x366.jpg\" width=\"650\" height=\"366\" alt=\"1- Slide 1\" title=\"1- Slide 1\" loading=\"lazy\" \/><\/div><\/div><div class=\"vc_item\"><div class=\"vc_inner\"><img decoding=\"async\" class=\"\" src=\"https:\/\/i0.wp.com\/web.oirsa.org\/wp-content\/uploads\/2023\/11\/1-Slide-2-Puerto-Barrios-650x366.jpeg\" width=\"650\" height=\"366\" alt=\"Puerto Barrios\" title=\"Puerto Barrios\" loading=\"lazy\" \/><\/div><\/div><div class=\"vc_item\"><div class=\"vc_inner\"><img decoding=\"async\" class=\"\" src=\"https:\/\/i0.wp.com\/web.oirsa.org\/wp-content\/uploads\/2023\/12\/Foto-1-650x366.jpg\" width=\"650\" height=\"366\" alt=\"Foto 1\" title=\"Foto 1\" loading=\"lazy\" \/><\/div><\/div><div class=\"vc_item\"><div class=\"vc_inner\"><img decoding=\"async\" class=\"\" src=\"https:\/\/i0.wp.com\/web.oirsa.org\/wp-content\/uploads\/2023\/12\/Funcionarios-del-SITC-de-Panama-reciben-capacitacion-teorica-en-tratamientos-cuarentenarios-en-Herrera-Panama-scaled-650x366.jpg\" width=\"650\" height=\"366\" alt=\"Funcionarios del SITC de Panama? reciben capacitacio?n teo?rica en tratamientos cuarentenarios en Herrera, Panama?\" title=\"Funcionarios del SITC de Panama? reciben capacitacio?n teo?rica en tratamientos cuarentenarios en Herrera, Panama?\" loading=\"lazy\" \/><\/div><\/div><div class=\"vc_item\"><div class=\"vc_inner\"><img decoding=\"async\" class=\"\" src=\"https:\/\/i0.wp.com\/web.oirsa.org\/wp-content\/uploads\/2023\/12\/Ecuador-Teca-2-650x366.jpeg\" width=\"650\" height=\"366\" alt=\"Ecuador Teca 2\" title=\"Ecuador Teca 2\" loading=\"lazy\" \/><\/div><\/div><\/div><\/div><\/div><a class=\"vc_left vc_carousel-control\" href=\"#vc_images-carousel-1-1776688526\" data-slide=\"prev\"><span class=\"icon-prev\"><\/span><\/a><a class=\"vc_right vc_carousel-control\" href=\"#vc_images-carousel-1-1776688526\" data-slide=\"next\"><span class=\"icon-next\"><\/span><\/a><\/div><\/div><\/div><div class=\"vc_row wpb_row vc_inner vc_row-fluid\"><div class=\"wpb_column vc_column_container vc_col-sm-12\"><div class=\"vc_column-inner\"><div class=\"wpb_wrapper\">\n\t<div class=\"wpb_text_column wpb_content_element\" >\n\t\t<div class=\"wpb_wrapper\">\n\t\t\t<p>This reality undoubtedly strengthens the economies of the OIRSA member states and, in a way, also ensures the food security of their people, significantly increasing the risk of arrival, establishment, and spread of pests and diseases that can affect agriculture and livestock, as well as consumer health.<\/p>\n<p>The arrival of agricultural products and by-products in OIRSA countries constitutes an important means of transportation for pests and diseases. However, the transportation methods used for the mobilization of these goods are also a risk factor, as they transport organisms (insect pests, weed seeds, mollusks, etc.) that are not directly associated with the product being transported but are carried around the world on aircraft, ships, vehicles, and cargo containers.<\/p>\n<p>International trade is not the only activity that has experienced a dramatic increase in recent years. The movement of tourists has also grown significantly worldwide. Thus, the multiple transportation options, competitive prices, and new tourist destination proposals have positioned OIRSA countries on the leisure and entertainment agenda of hundreds of thousands of tourists, causing millions of people to enter their ports, airports, and land borders daily.<\/p>\n<p>In addition to the above, an important risk factor is the increasingly frequent occurrence of climatological phenomena (hurricanes, cyclones, tropical storms, droughts, and floods) resulting from climate change, which facilitates the spread of crop and animal pests and diseases and their dissemination throughout the region.<\/p>\n<p>In response to this situation, OIRSA, through its Quarantine Services, works hand in hand with the Ministries and Secretariats of Agriculture and Livestock of the member countries to prevent the entry of pests and diseases that threaten the phytosanitary and zoosanitary health of the region.<\/p>\n\n\t\t<\/div>\n\t<\/div>\n<\/div><\/div><\/div><\/div><\/div><\/div><\/div><div class=\"wpb_column vc_column_container vc_col-sm-4\"><div class=\"vc_column-inner\"  ><div class=\"wpb_wrapper\"><div class=\"vc_empty_space\"   style=\"height: 50px\"><span class=\"vc_empty_space_inner\"><\/span><\/div><h3 style=\"font-size: 16px;color: #002166;text-align: center;font-family:Montserrat;font-weight:400;font-style:normal\" class=\"vc_custom_heading vc_do_custom_heading\" >Services in support of agricultural quarantine<\/h3>\n\t<div class=\"wpb_text_column wpb_content_element\" >\n\t\t<div class=\"wpb_wrapper\">\n\t\t\t<p>&nbsp;<\/p>\n<p><a href=\"https:\/\/web.oirsa.org\/en\/servicio-internacional-de-tratamientos-cuarentenarios-sitc-2\/\"><img data-recalc-dims=\"1\" loading=\"lazy\" decoding=\"async\" class=\"wp-image-13240 aligncenter\" src=\"https:\/\/i0.wp.com\/web.oirsa.org\/wp-content\/uploads\/2023\/11\/SITC-logo.png?resize=225%2C122&#038;ssl=1\" alt=\"\" width=\"225\" height=\"122\" srcset=\"https:\/\/i0.wp.com\/web.oirsa.org\/wp-content\/uploads\/2023\/11\/SITC-logo.png?resize=300%2C163&amp;ssl=1 300w, https:\/\/i0.wp.com\/web.oirsa.org\/wp-content\/uploads\/2023\/11\/SITC-logo.png?resize=1024%2C557&amp;ssl=1 1024w, https:\/\/i0.wp.com\/web.oirsa.org\/wp-content\/uploads\/2023\/11\/SITC-logo.png?resize=768%2C417&amp;ssl=1 768w, https:\/\/i0.wp.com\/web.oirsa.org\/wp-content\/uploads\/2023\/11\/SITC-logo.png?resize=18%2C10&amp;ssl=1 18w, https:\/\/i0.wp.com\/web.oirsa.org\/wp-content\/uploads\/2023\/11\/SITC-logo.png?w=1310&amp;ssl=1 1310w\" sizes=\"auto, (max-width: 225px) 100vw, 225px\" \/><\/a><\/p>\n<p><a href=\"https:\/\/web.oirsa.org\/en\/servicio-de-proteccion-agropecuaria-sepa-2\/\"><img data-recalc-dims=\"1\" loading=\"lazy\" decoding=\"async\" class=\"wp-image-13239 aligncenter\" src=\"https:\/\/i0.wp.com\/web.oirsa.org\/wp-content\/uploads\/2023\/11\/Logos_SEPA-copia.png?resize=225%2C169&#038;ssl=1\" alt=\"\" width=\"225\" height=\"169\" srcset=\"https:\/\/i0.wp.com\/web.oirsa.org\/wp-content\/uploads\/2023\/11\/Logos_SEPA-copia.png?resize=300%2C225&amp;ssl=1 300w, https:\/\/i0.wp.com\/web.oirsa.org\/wp-content\/uploads\/2023\/11\/Logos_SEPA-copia.png?resize=1024%2C768&amp;ssl=1 1024w, https:\/\/i0.wp.com\/web.oirsa.org\/wp-content\/uploads\/2023\/11\/Logos_SEPA-copia.png?resize=768%2C576&amp;ssl=1 768w, https:\/\/i0.wp.com\/web.oirsa.org\/wp-content\/uploads\/2023\/11\/Logos_SEPA-copia.png?resize=1536%2C1152&amp;ssl=1 1536w, https:\/\/i0.wp.com\/web.oirsa.org\/wp-content\/uploads\/2023\/11\/Logos_SEPA-copia.png?resize=2048%2C1536&amp;ssl=1 2048w, https:\/\/i0.wp.com\/web.oirsa.org\/wp-content\/uploads\/2023\/11\/Logos_SEPA-copia.png?resize=16%2C12&amp;ssl=1 16w, https:\/\/i0.wp.com\/web.oirsa.org\/wp-content\/uploads\/2023\/11\/Logos_SEPA-copia.png?resize=800%2C600&amp;ssl=1 800w, https:\/\/i0.wp.com\/web.oirsa.org\/wp-content\/uploads\/2023\/11\/Logos_SEPA-copia.png?resize=640%2C480&amp;ssl=1 640w\" sizes=\"auto, (max-width: 225px) 100vw, 225px\" \/><\/a><\/p>\n\n\t\t<\/div>\n\t<\/div>\n<div class=\"vc_row wpb_row vc_inner vc_row-fluid\"><div class=\"wpb_column vc_column_container vc_col-sm-12\"><div class=\"vc_column-inner\"><div class=\"wpb_wrapper\">\n\t<div  class=\"wpb_single_image wpb_content_element vc_align_left wpb_content_element\">\n\t\t\n\t\t<figure class=\"wpb_wrapper vc_figure\">\n\t\t\t<a href=\"https:\/\/web.oirsa.org\/en\/unidades-caninas-2\/\" target=\"_self\" class=\"vc_single_image-wrapper   vc_box_border_grey\"><img loading=\"lazy\" decoding=\"async\" width=\"825\" height=\"206\" src=\"https:\/\/i0.wp.com\/web.oirsa.org\/wp-content\/uploads\/2023\/11\/Unidades-caninas-icono-copia.jpg?fit=825%2C206&amp;ssl=1\" class=\"vc_single_image-img attachment-full\" alt=\"\" title=\"Unidades caninas icono copia\" srcset=\"https:\/\/i0.wp.com\/web.oirsa.org\/wp-content\/uploads\/2023\/11\/Unidades-caninas-icono-copia.jpg?w=825&amp;ssl=1 825w, https:\/\/i0.wp.com\/web.oirsa.org\/wp-content\/uploads\/2023\/11\/Unidades-caninas-icono-copia.jpg?resize=300%2C75&amp;ssl=1 300w, https:\/\/i0.wp.com\/web.oirsa.org\/wp-content\/uploads\/2023\/11\/Unidades-caninas-icono-copia.jpg?resize=768%2C192&amp;ssl=1 768w, https:\/\/i0.wp.com\/web.oirsa.org\/wp-content\/uploads\/2023\/11\/Unidades-caninas-icono-copia.jpg?resize=18%2C4&amp;ssl=1 18w\" sizes=\"auto, (max-width: 525px) 100vw, 525px\" \/><\/a>\n\t\t<\/figure>\n\t<\/div>\n<\/div><\/div><\/div><\/div>\n\t<div class=\"wpb_text_column wpb_content_element\" >\n\t\t<div class=\"wpb_wrapper\">\n\t\t\t<ul>\n<li><a href=\"https:\/\/web.oirsa.org\/en\/cuarentena-vegetal-y-control-de-las-importaciones-de-origen-animal-2\/\">History of agricultural quarantine and OIRSA\u00a0<\/a><\/li>\n<li><a href=\"https:\/\/web.oirsa.org\/en\/principales-amenazas-2\/\">Main Threats<\/a><\/li>\n<li><a href=\"https:\/\/web.oirsa.org\/en\/.com\/documentos-tecnicos-2\/\">Technical Documents<\/a><\/li>\n<\/ul>\n\n\t\t<\/div>\n\t<\/div>\n<div class=\"vc_separator wpb_content_element vc_separator_align_center vc_sep_width_100 vc_sep_pos_align_center vc_separator_no_text vc_sep_color_black wpb_content_element  wpb_content_element\" ><span class=\"vc_sep_holder vc_sep_holder_l\"><span class=\"vc_sep_line\"><\/span><\/span><span class=\"vc_sep_holder vc_sep_holder_r\"><span class=\"vc_sep_line\"><\/span><\/span>\n<\/div>\n\t<div class=\"wpb_text_column wpb_content_element\" >\n\t\t<div class=\"wpb_wrapper\">\n\t\t\t<h4 style=\"text-align: center;\"><strong>Ing. Jos\u00e9 Iv\u00e1n Hern\u00e1ndez<\/strong><\/h4>\n<p style=\"text-align: center;\">Director Regional de Servicios Cuarentenarios<\/p>\n\n\t\t<\/div>\n\t<\/div>\n<div class=\"vc_separator wpb_content_element vc_separator_align_center vc_sep_width_100 vc_sep_pos_align_center vc_separator_no_text vc_sep_color_black wpb_content_element  wpb_content_element\" ><span class=\"vc_sep_holder vc_sep_holder_l\"><span class=\"vc_sep_line\"><\/span><\/span><span class=\"vc_sep_holder vc_sep_holder_r\"><span class=\"vc_sep_line\"><\/span><\/span>\n<\/div><h3 style=\"font-size: 16px;color: #002166;text-align: center;font-family:Montserrat;font-weight:400;font-style:normal\" class=\"vc_custom_heading vc_do_custom_heading\" >Lines of action of Quarantine Services<\/h3><div class=\"vc_empty_space\"   style=\"height: 25px\"><span class=\"vc_empty_space_inner\"><\/span><\/div><div class=\"vc_tta-container\" data-vc-action=\"collapseAll\"><div class=\"vc_general vc_tta vc_tta-accordion vc_tta-color-grey vc_tta-style-classic vc_tta-shape-rounded vc_tta-o-shape-group vc_tta-controls-align-center vc_tta-o-all-clickable\"><div class=\"vc_tta-panels-container\"><div class=\"vc_tta-panels\"><div class=\"vc_tta-panel\" id=\"1701387685332-36002769-2b50\" data-vc-content=\".vc_tta-panel-body\"><div class=\"vc_tta-panel-heading\"><h5 class=\"vc_tta-panel-title vc_tta-controls-icon-position-left\"><a href=\"#1701387685332-36002769-2b50\" data-vc-accordion data-vc-container=\".vc_tta-container\"><span class=\"vc_tta-title-text\">Agricultural Quarantine Courses<\/span><i class=\"vc_tta-controls-icon vc_tta-controls-icon-triangle\"><\/i><\/a><\/h5><\/div><div class=\"vc_tta-panel-body\">\n\t<div class=\"wpb_text_column wpb_content_element\" >\n\t\t<div class=\"wpb_wrapper\">\n\t\t\t<p>Methodology by teaching areas:<\/p>\n<p>Basic training area<br \/>Phytosanitary information area<br \/>Quarantine application area<\/p>\n\n\t\t<\/div>\n\t<\/div>\n<\/div><\/div><div class=\"vc_tta-panel\" id=\"1701387685341-38ff76ab-aa97\" data-vc-content=\".vc_tta-panel-body\"><div class=\"vc_tta-panel-heading\"><h5 class=\"vc_tta-panel-title vc_tta-controls-icon-position-left\"><a href=\"#1701387685341-38ff76ab-aa97\" data-vc-accordion data-vc-container=\".vc_tta-container\"><span class=\"vc_tta-title-text\">Regional Early Warning System<\/span><i class=\"vc_tta-controls-icon vc_tta-controls-icon-triangle\"><\/i><\/a><\/h5><\/div><div class=\"vc_tta-panel-body\">\n\t<div class=\"wpb_text_column wpb_content_element\" >\n\t\t<div class=\"wpb_wrapper\">\n\t\t\t<p style=\"text-align: center;\"><span style=\"font-size: 14px;\">Through this System, quarantine authorities in the region are informed about interceptions of pests, rejections, origins, prohibitions, or any other information deemed important for protecting the regional agricultural heritage.<\/span><\/p>\n\n\t\t<\/div>\n\t<\/div>\n<\/div><\/div><div class=\"vc_tta-panel\" id=\"1701388613387-a8a630ba-1cad\" data-vc-content=\".vc_tta-panel-body\"><div class=\"vc_tta-panel-heading\"><h5 class=\"vc_tta-panel-title vc_tta-controls-icon-position-left\"><a href=\"#1701388613387-a8a630ba-1cad\" data-vc-accordion data-vc-container=\".vc_tta-container\"><span class=\"vc_tta-title-text\">Remote Digital Pest Imaging Diagnostics Network<\/span><i class=\"vc_tta-controls-icon vc_tta-controls-icon-triangle\"><\/i><\/a><\/h5><\/div><div class=\"vc_tta-panel-body\">\n\t<div class=\"wpb_text_column wpb_content_element\" >\n\t\t<div class=\"wpb_wrapper\">\n\t\t\t<p>The establishment and development of a remote pest diagnosis system in the national agricultural quarantine services of OIRSA member countries allow for the submission of pest images to specialists who assist in identifying specific pests.<\/p>\n\n\t\t<\/div>\n\t<\/div>\n<\/div><\/div><\/div><\/div><\/div><\/div><\/div><\/div><\/div><\/div><\/div><\/section><\/section><\/div>","protected":false},"excerpt":{"rendered":"Objetivos Prevenir la introducci\u00f3n y establecimiento de especies ex\u00f3ticas de plagas y enfermedades. Retardar, controlar y erradicar cuando sea posible, [...]","protected":false},"author":213237738,"featured_media":12637,"parent":0,"menu_order":0,"comment_status":"closed","ping_status":"closed","template":"page-templates\/template-canvas.php","meta":{"_coblocks_attr":"","_coblocks_dimensions":"","_coblocks_responsive_height":"","_coblocks_accordion_ie_support":"","_crdt_document":"","footnotes":""},"class_list":["post-1193","page","type-page","status-publish","has-post-thumbnail","hentry"],"yoast_head":"<!-- This site is optimized with the Yoast SEO plugin v27.4 - https:\/\/yoast.com\/product\/yoast-seo-wordpress\/ -->\n<title>Direcci\u00f3n Regional de Servicios Cuarentenarios - OIRSA<\/title>\n<meta name=\"robots\" content=\"index, follow, max-snippet:-1, max-image-preview:large, max-video-preview:-1\" \/>\n<link rel=\"canonical\" href=\"https:\/\/web.oirsa.org\/en\/servicios-cuarentenarios\/\" \/>\n<meta property=\"og:locale\" content=\"en_US\" \/>\n<meta property=\"og:type\" content=\"article\" \/>\n<meta property=\"og:title\" content=\"Direcci\u00f3n Regional de Servicios Cuarentenarios - OIRSA\" \/>\n<meta property=\"og:url\" content=\"https:\/\/web.oirsa.org\/en\/servicios-cuarentenarios\/\" \/>\n<meta property=\"og:site_name\" content=\"OIRSA\" \/>\n<meta property=\"article:publisher\" content=\"https:\/\/www.facebook.com\/OIRSAoficial\" \/>\n<meta property=\"article:modified_time\" content=\"2025-03-14T16:58:03+00:00\" \/>\n<meta property=\"og:image\" content=\"https:\/\/web.oirsa.org\/wp-content\/uploads\/2023\/10\/Foto-DRSC.jpg\" \/>\n\t<meta property=\"og:image:width\" content=\"1920\" \/>\n\t<meta property=\"og:image:height\" content=\"1080\" \/>\n\t<meta property=\"og:image:type\" content=\"image\/jpeg\" \/>\n<meta name=\"twitter:card\" content=\"summary_large_image\" \/>\n<meta name=\"twitter:site\" content=\"@OIRSAoficial\" \/>\n<meta name=\"twitter:label1\" content=\"Est. reading time\" \/>\n\t<meta name=\"twitter:data1\" content=\"6 minutes\" \/>\n<script type=\"application\/ld+json\" class=\"yoast-schema-graph\">{\"@context\":\"https:\\\/\\\/schema.org\",\"@graph\":[{\"@type\":\"WebPage\",\"@id\":\"https:\\\/\\\/web.oirsa.org\\\/servicios-cuarentenarios\",\"url\":\"https:\\\/\\\/web.oirsa.org\\\/servicios-cuarentenarios\",\"name\":\"Direcci\u00f3n Regional de Servicios Cuarentenarios - OIRSA\",\"isPartOf\":{\"@id\":\"https:\\\/\\\/web.oirsa.org\\\/#website\"},\"primaryImageOfPage\":{\"@id\":\"https:\\\/\\\/web.oirsa.org\\\/servicios-cuarentenarios#primaryimage\"},\"image\":{\"@id\":\"https:\\\/\\\/web.oirsa.org\\\/servicios-cuarentenarios#primaryimage\"},\"thumbnailUrl\":\"https:\\\/\\\/i0.wp.com\\\/web.oirsa.org\\\/wp-content\\\/uploads\\\/2023\\\/10\\\/Foto-DRSC.jpg?fit=1920%2C1080&ssl=1\",\"datePublished\":\"2021-12-03T14:50:24+00:00\",\"dateModified\":\"2025-03-14T16:58:03+00:00\",\"breadcrumb\":{\"@id\":\"https:\\\/\\\/web.oirsa.org\\\/servicios-cuarentenarios#breadcrumb\"},\"inLanguage\":\"en-US\",\"potentialAction\":[{\"@type\":\"ReadAction\",\"target\":[\"https:\\\/\\\/web.oirsa.org\\\/servicios-cuarentenarios\"]}]},{\"@type\":\"ImageObject\",\"inLanguage\":\"en-US\",\"@id\":\"https:\\\/\\\/web.oirsa.org\\\/servicios-cuarentenarios#primaryimage\",\"url\":\"https:\\\/\\\/i0.wp.com\\\/web.oirsa.org\\\/wp-content\\\/uploads\\\/2023\\\/10\\\/Foto-DRSC.jpg?fit=1920%2C1080&ssl=1\",\"contentUrl\":\"https:\\\/\\\/i0.wp.com\\\/web.oirsa.org\\\/wp-content\\\/uploads\\\/2023\\\/10\\\/Foto-DRSC.jpg?fit=1920%2C1080&ssl=1\",\"width\":1920,\"height\":1080},{\"@type\":\"BreadcrumbList\",\"@id\":\"https:\\\/\\\/web.oirsa.org\\\/servicios-cuarentenarios#breadcrumb\",\"itemListElement\":[{\"@type\":\"ListItem\",\"position\":1,\"name\":\"Portada\",\"item\":\"https:\\\/\\\/web.oirsa.org\\\/\"},{\"@type\":\"ListItem\",\"position\":2,\"name\":\"Direcci\u00f3n Regional de Servicios Cuarentenarios\"}]},{\"@type\":\"WebSite\",\"@id\":\"https:\\\/\\\/web.oirsa.org\\\/#website\",\"url\":\"https:\\\/\\\/web.oirsa.org\\\/\",\"name\":\"OIRSA\",\"description\":\"Organismo Internacional Regional de Sanidad Agropecuaria\",\"publisher\":{\"@id\":\"https:\\\/\\\/web.oirsa.org\\\/#organization\"},\"potentialAction\":[{\"@type\":\"SearchAction\",\"target\":{\"@type\":\"EntryPoint\",\"urlTemplate\":\"https:\\\/\\\/web.oirsa.org\\\/?s={search_term_string}\"},\"query-input\":{\"@type\":\"PropertyValueSpecification\",\"valueRequired\":true,\"valueName\":\"search_term_string\"}}],\"inLanguage\":\"en-US\"},{\"@type\":\"Organization\",\"@id\":\"https:\\\/\\\/web.oirsa.org\\\/#organization\",\"name\":\"OIRSA\",\"url\":\"https:\\\/\\\/web.oirsa.org\\\/\",\"logo\":{\"@type\":\"ImageObject\",\"inLanguage\":\"en-US\",\"@id\":\"https:\\\/\\\/web.oirsa.org\\\/#\\\/schema\\\/logo\\\/image\\\/\",\"url\":\"https:\\\/\\\/web.oirsa.org\\\/wp-content\\\/uploads\\\/2024\\\/01\\\/cropped-LOGO-OIRSA-2023.png\",\"contentUrl\":\"https:\\\/\\\/web.oirsa.org\\\/wp-content\\\/uploads\\\/2024\\\/01\\\/cropped-LOGO-OIRSA-2023.png\",\"width\":512,\"height\":512,\"caption\":\"OIRSA\"},\"image\":{\"@id\":\"https:\\\/\\\/web.oirsa.org\\\/#\\\/schema\\\/logo\\\/image\\\/\"},\"sameAs\":[\"https:\\\/\\\/www.facebook.com\\\/OIRSAoficial\",\"https:\\\/\\\/x.com\\\/OIRSAoficial\"]}]}<\/script>\n<!-- \/ Yoast SEO plugin. -->","yoast_head_json":{"title":"Direcci\u00f3n Regional de Servicios Cuarentenarios - OIRSA","robots":{"index":"index","follow":"follow","max-snippet":"max-snippet:-1","max-image-preview":"max-image-preview:large","max-video-preview":"max-video-preview:-1"},"canonical":"https:\/\/web.oirsa.org\/en\/servicios-cuarentenarios\/","og_locale":"en_US","og_type":"article","og_title":"Direcci\u00f3n Regional de Servicios Cuarentenarios - OIRSA","og_url":"https:\/\/web.oirsa.org\/en\/servicios-cuarentenarios\/","og_site_name":"OIRSA","article_publisher":"https:\/\/www.facebook.com\/OIRSAoficial","article_modified_time":"2025-03-14T16:58:03+00:00","og_image":[{"width":1920,"height":1080,"url":"https:\/\/web.oirsa.org\/wp-content\/uploads\/2023\/10\/Foto-DRSC.jpg","type":"image\/jpeg"}],"twitter_card":"summary_large_image","twitter_site":"@OIRSAoficial","twitter_misc":{"Est. reading time":"6 minutes"},"schema":{"@context":"https:\/\/schema.org","@graph":[{"@type":"WebPage","@id":"https:\/\/web.oirsa.org\/servicios-cuarentenarios","url":"https:\/\/web.oirsa.org\/servicios-cuarentenarios","name":"Direcci\u00f3n Regional de Servicios Cuarentenarios - OIRSA","isPartOf":{"@id":"https:\/\/web.oirsa.org\/#website"},"primaryImageOfPage":{"@id":"https:\/\/web.oirsa.org\/servicios-cuarentenarios#primaryimage"},"image":{"@id":"https:\/\/web.oirsa.org\/servicios-cuarentenarios#primaryimage"},"thumbnailUrl":"https:\/\/i0.wp.com\/web.oirsa.org\/wp-content\/uploads\/2023\/10\/Foto-DRSC.jpg?fit=1920%2C1080&ssl=1","datePublished":"2021-12-03T14:50:24+00:00","dateModified":"2025-03-14T16:58:03+00:00","breadcrumb":{"@id":"https:\/\/web.oirsa.org\/servicios-cuarentenarios#breadcrumb"},"inLanguage":"en-US","potentialAction":[{"@type":"ReadAction","target":["https:\/\/web.oirsa.org\/servicios-cuarentenarios"]}]},{"@type":"ImageObject","inLanguage":"en-US","@id":"https:\/\/web.oirsa.org\/servicios-cuarentenarios#primaryimage","url":"https:\/\/i0.wp.com\/web.oirsa.org\/wp-content\/uploads\/2023\/10\/Foto-DRSC.jpg?fit=1920%2C1080&ssl=1","contentUrl":"https:\/\/i0.wp.com\/web.oirsa.org\/wp-content\/uploads\/2023\/10\/Foto-DRSC.jpg?fit=1920%2C1080&ssl=1","width":1920,"height":1080},{"@type":"BreadcrumbList","@id":"https:\/\/web.oirsa.org\/servicios-cuarentenarios#breadcrumb","itemListElement":[{"@type":"ListItem","position":1,"name":"Portada","item":"https:\/\/web.oirsa.org\/"},{"@type":"ListItem","position":2,"name":"Direcci\u00f3n Regional de Servicios Cuarentenarios"}]},{"@type":"WebSite","@id":"https:\/\/web.oirsa.org\/#website","url":"https:\/\/web.oirsa.org\/","name":"OIRSA","description":"Organismo Internacional Regional de Sanidad Agropecuaria","publisher":{"@id":"https:\/\/web.oirsa.org\/#organization"},"potentialAction":[{"@type":"SearchAction","target":{"@type":"EntryPoint","urlTemplate":"https:\/\/web.oirsa.org\/?s={search_term_string}"},"query-input":{"@type":"PropertyValueSpecification","valueRequired":true,"valueName":"search_term_string"}}],"inLanguage":"en-US"},{"@type":"Organization","@id":"https:\/\/web.oirsa.org\/#organization","name":"OIRSA","url":"https:\/\/web.oirsa.org\/","logo":{"@type":"ImageObject","inLanguage":"en-US","@id":"https:\/\/web.oirsa.org\/#\/schema\/logo\/image\/","url":"https:\/\/web.oirsa.org\/wp-content\/uploads\/2024\/01\/cropped-LOGO-OIRSA-2023.png","contentUrl":"https:\/\/web.oirsa.org\/wp-content\/uploads\/2024\/01\/cropped-LOGO-OIRSA-2023.png","width":512,"height":512,"caption":"OIRSA"},"image":{"@id":"https:\/\/web.oirsa.org\/#\/schema\/logo\/image\/"},"sameAs":["https:\/\/www.facebook.com\/OIRSAoficial","https:\/\/x.com\/OIRSAoficial"]}]}},"jetpack_sharing_enabled":true,"_links":{"self":[{"href":"https:\/\/web.oirsa.org\/en\/wp-json\/wp\/v2\/pages\/1193","targetHints":{"allow":["GET"]}}],"collection":[{"href":"https:\/\/web.oirsa.org\/en\/wp-json\/wp\/v2\/pages"}],"about":[{"href":"https:\/\/web.oirsa.org\/en\/wp-json\/wp\/v2\/types\/page"}],"author":[{"embeddable":true,"href":"https:\/\/web.oirsa.org\/en\/wp-json\/wp\/v2\/users\/213237738"}],"replies":[{"embeddable":true,"href":"https:\/\/web.oirsa.org\/en\/wp-json\/wp\/v2\/comments?post=1193"}],"version-history":[{"count":116,"href":"https:\/\/web.oirsa.org\/en\/wp-json\/wp\/v2\/pages\/1193\/revisions"}],"predecessor-version":[{"id":17230,"href":"https:\/\/web.oirsa.org\/en\/wp-json\/wp\/v2\/pages\/1193\/revisions\/17230"}],"wp:featuredmedia":[{"embeddable":true,"href":"https:\/\/web.oirsa.org\/en\/wp-json\/wp\/v2\/media\/12637"}],"wp:attachment":[{"href":"https:\/\/web.oirsa.org\/en\/wp-json\/wp\/v2\/media?parent=1193"}],"curies":[{"name":"wp","href":"https:\/\/api.w.org\/{rel}","templated":true}]}}