{"id":1139,"date":"2021-12-02T11:12:22","date_gmt":"2021-12-02T17:12:22","guid":{"rendered":"http:\/\/10.103.20.84\/?page_id=1139"},"modified":"2021-12-05T16:44:10","modified_gmt":"2021-12-05T22:44:10","slug":"documentos-institucionales","status":"publish","type":"page","link":"https:\/\/web.oirsa.org\/en\/documentos-institucionales","title":{"rendered":"Documentos institucionales"},"content":{"rendered":"<h2>Documentos institucionales <\/h2>\n<ul>\n<li><a href=\"https:\/\/www.oirsa.org\/contenido\/2018\/Memoria%20labores%20OIRSA%2014-17%20(final).pdf\">Memoria de labores del OIRSA 2014-2017<\/a><\/li>\n<li>\u00a0<a href=\"https:\/\/www.oirsa.org\/contenido\/2018\/Convenio%20constitutivo_ES.PDF\" target=\"_blank\" rel=\"noopener\">Constitutive Agreement of OIRSA<\/a><\/li>\n<li>\u00a0<a href=\"https:\/\/www.oirsa.org\/contenido\/2018\/Constitutional%20Agreement_IN.PDF\" target=\"_blank\" rel=\"noopener\">OIRSA\u00a0<\/a><a href=\"https:\/\/www.oirsa.org\/contenido\/2018\/Constitutional%20Agreement_IN.PDF\" target=\"_blank\" rel=\"noopener\">Constitutional Agreement<\/a><\/li>\n<li>\u00a0<a href=\"https:\/\/www.oirsa.org\/informacion.aspx?id=9\" target=\"_blank\" rel=\"noopener\">Plan estrat\u00e9gico 2015 \u2013 2025<\/a><\/li>\n<li>\u00a0<a href=\"https:\/\/www.oirsa.org\/contenido\/2018\/Strategic%20plan_2016-11-15%20(6).pdf\">Plan estrat\u00e9gico en ingl\u00e9s 2015-2025<\/a><\/li>\n<li><a href=\"https:\/\/www.oirsa.org\/contenido\/2018\/Programadevariablesclimaticas_WEB.PDF\" target=\"_blank\" rel=\"noopener\">Programa Regional de Variables Clim\u00e1ticas y Sanidad Agropecuaria<\/a><\/li>\n<li><a href=\"https:\/\/www.oirsa.org\/contenido\/2018\/Scanned%20from%20a%20Xerox%20Multifunction%20Printer%202.PDF\" target=\"_blank\" rel=\"noopener\">Memoria T\u00e9cnica Construcci\u00f3n de un sistema regional para an\u00e1lisis de riesgo de plagas y enfermedades<\/a><\/li>\n<li>\u00a0<a href=\"https:\/\/www.oirsa.org\/contenido\/2018\/Memoria%20organismos%20internacionales_final.pdf\">Memoria de I Encuentro de Organismos Internacionales\u00a0 <\/a><\/li>\n<li><a href=\"https:\/\/www.oirsa.org\/contenido\/2018\/(final)%20Memoria%20organismos%20internacionales%20II_04%20PANTONE%20354.pdf\" target=\"_blank\" rel=\"noopener\">\u00a0Memoria<\/a><a href=\"https:\/\/www.oirsa.org\/contenido\/2018\/(final)%20Memoria%20organismos%20internacionales%20II_04%20PANTONE%20354.pdf\" target=\"_blank\" rel=\"noopener\"> II Encuentro de Organismos Internacionales<\/a><\/li>\n<li><a href=\"https:\/\/www.oirsa.org\/contenido\/documentos\/Organismos%20regionales%20completo%20final%20web.pdf\" target=\"_blank\" rel=\"noopener\">Memoria III Encuentro de Organismos Internacionales<\/a><\/li>\n<\/ul>","protected":false},"excerpt":{"rendered":"<p>Documentos institucionales Memoria de labores del OIRSA 2014-2017 \u00a0Convenio Constitutivo del OIRSA \u00a0OIRSA\u00a0Constitutional Agreement \u00a0Plan estrat\u00e9gico 2015 \u2013 2025 \u00a0Plan [&hellip;]<\/p>\n","protected":false},"author":213237738,"featured_media":0,"parent":0,"menu_order":0,"comment_status":"closed","ping_status":"closed","template":"","meta":{"_coblocks_attr":"","_coblocks_dimensions":"","_coblocks_responsive_height":"","_coblocks_accordion_ie_support":"","_crdt_document":"","footnotes":""},"class_list":["post-1139","page","type-page","status-publish","hentry"],"yoast_head":"<!-- This site is optimized with the Yoast SEO plugin v27.5 - https:\/\/yoast.com\/product\/yoast-seo-wordpress\/ -->\n<title>Documentos institucionales - OIRSA<\/title>\n<meta name=\"robots\" content=\"index, follow, max-snippet:-1, max-image-preview:large, max-video-preview:-1\" \/>\n<link rel=\"canonical\" href=\"https:\/\/web.oirsa.org\/en\/documentos-institucionales\/\" \/>\n<meta property=\"og:locale\" content=\"en_US\" \/>\n<meta property=\"og:type\" content=\"article\" \/>\n<meta property=\"og:title\" content=\"Documentos institucionales - OIRSA\" \/>\n<meta property=\"og:description\" content=\"Documentos institucionales Memoria de labores del OIRSA 2014-2017 \u00a0Convenio Constitutivo del OIRSA \u00a0OIRSA\u00a0Constitutional Agreement \u00a0Plan estrat\u00e9gico 2015 \u2013 2025 \u00a0Plan [&hellip;]\" \/>\n<meta property=\"og:url\" content=\"https:\/\/web.oirsa.org\/en\/documentos-institucionales\/\" \/>\n<meta property=\"og:site_name\" content=\"OIRSA\" \/>\n<meta property=\"article:publisher\" content=\"https:\/\/www.facebook.com\/OIRSAoficial\" \/>\n<meta property=\"article:modified_time\" content=\"2021-12-05T22:44:10+00:00\" \/>\n<meta property=\"og:image\" content=\"https:\/\/i0.wp.com\/web.oirsa.org\/wp-content\/uploads\/2024\/01\/logo-OIRSA23.png?fit=2791%2C782&ssl=1\" \/>\n\t<meta property=\"og:image:width\" content=\"2791\" \/>\n\t<meta property=\"og:image:height\" content=\"782\" \/>\n\t<meta property=\"og:image:type\" content=\"image\/png\" \/>\n<meta name=\"twitter:card\" content=\"summary_large_image\" \/>\n<meta name=\"twitter:site\" content=\"@OIRSAoficial\" \/>\n<script type=\"application\/ld+json\" class=\"yoast-schema-graph\">{\"@context\":\"https:\\\/\\\/schema.org\",\"@graph\":[{\"@type\":\"WebPage\",\"@id\":\"https:\\\/\\\/web.oirsa.org\\\/documentos-institucionales\",\"url\":\"https:\\\/\\\/web.oirsa.org\\\/documentos-institucionales\",\"name\":\"Documentos institucionales - OIRSA\",\"isPartOf\":{\"@id\":\"https:\\\/\\\/web.oirsa.org\\\/#website\"},\"datePublished\":\"2021-12-02T17:12:22+00:00\",\"dateModified\":\"2021-12-05T22:44:10+00:00\",\"breadcrumb\":{\"@id\":\"https:\\\/\\\/web.oirsa.org\\\/documentos-institucionales#breadcrumb\"},\"inLanguage\":\"en-US\",\"potentialAction\":[{\"@type\":\"ReadAction\",\"target\":[\"https:\\\/\\\/web.oirsa.org\\\/documentos-institucionales\"]}]},{\"@type\":\"BreadcrumbList\",\"@id\":\"https:\\\/\\\/web.oirsa.org\\\/documentos-institucionales#breadcrumb\",\"itemListElement\":[{\"@type\":\"ListItem\",\"position\":1,\"name\":\"Portada\",\"item\":\"https:\\\/\\\/web.oirsa.org\\\/\"},{\"@type\":\"ListItem\",\"position\":2,\"name\":\"Documentos institucionales\"}]},{\"@type\":\"WebSite\",\"@id\":\"https:\\\/\\\/web.oirsa.org\\\/#website\",\"url\":\"https:\\\/\\\/web.oirsa.org\\\/\",\"name\":\"OIRSA\",\"description\":\"Organismo Internacional Regional de Sanidad Agropecuaria\",\"publisher\":{\"@id\":\"https:\\\/\\\/web.oirsa.org\\\/#organization\"},\"potentialAction\":[{\"@type\":\"SearchAction\",\"target\":{\"@type\":\"EntryPoint\",\"urlTemplate\":\"https:\\\/\\\/web.oirsa.org\\\/?s={search_term_string}\"},\"query-input\":{\"@type\":\"PropertyValueSpecification\",\"valueRequired\":true,\"valueName\":\"search_term_string\"}}],\"inLanguage\":\"en-US\"},{\"@type\":\"Organization\",\"@id\":\"https:\\\/\\\/web.oirsa.org\\\/#organization\",\"name\":\"OIRSA\",\"url\":\"https:\\\/\\\/web.oirsa.org\\\/\",\"logo\":{\"@type\":\"ImageObject\",\"inLanguage\":\"en-US\",\"@id\":\"https:\\\/\\\/web.oirsa.org\\\/#\\\/schema\\\/logo\\\/image\\\/\",\"url\":\"https:\\\/\\\/web.oirsa.org\\\/wp-content\\\/uploads\\\/2024\\\/01\\\/cropped-LOGO-OIRSA-2023.png\",\"contentUrl\":\"https:\\\/\\\/web.oirsa.org\\\/wp-content\\\/uploads\\\/2024\\\/01\\\/cropped-LOGO-OIRSA-2023.png\",\"width\":512,\"height\":512,\"caption\":\"OIRSA\"},\"image\":{\"@id\":\"https:\\\/\\\/web.oirsa.org\\\/#\\\/schema\\\/logo\\\/image\\\/\"},\"sameAs\":[\"https:\\\/\\\/www.facebook.com\\\/OIRSAoficial\",\"https:\\\/\\\/x.com\\\/OIRSAoficial\"]}]}<\/script>\n<!-- \/ Yoast SEO plugin. -->","yoast_head_json":{"title":"Documentos institucionales - OIRSA","robots":{"index":"index","follow":"follow","max-snippet":"max-snippet:-1","max-image-preview":"max-image-preview:large","max-video-preview":"max-video-preview:-1"},"canonical":"https:\/\/web.oirsa.org\/en\/documentos-institucionales\/","og_locale":"en_US","og_type":"article","og_title":"Documentos institucionales - OIRSA","og_description":"Documentos institucionales Memoria de labores del OIRSA 2014-2017 \u00a0Convenio Constitutivo del OIRSA \u00a0OIRSA\u00a0Constitutional Agreement \u00a0Plan estrat\u00e9gico 2015 \u2013 2025 \u00a0Plan [&hellip;]","og_url":"https:\/\/web.oirsa.org\/en\/documentos-institucionales\/","og_site_name":"OIRSA","article_publisher":"https:\/\/www.facebook.com\/OIRSAoficial","article_modified_time":"2021-12-05T22:44:10+00:00","og_image":[{"width":2791,"height":782,"url":"https:\/\/i0.wp.com\/web.oirsa.org\/wp-content\/uploads\/2024\/01\/logo-OIRSA23.png?fit=2791%2C782&ssl=1","type":"image\/png"}],"twitter_card":"summary_large_image","twitter_site":"@OIRSAoficial","schema":{"@context":"https:\/\/schema.org","@graph":[{"@type":"WebPage","@id":"https:\/\/web.oirsa.org\/documentos-institucionales","url":"https:\/\/web.oirsa.org\/documentos-institucionales","name":"Documentos institucionales - OIRSA","isPartOf":{"@id":"https:\/\/web.oirsa.org\/#website"},"datePublished":"2021-12-02T17:12:22+00:00","dateModified":"2021-12-05T22:44:10+00:00","breadcrumb":{"@id":"https:\/\/web.oirsa.org\/documentos-institucionales#breadcrumb"},"inLanguage":"en-US","potentialAction":[{"@type":"ReadAction","target":["https:\/\/web.oirsa.org\/documentos-institucionales"]}]},{"@type":"BreadcrumbList","@id":"https:\/\/web.oirsa.org\/documentos-institucionales#breadcrumb","itemListElement":[{"@type":"ListItem","position":1,"name":"Portada","item":"https:\/\/web.oirsa.org\/"},{"@type":"ListItem","position":2,"name":"Documentos institucionales"}]},{"@type":"WebSite","@id":"https:\/\/web.oirsa.org\/#website","url":"https:\/\/web.oirsa.org\/","name":"OIRSA","description":"Organismo Internacional Regional de Sanidad Agropecuaria","publisher":{"@id":"https:\/\/web.oirsa.org\/#organization"},"potentialAction":[{"@type":"SearchAction","target":{"@type":"EntryPoint","urlTemplate":"https:\/\/web.oirsa.org\/?s={search_term_string}"},"query-input":{"@type":"PropertyValueSpecification","valueRequired":true,"valueName":"search_term_string"}}],"inLanguage":"en-US"},{"@type":"Organization","@id":"https:\/\/web.oirsa.org\/#organization","name":"OIRSA","url":"https:\/\/web.oirsa.org\/","logo":{"@type":"ImageObject","inLanguage":"en-US","@id":"https:\/\/web.oirsa.org\/#\/schema\/logo\/image\/","url":"https:\/\/web.oirsa.org\/wp-content\/uploads\/2024\/01\/cropped-LOGO-OIRSA-2023.png","contentUrl":"https:\/\/web.oirsa.org\/wp-content\/uploads\/2024\/01\/cropped-LOGO-OIRSA-2023.png","width":512,"height":512,"caption":"OIRSA"},"image":{"@id":"https:\/\/web.oirsa.org\/#\/schema\/logo\/image\/"},"sameAs":["https:\/\/www.facebook.com\/OIRSAoficial","https:\/\/x.com\/OIRSAoficial"]}]}},"jetpack_sharing_enabled":true,"_links":{"self":[{"href":"https:\/\/web.oirsa.org\/en\/wp-json\/wp\/v2\/pages\/1139","targetHints":{"allow":["GET"]}}],"collection":[{"href":"https:\/\/web.oirsa.org\/en\/wp-json\/wp\/v2\/pages"}],"about":[{"href":"https:\/\/web.oirsa.org\/en\/wp-json\/wp\/v2\/types\/page"}],"author":[{"embeddable":true,"href":"https:\/\/web.oirsa.org\/en\/wp-json\/wp\/v2\/users\/213237738"}],"replies":[{"embeddable":true,"href":"https:\/\/web.oirsa.org\/en\/wp-json\/wp\/v2\/comments?post=1139"}],"version-history":[{"count":4,"href":"https:\/\/web.oirsa.org\/en\/wp-json\/wp\/v2\/pages\/1139\/revisions"}],"predecessor-version":[{"id":1690,"href":"https:\/\/web.oirsa.org\/en\/wp-json\/wp\/v2\/pages\/1139\/revisions\/1690"}],"wp:attachment":[{"href":"https:\/\/web.oirsa.org\/en\/wp-json\/wp\/v2\/media?parent=1139"}],"curies":[{"name":"wp","href":"https:\/\/api.w.org\/{rel}","templated":true}]}}