{"id":11371,"date":"2023-08-23T10:47:59","date_gmt":"2023-08-23T16:47:59","guid":{"rendered":"http:\/\/10.103.20.84\/?page_id=11371"},"modified":"2024-12-16T12:03:39","modified_gmt":"2024-12-16T18:03:39","slug":"comision-ejecutiva","status":"publish","type":"page","link":"https:\/\/web.oirsa.org\/en\/comision-ejecutiva","title":{"rendered":"EXECUTIVE COMMITTE"},"content":{"rendered":"<div class=\"wpb-content-wrapper\"><section class=\"wpb_row vc_row-fluid\"><div class=\"container\"><div class=\"row\"><div class=\"wpb_column vc_column_container vc_col-sm-8\"><div class=\"vc_column-inner\"  ><div class=\"wpb_wrapper\">\n\t<div class=\"wpb_text_column wpb_content_element\" >\n\t\t<div class=\"wpb_wrapper\">\n\t\t\t<figure class=\"wp-block-image size-large\"><img data-recalc-dims=\"1\" loading=\"lazy\" decoding=\"async\" class=\"alignnone wp-image-16856 size-full\" src=\"https:\/\/i0.wp.com\/web.oirsa.org\/wp-content\/uploads\/2024\/12\/Comision-Ejecutiva-nov-2024-1-scaled.jpg?resize=525%2C241&#038;ssl=1\" alt=\"\" width=\"525\" height=\"241\" srcset=\"https:\/\/i0.wp.com\/web.oirsa.org\/wp-content\/uploads\/2024\/12\/Comision-Ejecutiva-nov-2024-1-scaled.jpg?w=2560&amp;ssl=1 2560w, https:\/\/i0.wp.com\/web.oirsa.org\/wp-content\/uploads\/2024\/12\/Comision-Ejecutiva-nov-2024-1-scaled.jpg?resize=300%2C138&amp;ssl=1 300w, https:\/\/i0.wp.com\/web.oirsa.org\/wp-content\/uploads\/2024\/12\/Comision-Ejecutiva-nov-2024-1-scaled.jpg?resize=1024%2C470&amp;ssl=1 1024w, https:\/\/i0.wp.com\/web.oirsa.org\/wp-content\/uploads\/2024\/12\/Comision-Ejecutiva-nov-2024-1-scaled.jpg?resize=768%2C353&amp;ssl=1 768w, https:\/\/i0.wp.com\/web.oirsa.org\/wp-content\/uploads\/2024\/12\/Comision-Ejecutiva-nov-2024-1-scaled.jpg?resize=1536%2C706&amp;ssl=1 1536w, https:\/\/i0.wp.com\/web.oirsa.org\/wp-content\/uploads\/2024\/12\/Comision-Ejecutiva-nov-2024-1-scaled.jpg?resize=2048%2C941&amp;ssl=1 2048w, https:\/\/i0.wp.com\/web.oirsa.org\/wp-content\/uploads\/2024\/12\/Comision-Ejecutiva-nov-2024-1-scaled.jpg?resize=18%2C8&amp;ssl=1 18w\" sizes=\"auto, (max-width: 525px) 100vw, 525px\" \/><\/figure>\n<p><span style=\"font-size: 16px;\">The CIRSA formed the Executive Committee (CE), represented by the undersecretaries and deputy ministers of Agriculture and Livestock, to address the issues or matters entrusted by the CIRSA.<\/span><\/p>\n<p class=\"wp-block-paragraph\"><span style=\"font-size: 16px;\"><\/span><\/p>\n<p><span style=\"font-size: 16px;\">The Executive Committee's leading attribution is to act as the preparatory instance for the CIRSA meetings. In addition, in its advisory function, it examines the programs, projects, and the annual budget that the Executive Directorate submits for consideration by the Ministers and Secretaries, to whom it raises any relevant observations and recommendations. In general, the Executive Committee fulfills the tasks assigned to it by the CIRSA.<\/span><\/p>\n<p class=\"wp-block-paragraph\">\u00a0<\/p>\n\n\t\t<\/div>\n\t<\/div>\n<\/div><\/div><\/div><div class=\"wpb_column vc_column_container vc_col-sm-4\"><div class=\"vc_column-inner\"  ><div class=\"wpb_wrapper\"><\/div><\/div><\/div><\/div><\/div><\/section><\/div>","protected":false},"excerpt":{"rendered":"El CIRSA conform\u00f3 la Comisi\u00f3n Ejecutiva (CE), representada por los subsecretarios y viceministros de Agricultura y Ganader\u00eda, para atender los [...]","protected":false},"author":213237738,"featured_media":0,"parent":0,"menu_order":0,"comment_status":"closed","ping_status":"closed","template":"page-templates\/template-canvas.php","meta":{"_coblocks_attr":"","_coblocks_dimensions":"","_coblocks_responsive_height":"","_coblocks_accordion_ie_support":"","_crdt_document":"","footnotes":""},"class_list":["post-11371","page","type-page","status-publish","hentry"],"yoast_head":"<!-- This site is optimized with the Yoast SEO plugin v27.3 - https:\/\/yoast.com\/product\/yoast-seo-wordpress\/ -->\n<title>Comisi\u00f3n Ejecutiva - OIRSA<\/title>\n<meta name=\"robots\" content=\"index, follow, max-snippet:-1, max-image-preview:large, max-video-preview:-1\" \/>\n<link rel=\"canonical\" href=\"https:\/\/web.oirsa.org\/en\/comision-ejecutiva\/\" \/>\n<meta property=\"og:locale\" content=\"en_US\" \/>\n<meta property=\"og:type\" content=\"article\" \/>\n<meta property=\"og:title\" content=\"Comisi\u00f3n Ejecutiva - OIRSA\" \/>\n<meta property=\"og:url\" content=\"https:\/\/web.oirsa.org\/en\/comision-ejecutiva\/\" \/>\n<meta property=\"og:site_name\" content=\"OIRSA\" \/>\n<meta property=\"article:publisher\" content=\"https:\/\/www.facebook.com\/OIRSAoficial\" \/>\n<meta property=\"article:modified_time\" content=\"2024-12-16T18:03:39+00:00\" \/>\n<meta property=\"og:image\" content=\"https:\/\/web.oirsa.org\/wp-content\/uploads\/2024\/12\/Comision-Ejecutiva-nov-2024-1-scaled.jpg\" \/>\n<meta name=\"twitter:card\" content=\"summary_large_image\" \/>\n<meta name=\"twitter:site\" content=\"@OIRSAoficial\" \/>\n<meta name=\"twitter:label1\" content=\"Est. reading time\" \/>\n\t<meta name=\"twitter:data1\" content=\"1 minute\" \/>\n<script type=\"application\/ld+json\" class=\"yoast-schema-graph\">{\"@context\":\"https:\\\/\\\/schema.org\",\"@graph\":[{\"@type\":\"WebPage\",\"@id\":\"https:\\\/\\\/web.oirsa.org\\\/comision-ejecutiva\",\"url\":\"https:\\\/\\\/web.oirsa.org\\\/comision-ejecutiva\",\"name\":\"Comisi\u00f3n Ejecutiva - OIRSA\",\"isPartOf\":{\"@id\":\"https:\\\/\\\/web.oirsa.org\\\/#website\"},\"primaryImageOfPage\":{\"@id\":\"https:\\\/\\\/web.oirsa.org\\\/comision-ejecutiva#primaryimage\"},\"image\":{\"@id\":\"https:\\\/\\\/web.oirsa.org\\\/comision-ejecutiva#primaryimage\"},\"thumbnailUrl\":\"https:\\\/\\\/web.oirsa.org\\\/wp-content\\\/uploads\\\/2024\\\/12\\\/Comision-Ejecutiva-nov-2024-1-scaled.jpg\",\"datePublished\":\"2023-08-23T16:47:59+00:00\",\"dateModified\":\"2024-12-16T18:03:39+00:00\",\"breadcrumb\":{\"@id\":\"https:\\\/\\\/web.oirsa.org\\\/comision-ejecutiva#breadcrumb\"},\"inLanguage\":\"en-US\",\"potentialAction\":[{\"@type\":\"ReadAction\",\"target\":[\"https:\\\/\\\/web.oirsa.org\\\/comision-ejecutiva\"]}]},{\"@type\":\"ImageObject\",\"inLanguage\":\"en-US\",\"@id\":\"https:\\\/\\\/web.oirsa.org\\\/comision-ejecutiva#primaryimage\",\"url\":\"https:\\\/\\\/web.oirsa.org\\\/wp-content\\\/uploads\\\/2024\\\/12\\\/Comision-Ejecutiva-nov-2024-1-scaled.jpg\",\"contentUrl\":\"https:\\\/\\\/web.oirsa.org\\\/wp-content\\\/uploads\\\/2024\\\/12\\\/Comision-Ejecutiva-nov-2024-1-scaled.jpg\"},{\"@type\":\"BreadcrumbList\",\"@id\":\"https:\\\/\\\/web.oirsa.org\\\/comision-ejecutiva#breadcrumb\",\"itemListElement\":[{\"@type\":\"ListItem\",\"position\":1,\"name\":\"Portada\",\"item\":\"https:\\\/\\\/web.oirsa.org\\\/\"},{\"@type\":\"ListItem\",\"position\":2,\"name\":\"Comisi\u00f3n Ejecutiva\"}]},{\"@type\":\"WebSite\",\"@id\":\"https:\\\/\\\/web.oirsa.org\\\/#website\",\"url\":\"https:\\\/\\\/web.oirsa.org\\\/\",\"name\":\"OIRSA\",\"description\":\"Organismo Internacional Regional de Sanidad Agropecuaria\",\"publisher\":{\"@id\":\"https:\\\/\\\/web.oirsa.org\\\/#organization\"},\"potentialAction\":[{\"@type\":\"SearchAction\",\"target\":{\"@type\":\"EntryPoint\",\"urlTemplate\":\"https:\\\/\\\/web.oirsa.org\\\/?s={search_term_string}\"},\"query-input\":{\"@type\":\"PropertyValueSpecification\",\"valueRequired\":true,\"valueName\":\"search_term_string\"}}],\"inLanguage\":\"en-US\"},{\"@type\":\"Organization\",\"@id\":\"https:\\\/\\\/web.oirsa.org\\\/#organization\",\"name\":\"OIRSA\",\"url\":\"https:\\\/\\\/web.oirsa.org\\\/\",\"logo\":{\"@type\":\"ImageObject\",\"inLanguage\":\"en-US\",\"@id\":\"https:\\\/\\\/web.oirsa.org\\\/#\\\/schema\\\/logo\\\/image\\\/\",\"url\":\"https:\\\/\\\/web.oirsa.org\\\/wp-content\\\/uploads\\\/2024\\\/01\\\/cropped-LOGO-OIRSA-2023.png\",\"contentUrl\":\"https:\\\/\\\/web.oirsa.org\\\/wp-content\\\/uploads\\\/2024\\\/01\\\/cropped-LOGO-OIRSA-2023.png\",\"width\":512,\"height\":512,\"caption\":\"OIRSA\"},\"image\":{\"@id\":\"https:\\\/\\\/web.oirsa.org\\\/#\\\/schema\\\/logo\\\/image\\\/\"},\"sameAs\":[\"https:\\\/\\\/www.facebook.com\\\/OIRSAoficial\",\"https:\\\/\\\/x.com\\\/OIRSAoficial\"]}]}<\/script>\n<!-- \/ Yoast SEO plugin. -->","yoast_head_json":{"title":"Comisi\u00f3n Ejecutiva - OIRSA","robots":{"index":"index","follow":"follow","max-snippet":"max-snippet:-1","max-image-preview":"max-image-preview:large","max-video-preview":"max-video-preview:-1"},"canonical":"https:\/\/web.oirsa.org\/en\/comision-ejecutiva\/","og_locale":"en_US","og_type":"article","og_title":"Comisi\u00f3n Ejecutiva - OIRSA","og_url":"https:\/\/web.oirsa.org\/en\/comision-ejecutiva\/","og_site_name":"OIRSA","article_publisher":"https:\/\/www.facebook.com\/OIRSAoficial","article_modified_time":"2024-12-16T18:03:39+00:00","og_image":[{"url":"https:\/\/web.oirsa.org\/wp-content\/uploads\/2024\/12\/Comision-Ejecutiva-nov-2024-1-scaled.jpg","type":"","width":"","height":""}],"twitter_card":"summary_large_image","twitter_site":"@OIRSAoficial","twitter_misc":{"Est. reading time":"1 minute"},"schema":{"@context":"https:\/\/schema.org","@graph":[{"@type":"WebPage","@id":"https:\/\/web.oirsa.org\/comision-ejecutiva","url":"https:\/\/web.oirsa.org\/comision-ejecutiva","name":"Comisi\u00f3n Ejecutiva - OIRSA","isPartOf":{"@id":"https:\/\/web.oirsa.org\/#website"},"primaryImageOfPage":{"@id":"https:\/\/web.oirsa.org\/comision-ejecutiva#primaryimage"},"image":{"@id":"https:\/\/web.oirsa.org\/comision-ejecutiva#primaryimage"},"thumbnailUrl":"https:\/\/web.oirsa.org\/wp-content\/uploads\/2024\/12\/Comision-Ejecutiva-nov-2024-1-scaled.jpg","datePublished":"2023-08-23T16:47:59+00:00","dateModified":"2024-12-16T18:03:39+00:00","breadcrumb":{"@id":"https:\/\/web.oirsa.org\/comision-ejecutiva#breadcrumb"},"inLanguage":"en-US","potentialAction":[{"@type":"ReadAction","target":["https:\/\/web.oirsa.org\/comision-ejecutiva"]}]},{"@type":"ImageObject","inLanguage":"en-US","@id":"https:\/\/web.oirsa.org\/comision-ejecutiva#primaryimage","url":"https:\/\/web.oirsa.org\/wp-content\/uploads\/2024\/12\/Comision-Ejecutiva-nov-2024-1-scaled.jpg","contentUrl":"https:\/\/web.oirsa.org\/wp-content\/uploads\/2024\/12\/Comision-Ejecutiva-nov-2024-1-scaled.jpg"},{"@type":"BreadcrumbList","@id":"https:\/\/web.oirsa.org\/comision-ejecutiva#breadcrumb","itemListElement":[{"@type":"ListItem","position":1,"name":"Portada","item":"https:\/\/web.oirsa.org\/"},{"@type":"ListItem","position":2,"name":"Comisi\u00f3n Ejecutiva"}]},{"@type":"WebSite","@id":"https:\/\/web.oirsa.org\/#website","url":"https:\/\/web.oirsa.org\/","name":"OIRSA","description":"Organismo Internacional Regional de Sanidad Agropecuaria","publisher":{"@id":"https:\/\/web.oirsa.org\/#organization"},"potentialAction":[{"@type":"SearchAction","target":{"@type":"EntryPoint","urlTemplate":"https:\/\/web.oirsa.org\/?s={search_term_string}"},"query-input":{"@type":"PropertyValueSpecification","valueRequired":true,"valueName":"search_term_string"}}],"inLanguage":"en-US"},{"@type":"Organization","@id":"https:\/\/web.oirsa.org\/#organization","name":"OIRSA","url":"https:\/\/web.oirsa.org\/","logo":{"@type":"ImageObject","inLanguage":"en-US","@id":"https:\/\/web.oirsa.org\/#\/schema\/logo\/image\/","url":"https:\/\/web.oirsa.org\/wp-content\/uploads\/2024\/01\/cropped-LOGO-OIRSA-2023.png","contentUrl":"https:\/\/web.oirsa.org\/wp-content\/uploads\/2024\/01\/cropped-LOGO-OIRSA-2023.png","width":512,"height":512,"caption":"OIRSA"},"image":{"@id":"https:\/\/web.oirsa.org\/#\/schema\/logo\/image\/"},"sameAs":["https:\/\/www.facebook.com\/OIRSAoficial","https:\/\/x.com\/OIRSAoficial"]}]}},"jetpack_sharing_enabled":true,"_links":{"self":[{"href":"https:\/\/web.oirsa.org\/en\/wp-json\/wp\/v2\/pages\/11371","targetHints":{"allow":["GET"]}}],"collection":[{"href":"https:\/\/web.oirsa.org\/en\/wp-json\/wp\/v2\/pages"}],"about":[{"href":"https:\/\/web.oirsa.org\/en\/wp-json\/wp\/v2\/types\/page"}],"author":[{"embeddable":true,"href":"https:\/\/web.oirsa.org\/en\/wp-json\/wp\/v2\/users\/213237738"}],"replies":[{"embeddable":true,"href":"https:\/\/web.oirsa.org\/en\/wp-json\/wp\/v2\/comments?post=11371"}],"version-history":[{"count":7,"href":"https:\/\/web.oirsa.org\/en\/wp-json\/wp\/v2\/pages\/11371\/revisions"}],"predecessor-version":[{"id":16859,"href":"https:\/\/web.oirsa.org\/en\/wp-json\/wp\/v2\/pages\/11371\/revisions\/16859"}],"wp:attachment":[{"href":"https:\/\/web.oirsa.org\/en\/wp-json\/wp\/v2\/media?parent=11371"}],"curies":[{"name":"wp","href":"https:\/\/api.w.org\/{rel}","templated":true}]}}