{"id":1135,"date":"2021-12-02T11:12:22","date_gmt":"2021-12-02T17:12:22","guid":{"rendered":"http:\/\/10.103.20.84\/?page_id=1135"},"modified":"2023-09-22T09:45:38","modified_gmt":"2023-09-22T15:45:38","slug":"representaciones","status":"publish","type":"page","link":"https:\/\/web.oirsa.org\/en\/representaciones","title":{"rendered":"REPRESENTATIONS"},"content":{"rendered":"<div class=\"wpb-content-wrapper\"><section class=\"wpb_row vc_row-fluid vc_custom_1694467920282\"><div class=\"container\"><div class=\"row\"><div class=\"wpb_column vc_column_container vc_col-sm-10\"><div class=\"vc_column-inner\"  ><div class=\"wpb_wrapper\">\n\t<div class=\"wpb_text_column wpb_content_element\" >\n\t\t<div class=\"wpb_wrapper\">\n\t\t\t<p class=\"wp-block-paragraph\">&nbsp;<\/p>\n<p>&nbsp;<\/p>\n<h2 class=\"wp-block-heading\">REPRESENTATIONS<\/h2>\n<p>&nbsp;<\/p>\n<p class=\"wp-block-paragraph\" style=\"font-size: 14px;\">El OIRSA, por mandato constitutivo, mantiene una presencia en la regi\u00f3n a trav\u00e9s de Representaciones en cada uno de los Estados miembros, gozando del respaldo y confianza de los Ministerios y Secretarias de Agricultura, Ganader\u00eda, Alimentaci\u00f3n, Pesca y Forestal, con los que trabaja solidaria y colaborativamente.<\/p>\n<p>&nbsp;<\/p>\n<p class=\"wp-block-paragraph\" style=\"font-size: 14px;\">El objeto de estas oficinas es asistir a las autoridades ministeriales en la elaboraci\u00f3n y ejecuci\u00f3n de pol\u00edticas, programas y proyectos de Salud Animal, Sanidad Vegetal, Inocuidad de los Alimentos y el fortalecimiento de los Sistemas Cuarentenarios, destinados a prevenir, controlar y\/o erradicar plagas y enfermedades, mediante una oportuna asesor\u00eda t\u00e9cnica y cooperaci\u00f3n econ\u00f3mica.<\/p>\n<p>&nbsp;<\/p>\n<p class=\"wp-block-paragraph\" style=\"font-size: 14px;\">En esta secci\u00f3n, encontrar\u00e1 informaci\u00f3n esencial sobre la labor del OIRSA en cada uno de los nueve pa\u00edses signatarios y enlaces a los respectivos Ministerios\/Secretarias de Agricultura, Ganader\u00eda, Alimentaci\u00f3n, Pesca y Forestal.<\/p>\n<p>&nbsp;<\/p>\n<div class=\"wp-block-columns is-layout-flex wp-container-core-columns-is-layout-8f761849 wp-block-columns-is-layout-flex\">\n<div class=\"wp-block-column is-layout-flow wp-block-column-is-layout-flow\" style=\"flex-basis: 33.33%;\">\n<div class=\"wp-block-image\">\n<figure class=\"alignleft size-full is-resized\"><img data-recalc-dims=\"1\" loading=\"lazy\" decoding=\"async\" width=\"500\" height=\"349\" class=\"wp-image-7813\" style=\"width: 115px; height: auto;\" src=\"https:\/\/i0.wp.com\/web.oirsa.org\/wp-content\/uploads\/2022\/01\/mapa-mexico.png?resize=500%2C349&#038;ssl=1\" alt=\"\" srcset=\"https:\/\/i0.wp.com\/web.oirsa.org\/wp-content\/uploads\/2022\/01\/mapa-mexico.png?w=500&amp;ssl=1 500w, https:\/\/i0.wp.com\/web.oirsa.org\/wp-content\/uploads\/2022\/01\/mapa-mexico.png?resize=300%2C209&amp;ssl=1 300w\" sizes=\"auto, (max-width: 500px) 100vw, 500px\" \/><figcaption class=\"wp-element-caption\"><a href=\"https:\/\/web.oirsa.org\/en\/mexico-y-el-oirsa\/\">MEXICO<\/a><\/figcaption><\/figure>\n<\/div>\n<p><\/p>\n<div class=\"wp-block-image\">\n<figure class=\"alignleft size-full is-resized\"><img data-recalc-dims=\"1\" loading=\"lazy\" decoding=\"async\" width=\"500\" height=\"349\" class=\"wp-image-7807\" style=\"width: 116px; height: auto;\" src=\"https:\/\/i0.wp.com\/web.oirsa.org\/wp-content\/uploads\/2022\/01\/mapa-belice.png?resize=500%2C349&#038;ssl=1\" alt=\"\" srcset=\"https:\/\/i0.wp.com\/web.oirsa.org\/wp-content\/uploads\/2022\/01\/mapa-belice.png?w=500&amp;ssl=1 500w, https:\/\/i0.wp.com\/web.oirsa.org\/wp-content\/uploads\/2022\/01\/mapa-belice.png?resize=300%2C209&amp;ssl=1 300w\" sizes=\"auto, (max-width: 500px) 100vw, 500px\" \/><figcaption class=\"wp-element-caption\"><a href=\"https:\/\/web.oirsa.org\/en\/belice-y-el-oirsa\/\">BELIZE<\/a><\/figcaption><\/figure>\n<\/div>\n<p><\/p>\n<div class=\"wp-block-image\">\n<figure class=\"alignleft size-full is-resized\"><img data-recalc-dims=\"1\" loading=\"lazy\" decoding=\"async\" width=\"500\" height=\"349\" class=\"wp-image-7811\" style=\"width: 115px; height: auto;\" src=\"https:\/\/i0.wp.com\/web.oirsa.org\/wp-content\/uploads\/2022\/01\/mapa-guatemala.png?resize=500%2C349&#038;ssl=1\" alt=\"\" srcset=\"https:\/\/i0.wp.com\/web.oirsa.org\/wp-content\/uploads\/2022\/01\/mapa-guatemala.png?w=500&amp;ssl=1 500w, https:\/\/i0.wp.com\/web.oirsa.org\/wp-content\/uploads\/2022\/01\/mapa-guatemala.png?resize=300%2C209&amp;ssl=1 300w\" sizes=\"auto, (max-width: 500px) 100vw, 500px\" \/><figcaption class=\"wp-element-caption\"><a href=\"https:\/\/web.oirsa.org\/en\/guatemala-y-el-oirsa\/\">GUATEMALA<\/a><\/figcaption><\/figure>\n<\/div>\n<p><\/p>\n<div class=\"wp-block-image\">\n<figure class=\"alignleft size-full is-resized\"><img data-recalc-dims=\"1\" loading=\"lazy\" decoding=\"async\" width=\"500\" height=\"349\" class=\"wp-image-7810\" style=\"width: 116px; height: auto;\" src=\"https:\/\/i0.wp.com\/web.oirsa.org\/wp-content\/uploads\/2022\/01\/mapa-elsalvador.png?resize=500%2C349&#038;ssl=1\" alt=\"\" srcset=\"https:\/\/i0.wp.com\/web.oirsa.org\/wp-content\/uploads\/2022\/01\/mapa-elsalvador.png?w=500&amp;ssl=1 500w, https:\/\/i0.wp.com\/web.oirsa.org\/wp-content\/uploads\/2022\/01\/mapa-elsalvador.png?resize=300%2C209&amp;ssl=1 300w\" sizes=\"auto, (max-width: 500px) 100vw, 500px\" \/><figcaption class=\"wp-element-caption\"><a href=\"https:\/\/web.oirsa.org\/en\/el-salvador-y-el-oirsa\/\">EL SALVADOR<\/a><\/figcaption><\/figure>\n<\/div>\n<p><\/p>\n<div class=\"wp-block-image\">\n<figure class=\"alignleft size-full is-resized\"><img data-recalc-dims=\"1\" loading=\"lazy\" decoding=\"async\" width=\"500\" height=\"349\" class=\"wp-image-7812\" style=\"width: 115px; height: auto;\" src=\"https:\/\/i0.wp.com\/web.oirsa.org\/wp-content\/uploads\/2022\/01\/mapa-honduras.png?resize=500%2C349&#038;ssl=1\" alt=\"\" srcset=\"https:\/\/i0.wp.com\/web.oirsa.org\/wp-content\/uploads\/2022\/01\/mapa-honduras.png?w=500&amp;ssl=1 500w, https:\/\/i0.wp.com\/web.oirsa.org\/wp-content\/uploads\/2022\/01\/mapa-honduras.png?resize=300%2C209&amp;ssl=1 300w\" sizes=\"auto, (max-width: 500px) 100vw, 500px\" \/><figcaption class=\"wp-element-caption\"><a href=\"https:\/\/web.oirsa.org\/en\/honduras-y-el-oirsa\/\">HONDURAS<\/a><\/figcaption><\/figure>\n<\/div>\n<p><\/p>\n<div class=\"wp-block-image\">\n<figure class=\"alignleft size-full is-resized\"><img data-recalc-dims=\"1\" loading=\"lazy\" decoding=\"async\" width=\"500\" height=\"349\" class=\"wp-image-7815\" style=\"width: 116px; height: auto;\" src=\"https:\/\/i0.wp.com\/web.oirsa.org\/wp-content\/uploads\/2022\/01\/mapa-nicaragua.png?resize=500%2C349&#038;ssl=1\" alt=\"\" srcset=\"https:\/\/i0.wp.com\/web.oirsa.org\/wp-content\/uploads\/2022\/01\/mapa-nicaragua.png?w=500&amp;ssl=1 500w, https:\/\/i0.wp.com\/web.oirsa.org\/wp-content\/uploads\/2022\/01\/mapa-nicaragua.png?resize=300%2C209&amp;ssl=1 300w\" sizes=\"auto, (max-width: 500px) 100vw, 500px\" \/><figcaption class=\"wp-element-caption\"><a href=\"https:\/\/web.oirsa.org\/en\/nicaragua-y-el-oirsa\/\">NICARAGUA<\/a><\/figcaption><\/figure>\n<\/div>\n<p><\/p>\n<div class=\"wp-block-image\">\n<figure class=\"alignleft size-full is-resized\"><img data-recalc-dims=\"1\" loading=\"lazy\" decoding=\"async\" width=\"500\" height=\"349\" class=\"wp-image-7808\" style=\"width: 110px; height: auto;\" src=\"https:\/\/i0.wp.com\/web.oirsa.org\/wp-content\/uploads\/2022\/01\/mapa-costarica.png?resize=500%2C349&#038;ssl=1\" alt=\"\" srcset=\"https:\/\/i0.wp.com\/web.oirsa.org\/wp-content\/uploads\/2022\/01\/mapa-costarica.png?w=500&amp;ssl=1 500w, https:\/\/i0.wp.com\/web.oirsa.org\/wp-content\/uploads\/2022\/01\/mapa-costarica.png?resize=300%2C209&amp;ssl=1 300w\" sizes=\"auto, (max-width: 500px) 100vw, 500px\" \/><figcaption class=\"wp-element-caption\"><a href=\"https:\/\/web.oirsa.org\/en\/costa-rica-y-el-oirsa\/\">COSTA RICA<\/a><\/figcaption><\/figure>\n<\/div>\n<p><\/p>\n<div class=\"wp-block-image\">\n<figure class=\"alignleft size-full is-resized\"><img data-recalc-dims=\"1\" loading=\"lazy\" decoding=\"async\" width=\"500\" height=\"349\" class=\"wp-image-7816\" style=\"width: 121px; height: auto;\" src=\"https:\/\/i0.wp.com\/web.oirsa.org\/wp-content\/uploads\/2022\/01\/mapa-panama.png?resize=500%2C349&#038;ssl=1\" alt=\"\" srcset=\"https:\/\/i0.wp.com\/web.oirsa.org\/wp-content\/uploads\/2022\/01\/mapa-panama.png?w=500&amp;ssl=1 500w, https:\/\/i0.wp.com\/web.oirsa.org\/wp-content\/uploads\/2022\/01\/mapa-panama.png?resize=300%2C209&amp;ssl=1 300w\" sizes=\"auto, (max-width: 500px) 100vw, 500px\" \/><figcaption class=\"wp-element-caption\"><a href=\"https:\/\/web.oirsa.org\/en\/panama-y-el-oirsa\/\">PANAMA<\/a><\/figcaption><\/figure>\n<\/div>\n<p><\/p>\n<div class=\"wp-block-image\">\n<figure class=\"alignleft size-full is-resized\"><img data-recalc-dims=\"1\" loading=\"lazy\" decoding=\"async\" width=\"500\" height=\"349\" class=\"wp-image-7817\" style=\"width: 108px; height: auto;\" src=\"https:\/\/i0.wp.com\/web.oirsa.org\/wp-content\/uploads\/2022\/01\/mapa-repdomini.png?resize=500%2C349&#038;ssl=1\" alt=\"\" srcset=\"https:\/\/i0.wp.com\/web.oirsa.org\/wp-content\/uploads\/2022\/01\/mapa-repdomini.png?w=500&amp;ssl=1 500w, https:\/\/i0.wp.com\/web.oirsa.org\/wp-content\/uploads\/2022\/01\/mapa-repdomini.png?resize=300%2C209&amp;ssl=1 300w\" sizes=\"auto, (max-width: 500px) 100vw, 500px\" \/><figcaption class=\"wp-element-caption\"><a href=\"https:\/\/web.oirsa.org\/en\/republica-dominicana-y-el-oirsa\/\">DOMINICAN REPUBLIC<\/a><\/figcaption><\/figure>\n<\/div>\n<\/div>\n<p><\/p>\n<div class=\"wp-block-column is-layout-flow wp-block-column-is-layout-flow\" style=\"flex-basis: 66.66%;\">\n<div id=\"section-g060a5e\" class=\"wp-block-gutentor-e6 section-g060a5e gutentor-element gutentor-element-image text-align-left-desktop\">\n<div class=\"gutentor-element-image-box\">\n<div class=\"gutentor-image-thumb\"><img data-recalc-dims=\"1\" loading=\"lazy\" decoding=\"async\" class=\"normal-image\" src=\"https:\/\/i0.wp.com\/web.oirsa.org\/wp-content\/uploads\/2023\/09\/Mapacomprimido.gif?resize=525%2C413&#038;ssl=1\" width=\"525\" height=\"413\" \/><\/div>\n<\/div>\n<\/div>\n<\/div>\n<\/div>\n<p>&nbsp;<\/p>\n<p>&nbsp;<\/p>\n\n\t\t<\/div>\n\t<\/div>\n<\/div><\/div><\/div><div class=\"wpb_column vc_column_container vc_col-sm-2\"><div class=\"vc_column-inner\"  ><div class=\"wpb_wrapper\">\n\t<div class=\"wpb_text_column wpb_content_element\" >\n\t\t<div class=\"wpb_wrapper\">\n\t\t\t<p><span style=\"font-size: 10pt;\"><a href=\"https:\/\/web.oirsa.org\/en\/cirsa\/\">CIRSA<\/a><\/span><\/p>\n<ul>\n<li id=\"menu-item-1407\"><span style=\"font-size: 10pt;\"><a href=\"https:\/\/web.oirsa.org\/en\/comision-tecnica\/\">TECHNICAL COMMITTE<\/a><\/span><\/li>\n<li id=\"menu-item-1408\"><span style=\"font-size: 10pt;\"><a href=\"https:\/\/web.oirsa.org\/en\/direccion-ejecutiva\/\">EXECUTIVE DIRECTION<\/a><\/span><\/li>\n<li id=\"menu-item-1410\"><span style=\"font-size: 10pt;\"><a href=\"https:\/\/web.oirsa.org\/en\/representaciones\/\">REPRESENTATIONS<\/a><\/span><\/li>\n<li id=\"menu-item-1411\"><span style=\"font-size: 10pt;\"><a href=\"https:\/\/web.oirsa.org\/en\/organigrama\/\">ORGANIZATIONAL CHART<\/a><\/span><\/li>\n<\/ul>\n\n\t\t<\/div>\n\t<\/div>\n<\/div><\/div><\/div><\/div><\/div><\/section><\/div>","protected":false},"excerpt":{"rendered":"&nbsp; &nbsp; Representaciones &nbsp; El OIRSA, por mandato constitutivo, mantiene una presencia en la regi\u00f3n a trav\u00e9s de Representaciones en [...]","protected":false},"author":213237738,"featured_media":0,"parent":0,"menu_order":0,"comment_status":"closed","ping_status":"closed","template":"page-templates\/template-fullwidth.php","meta":{"_coblocks_attr":"","_coblocks_dimensions":"","_coblocks_responsive_height":"","_coblocks_accordion_ie_support":"","_crdt_document":"","footnotes":""},"class_list":["post-1135","page","type-page","status-publish","hentry"],"yoast_head":"<!-- This site is optimized with the Yoast SEO plugin v27.4 - https:\/\/yoast.com\/product\/yoast-seo-wordpress\/ -->\n<title>Representaciones - OIRSA<\/title>\n<meta name=\"robots\" content=\"index, follow, max-snippet:-1, max-image-preview:large, max-video-preview:-1\" \/>\n<link rel=\"canonical\" href=\"https:\/\/web.oirsa.org\/en\/representaciones\/\" \/>\n<meta property=\"og:locale\" content=\"en_US\" \/>\n<meta property=\"og:type\" content=\"article\" \/>\n<meta property=\"og:title\" content=\"Representaciones - OIRSA\" \/>\n<meta property=\"og:url\" content=\"https:\/\/web.oirsa.org\/en\/representaciones\/\" \/>\n<meta property=\"og:site_name\" content=\"OIRSA\" \/>\n<meta property=\"article:publisher\" content=\"https:\/\/www.facebook.com\/OIRSAoficial\" \/>\n<meta property=\"article:modified_time\" content=\"2023-09-22T15:45:38+00:00\" \/>\n<meta property=\"og:image\" content=\"https:\/\/web.oirsa.org\/wp-content\/uploads\/2022\/01\/mapa-mexico.png\" \/>\n<meta name=\"twitter:card\" content=\"summary_large_image\" \/>\n<meta name=\"twitter:site\" content=\"@OIRSAoficial\" \/>\n<meta name=\"twitter:label1\" content=\"Est. reading time\" \/>\n\t<meta name=\"twitter:data1\" content=\"1 minute\" \/>\n<script type=\"application\/ld+json\" class=\"yoast-schema-graph\">{\"@context\":\"https:\\\/\\\/schema.org\",\"@graph\":[{\"@type\":\"WebPage\",\"@id\":\"https:\\\/\\\/web.oirsa.org\\\/representaciones\",\"url\":\"https:\\\/\\\/web.oirsa.org\\\/representaciones\",\"name\":\"Representaciones - OIRSA\",\"isPartOf\":{\"@id\":\"https:\\\/\\\/web.oirsa.org\\\/#website\"},\"primaryImageOfPage\":{\"@id\":\"https:\\\/\\\/web.oirsa.org\\\/representaciones#primaryimage\"},\"image\":{\"@id\":\"https:\\\/\\\/web.oirsa.org\\\/representaciones#primaryimage\"},\"thumbnailUrl\":\"https:\\\/\\\/web.oirsa.org\\\/wp-content\\\/uploads\\\/2022\\\/01\\\/mapa-mexico.png\",\"datePublished\":\"2021-12-02T17:12:22+00:00\",\"dateModified\":\"2023-09-22T15:45:38+00:00\",\"breadcrumb\":{\"@id\":\"https:\\\/\\\/web.oirsa.org\\\/representaciones#breadcrumb\"},\"inLanguage\":\"en-US\",\"potentialAction\":[{\"@type\":\"ReadAction\",\"target\":[\"https:\\\/\\\/web.oirsa.org\\\/representaciones\"]}]},{\"@type\":\"ImageObject\",\"inLanguage\":\"en-US\",\"@id\":\"https:\\\/\\\/web.oirsa.org\\\/representaciones#primaryimage\",\"url\":\"https:\\\/\\\/web.oirsa.org\\\/wp-content\\\/uploads\\\/2022\\\/01\\\/mapa-mexico.png\",\"contentUrl\":\"https:\\\/\\\/web.oirsa.org\\\/wp-content\\\/uploads\\\/2022\\\/01\\\/mapa-mexico.png\"},{\"@type\":\"BreadcrumbList\",\"@id\":\"https:\\\/\\\/web.oirsa.org\\\/representaciones#breadcrumb\",\"itemListElement\":[{\"@type\":\"ListItem\",\"position\":1,\"name\":\"Portada\",\"item\":\"https:\\\/\\\/web.oirsa.org\\\/\"},{\"@type\":\"ListItem\",\"position\":2,\"name\":\"Representaciones\"}]},{\"@type\":\"WebSite\",\"@id\":\"https:\\\/\\\/web.oirsa.org\\\/#website\",\"url\":\"https:\\\/\\\/web.oirsa.org\\\/\",\"name\":\"OIRSA\",\"description\":\"Organismo Internacional Regional de Sanidad Agropecuaria\",\"publisher\":{\"@id\":\"https:\\\/\\\/web.oirsa.org\\\/#organization\"},\"potentialAction\":[{\"@type\":\"SearchAction\",\"target\":{\"@type\":\"EntryPoint\",\"urlTemplate\":\"https:\\\/\\\/web.oirsa.org\\\/?s={search_term_string}\"},\"query-input\":{\"@type\":\"PropertyValueSpecification\",\"valueRequired\":true,\"valueName\":\"search_term_string\"}}],\"inLanguage\":\"en-US\"},{\"@type\":\"Organization\",\"@id\":\"https:\\\/\\\/web.oirsa.org\\\/#organization\",\"name\":\"OIRSA\",\"url\":\"https:\\\/\\\/web.oirsa.org\\\/\",\"logo\":{\"@type\":\"ImageObject\",\"inLanguage\":\"en-US\",\"@id\":\"https:\\\/\\\/web.oirsa.org\\\/#\\\/schema\\\/logo\\\/image\\\/\",\"url\":\"https:\\\/\\\/web.oirsa.org\\\/wp-content\\\/uploads\\\/2024\\\/01\\\/cropped-LOGO-OIRSA-2023.png\",\"contentUrl\":\"https:\\\/\\\/web.oirsa.org\\\/wp-content\\\/uploads\\\/2024\\\/01\\\/cropped-LOGO-OIRSA-2023.png\",\"width\":512,\"height\":512,\"caption\":\"OIRSA\"},\"image\":{\"@id\":\"https:\\\/\\\/web.oirsa.org\\\/#\\\/schema\\\/logo\\\/image\\\/\"},\"sameAs\":[\"https:\\\/\\\/www.facebook.com\\\/OIRSAoficial\",\"https:\\\/\\\/x.com\\\/OIRSAoficial\"]}]}<\/script>\n<!-- \/ Yoast SEO plugin. -->","yoast_head_json":{"title":"Representaciones - OIRSA","robots":{"index":"index","follow":"follow","max-snippet":"max-snippet:-1","max-image-preview":"max-image-preview:large","max-video-preview":"max-video-preview:-1"},"canonical":"https:\/\/web.oirsa.org\/en\/representaciones\/","og_locale":"en_US","og_type":"article","og_title":"Representaciones - OIRSA","og_url":"https:\/\/web.oirsa.org\/en\/representaciones\/","og_site_name":"OIRSA","article_publisher":"https:\/\/www.facebook.com\/OIRSAoficial","article_modified_time":"2023-09-22T15:45:38+00:00","og_image":[{"url":"https:\/\/web.oirsa.org\/wp-content\/uploads\/2022\/01\/mapa-mexico.png","type":"","width":"","height":""}],"twitter_card":"summary_large_image","twitter_site":"@OIRSAoficial","twitter_misc":{"Est. reading time":"1 minute"},"schema":{"@context":"https:\/\/schema.org","@graph":[{"@type":"WebPage","@id":"https:\/\/web.oirsa.org\/representaciones","url":"https:\/\/web.oirsa.org\/representaciones","name":"Representaciones - OIRSA","isPartOf":{"@id":"https:\/\/web.oirsa.org\/#website"},"primaryImageOfPage":{"@id":"https:\/\/web.oirsa.org\/representaciones#primaryimage"},"image":{"@id":"https:\/\/web.oirsa.org\/representaciones#primaryimage"},"thumbnailUrl":"https:\/\/web.oirsa.org\/wp-content\/uploads\/2022\/01\/mapa-mexico.png","datePublished":"2021-12-02T17:12:22+00:00","dateModified":"2023-09-22T15:45:38+00:00","breadcrumb":{"@id":"https:\/\/web.oirsa.org\/representaciones#breadcrumb"},"inLanguage":"en-US","potentialAction":[{"@type":"ReadAction","target":["https:\/\/web.oirsa.org\/representaciones"]}]},{"@type":"ImageObject","inLanguage":"en-US","@id":"https:\/\/web.oirsa.org\/representaciones#primaryimage","url":"https:\/\/web.oirsa.org\/wp-content\/uploads\/2022\/01\/mapa-mexico.png","contentUrl":"https:\/\/web.oirsa.org\/wp-content\/uploads\/2022\/01\/mapa-mexico.png"},{"@type":"BreadcrumbList","@id":"https:\/\/web.oirsa.org\/representaciones#breadcrumb","itemListElement":[{"@type":"ListItem","position":1,"name":"Portada","item":"https:\/\/web.oirsa.org\/"},{"@type":"ListItem","position":2,"name":"Representaciones"}]},{"@type":"WebSite","@id":"https:\/\/web.oirsa.org\/#website","url":"https:\/\/web.oirsa.org\/","name":"OIRSA","description":"Organismo Internacional Regional de Sanidad Agropecuaria","publisher":{"@id":"https:\/\/web.oirsa.org\/#organization"},"potentialAction":[{"@type":"SearchAction","target":{"@type":"EntryPoint","urlTemplate":"https:\/\/web.oirsa.org\/?s={search_term_string}"},"query-input":{"@type":"PropertyValueSpecification","valueRequired":true,"valueName":"search_term_string"}}],"inLanguage":"en-US"},{"@type":"Organization","@id":"https:\/\/web.oirsa.org\/#organization","name":"OIRSA","url":"https:\/\/web.oirsa.org\/","logo":{"@type":"ImageObject","inLanguage":"en-US","@id":"https:\/\/web.oirsa.org\/#\/schema\/logo\/image\/","url":"https:\/\/web.oirsa.org\/wp-content\/uploads\/2024\/01\/cropped-LOGO-OIRSA-2023.png","contentUrl":"https:\/\/web.oirsa.org\/wp-content\/uploads\/2024\/01\/cropped-LOGO-OIRSA-2023.png","width":512,"height":512,"caption":"OIRSA"},"image":{"@id":"https:\/\/web.oirsa.org\/#\/schema\/logo\/image\/"},"sameAs":["https:\/\/www.facebook.com\/OIRSAoficial","https:\/\/x.com\/OIRSAoficial"]}]}},"jetpack_sharing_enabled":true,"_links":{"self":[{"href":"https:\/\/web.oirsa.org\/en\/wp-json\/wp\/v2\/pages\/1135","targetHints":{"allow":["GET"]}}],"collection":[{"href":"https:\/\/web.oirsa.org\/en\/wp-json\/wp\/v2\/pages"}],"about":[{"href":"https:\/\/web.oirsa.org\/en\/wp-json\/wp\/v2\/types\/page"}],"author":[{"embeddable":true,"href":"https:\/\/web.oirsa.org\/en\/wp-json\/wp\/v2\/users\/213237738"}],"replies":[{"embeddable":true,"href":"https:\/\/web.oirsa.org\/en\/wp-json\/wp\/v2\/comments?post=1135"}],"version-history":[{"count":80,"href":"https:\/\/web.oirsa.org\/en\/wp-json\/wp\/v2\/pages\/1135\/revisions"}],"predecessor-version":[{"id":12263,"href":"https:\/\/web.oirsa.org\/en\/wp-json\/wp\/v2\/pages\/1135\/revisions\/12263"}],"wp:attachment":[{"href":"https:\/\/web.oirsa.org\/en\/wp-json\/wp\/v2\/media?parent=1135"}],"curies":[{"name":"wp","href":"https:\/\/api.w.org\/{rel}","templated":true}]}}