{"id":1108,"date":"2021-12-02T10:54:30","date_gmt":"2021-12-02T16:54:30","guid":{"rendered":"http:\/\/10.103.20.84\/?page_id=1108"},"modified":"2021-12-05T16:41:39","modified_gmt":"2021-12-05T22:41:39","slug":"convenios-regionales-e-internacionales","status":"publish","type":"page","link":"https:\/\/web.oirsa.org\/en\/convenios-regionales-e-internacionales","title":{"rendered":"Convenios regionales e internacionales"},"content":{"rendered":"<h2>Convenios regionales<\/h2>\n<p>El OIRSA, como una entidad especializada en la protecci\u00f3n y enriquecimiento del patrimonio agrosanitario, ha gestionado relaciones de cooperaci\u00f3n con diversas organizaciones gubernamentales y privadas, regionales e internacionales. De esta manera, el Organismo facilita el desarrollo econ\u00f3mico y social en la regi\u00f3n, desde el enfoque agrosanitario, estableciendo alianzas con pa\u00edses y agencias cooperantes como:<\/p>\n<ul>\n<li>La Uni\u00f3n Europea (<a href=\"https:\/\/europa.eu\/european-union\/index_es\">UE<\/a>).<\/li>\n<li>La Rep\u00fablica de China <a href=\"https:\/\/www.taiwan.gov.tw\/\">Taiw\u00e1n<\/a>.<\/li>\n<li>El Banco Interamericano de Desarrollo (<a href=\"https:\/\/www.iadb.org\/es\">BID<\/a>).<\/li>\n<li>La Agencia de los Estados Unidos para el Desarrollo Internacional (<a href=\"https:\/\/www.usaid.gov\/\">USAID<\/a>), entre otros.<\/li>\n<\/ul>\n<p>El Organismo tambi\u00e9n estrecha relaciones con socios estrat\u00e9gicos como:<\/p>\n<ul>\n<li>El Sistema de la Integraci\u00f3n Centroamericana (<a href=\"http:\/\/www.sica.int\/\">SICA<\/a>).<\/li>\n<li>La Secretar\u00eda de Integraci\u00f3n Econ\u00f3mica Centroamericana (<a href=\"http:\/\/www.sieca.int\/\">SIECA<\/a>).<\/li>\n<li>La Organizaci\u00f3n de las Naciones Unidas para la Alimentaci\u00f3n y la Agricultura (<a href=\"http:\/\/www.fao.org\/home\/es\/\">FAO<\/a>).<\/li>\n<li>El Departamento de Agricultura de los Estados Unidos (<a href=\"https:\/\/www.aphis.usda.gov\/aphis\/home\/\">USDA\/APHIS<\/a>).<\/li>\n<li>El Centro de Informaci\u00f3n de Recursos Naturales del Servicio Agr\u00edcola y Ganadero (<a href=\"https:\/\/www.sag.gob.cl\/\">SAG<\/a> &#8211; <a href=\"https:\/\/www.ciren.cl\/quienes-somos\/\">CIREN<\/a>) de Chile.<\/li>\n<li>El Centro Nacional de Sanidad Agropecuaria (<a href=\"http:\/\/www.censa.edu.cu\/\">CENSA<\/a>) de Cuba.<\/li>\n<li>El Ministerio de Agricultura de Australia (<a href=\"https:\/\/www.oirsa.org\/informacion.aspx?id=10#:~:text=Agricultura%20de%20Australia%20(-,DAWR,-).%C2%A0\">DAWR<\/a>).<\/li>\n<li>La Agencia Canadiense de Desarrollo Internacional (ACDI) de Canad\u00e1.<\/li>\n<li>El Consejo Agropecuario Centroamericano (<a href=\"https:\/\/www.sica.int\/cac\/\">CAC<\/a>).<\/li>\n<li>El Instituto Interamericano de Cooperaci\u00f3n para la Agricultura (<a href=\"https:\/\/www.iica.int\/es\">IICA<\/a>).<\/li>\n<li>Las Universidades de Iowa, Wisconsin y la Florida (Estados Unidos) y, por supuesto, el sector productivo de todos los pa\u00edses miembros.<\/li>\n<\/ul>\n<p>Esto ha permitido un importante historial de convenios y cartas de entendimiento para la coordinaci\u00f3n de proyectos y programas en diversos sectores del \u00e1mbito agr\u00edcola y pecuario. Los acuerdos han potenciado la cooperaci\u00f3n en beneficio de la sanidad agropecuaria de la regi\u00f3n, a trav\u00e9s de acciones como capacitaci\u00f3n y asesoramiento, consultor\u00edas espec\u00edficas y el apoyo a la gesti\u00f3n, transferencia de tecnolog\u00eda, intercambio de informaci\u00f3n, as\u00ed como de recursos t\u00e9cnicos y cient\u00edficos. A continuaci\u00f3n algunos de los convenios suscritos por el OIRSA:<\/p>\n<ul>\n<li><a href=\"https:\/\/www.oirsa.org\/contenido\/documentos\/convenios\/cac-oirsa-1.pdf\">Convenio de Cooperaci\u00f3n y Coordinaci\u00f3n entre el Consejo Agropecuario Centroamericano (CAC) y OIRSA<\/a><\/li>\n<li><a href=\"https:\/\/www.oirsa.org\/contenido\/documentos\/convenios\/a-oirsa.PDF\">Convenio marco entre OIRSA y Federaci\u00f3n de C\u00e1maras y Asociaciones de Exportadores de C.A. (FECAEXCA)<\/a><\/li>\n<li><a href=\"https:\/\/www.oirsa.org\/contenido\/documentos\/convenios\/cac-oirsa-politica.pdf\">Convenio entre el CAC y OIRSA para la ejecuci\u00f3n de la Pol\u00edtica Agr\u00edcola Centroamericana<\/a><\/li>\n<li><a href=\"https:\/\/www.oirsa.org\/contenido\/documentos\/convenios\/esa-oirsa.PDF\">Carta de Entendimiento entre la Corporaci\u00f3n de Exportadores (COEXPORT) de El Salvador y OIRSA<\/a><\/li>\n<li><a href=\"https:\/\/www.oirsa.org\/contenido\/documentos\/convenios\/sica-oirsa.pdf\">Acuerdo de Cooperaci\u00f3n del SICA y el OIRSA <\/a><\/li>\n<\/ul>","protected":false},"excerpt":{"rendered":"<p>Convenios regionales El OIRSA, como una entidad especializada en la protecci\u00f3n y enriquecimiento del patrimonio agrosanitario, ha gestionado relaciones de [&hellip;]<\/p>\n","protected":false},"author":213237738,"featured_media":0,"parent":0,"menu_order":0,"comment_status":"closed","ping_status":"closed","template":"","meta":{"_coblocks_attr":"","_coblocks_dimensions":"","_coblocks_responsive_height":"","_coblocks_accordion_ie_support":"","_crdt_document":"","footnotes":""},"class_list":["post-1108","page","type-page","status-publish","hentry"],"yoast_head":"<!-- This site is optimized with the Yoast SEO plugin v27.4 - https:\/\/yoast.com\/product\/yoast-seo-wordpress\/ -->\n<title>Convenios regionales e internacionales - OIRSA<\/title>\n<meta name=\"robots\" content=\"index, follow, max-snippet:-1, max-image-preview:large, max-video-preview:-1\" \/>\n<link rel=\"canonical\" href=\"https:\/\/web.oirsa.org\/en\/convenios-regionales-e-internacionales\/\" \/>\n<meta property=\"og:locale\" content=\"en_US\" \/>\n<meta property=\"og:type\" content=\"article\" \/>\n<meta property=\"og:title\" content=\"Convenios regionales e internacionales - OIRSA\" \/>\n<meta property=\"og:description\" content=\"Convenios regionales El OIRSA, como una entidad especializada en la protecci\u00f3n y enriquecimiento del patrimonio agrosanitario, ha gestionado relaciones de [&hellip;]\" \/>\n<meta property=\"og:url\" content=\"https:\/\/web.oirsa.org\/en\/convenios-regionales-e-internacionales\/\" \/>\n<meta property=\"og:site_name\" content=\"OIRSA\" \/>\n<meta property=\"article:publisher\" content=\"https:\/\/www.facebook.com\/OIRSAoficial\" \/>\n<meta property=\"article:modified_time\" content=\"2021-12-05T22:41:39+00:00\" \/>\n<meta property=\"og:image\" content=\"https:\/\/i0.wp.com\/web.oirsa.org\/wp-content\/uploads\/2024\/01\/logo-OIRSA23.png?fit=2791%2C782&ssl=1\" \/>\n\t<meta property=\"og:image:width\" content=\"2791\" \/>\n\t<meta property=\"og:image:height\" content=\"782\" \/>\n\t<meta property=\"og:image:type\" content=\"image\/png\" \/>\n<meta name=\"twitter:card\" content=\"summary_large_image\" \/>\n<meta name=\"twitter:site\" content=\"@OIRSAoficial\" \/>\n<meta name=\"twitter:label1\" content=\"Est. reading time\" \/>\n\t<meta name=\"twitter:data1\" content=\"2 minutes\" \/>\n<script type=\"application\/ld+json\" class=\"yoast-schema-graph\">{\"@context\":\"https:\\\/\\\/schema.org\",\"@graph\":[{\"@type\":\"WebPage\",\"@id\":\"https:\\\/\\\/web.oirsa.org\\\/convenios-regionales-e-internacionales\",\"url\":\"https:\\\/\\\/web.oirsa.org\\\/convenios-regionales-e-internacionales\",\"name\":\"Convenios regionales e internacionales - OIRSA\",\"isPartOf\":{\"@id\":\"https:\\\/\\\/web.oirsa.org\\\/#website\"},\"datePublished\":\"2021-12-02T16:54:30+00:00\",\"dateModified\":\"2021-12-05T22:41:39+00:00\",\"breadcrumb\":{\"@id\":\"https:\\\/\\\/web.oirsa.org\\\/convenios-regionales-e-internacionales#breadcrumb\"},\"inLanguage\":\"en-US\",\"potentialAction\":[{\"@type\":\"ReadAction\",\"target\":[\"https:\\\/\\\/web.oirsa.org\\\/convenios-regionales-e-internacionales\"]}]},{\"@type\":\"BreadcrumbList\",\"@id\":\"https:\\\/\\\/web.oirsa.org\\\/convenios-regionales-e-internacionales#breadcrumb\",\"itemListElement\":[{\"@type\":\"ListItem\",\"position\":1,\"name\":\"Portada\",\"item\":\"https:\\\/\\\/web.oirsa.org\\\/\"},{\"@type\":\"ListItem\",\"position\":2,\"name\":\"Convenios regionales e internacionales\"}]},{\"@type\":\"WebSite\",\"@id\":\"https:\\\/\\\/web.oirsa.org\\\/#website\",\"url\":\"https:\\\/\\\/web.oirsa.org\\\/\",\"name\":\"OIRSA\",\"description\":\"Organismo Internacional Regional de Sanidad Agropecuaria\",\"publisher\":{\"@id\":\"https:\\\/\\\/web.oirsa.org\\\/#organization\"},\"potentialAction\":[{\"@type\":\"SearchAction\",\"target\":{\"@type\":\"EntryPoint\",\"urlTemplate\":\"https:\\\/\\\/web.oirsa.org\\\/?s={search_term_string}\"},\"query-input\":{\"@type\":\"PropertyValueSpecification\",\"valueRequired\":true,\"valueName\":\"search_term_string\"}}],\"inLanguage\":\"en-US\"},{\"@type\":\"Organization\",\"@id\":\"https:\\\/\\\/web.oirsa.org\\\/#organization\",\"name\":\"OIRSA\",\"url\":\"https:\\\/\\\/web.oirsa.org\\\/\",\"logo\":{\"@type\":\"ImageObject\",\"inLanguage\":\"en-US\",\"@id\":\"https:\\\/\\\/web.oirsa.org\\\/#\\\/schema\\\/logo\\\/image\\\/\",\"url\":\"https:\\\/\\\/web.oirsa.org\\\/wp-content\\\/uploads\\\/2024\\\/01\\\/cropped-LOGO-OIRSA-2023.png\",\"contentUrl\":\"https:\\\/\\\/web.oirsa.org\\\/wp-content\\\/uploads\\\/2024\\\/01\\\/cropped-LOGO-OIRSA-2023.png\",\"width\":512,\"height\":512,\"caption\":\"OIRSA\"},\"image\":{\"@id\":\"https:\\\/\\\/web.oirsa.org\\\/#\\\/schema\\\/logo\\\/image\\\/\"},\"sameAs\":[\"https:\\\/\\\/www.facebook.com\\\/OIRSAoficial\",\"https:\\\/\\\/x.com\\\/OIRSAoficial\"]}]}<\/script>\n<!-- \/ Yoast SEO plugin. -->","yoast_head_json":{"title":"Convenios regionales e internacionales - OIRSA","robots":{"index":"index","follow":"follow","max-snippet":"max-snippet:-1","max-image-preview":"max-image-preview:large","max-video-preview":"max-video-preview:-1"},"canonical":"https:\/\/web.oirsa.org\/en\/convenios-regionales-e-internacionales\/","og_locale":"en_US","og_type":"article","og_title":"Convenios regionales e internacionales - OIRSA","og_description":"Convenios regionales El OIRSA, como una entidad especializada en la protecci\u00f3n y enriquecimiento del patrimonio agrosanitario, ha gestionado relaciones de [&hellip;]","og_url":"https:\/\/web.oirsa.org\/en\/convenios-regionales-e-internacionales\/","og_site_name":"OIRSA","article_publisher":"https:\/\/www.facebook.com\/OIRSAoficial","article_modified_time":"2021-12-05T22:41:39+00:00","og_image":[{"width":2791,"height":782,"url":"https:\/\/i0.wp.com\/web.oirsa.org\/wp-content\/uploads\/2024\/01\/logo-OIRSA23.png?fit=2791%2C782&ssl=1","type":"image\/png"}],"twitter_card":"summary_large_image","twitter_site":"@OIRSAoficial","twitter_misc":{"Est. reading time":"2 minutes"},"schema":{"@context":"https:\/\/schema.org","@graph":[{"@type":"WebPage","@id":"https:\/\/web.oirsa.org\/convenios-regionales-e-internacionales","url":"https:\/\/web.oirsa.org\/convenios-regionales-e-internacionales","name":"Convenios regionales e internacionales - OIRSA","isPartOf":{"@id":"https:\/\/web.oirsa.org\/#website"},"datePublished":"2021-12-02T16:54:30+00:00","dateModified":"2021-12-05T22:41:39+00:00","breadcrumb":{"@id":"https:\/\/web.oirsa.org\/convenios-regionales-e-internacionales#breadcrumb"},"inLanguage":"en-US","potentialAction":[{"@type":"ReadAction","target":["https:\/\/web.oirsa.org\/convenios-regionales-e-internacionales"]}]},{"@type":"BreadcrumbList","@id":"https:\/\/web.oirsa.org\/convenios-regionales-e-internacionales#breadcrumb","itemListElement":[{"@type":"ListItem","position":1,"name":"Portada","item":"https:\/\/web.oirsa.org\/"},{"@type":"ListItem","position":2,"name":"Convenios regionales e internacionales"}]},{"@type":"WebSite","@id":"https:\/\/web.oirsa.org\/#website","url":"https:\/\/web.oirsa.org\/","name":"OIRSA","description":"Organismo Internacional Regional de Sanidad Agropecuaria","publisher":{"@id":"https:\/\/web.oirsa.org\/#organization"},"potentialAction":[{"@type":"SearchAction","target":{"@type":"EntryPoint","urlTemplate":"https:\/\/web.oirsa.org\/?s={search_term_string}"},"query-input":{"@type":"PropertyValueSpecification","valueRequired":true,"valueName":"search_term_string"}}],"inLanguage":"en-US"},{"@type":"Organization","@id":"https:\/\/web.oirsa.org\/#organization","name":"OIRSA","url":"https:\/\/web.oirsa.org\/","logo":{"@type":"ImageObject","inLanguage":"en-US","@id":"https:\/\/web.oirsa.org\/#\/schema\/logo\/image\/","url":"https:\/\/web.oirsa.org\/wp-content\/uploads\/2024\/01\/cropped-LOGO-OIRSA-2023.png","contentUrl":"https:\/\/web.oirsa.org\/wp-content\/uploads\/2024\/01\/cropped-LOGO-OIRSA-2023.png","width":512,"height":512,"caption":"OIRSA"},"image":{"@id":"https:\/\/web.oirsa.org\/#\/schema\/logo\/image\/"},"sameAs":["https:\/\/www.facebook.com\/OIRSAoficial","https:\/\/x.com\/OIRSAoficial"]}]}},"jetpack_sharing_enabled":true,"_links":{"self":[{"href":"https:\/\/web.oirsa.org\/en\/wp-json\/wp\/v2\/pages\/1108","targetHints":{"allow":["GET"]}}],"collection":[{"href":"https:\/\/web.oirsa.org\/en\/wp-json\/wp\/v2\/pages"}],"about":[{"href":"https:\/\/web.oirsa.org\/en\/wp-json\/wp\/v2\/types\/page"}],"author":[{"embeddable":true,"href":"https:\/\/web.oirsa.org\/en\/wp-json\/wp\/v2\/users\/213237738"}],"replies":[{"embeddable":true,"href":"https:\/\/web.oirsa.org\/en\/wp-json\/wp\/v2\/comments?post=1108"}],"version-history":[{"count":35,"href":"https:\/\/web.oirsa.org\/en\/wp-json\/wp\/v2\/pages\/1108\/revisions"}],"predecessor-version":[{"id":1687,"href":"https:\/\/web.oirsa.org\/en\/wp-json\/wp\/v2\/pages\/1108\/revisions\/1687"}],"wp:attachment":[{"href":"https:\/\/web.oirsa.org\/en\/wp-json\/wp\/v2\/media?parent=1108"}],"curies":[{"name":"wp","href":"https:\/\/api.w.org\/{rel}","templated":true}]}}