{"id":1103,"date":"2021-12-02T10:54:30","date_gmt":"2021-12-02T16:54:30","guid":{"rendered":"http:\/\/10.103.20.84\/?page_id=1103"},"modified":"2024-01-25T10:21:49","modified_gmt":"2024-01-25T16:21:49","slug":"quienes-somos","status":"publish","type":"page","link":"https:\/\/web.oirsa.org\/en\/quienes-somos","title":{"rendered":"WHO WE ARE"},"content":{"rendered":"<div class=\"wpb-content-wrapper\"><section class=\"wpb_row vc_row-fluid vc_custom_1701717374386\"><div class=\"row\"><div class=\"wpb_column vc_column_container vc_col-sm-8\"><div class=\"vc_column-inner \"  ><div class=\"wpb_wrapper\">\n\t<div class=\"wpb_text_column wpb_content_element\" >\n\t\t<div class=\"wpb_wrapper\">\n\t\t\t<p>El Organismo Internacional Regional de Sanidad Agropecuaria (OIRSA) es una instituci\u00f3n especializada en las \u00e1reas de salud animal, sanidad vegetal, servicios cuarentenarios e inocuidad de los alimentos. El OIRSA fue fundado en 1953 para brindar cooperaci\u00f3n t\u00e9cnica y financiera a los Ministerios y Secretar\u00edas de Agricultura y Ganader\u00eda de sus Estados miembros, en la protecci\u00f3n y desarrollo de sus recursos agropecuarios. Esto para garantizar una producci\u00f3n alimentaria sana y segura.<\/p>\n\n\t\t<\/div>\n\t<\/div>\n\n\t\t\t\t<p class=\"rs-p-wp-fix\"><\/p>\n\t\t\t\t<sr7-module data-alias=\"slider-8\" data-id=\"9\" id=\"SR7_9_1\" class=\"rs-ov-hidden\" data-version=\"6.7.52\">\n\t\t\t\t\t<sr7-adjuster><\/sr7-adjuster>\n\t\t\t\t\t<sr7-content>\n\t\t\t\t\t\t<sr7-slide id=\"SR7_9_1-11\" data-key=\"11\">\n\t\t\t\t\t\t<\/sr7-slide>\n\t\t\t\t\t\t<sr7-slide id=\"SR7_9_1-24\" data-key=\"24\">\n\t\t\t\t\t\t<\/sr7-slide>\n\t\t\t\t\t<\/sr7-content>\n\t\t\t\t<\/sr7-module>\n\t\t\t\t<script>\n\t\t\t\t\twindow.SR7 ??={};SR7.PMH ??={}; SR7.PMH[\"SR7_9_1\"] = {cn:100,state:false,fn: function() { if (window._tpt!==undefined && window._tpt.prepareModuleHeight !== undefined) {  _tpt.prepareModuleHeight({id:\"SR7_9_1\",el:[500,500,500,500,500],type:'standard',shdw:'0',gh:[500,500,500,500,500],gw:[700,700,700,700,700],vpt:['-100px&#039;,&#039;-100px&#039;,&#039;-100px&#039;,&#039;-100px&#039;,&#039;-100px'],size:{fullWidth:false, fullHeight:false},mh:'0',onh:0,onw:0,bg:{color:'{\"orig\":\"transparent\",\"type\":\"solid\",\"string\":\"transparent\"}'}});   SR7.PMH[\"SR7_9_1\"].state=true;} else if(SR7.PMH[\"SR7_9_1\"].cn-->0)\tsetTimeout( SR7.PMH[\"SR7_9_1\"].fn,19);}};SR7.PMH[\"SR7_9_1\" ].fn();\n\t\t\t\t<\/script>\n\n\t<div class=\"wpb_text_column wpb_content_element\" >\n\t\t<div class=\"wpb_wrapper\">\n\t\t\t<p class=\"wp-block-paragraph\" style=\"text-align: justify;\">\n<p style=\"text-align: justify;\">\n<p class=\"wp-block-paragraph\" style=\"text-align: justify;\">\n<p class=\"wp-block-paragraph\" style=\"text-align: justify;\">\n<p style=\"font-size: 14px; text-align: left;\">En sus siete d\u00e9cadas de servicio, el OIRSA ha enfrentado las amenazas que representan las plagas y enfermedades para la regi\u00f3n, actuando con efectividad, capacidad de respuesta y sentido de anticipaci\u00f3n, lo que le ha permitido obtener resultados significativos. Para ello, trabaja de la mano con las autoridades ministeriales de sus pa\u00edses signatarios, brind\u00e1ndoles asesor\u00eda y apoyo en los programas y proyectos de prevenci\u00f3n, control y erradicaci\u00f3n de plagas y enfermedades que estos ejecutan.<\/p>\n<p style=\"text-align: justify;\"><!-- \/wp:post-content --><\/p>\n<p style=\"font-size: 14px; text-align: justify;\"><!-- wp:paragraph {\"style\":{\"typography\":{\"fontSize\":\"14px\"}}} --><\/p>\n<p style=\"font-size: 14px; text-align: left;\">En el \u00e1mbito de la <a href=\"https:\/\/web.oirsa.org\/salud-animal\/\">Salud Animal<\/a>, el Organismo apoya a los programas regionales de sanidad porcina, bovina, acu\u00edcola, aviar, ap\u00edcola y trazabilidad agropecuaria, obteniendo resultados destacados. En conjunto con sus Estados miembros, el OIRSA ha evitado el ingreso de enfermedades como la Fiebre Aftosa y la Encefalopat\u00eda Espongiforme Bovina (EEB) a la regi\u00f3n. Adem\u00e1s, se han obtenido declaratorias de \u00e1rea libre como la de Peste Porcina Cl\u00e1sica (PPC) en 2011.<\/p>\n<p style=\"text-align: justify;\"><!-- \/wp:paragraph --><\/p>\n<p style=\"font-size: 14px; text-align: justify;\"><!-- wp:paragraph {\"style\":{\"typography\":{\"fontSize\":\"14px\"}}} --><\/p>\n<p style=\"font-size: 14px; text-align: left;\">En el \u00e1rea de <a href=\"https:\/\/web.oirsa.org\/sanidad-vegetal\/\">Sanidad Vegetal<\/a>, OIRSA trabaja para declarar \u00e1reas libres de plagas que afectan cultivos, c\u00edtricos y otras frutas. Un ejemplo de la labor realizada es la erradicaci\u00f3n del gusano rosado del algod\u00f3n (Pectinophora gossypiella Saund) del istmo y retardar la diseminaci\u00f3n de otras plagas de importancia econ\u00f3mica y cuarentenaria como el Gorgojo Khapra (Trogoderma granarium), el Escarabajo Asi\u00e1tico de Cuernos Largos (Anoplophora glabripennis) y el complejo de moscas de la fruta, entre otras.<\/p>\n<p style=\"text-align: justify;\"><!-- \/wp:paragraph --><\/p>\n<p style=\"font-size: 14px; text-align: justify;\"><!-- wp:paragraph {\"style\":{\"typography\":{\"fontSize\":\"14px\"}}} --><\/p>\n<p style=\"font-size: 14px; text-align: left;\">El OIRSA -a trav\u00e9s de los <a href=\"https:\/\/web.oirsa.org\/servicios-cuarentenarios\/\">Servicios Cuarentenarios<\/a> delegados- tambi\u00e9n trabaja en la prevenci\u00f3n del ingreso de plagas y enfermedades, que atentan contra la sanidad fitozoosanitaria de la regi\u00f3n. Este esfuerzo se realiza junto a los Ministerios y Secretarias de Agricultura y Ganader\u00eda de los Estados miembros. <a href=\"https:\/\/web.oirsa.org\/servicio-internacional-de-tratamientos-cuarentenarios-sitc-2\/\">El Servicio Internacional de Tratamientos Cuarentenarios (SITC)<\/a> realiza principalmente tres tipos de tratamientos cuarentenarios: aspersi\u00f3n, atomizaci\u00f3n y fumigaci\u00f3n.\u00a0 El SITC cuenta con m\u00e1s de 90 puestos en los puertos, aeropuertos y fronteras terrestres de nueve pa\u00edses. El Organismo tambi\u00e9n administra <a href=\"https:\/\/web.oirsa.org\/servicio-de-proteccion-agropecuaria-sepa-2\/\">el Servicio Nacional de Protecci\u00f3n Agropecuaria (SEPA)<\/a> en Guatemala y Honduras, que intercepta plagas mediante inspecciones en veh\u00edculos, aeronaves y buques.<\/p>\n<p style=\"text-align: justify;\"><!-- \/wp:paragraph --><\/p>\n<p style=\"font-size: 14px; text-align: justify;\"><!-- wp:paragraph {\"style\":{\"typography\":{\"fontSize\":\"14px\"}}} --><\/p>\n<p style=\"font-size: 14px; text-align: left;\">El OIRSA, en el \u00e1rea de Inocuidad de los Alimentos, apoya el fortalecimiento de las medidas sanitarias para asegurar la inocuidad agroalimentaria, previniendo, reduciendo o eliminando la presencia de residuos de plaguicidas, f\u00e1rmacos y medicamentos veterinarios, contaminantes ambientales, toxinas u organismos pat\u00f3genos en los productos agroalimentarios, con la finalidad de proteger la vida y la salud de las personas y facilitar el comercio internacional. Esas medidas est\u00e1n basadas en los principios del An\u00e1lisis de Peligros y Puntos Cr\u00edticos de Control (por sus siglas en ingl\u00e9s HACCP) y sus programas de prerrequisitos como por ejemplo, Buenas Pr\u00e1cticas Agr\u00edcolas, Ganaderas y de Manufactura (BPA, BPG, BPM), Procedimientos Operativos Estandarizados y de Sanitizaci\u00f3n (POE, POES), bioseguridad, fortalecimiento de la capacidad anal\u00edtica de los laboratorios de alimentos en base a los principios de la norma ISO\/IEC 17025:2017, armonizaci\u00f3n de normas sanitarias en materia de inocuidad de los alimentos, establecimiento de equivalencias entre los socios comerciales, entre otros. Este apoyo se otorga en base a una evaluaci\u00f3n cient\u00edfica del riesgo.<\/p>\n<p style=\"text-align: justify;\"><!-- \/wp:paragraph --><\/p>\n<p style=\"font-size: 14px; text-align: justify;\"><!-- wp:paragraph {\"style\":{\"typography\":{\"fontSize\":\"14px\"}}} --><\/p>\n<p style=\"font-size: 14px; text-align: left;\">En completa sinton\u00eda con su misi\u00f3n institucional, el OIRSA tambi\u00e9n administra laboratorios especializados para la certificaci\u00f3n de la calidad de los insumos agropecuarios y productos de exportaci\u00f3n, el Servicio de Inspecci\u00f3n en Mataderos (TIF) en M\u00e9xico y el \u00e1rea libre de Moscamed en Honduras.<\/p>\n<p style=\"font-size: 14px; text-align: justify;\"><!-- \/wp:paragraph --><\/p>\n\n\t\t<\/div>\n\t<\/div>\n<\/div><\/div><\/div><div class=\"wpb_column vc_column_container vc_col-sm-4 vc_col-has-fill\"><div class=\"vc_column-inner vc_custom_1695327501543 \"  ><div class=\"wpb_wrapper\"><h2 style=\"font-size: 20px;color: #002166;text-align: center\" class=\"vc_custom_heading vc_do_custom_heading\" >Datos generales<\/h2>\n\t<div class=\"wpb_text_column wpb_content_element\" >\n\t\t<div class=\"wpb_wrapper\">\n\t\t\t<p><span style=\"font-size: 10pt;\"><strong><span style=\"color: #002166;\">Sede regional:<\/span><\/strong> San Salvador, Rep\u00fablica de El Salvador.<\/span><\/p>\n<p><span style=\"font-size: 10pt;\"><strong><span style=\"color: #002166;\">Fundaci\u00f3n:<\/span><\/strong>\u00a029 de octubre de 1953.<\/span><\/p>\n<p><span style=\"font-size: 10pt;\"><strong><span style=\"color: #002166;\">Estados miembros:\u00a0<\/span><\/strong>M\u00e9xico, Belize (se incorpor\u00f3 en 1996), Guatemala, El Salvador, Honduras, Nicaragua, Costa Rica, Panam\u00e1 y la Rep\u00fablica Dominicana (se incorpor\u00f3 en 2003).<\/span><\/p>\n<p><span style=\"font-size: 10pt;\"><strong><span style=\"color: #002166;\">N\u00f3mina laboral:<\/span><\/strong>\u00a0919 empleados.<\/span><\/p>\n<p><span style=\"font-size: 10pt;\"><strong><span style=\"color: #002166;\">\u00d3rgano superior:<\/span><\/strong>\u00a0Comit\u00e9 Internacional Regional de Sanidad Agropecuaria (CIRSA).<\/span><\/p>\n<p><span style=\"font-size: 10pt;\"><strong><span style=\"color: #002166;\">Director Ejecutivo: <\/span><\/strong>Ra\u00fal Antonio Rodas Suazo<\/span><\/p>\n<p><span style=\"font-size: 10pt;\"><strong><span style=\"color: #002166;\">Objetivo del OIRSA:<\/span><\/strong><\/span><br \/><span style=\"font-size: 10pt;\">Apoyar los esfuerzos de los Estados miembros para lograr el desarrollo de sus planes de Salud Animal, Sanidad Vegetal, Inocuidad de los Alimentos y el fortalecimiento de la Cuarentena Agropecuaria.<\/span><\/p>\n<p>&nbsp;<\/p>\n<p><span style=\"text-decoration: underline; font-size: 10pt;\"><span style=\"color: #002166;\"><strong>Convenio Constitutivo del OIRSA<\/strong><\/span><\/span><\/p>\n<h2 style=\"text-align: center;\"><span style=\"font-size: 16px;\">Representaciones<\/span><\/h2>\n<table style=\"border-collapse: collapse; width: 100%;\">\n<tbody>\n<tr>\n<td style=\"width: 50%; text-align: center;\"><a href=\"https:\/\/web.oirsa.org\/mexico-y-el-oirsa\/\"><img data-recalc-dims=\"1\" loading=\"lazy\" decoding=\"async\" class=\"aligncenter wp-image-7813\" src=\"https:\/\/i0.wp.com\/web.oirsa.org\/wp-content\/uploads\/2022\/01\/mapa-mexico.png?resize=115%2C80&#038;ssl=1\" alt=\"\" width=\"115\" height=\"80\" srcset=\"https:\/\/i0.wp.com\/web.oirsa.org\/wp-content\/uploads\/2022\/01\/mapa-mexico.png?resize=300%2C209&amp;ssl=1 300w, https:\/\/i0.wp.com\/web.oirsa.org\/wp-content\/uploads\/2022\/01\/mapa-mexico.png?w=500&amp;ssl=1 500w\" sizes=\"auto, (max-width: 115px) 100vw, 115px\" \/><\/a><a href=\"https:\/\/web.oirsa.org\/mexico-y-el-oirsa\/\">M\u00e9xico<\/a><\/td>\n<td style=\"width: 50%; text-align: center;\"><a href=\"https:\/\/web.oirsa.org\/belice-y-el-oirsa\/\"><img data-recalc-dims=\"1\" loading=\"lazy\" decoding=\"async\" class=\"aligncenter wp-image-7807\" src=\"https:\/\/i0.wp.com\/web.oirsa.org\/wp-content\/uploads\/2022\/01\/mapa-belice.png?resize=116%2C81&#038;ssl=1\" alt=\"\" width=\"116\" height=\"81\" srcset=\"https:\/\/i0.wp.com\/web.oirsa.org\/wp-content\/uploads\/2022\/01\/mapa-belice.png?resize=300%2C209&amp;ssl=1 300w, https:\/\/i0.wp.com\/web.oirsa.org\/wp-content\/uploads\/2022\/01\/mapa-belice.png?w=500&amp;ssl=1 500w\" sizes=\"auto, (max-width: 116px) 100vw, 116px\" \/><\/a><a href=\"https:\/\/web.oirsa.org\/belice-y-el-oirsa\/\">Belice<\/a><\/td>\n<\/tr>\n<tr>\n<td style=\"width: 50%; text-align: center;\">\n<p><a href=\"https:\/\/web.oirsa.org\/guatemala-y-el-oirsa\/\"><img data-recalc-dims=\"1\" loading=\"lazy\" decoding=\"async\" class=\"alignnone wp-image-7811\" src=\"https:\/\/i0.wp.com\/web.oirsa.org\/wp-content\/uploads\/2022\/01\/mapa-guatemala.png?resize=115%2C80&#038;ssl=1\" alt=\"\" width=\"115\" height=\"80\" srcset=\"https:\/\/i0.wp.com\/web.oirsa.org\/wp-content\/uploads\/2022\/01\/mapa-guatemala.png?resize=300%2C209&amp;ssl=1 300w, https:\/\/i0.wp.com\/web.oirsa.org\/wp-content\/uploads\/2022\/01\/mapa-guatemala.png?w=500&amp;ssl=1 500w\" sizes=\"auto, (max-width: 115px) 100vw, 115px\" \/><\/a><\/p>\n<p><a href=\"https:\/\/web.oirsa.org\/guatemala-y-el-oirsa\/\">Guatemala<\/a><\/p>\n<\/td>\n<td style=\"width: 50%; text-align: center;\">\n<p><a href=\"https:\/\/web.oirsa.org\/el-salvador-y-el-oirsa\/\"><img data-recalc-dims=\"1\" loading=\"lazy\" decoding=\"async\" class=\"alignnone wp-image-7810\" src=\"https:\/\/i0.wp.com\/web.oirsa.org\/wp-content\/uploads\/2022\/01\/mapa-elsalvador-300x209.png?resize=115%2C80&#038;ssl=1\" alt=\"\" width=\"115\" height=\"80\" srcset=\"https:\/\/i0.wp.com\/web.oirsa.org\/wp-content\/uploads\/2022\/01\/mapa-elsalvador.png?resize=300%2C209&amp;ssl=1 300w, https:\/\/i0.wp.com\/web.oirsa.org\/wp-content\/uploads\/2022\/01\/mapa-elsalvador.png?w=500&amp;ssl=1 500w\" sizes=\"auto, (max-width: 115px) 100vw, 115px\" \/><\/a><\/p>\n<p><a href=\"https:\/\/web.oirsa.org\/el-salvador-y-el-oirsa\/\">El Salvador<\/a><\/p>\n<\/td>\n<\/tr>\n<tr>\n<td style=\"width: 50%; text-align: center;\">\n<p><a href=\"https:\/\/web.oirsa.org\/honduras-y-el-oirsa\/\"><img data-recalc-dims=\"1\" loading=\"lazy\" decoding=\"async\" class=\"alignnone wp-image-7812\" src=\"https:\/\/i0.wp.com\/web.oirsa.org\/wp-content\/uploads\/2022\/01\/mapa-honduras.png?resize=115%2C80&#038;ssl=1\" alt=\"\" width=\"115\" height=\"80\" srcset=\"https:\/\/i0.wp.com\/web.oirsa.org\/wp-content\/uploads\/2022\/01\/mapa-honduras.png?resize=300%2C209&amp;ssl=1 300w, https:\/\/i0.wp.com\/web.oirsa.org\/wp-content\/uploads\/2022\/01\/mapa-honduras.png?w=500&amp;ssl=1 500w\" sizes=\"auto, (max-width: 115px) 100vw, 115px\" \/><\/a><\/p>\n<p><a href=\"https:\/\/web.oirsa.org\/honduras-y-el-oirsa\/\">Honduras<\/a><\/p>\n<\/td>\n<td style=\"width: 50%; text-align: center;\"><a href=\"https:\/\/web.oirsa.org\/nicaragua-y-el-oirsa\/\"><img data-recalc-dims=\"1\" loading=\"lazy\" decoding=\"async\" class=\"aligncenter wp-image-7815\" src=\"https:\/\/i0.wp.com\/web.oirsa.org\/wp-content\/uploads\/2022\/01\/mapa-nicaragua.png?resize=115%2C80&#038;ssl=1\" alt=\"\" width=\"115\" height=\"80\" srcset=\"https:\/\/i0.wp.com\/web.oirsa.org\/wp-content\/uploads\/2022\/01\/mapa-nicaragua.png?resize=300%2C209&amp;ssl=1 300w, https:\/\/i0.wp.com\/web.oirsa.org\/wp-content\/uploads\/2022\/01\/mapa-nicaragua.png?w=500&amp;ssl=1 500w\" sizes=\"auto, (max-width: 115px) 100vw, 115px\" \/>Nicaragua<\/a><\/td>\n<\/tr>\n<tr>\n<td style=\"width: 50%; text-align: center;\">\n<p><a href=\"https:\/\/web.oirsa.org\/costa-rica-y-el-oirsa\/\"><img data-recalc-dims=\"1\" loading=\"lazy\" decoding=\"async\" class=\"alignnone wp-image-7808\" src=\"https:\/\/i0.wp.com\/web.oirsa.org\/wp-content\/uploads\/2022\/01\/mapa-costarica.png?resize=115%2C80&#038;ssl=1\" alt=\"\" width=\"115\" height=\"80\" srcset=\"https:\/\/i0.wp.com\/web.oirsa.org\/wp-content\/uploads\/2022\/01\/mapa-costarica.png?resize=300%2C209&amp;ssl=1 300w, https:\/\/i0.wp.com\/web.oirsa.org\/wp-content\/uploads\/2022\/01\/mapa-costarica.png?w=500&amp;ssl=1 500w\" sizes=\"auto, (max-width: 115px) 100vw, 115px\" \/><\/a><\/p>\n<p><a href=\"https:\/\/web.oirsa.org\/costa-rica-y-el-oirsa\/\">Costa Rica<\/a><\/p>\n<\/td>\n<td style=\"width: 50%; text-align: center;\">\n<p><a href=\"https:\/\/web.oirsa.org\/panama-y-el-oirsa\/\"><img data-recalc-dims=\"1\" loading=\"lazy\" decoding=\"async\" class=\"wp-image-7816 alignnone\" src=\"https:\/\/i0.wp.com\/web.oirsa.org\/wp-content\/uploads\/2022\/01\/mapa-panama.png?resize=115%2C80&#038;ssl=1\" alt=\"\" width=\"115\" height=\"80\" srcset=\"https:\/\/i0.wp.com\/web.oirsa.org\/wp-content\/uploads\/2022\/01\/mapa-panama.png?resize=300%2C209&amp;ssl=1 300w, https:\/\/i0.wp.com\/web.oirsa.org\/wp-content\/uploads\/2022\/01\/mapa-panama.png?w=500&amp;ssl=1 500w\" sizes=\"auto, (max-width: 115px) 100vw, 115px\" \/><\/a><\/p>\n<p><a href=\"https:\/\/web.oirsa.org\/panama-y-el-oirsa\/\">Panam\u00e1<\/a><\/p>\n<\/td>\n<\/tr>\n<tr>\n<td style=\"width: 50%;\">\n<p><a href=\"https:\/\/web.oirsa.org\/republica-dominicana-y-el-oirsa\/\"><img data-recalc-dims=\"1\" loading=\"lazy\" decoding=\"async\" class=\"aligncenter wp-image-7817\" src=\"https:\/\/i0.wp.com\/web.oirsa.org\/wp-content\/uploads\/2022\/01\/mapa-repdomini.png?resize=115%2C80&#038;ssl=1\" alt=\"\" width=\"115\" height=\"80\" srcset=\"https:\/\/i0.wp.com\/web.oirsa.org\/wp-content\/uploads\/2022\/01\/mapa-repdomini.png?resize=300%2C209&amp;ssl=1 300w, https:\/\/i0.wp.com\/web.oirsa.org\/wp-content\/uploads\/2022\/01\/mapa-repdomini.png?w=500&amp;ssl=1 500w\" sizes=\"auto, (max-width: 115px) 100vw, 115px\" \/><\/a><\/p>\n<p style=\"text-align: center;\"><a href=\"https:\/\/web.oirsa.org\/republica-dominicana-y-el-oirsa\/\">Rep\u00fablica Dominicana<\/a><\/p>\n<\/td>\n<td style=\"width: 50%;\">\u00a0<\/td>\n<\/tr>\n<tr>\n<td style=\"width: 50%;\">\u00a0<\/td>\n<td style=\"width: 50%;\">\u00a0<\/td>\n<\/tr>\n<tr>\n<td style=\"width: 50%;\">\u00a0<\/td>\n<td style=\"width: 50%;\">\u00a0<\/td>\n<\/tr>\n<tr>\n<td style=\"width: 50%;\">\u00a0<\/td>\n<td style=\"width: 50%;\">\u00a0<\/td>\n<\/tr>\n<tr>\n<td style=\"width: 50%;\">\u00a0<\/td>\n<td style=\"width: 50%;\">\u00a0<\/td>\n<\/tr>\n<\/tbody>\n<\/table>\n<p>&nbsp;<\/p>\n<p>&nbsp;<\/p>\n<p>&nbsp;<\/p>\n<p>&nbsp;<\/p>\n<p>&nbsp;<\/p>\n<p>&nbsp;<\/p>\n<p>&nbsp;<\/p>\n<p>&nbsp;<\/p>\n\n\t\t<\/div>\n\t<\/div>\n<\/div><\/div><\/div><\/div><\/section><\/div>","protected":false},"excerpt":{"rendered":"El Organismo Internacional Regional de Sanidad Agropecuaria (OIRSA) es una instituci\u00f3n especializada en las \u00e1reas de salud animal, sanidad vegetal, [...]","protected":false},"author":213237738,"featured_media":0,"parent":0,"menu_order":0,"comment_status":"closed","ping_status":"closed","template":"page-templates\/template-canvas.php","meta":{"_coblocks_attr":"","_coblocks_dimensions":"","_coblocks_responsive_height":"","_coblocks_accordion_ie_support":"","_crdt_document":"","footnotes":""},"class_list":["post-1103","page","type-page","status-publish","hentry"],"yoast_head":"<!-- This site is optimized with the Yoast SEO plugin v27.4 - https:\/\/yoast.com\/product\/yoast-seo-wordpress\/ -->\n<title>\u00bfQui\u00e9nes somos? - OIRSA<\/title>\n<meta name=\"robots\" content=\"index, follow, max-snippet:-1, max-image-preview:large, max-video-preview:-1\" \/>\n<link rel=\"canonical\" href=\"https:\/\/web.oirsa.org\/en\/quienes-somos\/\" \/>\n<meta property=\"og:locale\" content=\"en_US\" \/>\n<meta property=\"og:type\" content=\"article\" \/>\n<meta property=\"og:title\" content=\"\u00bfQui\u00e9nes somos? - OIRSA\" \/>\n<meta property=\"og:url\" content=\"https:\/\/web.oirsa.org\/en\/quienes-somos\/\" \/>\n<meta property=\"og:site_name\" content=\"OIRSA\" \/>\n<meta property=\"article:publisher\" content=\"https:\/\/www.facebook.com\/OIRSAoficial\" \/>\n<meta property=\"article:modified_time\" content=\"2024-01-25T16:21:49+00:00\" \/>\n<meta property=\"og:image\" content=\"https:\/\/web.oirsa.org\/wp-content\/uploads\/2022\/01\/mapa-mexico-300x209.png\" \/>\n<meta name=\"twitter:card\" content=\"summary_large_image\" \/>\n<meta name=\"twitter:site\" content=\"@OIRSAoficial\" \/>\n<meta name=\"twitter:label1\" content=\"Est. reading time\" \/>\n\t<meta name=\"twitter:data1\" content=\"4 minutes\" \/>\n<script type=\"application\/ld+json\" class=\"yoast-schema-graph\">{\"@context\":\"https:\\\/\\\/schema.org\",\"@graph\":[{\"@type\":\"WebPage\",\"@id\":\"https:\\\/\\\/web.oirsa.org\\\/quienes-somos\",\"url\":\"https:\\\/\\\/web.oirsa.org\\\/quienes-somos\",\"name\":\"\u00bfQui\u00e9nes somos? - OIRSA\",\"isPartOf\":{\"@id\":\"https:\\\/\\\/web.oirsa.org\\\/#website\"},\"primaryImageOfPage\":{\"@id\":\"https:\\\/\\\/web.oirsa.org\\\/quienes-somos#primaryimage\"},\"image\":{\"@id\":\"https:\\\/\\\/web.oirsa.org\\\/quienes-somos#primaryimage\"},\"thumbnailUrl\":\"https:\\\/\\\/web.oirsa.org\\\/wp-content\\\/uploads\\\/2022\\\/01\\\/mapa-mexico-300x209.png\",\"datePublished\":\"2021-12-02T16:54:30+00:00\",\"dateModified\":\"2024-01-25T16:21:49+00:00\",\"breadcrumb\":{\"@id\":\"https:\\\/\\\/web.oirsa.org\\\/quienes-somos#breadcrumb\"},\"inLanguage\":\"en-US\",\"potentialAction\":[{\"@type\":\"ReadAction\",\"target\":[\"https:\\\/\\\/web.oirsa.org\\\/quienes-somos\"]}]},{\"@type\":\"ImageObject\",\"inLanguage\":\"en-US\",\"@id\":\"https:\\\/\\\/web.oirsa.org\\\/quienes-somos#primaryimage\",\"url\":\"https:\\\/\\\/web.oirsa.org\\\/wp-content\\\/uploads\\\/2022\\\/01\\\/mapa-mexico-300x209.png\",\"contentUrl\":\"https:\\\/\\\/web.oirsa.org\\\/wp-content\\\/uploads\\\/2022\\\/01\\\/mapa-mexico-300x209.png\"},{\"@type\":\"BreadcrumbList\",\"@id\":\"https:\\\/\\\/web.oirsa.org\\\/quienes-somos#breadcrumb\",\"itemListElement\":[{\"@type\":\"ListItem\",\"position\":1,\"name\":\"Portada\",\"item\":\"https:\\\/\\\/web.oirsa.org\\\/\"},{\"@type\":\"ListItem\",\"position\":2,\"name\":\"\u00bfQui\u00e9nes somos?\"}]},{\"@type\":\"WebSite\",\"@id\":\"https:\\\/\\\/web.oirsa.org\\\/#website\",\"url\":\"https:\\\/\\\/web.oirsa.org\\\/\",\"name\":\"OIRSA\",\"description\":\"Organismo Internacional Regional de Sanidad Agropecuaria\",\"publisher\":{\"@id\":\"https:\\\/\\\/web.oirsa.org\\\/#organization\"},\"potentialAction\":[{\"@type\":\"SearchAction\",\"target\":{\"@type\":\"EntryPoint\",\"urlTemplate\":\"https:\\\/\\\/web.oirsa.org\\\/?s={search_term_string}\"},\"query-input\":{\"@type\":\"PropertyValueSpecification\",\"valueRequired\":true,\"valueName\":\"search_term_string\"}}],\"inLanguage\":\"en-US\"},{\"@type\":\"Organization\",\"@id\":\"https:\\\/\\\/web.oirsa.org\\\/#organization\",\"name\":\"OIRSA\",\"url\":\"https:\\\/\\\/web.oirsa.org\\\/\",\"logo\":{\"@type\":\"ImageObject\",\"inLanguage\":\"en-US\",\"@id\":\"https:\\\/\\\/web.oirsa.org\\\/#\\\/schema\\\/logo\\\/image\\\/\",\"url\":\"https:\\\/\\\/web.oirsa.org\\\/wp-content\\\/uploads\\\/2024\\\/01\\\/cropped-LOGO-OIRSA-2023.png\",\"contentUrl\":\"https:\\\/\\\/web.oirsa.org\\\/wp-content\\\/uploads\\\/2024\\\/01\\\/cropped-LOGO-OIRSA-2023.png\",\"width\":512,\"height\":512,\"caption\":\"OIRSA\"},\"image\":{\"@id\":\"https:\\\/\\\/web.oirsa.org\\\/#\\\/schema\\\/logo\\\/image\\\/\"},\"sameAs\":[\"https:\\\/\\\/www.facebook.com\\\/OIRSAoficial\",\"https:\\\/\\\/x.com\\\/OIRSAoficial\"]}]}<\/script>\n<!-- \/ Yoast SEO plugin. -->","yoast_head_json":{"title":"\u00bfQui\u00e9nes somos? - OIRSA","robots":{"index":"index","follow":"follow","max-snippet":"max-snippet:-1","max-image-preview":"max-image-preview:large","max-video-preview":"max-video-preview:-1"},"canonical":"https:\/\/web.oirsa.org\/en\/quienes-somos\/","og_locale":"en_US","og_type":"article","og_title":"\u00bfQui\u00e9nes somos? - OIRSA","og_url":"https:\/\/web.oirsa.org\/en\/quienes-somos\/","og_site_name":"OIRSA","article_publisher":"https:\/\/www.facebook.com\/OIRSAoficial","article_modified_time":"2024-01-25T16:21:49+00:00","og_image":[{"url":"https:\/\/web.oirsa.org\/wp-content\/uploads\/2022\/01\/mapa-mexico-300x209.png","type":"","width":"","height":""}],"twitter_card":"summary_large_image","twitter_site":"@OIRSAoficial","twitter_misc":{"Est. reading time":"4 minutes"},"schema":{"@context":"https:\/\/schema.org","@graph":[{"@type":"WebPage","@id":"https:\/\/web.oirsa.org\/quienes-somos","url":"https:\/\/web.oirsa.org\/quienes-somos","name":"\u00bfQui\u00e9nes somos? - OIRSA","isPartOf":{"@id":"https:\/\/web.oirsa.org\/#website"},"primaryImageOfPage":{"@id":"https:\/\/web.oirsa.org\/quienes-somos#primaryimage"},"image":{"@id":"https:\/\/web.oirsa.org\/quienes-somos#primaryimage"},"thumbnailUrl":"https:\/\/web.oirsa.org\/wp-content\/uploads\/2022\/01\/mapa-mexico-300x209.png","datePublished":"2021-12-02T16:54:30+00:00","dateModified":"2024-01-25T16:21:49+00:00","breadcrumb":{"@id":"https:\/\/web.oirsa.org\/quienes-somos#breadcrumb"},"inLanguage":"en-US","potentialAction":[{"@type":"ReadAction","target":["https:\/\/web.oirsa.org\/quienes-somos"]}]},{"@type":"ImageObject","inLanguage":"en-US","@id":"https:\/\/web.oirsa.org\/quienes-somos#primaryimage","url":"https:\/\/web.oirsa.org\/wp-content\/uploads\/2022\/01\/mapa-mexico-300x209.png","contentUrl":"https:\/\/web.oirsa.org\/wp-content\/uploads\/2022\/01\/mapa-mexico-300x209.png"},{"@type":"BreadcrumbList","@id":"https:\/\/web.oirsa.org\/quienes-somos#breadcrumb","itemListElement":[{"@type":"ListItem","position":1,"name":"Portada","item":"https:\/\/web.oirsa.org\/"},{"@type":"ListItem","position":2,"name":"\u00bfQui\u00e9nes somos?"}]},{"@type":"WebSite","@id":"https:\/\/web.oirsa.org\/#website","url":"https:\/\/web.oirsa.org\/","name":"OIRSA","description":"Organismo Internacional Regional de Sanidad Agropecuaria","publisher":{"@id":"https:\/\/web.oirsa.org\/#organization"},"potentialAction":[{"@type":"SearchAction","target":{"@type":"EntryPoint","urlTemplate":"https:\/\/web.oirsa.org\/?s={search_term_string}"},"query-input":{"@type":"PropertyValueSpecification","valueRequired":true,"valueName":"search_term_string"}}],"inLanguage":"en-US"},{"@type":"Organization","@id":"https:\/\/web.oirsa.org\/#organization","name":"OIRSA","url":"https:\/\/web.oirsa.org\/","logo":{"@type":"ImageObject","inLanguage":"en-US","@id":"https:\/\/web.oirsa.org\/#\/schema\/logo\/image\/","url":"https:\/\/web.oirsa.org\/wp-content\/uploads\/2024\/01\/cropped-LOGO-OIRSA-2023.png","contentUrl":"https:\/\/web.oirsa.org\/wp-content\/uploads\/2024\/01\/cropped-LOGO-OIRSA-2023.png","width":512,"height":512,"caption":"OIRSA"},"image":{"@id":"https:\/\/web.oirsa.org\/#\/schema\/logo\/image\/"},"sameAs":["https:\/\/www.facebook.com\/OIRSAoficial","https:\/\/x.com\/OIRSAoficial"]}]}},"jetpack_sharing_enabled":true,"_links":{"self":[{"href":"https:\/\/web.oirsa.org\/en\/wp-json\/wp\/v2\/pages\/1103","targetHints":{"allow":["GET"]}}],"collection":[{"href":"https:\/\/web.oirsa.org\/en\/wp-json\/wp\/v2\/pages"}],"about":[{"href":"https:\/\/web.oirsa.org\/en\/wp-json\/wp\/v2\/types\/page"}],"author":[{"embeddable":true,"href":"https:\/\/web.oirsa.org\/en\/wp-json\/wp\/v2\/users\/213237738"}],"replies":[{"embeddable":true,"href":"https:\/\/web.oirsa.org\/en\/wp-json\/wp\/v2\/comments?post=1103"}],"version-history":[{"count":119,"href":"https:\/\/web.oirsa.org\/en\/wp-json\/wp\/v2\/pages\/1103\/revisions"}],"predecessor-version":[{"id":14294,"href":"https:\/\/web.oirsa.org\/en\/wp-json\/wp\/v2\/pages\/1103\/revisions\/14294"}],"wp:attachment":[{"href":"https:\/\/web.oirsa.org\/en\/wp-json\/wp\/v2\/media?parent=1103"}],"curies":[{"name":"wp","href":"https:\/\/api.w.org\/{rel}","templated":true}]}}